{"id":57112,"date":"2026-04-10T16:10:14","date_gmt":"2026-04-10T14:10:14","guid":{"rendered":"https:\/\/www.koonings.com\/product\/muse-by-berta-layla-23-130\/"},"modified":"2026-02-16T14:36:00","modified_gmt":"2026-02-16T13:36:00","slug":"muse-by-berta-layla-23-130","status":"publish","type":"product","link":"https:\/\/www.koonings.com\/fr\/product\/muse-by-berta-layla-23-130\/","title":{"rendered":"Muse de Berta Layla 23-130"},"content":{"rendered":"<p>Cette robe Muse by Berta de la collection Pantheon pr\u00e9sente un corsage \u00e9l\u00e9gant et \u00e9lanc\u00e9 avec un d\u00e9collet\u00e9 en V profond, un dos plongeant et de longues manches bouffantes. \u00c0 partir de la taille, la jupe semi-transparente, dot\u00e9e d&#8217;une \u00e9l\u00e9gante fente, s&#8217;\u00e9coule dans un mouvement fluide jusqu&#8217;\u00e0 la tra\u00eene. Avec des paillettes sur toute la robe, vous brillerez comme jamais !  <\/p>\n","protected":false},"featured_media":35580,"template":"","meta":{"_acf_changed":false,"ghostkit_customizer_options":"","ghostkit_custom_css":"","ghostkit_custom_js_head":"","ghostkit_custom_js_foot":"","ghostkit_typography":""},"productdetails":[380,376,378],"productneck":[356],"productcolor":[392],"maat":[],"productsupplier":[399],"productsleeve":[362],"productcategory":[18],"productsilhouette":[384,389],"productstyle":[367,370],"class_list":["post-57112","product","type-product","status-publish","has-post-thumbnail","hentry","productdetails-380","productdetails-376","productdetails-378","productneck-356","productcolor-392","productsupplier-muse-by-berta","productsleeve-362","productcategory-trouwjurken","productsilhouette-384","productsilhouette-389","productstyle-367","productstyle-370"],"acf":[],"yoast_head":"<!-- This site is optimized with the Yoast SEO plugin v27.3 - https:\/\/yoast.com\/product\/yoast-seo-wordpress\/ -->\n<title>Muse de Berta Layla 23-130 | Koonings<\/title>\n<meta name=\"description\" content=\"Cette robe Muse by Berta de la collection Pantheon pr\u00e9sente un corsage \u00e9l\u00e9gant et \u00e9lanc\u00e9 avec un d\u00e9collet\u00e9 en V profond, un dos plongeant et de longues manches bouffantes. \u00c0 partir de la taille, la jupe semi-transparente, dot\u00e9e d&#039;une \u00e9l\u00e9gante fente, s&#039;\u00e9coule dans un mouvement fluide jusqu&#039;\u00e0 la tra\u00eene. Avec des paillettes sur toute la robe, vous brillerez comme jamais !\" \/>\n<meta name=\"robots\" content=\"index, follow, max-snippet:-1, max-image-preview:large, max-video-preview:-1\" \/>\n<link rel=\"canonical\" href=\"https:\/\/www.koonings.com\/fr\/product\/muse-by-berta-layla-23-130\/\" \/>\n<meta property=\"og:locale\" content=\"fr_FR\" \/>\n<meta property=\"og:type\" content=\"article\" \/>\n<meta property=\"og:title\" content=\"Muse de Berta Layla 23-130 | Koonings\" \/>\n<meta property=\"og:description\" content=\"Cette robe Muse by Berta de la collection Pantheon pr\u00e9sente un corsage \u00e9l\u00e9gant et \u00e9lanc\u00e9 avec un d\u00e9collet\u00e9 en V profond, un dos plongeant et de longues manches bouffantes. \u00c0 partir de la taille, la jupe semi-transparente, dot\u00e9e d&#039;une \u00e9l\u00e9gante fente, s&#039;\u00e9coule dans un mouvement fluide jusqu&#039;\u00e0 la tra\u00eene. Avec des paillettes sur toute la robe, vous brillerez comme jamais !\" \/>\n<meta property=\"og:url\" content=\"https:\/\/www.koonings.com\/fr\/product\/muse-by-berta-layla-23-130\/\" \/>\n<meta property=\"og:site_name\" content=\"Koonings\" \/>\n<meta property=\"article:publisher\" content=\"https:\/\/www.facebook.com\/kooningstheweddingpalace\" \/>\n<meta property=\"og:image\" content=\"https:\/\/www.koonings.com\/wp-content\/uploads\/2024\/11\/38413_2ca7eef1f771f5a9a13bc8beda9aa359dbb5b94cd48c02af570289966f0c09e32445c886.jpeg\" \/>\n\t<meta property=\"og:image:width\" content=\"1328\" \/>\n\t<meta property=\"og:image:height\" content=\"1879\" \/>\n\t<meta property=\"og:image:type\" content=\"image\/jpeg\" \/>\n<meta name=\"twitter:card\" content=\"summary_large_image\" \/>\n<script type=\"application\/ld+json\" class=\"yoast-schema-graph\">{\"@context\":\"https:\\\/\\\/schema.org\",\"@graph\":[{\"@type\":\"WebPage\",\"@id\":\"https:\\\/\\\/www.koonings.com\\\/fr\\\/product\\\/muse-by-berta-layla-23-130\\\/\",\"url\":\"https:\\\/\\\/www.koonings.com\\\/fr\\\/product\\\/muse-by-berta-layla-23-130\\\/\",\"name\":\"Muse de Berta Layla 23-130 | Koonings\",\"isPartOf\":{\"@id\":\"https:\\\/\\\/www.koonings.com\\\/fr\\\/#website\"},\"primaryImageOfPage\":{\"@id\":\"https:\\\/\\\/www.koonings.com\\\/fr\\\/product\\\/muse-by-berta-layla-23-130\\\/#primaryimage\"},\"image\":{\"@id\":\"https:\\\/\\\/www.koonings.com\\\/fr\\\/product\\\/muse-by-berta-layla-23-130\\\/#primaryimage\"},\"thumbnailUrl\":\"https:\\\/\\\/www.koonings.com\\\/wp-content\\\/uploads\\\/2024\\\/11\\\/38413_2ca7eef1f771f5a9a13bc8beda9aa359dbb5b94cd48c02af570289966f0c09e32445c886.jpeg\",\"datePublished\":\"2026-04-10T14:10:14+00:00\",\"description\":\"Cette robe Muse by Berta de la collection Pantheon pr\u00e9sente un corsage \u00e9l\u00e9gant et \u00e9lanc\u00e9 avec un d\u00e9collet\u00e9 en V profond, un dos plongeant et de longues manches bouffantes. \u00c0 partir de la taille, la jupe semi-transparente, dot\u00e9e d'une \u00e9l\u00e9gante fente, s'\u00e9coule dans un mouvement fluide jusqu'\u00e0 la tra\u00eene. Avec des paillettes sur toute la robe, vous brillerez comme jamais !\",\"breadcrumb\":{\"@id\":\"https:\\\/\\\/www.koonings.com\\\/fr\\\/product\\\/muse-by-berta-layla-23-130\\\/#breadcrumb\"},\"inLanguage\":\"fr-FR\",\"potentialAction\":[{\"@type\":\"ReadAction\",\"target\":[\"https:\\\/\\\/www.koonings.com\\\/fr\\\/product\\\/muse-by-berta-layla-23-130\\\/\"]}]},{\"@type\":\"ImageObject\",\"inLanguage\":\"fr-FR\",\"@id\":\"https:\\\/\\\/www.koonings.com\\\/fr\\\/product\\\/muse-by-berta-layla-23-130\\\/#primaryimage\",\"url\":\"https:\\\/\\\/www.koonings.com\\\/wp-content\\\/uploads\\\/2024\\\/11\\\/38413_2ca7eef1f771f5a9a13bc8beda9aa359dbb5b94cd48c02af570289966f0c09e32445c886.jpeg\",\"contentUrl\":\"https:\\\/\\\/www.koonings.com\\\/wp-content\\\/uploads\\\/2024\\\/11\\\/38413_2ca7eef1f771f5a9a13bc8beda9aa359dbb5b94cd48c02af570289966f0c09e32445c886.jpeg\",\"width\":1328,\"height\":1879},{\"@type\":\"BreadcrumbList\",\"@id\":\"https:\\\/\\\/www.koonings.com\\\/fr\\\/product\\\/muse-by-berta-layla-23-130\\\/#breadcrumb\",\"itemListElement\":[{\"@type\":\"ListItem\",\"position\":1,\"name\":\"Home\",\"item\":\"https:\\\/\\\/www.koonings.com\\\/fr\\\/\"},{\"@type\":\"ListItem\",\"position\":2,\"name\":\"Muse de Berta Layla 23-130\"}]},{\"@type\":\"WebSite\",\"@id\":\"https:\\\/\\\/www.koonings.com\\\/fr\\\/#website\",\"url\":\"https:\\\/\\\/www.koonings.com\\\/fr\\\/\",\"name\":\"Koonings\",\"description\":\"De grootste bruidsmodewinkel ter wereld\",\"publisher\":{\"@id\":\"https:\\\/\\\/www.koonings.com\\\/fr\\\/#organization\"},\"potentialAction\":[{\"@type\":\"SearchAction\",\"target\":{\"@type\":\"EntryPoint\",\"urlTemplate\":\"https:\\\/\\\/www.koonings.com\\\/fr\\\/?s={search_term_string}\"},\"query-input\":{\"@type\":\"PropertyValueSpecification\",\"valueRequired\":true,\"valueName\":\"search_term_string\"}}],\"inLanguage\":\"fr-FR\"},{\"@type\":\"Organization\",\"@id\":\"https:\\\/\\\/www.koonings.com\\\/fr\\\/#organization\",\"name\":\"Koonings\",\"url\":\"https:\\\/\\\/www.koonings.com\\\/fr\\\/\",\"logo\":{\"@type\":\"ImageObject\",\"inLanguage\":\"fr-FR\",\"@id\":\"https:\\\/\\\/www.koonings.com\\\/fr\\\/#\\\/schema\\\/logo\\\/image\\\/\",\"url\":\"https:\\\/\\\/www.koonings.com\\\/wp-content\\\/uploads\\\/2024\\\/07\\\/logo.png\",\"contentUrl\":\"https:\\\/\\\/www.koonings.com\\\/wp-content\\\/uploads\\\/2024\\\/07\\\/logo.png\",\"width\":600,\"height\":428,\"caption\":\"Koonings\"},\"image\":{\"@id\":\"https:\\\/\\\/www.koonings.com\\\/fr\\\/#\\\/schema\\\/logo\\\/image\\\/\"},\"sameAs\":[\"https:\\\/\\\/www.facebook.com\\\/kooningstheweddingpalace\",\"https:\\\/\\\/www.instagram.com\\\/kooningstheweddingpalace\",\"https:\\\/\\\/www.pinterest.com\\\/koonings\",\"https:\\\/\\\/www.youtube.com\\\/kooningstheweddingpalace\"]}]}<\/script>\n<!-- \/ Yoast SEO plugin. -->","yoast_head_json":{"title":"Muse de Berta Layla 23-130 | Koonings","description":"Cette robe Muse by Berta de la collection Pantheon pr\u00e9sente un corsage \u00e9l\u00e9gant et \u00e9lanc\u00e9 avec un d\u00e9collet\u00e9 en V profond, un dos plongeant et de longues manches bouffantes. \u00c0 partir de la taille, la jupe semi-transparente, dot\u00e9e d'une \u00e9l\u00e9gante fente, s'\u00e9coule dans un mouvement fluide jusqu'\u00e0 la tra\u00eene. Avec des paillettes sur toute la robe, vous brillerez comme jamais !","robots":{"index":"index","follow":"follow","max-snippet":"max-snippet:-1","max-image-preview":"max-image-preview:large","max-video-preview":"max-video-preview:-1"},"canonical":"https:\/\/www.koonings.com\/fr\/product\/muse-by-berta-layla-23-130\/","og_locale":"fr_FR","og_type":"article","og_title":"Muse de Berta Layla 23-130 | Koonings","og_description":"Cette robe Muse by Berta de la collection Pantheon pr\u00e9sente un corsage \u00e9l\u00e9gant et \u00e9lanc\u00e9 avec un d\u00e9collet\u00e9 en V profond, un dos plongeant et de longues manches bouffantes. \u00c0 partir de la taille, la jupe semi-transparente, dot\u00e9e d'une \u00e9l\u00e9gante fente, s'\u00e9coule dans un mouvement fluide jusqu'\u00e0 la tra\u00eene. Avec des paillettes sur toute la robe, vous brillerez comme jamais !","og_url":"https:\/\/www.koonings.com\/fr\/product\/muse-by-berta-layla-23-130\/","og_site_name":"Koonings","article_publisher":"https:\/\/www.facebook.com\/kooningstheweddingpalace","og_image":[{"width":1328,"height":1879,"url":"https:\/\/www.koonings.com\/wp-content\/uploads\/2024\/11\/38413_2ca7eef1f771f5a9a13bc8beda9aa359dbb5b94cd48c02af570289966f0c09e32445c886.jpeg","type":"image\/jpeg"}],"twitter_card":"summary_large_image","schema":{"@context":"https:\/\/schema.org","@graph":[{"@type":"WebPage","@id":"https:\/\/www.koonings.com\/fr\/product\/muse-by-berta-layla-23-130\/","url":"https:\/\/www.koonings.com\/fr\/product\/muse-by-berta-layla-23-130\/","name":"Muse de Berta Layla 23-130 | Koonings","isPartOf":{"@id":"https:\/\/www.koonings.com\/fr\/#website"},"primaryImageOfPage":{"@id":"https:\/\/www.koonings.com\/fr\/product\/muse-by-berta-layla-23-130\/#primaryimage"},"image":{"@id":"https:\/\/www.koonings.com\/fr\/product\/muse-by-berta-layla-23-130\/#primaryimage"},"thumbnailUrl":"https:\/\/www.koonings.com\/wp-content\/uploads\/2024\/11\/38413_2ca7eef1f771f5a9a13bc8beda9aa359dbb5b94cd48c02af570289966f0c09e32445c886.jpeg","datePublished":"2026-04-10T14:10:14+00:00","description":"Cette robe Muse by Berta de la collection Pantheon pr\u00e9sente un corsage \u00e9l\u00e9gant et \u00e9lanc\u00e9 avec un d\u00e9collet\u00e9 en V profond, un dos plongeant et de longues manches bouffantes. \u00c0 partir de la taille, la jupe semi-transparente, dot\u00e9e d'une \u00e9l\u00e9gante fente, s'\u00e9coule dans un mouvement fluide jusqu'\u00e0 la tra\u00eene. Avec des paillettes sur toute la robe, vous brillerez comme jamais !","breadcrumb":{"@id":"https:\/\/www.koonings.com\/fr\/product\/muse-by-berta-layla-23-130\/#breadcrumb"},"inLanguage":"fr-FR","potentialAction":[{"@type":"ReadAction","target":["https:\/\/www.koonings.com\/fr\/product\/muse-by-berta-layla-23-130\/"]}]},{"@type":"ImageObject","inLanguage":"fr-FR","@id":"https:\/\/www.koonings.com\/fr\/product\/muse-by-berta-layla-23-130\/#primaryimage","url":"https:\/\/www.koonings.com\/wp-content\/uploads\/2024\/11\/38413_2ca7eef1f771f5a9a13bc8beda9aa359dbb5b94cd48c02af570289966f0c09e32445c886.jpeg","contentUrl":"https:\/\/www.koonings.com\/wp-content\/uploads\/2024\/11\/38413_2ca7eef1f771f5a9a13bc8beda9aa359dbb5b94cd48c02af570289966f0c09e32445c886.jpeg","width":1328,"height":1879},{"@type":"BreadcrumbList","@id":"https:\/\/www.koonings.com\/fr\/product\/muse-by-berta-layla-23-130\/#breadcrumb","itemListElement":[{"@type":"ListItem","position":1,"name":"Home","item":"https:\/\/www.koonings.com\/fr\/"},{"@type":"ListItem","position":2,"name":"Muse de Berta Layla 23-130"}]},{"@type":"WebSite","@id":"https:\/\/www.koonings.com\/fr\/#website","url":"https:\/\/www.koonings.com\/fr\/","name":"Koonings","description":"De grootste bruidsmodewinkel ter wereld","publisher":{"@id":"https:\/\/www.koonings.com\/fr\/#organization"},"potentialAction":[{"@type":"SearchAction","target":{"@type":"EntryPoint","urlTemplate":"https:\/\/www.koonings.com\/fr\/?s={search_term_string}"},"query-input":{"@type":"PropertyValueSpecification","valueRequired":true,"valueName":"search_term_string"}}],"inLanguage":"fr-FR"},{"@type":"Organization","@id":"https:\/\/www.koonings.com\/fr\/#organization","name":"Koonings","url":"https:\/\/www.koonings.com\/fr\/","logo":{"@type":"ImageObject","inLanguage":"fr-FR","@id":"https:\/\/www.koonings.com\/fr\/#\/schema\/logo\/image\/","url":"https:\/\/www.koonings.com\/wp-content\/uploads\/2024\/07\/logo.png","contentUrl":"https:\/\/www.koonings.com\/wp-content\/uploads\/2024\/07\/logo.png","width":600,"height":428,"caption":"Koonings"},"image":{"@id":"https:\/\/www.koonings.com\/fr\/#\/schema\/logo\/image\/"},"sameAs":["https:\/\/www.facebook.com\/kooningstheweddingpalace","https:\/\/www.instagram.com\/kooningstheweddingpalace","https:\/\/www.pinterest.com\/koonings","https:\/\/www.youtube.com\/kooningstheweddingpalace"]}]}},"_links":{"self":[{"href":"https:\/\/www.koonings.com\/fr\/wp-json\/wp\/v2\/product\/57112","targetHints":{"allow":["GET"]}}],"collection":[{"href":"https:\/\/www.koonings.com\/fr\/wp-json\/wp\/v2\/product"}],"about":[{"href":"https:\/\/www.koonings.com\/fr\/wp-json\/wp\/v2\/types\/product"}],"wp:featuredmedia":[{"embeddable":true,"href":"https:\/\/www.koonings.com\/fr\/wp-json\/wp\/v2\/media\/35580"}],"wp:attachment":[{"href":"https:\/\/www.koonings.com\/fr\/wp-json\/wp\/v2\/media?parent=57112"}],"wp:term":[{"taxonomy":"productdetails","embeddable":true,"href":"https:\/\/www.koonings.com\/fr\/wp-json\/wp\/v2\/productdetails?post=57112"},{"taxonomy":"productneck","embeddable":true,"href":"https:\/\/www.koonings.com\/fr\/wp-json\/wp\/v2\/productneck?post=57112"},{"taxonomy":"productcolor","embeddable":true,"href":"https:\/\/www.koonings.com\/fr\/wp-json\/wp\/v2\/productcolor?post=57112"},{"taxonomy":"maat","embeddable":true,"href":"https:\/\/www.koonings.com\/fr\/wp-json\/wp\/v2\/maat?post=57112"},{"taxonomy":"productsupplier","embeddable":true,"href":"https:\/\/www.koonings.com\/fr\/wp-json\/wp\/v2\/productsupplier?post=57112"},{"taxonomy":"productsleeve","embeddable":true,"href":"https:\/\/www.koonings.com\/fr\/wp-json\/wp\/v2\/productsleeve?post=57112"},{"taxonomy":"productcategory","embeddable":true,"href":"https:\/\/www.koonings.com\/fr\/wp-json\/wp\/v2\/productcategory?post=57112"},{"taxonomy":"productsilhouette","embeddable":true,"href":"https:\/\/www.koonings.com\/fr\/wp-json\/wp\/v2\/productsilhouette?post=57112"},{"taxonomy":"productstyle","embeddable":true,"href":"https:\/\/www.koonings.com\/fr\/wp-json\/wp\/v2\/productstyle?post=57112"}],"curies":[{"name":"wp","href":"https:\/\/api.w.org\/{rel}","templated":true}]}}