{"id":57077,"date":"2025-12-15T00:14:31","date_gmt":"2025-12-14T23:14:31","guid":{"rendered":"https:\/\/www.koonings.com\/product\/herve-paris-681\/"},"modified":"2026-02-03T18:10:15","modified_gmt":"2026-02-03T17:10:15","slug":"herve-paris-681","status":"publish","type":"product","link":"https:\/\/www.koonings.com\/fr\/product\/herve-paris-681\/","title":{"rendered":"Herve Paris Claire"},"content":{"rendered":"<p>&nbsp; Admirez la beaut\u00e9 pure de cette robe enti\u00e8rement en dentelle, notre robe Claire. Elle est orn\u00e9e de fleurs 3D \u00e9poustouflantes qui ornent subtilement le corsage. L&#8217;aspect enchanteur de cette robe est encore renforc\u00e9 par l&#8217;\u00e9l\u00e9gante encolure en V et les d\u00e9licates bretelles spaghetti qui d\u00e9gagent un air de gr\u00e2ce et de f\u00e9minit\u00e9.  <\/p>\n","protected":false},"featured_media":35755,"template":"","meta":{"_acf_changed":false,"ghostkit_customizer_options":"","ghostkit_custom_css":"","ghostkit_custom_js_head":"","ghostkit_custom_js_foot":"","ghostkit_typography":""},"productdetails":[379,376],"productneck":[356],"productcolor":[393,392],"maat":[],"productsupplier":[424],"productsleeve":[359],"productcategory":[18],"productsilhouette":[384],"productstyle":[364,366],"class_list":["post-57077","product","type-product","status-publish","has-post-thumbnail","hentry","productdetails-379","productdetails-376","productneck-356","productcolor-393","productcolor-392","productsupplier-herve-paris","productsleeve-359","productcategory-trouwjurken","productsilhouette-384","productstyle-364","productstyle-366"],"acf":[],"yoast_head":"<!-- This site is optimized with the Yoast SEO plugin v27.3 - https:\/\/yoast.com\/product\/yoast-seo-wordpress\/ -->\n<title>Herve Paris Claire | Koonings<\/title>\n<meta name=\"description\" content=\"\u00a0 Admirez la beaut\u00e9 pure de cette robe enti\u00e8rement en dentelle, notre robe Claire. Elle est orn\u00e9e de fleurs 3D \u00e9poustouflantes qui ornent subtilement le corsage. L&#039;aspect enchanteur de cette robe est encore renforc\u00e9 par l&#039;\u00e9l\u00e9gante encolure en V et les d\u00e9licates bretelles spaghetti qui d\u00e9gagent un air de gr\u00e2ce et de f\u00e9minit\u00e9.\" \/>\n<meta name=\"robots\" content=\"index, follow, max-snippet:-1, max-image-preview:large, max-video-preview:-1\" \/>\n<link rel=\"canonical\" href=\"https:\/\/www.koonings.com\/fr\/product\/herve-paris-681\/\" \/>\n<meta property=\"og:locale\" content=\"fr_FR\" \/>\n<meta property=\"og:type\" content=\"article\" \/>\n<meta property=\"og:title\" content=\"Herve Paris Claire | Koonings\" \/>\n<meta property=\"og:description\" content=\"\u00a0 Admirez la beaut\u00e9 pure de cette robe enti\u00e8rement en dentelle, notre robe Claire. Elle est orn\u00e9e de fleurs 3D \u00e9poustouflantes qui ornent subtilement le corsage. L&#039;aspect enchanteur de cette robe est encore renforc\u00e9 par l&#039;\u00e9l\u00e9gante encolure en V et les d\u00e9licates bretelles spaghetti qui d\u00e9gagent un air de gr\u00e2ce et de f\u00e9minit\u00e9.\" \/>\n<meta property=\"og:url\" content=\"https:\/\/www.koonings.com\/fr\/product\/herve-paris-681\/\" \/>\n<meta property=\"og:site_name\" content=\"Koonings\" \/>\n<meta property=\"article:publisher\" content=\"https:\/\/www.facebook.com\/kooningstheweddingpalace\" \/>\n<meta property=\"article:modified_time\" content=\"2026-02-03T17:10:15+00:00\" \/>\n<meta property=\"og:image\" content=\"https:\/\/www.koonings.com\/wp-content\/uploads\/2024\/11\/38433_8c3468a7bdce80eafee90a9527dd89348f2d89e63df2a4906f665a30c527c1b2fd44f906.jpeg\" \/>\n\t<meta property=\"og:image:width\" content=\"300\" \/>\n\t<meta property=\"og:image:height\" content=\"450\" \/>\n\t<meta property=\"og:image:type\" content=\"image\/jpeg\" \/>\n<meta name=\"twitter:card\" content=\"summary_large_image\" \/>\n<script type=\"application\/ld+json\" class=\"yoast-schema-graph\">{\"@context\":\"https:\\\/\\\/schema.org\",\"@graph\":[{\"@type\":\"WebPage\",\"@id\":\"https:\\\/\\\/www.koonings.com\\\/fr\\\/product\\\/herve-paris-681\\\/\",\"url\":\"https:\\\/\\\/www.koonings.com\\\/fr\\\/product\\\/herve-paris-681\\\/\",\"name\":\"Herve Paris Claire | Koonings\",\"isPartOf\":{\"@id\":\"https:\\\/\\\/www.koonings.com\\\/fr\\\/#website\"},\"primaryImageOfPage\":{\"@id\":\"https:\\\/\\\/www.koonings.com\\\/fr\\\/product\\\/herve-paris-681\\\/#primaryimage\"},\"image\":{\"@id\":\"https:\\\/\\\/www.koonings.com\\\/fr\\\/product\\\/herve-paris-681\\\/#primaryimage\"},\"thumbnailUrl\":\"https:\\\/\\\/www.koonings.com\\\/wp-content\\\/uploads\\\/2024\\\/11\\\/38433_8c3468a7bdce80eafee90a9527dd89348f2d89e63df2a4906f665a30c527c1b2fd44f906.jpeg\",\"datePublished\":\"2025-12-14T23:14:31+00:00\",\"dateModified\":\"2026-02-03T17:10:15+00:00\",\"description\":\"\u00a0 Admirez la beaut\u00e9 pure de cette robe enti\u00e8rement en dentelle, notre robe Claire. Elle est orn\u00e9e de fleurs 3D \u00e9poustouflantes qui ornent subtilement le corsage. L'aspect enchanteur de cette robe est encore renforc\u00e9 par l'\u00e9l\u00e9gante encolure en V et les d\u00e9licates bretelles spaghetti qui d\u00e9gagent un air de gr\u00e2ce et de f\u00e9minit\u00e9.\",\"breadcrumb\":{\"@id\":\"https:\\\/\\\/www.koonings.com\\\/fr\\\/product\\\/herve-paris-681\\\/#breadcrumb\"},\"inLanguage\":\"fr-FR\",\"potentialAction\":[{\"@type\":\"ReadAction\",\"target\":[\"https:\\\/\\\/www.koonings.com\\\/fr\\\/product\\\/herve-paris-681\\\/\"]}]},{\"@type\":\"ImageObject\",\"inLanguage\":\"fr-FR\",\"@id\":\"https:\\\/\\\/www.koonings.com\\\/fr\\\/product\\\/herve-paris-681\\\/#primaryimage\",\"url\":\"https:\\\/\\\/www.koonings.com\\\/wp-content\\\/uploads\\\/2024\\\/11\\\/38433_8c3468a7bdce80eafee90a9527dd89348f2d89e63df2a4906f665a30c527c1b2fd44f906.jpeg\",\"contentUrl\":\"https:\\\/\\\/www.koonings.com\\\/wp-content\\\/uploads\\\/2024\\\/11\\\/38433_8c3468a7bdce80eafee90a9527dd89348f2d89e63df2a4906f665a30c527c1b2fd44f906.jpeg\",\"width\":300,\"height\":450},{\"@type\":\"BreadcrumbList\",\"@id\":\"https:\\\/\\\/www.koonings.com\\\/fr\\\/product\\\/herve-paris-681\\\/#breadcrumb\",\"itemListElement\":[{\"@type\":\"ListItem\",\"position\":1,\"name\":\"Home\",\"item\":\"https:\\\/\\\/www.koonings.com\\\/fr\\\/\"},{\"@type\":\"ListItem\",\"position\":2,\"name\":\"Herve Paris Claire\"}]},{\"@type\":\"WebSite\",\"@id\":\"https:\\\/\\\/www.koonings.com\\\/fr\\\/#website\",\"url\":\"https:\\\/\\\/www.koonings.com\\\/fr\\\/\",\"name\":\"Koonings\",\"description\":\"De grootste bruidsmodewinkel ter wereld\",\"publisher\":{\"@id\":\"https:\\\/\\\/www.koonings.com\\\/fr\\\/#organization\"},\"potentialAction\":[{\"@type\":\"SearchAction\",\"target\":{\"@type\":\"EntryPoint\",\"urlTemplate\":\"https:\\\/\\\/www.koonings.com\\\/fr\\\/?s={search_term_string}\"},\"query-input\":{\"@type\":\"PropertyValueSpecification\",\"valueRequired\":true,\"valueName\":\"search_term_string\"}}],\"inLanguage\":\"fr-FR\"},{\"@type\":\"Organization\",\"@id\":\"https:\\\/\\\/www.koonings.com\\\/fr\\\/#organization\",\"name\":\"Koonings\",\"url\":\"https:\\\/\\\/www.koonings.com\\\/fr\\\/\",\"logo\":{\"@type\":\"ImageObject\",\"inLanguage\":\"fr-FR\",\"@id\":\"https:\\\/\\\/www.koonings.com\\\/fr\\\/#\\\/schema\\\/logo\\\/image\\\/\",\"url\":\"https:\\\/\\\/www.koonings.com\\\/wp-content\\\/uploads\\\/2024\\\/07\\\/logo.png\",\"contentUrl\":\"https:\\\/\\\/www.koonings.com\\\/wp-content\\\/uploads\\\/2024\\\/07\\\/logo.png\",\"width\":600,\"height\":428,\"caption\":\"Koonings\"},\"image\":{\"@id\":\"https:\\\/\\\/www.koonings.com\\\/fr\\\/#\\\/schema\\\/logo\\\/image\\\/\"},\"sameAs\":[\"https:\\\/\\\/www.facebook.com\\\/kooningstheweddingpalace\",\"https:\\\/\\\/www.instagram.com\\\/kooningstheweddingpalace\",\"https:\\\/\\\/www.pinterest.com\\\/koonings\",\"https:\\\/\\\/www.youtube.com\\\/kooningstheweddingpalace\"]}]}<\/script>\n<!-- \/ Yoast SEO plugin. -->","yoast_head_json":{"title":"Herve Paris Claire | Koonings","description":"\u00a0 Admirez la beaut\u00e9 pure de cette robe enti\u00e8rement en dentelle, notre robe Claire. Elle est orn\u00e9e de fleurs 3D \u00e9poustouflantes qui ornent subtilement le corsage. L'aspect enchanteur de cette robe est encore renforc\u00e9 par l'\u00e9l\u00e9gante encolure en V et les d\u00e9licates bretelles spaghetti qui d\u00e9gagent un air de gr\u00e2ce et de f\u00e9minit\u00e9.","robots":{"index":"index","follow":"follow","max-snippet":"max-snippet:-1","max-image-preview":"max-image-preview:large","max-video-preview":"max-video-preview:-1"},"canonical":"https:\/\/www.koonings.com\/fr\/product\/herve-paris-681\/","og_locale":"fr_FR","og_type":"article","og_title":"Herve Paris Claire | Koonings","og_description":"\u00a0 Admirez la beaut\u00e9 pure de cette robe enti\u00e8rement en dentelle, notre robe Claire. Elle est orn\u00e9e de fleurs 3D \u00e9poustouflantes qui ornent subtilement le corsage. L'aspect enchanteur de cette robe est encore renforc\u00e9 par l'\u00e9l\u00e9gante encolure en V et les d\u00e9licates bretelles spaghetti qui d\u00e9gagent un air de gr\u00e2ce et de f\u00e9minit\u00e9.","og_url":"https:\/\/www.koonings.com\/fr\/product\/herve-paris-681\/","og_site_name":"Koonings","article_publisher":"https:\/\/www.facebook.com\/kooningstheweddingpalace","article_modified_time":"2026-02-03T17:10:15+00:00","og_image":[{"width":300,"height":450,"url":"https:\/\/www.koonings.com\/wp-content\/uploads\/2024\/11\/38433_8c3468a7bdce80eafee90a9527dd89348f2d89e63df2a4906f665a30c527c1b2fd44f906.jpeg","type":"image\/jpeg"}],"twitter_card":"summary_large_image","schema":{"@context":"https:\/\/schema.org","@graph":[{"@type":"WebPage","@id":"https:\/\/www.koonings.com\/fr\/product\/herve-paris-681\/","url":"https:\/\/www.koonings.com\/fr\/product\/herve-paris-681\/","name":"Herve Paris Claire | Koonings","isPartOf":{"@id":"https:\/\/www.koonings.com\/fr\/#website"},"primaryImageOfPage":{"@id":"https:\/\/www.koonings.com\/fr\/product\/herve-paris-681\/#primaryimage"},"image":{"@id":"https:\/\/www.koonings.com\/fr\/product\/herve-paris-681\/#primaryimage"},"thumbnailUrl":"https:\/\/www.koonings.com\/wp-content\/uploads\/2024\/11\/38433_8c3468a7bdce80eafee90a9527dd89348f2d89e63df2a4906f665a30c527c1b2fd44f906.jpeg","datePublished":"2025-12-14T23:14:31+00:00","dateModified":"2026-02-03T17:10:15+00:00","description":"\u00a0 Admirez la beaut\u00e9 pure de cette robe enti\u00e8rement en dentelle, notre robe Claire. Elle est orn\u00e9e de fleurs 3D \u00e9poustouflantes qui ornent subtilement le corsage. L'aspect enchanteur de cette robe est encore renforc\u00e9 par l'\u00e9l\u00e9gante encolure en V et les d\u00e9licates bretelles spaghetti qui d\u00e9gagent un air de gr\u00e2ce et de f\u00e9minit\u00e9.","breadcrumb":{"@id":"https:\/\/www.koonings.com\/fr\/product\/herve-paris-681\/#breadcrumb"},"inLanguage":"fr-FR","potentialAction":[{"@type":"ReadAction","target":["https:\/\/www.koonings.com\/fr\/product\/herve-paris-681\/"]}]},{"@type":"ImageObject","inLanguage":"fr-FR","@id":"https:\/\/www.koonings.com\/fr\/product\/herve-paris-681\/#primaryimage","url":"https:\/\/www.koonings.com\/wp-content\/uploads\/2024\/11\/38433_8c3468a7bdce80eafee90a9527dd89348f2d89e63df2a4906f665a30c527c1b2fd44f906.jpeg","contentUrl":"https:\/\/www.koonings.com\/wp-content\/uploads\/2024\/11\/38433_8c3468a7bdce80eafee90a9527dd89348f2d89e63df2a4906f665a30c527c1b2fd44f906.jpeg","width":300,"height":450},{"@type":"BreadcrumbList","@id":"https:\/\/www.koonings.com\/fr\/product\/herve-paris-681\/#breadcrumb","itemListElement":[{"@type":"ListItem","position":1,"name":"Home","item":"https:\/\/www.koonings.com\/fr\/"},{"@type":"ListItem","position":2,"name":"Herve Paris Claire"}]},{"@type":"WebSite","@id":"https:\/\/www.koonings.com\/fr\/#website","url":"https:\/\/www.koonings.com\/fr\/","name":"Koonings","description":"De grootste bruidsmodewinkel ter wereld","publisher":{"@id":"https:\/\/www.koonings.com\/fr\/#organization"},"potentialAction":[{"@type":"SearchAction","target":{"@type":"EntryPoint","urlTemplate":"https:\/\/www.koonings.com\/fr\/?s={search_term_string}"},"query-input":{"@type":"PropertyValueSpecification","valueRequired":true,"valueName":"search_term_string"}}],"inLanguage":"fr-FR"},{"@type":"Organization","@id":"https:\/\/www.koonings.com\/fr\/#organization","name":"Koonings","url":"https:\/\/www.koonings.com\/fr\/","logo":{"@type":"ImageObject","inLanguage":"fr-FR","@id":"https:\/\/www.koonings.com\/fr\/#\/schema\/logo\/image\/","url":"https:\/\/www.koonings.com\/wp-content\/uploads\/2024\/07\/logo.png","contentUrl":"https:\/\/www.koonings.com\/wp-content\/uploads\/2024\/07\/logo.png","width":600,"height":428,"caption":"Koonings"},"image":{"@id":"https:\/\/www.koonings.com\/fr\/#\/schema\/logo\/image\/"},"sameAs":["https:\/\/www.facebook.com\/kooningstheweddingpalace","https:\/\/www.instagram.com\/kooningstheweddingpalace","https:\/\/www.pinterest.com\/koonings","https:\/\/www.youtube.com\/kooningstheweddingpalace"]}]}},"_links":{"self":[{"href":"https:\/\/www.koonings.com\/fr\/wp-json\/wp\/v2\/product\/57077","targetHints":{"allow":["GET"]}}],"collection":[{"href":"https:\/\/www.koonings.com\/fr\/wp-json\/wp\/v2\/product"}],"about":[{"href":"https:\/\/www.koonings.com\/fr\/wp-json\/wp\/v2\/types\/product"}],"wp:featuredmedia":[{"embeddable":true,"href":"https:\/\/www.koonings.com\/fr\/wp-json\/wp\/v2\/media\/35755"}],"wp:attachment":[{"href":"https:\/\/www.koonings.com\/fr\/wp-json\/wp\/v2\/media?parent=57077"}],"wp:term":[{"taxonomy":"productdetails","embeddable":true,"href":"https:\/\/www.koonings.com\/fr\/wp-json\/wp\/v2\/productdetails?post=57077"},{"taxonomy":"productneck","embeddable":true,"href":"https:\/\/www.koonings.com\/fr\/wp-json\/wp\/v2\/productneck?post=57077"},{"taxonomy":"productcolor","embeddable":true,"href":"https:\/\/www.koonings.com\/fr\/wp-json\/wp\/v2\/productcolor?post=57077"},{"taxonomy":"maat","embeddable":true,"href":"https:\/\/www.koonings.com\/fr\/wp-json\/wp\/v2\/maat?post=57077"},{"taxonomy":"productsupplier","embeddable":true,"href":"https:\/\/www.koonings.com\/fr\/wp-json\/wp\/v2\/productsupplier?post=57077"},{"taxonomy":"productsleeve","embeddable":true,"href":"https:\/\/www.koonings.com\/fr\/wp-json\/wp\/v2\/productsleeve?post=57077"},{"taxonomy":"productcategory","embeddable":true,"href":"https:\/\/www.koonings.com\/fr\/wp-json\/wp\/v2\/productcategory?post=57077"},{"taxonomy":"productsilhouette","embeddable":true,"href":"https:\/\/www.koonings.com\/fr\/wp-json\/wp\/v2\/productsilhouette?post=57077"},{"taxonomy":"productstyle","embeddable":true,"href":"https:\/\/www.koonings.com\/fr\/wp-json\/wp\/v2\/productstyle?post=57077"}],"curies":[{"name":"wp","href":"https:\/\/api.w.org\/{rel}","templated":true}]}}