{"id":57061,"date":"2026-04-14T16:10:53","date_gmt":"2026-04-14T14:10:53","guid":{"rendered":"https:\/\/www.koonings.com\/product\/le-papillon-by-modeca-brazil-2\/"},"modified":"2026-02-16T14:36:26","modified_gmt":"2026-02-16T13:36:26","slug":"le-papillon-by-modeca-brazil-2","status":"publish","type":"product","link":"https:\/\/www.koonings.com\/fr\/product\/le-papillon-by-modeca-brazil-2\/","title":{"rendered":"Le Papillon par Modeca Br\u00e9sil"},"content":{"rendered":"<p>Tous les regards seront tourn\u00e9s vers vous dans cette magnifique robe de forme A avec un profond d\u00e9collet\u00e9 en c\u0153ur. La robe est orn\u00e9e d&#8217;appliques florales perl\u00e9es, de bretelles \u00e9troites avec des perles et de volants de tulle qui donnent \u00e0 ce look de mari\u00e9e une touche de gaiet\u00e9. Conseil Kooning ! Vous pouvez personnaliser les bretelles et les placer sur les \u00e9paules autour de votre cou.   <\/p>\n","protected":false},"featured_media":35913,"template":"","meta":{"_acf_changed":false,"ghostkit_customizer_options":"","ghostkit_custom_css":"","ghostkit_custom_js_head":"","ghostkit_custom_js_foot":"","ghostkit_typography":""},"productdetails":[379,381],"productneck":[355],"productcolor":[393,392],"maat":[],"productsupplier":[411],"productsleeve":[359],"productcategory":[18],"productsilhouette":[384],"productstyle":[366],"class_list":["post-57061","product","type-product","status-publish","has-post-thumbnail","hentry","productdetails-379","productdetails-381","productneck-355","productcolor-393","productcolor-392","productsupplier-le-papillon-by-modeca","productsleeve-359","productcategory-trouwjurken","productsilhouette-384","productstyle-366"],"acf":[],"yoast_head":"<!-- This site is optimized with the Yoast SEO plugin v27.3 - https:\/\/yoast.com\/product\/yoast-seo-wordpress\/ -->\n<title>Le Papillon par Modeca Br\u00e9sil | Koonings<\/title>\n<meta name=\"description\" content=\"Tous les regards seront tourn\u00e9s vers vous dans cette magnifique robe de forme A avec un profond d\u00e9collet\u00e9 en c\u0153ur. La robe est orn\u00e9e d&#039;appliques florales perl\u00e9es, de bretelles \u00e9troites avec des perles et de volants de tulle qui donnent \u00e0 ce look de mari\u00e9e une touche de gaiet\u00e9. Conseil Kooning ! Vous pouvez personnaliser les bretelles et les placer sur les \u00e9paules autour de votre cou.\" \/>\n<meta name=\"robots\" content=\"index, follow, max-snippet:-1, max-image-preview:large, max-video-preview:-1\" \/>\n<link rel=\"canonical\" href=\"https:\/\/www.koonings.com\/fr\/product\/le-papillon-by-modeca-brazil-2\/\" \/>\n<meta property=\"og:locale\" content=\"fr_FR\" \/>\n<meta property=\"og:type\" content=\"article\" \/>\n<meta property=\"og:title\" content=\"Le Papillon par Modeca Br\u00e9sil | Koonings\" \/>\n<meta property=\"og:description\" content=\"Tous les regards seront tourn\u00e9s vers vous dans cette magnifique robe de forme A avec un profond d\u00e9collet\u00e9 en c\u0153ur. La robe est orn\u00e9e d&#039;appliques florales perl\u00e9es, de bretelles \u00e9troites avec des perles et de volants de tulle qui donnent \u00e0 ce look de mari\u00e9e une touche de gaiet\u00e9. Conseil Kooning ! Vous pouvez personnaliser les bretelles et les placer sur les \u00e9paules autour de votre cou.\" \/>\n<meta property=\"og:url\" content=\"https:\/\/www.koonings.com\/fr\/product\/le-papillon-by-modeca-brazil-2\/\" \/>\n<meta property=\"og:site_name\" content=\"Koonings\" \/>\n<meta property=\"article:publisher\" content=\"https:\/\/www.facebook.com\/kooningstheweddingpalace\" \/>\n<meta property=\"og:image\" content=\"https:\/\/www.koonings.com\/wp-content\/uploads\/2024\/11\/38455_dabb3c9f35a90f4a66c5d750ea96ae7c1e82016b412afa49414b9f2f3b6723e3ac5f578f.jpeg\" \/>\n\t<meta property=\"og:image:width\" content=\"752\" \/>\n\t<meta property=\"og:image:height\" content=\"1065\" \/>\n\t<meta property=\"og:image:type\" content=\"image\/jpeg\" \/>\n<meta name=\"twitter:card\" content=\"summary_large_image\" \/>\n<script type=\"application\/ld+json\" class=\"yoast-schema-graph\">{\"@context\":\"https:\\\/\\\/schema.org\",\"@graph\":[{\"@type\":\"WebPage\",\"@id\":\"https:\\\/\\\/www.koonings.com\\\/fr\\\/product\\\/le-papillon-by-modeca-brazil-2\\\/\",\"url\":\"https:\\\/\\\/www.koonings.com\\\/fr\\\/product\\\/le-papillon-by-modeca-brazil-2\\\/\",\"name\":\"Le Papillon par Modeca Br\u00e9sil | Koonings\",\"isPartOf\":{\"@id\":\"https:\\\/\\\/www.koonings.com\\\/fr\\\/#website\"},\"primaryImageOfPage\":{\"@id\":\"https:\\\/\\\/www.koonings.com\\\/fr\\\/product\\\/le-papillon-by-modeca-brazil-2\\\/#primaryimage\"},\"image\":{\"@id\":\"https:\\\/\\\/www.koonings.com\\\/fr\\\/product\\\/le-papillon-by-modeca-brazil-2\\\/#primaryimage\"},\"thumbnailUrl\":\"https:\\\/\\\/www.koonings.com\\\/wp-content\\\/uploads\\\/2024\\\/11\\\/38455_dabb3c9f35a90f4a66c5d750ea96ae7c1e82016b412afa49414b9f2f3b6723e3ac5f578f.jpeg\",\"datePublished\":\"2026-04-14T14:10:53+00:00\",\"description\":\"Tous les regards seront tourn\u00e9s vers vous dans cette magnifique robe de forme A avec un profond d\u00e9collet\u00e9 en c\u0153ur. La robe est orn\u00e9e d'appliques florales perl\u00e9es, de bretelles \u00e9troites avec des perles et de volants de tulle qui donnent \u00e0 ce look de mari\u00e9e une touche de gaiet\u00e9. Conseil Kooning ! Vous pouvez personnaliser les bretelles et les placer sur les \u00e9paules autour de votre cou.\",\"breadcrumb\":{\"@id\":\"https:\\\/\\\/www.koonings.com\\\/fr\\\/product\\\/le-papillon-by-modeca-brazil-2\\\/#breadcrumb\"},\"inLanguage\":\"fr-FR\",\"potentialAction\":[{\"@type\":\"ReadAction\",\"target\":[\"https:\\\/\\\/www.koonings.com\\\/fr\\\/product\\\/le-papillon-by-modeca-brazil-2\\\/\"]}]},{\"@type\":\"ImageObject\",\"inLanguage\":\"fr-FR\",\"@id\":\"https:\\\/\\\/www.koonings.com\\\/fr\\\/product\\\/le-papillon-by-modeca-brazil-2\\\/#primaryimage\",\"url\":\"https:\\\/\\\/www.koonings.com\\\/wp-content\\\/uploads\\\/2024\\\/11\\\/38455_dabb3c9f35a90f4a66c5d750ea96ae7c1e82016b412afa49414b9f2f3b6723e3ac5f578f.jpeg\",\"contentUrl\":\"https:\\\/\\\/www.koonings.com\\\/wp-content\\\/uploads\\\/2024\\\/11\\\/38455_dabb3c9f35a90f4a66c5d750ea96ae7c1e82016b412afa49414b9f2f3b6723e3ac5f578f.jpeg\",\"width\":752,\"height\":1065},{\"@type\":\"BreadcrumbList\",\"@id\":\"https:\\\/\\\/www.koonings.com\\\/fr\\\/product\\\/le-papillon-by-modeca-brazil-2\\\/#breadcrumb\",\"itemListElement\":[{\"@type\":\"ListItem\",\"position\":1,\"name\":\"Home\",\"item\":\"https:\\\/\\\/www.koonings.com\\\/fr\\\/\"},{\"@type\":\"ListItem\",\"position\":2,\"name\":\"Le Papillon par Modeca Br\u00e9sil\"}]},{\"@type\":\"WebSite\",\"@id\":\"https:\\\/\\\/www.koonings.com\\\/fr\\\/#website\",\"url\":\"https:\\\/\\\/www.koonings.com\\\/fr\\\/\",\"name\":\"Koonings\",\"description\":\"De grootste bruidsmodewinkel ter wereld\",\"publisher\":{\"@id\":\"https:\\\/\\\/www.koonings.com\\\/fr\\\/#organization\"},\"potentialAction\":[{\"@type\":\"SearchAction\",\"target\":{\"@type\":\"EntryPoint\",\"urlTemplate\":\"https:\\\/\\\/www.koonings.com\\\/fr\\\/?s={search_term_string}\"},\"query-input\":{\"@type\":\"PropertyValueSpecification\",\"valueRequired\":true,\"valueName\":\"search_term_string\"}}],\"inLanguage\":\"fr-FR\"},{\"@type\":\"Organization\",\"@id\":\"https:\\\/\\\/www.koonings.com\\\/fr\\\/#organization\",\"name\":\"Koonings\",\"url\":\"https:\\\/\\\/www.koonings.com\\\/fr\\\/\",\"logo\":{\"@type\":\"ImageObject\",\"inLanguage\":\"fr-FR\",\"@id\":\"https:\\\/\\\/www.koonings.com\\\/fr\\\/#\\\/schema\\\/logo\\\/image\\\/\",\"url\":\"https:\\\/\\\/www.koonings.com\\\/wp-content\\\/uploads\\\/2024\\\/07\\\/logo.png\",\"contentUrl\":\"https:\\\/\\\/www.koonings.com\\\/wp-content\\\/uploads\\\/2024\\\/07\\\/logo.png\",\"width\":600,\"height\":428,\"caption\":\"Koonings\"},\"image\":{\"@id\":\"https:\\\/\\\/www.koonings.com\\\/fr\\\/#\\\/schema\\\/logo\\\/image\\\/\"},\"sameAs\":[\"https:\\\/\\\/www.facebook.com\\\/kooningstheweddingpalace\",\"https:\\\/\\\/www.instagram.com\\\/kooningstheweddingpalace\",\"https:\\\/\\\/www.pinterest.com\\\/koonings\",\"https:\\\/\\\/www.youtube.com\\\/kooningstheweddingpalace\"]}]}<\/script>\n<!-- \/ Yoast SEO plugin. -->","yoast_head_json":{"title":"Le Papillon par Modeca Br\u00e9sil | Koonings","description":"Tous les regards seront tourn\u00e9s vers vous dans cette magnifique robe de forme A avec un profond d\u00e9collet\u00e9 en c\u0153ur. La robe est orn\u00e9e d'appliques florales perl\u00e9es, de bretelles \u00e9troites avec des perles et de volants de tulle qui donnent \u00e0 ce look de mari\u00e9e une touche de gaiet\u00e9. Conseil Kooning ! Vous pouvez personnaliser les bretelles et les placer sur les \u00e9paules autour de votre cou.","robots":{"index":"index","follow":"follow","max-snippet":"max-snippet:-1","max-image-preview":"max-image-preview:large","max-video-preview":"max-video-preview:-1"},"canonical":"https:\/\/www.koonings.com\/fr\/product\/le-papillon-by-modeca-brazil-2\/","og_locale":"fr_FR","og_type":"article","og_title":"Le Papillon par Modeca Br\u00e9sil | Koonings","og_description":"Tous les regards seront tourn\u00e9s vers vous dans cette magnifique robe de forme A avec un profond d\u00e9collet\u00e9 en c\u0153ur. La robe est orn\u00e9e d'appliques florales perl\u00e9es, de bretelles \u00e9troites avec des perles et de volants de tulle qui donnent \u00e0 ce look de mari\u00e9e une touche de gaiet\u00e9. Conseil Kooning ! Vous pouvez personnaliser les bretelles et les placer sur les \u00e9paules autour de votre cou.","og_url":"https:\/\/www.koonings.com\/fr\/product\/le-papillon-by-modeca-brazil-2\/","og_site_name":"Koonings","article_publisher":"https:\/\/www.facebook.com\/kooningstheweddingpalace","og_image":[{"width":752,"height":1065,"url":"https:\/\/www.koonings.com\/wp-content\/uploads\/2024\/11\/38455_dabb3c9f35a90f4a66c5d750ea96ae7c1e82016b412afa49414b9f2f3b6723e3ac5f578f.jpeg","type":"image\/jpeg"}],"twitter_card":"summary_large_image","schema":{"@context":"https:\/\/schema.org","@graph":[{"@type":"WebPage","@id":"https:\/\/www.koonings.com\/fr\/product\/le-papillon-by-modeca-brazil-2\/","url":"https:\/\/www.koonings.com\/fr\/product\/le-papillon-by-modeca-brazil-2\/","name":"Le Papillon par Modeca Br\u00e9sil | Koonings","isPartOf":{"@id":"https:\/\/www.koonings.com\/fr\/#website"},"primaryImageOfPage":{"@id":"https:\/\/www.koonings.com\/fr\/product\/le-papillon-by-modeca-brazil-2\/#primaryimage"},"image":{"@id":"https:\/\/www.koonings.com\/fr\/product\/le-papillon-by-modeca-brazil-2\/#primaryimage"},"thumbnailUrl":"https:\/\/www.koonings.com\/wp-content\/uploads\/2024\/11\/38455_dabb3c9f35a90f4a66c5d750ea96ae7c1e82016b412afa49414b9f2f3b6723e3ac5f578f.jpeg","datePublished":"2026-04-14T14:10:53+00:00","description":"Tous les regards seront tourn\u00e9s vers vous dans cette magnifique robe de forme A avec un profond d\u00e9collet\u00e9 en c\u0153ur. La robe est orn\u00e9e d'appliques florales perl\u00e9es, de bretelles \u00e9troites avec des perles et de volants de tulle qui donnent \u00e0 ce look de mari\u00e9e une touche de gaiet\u00e9. Conseil Kooning ! Vous pouvez personnaliser les bretelles et les placer sur les \u00e9paules autour de votre cou.","breadcrumb":{"@id":"https:\/\/www.koonings.com\/fr\/product\/le-papillon-by-modeca-brazil-2\/#breadcrumb"},"inLanguage":"fr-FR","potentialAction":[{"@type":"ReadAction","target":["https:\/\/www.koonings.com\/fr\/product\/le-papillon-by-modeca-brazil-2\/"]}]},{"@type":"ImageObject","inLanguage":"fr-FR","@id":"https:\/\/www.koonings.com\/fr\/product\/le-papillon-by-modeca-brazil-2\/#primaryimage","url":"https:\/\/www.koonings.com\/wp-content\/uploads\/2024\/11\/38455_dabb3c9f35a90f4a66c5d750ea96ae7c1e82016b412afa49414b9f2f3b6723e3ac5f578f.jpeg","contentUrl":"https:\/\/www.koonings.com\/wp-content\/uploads\/2024\/11\/38455_dabb3c9f35a90f4a66c5d750ea96ae7c1e82016b412afa49414b9f2f3b6723e3ac5f578f.jpeg","width":752,"height":1065},{"@type":"BreadcrumbList","@id":"https:\/\/www.koonings.com\/fr\/product\/le-papillon-by-modeca-brazil-2\/#breadcrumb","itemListElement":[{"@type":"ListItem","position":1,"name":"Home","item":"https:\/\/www.koonings.com\/fr\/"},{"@type":"ListItem","position":2,"name":"Le Papillon par Modeca Br\u00e9sil"}]},{"@type":"WebSite","@id":"https:\/\/www.koonings.com\/fr\/#website","url":"https:\/\/www.koonings.com\/fr\/","name":"Koonings","description":"De grootste bruidsmodewinkel ter wereld","publisher":{"@id":"https:\/\/www.koonings.com\/fr\/#organization"},"potentialAction":[{"@type":"SearchAction","target":{"@type":"EntryPoint","urlTemplate":"https:\/\/www.koonings.com\/fr\/?s={search_term_string}"},"query-input":{"@type":"PropertyValueSpecification","valueRequired":true,"valueName":"search_term_string"}}],"inLanguage":"fr-FR"},{"@type":"Organization","@id":"https:\/\/www.koonings.com\/fr\/#organization","name":"Koonings","url":"https:\/\/www.koonings.com\/fr\/","logo":{"@type":"ImageObject","inLanguage":"fr-FR","@id":"https:\/\/www.koonings.com\/fr\/#\/schema\/logo\/image\/","url":"https:\/\/www.koonings.com\/wp-content\/uploads\/2024\/07\/logo.png","contentUrl":"https:\/\/www.koonings.com\/wp-content\/uploads\/2024\/07\/logo.png","width":600,"height":428,"caption":"Koonings"},"image":{"@id":"https:\/\/www.koonings.com\/fr\/#\/schema\/logo\/image\/"},"sameAs":["https:\/\/www.facebook.com\/kooningstheweddingpalace","https:\/\/www.instagram.com\/kooningstheweddingpalace","https:\/\/www.pinterest.com\/koonings","https:\/\/www.youtube.com\/kooningstheweddingpalace"]}]}},"_links":{"self":[{"href":"https:\/\/www.koonings.com\/fr\/wp-json\/wp\/v2\/product\/57061","targetHints":{"allow":["GET"]}}],"collection":[{"href":"https:\/\/www.koonings.com\/fr\/wp-json\/wp\/v2\/product"}],"about":[{"href":"https:\/\/www.koonings.com\/fr\/wp-json\/wp\/v2\/types\/product"}],"wp:featuredmedia":[{"embeddable":true,"href":"https:\/\/www.koonings.com\/fr\/wp-json\/wp\/v2\/media\/35913"}],"wp:attachment":[{"href":"https:\/\/www.koonings.com\/fr\/wp-json\/wp\/v2\/media?parent=57061"}],"wp:term":[{"taxonomy":"productdetails","embeddable":true,"href":"https:\/\/www.koonings.com\/fr\/wp-json\/wp\/v2\/productdetails?post=57061"},{"taxonomy":"productneck","embeddable":true,"href":"https:\/\/www.koonings.com\/fr\/wp-json\/wp\/v2\/productneck?post=57061"},{"taxonomy":"productcolor","embeddable":true,"href":"https:\/\/www.koonings.com\/fr\/wp-json\/wp\/v2\/productcolor?post=57061"},{"taxonomy":"maat","embeddable":true,"href":"https:\/\/www.koonings.com\/fr\/wp-json\/wp\/v2\/maat?post=57061"},{"taxonomy":"productsupplier","embeddable":true,"href":"https:\/\/www.koonings.com\/fr\/wp-json\/wp\/v2\/productsupplier?post=57061"},{"taxonomy":"productsleeve","embeddable":true,"href":"https:\/\/www.koonings.com\/fr\/wp-json\/wp\/v2\/productsleeve?post=57061"},{"taxonomy":"productcategory","embeddable":true,"href":"https:\/\/www.koonings.com\/fr\/wp-json\/wp\/v2\/productcategory?post=57061"},{"taxonomy":"productsilhouette","embeddable":true,"href":"https:\/\/www.koonings.com\/fr\/wp-json\/wp\/v2\/productsilhouette?post=57061"},{"taxonomy":"productstyle","embeddable":true,"href":"https:\/\/www.koonings.com\/fr\/wp-json\/wp\/v2\/productstyle?post=57061"}],"curies":[{"name":"wp","href":"https:\/\/api.w.org\/{rel}","templated":true}]}}