{"id":57034,"date":"2026-05-06T15:10:36","date_gmt":"2026-05-06T13:10:36","guid":{"rendered":"https:\/\/www.koonings.com\/product\/le-papillon-by-modeca-bluelle\/"},"modified":"2026-02-16T14:36:31","modified_gmt":"2026-02-16T13:36:31","slug":"le-papillon-by-modeca-bluelle","status":"publish","type":"product","link":"https:\/\/www.koonings.com\/fr\/product\/le-papillon-by-modeca-bluelle\/","title":{"rendered":"Le Papillon par Modeca Bluelle"},"content":{"rendered":"<p>Soyez \u00e9l\u00e9gante avec cette robe ajust\u00e9e et \u00e9vas\u00e9e et rendez votre grand jour encore plus sp\u00e9cial. Le corsage en dentelle illusion est dot\u00e9 d&#8217;un \u00e9l\u00e9gant d\u00e9collet\u00e9 en V qui se prolonge par un dos sophistiqu\u00e9 en forme de trou de serrure. Les bretelles amovibles ajoutent une touche de romantisme \u00e0 ce look nuptial. La jupe en cr\u00eape est ajust\u00e9e et s&#8217;\u00e9vase dans le bas pour former une tra\u00eene longueur chapelle avec des ornements en dentelle. Cette robe est \u00e9galement disponible chez Koonings sans les bretelles d\u00e9tachables &#8211; Bluelle-D.    <\/p>\n","protected":false},"featured_media":36127,"template":"","meta":{"_acf_changed":false,"ghostkit_customizer_options":"","ghostkit_custom_css":"","ghostkit_custom_js_head":"","ghostkit_custom_js_foot":"","ghostkit_typography":""},"productdetails":[],"productneck":[351,356],"productcolor":[393,392],"maat":[],"productsupplier":[411],"productsleeve":[359],"productcategory":[18],"productsilhouette":[390],"productstyle":[370],"class_list":["post-57034","product","type-product","status-publish","has-post-thumbnail","hentry","productneck-351","productneck-356","productcolor-393","productcolor-392","productsupplier-le-papillon-by-modeca","productsleeve-359","productcategory-trouwjurken","productsilhouette-390","productstyle-370"],"acf":[],"yoast_head":"<!-- This site is optimized with the Yoast SEO plugin v27.3 - https:\/\/yoast.com\/product\/yoast-seo-wordpress\/ -->\n<title>Le Papillon par Modeca Bluelle | Koonings<\/title>\n<meta name=\"description\" content=\"Soyez \u00e9l\u00e9gante avec cette robe ajust\u00e9e et \u00e9vas\u00e9e et rendez votre grand jour encore plus sp\u00e9cial. Le corsage en dentelle illusion est dot\u00e9 d&#039;un \u00e9l\u00e9gant d\u00e9collet\u00e9 en V qui se prolonge par un dos sophistiqu\u00e9 en forme de trou de serrure. Les bretelles amovibles ajoutent une touche de romantisme \u00e0 ce look nuptial. La jupe en cr\u00eape est ajust\u00e9e et s&#039;\u00e9vase dans le bas pour former une tra\u00eene longueur chapelle avec des ornements en dentelle. Cette robe est \u00e9galement disponible chez Koonings sans les bretelles d\u00e9tachables - Bluelle-D.\" \/>\n<meta name=\"robots\" content=\"index, follow, max-snippet:-1, max-image-preview:large, max-video-preview:-1\" \/>\n<link rel=\"canonical\" href=\"https:\/\/www.koonings.com\/fr\/product\/le-papillon-by-modeca-bluelle\/\" \/>\n<meta property=\"og:locale\" content=\"fr_FR\" \/>\n<meta property=\"og:type\" content=\"article\" \/>\n<meta property=\"og:title\" content=\"Le Papillon par Modeca Bluelle | Koonings\" \/>\n<meta property=\"og:description\" content=\"Soyez \u00e9l\u00e9gante avec cette robe ajust\u00e9e et \u00e9vas\u00e9e et rendez votre grand jour encore plus sp\u00e9cial. Le corsage en dentelle illusion est dot\u00e9 d&#039;un \u00e9l\u00e9gant d\u00e9collet\u00e9 en V qui se prolonge par un dos sophistiqu\u00e9 en forme de trou de serrure. Les bretelles amovibles ajoutent une touche de romantisme \u00e0 ce look nuptial. La jupe en cr\u00eape est ajust\u00e9e et s&#039;\u00e9vase dans le bas pour former une tra\u00eene longueur chapelle avec des ornements en dentelle. Cette robe est \u00e9galement disponible chez Koonings sans les bretelles d\u00e9tachables - Bluelle-D.\" \/>\n<meta property=\"og:url\" content=\"https:\/\/www.koonings.com\/fr\/product\/le-papillon-by-modeca-bluelle\/\" \/>\n<meta property=\"og:site_name\" content=\"Koonings\" \/>\n<meta property=\"article:publisher\" content=\"https:\/\/www.facebook.com\/kooningstheweddingpalace\" \/>\n<meta property=\"og:image\" content=\"https:\/\/www.koonings.com\/wp-content\/uploads\/2024\/11\/38468_850b67a8240845e362bc338a36d0c94a7995db9b6e73634c7a093b99b73dd073bdcc50b9.jpeg\" \/>\n\t<meta property=\"og:image:width\" content=\"769\" \/>\n\t<meta property=\"og:image:height\" content=\"1086\" \/>\n\t<meta property=\"og:image:type\" content=\"image\/jpeg\" \/>\n<meta name=\"twitter:card\" content=\"summary_large_image\" \/>\n<script type=\"application\/ld+json\" class=\"yoast-schema-graph\">{\"@context\":\"https:\\\/\\\/schema.org\",\"@graph\":[{\"@type\":\"WebPage\",\"@id\":\"https:\\\/\\\/www.koonings.com\\\/fr\\\/product\\\/le-papillon-by-modeca-bluelle\\\/\",\"url\":\"https:\\\/\\\/www.koonings.com\\\/fr\\\/product\\\/le-papillon-by-modeca-bluelle\\\/\",\"name\":\"Le Papillon par Modeca Bluelle | Koonings\",\"isPartOf\":{\"@id\":\"https:\\\/\\\/www.koonings.com\\\/fr\\\/#website\"},\"primaryImageOfPage\":{\"@id\":\"https:\\\/\\\/www.koonings.com\\\/fr\\\/product\\\/le-papillon-by-modeca-bluelle\\\/#primaryimage\"},\"image\":{\"@id\":\"https:\\\/\\\/www.koonings.com\\\/fr\\\/product\\\/le-papillon-by-modeca-bluelle\\\/#primaryimage\"},\"thumbnailUrl\":\"https:\\\/\\\/www.koonings.com\\\/wp-content\\\/uploads\\\/2024\\\/11\\\/38468_850b67a8240845e362bc338a36d0c94a7995db9b6e73634c7a093b99b73dd073bdcc50b9.jpeg\",\"datePublished\":\"2026-05-06T13:10:36+00:00\",\"description\":\"Soyez \u00e9l\u00e9gante avec cette robe ajust\u00e9e et \u00e9vas\u00e9e et rendez votre grand jour encore plus sp\u00e9cial. Le corsage en dentelle illusion est dot\u00e9 d'un \u00e9l\u00e9gant d\u00e9collet\u00e9 en V qui se prolonge par un dos sophistiqu\u00e9 en forme de trou de serrure. Les bretelles amovibles ajoutent une touche de romantisme \u00e0 ce look nuptial. La jupe en cr\u00eape est ajust\u00e9e et s'\u00e9vase dans le bas pour former une tra\u00eene longueur chapelle avec des ornements en dentelle. Cette robe est \u00e9galement disponible chez Koonings sans les bretelles d\u00e9tachables - Bluelle-D.\",\"breadcrumb\":{\"@id\":\"https:\\\/\\\/www.koonings.com\\\/fr\\\/product\\\/le-papillon-by-modeca-bluelle\\\/#breadcrumb\"},\"inLanguage\":\"fr-FR\",\"potentialAction\":[{\"@type\":\"ReadAction\",\"target\":[\"https:\\\/\\\/www.koonings.com\\\/fr\\\/product\\\/le-papillon-by-modeca-bluelle\\\/\"]}]},{\"@type\":\"ImageObject\",\"inLanguage\":\"fr-FR\",\"@id\":\"https:\\\/\\\/www.koonings.com\\\/fr\\\/product\\\/le-papillon-by-modeca-bluelle\\\/#primaryimage\",\"url\":\"https:\\\/\\\/www.koonings.com\\\/wp-content\\\/uploads\\\/2024\\\/11\\\/38468_850b67a8240845e362bc338a36d0c94a7995db9b6e73634c7a093b99b73dd073bdcc50b9.jpeg\",\"contentUrl\":\"https:\\\/\\\/www.koonings.com\\\/wp-content\\\/uploads\\\/2024\\\/11\\\/38468_850b67a8240845e362bc338a36d0c94a7995db9b6e73634c7a093b99b73dd073bdcc50b9.jpeg\",\"width\":769,\"height\":1086},{\"@type\":\"BreadcrumbList\",\"@id\":\"https:\\\/\\\/www.koonings.com\\\/fr\\\/product\\\/le-papillon-by-modeca-bluelle\\\/#breadcrumb\",\"itemListElement\":[{\"@type\":\"ListItem\",\"position\":1,\"name\":\"Home\",\"item\":\"https:\\\/\\\/www.koonings.com\\\/fr\\\/\"},{\"@type\":\"ListItem\",\"position\":2,\"name\":\"Le Papillon par Modeca Bluelle\"}]},{\"@type\":\"WebSite\",\"@id\":\"https:\\\/\\\/www.koonings.com\\\/fr\\\/#website\",\"url\":\"https:\\\/\\\/www.koonings.com\\\/fr\\\/\",\"name\":\"Koonings\",\"description\":\"De grootste bruidsmodewinkel ter wereld\",\"publisher\":{\"@id\":\"https:\\\/\\\/www.koonings.com\\\/fr\\\/#organization\"},\"potentialAction\":[{\"@type\":\"SearchAction\",\"target\":{\"@type\":\"EntryPoint\",\"urlTemplate\":\"https:\\\/\\\/www.koonings.com\\\/fr\\\/?s={search_term_string}\"},\"query-input\":{\"@type\":\"PropertyValueSpecification\",\"valueRequired\":true,\"valueName\":\"search_term_string\"}}],\"inLanguage\":\"fr-FR\"},{\"@type\":\"Organization\",\"@id\":\"https:\\\/\\\/www.koonings.com\\\/fr\\\/#organization\",\"name\":\"Koonings\",\"url\":\"https:\\\/\\\/www.koonings.com\\\/fr\\\/\",\"logo\":{\"@type\":\"ImageObject\",\"inLanguage\":\"fr-FR\",\"@id\":\"https:\\\/\\\/www.koonings.com\\\/fr\\\/#\\\/schema\\\/logo\\\/image\\\/\",\"url\":\"https:\\\/\\\/www.koonings.com\\\/wp-content\\\/uploads\\\/2024\\\/07\\\/logo.png\",\"contentUrl\":\"https:\\\/\\\/www.koonings.com\\\/wp-content\\\/uploads\\\/2024\\\/07\\\/logo.png\",\"width\":600,\"height\":428,\"caption\":\"Koonings\"},\"image\":{\"@id\":\"https:\\\/\\\/www.koonings.com\\\/fr\\\/#\\\/schema\\\/logo\\\/image\\\/\"},\"sameAs\":[\"https:\\\/\\\/www.facebook.com\\\/kooningstheweddingpalace\",\"https:\\\/\\\/www.instagram.com\\\/kooningstheweddingpalace\",\"https:\\\/\\\/www.pinterest.com\\\/koonings\",\"https:\\\/\\\/www.youtube.com\\\/kooningstheweddingpalace\"]}]}<\/script>\n<!-- \/ Yoast SEO plugin. -->","yoast_head_json":{"title":"Le Papillon par Modeca Bluelle | Koonings","description":"Soyez \u00e9l\u00e9gante avec cette robe ajust\u00e9e et \u00e9vas\u00e9e et rendez votre grand jour encore plus sp\u00e9cial. Le corsage en dentelle illusion est dot\u00e9 d'un \u00e9l\u00e9gant d\u00e9collet\u00e9 en V qui se prolonge par un dos sophistiqu\u00e9 en forme de trou de serrure. Les bretelles amovibles ajoutent une touche de romantisme \u00e0 ce look nuptial. La jupe en cr\u00eape est ajust\u00e9e et s'\u00e9vase dans le bas pour former une tra\u00eene longueur chapelle avec des ornements en dentelle. Cette robe est \u00e9galement disponible chez Koonings sans les bretelles d\u00e9tachables - Bluelle-D.","robots":{"index":"index","follow":"follow","max-snippet":"max-snippet:-1","max-image-preview":"max-image-preview:large","max-video-preview":"max-video-preview:-1"},"canonical":"https:\/\/www.koonings.com\/fr\/product\/le-papillon-by-modeca-bluelle\/","og_locale":"fr_FR","og_type":"article","og_title":"Le Papillon par Modeca Bluelle | Koonings","og_description":"Soyez \u00e9l\u00e9gante avec cette robe ajust\u00e9e et \u00e9vas\u00e9e et rendez votre grand jour encore plus sp\u00e9cial. Le corsage en dentelle illusion est dot\u00e9 d'un \u00e9l\u00e9gant d\u00e9collet\u00e9 en V qui se prolonge par un dos sophistiqu\u00e9 en forme de trou de serrure. Les bretelles amovibles ajoutent une touche de romantisme \u00e0 ce look nuptial. La jupe en cr\u00eape est ajust\u00e9e et s'\u00e9vase dans le bas pour former une tra\u00eene longueur chapelle avec des ornements en dentelle. Cette robe est \u00e9galement disponible chez Koonings sans les bretelles d\u00e9tachables - Bluelle-D.","og_url":"https:\/\/www.koonings.com\/fr\/product\/le-papillon-by-modeca-bluelle\/","og_site_name":"Koonings","article_publisher":"https:\/\/www.facebook.com\/kooningstheweddingpalace","og_image":[{"width":769,"height":1086,"url":"https:\/\/www.koonings.com\/wp-content\/uploads\/2024\/11\/38468_850b67a8240845e362bc338a36d0c94a7995db9b6e73634c7a093b99b73dd073bdcc50b9.jpeg","type":"image\/jpeg"}],"twitter_card":"summary_large_image","schema":{"@context":"https:\/\/schema.org","@graph":[{"@type":"WebPage","@id":"https:\/\/www.koonings.com\/fr\/product\/le-papillon-by-modeca-bluelle\/","url":"https:\/\/www.koonings.com\/fr\/product\/le-papillon-by-modeca-bluelle\/","name":"Le Papillon par Modeca Bluelle | Koonings","isPartOf":{"@id":"https:\/\/www.koonings.com\/fr\/#website"},"primaryImageOfPage":{"@id":"https:\/\/www.koonings.com\/fr\/product\/le-papillon-by-modeca-bluelle\/#primaryimage"},"image":{"@id":"https:\/\/www.koonings.com\/fr\/product\/le-papillon-by-modeca-bluelle\/#primaryimage"},"thumbnailUrl":"https:\/\/www.koonings.com\/wp-content\/uploads\/2024\/11\/38468_850b67a8240845e362bc338a36d0c94a7995db9b6e73634c7a093b99b73dd073bdcc50b9.jpeg","datePublished":"2026-05-06T13:10:36+00:00","description":"Soyez \u00e9l\u00e9gante avec cette robe ajust\u00e9e et \u00e9vas\u00e9e et rendez votre grand jour encore plus sp\u00e9cial. Le corsage en dentelle illusion est dot\u00e9 d'un \u00e9l\u00e9gant d\u00e9collet\u00e9 en V qui se prolonge par un dos sophistiqu\u00e9 en forme de trou de serrure. Les bretelles amovibles ajoutent une touche de romantisme \u00e0 ce look nuptial. La jupe en cr\u00eape est ajust\u00e9e et s'\u00e9vase dans le bas pour former une tra\u00eene longueur chapelle avec des ornements en dentelle. Cette robe est \u00e9galement disponible chez Koonings sans les bretelles d\u00e9tachables - Bluelle-D.","breadcrumb":{"@id":"https:\/\/www.koonings.com\/fr\/product\/le-papillon-by-modeca-bluelle\/#breadcrumb"},"inLanguage":"fr-FR","potentialAction":[{"@type":"ReadAction","target":["https:\/\/www.koonings.com\/fr\/product\/le-papillon-by-modeca-bluelle\/"]}]},{"@type":"ImageObject","inLanguage":"fr-FR","@id":"https:\/\/www.koonings.com\/fr\/product\/le-papillon-by-modeca-bluelle\/#primaryimage","url":"https:\/\/www.koonings.com\/wp-content\/uploads\/2024\/11\/38468_850b67a8240845e362bc338a36d0c94a7995db9b6e73634c7a093b99b73dd073bdcc50b9.jpeg","contentUrl":"https:\/\/www.koonings.com\/wp-content\/uploads\/2024\/11\/38468_850b67a8240845e362bc338a36d0c94a7995db9b6e73634c7a093b99b73dd073bdcc50b9.jpeg","width":769,"height":1086},{"@type":"BreadcrumbList","@id":"https:\/\/www.koonings.com\/fr\/product\/le-papillon-by-modeca-bluelle\/#breadcrumb","itemListElement":[{"@type":"ListItem","position":1,"name":"Home","item":"https:\/\/www.koonings.com\/fr\/"},{"@type":"ListItem","position":2,"name":"Le Papillon par Modeca Bluelle"}]},{"@type":"WebSite","@id":"https:\/\/www.koonings.com\/fr\/#website","url":"https:\/\/www.koonings.com\/fr\/","name":"Koonings","description":"De grootste bruidsmodewinkel ter wereld","publisher":{"@id":"https:\/\/www.koonings.com\/fr\/#organization"},"potentialAction":[{"@type":"SearchAction","target":{"@type":"EntryPoint","urlTemplate":"https:\/\/www.koonings.com\/fr\/?s={search_term_string}"},"query-input":{"@type":"PropertyValueSpecification","valueRequired":true,"valueName":"search_term_string"}}],"inLanguage":"fr-FR"},{"@type":"Organization","@id":"https:\/\/www.koonings.com\/fr\/#organization","name":"Koonings","url":"https:\/\/www.koonings.com\/fr\/","logo":{"@type":"ImageObject","inLanguage":"fr-FR","@id":"https:\/\/www.koonings.com\/fr\/#\/schema\/logo\/image\/","url":"https:\/\/www.koonings.com\/wp-content\/uploads\/2024\/07\/logo.png","contentUrl":"https:\/\/www.koonings.com\/wp-content\/uploads\/2024\/07\/logo.png","width":600,"height":428,"caption":"Koonings"},"image":{"@id":"https:\/\/www.koonings.com\/fr\/#\/schema\/logo\/image\/"},"sameAs":["https:\/\/www.facebook.com\/kooningstheweddingpalace","https:\/\/www.instagram.com\/kooningstheweddingpalace","https:\/\/www.pinterest.com\/koonings","https:\/\/www.youtube.com\/kooningstheweddingpalace"]}]}},"_links":{"self":[{"href":"https:\/\/www.koonings.com\/fr\/wp-json\/wp\/v2\/product\/57034","targetHints":{"allow":["GET"]}}],"collection":[{"href":"https:\/\/www.koonings.com\/fr\/wp-json\/wp\/v2\/product"}],"about":[{"href":"https:\/\/www.koonings.com\/fr\/wp-json\/wp\/v2\/types\/product"}],"wp:featuredmedia":[{"embeddable":true,"href":"https:\/\/www.koonings.com\/fr\/wp-json\/wp\/v2\/media\/36127"}],"wp:attachment":[{"href":"https:\/\/www.koonings.com\/fr\/wp-json\/wp\/v2\/media?parent=57034"}],"wp:term":[{"taxonomy":"productdetails","embeddable":true,"href":"https:\/\/www.koonings.com\/fr\/wp-json\/wp\/v2\/productdetails?post=57034"},{"taxonomy":"productneck","embeddable":true,"href":"https:\/\/www.koonings.com\/fr\/wp-json\/wp\/v2\/productneck?post=57034"},{"taxonomy":"productcolor","embeddable":true,"href":"https:\/\/www.koonings.com\/fr\/wp-json\/wp\/v2\/productcolor?post=57034"},{"taxonomy":"maat","embeddable":true,"href":"https:\/\/www.koonings.com\/fr\/wp-json\/wp\/v2\/maat?post=57034"},{"taxonomy":"productsupplier","embeddable":true,"href":"https:\/\/www.koonings.com\/fr\/wp-json\/wp\/v2\/productsupplier?post=57034"},{"taxonomy":"productsleeve","embeddable":true,"href":"https:\/\/www.koonings.com\/fr\/wp-json\/wp\/v2\/productsleeve?post=57034"},{"taxonomy":"productcategory","embeddable":true,"href":"https:\/\/www.koonings.com\/fr\/wp-json\/wp\/v2\/productcategory?post=57034"},{"taxonomy":"productsilhouette","embeddable":true,"href":"https:\/\/www.koonings.com\/fr\/wp-json\/wp\/v2\/productsilhouette?post=57034"},{"taxonomy":"productstyle","embeddable":true,"href":"https:\/\/www.koonings.com\/fr\/wp-json\/wp\/v2\/productstyle?post=57034"}],"curies":[{"name":"wp","href":"https:\/\/api.w.org\/{rel}","templated":true}]}}