{"id":56887,"date":"2026-03-27T16:08:31","date_gmt":"2026-03-27T15:08:31","guid":{"rendered":"https:\/\/www.koonings.com\/product\/ramona-koonings-couture-kn2373-bologna\/"},"modified":"2026-02-16T14:31:20","modified_gmt":"2026-02-16T13:31:20","slug":"ramona-koonings-couture-kn2373-bologna","status":"publish","type":"product","link":"https:\/\/www.koonings.com\/fr\/product\/ramona-koonings-couture-kn2373-bologna\/","title":{"rendered":"Ramona Koonings Couture KN2373 Bologna"},"content":{"rendered":"<p>Ramona Koonings Couture est le r\u00e9sultat des ann\u00e9es de connaissances et d&#8217;exp\u00e9rience de Ramona, combin\u00e9es aux derni\u00e8res tendances, r\u00e9unies dans une collection unique. Dans la collection 2024, mod\u00e8le KN2323 Talinn, la mari\u00e9e s\u00fbre d&#8217;elle trouvera tout ce qu&#8217;il faut pour se faire remarquer le jour de son mariage. Les robes comportent de nombreux \u00e9l\u00e9ments \u00e9tincelants, tels que du tulle paillet\u00e9, des manches de cr\u00e9ateur, une fente haute sexy et bien d&#8217;autres d\u00e9tails sp\u00e9ciaux. Ces robes sont sp\u00e9cialement con\u00e7ues pour les mari\u00e9es qui veulent \u00eatre vues et \u00eatre le centre d&#8217;attention rayonnant le jour de leur mariage. Chaque robe est un mod\u00e8le unique, une pi\u00e8ce d&#8217;exception au look et au toucher couture, con\u00e7ue par Ramona elle-m\u00eame. Cette collection est disponible exclusivement chez Koonings The Wedding Palace !     <\/p>\n","protected":false},"featured_media":32798,"template":"","meta":{"_acf_changed":false,"ghostkit_customizer_options":"","ghostkit_custom_css":"","ghostkit_custom_js_head":"","ghostkit_custom_js_foot":"","ghostkit_typography":""},"productdetails":[376,383],"productneck":[350,353,355],"productcolor":[392],"maat":[],"productsupplier":[419],"productsleeve":[359],"productcategory":[18],"productsilhouette":[384],"productstyle":[367],"class_list":["post-56887","product","type-product","status-publish","has-post-thumbnail","hentry","productdetails-376","productdetails-383","productneck-350","productneck-353","productneck-355","productcolor-392","productsupplier-ramona-koonings-couture","productsleeve-359","productcategory-trouwjurken","productsilhouette-384","productstyle-367"],"acf":[],"yoast_head":"<!-- This site is optimized with the Yoast SEO plugin v26.8 - https:\/\/yoast.com\/product\/yoast-seo-wordpress\/ -->\n<title>Ramona Koonings Couture KN2373 Bologna | Koonings<\/title>\n<meta name=\"description\" content=\"Ramona Koonings Couture est le r\u00e9sultat des ann\u00e9es de connaissances et d&#039;exp\u00e9rience de Ramona, combin\u00e9es aux derni\u00e8res tendances, r\u00e9unies dans une collection unique. Dans la collection 2024, mod\u00e8le KN2323 Talinn, la mari\u00e9e s\u00fbre d&#039;elle trouvera tout ce qu&#039;il faut pour se faire remarquer le jour de son mariage. Les robes comportent de nombreux \u00e9l\u00e9ments \u00e9tincelants, tels que du tulle paillet\u00e9, des manches de cr\u00e9ateur, une fente haute sexy et bien d&#039;autres d\u00e9tails sp\u00e9ciaux. Ces robes sont sp\u00e9cialement con\u00e7ues pour les mari\u00e9es qui veulent \u00eatre vues et \u00eatre le centre d&#039;attention rayonnant le jour de leur mariage. Chaque robe est un mod\u00e8le unique, une pi\u00e8ce d&#039;exception au look et au toucher couture, con\u00e7ue par Ramona elle-m\u00eame. Cette collection est disponible exclusivement chez Koonings The Wedding Palace !\" \/>\n<meta name=\"robots\" content=\"index, follow, max-snippet:-1, max-image-preview:large, max-video-preview:-1\" \/>\n<link rel=\"canonical\" href=\"https:\/\/www.koonings.com\/fr\/product\/ramona-koonings-couture-kn2373-bologna\/\" \/>\n<meta property=\"og:locale\" content=\"fr_FR\" \/>\n<meta property=\"og:type\" content=\"article\" \/>\n<meta property=\"og:title\" content=\"Ramona Koonings Couture KN2373 Bologna | Koonings\" \/>\n<meta property=\"og:description\" content=\"Ramona Koonings Couture est le r\u00e9sultat des ann\u00e9es de connaissances et d&#039;exp\u00e9rience de Ramona, combin\u00e9es aux derni\u00e8res tendances, r\u00e9unies dans une collection unique. Dans la collection 2024, mod\u00e8le KN2323 Talinn, la mari\u00e9e s\u00fbre d&#039;elle trouvera tout ce qu&#039;il faut pour se faire remarquer le jour de son mariage. Les robes comportent de nombreux \u00e9l\u00e9ments \u00e9tincelants, tels que du tulle paillet\u00e9, des manches de cr\u00e9ateur, une fente haute sexy et bien d&#039;autres d\u00e9tails sp\u00e9ciaux. Ces robes sont sp\u00e9cialement con\u00e7ues pour les mari\u00e9es qui veulent \u00eatre vues et \u00eatre le centre d&#039;attention rayonnant le jour de leur mariage. Chaque robe est un mod\u00e8le unique, une pi\u00e8ce d&#039;exception au look et au toucher couture, con\u00e7ue par Ramona elle-m\u00eame. Cette collection est disponible exclusivement chez Koonings The Wedding Palace !\" \/>\n<meta property=\"og:url\" content=\"https:\/\/www.koonings.com\/fr\/product\/ramona-koonings-couture-kn2373-bologna\/\" \/>\n<meta property=\"og:site_name\" content=\"Koonings\" \/>\n<meta property=\"article:publisher\" content=\"https:\/\/www.facebook.com\/kooningstheweddingpalace\" \/>\n<meta property=\"og:image\" content=\"https:\/\/www.koonings.com\/wp-content\/uploads\/2024\/11\/37727_e6679e4e04b03d7c9f5cc36fdb15694b19de19a88fa22ea98de4acfc5c2c1a3919c7ee49-scaled.jpeg\" \/>\n\t<meta property=\"og:image:width\" content=\"1813\" \/>\n\t<meta property=\"og:image:height\" content=\"2560\" \/>\n\t<meta property=\"og:image:type\" content=\"image\/jpeg\" \/>\n<meta name=\"twitter:card\" content=\"summary_large_image\" \/>\n<meta name=\"twitter:label1\" content=\"Dur\u00e9e de lecture estim\u00e9e\" \/>\n\t<meta name=\"twitter:data1\" content=\"1 minute\" \/>\n<script type=\"application\/ld+json\" class=\"yoast-schema-graph\">{\"@context\":\"https:\/\/schema.org\",\"@graph\":[{\"@type\":\"WebPage\",\"@id\":\"https:\/\/www.koonings.com\/fr\/product\/ramona-koonings-couture-kn2373-bologna\/\",\"url\":\"https:\/\/www.koonings.com\/fr\/product\/ramona-koonings-couture-kn2373-bologna\/\",\"name\":\"Ramona Koonings Couture KN2373 Bologna | Koonings\",\"isPartOf\":{\"@id\":\"https:\/\/www.koonings.com\/fr\/#website\"},\"primaryImageOfPage\":{\"@id\":\"https:\/\/www.koonings.com\/fr\/product\/ramona-koonings-couture-kn2373-bologna\/#primaryimage\"},\"image\":{\"@id\":\"https:\/\/www.koonings.com\/fr\/product\/ramona-koonings-couture-kn2373-bologna\/#primaryimage\"},\"thumbnailUrl\":\"https:\/\/www.koonings.com\/wp-content\/uploads\/2024\/11\/37727_e6679e4e04b03d7c9f5cc36fdb15694b19de19a88fa22ea98de4acfc5c2c1a3919c7ee49-scaled.jpeg\",\"datePublished\":\"2026-03-27T15:08:31+00:00\",\"description\":\"Ramona Koonings Couture est le r\u00e9sultat des ann\u00e9es de connaissances et d'exp\u00e9rience de Ramona, combin\u00e9es aux derni\u00e8res tendances, r\u00e9unies dans une collection unique. Dans la collection 2024, mod\u00e8le KN2323 Talinn, la mari\u00e9e s\u00fbre d'elle trouvera tout ce qu'il faut pour se faire remarquer le jour de son mariage. Les robes comportent de nombreux \u00e9l\u00e9ments \u00e9tincelants, tels que du tulle paillet\u00e9, des manches de cr\u00e9ateur, une fente haute sexy et bien d'autres d\u00e9tails sp\u00e9ciaux. Ces robes sont sp\u00e9cialement con\u00e7ues pour les mari\u00e9es qui veulent \u00eatre vues et \u00eatre le centre d'attention rayonnant le jour de leur mariage. Chaque robe est un mod\u00e8le unique, une pi\u00e8ce d'exception au look et au toucher couture, con\u00e7ue par Ramona elle-m\u00eame. Cette collection est disponible exclusivement chez Koonings The Wedding Palace !\",\"breadcrumb\":{\"@id\":\"https:\/\/www.koonings.com\/fr\/product\/ramona-koonings-couture-kn2373-bologna\/#breadcrumb\"},\"inLanguage\":\"fr-FR\",\"potentialAction\":[{\"@type\":\"ReadAction\",\"target\":[\"https:\/\/www.koonings.com\/fr\/product\/ramona-koonings-couture-kn2373-bologna\/\"]}]},{\"@type\":\"ImageObject\",\"inLanguage\":\"fr-FR\",\"@id\":\"https:\/\/www.koonings.com\/fr\/product\/ramona-koonings-couture-kn2373-bologna\/#primaryimage\",\"url\":\"https:\/\/www.koonings.com\/wp-content\/uploads\/2024\/11\/37727_e6679e4e04b03d7c9f5cc36fdb15694b19de19a88fa22ea98de4acfc5c2c1a3919c7ee49-scaled.jpeg\",\"contentUrl\":\"https:\/\/www.koonings.com\/wp-content\/uploads\/2024\/11\/37727_e6679e4e04b03d7c9f5cc36fdb15694b19de19a88fa22ea98de4acfc5c2c1a3919c7ee49-scaled.jpeg\",\"width\":1813,\"height\":2560},{\"@type\":\"BreadcrumbList\",\"@id\":\"https:\/\/www.koonings.com\/fr\/product\/ramona-koonings-couture-kn2373-bologna\/#breadcrumb\",\"itemListElement\":[{\"@type\":\"ListItem\",\"position\":1,\"name\":\"Home\",\"item\":\"https:\/\/www.koonings.com\/fr\/\"},{\"@type\":\"ListItem\",\"position\":2,\"name\":\"Ramona Koonings Couture KN2373 Bologna\"}]},{\"@type\":\"WebSite\",\"@id\":\"https:\/\/www.koonings.com\/fr\/#website\",\"url\":\"https:\/\/www.koonings.com\/fr\/\",\"name\":\"Koonings\",\"description\":\"De grootste bruidsmodewinkel ter wereld\",\"publisher\":{\"@id\":\"https:\/\/www.koonings.com\/fr\/#organization\"},\"potentialAction\":[{\"@type\":\"SearchAction\",\"target\":{\"@type\":\"EntryPoint\",\"urlTemplate\":\"https:\/\/www.koonings.com\/fr\/?s={search_term_string}\"},\"query-input\":{\"@type\":\"PropertyValueSpecification\",\"valueRequired\":true,\"valueName\":\"search_term_string\"}}],\"inLanguage\":\"fr-FR\"},{\"@type\":\"Organization\",\"@id\":\"https:\/\/www.koonings.com\/fr\/#organization\",\"name\":\"Koonings\",\"url\":\"https:\/\/www.koonings.com\/fr\/\",\"logo\":{\"@type\":\"ImageObject\",\"inLanguage\":\"fr-FR\",\"@id\":\"https:\/\/www.koonings.com\/fr\/#\/schema\/logo\/image\/\",\"url\":\"https:\/\/www.koonings.com\/wp-content\/uploads\/2024\/07\/logo.png\",\"contentUrl\":\"https:\/\/www.koonings.com\/wp-content\/uploads\/2024\/07\/logo.png\",\"width\":600,\"height\":428,\"caption\":\"Koonings\"},\"image\":{\"@id\":\"https:\/\/www.koonings.com\/fr\/#\/schema\/logo\/image\/\"},\"sameAs\":[\"https:\/\/www.facebook.com\/kooningstheweddingpalace\",\"https:\/\/www.instagram.com\/kooningstheweddingpalace\",\"https:\/\/www.pinterest.com\/koonings\",\"https:\/\/www.youtube.com\/kooningstheweddingpalace\"]}]}<\/script>\n<!-- \/ Yoast SEO plugin. -->","yoast_head_json":{"title":"Ramona Koonings Couture KN2373 Bologna | Koonings","description":"Ramona Koonings Couture est le r\u00e9sultat des ann\u00e9es de connaissances et d'exp\u00e9rience de Ramona, combin\u00e9es aux derni\u00e8res tendances, r\u00e9unies dans une collection unique. Dans la collection 2024, mod\u00e8le KN2323 Talinn, la mari\u00e9e s\u00fbre d'elle trouvera tout ce qu'il faut pour se faire remarquer le jour de son mariage. Les robes comportent de nombreux \u00e9l\u00e9ments \u00e9tincelants, tels que du tulle paillet\u00e9, des manches de cr\u00e9ateur, une fente haute sexy et bien d'autres d\u00e9tails sp\u00e9ciaux. Ces robes sont sp\u00e9cialement con\u00e7ues pour les mari\u00e9es qui veulent \u00eatre vues et \u00eatre le centre d'attention rayonnant le jour de leur mariage. Chaque robe est un mod\u00e8le unique, une pi\u00e8ce d'exception au look et au toucher couture, con\u00e7ue par Ramona elle-m\u00eame. Cette collection est disponible exclusivement chez Koonings The Wedding Palace !","robots":{"index":"index","follow":"follow","max-snippet":"max-snippet:-1","max-image-preview":"max-image-preview:large","max-video-preview":"max-video-preview:-1"},"canonical":"https:\/\/www.koonings.com\/fr\/product\/ramona-koonings-couture-kn2373-bologna\/","og_locale":"fr_FR","og_type":"article","og_title":"Ramona Koonings Couture KN2373 Bologna | Koonings","og_description":"Ramona Koonings Couture est le r\u00e9sultat des ann\u00e9es de connaissances et d'exp\u00e9rience de Ramona, combin\u00e9es aux derni\u00e8res tendances, r\u00e9unies dans une collection unique. Dans la collection 2024, mod\u00e8le KN2323 Talinn, la mari\u00e9e s\u00fbre d'elle trouvera tout ce qu'il faut pour se faire remarquer le jour de son mariage. Les robes comportent de nombreux \u00e9l\u00e9ments \u00e9tincelants, tels que du tulle paillet\u00e9, des manches de cr\u00e9ateur, une fente haute sexy et bien d'autres d\u00e9tails sp\u00e9ciaux. Ces robes sont sp\u00e9cialement con\u00e7ues pour les mari\u00e9es qui veulent \u00eatre vues et \u00eatre le centre d'attention rayonnant le jour de leur mariage. Chaque robe est un mod\u00e8le unique, une pi\u00e8ce d'exception au look et au toucher couture, con\u00e7ue par Ramona elle-m\u00eame. Cette collection est disponible exclusivement chez Koonings The Wedding Palace !","og_url":"https:\/\/www.koonings.com\/fr\/product\/ramona-koonings-couture-kn2373-bologna\/","og_site_name":"Koonings","article_publisher":"https:\/\/www.facebook.com\/kooningstheweddingpalace","og_image":[{"width":1813,"height":2560,"url":"https:\/\/www.koonings.com\/wp-content\/uploads\/2024\/11\/37727_e6679e4e04b03d7c9f5cc36fdb15694b19de19a88fa22ea98de4acfc5c2c1a3919c7ee49-scaled.jpeg","type":"image\/jpeg"}],"twitter_card":"summary_large_image","twitter_misc":{"Dur\u00e9e de lecture estim\u00e9e":"1 minute"},"schema":{"@context":"https:\/\/schema.org","@graph":[{"@type":"WebPage","@id":"https:\/\/www.koonings.com\/fr\/product\/ramona-koonings-couture-kn2373-bologna\/","url":"https:\/\/www.koonings.com\/fr\/product\/ramona-koonings-couture-kn2373-bologna\/","name":"Ramona Koonings Couture KN2373 Bologna | Koonings","isPartOf":{"@id":"https:\/\/www.koonings.com\/fr\/#website"},"primaryImageOfPage":{"@id":"https:\/\/www.koonings.com\/fr\/product\/ramona-koonings-couture-kn2373-bologna\/#primaryimage"},"image":{"@id":"https:\/\/www.koonings.com\/fr\/product\/ramona-koonings-couture-kn2373-bologna\/#primaryimage"},"thumbnailUrl":"https:\/\/www.koonings.com\/wp-content\/uploads\/2024\/11\/37727_e6679e4e04b03d7c9f5cc36fdb15694b19de19a88fa22ea98de4acfc5c2c1a3919c7ee49-scaled.jpeg","datePublished":"2026-03-27T15:08:31+00:00","description":"Ramona Koonings Couture est le r\u00e9sultat des ann\u00e9es de connaissances et d'exp\u00e9rience de Ramona, combin\u00e9es aux derni\u00e8res tendances, r\u00e9unies dans une collection unique. Dans la collection 2024, mod\u00e8le KN2323 Talinn, la mari\u00e9e s\u00fbre d'elle trouvera tout ce qu'il faut pour se faire remarquer le jour de son mariage. Les robes comportent de nombreux \u00e9l\u00e9ments \u00e9tincelants, tels que du tulle paillet\u00e9, des manches de cr\u00e9ateur, une fente haute sexy et bien d'autres d\u00e9tails sp\u00e9ciaux. Ces robes sont sp\u00e9cialement con\u00e7ues pour les mari\u00e9es qui veulent \u00eatre vues et \u00eatre le centre d'attention rayonnant le jour de leur mariage. Chaque robe est un mod\u00e8le unique, une pi\u00e8ce d'exception au look et au toucher couture, con\u00e7ue par Ramona elle-m\u00eame. Cette collection est disponible exclusivement chez Koonings The Wedding Palace !","breadcrumb":{"@id":"https:\/\/www.koonings.com\/fr\/product\/ramona-koonings-couture-kn2373-bologna\/#breadcrumb"},"inLanguage":"fr-FR","potentialAction":[{"@type":"ReadAction","target":["https:\/\/www.koonings.com\/fr\/product\/ramona-koonings-couture-kn2373-bologna\/"]}]},{"@type":"ImageObject","inLanguage":"fr-FR","@id":"https:\/\/www.koonings.com\/fr\/product\/ramona-koonings-couture-kn2373-bologna\/#primaryimage","url":"https:\/\/www.koonings.com\/wp-content\/uploads\/2024\/11\/37727_e6679e4e04b03d7c9f5cc36fdb15694b19de19a88fa22ea98de4acfc5c2c1a3919c7ee49-scaled.jpeg","contentUrl":"https:\/\/www.koonings.com\/wp-content\/uploads\/2024\/11\/37727_e6679e4e04b03d7c9f5cc36fdb15694b19de19a88fa22ea98de4acfc5c2c1a3919c7ee49-scaled.jpeg","width":1813,"height":2560},{"@type":"BreadcrumbList","@id":"https:\/\/www.koonings.com\/fr\/product\/ramona-koonings-couture-kn2373-bologna\/#breadcrumb","itemListElement":[{"@type":"ListItem","position":1,"name":"Home","item":"https:\/\/www.koonings.com\/fr\/"},{"@type":"ListItem","position":2,"name":"Ramona Koonings Couture KN2373 Bologna"}]},{"@type":"WebSite","@id":"https:\/\/www.koonings.com\/fr\/#website","url":"https:\/\/www.koonings.com\/fr\/","name":"Koonings","description":"De grootste bruidsmodewinkel ter wereld","publisher":{"@id":"https:\/\/www.koonings.com\/fr\/#organization"},"potentialAction":[{"@type":"SearchAction","target":{"@type":"EntryPoint","urlTemplate":"https:\/\/www.koonings.com\/fr\/?s={search_term_string}"},"query-input":{"@type":"PropertyValueSpecification","valueRequired":true,"valueName":"search_term_string"}}],"inLanguage":"fr-FR"},{"@type":"Organization","@id":"https:\/\/www.koonings.com\/fr\/#organization","name":"Koonings","url":"https:\/\/www.koonings.com\/fr\/","logo":{"@type":"ImageObject","inLanguage":"fr-FR","@id":"https:\/\/www.koonings.com\/fr\/#\/schema\/logo\/image\/","url":"https:\/\/www.koonings.com\/wp-content\/uploads\/2024\/07\/logo.png","contentUrl":"https:\/\/www.koonings.com\/wp-content\/uploads\/2024\/07\/logo.png","width":600,"height":428,"caption":"Koonings"},"image":{"@id":"https:\/\/www.koonings.com\/fr\/#\/schema\/logo\/image\/"},"sameAs":["https:\/\/www.facebook.com\/kooningstheweddingpalace","https:\/\/www.instagram.com\/kooningstheweddingpalace","https:\/\/www.pinterest.com\/koonings","https:\/\/www.youtube.com\/kooningstheweddingpalace"]}]}},"_links":{"self":[{"href":"https:\/\/www.koonings.com\/fr\/wp-json\/wp\/v2\/product\/56887","targetHints":{"allow":["GET"]}}],"collection":[{"href":"https:\/\/www.koonings.com\/fr\/wp-json\/wp\/v2\/product"}],"about":[{"href":"https:\/\/www.koonings.com\/fr\/wp-json\/wp\/v2\/types\/product"}],"wp:featuredmedia":[{"embeddable":true,"href":"https:\/\/www.koonings.com\/fr\/wp-json\/wp\/v2\/media\/32798"}],"wp:attachment":[{"href":"https:\/\/www.koonings.com\/fr\/wp-json\/wp\/v2\/media?parent=56887"}],"wp:term":[{"taxonomy":"productdetails","embeddable":true,"href":"https:\/\/www.koonings.com\/fr\/wp-json\/wp\/v2\/productdetails?post=56887"},{"taxonomy":"productneck","embeddable":true,"href":"https:\/\/www.koonings.com\/fr\/wp-json\/wp\/v2\/productneck?post=56887"},{"taxonomy":"productcolor","embeddable":true,"href":"https:\/\/www.koonings.com\/fr\/wp-json\/wp\/v2\/productcolor?post=56887"},{"taxonomy":"maat","embeddable":true,"href":"https:\/\/www.koonings.com\/fr\/wp-json\/wp\/v2\/maat?post=56887"},{"taxonomy":"productsupplier","embeddable":true,"href":"https:\/\/www.koonings.com\/fr\/wp-json\/wp\/v2\/productsupplier?post=56887"},{"taxonomy":"productsleeve","embeddable":true,"href":"https:\/\/www.koonings.com\/fr\/wp-json\/wp\/v2\/productsleeve?post=56887"},{"taxonomy":"productcategory","embeddable":true,"href":"https:\/\/www.koonings.com\/fr\/wp-json\/wp\/v2\/productcategory?post=56887"},{"taxonomy":"productsilhouette","embeddable":true,"href":"https:\/\/www.koonings.com\/fr\/wp-json\/wp\/v2\/productsilhouette?post=56887"},{"taxonomy":"productstyle","embeddable":true,"href":"https:\/\/www.koonings.com\/fr\/wp-json\/wp\/v2\/productstyle?post=56887"}],"curies":[{"name":"wp","href":"https:\/\/api.w.org\/{rel}","templated":true}]}}