{"id":56884,"date":"2026-05-06T15:08:48","date_gmt":"2026-05-06T13:08:48","guid":{"rendered":"https:\/\/www.koonings.com\/product\/randy-fenoli-demi\/"},"modified":"2026-02-16T14:31:37","modified_gmt":"2026-02-16T13:31:37","slug":"randy-fenoli-demi","status":"publish","type":"product","link":"https:\/\/www.koonings.com\/fr\/product\/randy-fenoli-demi\/","title":{"rendered":"Randy Fenoli Demi"},"content":{"rendered":"<p>Une robe de mari\u00e9e absolument fabuleuse avec de nombreux d\u00e9tails raffin\u00e9s. Regardez le superbe haut, avec un magnifique d\u00e9collet\u00e9 bateau et la plus belle dentelle qui soit, qui t\u00e9moigne de l&#8217;\u00e9l\u00e9gance et du romantisme. En outre, la robe de mari\u00e9e pr\u00e9sente une magnifique fente, avec la m\u00eame dentelle en dessous, qui ouvre le look en ajoutant un \u00e9l\u00e9ment unique \u00e0 une robe de mari\u00e9e.  <\/p>\n","protected":false},"featured_media":33136,"template":"","meta":{"_acf_changed":false,"ghostkit_customizer_options":"","ghostkit_custom_css":"","ghostkit_custom_js_head":"","ghostkit_custom_js_foot":"","ghostkit_typography":""},"productdetails":[],"productneck":[350],"productcolor":[392],"maat":[],"productsupplier":[422],"productsleeve":[359],"productcategory":[18],"productsilhouette":[389],"productstyle":[],"class_list":["post-56884","product","type-product","status-publish","has-post-thumbnail","hentry","productneck-350","productcolor-392","productsupplier-randy-fenoli","productsleeve-359","productcategory-trouwjurken","productsilhouette-389"],"acf":[],"yoast_head":"<!-- This site is optimized with the Yoast SEO plugin v27.3 - https:\/\/yoast.com\/product\/yoast-seo-wordpress\/ -->\n<title>Randy Fenoli Demi | Koonings<\/title>\n<meta name=\"description\" content=\"Une robe de mari\u00e9e absolument fabuleuse avec de nombreux d\u00e9tails raffin\u00e9s. Regardez le superbe haut, avec un magnifique d\u00e9collet\u00e9 bateau et la plus belle dentelle qui soit, qui t\u00e9moigne de l&#039;\u00e9l\u00e9gance et du romantisme. En outre, la robe de mari\u00e9e pr\u00e9sente une magnifique fente, avec la m\u00eame dentelle en dessous, qui ouvre le look en ajoutant un \u00e9l\u00e9ment unique \u00e0 une robe de mari\u00e9e.\" \/>\n<meta name=\"robots\" content=\"index, follow, max-snippet:-1, max-image-preview:large, max-video-preview:-1\" \/>\n<link rel=\"canonical\" href=\"https:\/\/www.koonings.com\/fr\/product\/randy-fenoli-demi\/\" \/>\n<meta property=\"og:locale\" content=\"fr_FR\" \/>\n<meta property=\"og:type\" content=\"article\" \/>\n<meta property=\"og:title\" content=\"Randy Fenoli Demi | Koonings\" \/>\n<meta property=\"og:description\" content=\"Une robe de mari\u00e9e absolument fabuleuse avec de nombreux d\u00e9tails raffin\u00e9s. Regardez le superbe haut, avec un magnifique d\u00e9collet\u00e9 bateau et la plus belle dentelle qui soit, qui t\u00e9moigne de l&#039;\u00e9l\u00e9gance et du romantisme. En outre, la robe de mari\u00e9e pr\u00e9sente une magnifique fente, avec la m\u00eame dentelle en dessous, qui ouvre le look en ajoutant un \u00e9l\u00e9ment unique \u00e0 une robe de mari\u00e9e.\" \/>\n<meta property=\"og:url\" content=\"https:\/\/www.koonings.com\/fr\/product\/randy-fenoli-demi\/\" \/>\n<meta property=\"og:site_name\" content=\"Koonings\" \/>\n<meta property=\"article:publisher\" content=\"https:\/\/www.facebook.com\/kooningstheweddingpalace\" \/>\n<meta property=\"og:image\" content=\"https:\/\/www.koonings.com\/wp-content\/uploads\/2024\/11\/37742_6c9a402406724ed74027367ba17904ed4fa9608642e59d40fef3819b344a18fc9a951861.jpeg\" \/>\n\t<meta property=\"og:image:width\" content=\"1677\" \/>\n\t<meta property=\"og:image:height\" content=\"2373\" \/>\n\t<meta property=\"og:image:type\" content=\"image\/jpeg\" \/>\n<meta name=\"twitter:card\" content=\"summary_large_image\" \/>\n<script type=\"application\/ld+json\" class=\"yoast-schema-graph\">{\"@context\":\"https:\\\/\\\/schema.org\",\"@graph\":[{\"@type\":\"WebPage\",\"@id\":\"https:\\\/\\\/www.koonings.com\\\/fr\\\/product\\\/randy-fenoli-demi\\\/\",\"url\":\"https:\\\/\\\/www.koonings.com\\\/fr\\\/product\\\/randy-fenoli-demi\\\/\",\"name\":\"Randy Fenoli Demi | Koonings\",\"isPartOf\":{\"@id\":\"https:\\\/\\\/www.koonings.com\\\/fr\\\/#website\"},\"primaryImageOfPage\":{\"@id\":\"https:\\\/\\\/www.koonings.com\\\/fr\\\/product\\\/randy-fenoli-demi\\\/#primaryimage\"},\"image\":{\"@id\":\"https:\\\/\\\/www.koonings.com\\\/fr\\\/product\\\/randy-fenoli-demi\\\/#primaryimage\"},\"thumbnailUrl\":\"https:\\\/\\\/www.koonings.com\\\/wp-content\\\/uploads\\\/2024\\\/11\\\/37742_6c9a402406724ed74027367ba17904ed4fa9608642e59d40fef3819b344a18fc9a951861.jpeg\",\"datePublished\":\"2026-05-06T13:08:48+00:00\",\"description\":\"Une robe de mari\u00e9e absolument fabuleuse avec de nombreux d\u00e9tails raffin\u00e9s. Regardez le superbe haut, avec un magnifique d\u00e9collet\u00e9 bateau et la plus belle dentelle qui soit, qui t\u00e9moigne de l'\u00e9l\u00e9gance et du romantisme. En outre, la robe de mari\u00e9e pr\u00e9sente une magnifique fente, avec la m\u00eame dentelle en dessous, qui ouvre le look en ajoutant un \u00e9l\u00e9ment unique \u00e0 une robe de mari\u00e9e.\",\"breadcrumb\":{\"@id\":\"https:\\\/\\\/www.koonings.com\\\/fr\\\/product\\\/randy-fenoli-demi\\\/#breadcrumb\"},\"inLanguage\":\"fr-FR\",\"potentialAction\":[{\"@type\":\"ReadAction\",\"target\":[\"https:\\\/\\\/www.koonings.com\\\/fr\\\/product\\\/randy-fenoli-demi\\\/\"]}]},{\"@type\":\"ImageObject\",\"inLanguage\":\"fr-FR\",\"@id\":\"https:\\\/\\\/www.koonings.com\\\/fr\\\/product\\\/randy-fenoli-demi\\\/#primaryimage\",\"url\":\"https:\\\/\\\/www.koonings.com\\\/wp-content\\\/uploads\\\/2024\\\/11\\\/37742_6c9a402406724ed74027367ba17904ed4fa9608642e59d40fef3819b344a18fc9a951861.jpeg\",\"contentUrl\":\"https:\\\/\\\/www.koonings.com\\\/wp-content\\\/uploads\\\/2024\\\/11\\\/37742_6c9a402406724ed74027367ba17904ed4fa9608642e59d40fef3819b344a18fc9a951861.jpeg\",\"width\":1677,\"height\":2373},{\"@type\":\"BreadcrumbList\",\"@id\":\"https:\\\/\\\/www.koonings.com\\\/fr\\\/product\\\/randy-fenoli-demi\\\/#breadcrumb\",\"itemListElement\":[{\"@type\":\"ListItem\",\"position\":1,\"name\":\"Home\",\"item\":\"https:\\\/\\\/www.koonings.com\\\/fr\\\/\"},{\"@type\":\"ListItem\",\"position\":2,\"name\":\"Randy Fenoli Demi\"}]},{\"@type\":\"WebSite\",\"@id\":\"https:\\\/\\\/www.koonings.com\\\/fr\\\/#website\",\"url\":\"https:\\\/\\\/www.koonings.com\\\/fr\\\/\",\"name\":\"Koonings\",\"description\":\"De grootste bruidsmodewinkel ter wereld\",\"publisher\":{\"@id\":\"https:\\\/\\\/www.koonings.com\\\/fr\\\/#organization\"},\"potentialAction\":[{\"@type\":\"SearchAction\",\"target\":{\"@type\":\"EntryPoint\",\"urlTemplate\":\"https:\\\/\\\/www.koonings.com\\\/fr\\\/?s={search_term_string}\"},\"query-input\":{\"@type\":\"PropertyValueSpecification\",\"valueRequired\":true,\"valueName\":\"search_term_string\"}}],\"inLanguage\":\"fr-FR\"},{\"@type\":\"Organization\",\"@id\":\"https:\\\/\\\/www.koonings.com\\\/fr\\\/#organization\",\"name\":\"Koonings\",\"url\":\"https:\\\/\\\/www.koonings.com\\\/fr\\\/\",\"logo\":{\"@type\":\"ImageObject\",\"inLanguage\":\"fr-FR\",\"@id\":\"https:\\\/\\\/www.koonings.com\\\/fr\\\/#\\\/schema\\\/logo\\\/image\\\/\",\"url\":\"https:\\\/\\\/www.koonings.com\\\/wp-content\\\/uploads\\\/2024\\\/07\\\/logo.png\",\"contentUrl\":\"https:\\\/\\\/www.koonings.com\\\/wp-content\\\/uploads\\\/2024\\\/07\\\/logo.png\",\"width\":600,\"height\":428,\"caption\":\"Koonings\"},\"image\":{\"@id\":\"https:\\\/\\\/www.koonings.com\\\/fr\\\/#\\\/schema\\\/logo\\\/image\\\/\"},\"sameAs\":[\"https:\\\/\\\/www.facebook.com\\\/kooningstheweddingpalace\",\"https:\\\/\\\/www.instagram.com\\\/kooningstheweddingpalace\",\"https:\\\/\\\/www.pinterest.com\\\/koonings\",\"https:\\\/\\\/www.youtube.com\\\/kooningstheweddingpalace\"]}]}<\/script>\n<!-- \/ Yoast SEO plugin. -->","yoast_head_json":{"title":"Randy Fenoli Demi | Koonings","description":"Une robe de mari\u00e9e absolument fabuleuse avec de nombreux d\u00e9tails raffin\u00e9s. Regardez le superbe haut, avec un magnifique d\u00e9collet\u00e9 bateau et la plus belle dentelle qui soit, qui t\u00e9moigne de l'\u00e9l\u00e9gance et du romantisme. En outre, la robe de mari\u00e9e pr\u00e9sente une magnifique fente, avec la m\u00eame dentelle en dessous, qui ouvre le look en ajoutant un \u00e9l\u00e9ment unique \u00e0 une robe de mari\u00e9e.","robots":{"index":"index","follow":"follow","max-snippet":"max-snippet:-1","max-image-preview":"max-image-preview:large","max-video-preview":"max-video-preview:-1"},"canonical":"https:\/\/www.koonings.com\/fr\/product\/randy-fenoli-demi\/","og_locale":"fr_FR","og_type":"article","og_title":"Randy Fenoli Demi | Koonings","og_description":"Une robe de mari\u00e9e absolument fabuleuse avec de nombreux d\u00e9tails raffin\u00e9s. Regardez le superbe haut, avec un magnifique d\u00e9collet\u00e9 bateau et la plus belle dentelle qui soit, qui t\u00e9moigne de l'\u00e9l\u00e9gance et du romantisme. En outre, la robe de mari\u00e9e pr\u00e9sente une magnifique fente, avec la m\u00eame dentelle en dessous, qui ouvre le look en ajoutant un \u00e9l\u00e9ment unique \u00e0 une robe de mari\u00e9e.","og_url":"https:\/\/www.koonings.com\/fr\/product\/randy-fenoli-demi\/","og_site_name":"Koonings","article_publisher":"https:\/\/www.facebook.com\/kooningstheweddingpalace","og_image":[{"width":1677,"height":2373,"url":"https:\/\/www.koonings.com\/wp-content\/uploads\/2024\/11\/37742_6c9a402406724ed74027367ba17904ed4fa9608642e59d40fef3819b344a18fc9a951861.jpeg","type":"image\/jpeg"}],"twitter_card":"summary_large_image","schema":{"@context":"https:\/\/schema.org","@graph":[{"@type":"WebPage","@id":"https:\/\/www.koonings.com\/fr\/product\/randy-fenoli-demi\/","url":"https:\/\/www.koonings.com\/fr\/product\/randy-fenoli-demi\/","name":"Randy Fenoli Demi | Koonings","isPartOf":{"@id":"https:\/\/www.koonings.com\/fr\/#website"},"primaryImageOfPage":{"@id":"https:\/\/www.koonings.com\/fr\/product\/randy-fenoli-demi\/#primaryimage"},"image":{"@id":"https:\/\/www.koonings.com\/fr\/product\/randy-fenoli-demi\/#primaryimage"},"thumbnailUrl":"https:\/\/www.koonings.com\/wp-content\/uploads\/2024\/11\/37742_6c9a402406724ed74027367ba17904ed4fa9608642e59d40fef3819b344a18fc9a951861.jpeg","datePublished":"2026-05-06T13:08:48+00:00","description":"Une robe de mari\u00e9e absolument fabuleuse avec de nombreux d\u00e9tails raffin\u00e9s. Regardez le superbe haut, avec un magnifique d\u00e9collet\u00e9 bateau et la plus belle dentelle qui soit, qui t\u00e9moigne de l'\u00e9l\u00e9gance et du romantisme. En outre, la robe de mari\u00e9e pr\u00e9sente une magnifique fente, avec la m\u00eame dentelle en dessous, qui ouvre le look en ajoutant un \u00e9l\u00e9ment unique \u00e0 une robe de mari\u00e9e.","breadcrumb":{"@id":"https:\/\/www.koonings.com\/fr\/product\/randy-fenoli-demi\/#breadcrumb"},"inLanguage":"fr-FR","potentialAction":[{"@type":"ReadAction","target":["https:\/\/www.koonings.com\/fr\/product\/randy-fenoli-demi\/"]}]},{"@type":"ImageObject","inLanguage":"fr-FR","@id":"https:\/\/www.koonings.com\/fr\/product\/randy-fenoli-demi\/#primaryimage","url":"https:\/\/www.koonings.com\/wp-content\/uploads\/2024\/11\/37742_6c9a402406724ed74027367ba17904ed4fa9608642e59d40fef3819b344a18fc9a951861.jpeg","contentUrl":"https:\/\/www.koonings.com\/wp-content\/uploads\/2024\/11\/37742_6c9a402406724ed74027367ba17904ed4fa9608642e59d40fef3819b344a18fc9a951861.jpeg","width":1677,"height":2373},{"@type":"BreadcrumbList","@id":"https:\/\/www.koonings.com\/fr\/product\/randy-fenoli-demi\/#breadcrumb","itemListElement":[{"@type":"ListItem","position":1,"name":"Home","item":"https:\/\/www.koonings.com\/fr\/"},{"@type":"ListItem","position":2,"name":"Randy Fenoli Demi"}]},{"@type":"WebSite","@id":"https:\/\/www.koonings.com\/fr\/#website","url":"https:\/\/www.koonings.com\/fr\/","name":"Koonings","description":"De grootste bruidsmodewinkel ter wereld","publisher":{"@id":"https:\/\/www.koonings.com\/fr\/#organization"},"potentialAction":[{"@type":"SearchAction","target":{"@type":"EntryPoint","urlTemplate":"https:\/\/www.koonings.com\/fr\/?s={search_term_string}"},"query-input":{"@type":"PropertyValueSpecification","valueRequired":true,"valueName":"search_term_string"}}],"inLanguage":"fr-FR"},{"@type":"Organization","@id":"https:\/\/www.koonings.com\/fr\/#organization","name":"Koonings","url":"https:\/\/www.koonings.com\/fr\/","logo":{"@type":"ImageObject","inLanguage":"fr-FR","@id":"https:\/\/www.koonings.com\/fr\/#\/schema\/logo\/image\/","url":"https:\/\/www.koonings.com\/wp-content\/uploads\/2024\/07\/logo.png","contentUrl":"https:\/\/www.koonings.com\/wp-content\/uploads\/2024\/07\/logo.png","width":600,"height":428,"caption":"Koonings"},"image":{"@id":"https:\/\/www.koonings.com\/fr\/#\/schema\/logo\/image\/"},"sameAs":["https:\/\/www.facebook.com\/kooningstheweddingpalace","https:\/\/www.instagram.com\/kooningstheweddingpalace","https:\/\/www.pinterest.com\/koonings","https:\/\/www.youtube.com\/kooningstheweddingpalace"]}]}},"_links":{"self":[{"href":"https:\/\/www.koonings.com\/fr\/wp-json\/wp\/v2\/product\/56884","targetHints":{"allow":["GET"]}}],"collection":[{"href":"https:\/\/www.koonings.com\/fr\/wp-json\/wp\/v2\/product"}],"about":[{"href":"https:\/\/www.koonings.com\/fr\/wp-json\/wp\/v2\/types\/product"}],"wp:featuredmedia":[{"embeddable":true,"href":"https:\/\/www.koonings.com\/fr\/wp-json\/wp\/v2\/media\/33136"}],"wp:attachment":[{"href":"https:\/\/www.koonings.com\/fr\/wp-json\/wp\/v2\/media?parent=56884"}],"wp:term":[{"taxonomy":"productdetails","embeddable":true,"href":"https:\/\/www.koonings.com\/fr\/wp-json\/wp\/v2\/productdetails?post=56884"},{"taxonomy":"productneck","embeddable":true,"href":"https:\/\/www.koonings.com\/fr\/wp-json\/wp\/v2\/productneck?post=56884"},{"taxonomy":"productcolor","embeddable":true,"href":"https:\/\/www.koonings.com\/fr\/wp-json\/wp\/v2\/productcolor?post=56884"},{"taxonomy":"maat","embeddable":true,"href":"https:\/\/www.koonings.com\/fr\/wp-json\/wp\/v2\/maat?post=56884"},{"taxonomy":"productsupplier","embeddable":true,"href":"https:\/\/www.koonings.com\/fr\/wp-json\/wp\/v2\/productsupplier?post=56884"},{"taxonomy":"productsleeve","embeddable":true,"href":"https:\/\/www.koonings.com\/fr\/wp-json\/wp\/v2\/productsleeve?post=56884"},{"taxonomy":"productcategory","embeddable":true,"href":"https:\/\/www.koonings.com\/fr\/wp-json\/wp\/v2\/productcategory?post=56884"},{"taxonomy":"productsilhouette","embeddable":true,"href":"https:\/\/www.koonings.com\/fr\/wp-json\/wp\/v2\/productsilhouette?post=56884"},{"taxonomy":"productstyle","embeddable":true,"href":"https:\/\/www.koonings.com\/fr\/wp-json\/wp\/v2\/productstyle?post=56884"}],"curies":[{"name":"wp","href":"https:\/\/api.w.org\/{rel}","templated":true}]}}