{"id":56852,"date":"2026-04-28T18:08:46","date_gmt":"2026-04-28T16:08:46","guid":{"rendered":"https:\/\/www.koonings.com\/product\/rembo-styling-piu-bella-1\/"},"modified":"2026-02-16T14:31:59","modified_gmt":"2026-02-16T13:31:59","slug":"rembo-styling-piu-bella-1","status":"publish","type":"product","link":"https:\/\/www.koonings.com\/fr\/product\/rembo-styling-piu-bella-1\/","title":{"rendered":"Rembo Styling Piu Bella\/1"},"content":{"rendered":"<p>Piu Bella pr\u00e9sente un haut en dentelle avec un d\u00e9collet\u00e9 en V, un dos ouvert et de fines bretelles. La taille est orn\u00e9e d&#8217;un ruban, qui est \u00e9galement int\u00e9gr\u00e9 \u00e0 l&#8217;ourlet de l&#8217;encolure et au dos. La jupe est en mousseline de soie et comporte une longue tra\u00eene.  <\/p>\n","protected":false},"featured_media":33932,"template":"","meta":{"_acf_changed":false,"ghostkit_customizer_options":"","ghostkit_custom_css":"","ghostkit_custom_js_head":"","ghostkit_custom_js_foot":"","ghostkit_typography":""},"productdetails":[],"productneck":[356],"productcolor":[392],"maat":[],"productsupplier":[414],"productsleeve":[359],"productcategory":[18],"productsilhouette":[389],"productstyle":[364],"class_list":["post-56852","product","type-product","status-publish","has-post-thumbnail","hentry","productneck-356","productcolor-392","productsupplier-rembo-styling","productsleeve-359","productcategory-trouwjurken","productsilhouette-389","productstyle-364"],"acf":[],"yoast_head":"<!-- This site is optimized with the Yoast SEO plugin v27.3 - https:\/\/yoast.com\/product\/yoast-seo-wordpress\/ -->\n<title>Rembo Styling Piu Bella\/1 | Koonings<\/title>\n<meta name=\"description\" content=\"Piu Bella pr\u00e9sente un haut en dentelle avec un d\u00e9collet\u00e9 en V, un dos ouvert et de fines bretelles. La taille est orn\u00e9e d&#039;un ruban, qui est \u00e9galement int\u00e9gr\u00e9 \u00e0 l&#039;ourlet de l&#039;encolure et au dos. La jupe est en mousseline de soie et comporte une longue tra\u00eene.\" \/>\n<meta name=\"robots\" content=\"index, follow, max-snippet:-1, max-image-preview:large, max-video-preview:-1\" \/>\n<link rel=\"canonical\" href=\"https:\/\/www.koonings.com\/fr\/product\/rembo-styling-piu-bella-1\/\" \/>\n<meta property=\"og:locale\" content=\"fr_FR\" \/>\n<meta property=\"og:type\" content=\"article\" \/>\n<meta property=\"og:title\" content=\"Rembo Styling Piu Bella\/1 | Koonings\" \/>\n<meta property=\"og:description\" content=\"Piu Bella pr\u00e9sente un haut en dentelle avec un d\u00e9collet\u00e9 en V, un dos ouvert et de fines bretelles. La taille est orn\u00e9e d&#039;un ruban, qui est \u00e9galement int\u00e9gr\u00e9 \u00e0 l&#039;ourlet de l&#039;encolure et au dos. La jupe est en mousseline de soie et comporte une longue tra\u00eene.\" \/>\n<meta property=\"og:url\" content=\"https:\/\/www.koonings.com\/fr\/product\/rembo-styling-piu-bella-1\/\" \/>\n<meta property=\"og:site_name\" content=\"Koonings\" \/>\n<meta property=\"article:publisher\" content=\"https:\/\/www.facebook.com\/kooningstheweddingpalace\" \/>\n<meta property=\"og:image\" content=\"https:\/\/www.koonings.com\/wp-content\/uploads\/2024\/11\/37753_6b0929d29448cac30629733e90d23d7a7edbba0db14d272b14ed9e9d96e284f023cd684b-scaled.jpeg\" \/>\n\t<meta property=\"og:image:width\" content=\"1707\" \/>\n\t<meta property=\"og:image:height\" content=\"2560\" \/>\n\t<meta property=\"og:image:type\" content=\"image\/jpeg\" \/>\n<meta name=\"twitter:card\" content=\"summary_large_image\" \/>\n<script type=\"application\/ld+json\" class=\"yoast-schema-graph\">{\"@context\":\"https:\\\/\\\/schema.org\",\"@graph\":[{\"@type\":\"WebPage\",\"@id\":\"https:\\\/\\\/www.koonings.com\\\/fr\\\/product\\\/rembo-styling-piu-bella-1\\\/\",\"url\":\"https:\\\/\\\/www.koonings.com\\\/fr\\\/product\\\/rembo-styling-piu-bella-1\\\/\",\"name\":\"Rembo Styling Piu Bella\\\/1 | Koonings\",\"isPartOf\":{\"@id\":\"https:\\\/\\\/www.koonings.com\\\/fr\\\/#website\"},\"primaryImageOfPage\":{\"@id\":\"https:\\\/\\\/www.koonings.com\\\/fr\\\/product\\\/rembo-styling-piu-bella-1\\\/#primaryimage\"},\"image\":{\"@id\":\"https:\\\/\\\/www.koonings.com\\\/fr\\\/product\\\/rembo-styling-piu-bella-1\\\/#primaryimage\"},\"thumbnailUrl\":\"https:\\\/\\\/www.koonings.com\\\/wp-content\\\/uploads\\\/2024\\\/11\\\/37753_6b0929d29448cac30629733e90d23d7a7edbba0db14d272b14ed9e9d96e284f023cd684b-scaled.jpeg\",\"datePublished\":\"2026-04-28T16:08:46+00:00\",\"description\":\"Piu Bella pr\u00e9sente un haut en dentelle avec un d\u00e9collet\u00e9 en V, un dos ouvert et de fines bretelles. La taille est orn\u00e9e d'un ruban, qui est \u00e9galement int\u00e9gr\u00e9 \u00e0 l'ourlet de l'encolure et au dos. La jupe est en mousseline de soie et comporte une longue tra\u00eene.\",\"breadcrumb\":{\"@id\":\"https:\\\/\\\/www.koonings.com\\\/fr\\\/product\\\/rembo-styling-piu-bella-1\\\/#breadcrumb\"},\"inLanguage\":\"fr-FR\",\"potentialAction\":[{\"@type\":\"ReadAction\",\"target\":[\"https:\\\/\\\/www.koonings.com\\\/fr\\\/product\\\/rembo-styling-piu-bella-1\\\/\"]}]},{\"@type\":\"ImageObject\",\"inLanguage\":\"fr-FR\",\"@id\":\"https:\\\/\\\/www.koonings.com\\\/fr\\\/product\\\/rembo-styling-piu-bella-1\\\/#primaryimage\",\"url\":\"https:\\\/\\\/www.koonings.com\\\/wp-content\\\/uploads\\\/2024\\\/11\\\/37753_6b0929d29448cac30629733e90d23d7a7edbba0db14d272b14ed9e9d96e284f023cd684b-scaled.jpeg\",\"contentUrl\":\"https:\\\/\\\/www.koonings.com\\\/wp-content\\\/uploads\\\/2024\\\/11\\\/37753_6b0929d29448cac30629733e90d23d7a7edbba0db14d272b14ed9e9d96e284f023cd684b-scaled.jpeg\",\"width\":1707,\"height\":2560},{\"@type\":\"BreadcrumbList\",\"@id\":\"https:\\\/\\\/www.koonings.com\\\/fr\\\/product\\\/rembo-styling-piu-bella-1\\\/#breadcrumb\",\"itemListElement\":[{\"@type\":\"ListItem\",\"position\":1,\"name\":\"Home\",\"item\":\"https:\\\/\\\/www.koonings.com\\\/fr\\\/\"},{\"@type\":\"ListItem\",\"position\":2,\"name\":\"Rembo Styling Piu Bella\\\/1\"}]},{\"@type\":\"WebSite\",\"@id\":\"https:\\\/\\\/www.koonings.com\\\/fr\\\/#website\",\"url\":\"https:\\\/\\\/www.koonings.com\\\/fr\\\/\",\"name\":\"Koonings\",\"description\":\"De grootste bruidsmodewinkel ter wereld\",\"publisher\":{\"@id\":\"https:\\\/\\\/www.koonings.com\\\/fr\\\/#organization\"},\"potentialAction\":[{\"@type\":\"SearchAction\",\"target\":{\"@type\":\"EntryPoint\",\"urlTemplate\":\"https:\\\/\\\/www.koonings.com\\\/fr\\\/?s={search_term_string}\"},\"query-input\":{\"@type\":\"PropertyValueSpecification\",\"valueRequired\":true,\"valueName\":\"search_term_string\"}}],\"inLanguage\":\"fr-FR\"},{\"@type\":\"Organization\",\"@id\":\"https:\\\/\\\/www.koonings.com\\\/fr\\\/#organization\",\"name\":\"Koonings\",\"url\":\"https:\\\/\\\/www.koonings.com\\\/fr\\\/\",\"logo\":{\"@type\":\"ImageObject\",\"inLanguage\":\"fr-FR\",\"@id\":\"https:\\\/\\\/www.koonings.com\\\/fr\\\/#\\\/schema\\\/logo\\\/image\\\/\",\"url\":\"https:\\\/\\\/www.koonings.com\\\/wp-content\\\/uploads\\\/2024\\\/07\\\/logo.png\",\"contentUrl\":\"https:\\\/\\\/www.koonings.com\\\/wp-content\\\/uploads\\\/2024\\\/07\\\/logo.png\",\"width\":600,\"height\":428,\"caption\":\"Koonings\"},\"image\":{\"@id\":\"https:\\\/\\\/www.koonings.com\\\/fr\\\/#\\\/schema\\\/logo\\\/image\\\/\"},\"sameAs\":[\"https:\\\/\\\/www.facebook.com\\\/kooningstheweddingpalace\",\"https:\\\/\\\/www.instagram.com\\\/kooningstheweddingpalace\",\"https:\\\/\\\/www.pinterest.com\\\/koonings\",\"https:\\\/\\\/www.youtube.com\\\/kooningstheweddingpalace\"]}]}<\/script>\n<!-- \/ Yoast SEO plugin. -->","yoast_head_json":{"title":"Rembo Styling Piu Bella\/1 | Koonings","description":"Piu Bella pr\u00e9sente un haut en dentelle avec un d\u00e9collet\u00e9 en V, un dos ouvert et de fines bretelles. La taille est orn\u00e9e d'un ruban, qui est \u00e9galement int\u00e9gr\u00e9 \u00e0 l'ourlet de l'encolure et au dos. La jupe est en mousseline de soie et comporte une longue tra\u00eene.","robots":{"index":"index","follow":"follow","max-snippet":"max-snippet:-1","max-image-preview":"max-image-preview:large","max-video-preview":"max-video-preview:-1"},"canonical":"https:\/\/www.koonings.com\/fr\/product\/rembo-styling-piu-bella-1\/","og_locale":"fr_FR","og_type":"article","og_title":"Rembo Styling Piu Bella\/1 | Koonings","og_description":"Piu Bella pr\u00e9sente un haut en dentelle avec un d\u00e9collet\u00e9 en V, un dos ouvert et de fines bretelles. La taille est orn\u00e9e d'un ruban, qui est \u00e9galement int\u00e9gr\u00e9 \u00e0 l'ourlet de l'encolure et au dos. La jupe est en mousseline de soie et comporte une longue tra\u00eene.","og_url":"https:\/\/www.koonings.com\/fr\/product\/rembo-styling-piu-bella-1\/","og_site_name":"Koonings","article_publisher":"https:\/\/www.facebook.com\/kooningstheweddingpalace","og_image":[{"width":1707,"height":2560,"url":"https:\/\/www.koonings.com\/wp-content\/uploads\/2024\/11\/37753_6b0929d29448cac30629733e90d23d7a7edbba0db14d272b14ed9e9d96e284f023cd684b-scaled.jpeg","type":"image\/jpeg"}],"twitter_card":"summary_large_image","schema":{"@context":"https:\/\/schema.org","@graph":[{"@type":"WebPage","@id":"https:\/\/www.koonings.com\/fr\/product\/rembo-styling-piu-bella-1\/","url":"https:\/\/www.koonings.com\/fr\/product\/rembo-styling-piu-bella-1\/","name":"Rembo Styling Piu Bella\/1 | Koonings","isPartOf":{"@id":"https:\/\/www.koonings.com\/fr\/#website"},"primaryImageOfPage":{"@id":"https:\/\/www.koonings.com\/fr\/product\/rembo-styling-piu-bella-1\/#primaryimage"},"image":{"@id":"https:\/\/www.koonings.com\/fr\/product\/rembo-styling-piu-bella-1\/#primaryimage"},"thumbnailUrl":"https:\/\/www.koonings.com\/wp-content\/uploads\/2024\/11\/37753_6b0929d29448cac30629733e90d23d7a7edbba0db14d272b14ed9e9d96e284f023cd684b-scaled.jpeg","datePublished":"2026-04-28T16:08:46+00:00","description":"Piu Bella pr\u00e9sente un haut en dentelle avec un d\u00e9collet\u00e9 en V, un dos ouvert et de fines bretelles. La taille est orn\u00e9e d'un ruban, qui est \u00e9galement int\u00e9gr\u00e9 \u00e0 l'ourlet de l'encolure et au dos. La jupe est en mousseline de soie et comporte une longue tra\u00eene.","breadcrumb":{"@id":"https:\/\/www.koonings.com\/fr\/product\/rembo-styling-piu-bella-1\/#breadcrumb"},"inLanguage":"fr-FR","potentialAction":[{"@type":"ReadAction","target":["https:\/\/www.koonings.com\/fr\/product\/rembo-styling-piu-bella-1\/"]}]},{"@type":"ImageObject","inLanguage":"fr-FR","@id":"https:\/\/www.koonings.com\/fr\/product\/rembo-styling-piu-bella-1\/#primaryimage","url":"https:\/\/www.koonings.com\/wp-content\/uploads\/2024\/11\/37753_6b0929d29448cac30629733e90d23d7a7edbba0db14d272b14ed9e9d96e284f023cd684b-scaled.jpeg","contentUrl":"https:\/\/www.koonings.com\/wp-content\/uploads\/2024\/11\/37753_6b0929d29448cac30629733e90d23d7a7edbba0db14d272b14ed9e9d96e284f023cd684b-scaled.jpeg","width":1707,"height":2560},{"@type":"BreadcrumbList","@id":"https:\/\/www.koonings.com\/fr\/product\/rembo-styling-piu-bella-1\/#breadcrumb","itemListElement":[{"@type":"ListItem","position":1,"name":"Home","item":"https:\/\/www.koonings.com\/fr\/"},{"@type":"ListItem","position":2,"name":"Rembo Styling Piu Bella\/1"}]},{"@type":"WebSite","@id":"https:\/\/www.koonings.com\/fr\/#website","url":"https:\/\/www.koonings.com\/fr\/","name":"Koonings","description":"De grootste bruidsmodewinkel ter wereld","publisher":{"@id":"https:\/\/www.koonings.com\/fr\/#organization"},"potentialAction":[{"@type":"SearchAction","target":{"@type":"EntryPoint","urlTemplate":"https:\/\/www.koonings.com\/fr\/?s={search_term_string}"},"query-input":{"@type":"PropertyValueSpecification","valueRequired":true,"valueName":"search_term_string"}}],"inLanguage":"fr-FR"},{"@type":"Organization","@id":"https:\/\/www.koonings.com\/fr\/#organization","name":"Koonings","url":"https:\/\/www.koonings.com\/fr\/","logo":{"@type":"ImageObject","inLanguage":"fr-FR","@id":"https:\/\/www.koonings.com\/fr\/#\/schema\/logo\/image\/","url":"https:\/\/www.koonings.com\/wp-content\/uploads\/2024\/07\/logo.png","contentUrl":"https:\/\/www.koonings.com\/wp-content\/uploads\/2024\/07\/logo.png","width":600,"height":428,"caption":"Koonings"},"image":{"@id":"https:\/\/www.koonings.com\/fr\/#\/schema\/logo\/image\/"},"sameAs":["https:\/\/www.facebook.com\/kooningstheweddingpalace","https:\/\/www.instagram.com\/kooningstheweddingpalace","https:\/\/www.pinterest.com\/koonings","https:\/\/www.youtube.com\/kooningstheweddingpalace"]}]}},"_links":{"self":[{"href":"https:\/\/www.koonings.com\/fr\/wp-json\/wp\/v2\/product\/56852","targetHints":{"allow":["GET"]}}],"collection":[{"href":"https:\/\/www.koonings.com\/fr\/wp-json\/wp\/v2\/product"}],"about":[{"href":"https:\/\/www.koonings.com\/fr\/wp-json\/wp\/v2\/types\/product"}],"wp:featuredmedia":[{"embeddable":true,"href":"https:\/\/www.koonings.com\/fr\/wp-json\/wp\/v2\/media\/33932"}],"wp:attachment":[{"href":"https:\/\/www.koonings.com\/fr\/wp-json\/wp\/v2\/media?parent=56852"}],"wp:term":[{"taxonomy":"productdetails","embeddable":true,"href":"https:\/\/www.koonings.com\/fr\/wp-json\/wp\/v2\/productdetails?post=56852"},{"taxonomy":"productneck","embeddable":true,"href":"https:\/\/www.koonings.com\/fr\/wp-json\/wp\/v2\/productneck?post=56852"},{"taxonomy":"productcolor","embeddable":true,"href":"https:\/\/www.koonings.com\/fr\/wp-json\/wp\/v2\/productcolor?post=56852"},{"taxonomy":"maat","embeddable":true,"href":"https:\/\/www.koonings.com\/fr\/wp-json\/wp\/v2\/maat?post=56852"},{"taxonomy":"productsupplier","embeddable":true,"href":"https:\/\/www.koonings.com\/fr\/wp-json\/wp\/v2\/productsupplier?post=56852"},{"taxonomy":"productsleeve","embeddable":true,"href":"https:\/\/www.koonings.com\/fr\/wp-json\/wp\/v2\/productsleeve?post=56852"},{"taxonomy":"productcategory","embeddable":true,"href":"https:\/\/www.koonings.com\/fr\/wp-json\/wp\/v2\/productcategory?post=56852"},{"taxonomy":"productsilhouette","embeddable":true,"href":"https:\/\/www.koonings.com\/fr\/wp-json\/wp\/v2\/productsilhouette?post=56852"},{"taxonomy":"productstyle","embeddable":true,"href":"https:\/\/www.koonings.com\/fr\/wp-json\/wp\/v2\/productstyle?post=56852"}],"curies":[{"name":"wp","href":"https:\/\/api.w.org\/{rel}","templated":true}]}}