{"id":56844,"date":"2025-12-15T00:12:29","date_gmt":"2025-12-14T23:12:29","guid":{"rendered":"https:\/\/www.koonings.com\/product\/ladybird-elira\/"},"modified":"2026-02-03T18:02:08","modified_gmt":"2026-02-03T17:02:08","slug":"ladybird-elira","status":"publish","type":"product","link":"https:\/\/www.koonings.com\/fr\/product\/ladybird-elira\/","title":{"rendered":"Coccinelle Elira"},"content":{"rendered":"<p>Cette robe de mari\u00e9e souple et droite s&#8217;adapte tr\u00e8s bien \u00e0 la c\u00e9r\u00e9monie de mariage sur la plage ou dans un style champ\u00eatre. Le corsage illusion est enti\u00e8rement recouvert de dentelle et pr\u00e9sente une encolure haute, des \u00e9paules d\u00e9collet\u00e9es et une fermeture \u00e0 boutons dans le dos. La dentelle \u00e0 la taille marque la transition entre le corsage et la jupe, qui se compose de plusieurs couches de tulle doux.  <\/p>\n","protected":false},"featured_media":33985,"template":"","meta":{"_acf_changed":false,"ghostkit_customizer_options":"","ghostkit_custom_css":"","ghostkit_custom_js_head":"","ghostkit_custom_js_foot":"","ghostkit_typography":""},"productdetails":[381],"productneck":[350,351],"productcolor":[392],"maat":[],"productsupplier":[437],"productsleeve":[360],"productcategory":[18],"productsilhouette":[389],"productstyle":[373],"class_list":["post-56844","product","type-product","status-publish","has-post-thumbnail","hentry","productdetails-381","productneck-350","productneck-351","productcolor-392","productsupplier-ladybird","productsleeve-360","productcategory-trouwjurken","productsilhouette-389","productstyle-373"],"acf":[],"yoast_head":"<!-- This site is optimized with the Yoast SEO plugin v27.3 - https:\/\/yoast.com\/product\/yoast-seo-wordpress\/ -->\n<title>Coccinelle Elira | Koonings<\/title>\n<meta name=\"description\" content=\"Cette robe de mari\u00e9e souple et droite s&#039;adapte tr\u00e8s bien \u00e0 la c\u00e9r\u00e9monie de mariage sur la plage ou dans un style champ\u00eatre. Le corsage illusion est enti\u00e8rement recouvert de dentelle et pr\u00e9sente une encolure haute, des \u00e9paules d\u00e9collet\u00e9es et une fermeture \u00e0 boutons dans le dos. La dentelle \u00e0 la taille marque la transition entre le corsage et la jupe, qui se compose de plusieurs couches de tulle doux.\" \/>\n<meta name=\"robots\" content=\"index, follow, max-snippet:-1, max-image-preview:large, max-video-preview:-1\" \/>\n<link rel=\"canonical\" href=\"https:\/\/www.koonings.com\/fr\/product\/ladybird-elira\/\" \/>\n<meta property=\"og:locale\" content=\"fr_FR\" \/>\n<meta property=\"og:type\" content=\"article\" \/>\n<meta property=\"og:title\" content=\"Coccinelle Elira | Koonings\" \/>\n<meta property=\"og:description\" content=\"Cette robe de mari\u00e9e souple et droite s&#039;adapte tr\u00e8s bien \u00e0 la c\u00e9r\u00e9monie de mariage sur la plage ou dans un style champ\u00eatre. Le corsage illusion est enti\u00e8rement recouvert de dentelle et pr\u00e9sente une encolure haute, des \u00e9paules d\u00e9collet\u00e9es et une fermeture \u00e0 boutons dans le dos. La dentelle \u00e0 la taille marque la transition entre le corsage et la jupe, qui se compose de plusieurs couches de tulle doux.\" \/>\n<meta property=\"og:url\" content=\"https:\/\/www.koonings.com\/fr\/product\/ladybird-elira\/\" \/>\n<meta property=\"og:site_name\" content=\"Koonings\" \/>\n<meta property=\"article:publisher\" content=\"https:\/\/www.facebook.com\/kooningstheweddingpalace\" \/>\n<meta property=\"article:modified_time\" content=\"2026-02-03T17:02:08+00:00\" \/>\n<meta property=\"og:image\" content=\"https:\/\/www.koonings.com\/wp-content\/uploads\/2024\/11\/37766_f48a09dd552269be759b5048cbf32b5ca51adf9cd1149b5a87ece854847cc2e26c44b981-scaled.jpeg\" \/>\n\t<meta property=\"og:image:width\" content=\"1810\" \/>\n\t<meta property=\"og:image:height\" content=\"2560\" \/>\n\t<meta property=\"og:image:type\" content=\"image\/jpeg\" \/>\n<meta name=\"twitter:card\" content=\"summary_large_image\" \/>\n<script type=\"application\/ld+json\" class=\"yoast-schema-graph\">{\"@context\":\"https:\\\/\\\/schema.org\",\"@graph\":[{\"@type\":\"WebPage\",\"@id\":\"https:\\\/\\\/www.koonings.com\\\/fr\\\/product\\\/ladybird-elira\\\/\",\"url\":\"https:\\\/\\\/www.koonings.com\\\/fr\\\/product\\\/ladybird-elira\\\/\",\"name\":\"Coccinelle Elira | Koonings\",\"isPartOf\":{\"@id\":\"https:\\\/\\\/www.koonings.com\\\/fr\\\/#website\"},\"primaryImageOfPage\":{\"@id\":\"https:\\\/\\\/www.koonings.com\\\/fr\\\/product\\\/ladybird-elira\\\/#primaryimage\"},\"image\":{\"@id\":\"https:\\\/\\\/www.koonings.com\\\/fr\\\/product\\\/ladybird-elira\\\/#primaryimage\"},\"thumbnailUrl\":\"https:\\\/\\\/www.koonings.com\\\/wp-content\\\/uploads\\\/2024\\\/11\\\/37766_f48a09dd552269be759b5048cbf32b5ca51adf9cd1149b5a87ece854847cc2e26c44b981-scaled.jpeg\",\"datePublished\":\"2025-12-14T23:12:29+00:00\",\"dateModified\":\"2026-02-03T17:02:08+00:00\",\"description\":\"Cette robe de mari\u00e9e souple et droite s'adapte tr\u00e8s bien \u00e0 la c\u00e9r\u00e9monie de mariage sur la plage ou dans un style champ\u00eatre. Le corsage illusion est enti\u00e8rement recouvert de dentelle et pr\u00e9sente une encolure haute, des \u00e9paules d\u00e9collet\u00e9es et une fermeture \u00e0 boutons dans le dos. La dentelle \u00e0 la taille marque la transition entre le corsage et la jupe, qui se compose de plusieurs couches de tulle doux.\",\"breadcrumb\":{\"@id\":\"https:\\\/\\\/www.koonings.com\\\/fr\\\/product\\\/ladybird-elira\\\/#breadcrumb\"},\"inLanguage\":\"fr-FR\",\"potentialAction\":[{\"@type\":\"ReadAction\",\"target\":[\"https:\\\/\\\/www.koonings.com\\\/fr\\\/product\\\/ladybird-elira\\\/\"]}]},{\"@type\":\"ImageObject\",\"inLanguage\":\"fr-FR\",\"@id\":\"https:\\\/\\\/www.koonings.com\\\/fr\\\/product\\\/ladybird-elira\\\/#primaryimage\",\"url\":\"https:\\\/\\\/www.koonings.com\\\/wp-content\\\/uploads\\\/2024\\\/11\\\/37766_f48a09dd552269be759b5048cbf32b5ca51adf9cd1149b5a87ece854847cc2e26c44b981-scaled.jpeg\",\"contentUrl\":\"https:\\\/\\\/www.koonings.com\\\/wp-content\\\/uploads\\\/2024\\\/11\\\/37766_f48a09dd552269be759b5048cbf32b5ca51adf9cd1149b5a87ece854847cc2e26c44b981-scaled.jpeg\",\"width\":1810,\"height\":2560},{\"@type\":\"BreadcrumbList\",\"@id\":\"https:\\\/\\\/www.koonings.com\\\/fr\\\/product\\\/ladybird-elira\\\/#breadcrumb\",\"itemListElement\":[{\"@type\":\"ListItem\",\"position\":1,\"name\":\"Home\",\"item\":\"https:\\\/\\\/www.koonings.com\\\/fr\\\/\"},{\"@type\":\"ListItem\",\"position\":2,\"name\":\"Coccinelle Elira\"}]},{\"@type\":\"WebSite\",\"@id\":\"https:\\\/\\\/www.koonings.com\\\/fr\\\/#website\",\"url\":\"https:\\\/\\\/www.koonings.com\\\/fr\\\/\",\"name\":\"Koonings\",\"description\":\"De grootste bruidsmodewinkel ter wereld\",\"publisher\":{\"@id\":\"https:\\\/\\\/www.koonings.com\\\/fr\\\/#organization\"},\"potentialAction\":[{\"@type\":\"SearchAction\",\"target\":{\"@type\":\"EntryPoint\",\"urlTemplate\":\"https:\\\/\\\/www.koonings.com\\\/fr\\\/?s={search_term_string}\"},\"query-input\":{\"@type\":\"PropertyValueSpecification\",\"valueRequired\":true,\"valueName\":\"search_term_string\"}}],\"inLanguage\":\"fr-FR\"},{\"@type\":\"Organization\",\"@id\":\"https:\\\/\\\/www.koonings.com\\\/fr\\\/#organization\",\"name\":\"Koonings\",\"url\":\"https:\\\/\\\/www.koonings.com\\\/fr\\\/\",\"logo\":{\"@type\":\"ImageObject\",\"inLanguage\":\"fr-FR\",\"@id\":\"https:\\\/\\\/www.koonings.com\\\/fr\\\/#\\\/schema\\\/logo\\\/image\\\/\",\"url\":\"https:\\\/\\\/www.koonings.com\\\/wp-content\\\/uploads\\\/2024\\\/07\\\/logo.png\",\"contentUrl\":\"https:\\\/\\\/www.koonings.com\\\/wp-content\\\/uploads\\\/2024\\\/07\\\/logo.png\",\"width\":600,\"height\":428,\"caption\":\"Koonings\"},\"image\":{\"@id\":\"https:\\\/\\\/www.koonings.com\\\/fr\\\/#\\\/schema\\\/logo\\\/image\\\/\"},\"sameAs\":[\"https:\\\/\\\/www.facebook.com\\\/kooningstheweddingpalace\",\"https:\\\/\\\/www.instagram.com\\\/kooningstheweddingpalace\",\"https:\\\/\\\/www.pinterest.com\\\/koonings\",\"https:\\\/\\\/www.youtube.com\\\/kooningstheweddingpalace\"]}]}<\/script>\n<!-- \/ Yoast SEO plugin. -->","yoast_head_json":{"title":"Coccinelle Elira | Koonings","description":"Cette robe de mari\u00e9e souple et droite s'adapte tr\u00e8s bien \u00e0 la c\u00e9r\u00e9monie de mariage sur la plage ou dans un style champ\u00eatre. Le corsage illusion est enti\u00e8rement recouvert de dentelle et pr\u00e9sente une encolure haute, des \u00e9paules d\u00e9collet\u00e9es et une fermeture \u00e0 boutons dans le dos. La dentelle \u00e0 la taille marque la transition entre le corsage et la jupe, qui se compose de plusieurs couches de tulle doux.","robots":{"index":"index","follow":"follow","max-snippet":"max-snippet:-1","max-image-preview":"max-image-preview:large","max-video-preview":"max-video-preview:-1"},"canonical":"https:\/\/www.koonings.com\/fr\/product\/ladybird-elira\/","og_locale":"fr_FR","og_type":"article","og_title":"Coccinelle Elira | Koonings","og_description":"Cette robe de mari\u00e9e souple et droite s'adapte tr\u00e8s bien \u00e0 la c\u00e9r\u00e9monie de mariage sur la plage ou dans un style champ\u00eatre. Le corsage illusion est enti\u00e8rement recouvert de dentelle et pr\u00e9sente une encolure haute, des \u00e9paules d\u00e9collet\u00e9es et une fermeture \u00e0 boutons dans le dos. La dentelle \u00e0 la taille marque la transition entre le corsage et la jupe, qui se compose de plusieurs couches de tulle doux.","og_url":"https:\/\/www.koonings.com\/fr\/product\/ladybird-elira\/","og_site_name":"Koonings","article_publisher":"https:\/\/www.facebook.com\/kooningstheweddingpalace","article_modified_time":"2026-02-03T17:02:08+00:00","og_image":[{"width":1810,"height":2560,"url":"https:\/\/www.koonings.com\/wp-content\/uploads\/2024\/11\/37766_f48a09dd552269be759b5048cbf32b5ca51adf9cd1149b5a87ece854847cc2e26c44b981-scaled.jpeg","type":"image\/jpeg"}],"twitter_card":"summary_large_image","schema":{"@context":"https:\/\/schema.org","@graph":[{"@type":"WebPage","@id":"https:\/\/www.koonings.com\/fr\/product\/ladybird-elira\/","url":"https:\/\/www.koonings.com\/fr\/product\/ladybird-elira\/","name":"Coccinelle Elira | Koonings","isPartOf":{"@id":"https:\/\/www.koonings.com\/fr\/#website"},"primaryImageOfPage":{"@id":"https:\/\/www.koonings.com\/fr\/product\/ladybird-elira\/#primaryimage"},"image":{"@id":"https:\/\/www.koonings.com\/fr\/product\/ladybird-elira\/#primaryimage"},"thumbnailUrl":"https:\/\/www.koonings.com\/wp-content\/uploads\/2024\/11\/37766_f48a09dd552269be759b5048cbf32b5ca51adf9cd1149b5a87ece854847cc2e26c44b981-scaled.jpeg","datePublished":"2025-12-14T23:12:29+00:00","dateModified":"2026-02-03T17:02:08+00:00","description":"Cette robe de mari\u00e9e souple et droite s'adapte tr\u00e8s bien \u00e0 la c\u00e9r\u00e9monie de mariage sur la plage ou dans un style champ\u00eatre. Le corsage illusion est enti\u00e8rement recouvert de dentelle et pr\u00e9sente une encolure haute, des \u00e9paules d\u00e9collet\u00e9es et une fermeture \u00e0 boutons dans le dos. La dentelle \u00e0 la taille marque la transition entre le corsage et la jupe, qui se compose de plusieurs couches de tulle doux.","breadcrumb":{"@id":"https:\/\/www.koonings.com\/fr\/product\/ladybird-elira\/#breadcrumb"},"inLanguage":"fr-FR","potentialAction":[{"@type":"ReadAction","target":["https:\/\/www.koonings.com\/fr\/product\/ladybird-elira\/"]}]},{"@type":"ImageObject","inLanguage":"fr-FR","@id":"https:\/\/www.koonings.com\/fr\/product\/ladybird-elira\/#primaryimage","url":"https:\/\/www.koonings.com\/wp-content\/uploads\/2024\/11\/37766_f48a09dd552269be759b5048cbf32b5ca51adf9cd1149b5a87ece854847cc2e26c44b981-scaled.jpeg","contentUrl":"https:\/\/www.koonings.com\/wp-content\/uploads\/2024\/11\/37766_f48a09dd552269be759b5048cbf32b5ca51adf9cd1149b5a87ece854847cc2e26c44b981-scaled.jpeg","width":1810,"height":2560},{"@type":"BreadcrumbList","@id":"https:\/\/www.koonings.com\/fr\/product\/ladybird-elira\/#breadcrumb","itemListElement":[{"@type":"ListItem","position":1,"name":"Home","item":"https:\/\/www.koonings.com\/fr\/"},{"@type":"ListItem","position":2,"name":"Coccinelle Elira"}]},{"@type":"WebSite","@id":"https:\/\/www.koonings.com\/fr\/#website","url":"https:\/\/www.koonings.com\/fr\/","name":"Koonings","description":"De grootste bruidsmodewinkel ter wereld","publisher":{"@id":"https:\/\/www.koonings.com\/fr\/#organization"},"potentialAction":[{"@type":"SearchAction","target":{"@type":"EntryPoint","urlTemplate":"https:\/\/www.koonings.com\/fr\/?s={search_term_string}"},"query-input":{"@type":"PropertyValueSpecification","valueRequired":true,"valueName":"search_term_string"}}],"inLanguage":"fr-FR"},{"@type":"Organization","@id":"https:\/\/www.koonings.com\/fr\/#organization","name":"Koonings","url":"https:\/\/www.koonings.com\/fr\/","logo":{"@type":"ImageObject","inLanguage":"fr-FR","@id":"https:\/\/www.koonings.com\/fr\/#\/schema\/logo\/image\/","url":"https:\/\/www.koonings.com\/wp-content\/uploads\/2024\/07\/logo.png","contentUrl":"https:\/\/www.koonings.com\/wp-content\/uploads\/2024\/07\/logo.png","width":600,"height":428,"caption":"Koonings"},"image":{"@id":"https:\/\/www.koonings.com\/fr\/#\/schema\/logo\/image\/"},"sameAs":["https:\/\/www.facebook.com\/kooningstheweddingpalace","https:\/\/www.instagram.com\/kooningstheweddingpalace","https:\/\/www.pinterest.com\/koonings","https:\/\/www.youtube.com\/kooningstheweddingpalace"]}]}},"_links":{"self":[{"href":"https:\/\/www.koonings.com\/fr\/wp-json\/wp\/v2\/product\/56844","targetHints":{"allow":["GET"]}}],"collection":[{"href":"https:\/\/www.koonings.com\/fr\/wp-json\/wp\/v2\/product"}],"about":[{"href":"https:\/\/www.koonings.com\/fr\/wp-json\/wp\/v2\/types\/product"}],"wp:featuredmedia":[{"embeddable":true,"href":"https:\/\/www.koonings.com\/fr\/wp-json\/wp\/v2\/media\/33985"}],"wp:attachment":[{"href":"https:\/\/www.koonings.com\/fr\/wp-json\/wp\/v2\/media?parent=56844"}],"wp:term":[{"taxonomy":"productdetails","embeddable":true,"href":"https:\/\/www.koonings.com\/fr\/wp-json\/wp\/v2\/productdetails?post=56844"},{"taxonomy":"productneck","embeddable":true,"href":"https:\/\/www.koonings.com\/fr\/wp-json\/wp\/v2\/productneck?post=56844"},{"taxonomy":"productcolor","embeddable":true,"href":"https:\/\/www.koonings.com\/fr\/wp-json\/wp\/v2\/productcolor?post=56844"},{"taxonomy":"maat","embeddable":true,"href":"https:\/\/www.koonings.com\/fr\/wp-json\/wp\/v2\/maat?post=56844"},{"taxonomy":"productsupplier","embeddable":true,"href":"https:\/\/www.koonings.com\/fr\/wp-json\/wp\/v2\/productsupplier?post=56844"},{"taxonomy":"productsleeve","embeddable":true,"href":"https:\/\/www.koonings.com\/fr\/wp-json\/wp\/v2\/productsleeve?post=56844"},{"taxonomy":"productcategory","embeddable":true,"href":"https:\/\/www.koonings.com\/fr\/wp-json\/wp\/v2\/productcategory?post=56844"},{"taxonomy":"productsilhouette","embeddable":true,"href":"https:\/\/www.koonings.com\/fr\/wp-json\/wp\/v2\/productsilhouette?post=56844"},{"taxonomy":"productstyle","embeddable":true,"href":"https:\/\/www.koonings.com\/fr\/wp-json\/wp\/v2\/productstyle?post=56844"}],"curies":[{"name":"wp","href":"https:\/\/api.w.org\/{rel}","templated":true}]}}