{"id":56795,"date":"2025-12-15T00:12:35","date_gmt":"2025-12-14T23:12:35","guid":{"rendered":"https:\/\/www.koonings.com\/product\/enzoani-blue-collection-petunia-l\/"},"modified":"2026-02-03T18:03:08","modified_gmt":"2026-02-03T17:03:08","slug":"enzoani-blue-collection-petunia-l","status":"publish","type":"product","link":"https:\/\/www.koonings.com\/fr\/product\/enzoani-blue-collection-petunia-l\/","title":{"rendered":"Enzoani Blue collection Petunia-L"},"content":{"rendered":"<p>Douce et \u00e9th\u00e9r\u00e9e, cette somptueuse robe de mari\u00e9e en ligne A pr\u00e9sente un d\u00e9collet\u00e9 en V en c\u0153ur sur un magnifique corsage en dentelle chatoyante, associ\u00e9 \u00e0 des manches \u00e9piscopales romantiques amovibles en tulle transparent et \u00e0 des bretelles d\u00e9collet\u00e9es en broderie florale 3D. Des appliques fantaisistes ornent le corsage de style corset et descendent doucement jusqu&#8217;\u00e0 la somptueuse jupe. Cette robe est parfaite pour les mari\u00e9es modernes qui recherchent \u00e0 la fois des d\u00e9tails \u00e9poustouflants et une polyvalence unique.  <\/p>\n","protected":false},"featured_media":34208,"template":"","meta":{"_acf_changed":false,"ghostkit_customizer_options":"","ghostkit_custom_css":"","ghostkit_custom_js_head":"","ghostkit_custom_js_foot":"","ghostkit_typography":""},"productdetails":[379,380,381],"productneck":[355],"productcolor":[393,392],"maat":[],"productsupplier":[405],"productsleeve":[357,363],"productcategory":[18],"productsilhouette":[384],"productstyle":[366,370],"class_list":["post-56795","product","type-product","status-publish","has-post-thumbnail","hentry","productdetails-379","productdetails-380","productdetails-381","productneck-355","productcolor-393","productcolor-392","productsupplier-enzoani-blue-collection","productsleeve-357","productsleeve-363","productcategory-trouwjurken","productsilhouette-384","productstyle-366","productstyle-370"],"acf":[],"yoast_head":"<!-- This site is optimized with the Yoast SEO plugin v27.3 - https:\/\/yoast.com\/product\/yoast-seo-wordpress\/ -->\n<title>Enzoani Blue collection Petunia-L | Koonings<\/title>\n<meta name=\"description\" content=\"Douce et \u00e9th\u00e9r\u00e9e, cette somptueuse robe de mari\u00e9e en ligne A pr\u00e9sente un d\u00e9collet\u00e9 en V en c\u0153ur sur un magnifique corsage en dentelle chatoyante, associ\u00e9 \u00e0 des manches \u00e9piscopales romantiques amovibles en tulle transparent et \u00e0 des bretelles d\u00e9collet\u00e9es en broderie florale 3D. Des appliques fantaisistes ornent le corsage de style corset et descendent doucement jusqu&#039;\u00e0 la somptueuse jupe. Cette robe est parfaite pour les mari\u00e9es modernes qui recherchent \u00e0 la fois des d\u00e9tails \u00e9poustouflants et une polyvalence unique.\" \/>\n<meta name=\"robots\" content=\"index, follow, max-snippet:-1, max-image-preview:large, max-video-preview:-1\" \/>\n<link rel=\"canonical\" href=\"https:\/\/www.koonings.com\/fr\/product\/enzoani-blue-collection-petunia-l\/\" \/>\n<meta property=\"og:locale\" content=\"fr_FR\" \/>\n<meta property=\"og:type\" content=\"article\" \/>\n<meta property=\"og:title\" content=\"Enzoani Blue collection Petunia-L | Koonings\" \/>\n<meta property=\"og:description\" content=\"Douce et \u00e9th\u00e9r\u00e9e, cette somptueuse robe de mari\u00e9e en ligne A pr\u00e9sente un d\u00e9collet\u00e9 en V en c\u0153ur sur un magnifique corsage en dentelle chatoyante, associ\u00e9 \u00e0 des manches \u00e9piscopales romantiques amovibles en tulle transparent et \u00e0 des bretelles d\u00e9collet\u00e9es en broderie florale 3D. Des appliques fantaisistes ornent le corsage de style corset et descendent doucement jusqu&#039;\u00e0 la somptueuse jupe. Cette robe est parfaite pour les mari\u00e9es modernes qui recherchent \u00e0 la fois des d\u00e9tails \u00e9poustouflants et une polyvalence unique.\" \/>\n<meta property=\"og:url\" content=\"https:\/\/www.koonings.com\/fr\/product\/enzoani-blue-collection-petunia-l\/\" \/>\n<meta property=\"og:site_name\" content=\"Koonings\" \/>\n<meta property=\"article:publisher\" content=\"https:\/\/www.facebook.com\/kooningstheweddingpalace\" \/>\n<meta property=\"article:modified_time\" content=\"2026-02-03T17:03:08+00:00\" \/>\n<meta property=\"og:image\" content=\"https:\/\/www.koonings.com\/wp-content\/uploads\/2024\/11\/37823_d8af25d207a1828b6bce790b85b05dc0802a49b9364e42539bfee810ee8b3f2ce66093b7.jpeg\" \/>\n\t<meta property=\"og:image:width\" content=\"974\" \/>\n\t<meta property=\"og:image:height\" content=\"1380\" \/>\n\t<meta property=\"og:image:type\" content=\"image\/jpeg\" \/>\n<meta name=\"twitter:card\" content=\"summary_large_image\" \/>\n<script type=\"application\/ld+json\" class=\"yoast-schema-graph\">{\"@context\":\"https:\\\/\\\/schema.org\",\"@graph\":[{\"@type\":\"WebPage\",\"@id\":\"https:\\\/\\\/www.koonings.com\\\/fr\\\/product\\\/enzoani-blue-collection-petunia-l\\\/\",\"url\":\"https:\\\/\\\/www.koonings.com\\\/fr\\\/product\\\/enzoani-blue-collection-petunia-l\\\/\",\"name\":\"Enzoani Blue collection Petunia-L | Koonings\",\"isPartOf\":{\"@id\":\"https:\\\/\\\/www.koonings.com\\\/fr\\\/#website\"},\"primaryImageOfPage\":{\"@id\":\"https:\\\/\\\/www.koonings.com\\\/fr\\\/product\\\/enzoani-blue-collection-petunia-l\\\/#primaryimage\"},\"image\":{\"@id\":\"https:\\\/\\\/www.koonings.com\\\/fr\\\/product\\\/enzoani-blue-collection-petunia-l\\\/#primaryimage\"},\"thumbnailUrl\":\"https:\\\/\\\/www.koonings.com\\\/wp-content\\\/uploads\\\/2024\\\/11\\\/37823_d8af25d207a1828b6bce790b85b05dc0802a49b9364e42539bfee810ee8b3f2ce66093b7.jpeg\",\"datePublished\":\"2025-12-14T23:12:35+00:00\",\"dateModified\":\"2026-02-03T17:03:08+00:00\",\"description\":\"Douce et \u00e9th\u00e9r\u00e9e, cette somptueuse robe de mari\u00e9e en ligne A pr\u00e9sente un d\u00e9collet\u00e9 en V en c\u0153ur sur un magnifique corsage en dentelle chatoyante, associ\u00e9 \u00e0 des manches \u00e9piscopales romantiques amovibles en tulle transparent et \u00e0 des bretelles d\u00e9collet\u00e9es en broderie florale 3D. Des appliques fantaisistes ornent le corsage de style corset et descendent doucement jusqu'\u00e0 la somptueuse jupe. Cette robe est parfaite pour les mari\u00e9es modernes qui recherchent \u00e0 la fois des d\u00e9tails \u00e9poustouflants et une polyvalence unique.\",\"breadcrumb\":{\"@id\":\"https:\\\/\\\/www.koonings.com\\\/fr\\\/product\\\/enzoani-blue-collection-petunia-l\\\/#breadcrumb\"},\"inLanguage\":\"fr-FR\",\"potentialAction\":[{\"@type\":\"ReadAction\",\"target\":[\"https:\\\/\\\/www.koonings.com\\\/fr\\\/product\\\/enzoani-blue-collection-petunia-l\\\/\"]}]},{\"@type\":\"ImageObject\",\"inLanguage\":\"fr-FR\",\"@id\":\"https:\\\/\\\/www.koonings.com\\\/fr\\\/product\\\/enzoani-blue-collection-petunia-l\\\/#primaryimage\",\"url\":\"https:\\\/\\\/www.koonings.com\\\/wp-content\\\/uploads\\\/2024\\\/11\\\/37823_d8af25d207a1828b6bce790b85b05dc0802a49b9364e42539bfee810ee8b3f2ce66093b7.jpeg\",\"contentUrl\":\"https:\\\/\\\/www.koonings.com\\\/wp-content\\\/uploads\\\/2024\\\/11\\\/37823_d8af25d207a1828b6bce790b85b05dc0802a49b9364e42539bfee810ee8b3f2ce66093b7.jpeg\",\"width\":974,\"height\":1380},{\"@type\":\"BreadcrumbList\",\"@id\":\"https:\\\/\\\/www.koonings.com\\\/fr\\\/product\\\/enzoani-blue-collection-petunia-l\\\/#breadcrumb\",\"itemListElement\":[{\"@type\":\"ListItem\",\"position\":1,\"name\":\"Home\",\"item\":\"https:\\\/\\\/www.koonings.com\\\/fr\\\/\"},{\"@type\":\"ListItem\",\"position\":2,\"name\":\"Enzoani Blue collection Petunia-L\"}]},{\"@type\":\"WebSite\",\"@id\":\"https:\\\/\\\/www.koonings.com\\\/fr\\\/#website\",\"url\":\"https:\\\/\\\/www.koonings.com\\\/fr\\\/\",\"name\":\"Koonings\",\"description\":\"De grootste bruidsmodewinkel ter wereld\",\"publisher\":{\"@id\":\"https:\\\/\\\/www.koonings.com\\\/fr\\\/#organization\"},\"potentialAction\":[{\"@type\":\"SearchAction\",\"target\":{\"@type\":\"EntryPoint\",\"urlTemplate\":\"https:\\\/\\\/www.koonings.com\\\/fr\\\/?s={search_term_string}\"},\"query-input\":{\"@type\":\"PropertyValueSpecification\",\"valueRequired\":true,\"valueName\":\"search_term_string\"}}],\"inLanguage\":\"fr-FR\"},{\"@type\":\"Organization\",\"@id\":\"https:\\\/\\\/www.koonings.com\\\/fr\\\/#organization\",\"name\":\"Koonings\",\"url\":\"https:\\\/\\\/www.koonings.com\\\/fr\\\/\",\"logo\":{\"@type\":\"ImageObject\",\"inLanguage\":\"fr-FR\",\"@id\":\"https:\\\/\\\/www.koonings.com\\\/fr\\\/#\\\/schema\\\/logo\\\/image\\\/\",\"url\":\"https:\\\/\\\/www.koonings.com\\\/wp-content\\\/uploads\\\/2024\\\/07\\\/logo.png\",\"contentUrl\":\"https:\\\/\\\/www.koonings.com\\\/wp-content\\\/uploads\\\/2024\\\/07\\\/logo.png\",\"width\":600,\"height\":428,\"caption\":\"Koonings\"},\"image\":{\"@id\":\"https:\\\/\\\/www.koonings.com\\\/fr\\\/#\\\/schema\\\/logo\\\/image\\\/\"},\"sameAs\":[\"https:\\\/\\\/www.facebook.com\\\/kooningstheweddingpalace\",\"https:\\\/\\\/www.instagram.com\\\/kooningstheweddingpalace\",\"https:\\\/\\\/www.pinterest.com\\\/koonings\",\"https:\\\/\\\/www.youtube.com\\\/kooningstheweddingpalace\"]}]}<\/script>\n<!-- \/ Yoast SEO plugin. -->","yoast_head_json":{"title":"Enzoani Blue collection Petunia-L | Koonings","description":"Douce et \u00e9th\u00e9r\u00e9e, cette somptueuse robe de mari\u00e9e en ligne A pr\u00e9sente un d\u00e9collet\u00e9 en V en c\u0153ur sur un magnifique corsage en dentelle chatoyante, associ\u00e9 \u00e0 des manches \u00e9piscopales romantiques amovibles en tulle transparent et \u00e0 des bretelles d\u00e9collet\u00e9es en broderie florale 3D. Des appliques fantaisistes ornent le corsage de style corset et descendent doucement jusqu'\u00e0 la somptueuse jupe. Cette robe est parfaite pour les mari\u00e9es modernes qui recherchent \u00e0 la fois des d\u00e9tails \u00e9poustouflants et une polyvalence unique.","robots":{"index":"index","follow":"follow","max-snippet":"max-snippet:-1","max-image-preview":"max-image-preview:large","max-video-preview":"max-video-preview:-1"},"canonical":"https:\/\/www.koonings.com\/fr\/product\/enzoani-blue-collection-petunia-l\/","og_locale":"fr_FR","og_type":"article","og_title":"Enzoani Blue collection Petunia-L | Koonings","og_description":"Douce et \u00e9th\u00e9r\u00e9e, cette somptueuse robe de mari\u00e9e en ligne A pr\u00e9sente un d\u00e9collet\u00e9 en V en c\u0153ur sur un magnifique corsage en dentelle chatoyante, associ\u00e9 \u00e0 des manches \u00e9piscopales romantiques amovibles en tulle transparent et \u00e0 des bretelles d\u00e9collet\u00e9es en broderie florale 3D. Des appliques fantaisistes ornent le corsage de style corset et descendent doucement jusqu'\u00e0 la somptueuse jupe. Cette robe est parfaite pour les mari\u00e9es modernes qui recherchent \u00e0 la fois des d\u00e9tails \u00e9poustouflants et une polyvalence unique.","og_url":"https:\/\/www.koonings.com\/fr\/product\/enzoani-blue-collection-petunia-l\/","og_site_name":"Koonings","article_publisher":"https:\/\/www.facebook.com\/kooningstheweddingpalace","article_modified_time":"2026-02-03T17:03:08+00:00","og_image":[{"width":974,"height":1380,"url":"https:\/\/www.koonings.com\/wp-content\/uploads\/2024\/11\/37823_d8af25d207a1828b6bce790b85b05dc0802a49b9364e42539bfee810ee8b3f2ce66093b7.jpeg","type":"image\/jpeg"}],"twitter_card":"summary_large_image","schema":{"@context":"https:\/\/schema.org","@graph":[{"@type":"WebPage","@id":"https:\/\/www.koonings.com\/fr\/product\/enzoani-blue-collection-petunia-l\/","url":"https:\/\/www.koonings.com\/fr\/product\/enzoani-blue-collection-petunia-l\/","name":"Enzoani Blue collection Petunia-L | Koonings","isPartOf":{"@id":"https:\/\/www.koonings.com\/fr\/#website"},"primaryImageOfPage":{"@id":"https:\/\/www.koonings.com\/fr\/product\/enzoani-blue-collection-petunia-l\/#primaryimage"},"image":{"@id":"https:\/\/www.koonings.com\/fr\/product\/enzoani-blue-collection-petunia-l\/#primaryimage"},"thumbnailUrl":"https:\/\/www.koonings.com\/wp-content\/uploads\/2024\/11\/37823_d8af25d207a1828b6bce790b85b05dc0802a49b9364e42539bfee810ee8b3f2ce66093b7.jpeg","datePublished":"2025-12-14T23:12:35+00:00","dateModified":"2026-02-03T17:03:08+00:00","description":"Douce et \u00e9th\u00e9r\u00e9e, cette somptueuse robe de mari\u00e9e en ligne A pr\u00e9sente un d\u00e9collet\u00e9 en V en c\u0153ur sur un magnifique corsage en dentelle chatoyante, associ\u00e9 \u00e0 des manches \u00e9piscopales romantiques amovibles en tulle transparent et \u00e0 des bretelles d\u00e9collet\u00e9es en broderie florale 3D. Des appliques fantaisistes ornent le corsage de style corset et descendent doucement jusqu'\u00e0 la somptueuse jupe. Cette robe est parfaite pour les mari\u00e9es modernes qui recherchent \u00e0 la fois des d\u00e9tails \u00e9poustouflants et une polyvalence unique.","breadcrumb":{"@id":"https:\/\/www.koonings.com\/fr\/product\/enzoani-blue-collection-petunia-l\/#breadcrumb"},"inLanguage":"fr-FR","potentialAction":[{"@type":"ReadAction","target":["https:\/\/www.koonings.com\/fr\/product\/enzoani-blue-collection-petunia-l\/"]}]},{"@type":"ImageObject","inLanguage":"fr-FR","@id":"https:\/\/www.koonings.com\/fr\/product\/enzoani-blue-collection-petunia-l\/#primaryimage","url":"https:\/\/www.koonings.com\/wp-content\/uploads\/2024\/11\/37823_d8af25d207a1828b6bce790b85b05dc0802a49b9364e42539bfee810ee8b3f2ce66093b7.jpeg","contentUrl":"https:\/\/www.koonings.com\/wp-content\/uploads\/2024\/11\/37823_d8af25d207a1828b6bce790b85b05dc0802a49b9364e42539bfee810ee8b3f2ce66093b7.jpeg","width":974,"height":1380},{"@type":"BreadcrumbList","@id":"https:\/\/www.koonings.com\/fr\/product\/enzoani-blue-collection-petunia-l\/#breadcrumb","itemListElement":[{"@type":"ListItem","position":1,"name":"Home","item":"https:\/\/www.koonings.com\/fr\/"},{"@type":"ListItem","position":2,"name":"Enzoani Blue collection Petunia-L"}]},{"@type":"WebSite","@id":"https:\/\/www.koonings.com\/fr\/#website","url":"https:\/\/www.koonings.com\/fr\/","name":"Koonings","description":"De grootste bruidsmodewinkel ter wereld","publisher":{"@id":"https:\/\/www.koonings.com\/fr\/#organization"},"potentialAction":[{"@type":"SearchAction","target":{"@type":"EntryPoint","urlTemplate":"https:\/\/www.koonings.com\/fr\/?s={search_term_string}"},"query-input":{"@type":"PropertyValueSpecification","valueRequired":true,"valueName":"search_term_string"}}],"inLanguage":"fr-FR"},{"@type":"Organization","@id":"https:\/\/www.koonings.com\/fr\/#organization","name":"Koonings","url":"https:\/\/www.koonings.com\/fr\/","logo":{"@type":"ImageObject","inLanguage":"fr-FR","@id":"https:\/\/www.koonings.com\/fr\/#\/schema\/logo\/image\/","url":"https:\/\/www.koonings.com\/wp-content\/uploads\/2024\/07\/logo.png","contentUrl":"https:\/\/www.koonings.com\/wp-content\/uploads\/2024\/07\/logo.png","width":600,"height":428,"caption":"Koonings"},"image":{"@id":"https:\/\/www.koonings.com\/fr\/#\/schema\/logo\/image\/"},"sameAs":["https:\/\/www.facebook.com\/kooningstheweddingpalace","https:\/\/www.instagram.com\/kooningstheweddingpalace","https:\/\/www.pinterest.com\/koonings","https:\/\/www.youtube.com\/kooningstheweddingpalace"]}]}},"_links":{"self":[{"href":"https:\/\/www.koonings.com\/fr\/wp-json\/wp\/v2\/product\/56795","targetHints":{"allow":["GET"]}}],"collection":[{"href":"https:\/\/www.koonings.com\/fr\/wp-json\/wp\/v2\/product"}],"about":[{"href":"https:\/\/www.koonings.com\/fr\/wp-json\/wp\/v2\/types\/product"}],"wp:featuredmedia":[{"embeddable":true,"href":"https:\/\/www.koonings.com\/fr\/wp-json\/wp\/v2\/media\/34208"}],"wp:attachment":[{"href":"https:\/\/www.koonings.com\/fr\/wp-json\/wp\/v2\/media?parent=56795"}],"wp:term":[{"taxonomy":"productdetails","embeddable":true,"href":"https:\/\/www.koonings.com\/fr\/wp-json\/wp\/v2\/productdetails?post=56795"},{"taxonomy":"productneck","embeddable":true,"href":"https:\/\/www.koonings.com\/fr\/wp-json\/wp\/v2\/productneck?post=56795"},{"taxonomy":"productcolor","embeddable":true,"href":"https:\/\/www.koonings.com\/fr\/wp-json\/wp\/v2\/productcolor?post=56795"},{"taxonomy":"maat","embeddable":true,"href":"https:\/\/www.koonings.com\/fr\/wp-json\/wp\/v2\/maat?post=56795"},{"taxonomy":"productsupplier","embeddable":true,"href":"https:\/\/www.koonings.com\/fr\/wp-json\/wp\/v2\/productsupplier?post=56795"},{"taxonomy":"productsleeve","embeddable":true,"href":"https:\/\/www.koonings.com\/fr\/wp-json\/wp\/v2\/productsleeve?post=56795"},{"taxonomy":"productcategory","embeddable":true,"href":"https:\/\/www.koonings.com\/fr\/wp-json\/wp\/v2\/productcategory?post=56795"},{"taxonomy":"productsilhouette","embeddable":true,"href":"https:\/\/www.koonings.com\/fr\/wp-json\/wp\/v2\/productsilhouette?post=56795"},{"taxonomy":"productstyle","embeddable":true,"href":"https:\/\/www.koonings.com\/fr\/wp-json\/wp\/v2\/productstyle?post=56795"}],"curies":[{"name":"wp","href":"https:\/\/api.w.org\/{rel}","templated":true}]}}