{"id":56752,"date":"2025-12-15T00:12:42","date_gmt":"2025-12-14T23:12:42","guid":{"rendered":"https:\/\/www.koonings.com\/product\/ladybird-jimena\/"},"modified":"2026-02-03T18:04:24","modified_gmt":"2026-02-03T17:04:24","slug":"ladybird-jimena","status":"publish","type":"product","link":"https:\/\/www.koonings.com\/fr\/product\/ladybird-jimena\/","title":{"rendered":"Coccinelle Jimena"},"content":{"rendered":"<p>Robe de mari\u00e9e pr\u00e9sentant un corsage doubl\u00e9 avec un d\u00e9collet\u00e9 en V et un dos en V. Les manches longues sont orn\u00e9es d&#8217;appliqu\u00e9s de dentelle pour un effet de tatouage. Les manches longues sont orn\u00e9es d&#8217;applications de dentelle pour un effet tatouage. La jupe est orn\u00e9e d&#8217;applications de dentelle pour un look de r\u00eave.  <\/p>\n","protected":false},"featured_media":34370,"template":"","meta":{"_acf_changed":false,"ghostkit_customizer_options":"","ghostkit_custom_css":"","ghostkit_custom_js_head":"","ghostkit_custom_js_foot":"","ghostkit_typography":""},"productdetails":[383,381],"productneck":[356],"productcolor":[393,392],"maat":[],"productsupplier":[437],"productsleeve":[362],"productcategory":[18],"productsilhouette":[384],"productstyle":[366],"class_list":["post-56752","product","type-product","status-publish","has-post-thumbnail","hentry","productdetails-383","productdetails-381","productneck-356","productcolor-393","productcolor-392","productsupplier-ladybird","productsleeve-362","productcategory-trouwjurken","productsilhouette-384","productstyle-366"],"acf":[],"yoast_head":"<!-- This site is optimized with the Yoast SEO plugin v27.3 - https:\/\/yoast.com\/product\/yoast-seo-wordpress\/ -->\n<title>Coccinelle Jimena | Koonings<\/title>\n<meta name=\"description\" content=\"Robe de mari\u00e9e pr\u00e9sentant un corsage doubl\u00e9 avec un d\u00e9collet\u00e9 en V et un dos en V. Les manches longues sont orn\u00e9es d&#039;appliqu\u00e9s de dentelle pour un effet de tatouage. Les manches longues sont orn\u00e9es d&#039;applications de dentelle pour un effet tatouage. La jupe est orn\u00e9e d&#039;applications de dentelle pour un look de r\u00eave.\" \/>\n<meta name=\"robots\" content=\"index, follow, max-snippet:-1, max-image-preview:large, max-video-preview:-1\" \/>\n<link rel=\"canonical\" href=\"https:\/\/www.koonings.com\/fr\/product\/ladybird-jimena\/\" \/>\n<meta property=\"og:locale\" content=\"fr_FR\" \/>\n<meta property=\"og:type\" content=\"article\" \/>\n<meta property=\"og:title\" content=\"Coccinelle Jimena | Koonings\" \/>\n<meta property=\"og:description\" content=\"Robe de mari\u00e9e pr\u00e9sentant un corsage doubl\u00e9 avec un d\u00e9collet\u00e9 en V et un dos en V. Les manches longues sont orn\u00e9es d&#039;appliqu\u00e9s de dentelle pour un effet de tatouage. Les manches longues sont orn\u00e9es d&#039;applications de dentelle pour un effet tatouage. La jupe est orn\u00e9e d&#039;applications de dentelle pour un look de r\u00eave.\" \/>\n<meta property=\"og:url\" content=\"https:\/\/www.koonings.com\/fr\/product\/ladybird-jimena\/\" \/>\n<meta property=\"og:site_name\" content=\"Koonings\" \/>\n<meta property=\"article:publisher\" content=\"https:\/\/www.facebook.com\/kooningstheweddingpalace\" \/>\n<meta property=\"article:modified_time\" content=\"2026-02-03T17:04:24+00:00\" \/>\n<meta property=\"og:image\" content=\"https:\/\/www.koonings.com\/wp-content\/uploads\/2024\/11\/37932_f10c25e84f7b96cd6cf365cf49e86fa43dd1e0cb364eada8decda46715afc4ece248c557-scaled.jpeg\" \/>\n\t<meta property=\"og:image:width\" content=\"1810\" \/>\n\t<meta property=\"og:image:height\" content=\"2560\" \/>\n\t<meta property=\"og:image:type\" content=\"image\/jpeg\" \/>\n<meta name=\"twitter:card\" content=\"summary_large_image\" \/>\n<script type=\"application\/ld+json\" class=\"yoast-schema-graph\">{\"@context\":\"https:\\\/\\\/schema.org\",\"@graph\":[{\"@type\":\"WebPage\",\"@id\":\"https:\\\/\\\/www.koonings.com\\\/fr\\\/product\\\/ladybird-jimena\\\/\",\"url\":\"https:\\\/\\\/www.koonings.com\\\/fr\\\/product\\\/ladybird-jimena\\\/\",\"name\":\"Coccinelle Jimena | Koonings\",\"isPartOf\":{\"@id\":\"https:\\\/\\\/www.koonings.com\\\/fr\\\/#website\"},\"primaryImageOfPage\":{\"@id\":\"https:\\\/\\\/www.koonings.com\\\/fr\\\/product\\\/ladybird-jimena\\\/#primaryimage\"},\"image\":{\"@id\":\"https:\\\/\\\/www.koonings.com\\\/fr\\\/product\\\/ladybird-jimena\\\/#primaryimage\"},\"thumbnailUrl\":\"https:\\\/\\\/www.koonings.com\\\/wp-content\\\/uploads\\\/2024\\\/11\\\/37932_f10c25e84f7b96cd6cf365cf49e86fa43dd1e0cb364eada8decda46715afc4ece248c557-scaled.jpeg\",\"datePublished\":\"2025-12-14T23:12:42+00:00\",\"dateModified\":\"2026-02-03T17:04:24+00:00\",\"description\":\"Robe de mari\u00e9e pr\u00e9sentant un corsage doubl\u00e9 avec un d\u00e9collet\u00e9 en V et un dos en V. Les manches longues sont orn\u00e9es d'appliqu\u00e9s de dentelle pour un effet de tatouage. Les manches longues sont orn\u00e9es d'applications de dentelle pour un effet tatouage. La jupe est orn\u00e9e d'applications de dentelle pour un look de r\u00eave.\",\"breadcrumb\":{\"@id\":\"https:\\\/\\\/www.koonings.com\\\/fr\\\/product\\\/ladybird-jimena\\\/#breadcrumb\"},\"inLanguage\":\"fr-FR\",\"potentialAction\":[{\"@type\":\"ReadAction\",\"target\":[\"https:\\\/\\\/www.koonings.com\\\/fr\\\/product\\\/ladybird-jimena\\\/\"]}]},{\"@type\":\"ImageObject\",\"inLanguage\":\"fr-FR\",\"@id\":\"https:\\\/\\\/www.koonings.com\\\/fr\\\/product\\\/ladybird-jimena\\\/#primaryimage\",\"url\":\"https:\\\/\\\/www.koonings.com\\\/wp-content\\\/uploads\\\/2024\\\/11\\\/37932_f10c25e84f7b96cd6cf365cf49e86fa43dd1e0cb364eada8decda46715afc4ece248c557-scaled.jpeg\",\"contentUrl\":\"https:\\\/\\\/www.koonings.com\\\/wp-content\\\/uploads\\\/2024\\\/11\\\/37932_f10c25e84f7b96cd6cf365cf49e86fa43dd1e0cb364eada8decda46715afc4ece248c557-scaled.jpeg\",\"width\":1810,\"height\":2560},{\"@type\":\"BreadcrumbList\",\"@id\":\"https:\\\/\\\/www.koonings.com\\\/fr\\\/product\\\/ladybird-jimena\\\/#breadcrumb\",\"itemListElement\":[{\"@type\":\"ListItem\",\"position\":1,\"name\":\"Home\",\"item\":\"https:\\\/\\\/www.koonings.com\\\/fr\\\/\"},{\"@type\":\"ListItem\",\"position\":2,\"name\":\"Coccinelle Jimena\"}]},{\"@type\":\"WebSite\",\"@id\":\"https:\\\/\\\/www.koonings.com\\\/fr\\\/#website\",\"url\":\"https:\\\/\\\/www.koonings.com\\\/fr\\\/\",\"name\":\"Koonings\",\"description\":\"De grootste bruidsmodewinkel ter wereld\",\"publisher\":{\"@id\":\"https:\\\/\\\/www.koonings.com\\\/fr\\\/#organization\"},\"potentialAction\":[{\"@type\":\"SearchAction\",\"target\":{\"@type\":\"EntryPoint\",\"urlTemplate\":\"https:\\\/\\\/www.koonings.com\\\/fr\\\/?s={search_term_string}\"},\"query-input\":{\"@type\":\"PropertyValueSpecification\",\"valueRequired\":true,\"valueName\":\"search_term_string\"}}],\"inLanguage\":\"fr-FR\"},{\"@type\":\"Organization\",\"@id\":\"https:\\\/\\\/www.koonings.com\\\/fr\\\/#organization\",\"name\":\"Koonings\",\"url\":\"https:\\\/\\\/www.koonings.com\\\/fr\\\/\",\"logo\":{\"@type\":\"ImageObject\",\"inLanguage\":\"fr-FR\",\"@id\":\"https:\\\/\\\/www.koonings.com\\\/fr\\\/#\\\/schema\\\/logo\\\/image\\\/\",\"url\":\"https:\\\/\\\/www.koonings.com\\\/wp-content\\\/uploads\\\/2024\\\/07\\\/logo.png\",\"contentUrl\":\"https:\\\/\\\/www.koonings.com\\\/wp-content\\\/uploads\\\/2024\\\/07\\\/logo.png\",\"width\":600,\"height\":428,\"caption\":\"Koonings\"},\"image\":{\"@id\":\"https:\\\/\\\/www.koonings.com\\\/fr\\\/#\\\/schema\\\/logo\\\/image\\\/\"},\"sameAs\":[\"https:\\\/\\\/www.facebook.com\\\/kooningstheweddingpalace\",\"https:\\\/\\\/www.instagram.com\\\/kooningstheweddingpalace\",\"https:\\\/\\\/www.pinterest.com\\\/koonings\",\"https:\\\/\\\/www.youtube.com\\\/kooningstheweddingpalace\"]}]}<\/script>\n<!-- \/ Yoast SEO plugin. -->","yoast_head_json":{"title":"Coccinelle Jimena | Koonings","description":"Robe de mari\u00e9e pr\u00e9sentant un corsage doubl\u00e9 avec un d\u00e9collet\u00e9 en V et un dos en V. Les manches longues sont orn\u00e9es d'appliqu\u00e9s de dentelle pour un effet de tatouage. Les manches longues sont orn\u00e9es d'applications de dentelle pour un effet tatouage. La jupe est orn\u00e9e d'applications de dentelle pour un look de r\u00eave.","robots":{"index":"index","follow":"follow","max-snippet":"max-snippet:-1","max-image-preview":"max-image-preview:large","max-video-preview":"max-video-preview:-1"},"canonical":"https:\/\/www.koonings.com\/fr\/product\/ladybird-jimena\/","og_locale":"fr_FR","og_type":"article","og_title":"Coccinelle Jimena | Koonings","og_description":"Robe de mari\u00e9e pr\u00e9sentant un corsage doubl\u00e9 avec un d\u00e9collet\u00e9 en V et un dos en V. Les manches longues sont orn\u00e9es d'appliqu\u00e9s de dentelle pour un effet de tatouage. Les manches longues sont orn\u00e9es d'applications de dentelle pour un effet tatouage. La jupe est orn\u00e9e d'applications de dentelle pour un look de r\u00eave.","og_url":"https:\/\/www.koonings.com\/fr\/product\/ladybird-jimena\/","og_site_name":"Koonings","article_publisher":"https:\/\/www.facebook.com\/kooningstheweddingpalace","article_modified_time":"2026-02-03T17:04:24+00:00","og_image":[{"width":1810,"height":2560,"url":"https:\/\/www.koonings.com\/wp-content\/uploads\/2024\/11\/37932_f10c25e84f7b96cd6cf365cf49e86fa43dd1e0cb364eada8decda46715afc4ece248c557-scaled.jpeg","type":"image\/jpeg"}],"twitter_card":"summary_large_image","schema":{"@context":"https:\/\/schema.org","@graph":[{"@type":"WebPage","@id":"https:\/\/www.koonings.com\/fr\/product\/ladybird-jimena\/","url":"https:\/\/www.koonings.com\/fr\/product\/ladybird-jimena\/","name":"Coccinelle Jimena | Koonings","isPartOf":{"@id":"https:\/\/www.koonings.com\/fr\/#website"},"primaryImageOfPage":{"@id":"https:\/\/www.koonings.com\/fr\/product\/ladybird-jimena\/#primaryimage"},"image":{"@id":"https:\/\/www.koonings.com\/fr\/product\/ladybird-jimena\/#primaryimage"},"thumbnailUrl":"https:\/\/www.koonings.com\/wp-content\/uploads\/2024\/11\/37932_f10c25e84f7b96cd6cf365cf49e86fa43dd1e0cb364eada8decda46715afc4ece248c557-scaled.jpeg","datePublished":"2025-12-14T23:12:42+00:00","dateModified":"2026-02-03T17:04:24+00:00","description":"Robe de mari\u00e9e pr\u00e9sentant un corsage doubl\u00e9 avec un d\u00e9collet\u00e9 en V et un dos en V. Les manches longues sont orn\u00e9es d'appliqu\u00e9s de dentelle pour un effet de tatouage. Les manches longues sont orn\u00e9es d'applications de dentelle pour un effet tatouage. La jupe est orn\u00e9e d'applications de dentelle pour un look de r\u00eave.","breadcrumb":{"@id":"https:\/\/www.koonings.com\/fr\/product\/ladybird-jimena\/#breadcrumb"},"inLanguage":"fr-FR","potentialAction":[{"@type":"ReadAction","target":["https:\/\/www.koonings.com\/fr\/product\/ladybird-jimena\/"]}]},{"@type":"ImageObject","inLanguage":"fr-FR","@id":"https:\/\/www.koonings.com\/fr\/product\/ladybird-jimena\/#primaryimage","url":"https:\/\/www.koonings.com\/wp-content\/uploads\/2024\/11\/37932_f10c25e84f7b96cd6cf365cf49e86fa43dd1e0cb364eada8decda46715afc4ece248c557-scaled.jpeg","contentUrl":"https:\/\/www.koonings.com\/wp-content\/uploads\/2024\/11\/37932_f10c25e84f7b96cd6cf365cf49e86fa43dd1e0cb364eada8decda46715afc4ece248c557-scaled.jpeg","width":1810,"height":2560},{"@type":"BreadcrumbList","@id":"https:\/\/www.koonings.com\/fr\/product\/ladybird-jimena\/#breadcrumb","itemListElement":[{"@type":"ListItem","position":1,"name":"Home","item":"https:\/\/www.koonings.com\/fr\/"},{"@type":"ListItem","position":2,"name":"Coccinelle Jimena"}]},{"@type":"WebSite","@id":"https:\/\/www.koonings.com\/fr\/#website","url":"https:\/\/www.koonings.com\/fr\/","name":"Koonings","description":"De grootste bruidsmodewinkel ter wereld","publisher":{"@id":"https:\/\/www.koonings.com\/fr\/#organization"},"potentialAction":[{"@type":"SearchAction","target":{"@type":"EntryPoint","urlTemplate":"https:\/\/www.koonings.com\/fr\/?s={search_term_string}"},"query-input":{"@type":"PropertyValueSpecification","valueRequired":true,"valueName":"search_term_string"}}],"inLanguage":"fr-FR"},{"@type":"Organization","@id":"https:\/\/www.koonings.com\/fr\/#organization","name":"Koonings","url":"https:\/\/www.koonings.com\/fr\/","logo":{"@type":"ImageObject","inLanguage":"fr-FR","@id":"https:\/\/www.koonings.com\/fr\/#\/schema\/logo\/image\/","url":"https:\/\/www.koonings.com\/wp-content\/uploads\/2024\/07\/logo.png","contentUrl":"https:\/\/www.koonings.com\/wp-content\/uploads\/2024\/07\/logo.png","width":600,"height":428,"caption":"Koonings"},"image":{"@id":"https:\/\/www.koonings.com\/fr\/#\/schema\/logo\/image\/"},"sameAs":["https:\/\/www.facebook.com\/kooningstheweddingpalace","https:\/\/www.instagram.com\/kooningstheweddingpalace","https:\/\/www.pinterest.com\/koonings","https:\/\/www.youtube.com\/kooningstheweddingpalace"]}]}},"_links":{"self":[{"href":"https:\/\/www.koonings.com\/fr\/wp-json\/wp\/v2\/product\/56752","targetHints":{"allow":["GET"]}}],"collection":[{"href":"https:\/\/www.koonings.com\/fr\/wp-json\/wp\/v2\/product"}],"about":[{"href":"https:\/\/www.koonings.com\/fr\/wp-json\/wp\/v2\/types\/product"}],"wp:featuredmedia":[{"embeddable":true,"href":"https:\/\/www.koonings.com\/fr\/wp-json\/wp\/v2\/media\/34370"}],"wp:attachment":[{"href":"https:\/\/www.koonings.com\/fr\/wp-json\/wp\/v2\/media?parent=56752"}],"wp:term":[{"taxonomy":"productdetails","embeddable":true,"href":"https:\/\/www.koonings.com\/fr\/wp-json\/wp\/v2\/productdetails?post=56752"},{"taxonomy":"productneck","embeddable":true,"href":"https:\/\/www.koonings.com\/fr\/wp-json\/wp\/v2\/productneck?post=56752"},{"taxonomy":"productcolor","embeddable":true,"href":"https:\/\/www.koonings.com\/fr\/wp-json\/wp\/v2\/productcolor?post=56752"},{"taxonomy":"maat","embeddable":true,"href":"https:\/\/www.koonings.com\/fr\/wp-json\/wp\/v2\/maat?post=56752"},{"taxonomy":"productsupplier","embeddable":true,"href":"https:\/\/www.koonings.com\/fr\/wp-json\/wp\/v2\/productsupplier?post=56752"},{"taxonomy":"productsleeve","embeddable":true,"href":"https:\/\/www.koonings.com\/fr\/wp-json\/wp\/v2\/productsleeve?post=56752"},{"taxonomy":"productcategory","embeddable":true,"href":"https:\/\/www.koonings.com\/fr\/wp-json\/wp\/v2\/productcategory?post=56752"},{"taxonomy":"productsilhouette","embeddable":true,"href":"https:\/\/www.koonings.com\/fr\/wp-json\/wp\/v2\/productsilhouette?post=56752"},{"taxonomy":"productstyle","embeddable":true,"href":"https:\/\/www.koonings.com\/fr\/wp-json\/wp\/v2\/productstyle?post=56752"}],"curies":[{"name":"wp","href":"https:\/\/api.w.org\/{rel}","templated":true}]}}