{"id":56746,"date":"2026-04-28T18:08:54","date_gmt":"2026-04-28T16:08:54","guid":{"rendered":"https:\/\/www.koonings.com\/product\/white-one-by-st-patrick-gugma\/"},"modified":"2026-02-16T14:33:10","modified_gmt":"2026-02-16T13:33:10","slug":"white-one-by-st-patrick-gugma","status":"publish","type":"product","link":"https:\/\/www.koonings.com\/fr\/product\/white-one-by-st-patrick-gugma\/","title":{"rendered":"White One par St. Patrick Gugma"},"content":{"rendered":"<p>L&#8217;\u00e9quilibre parfait entre le romantisme pur et le &#8220;wow&#8221; ! Cette robe sir\u00e8ne de la collection Koonings fera tourner toutes les t\u00eates gr\u00e2ce \u00e0 sa silhouette sensuelle, \u00e0 son superbe effet tatou\u00e9 dans le dos et sur les \u00e9paules et \u00e0 sa superbe tra\u00eene orn\u00e9e d&#8217;un motif brod\u00e9 de festons. Avec un empi\u00e8cement nude \u00e0 l&#8217;encolure pour plus de maintien.  <\/p>\n","protected":false},"featured_media":34383,"template":"","meta":{"_acf_changed":false,"ghostkit_customizer_options":"","ghostkit_custom_css":"","ghostkit_custom_js_head":"","ghostkit_custom_js_foot":"","ghostkit_typography":""},"productdetails":[],"productneck":[356],"productcolor":[393],"maat":[375],"productsupplier":[420],"productsleeve":[359],"productcategory":[18],"productsilhouette":[387],"productstyle":[],"class_list":["post-56746","product","type-product","status-publish","has-post-thumbnail","hentry","productneck-356","productcolor-393","maat-375","productsupplier-white-one-by-st-patrick","productsleeve-359","productcategory-trouwjurken","productsilhouette-387"],"acf":[],"yoast_head":"<!-- This site is optimized with the Yoast SEO plugin v27.3 - https:\/\/yoast.com\/product\/yoast-seo-wordpress\/ -->\n<title>White One par St. Patrick Gugma | Koonings<\/title>\n<meta name=\"description\" content=\"L&#039;\u00e9quilibre parfait entre le romantisme pur et le &quot;wow&quot; ! Cette robe sir\u00e8ne de la collection Koonings fera tourner toutes les t\u00eates gr\u00e2ce \u00e0 sa silhouette sensuelle, \u00e0 son superbe effet tatou\u00e9 dans le dos et sur les \u00e9paules et \u00e0 sa superbe tra\u00eene orn\u00e9e d&#039;un motif brod\u00e9 de festons. Avec un empi\u00e8cement nude \u00e0 l&#039;encolure pour plus de maintien.\" \/>\n<meta name=\"robots\" content=\"index, follow, max-snippet:-1, max-image-preview:large, max-video-preview:-1\" \/>\n<link rel=\"canonical\" href=\"https:\/\/www.koonings.com\/fr\/product\/white-one-by-st-patrick-gugma\/\" \/>\n<meta property=\"og:locale\" content=\"fr_FR\" \/>\n<meta property=\"og:type\" content=\"article\" \/>\n<meta property=\"og:title\" content=\"White One par St. Patrick Gugma | Koonings\" \/>\n<meta property=\"og:description\" content=\"L&#039;\u00e9quilibre parfait entre le romantisme pur et le &quot;wow&quot; ! Cette robe sir\u00e8ne de la collection Koonings fera tourner toutes les t\u00eates gr\u00e2ce \u00e0 sa silhouette sensuelle, \u00e0 son superbe effet tatou\u00e9 dans le dos et sur les \u00e9paules et \u00e0 sa superbe tra\u00eene orn\u00e9e d&#039;un motif brod\u00e9 de festons. Avec un empi\u00e8cement nude \u00e0 l&#039;encolure pour plus de maintien.\" \/>\n<meta property=\"og:url\" content=\"https:\/\/www.koonings.com\/fr\/product\/white-one-by-st-patrick-gugma\/\" \/>\n<meta property=\"og:site_name\" content=\"Koonings\" \/>\n<meta property=\"article:publisher\" content=\"https:\/\/www.facebook.com\/kooningstheweddingpalace\" \/>\n<meta property=\"og:image\" content=\"https:\/\/www.koonings.com\/wp-content\/uploads\/2024\/11\/37934_da68f279f93a35d74b00e34a94c522bde5ba2e65f23be7fb0cb57698b6d50354e8ffae75-scaled.jpeg\" \/>\n\t<meta property=\"og:image:width\" content=\"1810\" \/>\n\t<meta property=\"og:image:height\" content=\"2560\" \/>\n\t<meta property=\"og:image:type\" content=\"image\/jpeg\" \/>\n<meta name=\"twitter:card\" content=\"summary_large_image\" \/>\n<script type=\"application\/ld+json\" class=\"yoast-schema-graph\">{\"@context\":\"https:\\\/\\\/schema.org\",\"@graph\":[{\"@type\":\"WebPage\",\"@id\":\"https:\\\/\\\/www.koonings.com\\\/fr\\\/product\\\/white-one-by-st-patrick-gugma\\\/\",\"url\":\"https:\\\/\\\/www.koonings.com\\\/fr\\\/product\\\/white-one-by-st-patrick-gugma\\\/\",\"name\":\"White One par St. Patrick Gugma | Koonings\",\"isPartOf\":{\"@id\":\"https:\\\/\\\/www.koonings.com\\\/fr\\\/#website\"},\"primaryImageOfPage\":{\"@id\":\"https:\\\/\\\/www.koonings.com\\\/fr\\\/product\\\/white-one-by-st-patrick-gugma\\\/#primaryimage\"},\"image\":{\"@id\":\"https:\\\/\\\/www.koonings.com\\\/fr\\\/product\\\/white-one-by-st-patrick-gugma\\\/#primaryimage\"},\"thumbnailUrl\":\"https:\\\/\\\/www.koonings.com\\\/wp-content\\\/uploads\\\/2024\\\/11\\\/37934_da68f279f93a35d74b00e34a94c522bde5ba2e65f23be7fb0cb57698b6d50354e8ffae75-scaled.jpeg\",\"datePublished\":\"2026-04-28T16:08:54+00:00\",\"description\":\"L'\u00e9quilibre parfait entre le romantisme pur et le \\\"wow\\\" ! Cette robe sir\u00e8ne de la collection Koonings fera tourner toutes les t\u00eates gr\u00e2ce \u00e0 sa silhouette sensuelle, \u00e0 son superbe effet tatou\u00e9 dans le dos et sur les \u00e9paules et \u00e0 sa superbe tra\u00eene orn\u00e9e d'un motif brod\u00e9 de festons. Avec un empi\u00e8cement nude \u00e0 l'encolure pour plus de maintien.\",\"breadcrumb\":{\"@id\":\"https:\\\/\\\/www.koonings.com\\\/fr\\\/product\\\/white-one-by-st-patrick-gugma\\\/#breadcrumb\"},\"inLanguage\":\"fr-FR\",\"potentialAction\":[{\"@type\":\"ReadAction\",\"target\":[\"https:\\\/\\\/www.koonings.com\\\/fr\\\/product\\\/white-one-by-st-patrick-gugma\\\/\"]}]},{\"@type\":\"ImageObject\",\"inLanguage\":\"fr-FR\",\"@id\":\"https:\\\/\\\/www.koonings.com\\\/fr\\\/product\\\/white-one-by-st-patrick-gugma\\\/#primaryimage\",\"url\":\"https:\\\/\\\/www.koonings.com\\\/wp-content\\\/uploads\\\/2024\\\/11\\\/37934_da68f279f93a35d74b00e34a94c522bde5ba2e65f23be7fb0cb57698b6d50354e8ffae75-scaled.jpeg\",\"contentUrl\":\"https:\\\/\\\/www.koonings.com\\\/wp-content\\\/uploads\\\/2024\\\/11\\\/37934_da68f279f93a35d74b00e34a94c522bde5ba2e65f23be7fb0cb57698b6d50354e8ffae75-scaled.jpeg\",\"width\":1810,\"height\":2560},{\"@type\":\"BreadcrumbList\",\"@id\":\"https:\\\/\\\/www.koonings.com\\\/fr\\\/product\\\/white-one-by-st-patrick-gugma\\\/#breadcrumb\",\"itemListElement\":[{\"@type\":\"ListItem\",\"position\":1,\"name\":\"Home\",\"item\":\"https:\\\/\\\/www.koonings.com\\\/fr\\\/\"},{\"@type\":\"ListItem\",\"position\":2,\"name\":\"White One par St. Patrick Gugma\"}]},{\"@type\":\"WebSite\",\"@id\":\"https:\\\/\\\/www.koonings.com\\\/fr\\\/#website\",\"url\":\"https:\\\/\\\/www.koonings.com\\\/fr\\\/\",\"name\":\"Koonings\",\"description\":\"De grootste bruidsmodewinkel ter wereld\",\"publisher\":{\"@id\":\"https:\\\/\\\/www.koonings.com\\\/fr\\\/#organization\"},\"potentialAction\":[{\"@type\":\"SearchAction\",\"target\":{\"@type\":\"EntryPoint\",\"urlTemplate\":\"https:\\\/\\\/www.koonings.com\\\/fr\\\/?s={search_term_string}\"},\"query-input\":{\"@type\":\"PropertyValueSpecification\",\"valueRequired\":true,\"valueName\":\"search_term_string\"}}],\"inLanguage\":\"fr-FR\"},{\"@type\":\"Organization\",\"@id\":\"https:\\\/\\\/www.koonings.com\\\/fr\\\/#organization\",\"name\":\"Koonings\",\"url\":\"https:\\\/\\\/www.koonings.com\\\/fr\\\/\",\"logo\":{\"@type\":\"ImageObject\",\"inLanguage\":\"fr-FR\",\"@id\":\"https:\\\/\\\/www.koonings.com\\\/fr\\\/#\\\/schema\\\/logo\\\/image\\\/\",\"url\":\"https:\\\/\\\/www.koonings.com\\\/wp-content\\\/uploads\\\/2024\\\/07\\\/logo.png\",\"contentUrl\":\"https:\\\/\\\/www.koonings.com\\\/wp-content\\\/uploads\\\/2024\\\/07\\\/logo.png\",\"width\":600,\"height\":428,\"caption\":\"Koonings\"},\"image\":{\"@id\":\"https:\\\/\\\/www.koonings.com\\\/fr\\\/#\\\/schema\\\/logo\\\/image\\\/\"},\"sameAs\":[\"https:\\\/\\\/www.facebook.com\\\/kooningstheweddingpalace\",\"https:\\\/\\\/www.instagram.com\\\/kooningstheweddingpalace\",\"https:\\\/\\\/www.pinterest.com\\\/koonings\",\"https:\\\/\\\/www.youtube.com\\\/kooningstheweddingpalace\"]}]}<\/script>\n<!-- \/ Yoast SEO plugin. -->","yoast_head_json":{"title":"White One par St. Patrick Gugma | Koonings","description":"L'\u00e9quilibre parfait entre le romantisme pur et le \"wow\" ! Cette robe sir\u00e8ne de la collection Koonings fera tourner toutes les t\u00eates gr\u00e2ce \u00e0 sa silhouette sensuelle, \u00e0 son superbe effet tatou\u00e9 dans le dos et sur les \u00e9paules et \u00e0 sa superbe tra\u00eene orn\u00e9e d'un motif brod\u00e9 de festons. Avec un empi\u00e8cement nude \u00e0 l'encolure pour plus de maintien.","robots":{"index":"index","follow":"follow","max-snippet":"max-snippet:-1","max-image-preview":"max-image-preview:large","max-video-preview":"max-video-preview:-1"},"canonical":"https:\/\/www.koonings.com\/fr\/product\/white-one-by-st-patrick-gugma\/","og_locale":"fr_FR","og_type":"article","og_title":"White One par St. Patrick Gugma | Koonings","og_description":"L'\u00e9quilibre parfait entre le romantisme pur et le \"wow\" ! Cette robe sir\u00e8ne de la collection Koonings fera tourner toutes les t\u00eates gr\u00e2ce \u00e0 sa silhouette sensuelle, \u00e0 son superbe effet tatou\u00e9 dans le dos et sur les \u00e9paules et \u00e0 sa superbe tra\u00eene orn\u00e9e d'un motif brod\u00e9 de festons. Avec un empi\u00e8cement nude \u00e0 l'encolure pour plus de maintien.","og_url":"https:\/\/www.koonings.com\/fr\/product\/white-one-by-st-patrick-gugma\/","og_site_name":"Koonings","article_publisher":"https:\/\/www.facebook.com\/kooningstheweddingpalace","og_image":[{"width":1810,"height":2560,"url":"https:\/\/www.koonings.com\/wp-content\/uploads\/2024\/11\/37934_da68f279f93a35d74b00e34a94c522bde5ba2e65f23be7fb0cb57698b6d50354e8ffae75-scaled.jpeg","type":"image\/jpeg"}],"twitter_card":"summary_large_image","schema":{"@context":"https:\/\/schema.org","@graph":[{"@type":"WebPage","@id":"https:\/\/www.koonings.com\/fr\/product\/white-one-by-st-patrick-gugma\/","url":"https:\/\/www.koonings.com\/fr\/product\/white-one-by-st-patrick-gugma\/","name":"White One par St. Patrick Gugma | Koonings","isPartOf":{"@id":"https:\/\/www.koonings.com\/fr\/#website"},"primaryImageOfPage":{"@id":"https:\/\/www.koonings.com\/fr\/product\/white-one-by-st-patrick-gugma\/#primaryimage"},"image":{"@id":"https:\/\/www.koonings.com\/fr\/product\/white-one-by-st-patrick-gugma\/#primaryimage"},"thumbnailUrl":"https:\/\/www.koonings.com\/wp-content\/uploads\/2024\/11\/37934_da68f279f93a35d74b00e34a94c522bde5ba2e65f23be7fb0cb57698b6d50354e8ffae75-scaled.jpeg","datePublished":"2026-04-28T16:08:54+00:00","description":"L'\u00e9quilibre parfait entre le romantisme pur et le \"wow\" ! Cette robe sir\u00e8ne de la collection Koonings fera tourner toutes les t\u00eates gr\u00e2ce \u00e0 sa silhouette sensuelle, \u00e0 son superbe effet tatou\u00e9 dans le dos et sur les \u00e9paules et \u00e0 sa superbe tra\u00eene orn\u00e9e d'un motif brod\u00e9 de festons. Avec un empi\u00e8cement nude \u00e0 l'encolure pour plus de maintien.","breadcrumb":{"@id":"https:\/\/www.koonings.com\/fr\/product\/white-one-by-st-patrick-gugma\/#breadcrumb"},"inLanguage":"fr-FR","potentialAction":[{"@type":"ReadAction","target":["https:\/\/www.koonings.com\/fr\/product\/white-one-by-st-patrick-gugma\/"]}]},{"@type":"ImageObject","inLanguage":"fr-FR","@id":"https:\/\/www.koonings.com\/fr\/product\/white-one-by-st-patrick-gugma\/#primaryimage","url":"https:\/\/www.koonings.com\/wp-content\/uploads\/2024\/11\/37934_da68f279f93a35d74b00e34a94c522bde5ba2e65f23be7fb0cb57698b6d50354e8ffae75-scaled.jpeg","contentUrl":"https:\/\/www.koonings.com\/wp-content\/uploads\/2024\/11\/37934_da68f279f93a35d74b00e34a94c522bde5ba2e65f23be7fb0cb57698b6d50354e8ffae75-scaled.jpeg","width":1810,"height":2560},{"@type":"BreadcrumbList","@id":"https:\/\/www.koonings.com\/fr\/product\/white-one-by-st-patrick-gugma\/#breadcrumb","itemListElement":[{"@type":"ListItem","position":1,"name":"Home","item":"https:\/\/www.koonings.com\/fr\/"},{"@type":"ListItem","position":2,"name":"White One par St. Patrick Gugma"}]},{"@type":"WebSite","@id":"https:\/\/www.koonings.com\/fr\/#website","url":"https:\/\/www.koonings.com\/fr\/","name":"Koonings","description":"De grootste bruidsmodewinkel ter wereld","publisher":{"@id":"https:\/\/www.koonings.com\/fr\/#organization"},"potentialAction":[{"@type":"SearchAction","target":{"@type":"EntryPoint","urlTemplate":"https:\/\/www.koonings.com\/fr\/?s={search_term_string}"},"query-input":{"@type":"PropertyValueSpecification","valueRequired":true,"valueName":"search_term_string"}}],"inLanguage":"fr-FR"},{"@type":"Organization","@id":"https:\/\/www.koonings.com\/fr\/#organization","name":"Koonings","url":"https:\/\/www.koonings.com\/fr\/","logo":{"@type":"ImageObject","inLanguage":"fr-FR","@id":"https:\/\/www.koonings.com\/fr\/#\/schema\/logo\/image\/","url":"https:\/\/www.koonings.com\/wp-content\/uploads\/2024\/07\/logo.png","contentUrl":"https:\/\/www.koonings.com\/wp-content\/uploads\/2024\/07\/logo.png","width":600,"height":428,"caption":"Koonings"},"image":{"@id":"https:\/\/www.koonings.com\/fr\/#\/schema\/logo\/image\/"},"sameAs":["https:\/\/www.facebook.com\/kooningstheweddingpalace","https:\/\/www.instagram.com\/kooningstheweddingpalace","https:\/\/www.pinterest.com\/koonings","https:\/\/www.youtube.com\/kooningstheweddingpalace"]}]}},"_links":{"self":[{"href":"https:\/\/www.koonings.com\/fr\/wp-json\/wp\/v2\/product\/56746","targetHints":{"allow":["GET"]}}],"collection":[{"href":"https:\/\/www.koonings.com\/fr\/wp-json\/wp\/v2\/product"}],"about":[{"href":"https:\/\/www.koonings.com\/fr\/wp-json\/wp\/v2\/types\/product"}],"wp:featuredmedia":[{"embeddable":true,"href":"https:\/\/www.koonings.com\/fr\/wp-json\/wp\/v2\/media\/34383"}],"wp:attachment":[{"href":"https:\/\/www.koonings.com\/fr\/wp-json\/wp\/v2\/media?parent=56746"}],"wp:term":[{"taxonomy":"productdetails","embeddable":true,"href":"https:\/\/www.koonings.com\/fr\/wp-json\/wp\/v2\/productdetails?post=56746"},{"taxonomy":"productneck","embeddable":true,"href":"https:\/\/www.koonings.com\/fr\/wp-json\/wp\/v2\/productneck?post=56746"},{"taxonomy":"productcolor","embeddable":true,"href":"https:\/\/www.koonings.com\/fr\/wp-json\/wp\/v2\/productcolor?post=56746"},{"taxonomy":"maat","embeddable":true,"href":"https:\/\/www.koonings.com\/fr\/wp-json\/wp\/v2\/maat?post=56746"},{"taxonomy":"productsupplier","embeddable":true,"href":"https:\/\/www.koonings.com\/fr\/wp-json\/wp\/v2\/productsupplier?post=56746"},{"taxonomy":"productsleeve","embeddable":true,"href":"https:\/\/www.koonings.com\/fr\/wp-json\/wp\/v2\/productsleeve?post=56746"},{"taxonomy":"productcategory","embeddable":true,"href":"https:\/\/www.koonings.com\/fr\/wp-json\/wp\/v2\/productcategory?post=56746"},{"taxonomy":"productsilhouette","embeddable":true,"href":"https:\/\/www.koonings.com\/fr\/wp-json\/wp\/v2\/productsilhouette?post=56746"},{"taxonomy":"productstyle","embeddable":true,"href":"https:\/\/www.koonings.com\/fr\/wp-json\/wp\/v2\/productstyle?post=56746"}],"curies":[{"name":"wp","href":"https:\/\/api.w.org\/{rel}","templated":true}]}}