{"id":56731,"date":"2025-12-15T00:12:45","date_gmt":"2025-12-14T23:12:45","guid":{"rendered":"https:\/\/www.koonings.com\/product\/ladybird-alonna\/"},"modified":"2026-02-03T18:05:15","modified_gmt":"2026-02-03T17:05:15","slug":"ladybird-alonna","status":"publish","type":"product","link":"https:\/\/www.koonings.com\/fr\/product\/ladybird-alonna\/","title":{"rendered":"Coccinelle Alonna"},"content":{"rendered":"<p>La robe Ladybird Alonna laissera une impression durable lors du plus beau jour de votre vie. Avec cette collection, vous pouvez \u00eatre s\u00fbre que votre look ne s&#8217;arr\u00eatera jamais ce jour-l\u00e0. La tra\u00eene est courte, ce qui vous permet de bouger confortablement et librement \u00e0 tout moment. Confortable et esth\u00e9tique, le boho est une tenue inspir\u00e9e de la nature, faite pour la mari\u00e9e hyper-moderne et ind\u00e9pendante. Le d\u00e9collet\u00e9 en V profond avec des nuances florales attire particuli\u00e8rement l&#8217;attention sur ce mod\u00e8le. Cette robe enchanteresse est sans manches et vous donne une totale libert\u00e9 de mouvement avec une touche s\u00e9duisante et gracieuse.     <\/p>\n","protected":false},"featured_media":34441,"template":"","meta":{"_acf_changed":false,"ghostkit_customizer_options":"","ghostkit_custom_css":"","ghostkit_custom_js_head":"","ghostkit_custom_js_foot":"","ghostkit_typography":""},"productdetails":[379,380,381],"productneck":[356],"productcolor":[393,392],"maat":[],"productsupplier":[437],"productsleeve":[359],"productcategory":[18],"productsilhouette":[384],"productstyle":[366],"class_list":["post-56731","product","type-product","status-publish","has-post-thumbnail","hentry","productdetails-379","productdetails-380","productdetails-381","productneck-356","productcolor-393","productcolor-392","productsupplier-ladybird","productsleeve-359","productcategory-trouwjurken","productsilhouette-384","productstyle-366"],"acf":[],"yoast_head":"<!-- This site is optimized with the Yoast SEO plugin v27.3 - https:\/\/yoast.com\/product\/yoast-seo-wordpress\/ -->\n<title>Coccinelle Alonna | Koonings<\/title>\n<meta name=\"description\" content=\"La robe Ladybird Alonna laissera une impression durable lors du plus beau jour de votre vie. Avec cette collection, vous pouvez \u00eatre s\u00fbre que votre look ne s&#039;arr\u00eatera jamais ce jour-l\u00e0. La tra\u00eene est courte, ce qui vous permet de bouger confortablement et librement \u00e0 tout moment. Confortable et esth\u00e9tique, le boho est une tenue inspir\u00e9e de la nature, faite pour la mari\u00e9e hyper-moderne et ind\u00e9pendante. Le d\u00e9collet\u00e9 en V profond avec des nuances florales attire particuli\u00e8rement l&#039;attention sur ce mod\u00e8le. Cette robe enchanteresse est sans manches et vous donne une totale libert\u00e9 de mouvement avec une touche s\u00e9duisante et gracieuse.\" \/>\n<meta name=\"robots\" content=\"index, follow, max-snippet:-1, max-image-preview:large, max-video-preview:-1\" \/>\n<link rel=\"canonical\" href=\"https:\/\/www.koonings.com\/fr\/product\/ladybird-alonna\/\" \/>\n<meta property=\"og:locale\" content=\"fr_FR\" \/>\n<meta property=\"og:type\" content=\"article\" \/>\n<meta property=\"og:title\" content=\"Coccinelle Alonna | Koonings\" \/>\n<meta property=\"og:description\" content=\"La robe Ladybird Alonna laissera une impression durable lors du plus beau jour de votre vie. Avec cette collection, vous pouvez \u00eatre s\u00fbre que votre look ne s&#039;arr\u00eatera jamais ce jour-l\u00e0. La tra\u00eene est courte, ce qui vous permet de bouger confortablement et librement \u00e0 tout moment. Confortable et esth\u00e9tique, le boho est une tenue inspir\u00e9e de la nature, faite pour la mari\u00e9e hyper-moderne et ind\u00e9pendante. Le d\u00e9collet\u00e9 en V profond avec des nuances florales attire particuli\u00e8rement l&#039;attention sur ce mod\u00e8le. Cette robe enchanteresse est sans manches et vous donne une totale libert\u00e9 de mouvement avec une touche s\u00e9duisante et gracieuse.\" \/>\n<meta property=\"og:url\" content=\"https:\/\/www.koonings.com\/fr\/product\/ladybird-alonna\/\" \/>\n<meta property=\"og:site_name\" content=\"Koonings\" \/>\n<meta property=\"article:publisher\" content=\"https:\/\/www.facebook.com\/kooningstheweddingpalace\" \/>\n<meta property=\"article:modified_time\" content=\"2026-02-03T17:05:15+00:00\" \/>\n<meta property=\"og:image\" content=\"https:\/\/www.koonings.com\/wp-content\/uploads\/2024\/11\/37956_e6dfa258e5abf21fdb4cdf6891ec1dc8df599b5f2de480ef842f7c19b3ba1bfc5effab0e-scaled.jpeg\" \/>\n\t<meta property=\"og:image:width\" content=\"1810\" \/>\n\t<meta property=\"og:image:height\" content=\"2560\" \/>\n\t<meta property=\"og:image:type\" content=\"image\/jpeg\" \/>\n<meta name=\"twitter:card\" content=\"summary_large_image\" \/>\n<meta name=\"twitter:label1\" content=\"Dur\u00e9e de lecture estim\u00e9e\" \/>\n\t<meta name=\"twitter:data1\" content=\"1 minute\" \/>\n<script type=\"application\/ld+json\" class=\"yoast-schema-graph\">{\"@context\":\"https:\\\/\\\/schema.org\",\"@graph\":[{\"@type\":\"WebPage\",\"@id\":\"https:\\\/\\\/www.koonings.com\\\/fr\\\/product\\\/ladybird-alonna\\\/\",\"url\":\"https:\\\/\\\/www.koonings.com\\\/fr\\\/product\\\/ladybird-alonna\\\/\",\"name\":\"Coccinelle Alonna | Koonings\",\"isPartOf\":{\"@id\":\"https:\\\/\\\/www.koonings.com\\\/fr\\\/#website\"},\"primaryImageOfPage\":{\"@id\":\"https:\\\/\\\/www.koonings.com\\\/fr\\\/product\\\/ladybird-alonna\\\/#primaryimage\"},\"image\":{\"@id\":\"https:\\\/\\\/www.koonings.com\\\/fr\\\/product\\\/ladybird-alonna\\\/#primaryimage\"},\"thumbnailUrl\":\"https:\\\/\\\/www.koonings.com\\\/wp-content\\\/uploads\\\/2024\\\/11\\\/37956_e6dfa258e5abf21fdb4cdf6891ec1dc8df599b5f2de480ef842f7c19b3ba1bfc5effab0e-scaled.jpeg\",\"datePublished\":\"2025-12-14T23:12:45+00:00\",\"dateModified\":\"2026-02-03T17:05:15+00:00\",\"description\":\"La robe Ladybird Alonna laissera une impression durable lors du plus beau jour de votre vie. Avec cette collection, vous pouvez \u00eatre s\u00fbre que votre look ne s'arr\u00eatera jamais ce jour-l\u00e0. La tra\u00eene est courte, ce qui vous permet de bouger confortablement et librement \u00e0 tout moment. Confortable et esth\u00e9tique, le boho est une tenue inspir\u00e9e de la nature, faite pour la mari\u00e9e hyper-moderne et ind\u00e9pendante. Le d\u00e9collet\u00e9 en V profond avec des nuances florales attire particuli\u00e8rement l'attention sur ce mod\u00e8le. Cette robe enchanteresse est sans manches et vous donne une totale libert\u00e9 de mouvement avec une touche s\u00e9duisante et gracieuse.\",\"breadcrumb\":{\"@id\":\"https:\\\/\\\/www.koonings.com\\\/fr\\\/product\\\/ladybird-alonna\\\/#breadcrumb\"},\"inLanguage\":\"fr-FR\",\"potentialAction\":[{\"@type\":\"ReadAction\",\"target\":[\"https:\\\/\\\/www.koonings.com\\\/fr\\\/product\\\/ladybird-alonna\\\/\"]}]},{\"@type\":\"ImageObject\",\"inLanguage\":\"fr-FR\",\"@id\":\"https:\\\/\\\/www.koonings.com\\\/fr\\\/product\\\/ladybird-alonna\\\/#primaryimage\",\"url\":\"https:\\\/\\\/www.koonings.com\\\/wp-content\\\/uploads\\\/2024\\\/11\\\/37956_e6dfa258e5abf21fdb4cdf6891ec1dc8df599b5f2de480ef842f7c19b3ba1bfc5effab0e-scaled.jpeg\",\"contentUrl\":\"https:\\\/\\\/www.koonings.com\\\/wp-content\\\/uploads\\\/2024\\\/11\\\/37956_e6dfa258e5abf21fdb4cdf6891ec1dc8df599b5f2de480ef842f7c19b3ba1bfc5effab0e-scaled.jpeg\",\"width\":1810,\"height\":2560},{\"@type\":\"BreadcrumbList\",\"@id\":\"https:\\\/\\\/www.koonings.com\\\/fr\\\/product\\\/ladybird-alonna\\\/#breadcrumb\",\"itemListElement\":[{\"@type\":\"ListItem\",\"position\":1,\"name\":\"Home\",\"item\":\"https:\\\/\\\/www.koonings.com\\\/fr\\\/\"},{\"@type\":\"ListItem\",\"position\":2,\"name\":\"Coccinelle Alonna\"}]},{\"@type\":\"WebSite\",\"@id\":\"https:\\\/\\\/www.koonings.com\\\/fr\\\/#website\",\"url\":\"https:\\\/\\\/www.koonings.com\\\/fr\\\/\",\"name\":\"Koonings\",\"description\":\"De grootste bruidsmodewinkel ter wereld\",\"publisher\":{\"@id\":\"https:\\\/\\\/www.koonings.com\\\/fr\\\/#organization\"},\"potentialAction\":[{\"@type\":\"SearchAction\",\"target\":{\"@type\":\"EntryPoint\",\"urlTemplate\":\"https:\\\/\\\/www.koonings.com\\\/fr\\\/?s={search_term_string}\"},\"query-input\":{\"@type\":\"PropertyValueSpecification\",\"valueRequired\":true,\"valueName\":\"search_term_string\"}}],\"inLanguage\":\"fr-FR\"},{\"@type\":\"Organization\",\"@id\":\"https:\\\/\\\/www.koonings.com\\\/fr\\\/#organization\",\"name\":\"Koonings\",\"url\":\"https:\\\/\\\/www.koonings.com\\\/fr\\\/\",\"logo\":{\"@type\":\"ImageObject\",\"inLanguage\":\"fr-FR\",\"@id\":\"https:\\\/\\\/www.koonings.com\\\/fr\\\/#\\\/schema\\\/logo\\\/image\\\/\",\"url\":\"https:\\\/\\\/www.koonings.com\\\/wp-content\\\/uploads\\\/2024\\\/07\\\/logo.png\",\"contentUrl\":\"https:\\\/\\\/www.koonings.com\\\/wp-content\\\/uploads\\\/2024\\\/07\\\/logo.png\",\"width\":600,\"height\":428,\"caption\":\"Koonings\"},\"image\":{\"@id\":\"https:\\\/\\\/www.koonings.com\\\/fr\\\/#\\\/schema\\\/logo\\\/image\\\/\"},\"sameAs\":[\"https:\\\/\\\/www.facebook.com\\\/kooningstheweddingpalace\",\"https:\\\/\\\/www.instagram.com\\\/kooningstheweddingpalace\",\"https:\\\/\\\/www.pinterest.com\\\/koonings\",\"https:\\\/\\\/www.youtube.com\\\/kooningstheweddingpalace\"]}]}<\/script>\n<!-- \/ Yoast SEO plugin. -->","yoast_head_json":{"title":"Coccinelle Alonna | Koonings","description":"La robe Ladybird Alonna laissera une impression durable lors du plus beau jour de votre vie. Avec cette collection, vous pouvez \u00eatre s\u00fbre que votre look ne s'arr\u00eatera jamais ce jour-l\u00e0. La tra\u00eene est courte, ce qui vous permet de bouger confortablement et librement \u00e0 tout moment. Confortable et esth\u00e9tique, le boho est une tenue inspir\u00e9e de la nature, faite pour la mari\u00e9e hyper-moderne et ind\u00e9pendante. Le d\u00e9collet\u00e9 en V profond avec des nuances florales attire particuli\u00e8rement l'attention sur ce mod\u00e8le. Cette robe enchanteresse est sans manches et vous donne une totale libert\u00e9 de mouvement avec une touche s\u00e9duisante et gracieuse.","robots":{"index":"index","follow":"follow","max-snippet":"max-snippet:-1","max-image-preview":"max-image-preview:large","max-video-preview":"max-video-preview:-1"},"canonical":"https:\/\/www.koonings.com\/fr\/product\/ladybird-alonna\/","og_locale":"fr_FR","og_type":"article","og_title":"Coccinelle Alonna | Koonings","og_description":"La robe Ladybird Alonna laissera une impression durable lors du plus beau jour de votre vie. Avec cette collection, vous pouvez \u00eatre s\u00fbre que votre look ne s'arr\u00eatera jamais ce jour-l\u00e0. La tra\u00eene est courte, ce qui vous permet de bouger confortablement et librement \u00e0 tout moment. Confortable et esth\u00e9tique, le boho est une tenue inspir\u00e9e de la nature, faite pour la mari\u00e9e hyper-moderne et ind\u00e9pendante. Le d\u00e9collet\u00e9 en V profond avec des nuances florales attire particuli\u00e8rement l'attention sur ce mod\u00e8le. Cette robe enchanteresse est sans manches et vous donne une totale libert\u00e9 de mouvement avec une touche s\u00e9duisante et gracieuse.","og_url":"https:\/\/www.koonings.com\/fr\/product\/ladybird-alonna\/","og_site_name":"Koonings","article_publisher":"https:\/\/www.facebook.com\/kooningstheweddingpalace","article_modified_time":"2026-02-03T17:05:15+00:00","og_image":[{"width":1810,"height":2560,"url":"https:\/\/www.koonings.com\/wp-content\/uploads\/2024\/11\/37956_e6dfa258e5abf21fdb4cdf6891ec1dc8df599b5f2de480ef842f7c19b3ba1bfc5effab0e-scaled.jpeg","type":"image\/jpeg"}],"twitter_card":"summary_large_image","twitter_misc":{"Dur\u00e9e de lecture estim\u00e9e":"1 minute"},"schema":{"@context":"https:\/\/schema.org","@graph":[{"@type":"WebPage","@id":"https:\/\/www.koonings.com\/fr\/product\/ladybird-alonna\/","url":"https:\/\/www.koonings.com\/fr\/product\/ladybird-alonna\/","name":"Coccinelle Alonna | Koonings","isPartOf":{"@id":"https:\/\/www.koonings.com\/fr\/#website"},"primaryImageOfPage":{"@id":"https:\/\/www.koonings.com\/fr\/product\/ladybird-alonna\/#primaryimage"},"image":{"@id":"https:\/\/www.koonings.com\/fr\/product\/ladybird-alonna\/#primaryimage"},"thumbnailUrl":"https:\/\/www.koonings.com\/wp-content\/uploads\/2024\/11\/37956_e6dfa258e5abf21fdb4cdf6891ec1dc8df599b5f2de480ef842f7c19b3ba1bfc5effab0e-scaled.jpeg","datePublished":"2025-12-14T23:12:45+00:00","dateModified":"2026-02-03T17:05:15+00:00","description":"La robe Ladybird Alonna laissera une impression durable lors du plus beau jour de votre vie. Avec cette collection, vous pouvez \u00eatre s\u00fbre que votre look ne s'arr\u00eatera jamais ce jour-l\u00e0. La tra\u00eene est courte, ce qui vous permet de bouger confortablement et librement \u00e0 tout moment. Confortable et esth\u00e9tique, le boho est une tenue inspir\u00e9e de la nature, faite pour la mari\u00e9e hyper-moderne et ind\u00e9pendante. Le d\u00e9collet\u00e9 en V profond avec des nuances florales attire particuli\u00e8rement l'attention sur ce mod\u00e8le. Cette robe enchanteresse est sans manches et vous donne une totale libert\u00e9 de mouvement avec une touche s\u00e9duisante et gracieuse.","breadcrumb":{"@id":"https:\/\/www.koonings.com\/fr\/product\/ladybird-alonna\/#breadcrumb"},"inLanguage":"fr-FR","potentialAction":[{"@type":"ReadAction","target":["https:\/\/www.koonings.com\/fr\/product\/ladybird-alonna\/"]}]},{"@type":"ImageObject","inLanguage":"fr-FR","@id":"https:\/\/www.koonings.com\/fr\/product\/ladybird-alonna\/#primaryimage","url":"https:\/\/www.koonings.com\/wp-content\/uploads\/2024\/11\/37956_e6dfa258e5abf21fdb4cdf6891ec1dc8df599b5f2de480ef842f7c19b3ba1bfc5effab0e-scaled.jpeg","contentUrl":"https:\/\/www.koonings.com\/wp-content\/uploads\/2024\/11\/37956_e6dfa258e5abf21fdb4cdf6891ec1dc8df599b5f2de480ef842f7c19b3ba1bfc5effab0e-scaled.jpeg","width":1810,"height":2560},{"@type":"BreadcrumbList","@id":"https:\/\/www.koonings.com\/fr\/product\/ladybird-alonna\/#breadcrumb","itemListElement":[{"@type":"ListItem","position":1,"name":"Home","item":"https:\/\/www.koonings.com\/fr\/"},{"@type":"ListItem","position":2,"name":"Coccinelle Alonna"}]},{"@type":"WebSite","@id":"https:\/\/www.koonings.com\/fr\/#website","url":"https:\/\/www.koonings.com\/fr\/","name":"Koonings","description":"De grootste bruidsmodewinkel ter wereld","publisher":{"@id":"https:\/\/www.koonings.com\/fr\/#organization"},"potentialAction":[{"@type":"SearchAction","target":{"@type":"EntryPoint","urlTemplate":"https:\/\/www.koonings.com\/fr\/?s={search_term_string}"},"query-input":{"@type":"PropertyValueSpecification","valueRequired":true,"valueName":"search_term_string"}}],"inLanguage":"fr-FR"},{"@type":"Organization","@id":"https:\/\/www.koonings.com\/fr\/#organization","name":"Koonings","url":"https:\/\/www.koonings.com\/fr\/","logo":{"@type":"ImageObject","inLanguage":"fr-FR","@id":"https:\/\/www.koonings.com\/fr\/#\/schema\/logo\/image\/","url":"https:\/\/www.koonings.com\/wp-content\/uploads\/2024\/07\/logo.png","contentUrl":"https:\/\/www.koonings.com\/wp-content\/uploads\/2024\/07\/logo.png","width":600,"height":428,"caption":"Koonings"},"image":{"@id":"https:\/\/www.koonings.com\/fr\/#\/schema\/logo\/image\/"},"sameAs":["https:\/\/www.facebook.com\/kooningstheweddingpalace","https:\/\/www.instagram.com\/kooningstheweddingpalace","https:\/\/www.pinterest.com\/koonings","https:\/\/www.youtube.com\/kooningstheweddingpalace"]}]}},"_links":{"self":[{"href":"https:\/\/www.koonings.com\/fr\/wp-json\/wp\/v2\/product\/56731","targetHints":{"allow":["GET"]}}],"collection":[{"href":"https:\/\/www.koonings.com\/fr\/wp-json\/wp\/v2\/product"}],"about":[{"href":"https:\/\/www.koonings.com\/fr\/wp-json\/wp\/v2\/types\/product"}],"wp:featuredmedia":[{"embeddable":true,"href":"https:\/\/www.koonings.com\/fr\/wp-json\/wp\/v2\/media\/34441"}],"wp:attachment":[{"href":"https:\/\/www.koonings.com\/fr\/wp-json\/wp\/v2\/media?parent=56731"}],"wp:term":[{"taxonomy":"productdetails","embeddable":true,"href":"https:\/\/www.koonings.com\/fr\/wp-json\/wp\/v2\/productdetails?post=56731"},{"taxonomy":"productneck","embeddable":true,"href":"https:\/\/www.koonings.com\/fr\/wp-json\/wp\/v2\/productneck?post=56731"},{"taxonomy":"productcolor","embeddable":true,"href":"https:\/\/www.koonings.com\/fr\/wp-json\/wp\/v2\/productcolor?post=56731"},{"taxonomy":"maat","embeddable":true,"href":"https:\/\/www.koonings.com\/fr\/wp-json\/wp\/v2\/maat?post=56731"},{"taxonomy":"productsupplier","embeddable":true,"href":"https:\/\/www.koonings.com\/fr\/wp-json\/wp\/v2\/productsupplier?post=56731"},{"taxonomy":"productsleeve","embeddable":true,"href":"https:\/\/www.koonings.com\/fr\/wp-json\/wp\/v2\/productsleeve?post=56731"},{"taxonomy":"productcategory","embeddable":true,"href":"https:\/\/www.koonings.com\/fr\/wp-json\/wp\/v2\/productcategory?post=56731"},{"taxonomy":"productsilhouette","embeddable":true,"href":"https:\/\/www.koonings.com\/fr\/wp-json\/wp\/v2\/productsilhouette?post=56731"},{"taxonomy":"productstyle","embeddable":true,"href":"https:\/\/www.koonings.com\/fr\/wp-json\/wp\/v2\/productstyle?post=56731"}],"curies":[{"name":"wp","href":"https:\/\/api.w.org\/{rel}","templated":true}]}}