{"id":56718,"date":"2025-07-10T12:12:32","date_gmt":"2025-07-10T10:12:32","guid":{"rendered":"https:\/\/www.koonings.com\/product\/enzoani-blue-collection-66-7\/"},"modified":"2025-06-05T12:29:40","modified_gmt":"2025-06-05T10:29:40","slug":"enzoani-blue-collection-66-7","status":"publish","type":"product","link":"https:\/\/www.koonings.com\/fr\/product\/enzoani-blue-collection-66-7\/","title":{"rendered":"Enzoani Blue Collection 66"},"content":{"rendered":"<p>Cette robe sir\u00e8ne moulante est id\u00e9ale pour les mari\u00e9es qui souhaitent mettre en valeur leurs courbes et leur sophistication sexy. Elle est con\u00e7ue avec des bretelles de tulle d\u00e9tachables, douces et romantiques, sur un corsage d\u00e9collet\u00e9 en V et en c\u0153ur. Cette dentelle florale en coton \u00e9pais embellit subtilement le corsage pour modeler votre torse et encadre le dos corset\u00e9 \u00e0 boutons recouverts pour une touche glamour et moderne qui attire le regard sur l&#8217;\u00e9poustouflante tra\u00eene en cascade avec juste ce qu&#8217;il faut de d\u00e9tails en dentelle de r\u00eave.  <\/p>\n","protected":false},"featured_media":34509,"template":"","meta":{"_acf_changed":false,"ghostkit_customizer_options":"","ghostkit_custom_css":"","ghostkit_custom_js_head":"","ghostkit_custom_js_foot":"","ghostkit_typography":""},"productdetails":[],"productneck":[],"productcolor":[],"maat":[],"productsupplier":[405],"productsleeve":[],"productcategory":[18],"productsilhouette":[],"productstyle":[],"class_list":["post-56718","product","type-product","status-publish","has-post-thumbnail","hentry","productsupplier-enzoani-blue-collection","productcategory-trouwjurken"],"acf":[],"yoast_head":"<!-- This site is optimized with the Yoast SEO plugin v27.3 - https:\/\/yoast.com\/product\/yoast-seo-wordpress\/ -->\n<title>Enzoani Blue Collection 66 | Koonings<\/title>\n<meta name=\"description\" content=\"Cette robe sir\u00e8ne moulante est id\u00e9ale pour les mari\u00e9es qui souhaitent mettre en valeur leurs courbes et leur sophistication sexy. Elle est con\u00e7ue avec des bretelles de tulle d\u00e9tachables, douces et romantiques, sur un corsage d\u00e9collet\u00e9 en V et en c\u0153ur. Cette dentelle florale en coton \u00e9pais embellit subtilement le corsage pour modeler votre torse et encadre le dos corset\u00e9 \u00e0 boutons recouverts pour une touche glamour et moderne qui attire le regard sur l&#039;\u00e9poustouflante tra\u00eene en cascade avec juste ce qu&#039;il faut de d\u00e9tails en dentelle de r\u00eave.\" \/>\n<meta name=\"robots\" content=\"index, follow, max-snippet:-1, max-image-preview:large, max-video-preview:-1\" \/>\n<link rel=\"canonical\" href=\"https:\/\/www.koonings.com\/fr\/product\/enzoani-blue-collection-66-7\/\" \/>\n<meta property=\"og:locale\" content=\"fr_FR\" \/>\n<meta property=\"og:type\" content=\"article\" \/>\n<meta property=\"og:title\" content=\"Enzoani Blue Collection 66 | Koonings\" \/>\n<meta property=\"og:description\" content=\"Cette robe sir\u00e8ne moulante est id\u00e9ale pour les mari\u00e9es qui souhaitent mettre en valeur leurs courbes et leur sophistication sexy. Elle est con\u00e7ue avec des bretelles de tulle d\u00e9tachables, douces et romantiques, sur un corsage d\u00e9collet\u00e9 en V et en c\u0153ur. Cette dentelle florale en coton \u00e9pais embellit subtilement le corsage pour modeler votre torse et encadre le dos corset\u00e9 \u00e0 boutons recouverts pour une touche glamour et moderne qui attire le regard sur l&#039;\u00e9poustouflante tra\u00eene en cascade avec juste ce qu&#039;il faut de d\u00e9tails en dentelle de r\u00eave.\" \/>\n<meta property=\"og:url\" content=\"https:\/\/www.koonings.com\/fr\/product\/enzoani-blue-collection-66-7\/\" \/>\n<meta property=\"og:site_name\" content=\"Koonings\" \/>\n<meta property=\"article:publisher\" content=\"https:\/\/www.facebook.com\/kooningstheweddingpalace\" \/>\n<meta property=\"og:image\" content=\"https:\/\/www.koonings.com\/wp-content\/uploads\/2024\/11\/37966_5092083c2a51355291b66cf7c98f15174f35289422792376b683a10d250eb8da7ac8c2cd.jpeg\" \/>\n\t<meta property=\"og:image:width\" content=\"300\" \/>\n\t<meta property=\"og:image:height\" content=\"450\" \/>\n\t<meta property=\"og:image:type\" content=\"image\/jpeg\" \/>\n<meta name=\"twitter:card\" content=\"summary_large_image\" \/>\n<script type=\"application\/ld+json\" class=\"yoast-schema-graph\">{\"@context\":\"https:\\\/\\\/schema.org\",\"@graph\":[{\"@type\":\"WebPage\",\"@id\":\"https:\\\/\\\/www.koonings.com\\\/fr\\\/product\\\/enzoani-blue-collection-66-7\\\/\",\"url\":\"https:\\\/\\\/www.koonings.com\\\/fr\\\/product\\\/enzoani-blue-collection-66-7\\\/\",\"name\":\"Enzoani Blue Collection 66 | Koonings\",\"isPartOf\":{\"@id\":\"https:\\\/\\\/www.koonings.com\\\/fr\\\/#website\"},\"primaryImageOfPage\":{\"@id\":\"https:\\\/\\\/www.koonings.com\\\/fr\\\/product\\\/enzoani-blue-collection-66-7\\\/#primaryimage\"},\"image\":{\"@id\":\"https:\\\/\\\/www.koonings.com\\\/fr\\\/product\\\/enzoani-blue-collection-66-7\\\/#primaryimage\"},\"thumbnailUrl\":\"https:\\\/\\\/www.koonings.com\\\/wp-content\\\/uploads\\\/2024\\\/11\\\/37966_5092083c2a51355291b66cf7c98f15174f35289422792376b683a10d250eb8da7ac8c2cd.jpeg\",\"datePublished\":\"2025-07-10T10:12:32+00:00\",\"description\":\"Cette robe sir\u00e8ne moulante est id\u00e9ale pour les mari\u00e9es qui souhaitent mettre en valeur leurs courbes et leur sophistication sexy. Elle est con\u00e7ue avec des bretelles de tulle d\u00e9tachables, douces et romantiques, sur un corsage d\u00e9collet\u00e9 en V et en c\u0153ur. Cette dentelle florale en coton \u00e9pais embellit subtilement le corsage pour modeler votre torse et encadre le dos corset\u00e9 \u00e0 boutons recouverts pour une touche glamour et moderne qui attire le regard sur l'\u00e9poustouflante tra\u00eene en cascade avec juste ce qu'il faut de d\u00e9tails en dentelle de r\u00eave.\",\"breadcrumb\":{\"@id\":\"https:\\\/\\\/www.koonings.com\\\/fr\\\/product\\\/enzoani-blue-collection-66-7\\\/#breadcrumb\"},\"inLanguage\":\"fr-FR\",\"potentialAction\":[{\"@type\":\"ReadAction\",\"target\":[\"https:\\\/\\\/www.koonings.com\\\/fr\\\/product\\\/enzoani-blue-collection-66-7\\\/\"]}]},{\"@type\":\"ImageObject\",\"inLanguage\":\"fr-FR\",\"@id\":\"https:\\\/\\\/www.koonings.com\\\/fr\\\/product\\\/enzoani-blue-collection-66-7\\\/#primaryimage\",\"url\":\"https:\\\/\\\/www.koonings.com\\\/wp-content\\\/uploads\\\/2024\\\/11\\\/37966_5092083c2a51355291b66cf7c98f15174f35289422792376b683a10d250eb8da7ac8c2cd.jpeg\",\"contentUrl\":\"https:\\\/\\\/www.koonings.com\\\/wp-content\\\/uploads\\\/2024\\\/11\\\/37966_5092083c2a51355291b66cf7c98f15174f35289422792376b683a10d250eb8da7ac8c2cd.jpeg\",\"width\":300,\"height\":450},{\"@type\":\"BreadcrumbList\",\"@id\":\"https:\\\/\\\/www.koonings.com\\\/fr\\\/product\\\/enzoani-blue-collection-66-7\\\/#breadcrumb\",\"itemListElement\":[{\"@type\":\"ListItem\",\"position\":1,\"name\":\"Home\",\"item\":\"https:\\\/\\\/www.koonings.com\\\/fr\\\/\"},{\"@type\":\"ListItem\",\"position\":2,\"name\":\"Enzoani Blue Collection 66\"}]},{\"@type\":\"WebSite\",\"@id\":\"https:\\\/\\\/www.koonings.com\\\/fr\\\/#website\",\"url\":\"https:\\\/\\\/www.koonings.com\\\/fr\\\/\",\"name\":\"Koonings\",\"description\":\"De grootste bruidsmodewinkel ter wereld\",\"publisher\":{\"@id\":\"https:\\\/\\\/www.koonings.com\\\/fr\\\/#organization\"},\"potentialAction\":[{\"@type\":\"SearchAction\",\"target\":{\"@type\":\"EntryPoint\",\"urlTemplate\":\"https:\\\/\\\/www.koonings.com\\\/fr\\\/?s={search_term_string}\"},\"query-input\":{\"@type\":\"PropertyValueSpecification\",\"valueRequired\":true,\"valueName\":\"search_term_string\"}}],\"inLanguage\":\"fr-FR\"},{\"@type\":\"Organization\",\"@id\":\"https:\\\/\\\/www.koonings.com\\\/fr\\\/#organization\",\"name\":\"Koonings\",\"url\":\"https:\\\/\\\/www.koonings.com\\\/fr\\\/\",\"logo\":{\"@type\":\"ImageObject\",\"inLanguage\":\"fr-FR\",\"@id\":\"https:\\\/\\\/www.koonings.com\\\/fr\\\/#\\\/schema\\\/logo\\\/image\\\/\",\"url\":\"https:\\\/\\\/www.koonings.com\\\/wp-content\\\/uploads\\\/2024\\\/07\\\/logo.png\",\"contentUrl\":\"https:\\\/\\\/www.koonings.com\\\/wp-content\\\/uploads\\\/2024\\\/07\\\/logo.png\",\"width\":600,\"height\":428,\"caption\":\"Koonings\"},\"image\":{\"@id\":\"https:\\\/\\\/www.koonings.com\\\/fr\\\/#\\\/schema\\\/logo\\\/image\\\/\"},\"sameAs\":[\"https:\\\/\\\/www.facebook.com\\\/kooningstheweddingpalace\",\"https:\\\/\\\/www.instagram.com\\\/kooningstheweddingpalace\",\"https:\\\/\\\/www.pinterest.com\\\/koonings\",\"https:\\\/\\\/www.youtube.com\\\/kooningstheweddingpalace\"]}]}<\/script>\n<!-- \/ Yoast SEO plugin. -->","yoast_head_json":{"title":"Enzoani Blue Collection 66 | Koonings","description":"Cette robe sir\u00e8ne moulante est id\u00e9ale pour les mari\u00e9es qui souhaitent mettre en valeur leurs courbes et leur sophistication sexy. Elle est con\u00e7ue avec des bretelles de tulle d\u00e9tachables, douces et romantiques, sur un corsage d\u00e9collet\u00e9 en V et en c\u0153ur. Cette dentelle florale en coton \u00e9pais embellit subtilement le corsage pour modeler votre torse et encadre le dos corset\u00e9 \u00e0 boutons recouverts pour une touche glamour et moderne qui attire le regard sur l'\u00e9poustouflante tra\u00eene en cascade avec juste ce qu'il faut de d\u00e9tails en dentelle de r\u00eave.","robots":{"index":"index","follow":"follow","max-snippet":"max-snippet:-1","max-image-preview":"max-image-preview:large","max-video-preview":"max-video-preview:-1"},"canonical":"https:\/\/www.koonings.com\/fr\/product\/enzoani-blue-collection-66-7\/","og_locale":"fr_FR","og_type":"article","og_title":"Enzoani Blue Collection 66 | Koonings","og_description":"Cette robe sir\u00e8ne moulante est id\u00e9ale pour les mari\u00e9es qui souhaitent mettre en valeur leurs courbes et leur sophistication sexy. Elle est con\u00e7ue avec des bretelles de tulle d\u00e9tachables, douces et romantiques, sur un corsage d\u00e9collet\u00e9 en V et en c\u0153ur. Cette dentelle florale en coton \u00e9pais embellit subtilement le corsage pour modeler votre torse et encadre le dos corset\u00e9 \u00e0 boutons recouverts pour une touche glamour et moderne qui attire le regard sur l'\u00e9poustouflante tra\u00eene en cascade avec juste ce qu'il faut de d\u00e9tails en dentelle de r\u00eave.","og_url":"https:\/\/www.koonings.com\/fr\/product\/enzoani-blue-collection-66-7\/","og_site_name":"Koonings","article_publisher":"https:\/\/www.facebook.com\/kooningstheweddingpalace","og_image":[{"width":300,"height":450,"url":"https:\/\/www.koonings.com\/wp-content\/uploads\/2024\/11\/37966_5092083c2a51355291b66cf7c98f15174f35289422792376b683a10d250eb8da7ac8c2cd.jpeg","type":"image\/jpeg"}],"twitter_card":"summary_large_image","schema":{"@context":"https:\/\/schema.org","@graph":[{"@type":"WebPage","@id":"https:\/\/www.koonings.com\/fr\/product\/enzoani-blue-collection-66-7\/","url":"https:\/\/www.koonings.com\/fr\/product\/enzoani-blue-collection-66-7\/","name":"Enzoani Blue Collection 66 | Koonings","isPartOf":{"@id":"https:\/\/www.koonings.com\/fr\/#website"},"primaryImageOfPage":{"@id":"https:\/\/www.koonings.com\/fr\/product\/enzoani-blue-collection-66-7\/#primaryimage"},"image":{"@id":"https:\/\/www.koonings.com\/fr\/product\/enzoani-blue-collection-66-7\/#primaryimage"},"thumbnailUrl":"https:\/\/www.koonings.com\/wp-content\/uploads\/2024\/11\/37966_5092083c2a51355291b66cf7c98f15174f35289422792376b683a10d250eb8da7ac8c2cd.jpeg","datePublished":"2025-07-10T10:12:32+00:00","description":"Cette robe sir\u00e8ne moulante est id\u00e9ale pour les mari\u00e9es qui souhaitent mettre en valeur leurs courbes et leur sophistication sexy. Elle est con\u00e7ue avec des bretelles de tulle d\u00e9tachables, douces et romantiques, sur un corsage d\u00e9collet\u00e9 en V et en c\u0153ur. Cette dentelle florale en coton \u00e9pais embellit subtilement le corsage pour modeler votre torse et encadre le dos corset\u00e9 \u00e0 boutons recouverts pour une touche glamour et moderne qui attire le regard sur l'\u00e9poustouflante tra\u00eene en cascade avec juste ce qu'il faut de d\u00e9tails en dentelle de r\u00eave.","breadcrumb":{"@id":"https:\/\/www.koonings.com\/fr\/product\/enzoani-blue-collection-66-7\/#breadcrumb"},"inLanguage":"fr-FR","potentialAction":[{"@type":"ReadAction","target":["https:\/\/www.koonings.com\/fr\/product\/enzoani-blue-collection-66-7\/"]}]},{"@type":"ImageObject","inLanguage":"fr-FR","@id":"https:\/\/www.koonings.com\/fr\/product\/enzoani-blue-collection-66-7\/#primaryimage","url":"https:\/\/www.koonings.com\/wp-content\/uploads\/2024\/11\/37966_5092083c2a51355291b66cf7c98f15174f35289422792376b683a10d250eb8da7ac8c2cd.jpeg","contentUrl":"https:\/\/www.koonings.com\/wp-content\/uploads\/2024\/11\/37966_5092083c2a51355291b66cf7c98f15174f35289422792376b683a10d250eb8da7ac8c2cd.jpeg","width":300,"height":450},{"@type":"BreadcrumbList","@id":"https:\/\/www.koonings.com\/fr\/product\/enzoani-blue-collection-66-7\/#breadcrumb","itemListElement":[{"@type":"ListItem","position":1,"name":"Home","item":"https:\/\/www.koonings.com\/fr\/"},{"@type":"ListItem","position":2,"name":"Enzoani Blue Collection 66"}]},{"@type":"WebSite","@id":"https:\/\/www.koonings.com\/fr\/#website","url":"https:\/\/www.koonings.com\/fr\/","name":"Koonings","description":"De grootste bruidsmodewinkel ter wereld","publisher":{"@id":"https:\/\/www.koonings.com\/fr\/#organization"},"potentialAction":[{"@type":"SearchAction","target":{"@type":"EntryPoint","urlTemplate":"https:\/\/www.koonings.com\/fr\/?s={search_term_string}"},"query-input":{"@type":"PropertyValueSpecification","valueRequired":true,"valueName":"search_term_string"}}],"inLanguage":"fr-FR"},{"@type":"Organization","@id":"https:\/\/www.koonings.com\/fr\/#organization","name":"Koonings","url":"https:\/\/www.koonings.com\/fr\/","logo":{"@type":"ImageObject","inLanguage":"fr-FR","@id":"https:\/\/www.koonings.com\/fr\/#\/schema\/logo\/image\/","url":"https:\/\/www.koonings.com\/wp-content\/uploads\/2024\/07\/logo.png","contentUrl":"https:\/\/www.koonings.com\/wp-content\/uploads\/2024\/07\/logo.png","width":600,"height":428,"caption":"Koonings"},"image":{"@id":"https:\/\/www.koonings.com\/fr\/#\/schema\/logo\/image\/"},"sameAs":["https:\/\/www.facebook.com\/kooningstheweddingpalace","https:\/\/www.instagram.com\/kooningstheweddingpalace","https:\/\/www.pinterest.com\/koonings","https:\/\/www.youtube.com\/kooningstheweddingpalace"]}]}},"_links":{"self":[{"href":"https:\/\/www.koonings.com\/fr\/wp-json\/wp\/v2\/product\/56718","targetHints":{"allow":["GET"]}}],"collection":[{"href":"https:\/\/www.koonings.com\/fr\/wp-json\/wp\/v2\/product"}],"about":[{"href":"https:\/\/www.koonings.com\/fr\/wp-json\/wp\/v2\/types\/product"}],"wp:featuredmedia":[{"embeddable":true,"href":"https:\/\/www.koonings.com\/fr\/wp-json\/wp\/v2\/media\/34509"}],"wp:attachment":[{"href":"https:\/\/www.koonings.com\/fr\/wp-json\/wp\/v2\/media?parent=56718"}],"wp:term":[{"taxonomy":"productdetails","embeddable":true,"href":"https:\/\/www.koonings.com\/fr\/wp-json\/wp\/v2\/productdetails?post=56718"},{"taxonomy":"productneck","embeddable":true,"href":"https:\/\/www.koonings.com\/fr\/wp-json\/wp\/v2\/productneck?post=56718"},{"taxonomy":"productcolor","embeddable":true,"href":"https:\/\/www.koonings.com\/fr\/wp-json\/wp\/v2\/productcolor?post=56718"},{"taxonomy":"maat","embeddable":true,"href":"https:\/\/www.koonings.com\/fr\/wp-json\/wp\/v2\/maat?post=56718"},{"taxonomy":"productsupplier","embeddable":true,"href":"https:\/\/www.koonings.com\/fr\/wp-json\/wp\/v2\/productsupplier?post=56718"},{"taxonomy":"productsleeve","embeddable":true,"href":"https:\/\/www.koonings.com\/fr\/wp-json\/wp\/v2\/productsleeve?post=56718"},{"taxonomy":"productcategory","embeddable":true,"href":"https:\/\/www.koonings.com\/fr\/wp-json\/wp\/v2\/productcategory?post=56718"},{"taxonomy":"productsilhouette","embeddable":true,"href":"https:\/\/www.koonings.com\/fr\/wp-json\/wp\/v2\/productsilhouette?post=56718"},{"taxonomy":"productstyle","embeddable":true,"href":"https:\/\/www.koonings.com\/fr\/wp-json\/wp\/v2\/productstyle?post=56718"}],"curies":[{"name":"wp","href":"https:\/\/api.w.org\/{rel}","templated":true}]}}