{"id":56694,"date":"2026-05-06T15:10:04","date_gmt":"2026-05-06T13:10:04","guid":{"rendered":"https:\/\/www.koonings.com\/product\/ramona-koonings-couture-kn2340-1-londen\/"},"modified":"2026-02-16T14:33:36","modified_gmt":"2026-02-16T13:33:36","slug":"ramona-koonings-couture-kn2340-1-londen","status":"publish","type":"product","link":"https:\/\/www.koonings.com\/fr\/product\/ramona-koonings-couture-kn2340-1-londen\/","title":{"rendered":"Ramona Koonings Couture KN2340-1 Londres"},"content":{"rendered":"<p>Une mari\u00e9e de grande taille peut aussi tr\u00e8s bien porter une robe de mari\u00e9e sans bretelles, comme le prouve ce mod\u00e8le. Cette robe est une combinaison d&#8217;un corsage en dentelle transparente et d&#8217;une jupe large avec une longue tra\u00eene. Le corsage et la jupe sont d\u00e9cor\u00e9s d&#8217;appliqu\u00e9s floraux. Un long voile ne devrait pas manquer.   <\/p>\n","protected":false},"featured_media":34622,"template":"","meta":{"_acf_changed":false,"ghostkit_customizer_options":"","ghostkit_custom_css":"","ghostkit_custom_js_head":"","ghostkit_custom_js_foot":"","ghostkit_typography":""},"productdetails":[379,376,381],"productneck":[354,355],"productcolor":[393,392],"maat":[375],"productsupplier":[419],"productsleeve":[],"productcategory":[18],"productsilhouette":[384],"productstyle":[367],"class_list":["post-56694","product","type-product","status-publish","has-post-thumbnail","hentry","productdetails-379","productdetails-376","productdetails-381","productneck-354","productneck-355","productcolor-393","productcolor-392","maat-375","productsupplier-ramona-koonings-couture","productcategory-trouwjurken","productsilhouette-384","productstyle-367"],"acf":[],"yoast_head":"<!-- This site is optimized with the Yoast SEO plugin v27.3 - https:\/\/yoast.com\/product\/yoast-seo-wordpress\/ -->\n<title>Ramona Koonings Couture KN2340-1 Londres | Koonings<\/title>\n<meta name=\"description\" content=\"Une mari\u00e9e de grande taille peut aussi tr\u00e8s bien porter une robe de mari\u00e9e sans bretelles, comme le prouve ce mod\u00e8le. Cette robe est une combinaison d&#039;un corsage en dentelle transparente et d&#039;une jupe large avec une longue tra\u00eene. Le corsage et la jupe sont d\u00e9cor\u00e9s d&#039;appliqu\u00e9s floraux. Un long voile ne devrait pas manquer.\" \/>\n<meta name=\"robots\" content=\"index, follow, max-snippet:-1, max-image-preview:large, max-video-preview:-1\" \/>\n<link rel=\"canonical\" href=\"https:\/\/www.koonings.com\/fr\/product\/ramona-koonings-couture-kn2340-1-londen\/\" \/>\n<meta property=\"og:locale\" content=\"fr_FR\" \/>\n<meta property=\"og:type\" content=\"article\" \/>\n<meta property=\"og:title\" content=\"Ramona Koonings Couture KN2340-1 Londres | Koonings\" \/>\n<meta property=\"og:description\" content=\"Une mari\u00e9e de grande taille peut aussi tr\u00e8s bien porter une robe de mari\u00e9e sans bretelles, comme le prouve ce mod\u00e8le. Cette robe est une combinaison d&#039;un corsage en dentelle transparente et d&#039;une jupe large avec une longue tra\u00eene. Le corsage et la jupe sont d\u00e9cor\u00e9s d&#039;appliqu\u00e9s floraux. Un long voile ne devrait pas manquer.\" \/>\n<meta property=\"og:url\" content=\"https:\/\/www.koonings.com\/fr\/product\/ramona-koonings-couture-kn2340-1-londen\/\" \/>\n<meta property=\"og:site_name\" content=\"Koonings\" \/>\n<meta property=\"article:publisher\" content=\"https:\/\/www.facebook.com\/kooningstheweddingpalace\" \/>\n<meta property=\"og:image\" content=\"https:\/\/www.koonings.com\/wp-content\/uploads\/2024\/11\/37993_0c77a32783c24765c1ec766943ba351210884ff6bd051a6e586d0b16c7049e9fd6c6f108.jpeg\" \/>\n\t<meta property=\"og:image:width\" content=\"1671\" \/>\n\t<meta property=\"og:image:height\" content=\"2358\" \/>\n\t<meta property=\"og:image:type\" content=\"image\/jpeg\" \/>\n<meta name=\"twitter:card\" content=\"summary_large_image\" \/>\n<script type=\"application\/ld+json\" class=\"yoast-schema-graph\">{\"@context\":\"https:\\\/\\\/schema.org\",\"@graph\":[{\"@type\":\"WebPage\",\"@id\":\"https:\\\/\\\/www.koonings.com\\\/fr\\\/product\\\/ramona-koonings-couture-kn2340-1-londen\\\/\",\"url\":\"https:\\\/\\\/www.koonings.com\\\/fr\\\/product\\\/ramona-koonings-couture-kn2340-1-londen\\\/\",\"name\":\"Ramona Koonings Couture KN2340-1 Londres | Koonings\",\"isPartOf\":{\"@id\":\"https:\\\/\\\/www.koonings.com\\\/fr\\\/#website\"},\"primaryImageOfPage\":{\"@id\":\"https:\\\/\\\/www.koonings.com\\\/fr\\\/product\\\/ramona-koonings-couture-kn2340-1-londen\\\/#primaryimage\"},\"image\":{\"@id\":\"https:\\\/\\\/www.koonings.com\\\/fr\\\/product\\\/ramona-koonings-couture-kn2340-1-londen\\\/#primaryimage\"},\"thumbnailUrl\":\"https:\\\/\\\/www.koonings.com\\\/wp-content\\\/uploads\\\/2024\\\/11\\\/37993_0c77a32783c24765c1ec766943ba351210884ff6bd051a6e586d0b16c7049e9fd6c6f108.jpeg\",\"datePublished\":\"2026-05-06T13:10:04+00:00\",\"description\":\"Une mari\u00e9e de grande taille peut aussi tr\u00e8s bien porter une robe de mari\u00e9e sans bretelles, comme le prouve ce mod\u00e8le. Cette robe est une combinaison d'un corsage en dentelle transparente et d'une jupe large avec une longue tra\u00eene. Le corsage et la jupe sont d\u00e9cor\u00e9s d'appliqu\u00e9s floraux. Un long voile ne devrait pas manquer.\",\"breadcrumb\":{\"@id\":\"https:\\\/\\\/www.koonings.com\\\/fr\\\/product\\\/ramona-koonings-couture-kn2340-1-londen\\\/#breadcrumb\"},\"inLanguage\":\"fr-FR\",\"potentialAction\":[{\"@type\":\"ReadAction\",\"target\":[\"https:\\\/\\\/www.koonings.com\\\/fr\\\/product\\\/ramona-koonings-couture-kn2340-1-londen\\\/\"]}]},{\"@type\":\"ImageObject\",\"inLanguage\":\"fr-FR\",\"@id\":\"https:\\\/\\\/www.koonings.com\\\/fr\\\/product\\\/ramona-koonings-couture-kn2340-1-londen\\\/#primaryimage\",\"url\":\"https:\\\/\\\/www.koonings.com\\\/wp-content\\\/uploads\\\/2024\\\/11\\\/37993_0c77a32783c24765c1ec766943ba351210884ff6bd051a6e586d0b16c7049e9fd6c6f108.jpeg\",\"contentUrl\":\"https:\\\/\\\/www.koonings.com\\\/wp-content\\\/uploads\\\/2024\\\/11\\\/37993_0c77a32783c24765c1ec766943ba351210884ff6bd051a6e586d0b16c7049e9fd6c6f108.jpeg\",\"width\":1671,\"height\":2358},{\"@type\":\"BreadcrumbList\",\"@id\":\"https:\\\/\\\/www.koonings.com\\\/fr\\\/product\\\/ramona-koonings-couture-kn2340-1-londen\\\/#breadcrumb\",\"itemListElement\":[{\"@type\":\"ListItem\",\"position\":1,\"name\":\"Home\",\"item\":\"https:\\\/\\\/www.koonings.com\\\/fr\\\/\"},{\"@type\":\"ListItem\",\"position\":2,\"name\":\"Ramona Koonings Couture KN2340-1 Londres\"}]},{\"@type\":\"WebSite\",\"@id\":\"https:\\\/\\\/www.koonings.com\\\/fr\\\/#website\",\"url\":\"https:\\\/\\\/www.koonings.com\\\/fr\\\/\",\"name\":\"Koonings\",\"description\":\"De grootste bruidsmodewinkel ter wereld\",\"publisher\":{\"@id\":\"https:\\\/\\\/www.koonings.com\\\/fr\\\/#organization\"},\"potentialAction\":[{\"@type\":\"SearchAction\",\"target\":{\"@type\":\"EntryPoint\",\"urlTemplate\":\"https:\\\/\\\/www.koonings.com\\\/fr\\\/?s={search_term_string}\"},\"query-input\":{\"@type\":\"PropertyValueSpecification\",\"valueRequired\":true,\"valueName\":\"search_term_string\"}}],\"inLanguage\":\"fr-FR\"},{\"@type\":\"Organization\",\"@id\":\"https:\\\/\\\/www.koonings.com\\\/fr\\\/#organization\",\"name\":\"Koonings\",\"url\":\"https:\\\/\\\/www.koonings.com\\\/fr\\\/\",\"logo\":{\"@type\":\"ImageObject\",\"inLanguage\":\"fr-FR\",\"@id\":\"https:\\\/\\\/www.koonings.com\\\/fr\\\/#\\\/schema\\\/logo\\\/image\\\/\",\"url\":\"https:\\\/\\\/www.koonings.com\\\/wp-content\\\/uploads\\\/2024\\\/07\\\/logo.png\",\"contentUrl\":\"https:\\\/\\\/www.koonings.com\\\/wp-content\\\/uploads\\\/2024\\\/07\\\/logo.png\",\"width\":600,\"height\":428,\"caption\":\"Koonings\"},\"image\":{\"@id\":\"https:\\\/\\\/www.koonings.com\\\/fr\\\/#\\\/schema\\\/logo\\\/image\\\/\"},\"sameAs\":[\"https:\\\/\\\/www.facebook.com\\\/kooningstheweddingpalace\",\"https:\\\/\\\/www.instagram.com\\\/kooningstheweddingpalace\",\"https:\\\/\\\/www.pinterest.com\\\/koonings\",\"https:\\\/\\\/www.youtube.com\\\/kooningstheweddingpalace\"]}]}<\/script>\n<!-- \/ Yoast SEO plugin. -->","yoast_head_json":{"title":"Ramona Koonings Couture KN2340-1 Londres | Koonings","description":"Une mari\u00e9e de grande taille peut aussi tr\u00e8s bien porter une robe de mari\u00e9e sans bretelles, comme le prouve ce mod\u00e8le. Cette robe est une combinaison d'un corsage en dentelle transparente et d'une jupe large avec une longue tra\u00eene. Le corsage et la jupe sont d\u00e9cor\u00e9s d'appliqu\u00e9s floraux. Un long voile ne devrait pas manquer.","robots":{"index":"index","follow":"follow","max-snippet":"max-snippet:-1","max-image-preview":"max-image-preview:large","max-video-preview":"max-video-preview:-1"},"canonical":"https:\/\/www.koonings.com\/fr\/product\/ramona-koonings-couture-kn2340-1-londen\/","og_locale":"fr_FR","og_type":"article","og_title":"Ramona Koonings Couture KN2340-1 Londres | Koonings","og_description":"Une mari\u00e9e de grande taille peut aussi tr\u00e8s bien porter une robe de mari\u00e9e sans bretelles, comme le prouve ce mod\u00e8le. Cette robe est une combinaison d'un corsage en dentelle transparente et d'une jupe large avec une longue tra\u00eene. Le corsage et la jupe sont d\u00e9cor\u00e9s d'appliqu\u00e9s floraux. Un long voile ne devrait pas manquer.","og_url":"https:\/\/www.koonings.com\/fr\/product\/ramona-koonings-couture-kn2340-1-londen\/","og_site_name":"Koonings","article_publisher":"https:\/\/www.facebook.com\/kooningstheweddingpalace","og_image":[{"width":1671,"height":2358,"url":"https:\/\/www.koonings.com\/wp-content\/uploads\/2024\/11\/37993_0c77a32783c24765c1ec766943ba351210884ff6bd051a6e586d0b16c7049e9fd6c6f108.jpeg","type":"image\/jpeg"}],"twitter_card":"summary_large_image","schema":{"@context":"https:\/\/schema.org","@graph":[{"@type":"WebPage","@id":"https:\/\/www.koonings.com\/fr\/product\/ramona-koonings-couture-kn2340-1-londen\/","url":"https:\/\/www.koonings.com\/fr\/product\/ramona-koonings-couture-kn2340-1-londen\/","name":"Ramona Koonings Couture KN2340-1 Londres | Koonings","isPartOf":{"@id":"https:\/\/www.koonings.com\/fr\/#website"},"primaryImageOfPage":{"@id":"https:\/\/www.koonings.com\/fr\/product\/ramona-koonings-couture-kn2340-1-londen\/#primaryimage"},"image":{"@id":"https:\/\/www.koonings.com\/fr\/product\/ramona-koonings-couture-kn2340-1-londen\/#primaryimage"},"thumbnailUrl":"https:\/\/www.koonings.com\/wp-content\/uploads\/2024\/11\/37993_0c77a32783c24765c1ec766943ba351210884ff6bd051a6e586d0b16c7049e9fd6c6f108.jpeg","datePublished":"2026-05-06T13:10:04+00:00","description":"Une mari\u00e9e de grande taille peut aussi tr\u00e8s bien porter une robe de mari\u00e9e sans bretelles, comme le prouve ce mod\u00e8le. Cette robe est une combinaison d'un corsage en dentelle transparente et d'une jupe large avec une longue tra\u00eene. Le corsage et la jupe sont d\u00e9cor\u00e9s d'appliqu\u00e9s floraux. Un long voile ne devrait pas manquer.","breadcrumb":{"@id":"https:\/\/www.koonings.com\/fr\/product\/ramona-koonings-couture-kn2340-1-londen\/#breadcrumb"},"inLanguage":"fr-FR","potentialAction":[{"@type":"ReadAction","target":["https:\/\/www.koonings.com\/fr\/product\/ramona-koonings-couture-kn2340-1-londen\/"]}]},{"@type":"ImageObject","inLanguage":"fr-FR","@id":"https:\/\/www.koonings.com\/fr\/product\/ramona-koonings-couture-kn2340-1-londen\/#primaryimage","url":"https:\/\/www.koonings.com\/wp-content\/uploads\/2024\/11\/37993_0c77a32783c24765c1ec766943ba351210884ff6bd051a6e586d0b16c7049e9fd6c6f108.jpeg","contentUrl":"https:\/\/www.koonings.com\/wp-content\/uploads\/2024\/11\/37993_0c77a32783c24765c1ec766943ba351210884ff6bd051a6e586d0b16c7049e9fd6c6f108.jpeg","width":1671,"height":2358},{"@type":"BreadcrumbList","@id":"https:\/\/www.koonings.com\/fr\/product\/ramona-koonings-couture-kn2340-1-londen\/#breadcrumb","itemListElement":[{"@type":"ListItem","position":1,"name":"Home","item":"https:\/\/www.koonings.com\/fr\/"},{"@type":"ListItem","position":2,"name":"Ramona Koonings Couture KN2340-1 Londres"}]},{"@type":"WebSite","@id":"https:\/\/www.koonings.com\/fr\/#website","url":"https:\/\/www.koonings.com\/fr\/","name":"Koonings","description":"De grootste bruidsmodewinkel ter wereld","publisher":{"@id":"https:\/\/www.koonings.com\/fr\/#organization"},"potentialAction":[{"@type":"SearchAction","target":{"@type":"EntryPoint","urlTemplate":"https:\/\/www.koonings.com\/fr\/?s={search_term_string}"},"query-input":{"@type":"PropertyValueSpecification","valueRequired":true,"valueName":"search_term_string"}}],"inLanguage":"fr-FR"},{"@type":"Organization","@id":"https:\/\/www.koonings.com\/fr\/#organization","name":"Koonings","url":"https:\/\/www.koonings.com\/fr\/","logo":{"@type":"ImageObject","inLanguage":"fr-FR","@id":"https:\/\/www.koonings.com\/fr\/#\/schema\/logo\/image\/","url":"https:\/\/www.koonings.com\/wp-content\/uploads\/2024\/07\/logo.png","contentUrl":"https:\/\/www.koonings.com\/wp-content\/uploads\/2024\/07\/logo.png","width":600,"height":428,"caption":"Koonings"},"image":{"@id":"https:\/\/www.koonings.com\/fr\/#\/schema\/logo\/image\/"},"sameAs":["https:\/\/www.facebook.com\/kooningstheweddingpalace","https:\/\/www.instagram.com\/kooningstheweddingpalace","https:\/\/www.pinterest.com\/koonings","https:\/\/www.youtube.com\/kooningstheweddingpalace"]}]}},"_links":{"self":[{"href":"https:\/\/www.koonings.com\/fr\/wp-json\/wp\/v2\/product\/56694","targetHints":{"allow":["GET"]}}],"collection":[{"href":"https:\/\/www.koonings.com\/fr\/wp-json\/wp\/v2\/product"}],"about":[{"href":"https:\/\/www.koonings.com\/fr\/wp-json\/wp\/v2\/types\/product"}],"wp:featuredmedia":[{"embeddable":true,"href":"https:\/\/www.koonings.com\/fr\/wp-json\/wp\/v2\/media\/34622"}],"wp:attachment":[{"href":"https:\/\/www.koonings.com\/fr\/wp-json\/wp\/v2\/media?parent=56694"}],"wp:term":[{"taxonomy":"productdetails","embeddable":true,"href":"https:\/\/www.koonings.com\/fr\/wp-json\/wp\/v2\/productdetails?post=56694"},{"taxonomy":"productneck","embeddable":true,"href":"https:\/\/www.koonings.com\/fr\/wp-json\/wp\/v2\/productneck?post=56694"},{"taxonomy":"productcolor","embeddable":true,"href":"https:\/\/www.koonings.com\/fr\/wp-json\/wp\/v2\/productcolor?post=56694"},{"taxonomy":"maat","embeddable":true,"href":"https:\/\/www.koonings.com\/fr\/wp-json\/wp\/v2\/maat?post=56694"},{"taxonomy":"productsupplier","embeddable":true,"href":"https:\/\/www.koonings.com\/fr\/wp-json\/wp\/v2\/productsupplier?post=56694"},{"taxonomy":"productsleeve","embeddable":true,"href":"https:\/\/www.koonings.com\/fr\/wp-json\/wp\/v2\/productsleeve?post=56694"},{"taxonomy":"productcategory","embeddable":true,"href":"https:\/\/www.koonings.com\/fr\/wp-json\/wp\/v2\/productcategory?post=56694"},{"taxonomy":"productsilhouette","embeddable":true,"href":"https:\/\/www.koonings.com\/fr\/wp-json\/wp\/v2\/productsilhouette?post=56694"},{"taxonomy":"productstyle","embeddable":true,"href":"https:\/\/www.koonings.com\/fr\/wp-json\/wp\/v2\/productstyle?post=56694"}],"curies":[{"name":"wp","href":"https:\/\/api.w.org\/{rel}","templated":true}]}}