{"id":56692,"date":"2025-12-15T00:12:49","date_gmt":"2025-12-14T23:12:49","guid":{"rendered":"https:\/\/www.koonings.com\/product\/ramona-koonings-couture-kn2343-1-nottingham\/"},"modified":"2026-02-03T18:06:12","modified_gmt":"2026-02-03T17:06:12","slug":"ramona-koonings-couture-kn2343-1-nottingham","status":"publish","type":"product","link":"https:\/\/www.koonings.com\/fr\/product\/ramona-koonings-couture-kn2343-1-nottingham\/","title":{"rendered":"Ramona Koonings Couture KN2343-1 Nottingham"},"content":{"rendered":"<p>Une robe de mari\u00e9e extravagante en queue de poisson avec un d\u00e9collet\u00e9 en c\u0153ur magnifiquement coup\u00e9, des \u00e9paules d\u00e9coll\u00e9es et des manches longues avec effet de tatouage. Le tulle est l\u00e9g\u00e8rement paillet\u00e9, ce qui donne un effet sp\u00e9cial \u00e0 chaque mouvement. Enfin, les fantaisies en dentelle sur la jupe pr\u00e8s du corps rendent les hanches encore plus belles.  <\/p>\n","protected":false},"featured_media":34644,"template":"","meta":{"_acf_changed":false,"ghostkit_customizer_options":"","ghostkit_custom_css":"","ghostkit_custom_js_head":"","ghostkit_custom_js_foot":"","ghostkit_typography":""},"productdetails":[379,376],"productneck":[354],"productcolor":[393,392],"maat":[375],"productsupplier":[419],"productsleeve":[362],"productcategory":[18],"productsilhouette":[384,387],"productstyle":[367],"class_list":["post-56692","product","type-product","status-publish","has-post-thumbnail","hentry","productdetails-379","productdetails-376","productneck-354","productcolor-393","productcolor-392","maat-375","productsupplier-ramona-koonings-couture","productsleeve-362","productcategory-trouwjurken","productsilhouette-384","productsilhouette-387","productstyle-367"],"acf":[],"yoast_head":"<!-- This site is optimized with the Yoast SEO plugin v27.3 - https:\/\/yoast.com\/product\/yoast-seo-wordpress\/ -->\n<title>Ramona Koonings Couture KN2343-1 Nottingham | Koonings<\/title>\n<meta name=\"description\" content=\"Une robe de mari\u00e9e extravagante en queue de poisson avec un d\u00e9collet\u00e9 en c\u0153ur magnifiquement coup\u00e9, des \u00e9paules d\u00e9coll\u00e9es et des manches longues avec effet de tatouage. Le tulle est l\u00e9g\u00e8rement paillet\u00e9, ce qui donne un effet sp\u00e9cial \u00e0 chaque mouvement. Enfin, les fantaisies en dentelle sur la jupe pr\u00e8s du corps rendent les hanches encore plus belles.\" \/>\n<meta name=\"robots\" content=\"index, follow, max-snippet:-1, max-image-preview:large, max-video-preview:-1\" \/>\n<link rel=\"canonical\" href=\"https:\/\/www.koonings.com\/fr\/product\/ramona-koonings-couture-kn2343-1-nottingham\/\" \/>\n<meta property=\"og:locale\" content=\"fr_FR\" \/>\n<meta property=\"og:type\" content=\"article\" \/>\n<meta property=\"og:title\" content=\"Ramona Koonings Couture KN2343-1 Nottingham | Koonings\" \/>\n<meta property=\"og:description\" content=\"Une robe de mari\u00e9e extravagante en queue de poisson avec un d\u00e9collet\u00e9 en c\u0153ur magnifiquement coup\u00e9, des \u00e9paules d\u00e9coll\u00e9es et des manches longues avec effet de tatouage. Le tulle est l\u00e9g\u00e8rement paillet\u00e9, ce qui donne un effet sp\u00e9cial \u00e0 chaque mouvement. Enfin, les fantaisies en dentelle sur la jupe pr\u00e8s du corps rendent les hanches encore plus belles.\" \/>\n<meta property=\"og:url\" content=\"https:\/\/www.koonings.com\/fr\/product\/ramona-koonings-couture-kn2343-1-nottingham\/\" \/>\n<meta property=\"og:site_name\" content=\"Koonings\" \/>\n<meta property=\"article:publisher\" content=\"https:\/\/www.facebook.com\/kooningstheweddingpalace\" \/>\n<meta property=\"article:modified_time\" content=\"2026-02-03T17:06:12+00:00\" \/>\n<meta property=\"og:image\" content=\"https:\/\/www.koonings.com\/wp-content\/uploads\/2024\/11\/37995_d53d8d776ae505e471502c4588c16102b1b27b73c55a54a09fa4b036885d0c3d47c1078a-scaled.jpeg\" \/>\n\t<meta property=\"og:image:width\" content=\"1812\" \/>\n\t<meta property=\"og:image:height\" content=\"2560\" \/>\n\t<meta property=\"og:image:type\" content=\"image\/jpeg\" \/>\n<meta name=\"twitter:card\" content=\"summary_large_image\" \/>\n<script type=\"application\/ld+json\" class=\"yoast-schema-graph\">{\"@context\":\"https:\\\/\\\/schema.org\",\"@graph\":[{\"@type\":\"WebPage\",\"@id\":\"https:\\\/\\\/www.koonings.com\\\/fr\\\/product\\\/ramona-koonings-couture-kn2343-1-nottingham\\\/\",\"url\":\"https:\\\/\\\/www.koonings.com\\\/fr\\\/product\\\/ramona-koonings-couture-kn2343-1-nottingham\\\/\",\"name\":\"Ramona Koonings Couture KN2343-1 Nottingham | Koonings\",\"isPartOf\":{\"@id\":\"https:\\\/\\\/www.koonings.com\\\/fr\\\/#website\"},\"primaryImageOfPage\":{\"@id\":\"https:\\\/\\\/www.koonings.com\\\/fr\\\/product\\\/ramona-koonings-couture-kn2343-1-nottingham\\\/#primaryimage\"},\"image\":{\"@id\":\"https:\\\/\\\/www.koonings.com\\\/fr\\\/product\\\/ramona-koonings-couture-kn2343-1-nottingham\\\/#primaryimage\"},\"thumbnailUrl\":\"https:\\\/\\\/www.koonings.com\\\/wp-content\\\/uploads\\\/2024\\\/11\\\/37995_d53d8d776ae505e471502c4588c16102b1b27b73c55a54a09fa4b036885d0c3d47c1078a-scaled.jpeg\",\"datePublished\":\"2025-12-14T23:12:49+00:00\",\"dateModified\":\"2026-02-03T17:06:12+00:00\",\"description\":\"Une robe de mari\u00e9e extravagante en queue de poisson avec un d\u00e9collet\u00e9 en c\u0153ur magnifiquement coup\u00e9, des \u00e9paules d\u00e9coll\u00e9es et des manches longues avec effet de tatouage. Le tulle est l\u00e9g\u00e8rement paillet\u00e9, ce qui donne un effet sp\u00e9cial \u00e0 chaque mouvement. Enfin, les fantaisies en dentelle sur la jupe pr\u00e8s du corps rendent les hanches encore plus belles.\",\"breadcrumb\":{\"@id\":\"https:\\\/\\\/www.koonings.com\\\/fr\\\/product\\\/ramona-koonings-couture-kn2343-1-nottingham\\\/#breadcrumb\"},\"inLanguage\":\"fr-FR\",\"potentialAction\":[{\"@type\":\"ReadAction\",\"target\":[\"https:\\\/\\\/www.koonings.com\\\/fr\\\/product\\\/ramona-koonings-couture-kn2343-1-nottingham\\\/\"]}]},{\"@type\":\"ImageObject\",\"inLanguage\":\"fr-FR\",\"@id\":\"https:\\\/\\\/www.koonings.com\\\/fr\\\/product\\\/ramona-koonings-couture-kn2343-1-nottingham\\\/#primaryimage\",\"url\":\"https:\\\/\\\/www.koonings.com\\\/wp-content\\\/uploads\\\/2024\\\/11\\\/37995_d53d8d776ae505e471502c4588c16102b1b27b73c55a54a09fa4b036885d0c3d47c1078a-scaled.jpeg\",\"contentUrl\":\"https:\\\/\\\/www.koonings.com\\\/wp-content\\\/uploads\\\/2024\\\/11\\\/37995_d53d8d776ae505e471502c4588c16102b1b27b73c55a54a09fa4b036885d0c3d47c1078a-scaled.jpeg\",\"width\":1812,\"height\":2560},{\"@type\":\"BreadcrumbList\",\"@id\":\"https:\\\/\\\/www.koonings.com\\\/fr\\\/product\\\/ramona-koonings-couture-kn2343-1-nottingham\\\/#breadcrumb\",\"itemListElement\":[{\"@type\":\"ListItem\",\"position\":1,\"name\":\"Home\",\"item\":\"https:\\\/\\\/www.koonings.com\\\/fr\\\/\"},{\"@type\":\"ListItem\",\"position\":2,\"name\":\"Ramona Koonings Couture KN2343-1 Nottingham\"}]},{\"@type\":\"WebSite\",\"@id\":\"https:\\\/\\\/www.koonings.com\\\/fr\\\/#website\",\"url\":\"https:\\\/\\\/www.koonings.com\\\/fr\\\/\",\"name\":\"Koonings\",\"description\":\"De grootste bruidsmodewinkel ter wereld\",\"publisher\":{\"@id\":\"https:\\\/\\\/www.koonings.com\\\/fr\\\/#organization\"},\"potentialAction\":[{\"@type\":\"SearchAction\",\"target\":{\"@type\":\"EntryPoint\",\"urlTemplate\":\"https:\\\/\\\/www.koonings.com\\\/fr\\\/?s={search_term_string}\"},\"query-input\":{\"@type\":\"PropertyValueSpecification\",\"valueRequired\":true,\"valueName\":\"search_term_string\"}}],\"inLanguage\":\"fr-FR\"},{\"@type\":\"Organization\",\"@id\":\"https:\\\/\\\/www.koonings.com\\\/fr\\\/#organization\",\"name\":\"Koonings\",\"url\":\"https:\\\/\\\/www.koonings.com\\\/fr\\\/\",\"logo\":{\"@type\":\"ImageObject\",\"inLanguage\":\"fr-FR\",\"@id\":\"https:\\\/\\\/www.koonings.com\\\/fr\\\/#\\\/schema\\\/logo\\\/image\\\/\",\"url\":\"https:\\\/\\\/www.koonings.com\\\/wp-content\\\/uploads\\\/2024\\\/07\\\/logo.png\",\"contentUrl\":\"https:\\\/\\\/www.koonings.com\\\/wp-content\\\/uploads\\\/2024\\\/07\\\/logo.png\",\"width\":600,\"height\":428,\"caption\":\"Koonings\"},\"image\":{\"@id\":\"https:\\\/\\\/www.koonings.com\\\/fr\\\/#\\\/schema\\\/logo\\\/image\\\/\"},\"sameAs\":[\"https:\\\/\\\/www.facebook.com\\\/kooningstheweddingpalace\",\"https:\\\/\\\/www.instagram.com\\\/kooningstheweddingpalace\",\"https:\\\/\\\/www.pinterest.com\\\/koonings\",\"https:\\\/\\\/www.youtube.com\\\/kooningstheweddingpalace\"]}]}<\/script>\n<!-- \/ Yoast SEO plugin. -->","yoast_head_json":{"title":"Ramona Koonings Couture KN2343-1 Nottingham | Koonings","description":"Une robe de mari\u00e9e extravagante en queue de poisson avec un d\u00e9collet\u00e9 en c\u0153ur magnifiquement coup\u00e9, des \u00e9paules d\u00e9coll\u00e9es et des manches longues avec effet de tatouage. Le tulle est l\u00e9g\u00e8rement paillet\u00e9, ce qui donne un effet sp\u00e9cial \u00e0 chaque mouvement. Enfin, les fantaisies en dentelle sur la jupe pr\u00e8s du corps rendent les hanches encore plus belles.","robots":{"index":"index","follow":"follow","max-snippet":"max-snippet:-1","max-image-preview":"max-image-preview:large","max-video-preview":"max-video-preview:-1"},"canonical":"https:\/\/www.koonings.com\/fr\/product\/ramona-koonings-couture-kn2343-1-nottingham\/","og_locale":"fr_FR","og_type":"article","og_title":"Ramona Koonings Couture KN2343-1 Nottingham | Koonings","og_description":"Une robe de mari\u00e9e extravagante en queue de poisson avec un d\u00e9collet\u00e9 en c\u0153ur magnifiquement coup\u00e9, des \u00e9paules d\u00e9coll\u00e9es et des manches longues avec effet de tatouage. Le tulle est l\u00e9g\u00e8rement paillet\u00e9, ce qui donne un effet sp\u00e9cial \u00e0 chaque mouvement. Enfin, les fantaisies en dentelle sur la jupe pr\u00e8s du corps rendent les hanches encore plus belles.","og_url":"https:\/\/www.koonings.com\/fr\/product\/ramona-koonings-couture-kn2343-1-nottingham\/","og_site_name":"Koonings","article_publisher":"https:\/\/www.facebook.com\/kooningstheweddingpalace","article_modified_time":"2026-02-03T17:06:12+00:00","og_image":[{"width":1812,"height":2560,"url":"https:\/\/www.koonings.com\/wp-content\/uploads\/2024\/11\/37995_d53d8d776ae505e471502c4588c16102b1b27b73c55a54a09fa4b036885d0c3d47c1078a-scaled.jpeg","type":"image\/jpeg"}],"twitter_card":"summary_large_image","schema":{"@context":"https:\/\/schema.org","@graph":[{"@type":"WebPage","@id":"https:\/\/www.koonings.com\/fr\/product\/ramona-koonings-couture-kn2343-1-nottingham\/","url":"https:\/\/www.koonings.com\/fr\/product\/ramona-koonings-couture-kn2343-1-nottingham\/","name":"Ramona Koonings Couture KN2343-1 Nottingham | Koonings","isPartOf":{"@id":"https:\/\/www.koonings.com\/fr\/#website"},"primaryImageOfPage":{"@id":"https:\/\/www.koonings.com\/fr\/product\/ramona-koonings-couture-kn2343-1-nottingham\/#primaryimage"},"image":{"@id":"https:\/\/www.koonings.com\/fr\/product\/ramona-koonings-couture-kn2343-1-nottingham\/#primaryimage"},"thumbnailUrl":"https:\/\/www.koonings.com\/wp-content\/uploads\/2024\/11\/37995_d53d8d776ae505e471502c4588c16102b1b27b73c55a54a09fa4b036885d0c3d47c1078a-scaled.jpeg","datePublished":"2025-12-14T23:12:49+00:00","dateModified":"2026-02-03T17:06:12+00:00","description":"Une robe de mari\u00e9e extravagante en queue de poisson avec un d\u00e9collet\u00e9 en c\u0153ur magnifiquement coup\u00e9, des \u00e9paules d\u00e9coll\u00e9es et des manches longues avec effet de tatouage. Le tulle est l\u00e9g\u00e8rement paillet\u00e9, ce qui donne un effet sp\u00e9cial \u00e0 chaque mouvement. Enfin, les fantaisies en dentelle sur la jupe pr\u00e8s du corps rendent les hanches encore plus belles.","breadcrumb":{"@id":"https:\/\/www.koonings.com\/fr\/product\/ramona-koonings-couture-kn2343-1-nottingham\/#breadcrumb"},"inLanguage":"fr-FR","potentialAction":[{"@type":"ReadAction","target":["https:\/\/www.koonings.com\/fr\/product\/ramona-koonings-couture-kn2343-1-nottingham\/"]}]},{"@type":"ImageObject","inLanguage":"fr-FR","@id":"https:\/\/www.koonings.com\/fr\/product\/ramona-koonings-couture-kn2343-1-nottingham\/#primaryimage","url":"https:\/\/www.koonings.com\/wp-content\/uploads\/2024\/11\/37995_d53d8d776ae505e471502c4588c16102b1b27b73c55a54a09fa4b036885d0c3d47c1078a-scaled.jpeg","contentUrl":"https:\/\/www.koonings.com\/wp-content\/uploads\/2024\/11\/37995_d53d8d776ae505e471502c4588c16102b1b27b73c55a54a09fa4b036885d0c3d47c1078a-scaled.jpeg","width":1812,"height":2560},{"@type":"BreadcrumbList","@id":"https:\/\/www.koonings.com\/fr\/product\/ramona-koonings-couture-kn2343-1-nottingham\/#breadcrumb","itemListElement":[{"@type":"ListItem","position":1,"name":"Home","item":"https:\/\/www.koonings.com\/fr\/"},{"@type":"ListItem","position":2,"name":"Ramona Koonings Couture KN2343-1 Nottingham"}]},{"@type":"WebSite","@id":"https:\/\/www.koonings.com\/fr\/#website","url":"https:\/\/www.koonings.com\/fr\/","name":"Koonings","description":"De grootste bruidsmodewinkel ter wereld","publisher":{"@id":"https:\/\/www.koonings.com\/fr\/#organization"},"potentialAction":[{"@type":"SearchAction","target":{"@type":"EntryPoint","urlTemplate":"https:\/\/www.koonings.com\/fr\/?s={search_term_string}"},"query-input":{"@type":"PropertyValueSpecification","valueRequired":true,"valueName":"search_term_string"}}],"inLanguage":"fr-FR"},{"@type":"Organization","@id":"https:\/\/www.koonings.com\/fr\/#organization","name":"Koonings","url":"https:\/\/www.koonings.com\/fr\/","logo":{"@type":"ImageObject","inLanguage":"fr-FR","@id":"https:\/\/www.koonings.com\/fr\/#\/schema\/logo\/image\/","url":"https:\/\/www.koonings.com\/wp-content\/uploads\/2024\/07\/logo.png","contentUrl":"https:\/\/www.koonings.com\/wp-content\/uploads\/2024\/07\/logo.png","width":600,"height":428,"caption":"Koonings"},"image":{"@id":"https:\/\/www.koonings.com\/fr\/#\/schema\/logo\/image\/"},"sameAs":["https:\/\/www.facebook.com\/kooningstheweddingpalace","https:\/\/www.instagram.com\/kooningstheweddingpalace","https:\/\/www.pinterest.com\/koonings","https:\/\/www.youtube.com\/kooningstheweddingpalace"]}]}},"_links":{"self":[{"href":"https:\/\/www.koonings.com\/fr\/wp-json\/wp\/v2\/product\/56692","targetHints":{"allow":["GET"]}}],"collection":[{"href":"https:\/\/www.koonings.com\/fr\/wp-json\/wp\/v2\/product"}],"about":[{"href":"https:\/\/www.koonings.com\/fr\/wp-json\/wp\/v2\/types\/product"}],"wp:featuredmedia":[{"embeddable":true,"href":"https:\/\/www.koonings.com\/fr\/wp-json\/wp\/v2\/media\/34644"}],"wp:attachment":[{"href":"https:\/\/www.koonings.com\/fr\/wp-json\/wp\/v2\/media?parent=56692"}],"wp:term":[{"taxonomy":"productdetails","embeddable":true,"href":"https:\/\/www.koonings.com\/fr\/wp-json\/wp\/v2\/productdetails?post=56692"},{"taxonomy":"productneck","embeddable":true,"href":"https:\/\/www.koonings.com\/fr\/wp-json\/wp\/v2\/productneck?post=56692"},{"taxonomy":"productcolor","embeddable":true,"href":"https:\/\/www.koonings.com\/fr\/wp-json\/wp\/v2\/productcolor?post=56692"},{"taxonomy":"maat","embeddable":true,"href":"https:\/\/www.koonings.com\/fr\/wp-json\/wp\/v2\/maat?post=56692"},{"taxonomy":"productsupplier","embeddable":true,"href":"https:\/\/www.koonings.com\/fr\/wp-json\/wp\/v2\/productsupplier?post=56692"},{"taxonomy":"productsleeve","embeddable":true,"href":"https:\/\/www.koonings.com\/fr\/wp-json\/wp\/v2\/productsleeve?post=56692"},{"taxonomy":"productcategory","embeddable":true,"href":"https:\/\/www.koonings.com\/fr\/wp-json\/wp\/v2\/productcategory?post=56692"},{"taxonomy":"productsilhouette","embeddable":true,"href":"https:\/\/www.koonings.com\/fr\/wp-json\/wp\/v2\/productsilhouette?post=56692"},{"taxonomy":"productstyle","embeddable":true,"href":"https:\/\/www.koonings.com\/fr\/wp-json\/wp\/v2\/productstyle?post=56692"}],"curies":[{"name":"wp","href":"https:\/\/api.w.org\/{rel}","templated":true}]}}