{"id":56683,"date":"2026-04-28T18:08:57","date_gmt":"2026-04-28T16:08:57","guid":{"rendered":"https:\/\/www.koonings.com\/product\/ramona-koonings-couture-kn2341-1-liverpool\/"},"modified":"2026-02-16T14:41:51","modified_gmt":"2026-02-16T13:41:51","slug":"ramona-koonings-couture-kn2341-1-liverpool","status":"publish","type":"product","link":"https:\/\/www.koonings.com\/fr\/product\/ramona-koonings-couture-kn2341-1-liverpool\/","title":{"rendered":"Ramona Koonings Couture KN2341-1 Liverpool"},"content":{"rendered":"<p>Sexy et unique, cette robe de mari\u00e9e grande taille en ligne. Un mod\u00e8le qui \u00e9pouse la silhouette et pour lequel une luxueuse dentelle avec des paillettes a \u00e9t\u00e9 utilis\u00e9e. Le haut pr\u00e9sente une encolure en forme de c\u0153ur et une \u00e9paule d\u00e9collet\u00e9e. Elle est combin\u00e9e \u00e0 une tra\u00eene en tulle et \u00e0 des manches longues se terminant par un volant au poignet.   <\/p>\n","protected":false},"featured_media":34704,"template":"","meta":{"_acf_changed":false,"ghostkit_customizer_options":"","ghostkit_custom_css":"","ghostkit_custom_js_head":"","ghostkit_custom_js_foot":"","ghostkit_typography":""},"productdetails":[379,377,376,381],"productneck":[355],"productcolor":[393,392],"maat":[375],"productsupplier":[419],"productsleeve":[359,362],"productcategory":[18],"productsilhouette":[384],"productstyle":[367],"class_list":["post-56683","product","type-product","status-publish","has-post-thumbnail","hentry","productdetails-379","productdetails-377","productdetails-376","productdetails-381","productneck-355","productcolor-393","productcolor-392","maat-375","productsupplier-ramona-koonings-couture","productsleeve-359","productsleeve-362","productcategory-trouwjurken","productsilhouette-384","productstyle-367"],"acf":[],"yoast_head":"<!-- This site is optimized with the Yoast SEO plugin v27.3 - https:\/\/yoast.com\/product\/yoast-seo-wordpress\/ -->\n<title>Ramona Koonings Couture KN2341-1 Liverpool | Koonings<\/title>\n<meta name=\"description\" content=\"Sexy et unique, cette robe de mari\u00e9e grande taille en ligne. Un mod\u00e8le qui \u00e9pouse la silhouette et pour lequel une luxueuse dentelle avec des paillettes a \u00e9t\u00e9 utilis\u00e9e. Le haut pr\u00e9sente une encolure en forme de c\u0153ur et une \u00e9paule d\u00e9collet\u00e9e. Elle est combin\u00e9e \u00e0 une tra\u00eene en tulle et \u00e0 des manches longues se terminant par un volant au poignet.\" \/>\n<meta name=\"robots\" content=\"index, follow, max-snippet:-1, max-image-preview:large, max-video-preview:-1\" \/>\n<link rel=\"canonical\" href=\"https:\/\/www.koonings.com\/fr\/product\/ramona-koonings-couture-kn2341-1-liverpool\/\" \/>\n<meta property=\"og:locale\" content=\"fr_FR\" \/>\n<meta property=\"og:type\" content=\"article\" \/>\n<meta property=\"og:title\" content=\"Ramona Koonings Couture KN2341-1 Liverpool | Koonings\" \/>\n<meta property=\"og:description\" content=\"Sexy et unique, cette robe de mari\u00e9e grande taille en ligne. Un mod\u00e8le qui \u00e9pouse la silhouette et pour lequel une luxueuse dentelle avec des paillettes a \u00e9t\u00e9 utilis\u00e9e. Le haut pr\u00e9sente une encolure en forme de c\u0153ur et une \u00e9paule d\u00e9collet\u00e9e. Elle est combin\u00e9e \u00e0 une tra\u00eene en tulle et \u00e0 des manches longues se terminant par un volant au poignet.\" \/>\n<meta property=\"og:url\" content=\"https:\/\/www.koonings.com\/fr\/product\/ramona-koonings-couture-kn2341-1-liverpool\/\" \/>\n<meta property=\"og:site_name\" content=\"Koonings\" \/>\n<meta property=\"article:publisher\" content=\"https:\/\/www.facebook.com\/kooningstheweddingpalace\" \/>\n<meta property=\"og:image\" content=\"https:\/\/www.koonings.com\/wp-content\/uploads\/2024\/11\/37999_210a925a5fedc38510c6c9688a1cf6d3643d3d58df12d5fb9d6cf2a261059b85482e34c3.jpeg\" \/>\n\t<meta property=\"og:image:width\" content=\"1766\" \/>\n\t<meta property=\"og:image:height\" content=\"2492\" \/>\n\t<meta property=\"og:image:type\" content=\"image\/jpeg\" \/>\n<meta name=\"twitter:card\" content=\"summary_large_image\" \/>\n<script type=\"application\/ld+json\" class=\"yoast-schema-graph\">{\"@context\":\"https:\\\/\\\/schema.org\",\"@graph\":[{\"@type\":\"WebPage\",\"@id\":\"https:\\\/\\\/www.koonings.com\\\/fr\\\/product\\\/ramona-koonings-couture-kn2341-1-liverpool\\\/\",\"url\":\"https:\\\/\\\/www.koonings.com\\\/fr\\\/product\\\/ramona-koonings-couture-kn2341-1-liverpool\\\/\",\"name\":\"Ramona Koonings Couture KN2341-1 Liverpool | Koonings\",\"isPartOf\":{\"@id\":\"https:\\\/\\\/www.koonings.com\\\/fr\\\/#website\"},\"primaryImageOfPage\":{\"@id\":\"https:\\\/\\\/www.koonings.com\\\/fr\\\/product\\\/ramona-koonings-couture-kn2341-1-liverpool\\\/#primaryimage\"},\"image\":{\"@id\":\"https:\\\/\\\/www.koonings.com\\\/fr\\\/product\\\/ramona-koonings-couture-kn2341-1-liverpool\\\/#primaryimage\"},\"thumbnailUrl\":\"https:\\\/\\\/www.koonings.com\\\/wp-content\\\/uploads\\\/2024\\\/11\\\/37999_210a925a5fedc38510c6c9688a1cf6d3643d3d58df12d5fb9d6cf2a261059b85482e34c3.jpeg\",\"datePublished\":\"2026-04-28T16:08:57+00:00\",\"description\":\"Sexy et unique, cette robe de mari\u00e9e grande taille en ligne. Un mod\u00e8le qui \u00e9pouse la silhouette et pour lequel une luxueuse dentelle avec des paillettes a \u00e9t\u00e9 utilis\u00e9e. Le haut pr\u00e9sente une encolure en forme de c\u0153ur et une \u00e9paule d\u00e9collet\u00e9e. Elle est combin\u00e9e \u00e0 une tra\u00eene en tulle et \u00e0 des manches longues se terminant par un volant au poignet.\",\"breadcrumb\":{\"@id\":\"https:\\\/\\\/www.koonings.com\\\/fr\\\/product\\\/ramona-koonings-couture-kn2341-1-liverpool\\\/#breadcrumb\"},\"inLanguage\":\"fr-FR\",\"potentialAction\":[{\"@type\":\"ReadAction\",\"target\":[\"https:\\\/\\\/www.koonings.com\\\/fr\\\/product\\\/ramona-koonings-couture-kn2341-1-liverpool\\\/\"]}]},{\"@type\":\"ImageObject\",\"inLanguage\":\"fr-FR\",\"@id\":\"https:\\\/\\\/www.koonings.com\\\/fr\\\/product\\\/ramona-koonings-couture-kn2341-1-liverpool\\\/#primaryimage\",\"url\":\"https:\\\/\\\/www.koonings.com\\\/wp-content\\\/uploads\\\/2024\\\/11\\\/37999_210a925a5fedc38510c6c9688a1cf6d3643d3d58df12d5fb9d6cf2a261059b85482e34c3.jpeg\",\"contentUrl\":\"https:\\\/\\\/www.koonings.com\\\/wp-content\\\/uploads\\\/2024\\\/11\\\/37999_210a925a5fedc38510c6c9688a1cf6d3643d3d58df12d5fb9d6cf2a261059b85482e34c3.jpeg\",\"width\":1766,\"height\":2492},{\"@type\":\"BreadcrumbList\",\"@id\":\"https:\\\/\\\/www.koonings.com\\\/fr\\\/product\\\/ramona-koonings-couture-kn2341-1-liverpool\\\/#breadcrumb\",\"itemListElement\":[{\"@type\":\"ListItem\",\"position\":1,\"name\":\"Home\",\"item\":\"https:\\\/\\\/www.koonings.com\\\/fr\\\/\"},{\"@type\":\"ListItem\",\"position\":2,\"name\":\"Ramona Koonings Couture KN2341-1 Liverpool\"}]},{\"@type\":\"WebSite\",\"@id\":\"https:\\\/\\\/www.koonings.com\\\/fr\\\/#website\",\"url\":\"https:\\\/\\\/www.koonings.com\\\/fr\\\/\",\"name\":\"Koonings\",\"description\":\"De grootste bruidsmodewinkel ter wereld\",\"publisher\":{\"@id\":\"https:\\\/\\\/www.koonings.com\\\/fr\\\/#organization\"},\"potentialAction\":[{\"@type\":\"SearchAction\",\"target\":{\"@type\":\"EntryPoint\",\"urlTemplate\":\"https:\\\/\\\/www.koonings.com\\\/fr\\\/?s={search_term_string}\"},\"query-input\":{\"@type\":\"PropertyValueSpecification\",\"valueRequired\":true,\"valueName\":\"search_term_string\"}}],\"inLanguage\":\"fr-FR\"},{\"@type\":\"Organization\",\"@id\":\"https:\\\/\\\/www.koonings.com\\\/fr\\\/#organization\",\"name\":\"Koonings\",\"url\":\"https:\\\/\\\/www.koonings.com\\\/fr\\\/\",\"logo\":{\"@type\":\"ImageObject\",\"inLanguage\":\"fr-FR\",\"@id\":\"https:\\\/\\\/www.koonings.com\\\/fr\\\/#\\\/schema\\\/logo\\\/image\\\/\",\"url\":\"https:\\\/\\\/www.koonings.com\\\/wp-content\\\/uploads\\\/2024\\\/07\\\/logo.png\",\"contentUrl\":\"https:\\\/\\\/www.koonings.com\\\/wp-content\\\/uploads\\\/2024\\\/07\\\/logo.png\",\"width\":600,\"height\":428,\"caption\":\"Koonings\"},\"image\":{\"@id\":\"https:\\\/\\\/www.koonings.com\\\/fr\\\/#\\\/schema\\\/logo\\\/image\\\/\"},\"sameAs\":[\"https:\\\/\\\/www.facebook.com\\\/kooningstheweddingpalace\",\"https:\\\/\\\/www.instagram.com\\\/kooningstheweddingpalace\",\"https:\\\/\\\/www.pinterest.com\\\/koonings\",\"https:\\\/\\\/www.youtube.com\\\/kooningstheweddingpalace\"]}]}<\/script>\n<!-- \/ Yoast SEO plugin. -->","yoast_head_json":{"title":"Ramona Koonings Couture KN2341-1 Liverpool | Koonings","description":"Sexy et unique, cette robe de mari\u00e9e grande taille en ligne. Un mod\u00e8le qui \u00e9pouse la silhouette et pour lequel une luxueuse dentelle avec des paillettes a \u00e9t\u00e9 utilis\u00e9e. Le haut pr\u00e9sente une encolure en forme de c\u0153ur et une \u00e9paule d\u00e9collet\u00e9e. Elle est combin\u00e9e \u00e0 une tra\u00eene en tulle et \u00e0 des manches longues se terminant par un volant au poignet.","robots":{"index":"index","follow":"follow","max-snippet":"max-snippet:-1","max-image-preview":"max-image-preview:large","max-video-preview":"max-video-preview:-1"},"canonical":"https:\/\/www.koonings.com\/fr\/product\/ramona-koonings-couture-kn2341-1-liverpool\/","og_locale":"fr_FR","og_type":"article","og_title":"Ramona Koonings Couture KN2341-1 Liverpool | Koonings","og_description":"Sexy et unique, cette robe de mari\u00e9e grande taille en ligne. Un mod\u00e8le qui \u00e9pouse la silhouette et pour lequel une luxueuse dentelle avec des paillettes a \u00e9t\u00e9 utilis\u00e9e. Le haut pr\u00e9sente une encolure en forme de c\u0153ur et une \u00e9paule d\u00e9collet\u00e9e. Elle est combin\u00e9e \u00e0 une tra\u00eene en tulle et \u00e0 des manches longues se terminant par un volant au poignet.","og_url":"https:\/\/www.koonings.com\/fr\/product\/ramona-koonings-couture-kn2341-1-liverpool\/","og_site_name":"Koonings","article_publisher":"https:\/\/www.facebook.com\/kooningstheweddingpalace","og_image":[{"width":1766,"height":2492,"url":"https:\/\/www.koonings.com\/wp-content\/uploads\/2024\/11\/37999_210a925a5fedc38510c6c9688a1cf6d3643d3d58df12d5fb9d6cf2a261059b85482e34c3.jpeg","type":"image\/jpeg"}],"twitter_card":"summary_large_image","schema":{"@context":"https:\/\/schema.org","@graph":[{"@type":"WebPage","@id":"https:\/\/www.koonings.com\/fr\/product\/ramona-koonings-couture-kn2341-1-liverpool\/","url":"https:\/\/www.koonings.com\/fr\/product\/ramona-koonings-couture-kn2341-1-liverpool\/","name":"Ramona Koonings Couture KN2341-1 Liverpool | Koonings","isPartOf":{"@id":"https:\/\/www.koonings.com\/fr\/#website"},"primaryImageOfPage":{"@id":"https:\/\/www.koonings.com\/fr\/product\/ramona-koonings-couture-kn2341-1-liverpool\/#primaryimage"},"image":{"@id":"https:\/\/www.koonings.com\/fr\/product\/ramona-koonings-couture-kn2341-1-liverpool\/#primaryimage"},"thumbnailUrl":"https:\/\/www.koonings.com\/wp-content\/uploads\/2024\/11\/37999_210a925a5fedc38510c6c9688a1cf6d3643d3d58df12d5fb9d6cf2a261059b85482e34c3.jpeg","datePublished":"2026-04-28T16:08:57+00:00","description":"Sexy et unique, cette robe de mari\u00e9e grande taille en ligne. Un mod\u00e8le qui \u00e9pouse la silhouette et pour lequel une luxueuse dentelle avec des paillettes a \u00e9t\u00e9 utilis\u00e9e. Le haut pr\u00e9sente une encolure en forme de c\u0153ur et une \u00e9paule d\u00e9collet\u00e9e. Elle est combin\u00e9e \u00e0 une tra\u00eene en tulle et \u00e0 des manches longues se terminant par un volant au poignet.","breadcrumb":{"@id":"https:\/\/www.koonings.com\/fr\/product\/ramona-koonings-couture-kn2341-1-liverpool\/#breadcrumb"},"inLanguage":"fr-FR","potentialAction":[{"@type":"ReadAction","target":["https:\/\/www.koonings.com\/fr\/product\/ramona-koonings-couture-kn2341-1-liverpool\/"]}]},{"@type":"ImageObject","inLanguage":"fr-FR","@id":"https:\/\/www.koonings.com\/fr\/product\/ramona-koonings-couture-kn2341-1-liverpool\/#primaryimage","url":"https:\/\/www.koonings.com\/wp-content\/uploads\/2024\/11\/37999_210a925a5fedc38510c6c9688a1cf6d3643d3d58df12d5fb9d6cf2a261059b85482e34c3.jpeg","contentUrl":"https:\/\/www.koonings.com\/wp-content\/uploads\/2024\/11\/37999_210a925a5fedc38510c6c9688a1cf6d3643d3d58df12d5fb9d6cf2a261059b85482e34c3.jpeg","width":1766,"height":2492},{"@type":"BreadcrumbList","@id":"https:\/\/www.koonings.com\/fr\/product\/ramona-koonings-couture-kn2341-1-liverpool\/#breadcrumb","itemListElement":[{"@type":"ListItem","position":1,"name":"Home","item":"https:\/\/www.koonings.com\/fr\/"},{"@type":"ListItem","position":2,"name":"Ramona Koonings Couture KN2341-1 Liverpool"}]},{"@type":"WebSite","@id":"https:\/\/www.koonings.com\/fr\/#website","url":"https:\/\/www.koonings.com\/fr\/","name":"Koonings","description":"De grootste bruidsmodewinkel ter wereld","publisher":{"@id":"https:\/\/www.koonings.com\/fr\/#organization"},"potentialAction":[{"@type":"SearchAction","target":{"@type":"EntryPoint","urlTemplate":"https:\/\/www.koonings.com\/fr\/?s={search_term_string}"},"query-input":{"@type":"PropertyValueSpecification","valueRequired":true,"valueName":"search_term_string"}}],"inLanguage":"fr-FR"},{"@type":"Organization","@id":"https:\/\/www.koonings.com\/fr\/#organization","name":"Koonings","url":"https:\/\/www.koonings.com\/fr\/","logo":{"@type":"ImageObject","inLanguage":"fr-FR","@id":"https:\/\/www.koonings.com\/fr\/#\/schema\/logo\/image\/","url":"https:\/\/www.koonings.com\/wp-content\/uploads\/2024\/07\/logo.png","contentUrl":"https:\/\/www.koonings.com\/wp-content\/uploads\/2024\/07\/logo.png","width":600,"height":428,"caption":"Koonings"},"image":{"@id":"https:\/\/www.koonings.com\/fr\/#\/schema\/logo\/image\/"},"sameAs":["https:\/\/www.facebook.com\/kooningstheweddingpalace","https:\/\/www.instagram.com\/kooningstheweddingpalace","https:\/\/www.pinterest.com\/koonings","https:\/\/www.youtube.com\/kooningstheweddingpalace"]}]}},"_links":{"self":[{"href":"https:\/\/www.koonings.com\/fr\/wp-json\/wp\/v2\/product\/56683","targetHints":{"allow":["GET"]}}],"collection":[{"href":"https:\/\/www.koonings.com\/fr\/wp-json\/wp\/v2\/product"}],"about":[{"href":"https:\/\/www.koonings.com\/fr\/wp-json\/wp\/v2\/types\/product"}],"wp:featuredmedia":[{"embeddable":true,"href":"https:\/\/www.koonings.com\/fr\/wp-json\/wp\/v2\/media\/34704"}],"wp:attachment":[{"href":"https:\/\/www.koonings.com\/fr\/wp-json\/wp\/v2\/media?parent=56683"}],"wp:term":[{"taxonomy":"productdetails","embeddable":true,"href":"https:\/\/www.koonings.com\/fr\/wp-json\/wp\/v2\/productdetails?post=56683"},{"taxonomy":"productneck","embeddable":true,"href":"https:\/\/www.koonings.com\/fr\/wp-json\/wp\/v2\/productneck?post=56683"},{"taxonomy":"productcolor","embeddable":true,"href":"https:\/\/www.koonings.com\/fr\/wp-json\/wp\/v2\/productcolor?post=56683"},{"taxonomy":"maat","embeddable":true,"href":"https:\/\/www.koonings.com\/fr\/wp-json\/wp\/v2\/maat?post=56683"},{"taxonomy":"productsupplier","embeddable":true,"href":"https:\/\/www.koonings.com\/fr\/wp-json\/wp\/v2\/productsupplier?post=56683"},{"taxonomy":"productsleeve","embeddable":true,"href":"https:\/\/www.koonings.com\/fr\/wp-json\/wp\/v2\/productsleeve?post=56683"},{"taxonomy":"productcategory","embeddable":true,"href":"https:\/\/www.koonings.com\/fr\/wp-json\/wp\/v2\/productcategory?post=56683"},{"taxonomy":"productsilhouette","embeddable":true,"href":"https:\/\/www.koonings.com\/fr\/wp-json\/wp\/v2\/productsilhouette?post=56683"},{"taxonomy":"productstyle","embeddable":true,"href":"https:\/\/www.koonings.com\/fr\/wp-json\/wp\/v2\/productstyle?post=56683"}],"curies":[{"name":"wp","href":"https:\/\/api.w.org\/{rel}","templated":true}]}}