{"id":56671,"date":"2026-04-28T18:08:58","date_gmt":"2026-04-28T16:08:58","guid":{"rendered":"https:\/\/www.koonings.com\/product\/ramona-koonings-couture-kn2333-1-verona\/"},"modified":"2026-02-16T14:41:55","modified_gmt":"2026-02-16T13:41:55","slug":"ramona-koonings-couture-kn2333-1-verona","status":"publish","type":"product","link":"https:\/\/www.koonings.com\/fr\/product\/ramona-koonings-couture-kn2333-1-verona\/","title":{"rendered":"Ramona Koonings Couture KN2333-1 Verona"},"content":{"rendered":"<p>Une robe de mari\u00e9e classique enti\u00e8rement en dentelle. Une ligne A reste un mod\u00e8le en fonte qui ne n\u00e9cessite que tr\u00e8s peu de touches pour \u00eatre toujours tr\u00e8s \u00e9l\u00e9gante. Comme cette robe avec un d\u00e9collet\u00e9 en V, des bretelles et combin\u00e9e \u00e0 une jupe large.  <\/p>\n","protected":false},"featured_media":34730,"template":"","meta":{"_acf_changed":false,"ghostkit_customizer_options":"","ghostkit_custom_css":"","ghostkit_custom_js_head":"","ghostkit_custom_js_foot":"","ghostkit_typography":""},"productdetails":[],"productneck":[356],"productcolor":[392],"maat":[375],"productsupplier":[419],"productsleeve":[359],"productcategory":[18],"productsilhouette":[384],"productstyle":[367],"class_list":["post-56671","product","type-product","status-publish","has-post-thumbnail","hentry","productneck-356","productcolor-392","maat-375","productsupplier-ramona-koonings-couture","productsleeve-359","productcategory-trouwjurken","productsilhouette-384","productstyle-367"],"acf":[],"yoast_head":"<!-- This site is optimized with the Yoast SEO plugin v27.3 - https:\/\/yoast.com\/product\/yoast-seo-wordpress\/ -->\n<title>Ramona Koonings Couture KN2333-1 Verona | Koonings<\/title>\n<meta name=\"description\" content=\"Une robe de mari\u00e9e classique enti\u00e8rement en dentelle. Une ligne A reste un mod\u00e8le en fonte qui ne n\u00e9cessite que tr\u00e8s peu de touches pour \u00eatre toujours tr\u00e8s \u00e9l\u00e9gante. Comme cette robe avec un d\u00e9collet\u00e9 en V, des bretelles et combin\u00e9e \u00e0 une jupe large.\" \/>\n<meta name=\"robots\" content=\"index, follow, max-snippet:-1, max-image-preview:large, max-video-preview:-1\" \/>\n<link rel=\"canonical\" href=\"https:\/\/www.koonings.com\/fr\/product\/ramona-koonings-couture-kn2333-1-verona\/\" \/>\n<meta property=\"og:locale\" content=\"fr_FR\" \/>\n<meta property=\"og:type\" content=\"article\" \/>\n<meta property=\"og:title\" content=\"Ramona Koonings Couture KN2333-1 Verona | Koonings\" \/>\n<meta property=\"og:description\" content=\"Une robe de mari\u00e9e classique enti\u00e8rement en dentelle. Une ligne A reste un mod\u00e8le en fonte qui ne n\u00e9cessite que tr\u00e8s peu de touches pour \u00eatre toujours tr\u00e8s \u00e9l\u00e9gante. Comme cette robe avec un d\u00e9collet\u00e9 en V, des bretelles et combin\u00e9e \u00e0 une jupe large.\" \/>\n<meta property=\"og:url\" content=\"https:\/\/www.koonings.com\/fr\/product\/ramona-koonings-couture-kn2333-1-verona\/\" \/>\n<meta property=\"og:site_name\" content=\"Koonings\" \/>\n<meta property=\"article:publisher\" content=\"https:\/\/www.facebook.com\/kooningstheweddingpalace\" \/>\n<meta property=\"og:image\" content=\"https:\/\/www.koonings.com\/wp-content\/uploads\/2024\/11\/38002_0fd8587ea2faadf579d9241e101f5f252336d1cf30be33bcd1294a5536a7f7364c8f9f9d.jpeg\" \/>\n\t<meta property=\"og:image:width\" content=\"1740\" \/>\n\t<meta property=\"og:image:height\" content=\"2453\" \/>\n\t<meta property=\"og:image:type\" content=\"image\/jpeg\" \/>\n<meta name=\"twitter:card\" content=\"summary_large_image\" \/>\n<script type=\"application\/ld+json\" class=\"yoast-schema-graph\">{\"@context\":\"https:\\\/\\\/schema.org\",\"@graph\":[{\"@type\":\"WebPage\",\"@id\":\"https:\\\/\\\/www.koonings.com\\\/fr\\\/product\\\/ramona-koonings-couture-kn2333-1-verona\\\/\",\"url\":\"https:\\\/\\\/www.koonings.com\\\/fr\\\/product\\\/ramona-koonings-couture-kn2333-1-verona\\\/\",\"name\":\"Ramona Koonings Couture KN2333-1 Verona | Koonings\",\"isPartOf\":{\"@id\":\"https:\\\/\\\/www.koonings.com\\\/fr\\\/#website\"},\"primaryImageOfPage\":{\"@id\":\"https:\\\/\\\/www.koonings.com\\\/fr\\\/product\\\/ramona-koonings-couture-kn2333-1-verona\\\/#primaryimage\"},\"image\":{\"@id\":\"https:\\\/\\\/www.koonings.com\\\/fr\\\/product\\\/ramona-koonings-couture-kn2333-1-verona\\\/#primaryimage\"},\"thumbnailUrl\":\"https:\\\/\\\/www.koonings.com\\\/wp-content\\\/uploads\\\/2024\\\/11\\\/38002_0fd8587ea2faadf579d9241e101f5f252336d1cf30be33bcd1294a5536a7f7364c8f9f9d.jpeg\",\"datePublished\":\"2026-04-28T16:08:58+00:00\",\"description\":\"Une robe de mari\u00e9e classique enti\u00e8rement en dentelle. Une ligne A reste un mod\u00e8le en fonte qui ne n\u00e9cessite que tr\u00e8s peu de touches pour \u00eatre toujours tr\u00e8s \u00e9l\u00e9gante. Comme cette robe avec un d\u00e9collet\u00e9 en V, des bretelles et combin\u00e9e \u00e0 une jupe large.\",\"breadcrumb\":{\"@id\":\"https:\\\/\\\/www.koonings.com\\\/fr\\\/product\\\/ramona-koonings-couture-kn2333-1-verona\\\/#breadcrumb\"},\"inLanguage\":\"fr-FR\",\"potentialAction\":[{\"@type\":\"ReadAction\",\"target\":[\"https:\\\/\\\/www.koonings.com\\\/fr\\\/product\\\/ramona-koonings-couture-kn2333-1-verona\\\/\"]}]},{\"@type\":\"ImageObject\",\"inLanguage\":\"fr-FR\",\"@id\":\"https:\\\/\\\/www.koonings.com\\\/fr\\\/product\\\/ramona-koonings-couture-kn2333-1-verona\\\/#primaryimage\",\"url\":\"https:\\\/\\\/www.koonings.com\\\/wp-content\\\/uploads\\\/2024\\\/11\\\/38002_0fd8587ea2faadf579d9241e101f5f252336d1cf30be33bcd1294a5536a7f7364c8f9f9d.jpeg\",\"contentUrl\":\"https:\\\/\\\/www.koonings.com\\\/wp-content\\\/uploads\\\/2024\\\/11\\\/38002_0fd8587ea2faadf579d9241e101f5f252336d1cf30be33bcd1294a5536a7f7364c8f9f9d.jpeg\",\"width\":1740,\"height\":2453},{\"@type\":\"BreadcrumbList\",\"@id\":\"https:\\\/\\\/www.koonings.com\\\/fr\\\/product\\\/ramona-koonings-couture-kn2333-1-verona\\\/#breadcrumb\",\"itemListElement\":[{\"@type\":\"ListItem\",\"position\":1,\"name\":\"Home\",\"item\":\"https:\\\/\\\/www.koonings.com\\\/fr\\\/\"},{\"@type\":\"ListItem\",\"position\":2,\"name\":\"Ramona Koonings Couture KN2333-1 Verona\"}]},{\"@type\":\"WebSite\",\"@id\":\"https:\\\/\\\/www.koonings.com\\\/fr\\\/#website\",\"url\":\"https:\\\/\\\/www.koonings.com\\\/fr\\\/\",\"name\":\"Koonings\",\"description\":\"De grootste bruidsmodewinkel ter wereld\",\"publisher\":{\"@id\":\"https:\\\/\\\/www.koonings.com\\\/fr\\\/#organization\"},\"potentialAction\":[{\"@type\":\"SearchAction\",\"target\":{\"@type\":\"EntryPoint\",\"urlTemplate\":\"https:\\\/\\\/www.koonings.com\\\/fr\\\/?s={search_term_string}\"},\"query-input\":{\"@type\":\"PropertyValueSpecification\",\"valueRequired\":true,\"valueName\":\"search_term_string\"}}],\"inLanguage\":\"fr-FR\"},{\"@type\":\"Organization\",\"@id\":\"https:\\\/\\\/www.koonings.com\\\/fr\\\/#organization\",\"name\":\"Koonings\",\"url\":\"https:\\\/\\\/www.koonings.com\\\/fr\\\/\",\"logo\":{\"@type\":\"ImageObject\",\"inLanguage\":\"fr-FR\",\"@id\":\"https:\\\/\\\/www.koonings.com\\\/fr\\\/#\\\/schema\\\/logo\\\/image\\\/\",\"url\":\"https:\\\/\\\/www.koonings.com\\\/wp-content\\\/uploads\\\/2024\\\/07\\\/logo.png\",\"contentUrl\":\"https:\\\/\\\/www.koonings.com\\\/wp-content\\\/uploads\\\/2024\\\/07\\\/logo.png\",\"width\":600,\"height\":428,\"caption\":\"Koonings\"},\"image\":{\"@id\":\"https:\\\/\\\/www.koonings.com\\\/fr\\\/#\\\/schema\\\/logo\\\/image\\\/\"},\"sameAs\":[\"https:\\\/\\\/www.facebook.com\\\/kooningstheweddingpalace\",\"https:\\\/\\\/www.instagram.com\\\/kooningstheweddingpalace\",\"https:\\\/\\\/www.pinterest.com\\\/koonings\",\"https:\\\/\\\/www.youtube.com\\\/kooningstheweddingpalace\"]}]}<\/script>\n<!-- \/ Yoast SEO plugin. -->","yoast_head_json":{"title":"Ramona Koonings Couture KN2333-1 Verona | Koonings","description":"Une robe de mari\u00e9e classique enti\u00e8rement en dentelle. Une ligne A reste un mod\u00e8le en fonte qui ne n\u00e9cessite que tr\u00e8s peu de touches pour \u00eatre toujours tr\u00e8s \u00e9l\u00e9gante. Comme cette robe avec un d\u00e9collet\u00e9 en V, des bretelles et combin\u00e9e \u00e0 une jupe large.","robots":{"index":"index","follow":"follow","max-snippet":"max-snippet:-1","max-image-preview":"max-image-preview:large","max-video-preview":"max-video-preview:-1"},"canonical":"https:\/\/www.koonings.com\/fr\/product\/ramona-koonings-couture-kn2333-1-verona\/","og_locale":"fr_FR","og_type":"article","og_title":"Ramona Koonings Couture KN2333-1 Verona | Koonings","og_description":"Une robe de mari\u00e9e classique enti\u00e8rement en dentelle. Une ligne A reste un mod\u00e8le en fonte qui ne n\u00e9cessite que tr\u00e8s peu de touches pour \u00eatre toujours tr\u00e8s \u00e9l\u00e9gante. Comme cette robe avec un d\u00e9collet\u00e9 en V, des bretelles et combin\u00e9e \u00e0 une jupe large.","og_url":"https:\/\/www.koonings.com\/fr\/product\/ramona-koonings-couture-kn2333-1-verona\/","og_site_name":"Koonings","article_publisher":"https:\/\/www.facebook.com\/kooningstheweddingpalace","og_image":[{"width":1740,"height":2453,"url":"https:\/\/www.koonings.com\/wp-content\/uploads\/2024\/11\/38002_0fd8587ea2faadf579d9241e101f5f252336d1cf30be33bcd1294a5536a7f7364c8f9f9d.jpeg","type":"image\/jpeg"}],"twitter_card":"summary_large_image","schema":{"@context":"https:\/\/schema.org","@graph":[{"@type":"WebPage","@id":"https:\/\/www.koonings.com\/fr\/product\/ramona-koonings-couture-kn2333-1-verona\/","url":"https:\/\/www.koonings.com\/fr\/product\/ramona-koonings-couture-kn2333-1-verona\/","name":"Ramona Koonings Couture KN2333-1 Verona | Koonings","isPartOf":{"@id":"https:\/\/www.koonings.com\/fr\/#website"},"primaryImageOfPage":{"@id":"https:\/\/www.koonings.com\/fr\/product\/ramona-koonings-couture-kn2333-1-verona\/#primaryimage"},"image":{"@id":"https:\/\/www.koonings.com\/fr\/product\/ramona-koonings-couture-kn2333-1-verona\/#primaryimage"},"thumbnailUrl":"https:\/\/www.koonings.com\/wp-content\/uploads\/2024\/11\/38002_0fd8587ea2faadf579d9241e101f5f252336d1cf30be33bcd1294a5536a7f7364c8f9f9d.jpeg","datePublished":"2026-04-28T16:08:58+00:00","description":"Une robe de mari\u00e9e classique enti\u00e8rement en dentelle. Une ligne A reste un mod\u00e8le en fonte qui ne n\u00e9cessite que tr\u00e8s peu de touches pour \u00eatre toujours tr\u00e8s \u00e9l\u00e9gante. Comme cette robe avec un d\u00e9collet\u00e9 en V, des bretelles et combin\u00e9e \u00e0 une jupe large.","breadcrumb":{"@id":"https:\/\/www.koonings.com\/fr\/product\/ramona-koonings-couture-kn2333-1-verona\/#breadcrumb"},"inLanguage":"fr-FR","potentialAction":[{"@type":"ReadAction","target":["https:\/\/www.koonings.com\/fr\/product\/ramona-koonings-couture-kn2333-1-verona\/"]}]},{"@type":"ImageObject","inLanguage":"fr-FR","@id":"https:\/\/www.koonings.com\/fr\/product\/ramona-koonings-couture-kn2333-1-verona\/#primaryimage","url":"https:\/\/www.koonings.com\/wp-content\/uploads\/2024\/11\/38002_0fd8587ea2faadf579d9241e101f5f252336d1cf30be33bcd1294a5536a7f7364c8f9f9d.jpeg","contentUrl":"https:\/\/www.koonings.com\/wp-content\/uploads\/2024\/11\/38002_0fd8587ea2faadf579d9241e101f5f252336d1cf30be33bcd1294a5536a7f7364c8f9f9d.jpeg","width":1740,"height":2453},{"@type":"BreadcrumbList","@id":"https:\/\/www.koonings.com\/fr\/product\/ramona-koonings-couture-kn2333-1-verona\/#breadcrumb","itemListElement":[{"@type":"ListItem","position":1,"name":"Home","item":"https:\/\/www.koonings.com\/fr\/"},{"@type":"ListItem","position":2,"name":"Ramona Koonings Couture KN2333-1 Verona"}]},{"@type":"WebSite","@id":"https:\/\/www.koonings.com\/fr\/#website","url":"https:\/\/www.koonings.com\/fr\/","name":"Koonings","description":"De grootste bruidsmodewinkel ter wereld","publisher":{"@id":"https:\/\/www.koonings.com\/fr\/#organization"},"potentialAction":[{"@type":"SearchAction","target":{"@type":"EntryPoint","urlTemplate":"https:\/\/www.koonings.com\/fr\/?s={search_term_string}"},"query-input":{"@type":"PropertyValueSpecification","valueRequired":true,"valueName":"search_term_string"}}],"inLanguage":"fr-FR"},{"@type":"Organization","@id":"https:\/\/www.koonings.com\/fr\/#organization","name":"Koonings","url":"https:\/\/www.koonings.com\/fr\/","logo":{"@type":"ImageObject","inLanguage":"fr-FR","@id":"https:\/\/www.koonings.com\/fr\/#\/schema\/logo\/image\/","url":"https:\/\/www.koonings.com\/wp-content\/uploads\/2024\/07\/logo.png","contentUrl":"https:\/\/www.koonings.com\/wp-content\/uploads\/2024\/07\/logo.png","width":600,"height":428,"caption":"Koonings"},"image":{"@id":"https:\/\/www.koonings.com\/fr\/#\/schema\/logo\/image\/"},"sameAs":["https:\/\/www.facebook.com\/kooningstheweddingpalace","https:\/\/www.instagram.com\/kooningstheweddingpalace","https:\/\/www.pinterest.com\/koonings","https:\/\/www.youtube.com\/kooningstheweddingpalace"]}]}},"_links":{"self":[{"href":"https:\/\/www.koonings.com\/fr\/wp-json\/wp\/v2\/product\/56671","targetHints":{"allow":["GET"]}}],"collection":[{"href":"https:\/\/www.koonings.com\/fr\/wp-json\/wp\/v2\/product"}],"about":[{"href":"https:\/\/www.koonings.com\/fr\/wp-json\/wp\/v2\/types\/product"}],"wp:featuredmedia":[{"embeddable":true,"href":"https:\/\/www.koonings.com\/fr\/wp-json\/wp\/v2\/media\/34730"}],"wp:attachment":[{"href":"https:\/\/www.koonings.com\/fr\/wp-json\/wp\/v2\/media?parent=56671"}],"wp:term":[{"taxonomy":"productdetails","embeddable":true,"href":"https:\/\/www.koonings.com\/fr\/wp-json\/wp\/v2\/productdetails?post=56671"},{"taxonomy":"productneck","embeddable":true,"href":"https:\/\/www.koonings.com\/fr\/wp-json\/wp\/v2\/productneck?post=56671"},{"taxonomy":"productcolor","embeddable":true,"href":"https:\/\/www.koonings.com\/fr\/wp-json\/wp\/v2\/productcolor?post=56671"},{"taxonomy":"maat","embeddable":true,"href":"https:\/\/www.koonings.com\/fr\/wp-json\/wp\/v2\/maat?post=56671"},{"taxonomy":"productsupplier","embeddable":true,"href":"https:\/\/www.koonings.com\/fr\/wp-json\/wp\/v2\/productsupplier?post=56671"},{"taxonomy":"productsleeve","embeddable":true,"href":"https:\/\/www.koonings.com\/fr\/wp-json\/wp\/v2\/productsleeve?post=56671"},{"taxonomy":"productcategory","embeddable":true,"href":"https:\/\/www.koonings.com\/fr\/wp-json\/wp\/v2\/productcategory?post=56671"},{"taxonomy":"productsilhouette","embeddable":true,"href":"https:\/\/www.koonings.com\/fr\/wp-json\/wp\/v2\/productsilhouette?post=56671"},{"taxonomy":"productstyle","embeddable":true,"href":"https:\/\/www.koonings.com\/fr\/wp-json\/wp\/v2\/productstyle?post=56671"}],"curies":[{"name":"wp","href":"https:\/\/api.w.org\/{rel}","templated":true}]}}