{"id":56666,"date":"2026-04-10T16:08:47","date_gmt":"2026-04-10T14:08:47","guid":{"rendered":"https:\/\/www.koonings.com\/product\/ramona-koonings-couture-kn2302-1-chicago\/"},"modified":"2026-02-16T14:33:57","modified_gmt":"2026-02-16T13:33:57","slug":"ramona-koonings-couture-kn2302-1-chicago","status":"publish","type":"product","link":"https:\/\/www.koonings.com\/fr\/product\/ramona-koonings-couture-kn2302-1-chicago\/","title":{"rendered":"Ramona Koonings Couture KN2302-1 Chicago"},"content":{"rendered":"<p>La collection Ramona Koonings Couture comprend plusieurs mod\u00e8les grande taille, de sorte que les mari\u00e9es un peu plus grandes ont l&#8217;embarras du choix. Comme cette robe de mari\u00e9e A-line avec d\u00e9collet\u00e9 en V, bretelles et tra\u00eene courte. Dans ce mod\u00e8le classique, avec de la dentelle richement d\u00e9cor\u00e9e, la mari\u00e9e est la pi\u00e8ce ma\u00eetresse rayonnante le jour de son mariage. Petit d\u00e9tail ludique, le ruban de tulle sur l&#8217;\u00e9paule.   <\/p>\n","protected":false},"featured_media":34781,"template":"","meta":{"_acf_changed":false,"ghostkit_customizer_options":"","ghostkit_custom_css":"","ghostkit_custom_js_head":"","ghostkit_custom_js_foot":"","ghostkit_typography":""},"productdetails":[],"productneck":[356],"productcolor":[393,392],"maat":[375],"productsupplier":[419],"productsleeve":[359],"productcategory":[18],"productsilhouette":[387],"productstyle":[367],"class_list":["post-56666","product","type-product","status-publish","has-post-thumbnail","hentry","productneck-356","productcolor-393","productcolor-392","maat-375","productsupplier-ramona-koonings-couture","productsleeve-359","productcategory-trouwjurken","productsilhouette-387","productstyle-367"],"acf":[],"yoast_head":"<!-- This site is optimized with the Yoast SEO plugin v27.3 - https:\/\/yoast.com\/product\/yoast-seo-wordpress\/ -->\n<title>Ramona Koonings Couture KN2302-1 Chicago | Koonings<\/title>\n<meta name=\"description\" content=\"La collection Ramona Koonings Couture comprend plusieurs mod\u00e8les grande taille, de sorte que les mari\u00e9es un peu plus grandes ont l&#039;embarras du choix. Comme cette robe de mari\u00e9e A-line avec d\u00e9collet\u00e9 en V, bretelles et tra\u00eene courte. Dans ce mod\u00e8le classique, avec de la dentelle richement d\u00e9cor\u00e9e, la mari\u00e9e est la pi\u00e8ce ma\u00eetresse rayonnante le jour de son mariage. Petit d\u00e9tail ludique, le ruban de tulle sur l&#039;\u00e9paule.\" \/>\n<meta name=\"robots\" content=\"index, follow, max-snippet:-1, max-image-preview:large, max-video-preview:-1\" \/>\n<link rel=\"canonical\" href=\"https:\/\/www.koonings.com\/fr\/product\/ramona-koonings-couture-kn2302-1-chicago\/\" \/>\n<meta property=\"og:locale\" content=\"fr_FR\" \/>\n<meta property=\"og:type\" content=\"article\" \/>\n<meta property=\"og:title\" content=\"Ramona Koonings Couture KN2302-1 Chicago | Koonings\" \/>\n<meta property=\"og:description\" content=\"La collection Ramona Koonings Couture comprend plusieurs mod\u00e8les grande taille, de sorte que les mari\u00e9es un peu plus grandes ont l&#039;embarras du choix. Comme cette robe de mari\u00e9e A-line avec d\u00e9collet\u00e9 en V, bretelles et tra\u00eene courte. Dans ce mod\u00e8le classique, avec de la dentelle richement d\u00e9cor\u00e9e, la mari\u00e9e est la pi\u00e8ce ma\u00eetresse rayonnante le jour de son mariage. Petit d\u00e9tail ludique, le ruban de tulle sur l&#039;\u00e9paule.\" \/>\n<meta property=\"og:url\" content=\"https:\/\/www.koonings.com\/fr\/product\/ramona-koonings-couture-kn2302-1-chicago\/\" \/>\n<meta property=\"og:site_name\" content=\"Koonings\" \/>\n<meta property=\"article:publisher\" content=\"https:\/\/www.facebook.com\/kooningstheweddingpalace\" \/>\n<meta property=\"og:image\" content=\"https:\/\/www.koonings.com\/wp-content\/uploads\/2024\/11\/38005_095a0938c3ce007affd658669c1f3df03dd46a470f6790f08e42369ca76867fc2479235f-scaled.jpeg\" \/>\n\t<meta property=\"og:image:width\" content=\"1811\" \/>\n\t<meta property=\"og:image:height\" content=\"2560\" \/>\n\t<meta property=\"og:image:type\" content=\"image\/jpeg\" \/>\n<meta name=\"twitter:card\" content=\"summary_large_image\" \/>\n<script type=\"application\/ld+json\" class=\"yoast-schema-graph\">{\"@context\":\"https:\\\/\\\/schema.org\",\"@graph\":[{\"@type\":\"WebPage\",\"@id\":\"https:\\\/\\\/www.koonings.com\\\/fr\\\/product\\\/ramona-koonings-couture-kn2302-1-chicago\\\/\",\"url\":\"https:\\\/\\\/www.koonings.com\\\/fr\\\/product\\\/ramona-koonings-couture-kn2302-1-chicago\\\/\",\"name\":\"Ramona Koonings Couture KN2302-1 Chicago | Koonings\",\"isPartOf\":{\"@id\":\"https:\\\/\\\/www.koonings.com\\\/fr\\\/#website\"},\"primaryImageOfPage\":{\"@id\":\"https:\\\/\\\/www.koonings.com\\\/fr\\\/product\\\/ramona-koonings-couture-kn2302-1-chicago\\\/#primaryimage\"},\"image\":{\"@id\":\"https:\\\/\\\/www.koonings.com\\\/fr\\\/product\\\/ramona-koonings-couture-kn2302-1-chicago\\\/#primaryimage\"},\"thumbnailUrl\":\"https:\\\/\\\/www.koonings.com\\\/wp-content\\\/uploads\\\/2024\\\/11\\\/38005_095a0938c3ce007affd658669c1f3df03dd46a470f6790f08e42369ca76867fc2479235f-scaled.jpeg\",\"datePublished\":\"2026-04-10T14:08:47+00:00\",\"description\":\"La collection Ramona Koonings Couture comprend plusieurs mod\u00e8les grande taille, de sorte que les mari\u00e9es un peu plus grandes ont l'embarras du choix. Comme cette robe de mari\u00e9e A-line avec d\u00e9collet\u00e9 en V, bretelles et tra\u00eene courte. Dans ce mod\u00e8le classique, avec de la dentelle richement d\u00e9cor\u00e9e, la mari\u00e9e est la pi\u00e8ce ma\u00eetresse rayonnante le jour de son mariage. Petit d\u00e9tail ludique, le ruban de tulle sur l'\u00e9paule.\",\"breadcrumb\":{\"@id\":\"https:\\\/\\\/www.koonings.com\\\/fr\\\/product\\\/ramona-koonings-couture-kn2302-1-chicago\\\/#breadcrumb\"},\"inLanguage\":\"fr-FR\",\"potentialAction\":[{\"@type\":\"ReadAction\",\"target\":[\"https:\\\/\\\/www.koonings.com\\\/fr\\\/product\\\/ramona-koonings-couture-kn2302-1-chicago\\\/\"]}]},{\"@type\":\"ImageObject\",\"inLanguage\":\"fr-FR\",\"@id\":\"https:\\\/\\\/www.koonings.com\\\/fr\\\/product\\\/ramona-koonings-couture-kn2302-1-chicago\\\/#primaryimage\",\"url\":\"https:\\\/\\\/www.koonings.com\\\/wp-content\\\/uploads\\\/2024\\\/11\\\/38005_095a0938c3ce007affd658669c1f3df03dd46a470f6790f08e42369ca76867fc2479235f-scaled.jpeg\",\"contentUrl\":\"https:\\\/\\\/www.koonings.com\\\/wp-content\\\/uploads\\\/2024\\\/11\\\/38005_095a0938c3ce007affd658669c1f3df03dd46a470f6790f08e42369ca76867fc2479235f-scaled.jpeg\",\"width\":1811,\"height\":2560},{\"@type\":\"BreadcrumbList\",\"@id\":\"https:\\\/\\\/www.koonings.com\\\/fr\\\/product\\\/ramona-koonings-couture-kn2302-1-chicago\\\/#breadcrumb\",\"itemListElement\":[{\"@type\":\"ListItem\",\"position\":1,\"name\":\"Home\",\"item\":\"https:\\\/\\\/www.koonings.com\\\/fr\\\/\"},{\"@type\":\"ListItem\",\"position\":2,\"name\":\"Ramona Koonings Couture KN2302-1 Chicago\"}]},{\"@type\":\"WebSite\",\"@id\":\"https:\\\/\\\/www.koonings.com\\\/fr\\\/#website\",\"url\":\"https:\\\/\\\/www.koonings.com\\\/fr\\\/\",\"name\":\"Koonings\",\"description\":\"De grootste bruidsmodewinkel ter wereld\",\"publisher\":{\"@id\":\"https:\\\/\\\/www.koonings.com\\\/fr\\\/#organization\"},\"potentialAction\":[{\"@type\":\"SearchAction\",\"target\":{\"@type\":\"EntryPoint\",\"urlTemplate\":\"https:\\\/\\\/www.koonings.com\\\/fr\\\/?s={search_term_string}\"},\"query-input\":{\"@type\":\"PropertyValueSpecification\",\"valueRequired\":true,\"valueName\":\"search_term_string\"}}],\"inLanguage\":\"fr-FR\"},{\"@type\":\"Organization\",\"@id\":\"https:\\\/\\\/www.koonings.com\\\/fr\\\/#organization\",\"name\":\"Koonings\",\"url\":\"https:\\\/\\\/www.koonings.com\\\/fr\\\/\",\"logo\":{\"@type\":\"ImageObject\",\"inLanguage\":\"fr-FR\",\"@id\":\"https:\\\/\\\/www.koonings.com\\\/fr\\\/#\\\/schema\\\/logo\\\/image\\\/\",\"url\":\"https:\\\/\\\/www.koonings.com\\\/wp-content\\\/uploads\\\/2024\\\/07\\\/logo.png\",\"contentUrl\":\"https:\\\/\\\/www.koonings.com\\\/wp-content\\\/uploads\\\/2024\\\/07\\\/logo.png\",\"width\":600,\"height\":428,\"caption\":\"Koonings\"},\"image\":{\"@id\":\"https:\\\/\\\/www.koonings.com\\\/fr\\\/#\\\/schema\\\/logo\\\/image\\\/\"},\"sameAs\":[\"https:\\\/\\\/www.facebook.com\\\/kooningstheweddingpalace\",\"https:\\\/\\\/www.instagram.com\\\/kooningstheweddingpalace\",\"https:\\\/\\\/www.pinterest.com\\\/koonings\",\"https:\\\/\\\/www.youtube.com\\\/kooningstheweddingpalace\"]}]}<\/script>\n<!-- \/ Yoast SEO plugin. -->","yoast_head_json":{"title":"Ramona Koonings Couture KN2302-1 Chicago | Koonings","description":"La collection Ramona Koonings Couture comprend plusieurs mod\u00e8les grande taille, de sorte que les mari\u00e9es un peu plus grandes ont l'embarras du choix. Comme cette robe de mari\u00e9e A-line avec d\u00e9collet\u00e9 en V, bretelles et tra\u00eene courte. Dans ce mod\u00e8le classique, avec de la dentelle richement d\u00e9cor\u00e9e, la mari\u00e9e est la pi\u00e8ce ma\u00eetresse rayonnante le jour de son mariage. Petit d\u00e9tail ludique, le ruban de tulle sur l'\u00e9paule.","robots":{"index":"index","follow":"follow","max-snippet":"max-snippet:-1","max-image-preview":"max-image-preview:large","max-video-preview":"max-video-preview:-1"},"canonical":"https:\/\/www.koonings.com\/fr\/product\/ramona-koonings-couture-kn2302-1-chicago\/","og_locale":"fr_FR","og_type":"article","og_title":"Ramona Koonings Couture KN2302-1 Chicago | Koonings","og_description":"La collection Ramona Koonings Couture comprend plusieurs mod\u00e8les grande taille, de sorte que les mari\u00e9es un peu plus grandes ont l'embarras du choix. Comme cette robe de mari\u00e9e A-line avec d\u00e9collet\u00e9 en V, bretelles et tra\u00eene courte. Dans ce mod\u00e8le classique, avec de la dentelle richement d\u00e9cor\u00e9e, la mari\u00e9e est la pi\u00e8ce ma\u00eetresse rayonnante le jour de son mariage. Petit d\u00e9tail ludique, le ruban de tulle sur l'\u00e9paule.","og_url":"https:\/\/www.koonings.com\/fr\/product\/ramona-koonings-couture-kn2302-1-chicago\/","og_site_name":"Koonings","article_publisher":"https:\/\/www.facebook.com\/kooningstheweddingpalace","og_image":[{"width":1811,"height":2560,"url":"https:\/\/www.koonings.com\/wp-content\/uploads\/2024\/11\/38005_095a0938c3ce007affd658669c1f3df03dd46a470f6790f08e42369ca76867fc2479235f-scaled.jpeg","type":"image\/jpeg"}],"twitter_card":"summary_large_image","schema":{"@context":"https:\/\/schema.org","@graph":[{"@type":"WebPage","@id":"https:\/\/www.koonings.com\/fr\/product\/ramona-koonings-couture-kn2302-1-chicago\/","url":"https:\/\/www.koonings.com\/fr\/product\/ramona-koonings-couture-kn2302-1-chicago\/","name":"Ramona Koonings Couture KN2302-1 Chicago | Koonings","isPartOf":{"@id":"https:\/\/www.koonings.com\/fr\/#website"},"primaryImageOfPage":{"@id":"https:\/\/www.koonings.com\/fr\/product\/ramona-koonings-couture-kn2302-1-chicago\/#primaryimage"},"image":{"@id":"https:\/\/www.koonings.com\/fr\/product\/ramona-koonings-couture-kn2302-1-chicago\/#primaryimage"},"thumbnailUrl":"https:\/\/www.koonings.com\/wp-content\/uploads\/2024\/11\/38005_095a0938c3ce007affd658669c1f3df03dd46a470f6790f08e42369ca76867fc2479235f-scaled.jpeg","datePublished":"2026-04-10T14:08:47+00:00","description":"La collection Ramona Koonings Couture comprend plusieurs mod\u00e8les grande taille, de sorte que les mari\u00e9es un peu plus grandes ont l'embarras du choix. Comme cette robe de mari\u00e9e A-line avec d\u00e9collet\u00e9 en V, bretelles et tra\u00eene courte. Dans ce mod\u00e8le classique, avec de la dentelle richement d\u00e9cor\u00e9e, la mari\u00e9e est la pi\u00e8ce ma\u00eetresse rayonnante le jour de son mariage. Petit d\u00e9tail ludique, le ruban de tulle sur l'\u00e9paule.","breadcrumb":{"@id":"https:\/\/www.koonings.com\/fr\/product\/ramona-koonings-couture-kn2302-1-chicago\/#breadcrumb"},"inLanguage":"fr-FR","potentialAction":[{"@type":"ReadAction","target":["https:\/\/www.koonings.com\/fr\/product\/ramona-koonings-couture-kn2302-1-chicago\/"]}]},{"@type":"ImageObject","inLanguage":"fr-FR","@id":"https:\/\/www.koonings.com\/fr\/product\/ramona-koonings-couture-kn2302-1-chicago\/#primaryimage","url":"https:\/\/www.koonings.com\/wp-content\/uploads\/2024\/11\/38005_095a0938c3ce007affd658669c1f3df03dd46a470f6790f08e42369ca76867fc2479235f-scaled.jpeg","contentUrl":"https:\/\/www.koonings.com\/wp-content\/uploads\/2024\/11\/38005_095a0938c3ce007affd658669c1f3df03dd46a470f6790f08e42369ca76867fc2479235f-scaled.jpeg","width":1811,"height":2560},{"@type":"BreadcrumbList","@id":"https:\/\/www.koonings.com\/fr\/product\/ramona-koonings-couture-kn2302-1-chicago\/#breadcrumb","itemListElement":[{"@type":"ListItem","position":1,"name":"Home","item":"https:\/\/www.koonings.com\/fr\/"},{"@type":"ListItem","position":2,"name":"Ramona Koonings Couture KN2302-1 Chicago"}]},{"@type":"WebSite","@id":"https:\/\/www.koonings.com\/fr\/#website","url":"https:\/\/www.koonings.com\/fr\/","name":"Koonings","description":"De grootste bruidsmodewinkel ter wereld","publisher":{"@id":"https:\/\/www.koonings.com\/fr\/#organization"},"potentialAction":[{"@type":"SearchAction","target":{"@type":"EntryPoint","urlTemplate":"https:\/\/www.koonings.com\/fr\/?s={search_term_string}"},"query-input":{"@type":"PropertyValueSpecification","valueRequired":true,"valueName":"search_term_string"}}],"inLanguage":"fr-FR"},{"@type":"Organization","@id":"https:\/\/www.koonings.com\/fr\/#organization","name":"Koonings","url":"https:\/\/www.koonings.com\/fr\/","logo":{"@type":"ImageObject","inLanguage":"fr-FR","@id":"https:\/\/www.koonings.com\/fr\/#\/schema\/logo\/image\/","url":"https:\/\/www.koonings.com\/wp-content\/uploads\/2024\/07\/logo.png","contentUrl":"https:\/\/www.koonings.com\/wp-content\/uploads\/2024\/07\/logo.png","width":600,"height":428,"caption":"Koonings"},"image":{"@id":"https:\/\/www.koonings.com\/fr\/#\/schema\/logo\/image\/"},"sameAs":["https:\/\/www.facebook.com\/kooningstheweddingpalace","https:\/\/www.instagram.com\/kooningstheweddingpalace","https:\/\/www.pinterest.com\/koonings","https:\/\/www.youtube.com\/kooningstheweddingpalace"]}]}},"_links":{"self":[{"href":"https:\/\/www.koonings.com\/fr\/wp-json\/wp\/v2\/product\/56666","targetHints":{"allow":["GET"]}}],"collection":[{"href":"https:\/\/www.koonings.com\/fr\/wp-json\/wp\/v2\/product"}],"about":[{"href":"https:\/\/www.koonings.com\/fr\/wp-json\/wp\/v2\/types\/product"}],"wp:featuredmedia":[{"embeddable":true,"href":"https:\/\/www.koonings.com\/fr\/wp-json\/wp\/v2\/media\/34781"}],"wp:attachment":[{"href":"https:\/\/www.koonings.com\/fr\/wp-json\/wp\/v2\/media?parent=56666"}],"wp:term":[{"taxonomy":"productdetails","embeddable":true,"href":"https:\/\/www.koonings.com\/fr\/wp-json\/wp\/v2\/productdetails?post=56666"},{"taxonomy":"productneck","embeddable":true,"href":"https:\/\/www.koonings.com\/fr\/wp-json\/wp\/v2\/productneck?post=56666"},{"taxonomy":"productcolor","embeddable":true,"href":"https:\/\/www.koonings.com\/fr\/wp-json\/wp\/v2\/productcolor?post=56666"},{"taxonomy":"maat","embeddable":true,"href":"https:\/\/www.koonings.com\/fr\/wp-json\/wp\/v2\/maat?post=56666"},{"taxonomy":"productsupplier","embeddable":true,"href":"https:\/\/www.koonings.com\/fr\/wp-json\/wp\/v2\/productsupplier?post=56666"},{"taxonomy":"productsleeve","embeddable":true,"href":"https:\/\/www.koonings.com\/fr\/wp-json\/wp\/v2\/productsleeve?post=56666"},{"taxonomy":"productcategory","embeddable":true,"href":"https:\/\/www.koonings.com\/fr\/wp-json\/wp\/v2\/productcategory?post=56666"},{"taxonomy":"productsilhouette","embeddable":true,"href":"https:\/\/www.koonings.com\/fr\/wp-json\/wp\/v2\/productsilhouette?post=56666"},{"taxonomy":"productstyle","embeddable":true,"href":"https:\/\/www.koonings.com\/fr\/wp-json\/wp\/v2\/productstyle?post=56666"}],"curies":[{"name":"wp","href":"https:\/\/api.w.org\/{rel}","templated":true}]}}