{"id":56643,"date":"2025-12-15T00:12:56","date_gmt":"2025-12-14T23:12:56","guid":{"rendered":"https:\/\/www.koonings.com\/product\/ramona-koonings-couture-kn2327-1-amsterdam\/"},"modified":"2026-02-03T18:07:15","modified_gmt":"2026-02-03T17:07:15","slug":"ramona-koonings-couture-kn2327-1-amsterdam","status":"publish","type":"product","link":"https:\/\/www.koonings.com\/fr\/product\/ramona-koonings-couture-kn2327-1-amsterdam\/","title":{"rendered":"Ramona Koonings Couture KN2327-1 Amsterdam"},"content":{"rendered":"<p>Une fabuleuse robe de mari\u00e9e ligne A pour les mari\u00e9es de grande taille. La dentelle richement d\u00e9cor\u00e9e de paillettes dans le haut et la jupe rehausse l&#8217;image romantique de ce mod\u00e8le. Le corsage, avec son d\u00e9collet\u00e9 en c\u0153ur l\u00e9g\u00e8rement plus profond et ses \u00e9paules d\u00e9coll\u00e9es, s&#8217;harmonise parfaitement avec la jupe large en tulle.  <\/p>\n","protected":false},"featured_media":34902,"template":"","meta":{"_acf_changed":false,"ghostkit_customizer_options":"","ghostkit_custom_css":"","ghostkit_custom_js_head":"","ghostkit_custom_js_foot":"","ghostkit_typography":""},"productdetails":[],"productneck":[355],"productcolor":[393,392],"maat":[375],"productsupplier":[419],"productsleeve":[363],"productcategory":[18],"productsilhouette":[384],"productstyle":[367,372],"class_list":["post-56643","product","type-product","status-publish","has-post-thumbnail","hentry","productneck-355","productcolor-393","productcolor-392","maat-375","productsupplier-ramona-koonings-couture","productsleeve-363","productcategory-trouwjurken","productsilhouette-384","productstyle-367","productstyle-372"],"acf":[],"yoast_head":"<!-- This site is optimized with the Yoast SEO plugin v27.3 - https:\/\/yoast.com\/product\/yoast-seo-wordpress\/ -->\n<title>Ramona Koonings Couture KN2327-1 Amsterdam | Koonings<\/title>\n<meta name=\"description\" content=\"Une fabuleuse robe de mari\u00e9e ligne A pour les mari\u00e9es de grande taille. La dentelle richement d\u00e9cor\u00e9e de paillettes dans le haut et la jupe rehausse l&#039;image romantique de ce mod\u00e8le. Le corsage, avec son d\u00e9collet\u00e9 en c\u0153ur l\u00e9g\u00e8rement plus profond et ses \u00e9paules d\u00e9coll\u00e9es, s&#039;harmonise parfaitement avec la jupe large en tulle.\" \/>\n<meta name=\"robots\" content=\"index, follow, max-snippet:-1, max-image-preview:large, max-video-preview:-1\" \/>\n<link rel=\"canonical\" href=\"https:\/\/www.koonings.com\/fr\/product\/ramona-koonings-couture-kn2327-1-amsterdam\/\" \/>\n<meta property=\"og:locale\" content=\"fr_FR\" \/>\n<meta property=\"og:type\" content=\"article\" \/>\n<meta property=\"og:title\" content=\"Ramona Koonings Couture KN2327-1 Amsterdam | Koonings\" \/>\n<meta property=\"og:description\" content=\"Une fabuleuse robe de mari\u00e9e ligne A pour les mari\u00e9es de grande taille. La dentelle richement d\u00e9cor\u00e9e de paillettes dans le haut et la jupe rehausse l&#039;image romantique de ce mod\u00e8le. Le corsage, avec son d\u00e9collet\u00e9 en c\u0153ur l\u00e9g\u00e8rement plus profond et ses \u00e9paules d\u00e9coll\u00e9es, s&#039;harmonise parfaitement avec la jupe large en tulle.\" \/>\n<meta property=\"og:url\" content=\"https:\/\/www.koonings.com\/fr\/product\/ramona-koonings-couture-kn2327-1-amsterdam\/\" \/>\n<meta property=\"og:site_name\" content=\"Koonings\" \/>\n<meta property=\"article:publisher\" content=\"https:\/\/www.facebook.com\/kooningstheweddingpalace\" \/>\n<meta property=\"article:modified_time\" content=\"2026-02-03T17:07:15+00:00\" \/>\n<meta property=\"og:image\" content=\"https:\/\/www.koonings.com\/wp-content\/uploads\/2024\/11\/38015_60e93b548671ee9de4d2983a3dcad6eacf2d66bfce61ef2d6d7d08168d1e011c3fbf1444.jpeg\" \/>\n\t<meta property=\"og:image:width\" content=\"1679\" \/>\n\t<meta property=\"og:image:height\" content=\"2375\" \/>\n\t<meta property=\"og:image:type\" content=\"image\/jpeg\" \/>\n<meta name=\"twitter:card\" content=\"summary_large_image\" \/>\n<script type=\"application\/ld+json\" class=\"yoast-schema-graph\">{\"@context\":\"https:\\\/\\\/schema.org\",\"@graph\":[{\"@type\":\"WebPage\",\"@id\":\"https:\\\/\\\/www.koonings.com\\\/fr\\\/product\\\/ramona-koonings-couture-kn2327-1-amsterdam\\\/\",\"url\":\"https:\\\/\\\/www.koonings.com\\\/fr\\\/product\\\/ramona-koonings-couture-kn2327-1-amsterdam\\\/\",\"name\":\"Ramona Koonings Couture KN2327-1 Amsterdam | Koonings\",\"isPartOf\":{\"@id\":\"https:\\\/\\\/www.koonings.com\\\/fr\\\/#website\"},\"primaryImageOfPage\":{\"@id\":\"https:\\\/\\\/www.koonings.com\\\/fr\\\/product\\\/ramona-koonings-couture-kn2327-1-amsterdam\\\/#primaryimage\"},\"image\":{\"@id\":\"https:\\\/\\\/www.koonings.com\\\/fr\\\/product\\\/ramona-koonings-couture-kn2327-1-amsterdam\\\/#primaryimage\"},\"thumbnailUrl\":\"https:\\\/\\\/www.koonings.com\\\/wp-content\\\/uploads\\\/2024\\\/11\\\/38015_60e93b548671ee9de4d2983a3dcad6eacf2d66bfce61ef2d6d7d08168d1e011c3fbf1444.jpeg\",\"datePublished\":\"2025-12-14T23:12:56+00:00\",\"dateModified\":\"2026-02-03T17:07:15+00:00\",\"description\":\"Une fabuleuse robe de mari\u00e9e ligne A pour les mari\u00e9es de grande taille. La dentelle richement d\u00e9cor\u00e9e de paillettes dans le haut et la jupe rehausse l'image romantique de ce mod\u00e8le. Le corsage, avec son d\u00e9collet\u00e9 en c\u0153ur l\u00e9g\u00e8rement plus profond et ses \u00e9paules d\u00e9coll\u00e9es, s'harmonise parfaitement avec la jupe large en tulle.\",\"breadcrumb\":{\"@id\":\"https:\\\/\\\/www.koonings.com\\\/fr\\\/product\\\/ramona-koonings-couture-kn2327-1-amsterdam\\\/#breadcrumb\"},\"inLanguage\":\"fr-FR\",\"potentialAction\":[{\"@type\":\"ReadAction\",\"target\":[\"https:\\\/\\\/www.koonings.com\\\/fr\\\/product\\\/ramona-koonings-couture-kn2327-1-amsterdam\\\/\"]}]},{\"@type\":\"ImageObject\",\"inLanguage\":\"fr-FR\",\"@id\":\"https:\\\/\\\/www.koonings.com\\\/fr\\\/product\\\/ramona-koonings-couture-kn2327-1-amsterdam\\\/#primaryimage\",\"url\":\"https:\\\/\\\/www.koonings.com\\\/wp-content\\\/uploads\\\/2024\\\/11\\\/38015_60e93b548671ee9de4d2983a3dcad6eacf2d66bfce61ef2d6d7d08168d1e011c3fbf1444.jpeg\",\"contentUrl\":\"https:\\\/\\\/www.koonings.com\\\/wp-content\\\/uploads\\\/2024\\\/11\\\/38015_60e93b548671ee9de4d2983a3dcad6eacf2d66bfce61ef2d6d7d08168d1e011c3fbf1444.jpeg\",\"width\":1679,\"height\":2375},{\"@type\":\"BreadcrumbList\",\"@id\":\"https:\\\/\\\/www.koonings.com\\\/fr\\\/product\\\/ramona-koonings-couture-kn2327-1-amsterdam\\\/#breadcrumb\",\"itemListElement\":[{\"@type\":\"ListItem\",\"position\":1,\"name\":\"Home\",\"item\":\"https:\\\/\\\/www.koonings.com\\\/fr\\\/\"},{\"@type\":\"ListItem\",\"position\":2,\"name\":\"Ramona Koonings Couture KN2327-1 Amsterdam\"}]},{\"@type\":\"WebSite\",\"@id\":\"https:\\\/\\\/www.koonings.com\\\/fr\\\/#website\",\"url\":\"https:\\\/\\\/www.koonings.com\\\/fr\\\/\",\"name\":\"Koonings\",\"description\":\"De grootste bruidsmodewinkel ter wereld\",\"publisher\":{\"@id\":\"https:\\\/\\\/www.koonings.com\\\/fr\\\/#organization\"},\"potentialAction\":[{\"@type\":\"SearchAction\",\"target\":{\"@type\":\"EntryPoint\",\"urlTemplate\":\"https:\\\/\\\/www.koonings.com\\\/fr\\\/?s={search_term_string}\"},\"query-input\":{\"@type\":\"PropertyValueSpecification\",\"valueRequired\":true,\"valueName\":\"search_term_string\"}}],\"inLanguage\":\"fr-FR\"},{\"@type\":\"Organization\",\"@id\":\"https:\\\/\\\/www.koonings.com\\\/fr\\\/#organization\",\"name\":\"Koonings\",\"url\":\"https:\\\/\\\/www.koonings.com\\\/fr\\\/\",\"logo\":{\"@type\":\"ImageObject\",\"inLanguage\":\"fr-FR\",\"@id\":\"https:\\\/\\\/www.koonings.com\\\/fr\\\/#\\\/schema\\\/logo\\\/image\\\/\",\"url\":\"https:\\\/\\\/www.koonings.com\\\/wp-content\\\/uploads\\\/2024\\\/07\\\/logo.png\",\"contentUrl\":\"https:\\\/\\\/www.koonings.com\\\/wp-content\\\/uploads\\\/2024\\\/07\\\/logo.png\",\"width\":600,\"height\":428,\"caption\":\"Koonings\"},\"image\":{\"@id\":\"https:\\\/\\\/www.koonings.com\\\/fr\\\/#\\\/schema\\\/logo\\\/image\\\/\"},\"sameAs\":[\"https:\\\/\\\/www.facebook.com\\\/kooningstheweddingpalace\",\"https:\\\/\\\/www.instagram.com\\\/kooningstheweddingpalace\",\"https:\\\/\\\/www.pinterest.com\\\/koonings\",\"https:\\\/\\\/www.youtube.com\\\/kooningstheweddingpalace\"]}]}<\/script>\n<!-- \/ Yoast SEO plugin. -->","yoast_head_json":{"title":"Ramona Koonings Couture KN2327-1 Amsterdam | Koonings","description":"Une fabuleuse robe de mari\u00e9e ligne A pour les mari\u00e9es de grande taille. La dentelle richement d\u00e9cor\u00e9e de paillettes dans le haut et la jupe rehausse l'image romantique de ce mod\u00e8le. Le corsage, avec son d\u00e9collet\u00e9 en c\u0153ur l\u00e9g\u00e8rement plus profond et ses \u00e9paules d\u00e9coll\u00e9es, s'harmonise parfaitement avec la jupe large en tulle.","robots":{"index":"index","follow":"follow","max-snippet":"max-snippet:-1","max-image-preview":"max-image-preview:large","max-video-preview":"max-video-preview:-1"},"canonical":"https:\/\/www.koonings.com\/fr\/product\/ramona-koonings-couture-kn2327-1-amsterdam\/","og_locale":"fr_FR","og_type":"article","og_title":"Ramona Koonings Couture KN2327-1 Amsterdam | Koonings","og_description":"Une fabuleuse robe de mari\u00e9e ligne A pour les mari\u00e9es de grande taille. La dentelle richement d\u00e9cor\u00e9e de paillettes dans le haut et la jupe rehausse l'image romantique de ce mod\u00e8le. Le corsage, avec son d\u00e9collet\u00e9 en c\u0153ur l\u00e9g\u00e8rement plus profond et ses \u00e9paules d\u00e9coll\u00e9es, s'harmonise parfaitement avec la jupe large en tulle.","og_url":"https:\/\/www.koonings.com\/fr\/product\/ramona-koonings-couture-kn2327-1-amsterdam\/","og_site_name":"Koonings","article_publisher":"https:\/\/www.facebook.com\/kooningstheweddingpalace","article_modified_time":"2026-02-03T17:07:15+00:00","og_image":[{"width":1679,"height":2375,"url":"https:\/\/www.koonings.com\/wp-content\/uploads\/2024\/11\/38015_60e93b548671ee9de4d2983a3dcad6eacf2d66bfce61ef2d6d7d08168d1e011c3fbf1444.jpeg","type":"image\/jpeg"}],"twitter_card":"summary_large_image","schema":{"@context":"https:\/\/schema.org","@graph":[{"@type":"WebPage","@id":"https:\/\/www.koonings.com\/fr\/product\/ramona-koonings-couture-kn2327-1-amsterdam\/","url":"https:\/\/www.koonings.com\/fr\/product\/ramona-koonings-couture-kn2327-1-amsterdam\/","name":"Ramona Koonings Couture KN2327-1 Amsterdam | Koonings","isPartOf":{"@id":"https:\/\/www.koonings.com\/fr\/#website"},"primaryImageOfPage":{"@id":"https:\/\/www.koonings.com\/fr\/product\/ramona-koonings-couture-kn2327-1-amsterdam\/#primaryimage"},"image":{"@id":"https:\/\/www.koonings.com\/fr\/product\/ramona-koonings-couture-kn2327-1-amsterdam\/#primaryimage"},"thumbnailUrl":"https:\/\/www.koonings.com\/wp-content\/uploads\/2024\/11\/38015_60e93b548671ee9de4d2983a3dcad6eacf2d66bfce61ef2d6d7d08168d1e011c3fbf1444.jpeg","datePublished":"2025-12-14T23:12:56+00:00","dateModified":"2026-02-03T17:07:15+00:00","description":"Une fabuleuse robe de mari\u00e9e ligne A pour les mari\u00e9es de grande taille. La dentelle richement d\u00e9cor\u00e9e de paillettes dans le haut et la jupe rehausse l'image romantique de ce mod\u00e8le. Le corsage, avec son d\u00e9collet\u00e9 en c\u0153ur l\u00e9g\u00e8rement plus profond et ses \u00e9paules d\u00e9coll\u00e9es, s'harmonise parfaitement avec la jupe large en tulle.","breadcrumb":{"@id":"https:\/\/www.koonings.com\/fr\/product\/ramona-koonings-couture-kn2327-1-amsterdam\/#breadcrumb"},"inLanguage":"fr-FR","potentialAction":[{"@type":"ReadAction","target":["https:\/\/www.koonings.com\/fr\/product\/ramona-koonings-couture-kn2327-1-amsterdam\/"]}]},{"@type":"ImageObject","inLanguage":"fr-FR","@id":"https:\/\/www.koonings.com\/fr\/product\/ramona-koonings-couture-kn2327-1-amsterdam\/#primaryimage","url":"https:\/\/www.koonings.com\/wp-content\/uploads\/2024\/11\/38015_60e93b548671ee9de4d2983a3dcad6eacf2d66bfce61ef2d6d7d08168d1e011c3fbf1444.jpeg","contentUrl":"https:\/\/www.koonings.com\/wp-content\/uploads\/2024\/11\/38015_60e93b548671ee9de4d2983a3dcad6eacf2d66bfce61ef2d6d7d08168d1e011c3fbf1444.jpeg","width":1679,"height":2375},{"@type":"BreadcrumbList","@id":"https:\/\/www.koonings.com\/fr\/product\/ramona-koonings-couture-kn2327-1-amsterdam\/#breadcrumb","itemListElement":[{"@type":"ListItem","position":1,"name":"Home","item":"https:\/\/www.koonings.com\/fr\/"},{"@type":"ListItem","position":2,"name":"Ramona Koonings Couture KN2327-1 Amsterdam"}]},{"@type":"WebSite","@id":"https:\/\/www.koonings.com\/fr\/#website","url":"https:\/\/www.koonings.com\/fr\/","name":"Koonings","description":"De grootste bruidsmodewinkel ter wereld","publisher":{"@id":"https:\/\/www.koonings.com\/fr\/#organization"},"potentialAction":[{"@type":"SearchAction","target":{"@type":"EntryPoint","urlTemplate":"https:\/\/www.koonings.com\/fr\/?s={search_term_string}"},"query-input":{"@type":"PropertyValueSpecification","valueRequired":true,"valueName":"search_term_string"}}],"inLanguage":"fr-FR"},{"@type":"Organization","@id":"https:\/\/www.koonings.com\/fr\/#organization","name":"Koonings","url":"https:\/\/www.koonings.com\/fr\/","logo":{"@type":"ImageObject","inLanguage":"fr-FR","@id":"https:\/\/www.koonings.com\/fr\/#\/schema\/logo\/image\/","url":"https:\/\/www.koonings.com\/wp-content\/uploads\/2024\/07\/logo.png","contentUrl":"https:\/\/www.koonings.com\/wp-content\/uploads\/2024\/07\/logo.png","width":600,"height":428,"caption":"Koonings"},"image":{"@id":"https:\/\/www.koonings.com\/fr\/#\/schema\/logo\/image\/"},"sameAs":["https:\/\/www.facebook.com\/kooningstheweddingpalace","https:\/\/www.instagram.com\/kooningstheweddingpalace","https:\/\/www.pinterest.com\/koonings","https:\/\/www.youtube.com\/kooningstheweddingpalace"]}]}},"_links":{"self":[{"href":"https:\/\/www.koonings.com\/fr\/wp-json\/wp\/v2\/product\/56643","targetHints":{"allow":["GET"]}}],"collection":[{"href":"https:\/\/www.koonings.com\/fr\/wp-json\/wp\/v2\/product"}],"about":[{"href":"https:\/\/www.koonings.com\/fr\/wp-json\/wp\/v2\/types\/product"}],"wp:featuredmedia":[{"embeddable":true,"href":"https:\/\/www.koonings.com\/fr\/wp-json\/wp\/v2\/media\/34902"}],"wp:attachment":[{"href":"https:\/\/www.koonings.com\/fr\/wp-json\/wp\/v2\/media?parent=56643"}],"wp:term":[{"taxonomy":"productdetails","embeddable":true,"href":"https:\/\/www.koonings.com\/fr\/wp-json\/wp\/v2\/productdetails?post=56643"},{"taxonomy":"productneck","embeddable":true,"href":"https:\/\/www.koonings.com\/fr\/wp-json\/wp\/v2\/productneck?post=56643"},{"taxonomy":"productcolor","embeddable":true,"href":"https:\/\/www.koonings.com\/fr\/wp-json\/wp\/v2\/productcolor?post=56643"},{"taxonomy":"maat","embeddable":true,"href":"https:\/\/www.koonings.com\/fr\/wp-json\/wp\/v2\/maat?post=56643"},{"taxonomy":"productsupplier","embeddable":true,"href":"https:\/\/www.koonings.com\/fr\/wp-json\/wp\/v2\/productsupplier?post=56643"},{"taxonomy":"productsleeve","embeddable":true,"href":"https:\/\/www.koonings.com\/fr\/wp-json\/wp\/v2\/productsleeve?post=56643"},{"taxonomy":"productcategory","embeddable":true,"href":"https:\/\/www.koonings.com\/fr\/wp-json\/wp\/v2\/productcategory?post=56643"},{"taxonomy":"productsilhouette","embeddable":true,"href":"https:\/\/www.koonings.com\/fr\/wp-json\/wp\/v2\/productsilhouette?post=56643"},{"taxonomy":"productstyle","embeddable":true,"href":"https:\/\/www.koonings.com\/fr\/wp-json\/wp\/v2\/productstyle?post=56643"}],"curies":[{"name":"wp","href":"https:\/\/api.w.org\/{rel}","templated":true}]}}