{"id":56638,"date":"2026-05-06T15:10:08","date_gmt":"2026-05-06T13:10:08","guid":{"rendered":"https:\/\/www.koonings.com\/product\/ramona-koonings-couture-kn2324-1-sevilla\/"},"modified":"2026-02-16T14:42:33","modified_gmt":"2026-02-16T13:42:33","slug":"ramona-koonings-couture-kn2324-1-sevilla","status":"publish","type":"product","link":"https:\/\/www.koonings.com\/fr\/product\/ramona-koonings-couture-kn2324-1-sevilla\/","title":{"rendered":"Ramona Koonings Couture KN2324-1 S\u00e9ville"},"content":{"rendered":"<p>Une dentelle florale richement d\u00e9cor\u00e9e a \u00e9t\u00e9 utilis\u00e9e pour cette robe de mari\u00e9e exclusive. Le d\u00e9collet\u00e9 en V est orn\u00e9 d&#8217;une bordure florale. La robe est associ\u00e9e \u00e0 des manches longues, \u00e0 une jupe \u00e0 volants et \u00e0 une tra\u00eene. Le n\u0153ud \u00e0 la taille et la fente haute sur le devant de la jupe sont de jolies touches.   <\/p>\n","protected":false},"featured_media":34885,"template":"","meta":{"_acf_changed":false,"ghostkit_customizer_options":"","ghostkit_custom_css":"","ghostkit_custom_js_head":"","ghostkit_custom_js_foot":"","ghostkit_typography":""},"productdetails":[379,376,378],"productneck":[356],"productcolor":[393,392],"maat":[375],"productsupplier":[419],"productsleeve":[362],"productcategory":[18],"productsilhouette":[384],"productstyle":[367],"class_list":["post-56638","product","type-product","status-publish","has-post-thumbnail","hentry","productdetails-379","productdetails-376","productdetails-378","productneck-356","productcolor-393","productcolor-392","maat-375","productsupplier-ramona-koonings-couture","productsleeve-362","productcategory-trouwjurken","productsilhouette-384","productstyle-367"],"acf":[],"yoast_head":"<!-- This site is optimized with the Yoast SEO plugin v27.3 - https:\/\/yoast.com\/product\/yoast-seo-wordpress\/ -->\n<title>Ramona Koonings Couture KN2324-1 S\u00e9ville | Koonings<\/title>\n<meta name=\"description\" content=\"Une dentelle florale richement d\u00e9cor\u00e9e a \u00e9t\u00e9 utilis\u00e9e pour cette robe de mari\u00e9e exclusive. Le d\u00e9collet\u00e9 en V est orn\u00e9 d&#039;une bordure florale. La robe est associ\u00e9e \u00e0 des manches longues, \u00e0 une jupe \u00e0 volants et \u00e0 une tra\u00eene. Le n\u0153ud \u00e0 la taille et la fente haute sur le devant de la jupe sont de jolies touches.\" \/>\n<meta name=\"robots\" content=\"index, follow, max-snippet:-1, max-image-preview:large, max-video-preview:-1\" \/>\n<link rel=\"canonical\" href=\"https:\/\/www.koonings.com\/fr\/product\/ramona-koonings-couture-kn2324-1-sevilla\/\" \/>\n<meta property=\"og:locale\" content=\"fr_FR\" \/>\n<meta property=\"og:type\" content=\"article\" \/>\n<meta property=\"og:title\" content=\"Ramona Koonings Couture KN2324-1 S\u00e9ville | Koonings\" \/>\n<meta property=\"og:description\" content=\"Une dentelle florale richement d\u00e9cor\u00e9e a \u00e9t\u00e9 utilis\u00e9e pour cette robe de mari\u00e9e exclusive. Le d\u00e9collet\u00e9 en V est orn\u00e9 d&#039;une bordure florale. La robe est associ\u00e9e \u00e0 des manches longues, \u00e0 une jupe \u00e0 volants et \u00e0 une tra\u00eene. Le n\u0153ud \u00e0 la taille et la fente haute sur le devant de la jupe sont de jolies touches.\" \/>\n<meta property=\"og:url\" content=\"https:\/\/www.koonings.com\/fr\/product\/ramona-koonings-couture-kn2324-1-sevilla\/\" \/>\n<meta property=\"og:site_name\" content=\"Koonings\" \/>\n<meta property=\"article:publisher\" content=\"https:\/\/www.facebook.com\/kooningstheweddingpalace\" \/>\n<meta property=\"og:image\" content=\"https:\/\/www.koonings.com\/wp-content\/uploads\/2024\/11\/38014_359578c98f8cc0f9730dac50737cfb262e9edcc2d70113bf6b9722d2c0d79446f36d98f1-scaled.jpeg\" \/>\n\t<meta property=\"og:image:width\" content=\"1812\" \/>\n\t<meta property=\"og:image:height\" content=\"2560\" \/>\n\t<meta property=\"og:image:type\" content=\"image\/jpeg\" \/>\n<meta name=\"twitter:card\" content=\"summary_large_image\" \/>\n<script type=\"application\/ld+json\" class=\"yoast-schema-graph\">{\"@context\":\"https:\\\/\\\/schema.org\",\"@graph\":[{\"@type\":\"WebPage\",\"@id\":\"https:\\\/\\\/www.koonings.com\\\/fr\\\/product\\\/ramona-koonings-couture-kn2324-1-sevilla\\\/\",\"url\":\"https:\\\/\\\/www.koonings.com\\\/fr\\\/product\\\/ramona-koonings-couture-kn2324-1-sevilla\\\/\",\"name\":\"Ramona Koonings Couture KN2324-1 S\u00e9ville | Koonings\",\"isPartOf\":{\"@id\":\"https:\\\/\\\/www.koonings.com\\\/fr\\\/#website\"},\"primaryImageOfPage\":{\"@id\":\"https:\\\/\\\/www.koonings.com\\\/fr\\\/product\\\/ramona-koonings-couture-kn2324-1-sevilla\\\/#primaryimage\"},\"image\":{\"@id\":\"https:\\\/\\\/www.koonings.com\\\/fr\\\/product\\\/ramona-koonings-couture-kn2324-1-sevilla\\\/#primaryimage\"},\"thumbnailUrl\":\"https:\\\/\\\/www.koonings.com\\\/wp-content\\\/uploads\\\/2024\\\/11\\\/38014_359578c98f8cc0f9730dac50737cfb262e9edcc2d70113bf6b9722d2c0d79446f36d98f1-scaled.jpeg\",\"datePublished\":\"2026-05-06T13:10:08+00:00\",\"description\":\"Une dentelle florale richement d\u00e9cor\u00e9e a \u00e9t\u00e9 utilis\u00e9e pour cette robe de mari\u00e9e exclusive. Le d\u00e9collet\u00e9 en V est orn\u00e9 d'une bordure florale. La robe est associ\u00e9e \u00e0 des manches longues, \u00e0 une jupe \u00e0 volants et \u00e0 une tra\u00eene. Le n\u0153ud \u00e0 la taille et la fente haute sur le devant de la jupe sont de jolies touches.\",\"breadcrumb\":{\"@id\":\"https:\\\/\\\/www.koonings.com\\\/fr\\\/product\\\/ramona-koonings-couture-kn2324-1-sevilla\\\/#breadcrumb\"},\"inLanguage\":\"fr-FR\",\"potentialAction\":[{\"@type\":\"ReadAction\",\"target\":[\"https:\\\/\\\/www.koonings.com\\\/fr\\\/product\\\/ramona-koonings-couture-kn2324-1-sevilla\\\/\"]}]},{\"@type\":\"ImageObject\",\"inLanguage\":\"fr-FR\",\"@id\":\"https:\\\/\\\/www.koonings.com\\\/fr\\\/product\\\/ramona-koonings-couture-kn2324-1-sevilla\\\/#primaryimage\",\"url\":\"https:\\\/\\\/www.koonings.com\\\/wp-content\\\/uploads\\\/2024\\\/11\\\/38014_359578c98f8cc0f9730dac50737cfb262e9edcc2d70113bf6b9722d2c0d79446f36d98f1-scaled.jpeg\",\"contentUrl\":\"https:\\\/\\\/www.koonings.com\\\/wp-content\\\/uploads\\\/2024\\\/11\\\/38014_359578c98f8cc0f9730dac50737cfb262e9edcc2d70113bf6b9722d2c0d79446f36d98f1-scaled.jpeg\",\"width\":1812,\"height\":2560},{\"@type\":\"BreadcrumbList\",\"@id\":\"https:\\\/\\\/www.koonings.com\\\/fr\\\/product\\\/ramona-koonings-couture-kn2324-1-sevilla\\\/#breadcrumb\",\"itemListElement\":[{\"@type\":\"ListItem\",\"position\":1,\"name\":\"Home\",\"item\":\"https:\\\/\\\/www.koonings.com\\\/fr\\\/\"},{\"@type\":\"ListItem\",\"position\":2,\"name\":\"Ramona Koonings Couture KN2324-1 S\u00e9ville\"}]},{\"@type\":\"WebSite\",\"@id\":\"https:\\\/\\\/www.koonings.com\\\/fr\\\/#website\",\"url\":\"https:\\\/\\\/www.koonings.com\\\/fr\\\/\",\"name\":\"Koonings\",\"description\":\"De grootste bruidsmodewinkel ter wereld\",\"publisher\":{\"@id\":\"https:\\\/\\\/www.koonings.com\\\/fr\\\/#organization\"},\"potentialAction\":[{\"@type\":\"SearchAction\",\"target\":{\"@type\":\"EntryPoint\",\"urlTemplate\":\"https:\\\/\\\/www.koonings.com\\\/fr\\\/?s={search_term_string}\"},\"query-input\":{\"@type\":\"PropertyValueSpecification\",\"valueRequired\":true,\"valueName\":\"search_term_string\"}}],\"inLanguage\":\"fr-FR\"},{\"@type\":\"Organization\",\"@id\":\"https:\\\/\\\/www.koonings.com\\\/fr\\\/#organization\",\"name\":\"Koonings\",\"url\":\"https:\\\/\\\/www.koonings.com\\\/fr\\\/\",\"logo\":{\"@type\":\"ImageObject\",\"inLanguage\":\"fr-FR\",\"@id\":\"https:\\\/\\\/www.koonings.com\\\/fr\\\/#\\\/schema\\\/logo\\\/image\\\/\",\"url\":\"https:\\\/\\\/www.koonings.com\\\/wp-content\\\/uploads\\\/2024\\\/07\\\/logo.png\",\"contentUrl\":\"https:\\\/\\\/www.koonings.com\\\/wp-content\\\/uploads\\\/2024\\\/07\\\/logo.png\",\"width\":600,\"height\":428,\"caption\":\"Koonings\"},\"image\":{\"@id\":\"https:\\\/\\\/www.koonings.com\\\/fr\\\/#\\\/schema\\\/logo\\\/image\\\/\"},\"sameAs\":[\"https:\\\/\\\/www.facebook.com\\\/kooningstheweddingpalace\",\"https:\\\/\\\/www.instagram.com\\\/kooningstheweddingpalace\",\"https:\\\/\\\/www.pinterest.com\\\/koonings\",\"https:\\\/\\\/www.youtube.com\\\/kooningstheweddingpalace\"]}]}<\/script>\n<!-- \/ Yoast SEO plugin. -->","yoast_head_json":{"title":"Ramona Koonings Couture KN2324-1 S\u00e9ville | Koonings","description":"Une dentelle florale richement d\u00e9cor\u00e9e a \u00e9t\u00e9 utilis\u00e9e pour cette robe de mari\u00e9e exclusive. Le d\u00e9collet\u00e9 en V est orn\u00e9 d'une bordure florale. La robe est associ\u00e9e \u00e0 des manches longues, \u00e0 une jupe \u00e0 volants et \u00e0 une tra\u00eene. Le n\u0153ud \u00e0 la taille et la fente haute sur le devant de la jupe sont de jolies touches.","robots":{"index":"index","follow":"follow","max-snippet":"max-snippet:-1","max-image-preview":"max-image-preview:large","max-video-preview":"max-video-preview:-1"},"canonical":"https:\/\/www.koonings.com\/fr\/product\/ramona-koonings-couture-kn2324-1-sevilla\/","og_locale":"fr_FR","og_type":"article","og_title":"Ramona Koonings Couture KN2324-1 S\u00e9ville | Koonings","og_description":"Une dentelle florale richement d\u00e9cor\u00e9e a \u00e9t\u00e9 utilis\u00e9e pour cette robe de mari\u00e9e exclusive. Le d\u00e9collet\u00e9 en V est orn\u00e9 d'une bordure florale. La robe est associ\u00e9e \u00e0 des manches longues, \u00e0 une jupe \u00e0 volants et \u00e0 une tra\u00eene. Le n\u0153ud \u00e0 la taille et la fente haute sur le devant de la jupe sont de jolies touches.","og_url":"https:\/\/www.koonings.com\/fr\/product\/ramona-koonings-couture-kn2324-1-sevilla\/","og_site_name":"Koonings","article_publisher":"https:\/\/www.facebook.com\/kooningstheweddingpalace","og_image":[{"width":1812,"height":2560,"url":"https:\/\/www.koonings.com\/wp-content\/uploads\/2024\/11\/38014_359578c98f8cc0f9730dac50737cfb262e9edcc2d70113bf6b9722d2c0d79446f36d98f1-scaled.jpeg","type":"image\/jpeg"}],"twitter_card":"summary_large_image","schema":{"@context":"https:\/\/schema.org","@graph":[{"@type":"WebPage","@id":"https:\/\/www.koonings.com\/fr\/product\/ramona-koonings-couture-kn2324-1-sevilla\/","url":"https:\/\/www.koonings.com\/fr\/product\/ramona-koonings-couture-kn2324-1-sevilla\/","name":"Ramona Koonings Couture KN2324-1 S\u00e9ville | Koonings","isPartOf":{"@id":"https:\/\/www.koonings.com\/fr\/#website"},"primaryImageOfPage":{"@id":"https:\/\/www.koonings.com\/fr\/product\/ramona-koonings-couture-kn2324-1-sevilla\/#primaryimage"},"image":{"@id":"https:\/\/www.koonings.com\/fr\/product\/ramona-koonings-couture-kn2324-1-sevilla\/#primaryimage"},"thumbnailUrl":"https:\/\/www.koonings.com\/wp-content\/uploads\/2024\/11\/38014_359578c98f8cc0f9730dac50737cfb262e9edcc2d70113bf6b9722d2c0d79446f36d98f1-scaled.jpeg","datePublished":"2026-05-06T13:10:08+00:00","description":"Une dentelle florale richement d\u00e9cor\u00e9e a \u00e9t\u00e9 utilis\u00e9e pour cette robe de mari\u00e9e exclusive. Le d\u00e9collet\u00e9 en V est orn\u00e9 d'une bordure florale. La robe est associ\u00e9e \u00e0 des manches longues, \u00e0 une jupe \u00e0 volants et \u00e0 une tra\u00eene. Le n\u0153ud \u00e0 la taille et la fente haute sur le devant de la jupe sont de jolies touches.","breadcrumb":{"@id":"https:\/\/www.koonings.com\/fr\/product\/ramona-koonings-couture-kn2324-1-sevilla\/#breadcrumb"},"inLanguage":"fr-FR","potentialAction":[{"@type":"ReadAction","target":["https:\/\/www.koonings.com\/fr\/product\/ramona-koonings-couture-kn2324-1-sevilla\/"]}]},{"@type":"ImageObject","inLanguage":"fr-FR","@id":"https:\/\/www.koonings.com\/fr\/product\/ramona-koonings-couture-kn2324-1-sevilla\/#primaryimage","url":"https:\/\/www.koonings.com\/wp-content\/uploads\/2024\/11\/38014_359578c98f8cc0f9730dac50737cfb262e9edcc2d70113bf6b9722d2c0d79446f36d98f1-scaled.jpeg","contentUrl":"https:\/\/www.koonings.com\/wp-content\/uploads\/2024\/11\/38014_359578c98f8cc0f9730dac50737cfb262e9edcc2d70113bf6b9722d2c0d79446f36d98f1-scaled.jpeg","width":1812,"height":2560},{"@type":"BreadcrumbList","@id":"https:\/\/www.koonings.com\/fr\/product\/ramona-koonings-couture-kn2324-1-sevilla\/#breadcrumb","itemListElement":[{"@type":"ListItem","position":1,"name":"Home","item":"https:\/\/www.koonings.com\/fr\/"},{"@type":"ListItem","position":2,"name":"Ramona Koonings Couture KN2324-1 S\u00e9ville"}]},{"@type":"WebSite","@id":"https:\/\/www.koonings.com\/fr\/#website","url":"https:\/\/www.koonings.com\/fr\/","name":"Koonings","description":"De grootste bruidsmodewinkel ter wereld","publisher":{"@id":"https:\/\/www.koonings.com\/fr\/#organization"},"potentialAction":[{"@type":"SearchAction","target":{"@type":"EntryPoint","urlTemplate":"https:\/\/www.koonings.com\/fr\/?s={search_term_string}"},"query-input":{"@type":"PropertyValueSpecification","valueRequired":true,"valueName":"search_term_string"}}],"inLanguage":"fr-FR"},{"@type":"Organization","@id":"https:\/\/www.koonings.com\/fr\/#organization","name":"Koonings","url":"https:\/\/www.koonings.com\/fr\/","logo":{"@type":"ImageObject","inLanguage":"fr-FR","@id":"https:\/\/www.koonings.com\/fr\/#\/schema\/logo\/image\/","url":"https:\/\/www.koonings.com\/wp-content\/uploads\/2024\/07\/logo.png","contentUrl":"https:\/\/www.koonings.com\/wp-content\/uploads\/2024\/07\/logo.png","width":600,"height":428,"caption":"Koonings"},"image":{"@id":"https:\/\/www.koonings.com\/fr\/#\/schema\/logo\/image\/"},"sameAs":["https:\/\/www.facebook.com\/kooningstheweddingpalace","https:\/\/www.instagram.com\/kooningstheweddingpalace","https:\/\/www.pinterest.com\/koonings","https:\/\/www.youtube.com\/kooningstheweddingpalace"]}]}},"_links":{"self":[{"href":"https:\/\/www.koonings.com\/fr\/wp-json\/wp\/v2\/product\/56638","targetHints":{"allow":["GET"]}}],"collection":[{"href":"https:\/\/www.koonings.com\/fr\/wp-json\/wp\/v2\/product"}],"about":[{"href":"https:\/\/www.koonings.com\/fr\/wp-json\/wp\/v2\/types\/product"}],"wp:featuredmedia":[{"embeddable":true,"href":"https:\/\/www.koonings.com\/fr\/wp-json\/wp\/v2\/media\/34885"}],"wp:attachment":[{"href":"https:\/\/www.koonings.com\/fr\/wp-json\/wp\/v2\/media?parent=56638"}],"wp:term":[{"taxonomy":"productdetails","embeddable":true,"href":"https:\/\/www.koonings.com\/fr\/wp-json\/wp\/v2\/productdetails?post=56638"},{"taxonomy":"productneck","embeddable":true,"href":"https:\/\/www.koonings.com\/fr\/wp-json\/wp\/v2\/productneck?post=56638"},{"taxonomy":"productcolor","embeddable":true,"href":"https:\/\/www.koonings.com\/fr\/wp-json\/wp\/v2\/productcolor?post=56638"},{"taxonomy":"maat","embeddable":true,"href":"https:\/\/www.koonings.com\/fr\/wp-json\/wp\/v2\/maat?post=56638"},{"taxonomy":"productsupplier","embeddable":true,"href":"https:\/\/www.koonings.com\/fr\/wp-json\/wp\/v2\/productsupplier?post=56638"},{"taxonomy":"productsleeve","embeddable":true,"href":"https:\/\/www.koonings.com\/fr\/wp-json\/wp\/v2\/productsleeve?post=56638"},{"taxonomy":"productcategory","embeddable":true,"href":"https:\/\/www.koonings.com\/fr\/wp-json\/wp\/v2\/productcategory?post=56638"},{"taxonomy":"productsilhouette","embeddable":true,"href":"https:\/\/www.koonings.com\/fr\/wp-json\/wp\/v2\/productsilhouette?post=56638"},{"taxonomy":"productstyle","embeddable":true,"href":"https:\/\/www.koonings.com\/fr\/wp-json\/wp\/v2\/productstyle?post=56638"}],"curies":[{"name":"wp","href":"https:\/\/api.w.org\/{rel}","templated":true}]}}