{"id":56623,"date":"2025-12-15T00:14:02","date_gmt":"2025-12-14T23:14:02","guid":{"rendered":"https:\/\/www.koonings.com\/product\/ramona-koonings-couture-kn2339-helsinki\/"},"modified":"2026-02-03T18:07:31","modified_gmt":"2026-02-03T17:07:31","slug":"ramona-koonings-couture-kn2339-helsinki","status":"publish","type":"product","link":"https:\/\/www.koonings.com\/fr\/product\/ramona-koonings-couture-kn2339-helsinki\/","title":{"rendered":"Ramona Koonings Couture KN2339 Helsinki"},"content":{"rendered":"<p>Dans cette robe de mari\u00e9e A-line, vous serez le centre d&#8217;attention rayonnant. Le corsage est orn\u00e9 d&#8217;appliques en dentelle magnifiquement travaill\u00e9es. Cette image est rehauss\u00e9e par le d\u00e9collet\u00e9 en V, l&#8217;\u00e9paule d\u00e9collet\u00e9e et les manches longues. La jupe large, orn\u00e9e d&#8217;applications florales d\u00e9coratives, est tout \u00e0 fait conforme \u00e0 ce style.   <\/p>\n","protected":false},"featured_media":35021,"template":"","meta":{"_acf_changed":false,"ghostkit_customizer_options":"","ghostkit_custom_css":"","ghostkit_custom_js_head":"","ghostkit_custom_js_foot":"","ghostkit_typography":""},"productdetails":[],"productneck":[356],"productcolor":[393,392],"maat":[],"productsupplier":[419],"productsleeve":[362],"productcategory":[18],"productsilhouette":[384],"productstyle":[367],"class_list":["post-56623","product","type-product","status-publish","has-post-thumbnail","hentry","productneck-356","productcolor-393","productcolor-392","productsupplier-ramona-koonings-couture","productsleeve-362","productcategory-trouwjurken","productsilhouette-384","productstyle-367"],"acf":[],"yoast_head":"<!-- This site is optimized with the Yoast SEO plugin v27.3 - https:\/\/yoast.com\/product\/yoast-seo-wordpress\/ -->\n<title>Ramona Koonings Couture KN2339 Helsinki | Koonings<\/title>\n<meta name=\"description\" content=\"Dans cette robe de mari\u00e9e A-line, vous serez le centre d&#039;attention rayonnant. Le corsage est orn\u00e9 d&#039;appliques en dentelle magnifiquement travaill\u00e9es. Cette image est rehauss\u00e9e par le d\u00e9collet\u00e9 en V, l&#039;\u00e9paule d\u00e9collet\u00e9e et les manches longues. La jupe large, orn\u00e9e d&#039;applications florales d\u00e9coratives, est tout \u00e0 fait conforme \u00e0 ce style.\" \/>\n<meta name=\"robots\" content=\"index, follow, max-snippet:-1, max-image-preview:large, max-video-preview:-1\" \/>\n<link rel=\"canonical\" href=\"https:\/\/www.koonings.com\/fr\/product\/ramona-koonings-couture-kn2339-helsinki\/\" \/>\n<meta property=\"og:locale\" content=\"fr_FR\" \/>\n<meta property=\"og:type\" content=\"article\" \/>\n<meta property=\"og:title\" content=\"Ramona Koonings Couture KN2339 Helsinki | Koonings\" \/>\n<meta property=\"og:description\" content=\"Dans cette robe de mari\u00e9e A-line, vous serez le centre d&#039;attention rayonnant. Le corsage est orn\u00e9 d&#039;appliques en dentelle magnifiquement travaill\u00e9es. Cette image est rehauss\u00e9e par le d\u00e9collet\u00e9 en V, l&#039;\u00e9paule d\u00e9collet\u00e9e et les manches longues. La jupe large, orn\u00e9e d&#039;applications florales d\u00e9coratives, est tout \u00e0 fait conforme \u00e0 ce style.\" \/>\n<meta property=\"og:url\" content=\"https:\/\/www.koonings.com\/fr\/product\/ramona-koonings-couture-kn2339-helsinki\/\" \/>\n<meta property=\"og:site_name\" content=\"Koonings\" \/>\n<meta property=\"article:publisher\" content=\"https:\/\/www.facebook.com\/kooningstheweddingpalace\" \/>\n<meta property=\"article:modified_time\" content=\"2026-02-03T17:07:31+00:00\" \/>\n<meta property=\"og:image\" content=\"https:\/\/www.koonings.com\/wp-content\/uploads\/2024\/11\/38026_c58d6e05f4e5f1bab44fb62ab3fcfed825a1c9a6aac99c78e1ba77997973e6aa88c2978f.jpeg\" \/>\n\t<meta property=\"og:image:width\" content=\"1679\" \/>\n\t<meta property=\"og:image:height\" content=\"2374\" \/>\n\t<meta property=\"og:image:type\" content=\"image\/jpeg\" \/>\n<meta name=\"twitter:card\" content=\"summary_large_image\" \/>\n<script type=\"application\/ld+json\" class=\"yoast-schema-graph\">{\"@context\":\"https:\\\/\\\/schema.org\",\"@graph\":[{\"@type\":\"WebPage\",\"@id\":\"https:\\\/\\\/www.koonings.com\\\/fr\\\/product\\\/ramona-koonings-couture-kn2339-helsinki\\\/\",\"url\":\"https:\\\/\\\/www.koonings.com\\\/fr\\\/product\\\/ramona-koonings-couture-kn2339-helsinki\\\/\",\"name\":\"Ramona Koonings Couture KN2339 Helsinki | Koonings\",\"isPartOf\":{\"@id\":\"https:\\\/\\\/www.koonings.com\\\/fr\\\/#website\"},\"primaryImageOfPage\":{\"@id\":\"https:\\\/\\\/www.koonings.com\\\/fr\\\/product\\\/ramona-koonings-couture-kn2339-helsinki\\\/#primaryimage\"},\"image\":{\"@id\":\"https:\\\/\\\/www.koonings.com\\\/fr\\\/product\\\/ramona-koonings-couture-kn2339-helsinki\\\/#primaryimage\"},\"thumbnailUrl\":\"https:\\\/\\\/www.koonings.com\\\/wp-content\\\/uploads\\\/2024\\\/11\\\/38026_c58d6e05f4e5f1bab44fb62ab3fcfed825a1c9a6aac99c78e1ba77997973e6aa88c2978f.jpeg\",\"datePublished\":\"2025-12-14T23:14:02+00:00\",\"dateModified\":\"2026-02-03T17:07:31+00:00\",\"description\":\"Dans cette robe de mari\u00e9e A-line, vous serez le centre d'attention rayonnant. Le corsage est orn\u00e9 d'appliques en dentelle magnifiquement travaill\u00e9es. Cette image est rehauss\u00e9e par le d\u00e9collet\u00e9 en V, l'\u00e9paule d\u00e9collet\u00e9e et les manches longues. La jupe large, orn\u00e9e d'applications florales d\u00e9coratives, est tout \u00e0 fait conforme \u00e0 ce style.\",\"breadcrumb\":{\"@id\":\"https:\\\/\\\/www.koonings.com\\\/fr\\\/product\\\/ramona-koonings-couture-kn2339-helsinki\\\/#breadcrumb\"},\"inLanguage\":\"fr-FR\",\"potentialAction\":[{\"@type\":\"ReadAction\",\"target\":[\"https:\\\/\\\/www.koonings.com\\\/fr\\\/product\\\/ramona-koonings-couture-kn2339-helsinki\\\/\"]}]},{\"@type\":\"ImageObject\",\"inLanguage\":\"fr-FR\",\"@id\":\"https:\\\/\\\/www.koonings.com\\\/fr\\\/product\\\/ramona-koonings-couture-kn2339-helsinki\\\/#primaryimage\",\"url\":\"https:\\\/\\\/www.koonings.com\\\/wp-content\\\/uploads\\\/2024\\\/11\\\/38026_c58d6e05f4e5f1bab44fb62ab3fcfed825a1c9a6aac99c78e1ba77997973e6aa88c2978f.jpeg\",\"contentUrl\":\"https:\\\/\\\/www.koonings.com\\\/wp-content\\\/uploads\\\/2024\\\/11\\\/38026_c58d6e05f4e5f1bab44fb62ab3fcfed825a1c9a6aac99c78e1ba77997973e6aa88c2978f.jpeg\",\"width\":1679,\"height\":2374},{\"@type\":\"BreadcrumbList\",\"@id\":\"https:\\\/\\\/www.koonings.com\\\/fr\\\/product\\\/ramona-koonings-couture-kn2339-helsinki\\\/#breadcrumb\",\"itemListElement\":[{\"@type\":\"ListItem\",\"position\":1,\"name\":\"Home\",\"item\":\"https:\\\/\\\/www.koonings.com\\\/fr\\\/\"},{\"@type\":\"ListItem\",\"position\":2,\"name\":\"Ramona Koonings Couture KN2339 Helsinki\"}]},{\"@type\":\"WebSite\",\"@id\":\"https:\\\/\\\/www.koonings.com\\\/fr\\\/#website\",\"url\":\"https:\\\/\\\/www.koonings.com\\\/fr\\\/\",\"name\":\"Koonings\",\"description\":\"De grootste bruidsmodewinkel ter wereld\",\"publisher\":{\"@id\":\"https:\\\/\\\/www.koonings.com\\\/fr\\\/#organization\"},\"potentialAction\":[{\"@type\":\"SearchAction\",\"target\":{\"@type\":\"EntryPoint\",\"urlTemplate\":\"https:\\\/\\\/www.koonings.com\\\/fr\\\/?s={search_term_string}\"},\"query-input\":{\"@type\":\"PropertyValueSpecification\",\"valueRequired\":true,\"valueName\":\"search_term_string\"}}],\"inLanguage\":\"fr-FR\"},{\"@type\":\"Organization\",\"@id\":\"https:\\\/\\\/www.koonings.com\\\/fr\\\/#organization\",\"name\":\"Koonings\",\"url\":\"https:\\\/\\\/www.koonings.com\\\/fr\\\/\",\"logo\":{\"@type\":\"ImageObject\",\"inLanguage\":\"fr-FR\",\"@id\":\"https:\\\/\\\/www.koonings.com\\\/fr\\\/#\\\/schema\\\/logo\\\/image\\\/\",\"url\":\"https:\\\/\\\/www.koonings.com\\\/wp-content\\\/uploads\\\/2024\\\/07\\\/logo.png\",\"contentUrl\":\"https:\\\/\\\/www.koonings.com\\\/wp-content\\\/uploads\\\/2024\\\/07\\\/logo.png\",\"width\":600,\"height\":428,\"caption\":\"Koonings\"},\"image\":{\"@id\":\"https:\\\/\\\/www.koonings.com\\\/fr\\\/#\\\/schema\\\/logo\\\/image\\\/\"},\"sameAs\":[\"https:\\\/\\\/www.facebook.com\\\/kooningstheweddingpalace\",\"https:\\\/\\\/www.instagram.com\\\/kooningstheweddingpalace\",\"https:\\\/\\\/www.pinterest.com\\\/koonings\",\"https:\\\/\\\/www.youtube.com\\\/kooningstheweddingpalace\"]}]}<\/script>\n<!-- \/ Yoast SEO plugin. -->","yoast_head_json":{"title":"Ramona Koonings Couture KN2339 Helsinki | Koonings","description":"Dans cette robe de mari\u00e9e A-line, vous serez le centre d'attention rayonnant. Le corsage est orn\u00e9 d'appliques en dentelle magnifiquement travaill\u00e9es. Cette image est rehauss\u00e9e par le d\u00e9collet\u00e9 en V, l'\u00e9paule d\u00e9collet\u00e9e et les manches longues. La jupe large, orn\u00e9e d'applications florales d\u00e9coratives, est tout \u00e0 fait conforme \u00e0 ce style.","robots":{"index":"index","follow":"follow","max-snippet":"max-snippet:-1","max-image-preview":"max-image-preview:large","max-video-preview":"max-video-preview:-1"},"canonical":"https:\/\/www.koonings.com\/fr\/product\/ramona-koonings-couture-kn2339-helsinki\/","og_locale":"fr_FR","og_type":"article","og_title":"Ramona Koonings Couture KN2339 Helsinki | Koonings","og_description":"Dans cette robe de mari\u00e9e A-line, vous serez le centre d'attention rayonnant. Le corsage est orn\u00e9 d'appliques en dentelle magnifiquement travaill\u00e9es. Cette image est rehauss\u00e9e par le d\u00e9collet\u00e9 en V, l'\u00e9paule d\u00e9collet\u00e9e et les manches longues. La jupe large, orn\u00e9e d'applications florales d\u00e9coratives, est tout \u00e0 fait conforme \u00e0 ce style.","og_url":"https:\/\/www.koonings.com\/fr\/product\/ramona-koonings-couture-kn2339-helsinki\/","og_site_name":"Koonings","article_publisher":"https:\/\/www.facebook.com\/kooningstheweddingpalace","article_modified_time":"2026-02-03T17:07:31+00:00","og_image":[{"width":1679,"height":2374,"url":"https:\/\/www.koonings.com\/wp-content\/uploads\/2024\/11\/38026_c58d6e05f4e5f1bab44fb62ab3fcfed825a1c9a6aac99c78e1ba77997973e6aa88c2978f.jpeg","type":"image\/jpeg"}],"twitter_card":"summary_large_image","schema":{"@context":"https:\/\/schema.org","@graph":[{"@type":"WebPage","@id":"https:\/\/www.koonings.com\/fr\/product\/ramona-koonings-couture-kn2339-helsinki\/","url":"https:\/\/www.koonings.com\/fr\/product\/ramona-koonings-couture-kn2339-helsinki\/","name":"Ramona Koonings Couture KN2339 Helsinki | Koonings","isPartOf":{"@id":"https:\/\/www.koonings.com\/fr\/#website"},"primaryImageOfPage":{"@id":"https:\/\/www.koonings.com\/fr\/product\/ramona-koonings-couture-kn2339-helsinki\/#primaryimage"},"image":{"@id":"https:\/\/www.koonings.com\/fr\/product\/ramona-koonings-couture-kn2339-helsinki\/#primaryimage"},"thumbnailUrl":"https:\/\/www.koonings.com\/wp-content\/uploads\/2024\/11\/38026_c58d6e05f4e5f1bab44fb62ab3fcfed825a1c9a6aac99c78e1ba77997973e6aa88c2978f.jpeg","datePublished":"2025-12-14T23:14:02+00:00","dateModified":"2026-02-03T17:07:31+00:00","description":"Dans cette robe de mari\u00e9e A-line, vous serez le centre d'attention rayonnant. Le corsage est orn\u00e9 d'appliques en dentelle magnifiquement travaill\u00e9es. Cette image est rehauss\u00e9e par le d\u00e9collet\u00e9 en V, l'\u00e9paule d\u00e9collet\u00e9e et les manches longues. La jupe large, orn\u00e9e d'applications florales d\u00e9coratives, est tout \u00e0 fait conforme \u00e0 ce style.","breadcrumb":{"@id":"https:\/\/www.koonings.com\/fr\/product\/ramona-koonings-couture-kn2339-helsinki\/#breadcrumb"},"inLanguage":"fr-FR","potentialAction":[{"@type":"ReadAction","target":["https:\/\/www.koonings.com\/fr\/product\/ramona-koonings-couture-kn2339-helsinki\/"]}]},{"@type":"ImageObject","inLanguage":"fr-FR","@id":"https:\/\/www.koonings.com\/fr\/product\/ramona-koonings-couture-kn2339-helsinki\/#primaryimage","url":"https:\/\/www.koonings.com\/wp-content\/uploads\/2024\/11\/38026_c58d6e05f4e5f1bab44fb62ab3fcfed825a1c9a6aac99c78e1ba77997973e6aa88c2978f.jpeg","contentUrl":"https:\/\/www.koonings.com\/wp-content\/uploads\/2024\/11\/38026_c58d6e05f4e5f1bab44fb62ab3fcfed825a1c9a6aac99c78e1ba77997973e6aa88c2978f.jpeg","width":1679,"height":2374},{"@type":"BreadcrumbList","@id":"https:\/\/www.koonings.com\/fr\/product\/ramona-koonings-couture-kn2339-helsinki\/#breadcrumb","itemListElement":[{"@type":"ListItem","position":1,"name":"Home","item":"https:\/\/www.koonings.com\/fr\/"},{"@type":"ListItem","position":2,"name":"Ramona Koonings Couture KN2339 Helsinki"}]},{"@type":"WebSite","@id":"https:\/\/www.koonings.com\/fr\/#website","url":"https:\/\/www.koonings.com\/fr\/","name":"Koonings","description":"De grootste bruidsmodewinkel ter wereld","publisher":{"@id":"https:\/\/www.koonings.com\/fr\/#organization"},"potentialAction":[{"@type":"SearchAction","target":{"@type":"EntryPoint","urlTemplate":"https:\/\/www.koonings.com\/fr\/?s={search_term_string}"},"query-input":{"@type":"PropertyValueSpecification","valueRequired":true,"valueName":"search_term_string"}}],"inLanguage":"fr-FR"},{"@type":"Organization","@id":"https:\/\/www.koonings.com\/fr\/#organization","name":"Koonings","url":"https:\/\/www.koonings.com\/fr\/","logo":{"@type":"ImageObject","inLanguage":"fr-FR","@id":"https:\/\/www.koonings.com\/fr\/#\/schema\/logo\/image\/","url":"https:\/\/www.koonings.com\/wp-content\/uploads\/2024\/07\/logo.png","contentUrl":"https:\/\/www.koonings.com\/wp-content\/uploads\/2024\/07\/logo.png","width":600,"height":428,"caption":"Koonings"},"image":{"@id":"https:\/\/www.koonings.com\/fr\/#\/schema\/logo\/image\/"},"sameAs":["https:\/\/www.facebook.com\/kooningstheweddingpalace","https:\/\/www.instagram.com\/kooningstheweddingpalace","https:\/\/www.pinterest.com\/koonings","https:\/\/www.youtube.com\/kooningstheweddingpalace"]}]}},"_links":{"self":[{"href":"https:\/\/www.koonings.com\/fr\/wp-json\/wp\/v2\/product\/56623","targetHints":{"allow":["GET"]}}],"collection":[{"href":"https:\/\/www.koonings.com\/fr\/wp-json\/wp\/v2\/product"}],"about":[{"href":"https:\/\/www.koonings.com\/fr\/wp-json\/wp\/v2\/types\/product"}],"wp:featuredmedia":[{"embeddable":true,"href":"https:\/\/www.koonings.com\/fr\/wp-json\/wp\/v2\/media\/35021"}],"wp:attachment":[{"href":"https:\/\/www.koonings.com\/fr\/wp-json\/wp\/v2\/media?parent=56623"}],"wp:term":[{"taxonomy":"productdetails","embeddable":true,"href":"https:\/\/www.koonings.com\/fr\/wp-json\/wp\/v2\/productdetails?post=56623"},{"taxonomy":"productneck","embeddable":true,"href":"https:\/\/www.koonings.com\/fr\/wp-json\/wp\/v2\/productneck?post=56623"},{"taxonomy":"productcolor","embeddable":true,"href":"https:\/\/www.koonings.com\/fr\/wp-json\/wp\/v2\/productcolor?post=56623"},{"taxonomy":"maat","embeddable":true,"href":"https:\/\/www.koonings.com\/fr\/wp-json\/wp\/v2\/maat?post=56623"},{"taxonomy":"productsupplier","embeddable":true,"href":"https:\/\/www.koonings.com\/fr\/wp-json\/wp\/v2\/productsupplier?post=56623"},{"taxonomy":"productsleeve","embeddable":true,"href":"https:\/\/www.koonings.com\/fr\/wp-json\/wp\/v2\/productsleeve?post=56623"},{"taxonomy":"productcategory","embeddable":true,"href":"https:\/\/www.koonings.com\/fr\/wp-json\/wp\/v2\/productcategory?post=56623"},{"taxonomy":"productsilhouette","embeddable":true,"href":"https:\/\/www.koonings.com\/fr\/wp-json\/wp\/v2\/productsilhouette?post=56623"},{"taxonomy":"productstyle","embeddable":true,"href":"https:\/\/www.koonings.com\/fr\/wp-json\/wp\/v2\/productstyle?post=56623"}],"curies":[{"name":"wp","href":"https:\/\/api.w.org\/{rel}","templated":true}]}}