{"id":56612,"date":"2026-05-06T15:10:12","date_gmt":"2026-05-06T13:10:12","guid":{"rendered":"https:\/\/www.koonings.com\/product\/ramona-koonings-couture-kn2311-kopenhagen\/"},"modified":"2026-02-16T14:35:16","modified_gmt":"2026-02-16T13:35:16","slug":"ramona-koonings-couture-kn2311-kopenhagen","status":"publish","type":"product","link":"https:\/\/www.koonings.com\/fr\/product\/ramona-koonings-couture-kn2311-kopenhagen\/","title":{"rendered":"Ramona Koonings Couture KN2311 Copenhague"},"content":{"rendered":"<p>Une robe de mari\u00e9e glamour de type A-line pour laquelle une luxueuse dentelle a \u00e9t\u00e9 utilis\u00e9e. Le d\u00e9collet\u00e9 en c\u0153ur et les bretelles \u00e9troites sont magnifiques sur ce mod\u00e8le. Surtout en combinaison avec la jupe souple et la courte tra\u00eene.  <\/p>\n","protected":false},"featured_media":35055,"template":"","meta":{"_acf_changed":false,"ghostkit_customizer_options":"","ghostkit_custom_css":"","ghostkit_custom_js_head":"","ghostkit_custom_js_foot":"","ghostkit_typography":""},"productdetails":[],"productneck":[355,356],"productcolor":[393,392],"maat":[],"productsupplier":[419],"productsleeve":[359],"productcategory":[18],"productsilhouette":[387,390],"productstyle":[367],"class_list":["post-56612","product","type-product","status-publish","has-post-thumbnail","hentry","productneck-355","productneck-356","productcolor-393","productcolor-392","productsupplier-ramona-koonings-couture","productsleeve-359","productcategory-trouwjurken","productsilhouette-387","productsilhouette-390","productstyle-367"],"acf":[],"yoast_head":"<!-- This site is optimized with the Yoast SEO plugin v27.3 - https:\/\/yoast.com\/product\/yoast-seo-wordpress\/ -->\n<title>Ramona Koonings Couture KN2311 Copenhague | Koonings<\/title>\n<meta name=\"description\" content=\"Une robe de mari\u00e9e glamour de type A-line pour laquelle une luxueuse dentelle a \u00e9t\u00e9 utilis\u00e9e. Le d\u00e9collet\u00e9 en c\u0153ur et les bretelles \u00e9troites sont magnifiques sur ce mod\u00e8le. Surtout en combinaison avec la jupe souple et la courte tra\u00eene.\" \/>\n<meta name=\"robots\" content=\"index, follow, max-snippet:-1, max-image-preview:large, max-video-preview:-1\" \/>\n<link rel=\"canonical\" href=\"https:\/\/www.koonings.com\/fr\/product\/ramona-koonings-couture-kn2311-kopenhagen\/\" \/>\n<meta property=\"og:locale\" content=\"fr_FR\" \/>\n<meta property=\"og:type\" content=\"article\" \/>\n<meta property=\"og:title\" content=\"Ramona Koonings Couture KN2311 Copenhague | Koonings\" \/>\n<meta property=\"og:description\" content=\"Une robe de mari\u00e9e glamour de type A-line pour laquelle une luxueuse dentelle a \u00e9t\u00e9 utilis\u00e9e. Le d\u00e9collet\u00e9 en c\u0153ur et les bretelles \u00e9troites sont magnifiques sur ce mod\u00e8le. Surtout en combinaison avec la jupe souple et la courte tra\u00eene.\" \/>\n<meta property=\"og:url\" content=\"https:\/\/www.koonings.com\/fr\/product\/ramona-koonings-couture-kn2311-kopenhagen\/\" \/>\n<meta property=\"og:site_name\" content=\"Koonings\" \/>\n<meta property=\"article:publisher\" content=\"https:\/\/www.facebook.com\/kooningstheweddingpalace\" \/>\n<meta property=\"og:image\" content=\"https:\/\/www.koonings.com\/wp-content\/uploads\/2024\/11\/38028_9593e1014062f0678eca39cf99264e5f1b75354a5f0d9bc068a6663e6a054d3ac4955b4f.jpeg\" \/>\n\t<meta property=\"og:image:width\" content=\"1775\" \/>\n\t<meta property=\"og:image:height\" content=\"2510\" \/>\n\t<meta property=\"og:image:type\" content=\"image\/jpeg\" \/>\n<meta name=\"twitter:card\" content=\"summary_large_image\" \/>\n<script type=\"application\/ld+json\" class=\"yoast-schema-graph\">{\"@context\":\"https:\\\/\\\/schema.org\",\"@graph\":[{\"@type\":\"WebPage\",\"@id\":\"https:\\\/\\\/www.koonings.com\\\/fr\\\/product\\\/ramona-koonings-couture-kn2311-kopenhagen\\\/\",\"url\":\"https:\\\/\\\/www.koonings.com\\\/fr\\\/product\\\/ramona-koonings-couture-kn2311-kopenhagen\\\/\",\"name\":\"Ramona Koonings Couture KN2311 Copenhague | Koonings\",\"isPartOf\":{\"@id\":\"https:\\\/\\\/www.koonings.com\\\/fr\\\/#website\"},\"primaryImageOfPage\":{\"@id\":\"https:\\\/\\\/www.koonings.com\\\/fr\\\/product\\\/ramona-koonings-couture-kn2311-kopenhagen\\\/#primaryimage\"},\"image\":{\"@id\":\"https:\\\/\\\/www.koonings.com\\\/fr\\\/product\\\/ramona-koonings-couture-kn2311-kopenhagen\\\/#primaryimage\"},\"thumbnailUrl\":\"https:\\\/\\\/www.koonings.com\\\/wp-content\\\/uploads\\\/2024\\\/11\\\/38028_9593e1014062f0678eca39cf99264e5f1b75354a5f0d9bc068a6663e6a054d3ac4955b4f.jpeg\",\"datePublished\":\"2026-05-06T13:10:12+00:00\",\"description\":\"Une robe de mari\u00e9e glamour de type A-line pour laquelle une luxueuse dentelle a \u00e9t\u00e9 utilis\u00e9e. Le d\u00e9collet\u00e9 en c\u0153ur et les bretelles \u00e9troites sont magnifiques sur ce mod\u00e8le. Surtout en combinaison avec la jupe souple et la courte tra\u00eene.\",\"breadcrumb\":{\"@id\":\"https:\\\/\\\/www.koonings.com\\\/fr\\\/product\\\/ramona-koonings-couture-kn2311-kopenhagen\\\/#breadcrumb\"},\"inLanguage\":\"fr-FR\",\"potentialAction\":[{\"@type\":\"ReadAction\",\"target\":[\"https:\\\/\\\/www.koonings.com\\\/fr\\\/product\\\/ramona-koonings-couture-kn2311-kopenhagen\\\/\"]}]},{\"@type\":\"ImageObject\",\"inLanguage\":\"fr-FR\",\"@id\":\"https:\\\/\\\/www.koonings.com\\\/fr\\\/product\\\/ramona-koonings-couture-kn2311-kopenhagen\\\/#primaryimage\",\"url\":\"https:\\\/\\\/www.koonings.com\\\/wp-content\\\/uploads\\\/2024\\\/11\\\/38028_9593e1014062f0678eca39cf99264e5f1b75354a5f0d9bc068a6663e6a054d3ac4955b4f.jpeg\",\"contentUrl\":\"https:\\\/\\\/www.koonings.com\\\/wp-content\\\/uploads\\\/2024\\\/11\\\/38028_9593e1014062f0678eca39cf99264e5f1b75354a5f0d9bc068a6663e6a054d3ac4955b4f.jpeg\",\"width\":1775,\"height\":2510},{\"@type\":\"BreadcrumbList\",\"@id\":\"https:\\\/\\\/www.koonings.com\\\/fr\\\/product\\\/ramona-koonings-couture-kn2311-kopenhagen\\\/#breadcrumb\",\"itemListElement\":[{\"@type\":\"ListItem\",\"position\":1,\"name\":\"Home\",\"item\":\"https:\\\/\\\/www.koonings.com\\\/fr\\\/\"},{\"@type\":\"ListItem\",\"position\":2,\"name\":\"Ramona Koonings Couture KN2311 Copenhague\"}]},{\"@type\":\"WebSite\",\"@id\":\"https:\\\/\\\/www.koonings.com\\\/fr\\\/#website\",\"url\":\"https:\\\/\\\/www.koonings.com\\\/fr\\\/\",\"name\":\"Koonings\",\"description\":\"De grootste bruidsmodewinkel ter wereld\",\"publisher\":{\"@id\":\"https:\\\/\\\/www.koonings.com\\\/fr\\\/#organization\"},\"potentialAction\":[{\"@type\":\"SearchAction\",\"target\":{\"@type\":\"EntryPoint\",\"urlTemplate\":\"https:\\\/\\\/www.koonings.com\\\/fr\\\/?s={search_term_string}\"},\"query-input\":{\"@type\":\"PropertyValueSpecification\",\"valueRequired\":true,\"valueName\":\"search_term_string\"}}],\"inLanguage\":\"fr-FR\"},{\"@type\":\"Organization\",\"@id\":\"https:\\\/\\\/www.koonings.com\\\/fr\\\/#organization\",\"name\":\"Koonings\",\"url\":\"https:\\\/\\\/www.koonings.com\\\/fr\\\/\",\"logo\":{\"@type\":\"ImageObject\",\"inLanguage\":\"fr-FR\",\"@id\":\"https:\\\/\\\/www.koonings.com\\\/fr\\\/#\\\/schema\\\/logo\\\/image\\\/\",\"url\":\"https:\\\/\\\/www.koonings.com\\\/wp-content\\\/uploads\\\/2024\\\/07\\\/logo.png\",\"contentUrl\":\"https:\\\/\\\/www.koonings.com\\\/wp-content\\\/uploads\\\/2024\\\/07\\\/logo.png\",\"width\":600,\"height\":428,\"caption\":\"Koonings\"},\"image\":{\"@id\":\"https:\\\/\\\/www.koonings.com\\\/fr\\\/#\\\/schema\\\/logo\\\/image\\\/\"},\"sameAs\":[\"https:\\\/\\\/www.facebook.com\\\/kooningstheweddingpalace\",\"https:\\\/\\\/www.instagram.com\\\/kooningstheweddingpalace\",\"https:\\\/\\\/www.pinterest.com\\\/koonings\",\"https:\\\/\\\/www.youtube.com\\\/kooningstheweddingpalace\"]}]}<\/script>\n<!-- \/ Yoast SEO plugin. -->","yoast_head_json":{"title":"Ramona Koonings Couture KN2311 Copenhague | Koonings","description":"Une robe de mari\u00e9e glamour de type A-line pour laquelle une luxueuse dentelle a \u00e9t\u00e9 utilis\u00e9e. Le d\u00e9collet\u00e9 en c\u0153ur et les bretelles \u00e9troites sont magnifiques sur ce mod\u00e8le. Surtout en combinaison avec la jupe souple et la courte tra\u00eene.","robots":{"index":"index","follow":"follow","max-snippet":"max-snippet:-1","max-image-preview":"max-image-preview:large","max-video-preview":"max-video-preview:-1"},"canonical":"https:\/\/www.koonings.com\/fr\/product\/ramona-koonings-couture-kn2311-kopenhagen\/","og_locale":"fr_FR","og_type":"article","og_title":"Ramona Koonings Couture KN2311 Copenhague | Koonings","og_description":"Une robe de mari\u00e9e glamour de type A-line pour laquelle une luxueuse dentelle a \u00e9t\u00e9 utilis\u00e9e. Le d\u00e9collet\u00e9 en c\u0153ur et les bretelles \u00e9troites sont magnifiques sur ce mod\u00e8le. Surtout en combinaison avec la jupe souple et la courte tra\u00eene.","og_url":"https:\/\/www.koonings.com\/fr\/product\/ramona-koonings-couture-kn2311-kopenhagen\/","og_site_name":"Koonings","article_publisher":"https:\/\/www.facebook.com\/kooningstheweddingpalace","og_image":[{"width":1775,"height":2510,"url":"https:\/\/www.koonings.com\/wp-content\/uploads\/2024\/11\/38028_9593e1014062f0678eca39cf99264e5f1b75354a5f0d9bc068a6663e6a054d3ac4955b4f.jpeg","type":"image\/jpeg"}],"twitter_card":"summary_large_image","schema":{"@context":"https:\/\/schema.org","@graph":[{"@type":"WebPage","@id":"https:\/\/www.koonings.com\/fr\/product\/ramona-koonings-couture-kn2311-kopenhagen\/","url":"https:\/\/www.koonings.com\/fr\/product\/ramona-koonings-couture-kn2311-kopenhagen\/","name":"Ramona Koonings Couture KN2311 Copenhague | Koonings","isPartOf":{"@id":"https:\/\/www.koonings.com\/fr\/#website"},"primaryImageOfPage":{"@id":"https:\/\/www.koonings.com\/fr\/product\/ramona-koonings-couture-kn2311-kopenhagen\/#primaryimage"},"image":{"@id":"https:\/\/www.koonings.com\/fr\/product\/ramona-koonings-couture-kn2311-kopenhagen\/#primaryimage"},"thumbnailUrl":"https:\/\/www.koonings.com\/wp-content\/uploads\/2024\/11\/38028_9593e1014062f0678eca39cf99264e5f1b75354a5f0d9bc068a6663e6a054d3ac4955b4f.jpeg","datePublished":"2026-05-06T13:10:12+00:00","description":"Une robe de mari\u00e9e glamour de type A-line pour laquelle une luxueuse dentelle a \u00e9t\u00e9 utilis\u00e9e. Le d\u00e9collet\u00e9 en c\u0153ur et les bretelles \u00e9troites sont magnifiques sur ce mod\u00e8le. Surtout en combinaison avec la jupe souple et la courte tra\u00eene.","breadcrumb":{"@id":"https:\/\/www.koonings.com\/fr\/product\/ramona-koonings-couture-kn2311-kopenhagen\/#breadcrumb"},"inLanguage":"fr-FR","potentialAction":[{"@type":"ReadAction","target":["https:\/\/www.koonings.com\/fr\/product\/ramona-koonings-couture-kn2311-kopenhagen\/"]}]},{"@type":"ImageObject","inLanguage":"fr-FR","@id":"https:\/\/www.koonings.com\/fr\/product\/ramona-koonings-couture-kn2311-kopenhagen\/#primaryimage","url":"https:\/\/www.koonings.com\/wp-content\/uploads\/2024\/11\/38028_9593e1014062f0678eca39cf99264e5f1b75354a5f0d9bc068a6663e6a054d3ac4955b4f.jpeg","contentUrl":"https:\/\/www.koonings.com\/wp-content\/uploads\/2024\/11\/38028_9593e1014062f0678eca39cf99264e5f1b75354a5f0d9bc068a6663e6a054d3ac4955b4f.jpeg","width":1775,"height":2510},{"@type":"BreadcrumbList","@id":"https:\/\/www.koonings.com\/fr\/product\/ramona-koonings-couture-kn2311-kopenhagen\/#breadcrumb","itemListElement":[{"@type":"ListItem","position":1,"name":"Home","item":"https:\/\/www.koonings.com\/fr\/"},{"@type":"ListItem","position":2,"name":"Ramona Koonings Couture KN2311 Copenhague"}]},{"@type":"WebSite","@id":"https:\/\/www.koonings.com\/fr\/#website","url":"https:\/\/www.koonings.com\/fr\/","name":"Koonings","description":"De grootste bruidsmodewinkel ter wereld","publisher":{"@id":"https:\/\/www.koonings.com\/fr\/#organization"},"potentialAction":[{"@type":"SearchAction","target":{"@type":"EntryPoint","urlTemplate":"https:\/\/www.koonings.com\/fr\/?s={search_term_string}"},"query-input":{"@type":"PropertyValueSpecification","valueRequired":true,"valueName":"search_term_string"}}],"inLanguage":"fr-FR"},{"@type":"Organization","@id":"https:\/\/www.koonings.com\/fr\/#organization","name":"Koonings","url":"https:\/\/www.koonings.com\/fr\/","logo":{"@type":"ImageObject","inLanguage":"fr-FR","@id":"https:\/\/www.koonings.com\/fr\/#\/schema\/logo\/image\/","url":"https:\/\/www.koonings.com\/wp-content\/uploads\/2024\/07\/logo.png","contentUrl":"https:\/\/www.koonings.com\/wp-content\/uploads\/2024\/07\/logo.png","width":600,"height":428,"caption":"Koonings"},"image":{"@id":"https:\/\/www.koonings.com\/fr\/#\/schema\/logo\/image\/"},"sameAs":["https:\/\/www.facebook.com\/kooningstheweddingpalace","https:\/\/www.instagram.com\/kooningstheweddingpalace","https:\/\/www.pinterest.com\/koonings","https:\/\/www.youtube.com\/kooningstheweddingpalace"]}]}},"_links":{"self":[{"href":"https:\/\/www.koonings.com\/fr\/wp-json\/wp\/v2\/product\/56612","targetHints":{"allow":["GET"]}}],"collection":[{"href":"https:\/\/www.koonings.com\/fr\/wp-json\/wp\/v2\/product"}],"about":[{"href":"https:\/\/www.koonings.com\/fr\/wp-json\/wp\/v2\/types\/product"}],"wp:featuredmedia":[{"embeddable":true,"href":"https:\/\/www.koonings.com\/fr\/wp-json\/wp\/v2\/media\/35055"}],"wp:attachment":[{"href":"https:\/\/www.koonings.com\/fr\/wp-json\/wp\/v2\/media?parent=56612"}],"wp:term":[{"taxonomy":"productdetails","embeddable":true,"href":"https:\/\/www.koonings.com\/fr\/wp-json\/wp\/v2\/productdetails?post=56612"},{"taxonomy":"productneck","embeddable":true,"href":"https:\/\/www.koonings.com\/fr\/wp-json\/wp\/v2\/productneck?post=56612"},{"taxonomy":"productcolor","embeddable":true,"href":"https:\/\/www.koonings.com\/fr\/wp-json\/wp\/v2\/productcolor?post=56612"},{"taxonomy":"maat","embeddable":true,"href":"https:\/\/www.koonings.com\/fr\/wp-json\/wp\/v2\/maat?post=56612"},{"taxonomy":"productsupplier","embeddable":true,"href":"https:\/\/www.koonings.com\/fr\/wp-json\/wp\/v2\/productsupplier?post=56612"},{"taxonomy":"productsleeve","embeddable":true,"href":"https:\/\/www.koonings.com\/fr\/wp-json\/wp\/v2\/productsleeve?post=56612"},{"taxonomy":"productcategory","embeddable":true,"href":"https:\/\/www.koonings.com\/fr\/wp-json\/wp\/v2\/productcategory?post=56612"},{"taxonomy":"productsilhouette","embeddable":true,"href":"https:\/\/www.koonings.com\/fr\/wp-json\/wp\/v2\/productsilhouette?post=56612"},{"taxonomy":"productstyle","embeddable":true,"href":"https:\/\/www.koonings.com\/fr\/wp-json\/wp\/v2\/productstyle?post=56612"}],"curies":[{"name":"wp","href":"https:\/\/api.w.org\/{rel}","templated":true}]}}