{"id":33893,"date":"2026-04-28T18:08:30","date_gmt":"2026-04-28T16:08:30","guid":{"rendered":"https:\/\/www.koonings.com\/product\/ramona-koonings-couture-kn2332-florance\/"},"modified":"2026-02-16T14:39:00","modified_gmt":"2026-02-16T13:39:00","slug":"ramona-koonings-couture-kn2332-florance","status":"publish","type":"product","link":"https:\/\/www.koonings.com\/fr\/product\/ramona-koonings-couture-kn2332-florance\/","title":{"rendered":"Ramona Koonings Couture KN2332 Florance"},"content":{"rendered":"<p>De nombreuses mari\u00e9es choisissent une robe de mari\u00e9e romantique en tulle et dentelle pour cette journ\u00e9e lumineuse. Cette robe y r\u00e9pond parfaitement gr\u00e2ce \u00e0 la dentelle exclusive du corsage, au d\u00e9collet\u00e9 en c\u0153ur et aux bretelles qui peuvent \u00eatre port\u00e9es sur l&#8217;\u00e9paule. Elle est combin\u00e9e \u00e0 une jupe tr\u00e8s large. La ligne aplatie est encore soulign\u00e9e par des applications de dentelle en bandes verticales qui descendent de la taille.   <\/p>\n","protected":false},"featured_media":31519,"template":"","meta":{"_acf_changed":false,"ghostkit_customizer_options":"","ghostkit_custom_css":"","ghostkit_custom_js_head":"","ghostkit_custom_js_foot":"","ghostkit_typography":""},"productdetails":[379,376,383],"productneck":[355],"productcolor":[393,392],"maat":[],"productsupplier":[419],"productsleeve":[359,363],"productcategory":[18],"productsilhouette":[384],"productstyle":[367],"class_list":["post-33893","product","type-product","status-publish","has-post-thumbnail","hentry","productdetails-379","productdetails-376","productdetails-383","productneck-355","productcolor-393","productcolor-392","productsupplier-ramona-koonings-couture","productsleeve-359","productsleeve-363","productcategory-trouwjurken","productsilhouette-384","productstyle-367"],"acf":[],"yoast_head":"<!-- This site is optimized with the Yoast SEO plugin v27.3 - https:\/\/yoast.com\/product\/yoast-seo-wordpress\/ -->\n<title>Ramona Koonings Couture KN2332 Florance | Koonings<\/title>\n<meta name=\"description\" content=\"De nombreuses mari\u00e9es choisissent une robe de mari\u00e9e romantique en tulle et dentelle pour cette journ\u00e9e lumineuse. Cette robe y r\u00e9pond parfaitement gr\u00e2ce \u00e0 la dentelle exclusive du corsage, au d\u00e9collet\u00e9 en c\u0153ur et aux bretelles qui peuvent \u00eatre port\u00e9es sur l&#039;\u00e9paule. Elle est combin\u00e9e \u00e0 une jupe tr\u00e8s large. La ligne aplatie est encore soulign\u00e9e par des applications de dentelle en bandes verticales qui descendent de la taille.\" \/>\n<meta name=\"robots\" content=\"index, follow, max-snippet:-1, max-image-preview:large, max-video-preview:-1\" \/>\n<link rel=\"canonical\" href=\"https:\/\/www.koonings.com\/fr\/product\/ramona-koonings-couture-kn2332-florance\/\" \/>\n<meta property=\"og:locale\" content=\"fr_FR\" \/>\n<meta property=\"og:type\" content=\"article\" \/>\n<meta property=\"og:title\" content=\"Ramona Koonings Couture KN2332 Florance | Koonings\" \/>\n<meta property=\"og:description\" content=\"De nombreuses mari\u00e9es choisissent une robe de mari\u00e9e romantique en tulle et dentelle pour cette journ\u00e9e lumineuse. Cette robe y r\u00e9pond parfaitement gr\u00e2ce \u00e0 la dentelle exclusive du corsage, au d\u00e9collet\u00e9 en c\u0153ur et aux bretelles qui peuvent \u00eatre port\u00e9es sur l&#039;\u00e9paule. Elle est combin\u00e9e \u00e0 une jupe tr\u00e8s large. La ligne aplatie est encore soulign\u00e9e par des applications de dentelle en bandes verticales qui descendent de la taille.\" \/>\n<meta property=\"og:url\" content=\"https:\/\/www.koonings.com\/fr\/product\/ramona-koonings-couture-kn2332-florance\/\" \/>\n<meta property=\"og:site_name\" content=\"Koonings\" \/>\n<meta property=\"article:publisher\" content=\"https:\/\/www.facebook.com\/kooningstheweddingpalace\" \/>\n<meta property=\"og:image\" content=\"https:\/\/www.koonings.com\/wp-content\/uploads\/2024\/11\/37689_f56e0308501d3532ff17d3717be9163e5fd56b9756257b6b01b5a9b11b6827e596700cea-scaled.jpeg\" \/>\n\t<meta property=\"og:image:width\" content=\"1849\" \/>\n\t<meta property=\"og:image:height\" content=\"2560\" \/>\n\t<meta property=\"og:image:type\" content=\"image\/jpeg\" \/>\n<meta name=\"twitter:card\" content=\"summary_large_image\" \/>\n<script type=\"application\/ld+json\" class=\"yoast-schema-graph\">{\"@context\":\"https:\\\/\\\/schema.org\",\"@graph\":[{\"@type\":\"WebPage\",\"@id\":\"https:\\\/\\\/www.koonings.com\\\/fr\\\/product\\\/ramona-koonings-couture-kn2332-florance\\\/\",\"url\":\"https:\\\/\\\/www.koonings.com\\\/fr\\\/product\\\/ramona-koonings-couture-kn2332-florance\\\/\",\"name\":\"Ramona Koonings Couture KN2332 Florance | Koonings\",\"isPartOf\":{\"@id\":\"https:\\\/\\\/www.koonings.com\\\/fr\\\/#website\"},\"primaryImageOfPage\":{\"@id\":\"https:\\\/\\\/www.koonings.com\\\/fr\\\/product\\\/ramona-koonings-couture-kn2332-florance\\\/#primaryimage\"},\"image\":{\"@id\":\"https:\\\/\\\/www.koonings.com\\\/fr\\\/product\\\/ramona-koonings-couture-kn2332-florance\\\/#primaryimage\"},\"thumbnailUrl\":\"https:\\\/\\\/www.koonings.com\\\/wp-content\\\/uploads\\\/2024\\\/11\\\/37689_f56e0308501d3532ff17d3717be9163e5fd56b9756257b6b01b5a9b11b6827e596700cea-scaled.jpeg\",\"datePublished\":\"2026-04-28T16:08:30+00:00\",\"description\":\"De nombreuses mari\u00e9es choisissent une robe de mari\u00e9e romantique en tulle et dentelle pour cette journ\u00e9e lumineuse. Cette robe y r\u00e9pond parfaitement gr\u00e2ce \u00e0 la dentelle exclusive du corsage, au d\u00e9collet\u00e9 en c\u0153ur et aux bretelles qui peuvent \u00eatre port\u00e9es sur l'\u00e9paule. Elle est combin\u00e9e \u00e0 une jupe tr\u00e8s large. La ligne aplatie est encore soulign\u00e9e par des applications de dentelle en bandes verticales qui descendent de la taille.\",\"breadcrumb\":{\"@id\":\"https:\\\/\\\/www.koonings.com\\\/fr\\\/product\\\/ramona-koonings-couture-kn2332-florance\\\/#breadcrumb\"},\"inLanguage\":\"fr-FR\",\"potentialAction\":[{\"@type\":\"ReadAction\",\"target\":[\"https:\\\/\\\/www.koonings.com\\\/fr\\\/product\\\/ramona-koonings-couture-kn2332-florance\\\/\"]}]},{\"@type\":\"ImageObject\",\"inLanguage\":\"fr-FR\",\"@id\":\"https:\\\/\\\/www.koonings.com\\\/fr\\\/product\\\/ramona-koonings-couture-kn2332-florance\\\/#primaryimage\",\"url\":\"https:\\\/\\\/www.koonings.com\\\/wp-content\\\/uploads\\\/2024\\\/11\\\/37689_f56e0308501d3532ff17d3717be9163e5fd56b9756257b6b01b5a9b11b6827e596700cea-scaled.jpeg\",\"contentUrl\":\"https:\\\/\\\/www.koonings.com\\\/wp-content\\\/uploads\\\/2024\\\/11\\\/37689_f56e0308501d3532ff17d3717be9163e5fd56b9756257b6b01b5a9b11b6827e596700cea-scaled.jpeg\",\"width\":1849,\"height\":2560},{\"@type\":\"BreadcrumbList\",\"@id\":\"https:\\\/\\\/www.koonings.com\\\/fr\\\/product\\\/ramona-koonings-couture-kn2332-florance\\\/#breadcrumb\",\"itemListElement\":[{\"@type\":\"ListItem\",\"position\":1,\"name\":\"Home\",\"item\":\"https:\\\/\\\/www.koonings.com\\\/fr\\\/\"},{\"@type\":\"ListItem\",\"position\":2,\"name\":\"Ramona Koonings Couture KN2332 Florance\"}]},{\"@type\":\"WebSite\",\"@id\":\"https:\\\/\\\/www.koonings.com\\\/fr\\\/#website\",\"url\":\"https:\\\/\\\/www.koonings.com\\\/fr\\\/\",\"name\":\"Koonings\",\"description\":\"De grootste bruidsmodewinkel ter wereld\",\"publisher\":{\"@id\":\"https:\\\/\\\/www.koonings.com\\\/fr\\\/#organization\"},\"potentialAction\":[{\"@type\":\"SearchAction\",\"target\":{\"@type\":\"EntryPoint\",\"urlTemplate\":\"https:\\\/\\\/www.koonings.com\\\/fr\\\/?s={search_term_string}\"},\"query-input\":{\"@type\":\"PropertyValueSpecification\",\"valueRequired\":true,\"valueName\":\"search_term_string\"}}],\"inLanguage\":\"fr-FR\"},{\"@type\":\"Organization\",\"@id\":\"https:\\\/\\\/www.koonings.com\\\/fr\\\/#organization\",\"name\":\"Koonings\",\"url\":\"https:\\\/\\\/www.koonings.com\\\/fr\\\/\",\"logo\":{\"@type\":\"ImageObject\",\"inLanguage\":\"fr-FR\",\"@id\":\"https:\\\/\\\/www.koonings.com\\\/fr\\\/#\\\/schema\\\/logo\\\/image\\\/\",\"url\":\"https:\\\/\\\/www.koonings.com\\\/wp-content\\\/uploads\\\/2024\\\/07\\\/logo.png\",\"contentUrl\":\"https:\\\/\\\/www.koonings.com\\\/wp-content\\\/uploads\\\/2024\\\/07\\\/logo.png\",\"width\":600,\"height\":428,\"caption\":\"Koonings\"},\"image\":{\"@id\":\"https:\\\/\\\/www.koonings.com\\\/fr\\\/#\\\/schema\\\/logo\\\/image\\\/\"},\"sameAs\":[\"https:\\\/\\\/www.facebook.com\\\/kooningstheweddingpalace\",\"https:\\\/\\\/www.instagram.com\\\/kooningstheweddingpalace\",\"https:\\\/\\\/www.pinterest.com\\\/koonings\",\"https:\\\/\\\/www.youtube.com\\\/kooningstheweddingpalace\"]}]}<\/script>\n<!-- \/ Yoast SEO plugin. -->","yoast_head_json":{"title":"Ramona Koonings Couture KN2332 Florance | Koonings","description":"De nombreuses mari\u00e9es choisissent une robe de mari\u00e9e romantique en tulle et dentelle pour cette journ\u00e9e lumineuse. Cette robe y r\u00e9pond parfaitement gr\u00e2ce \u00e0 la dentelle exclusive du corsage, au d\u00e9collet\u00e9 en c\u0153ur et aux bretelles qui peuvent \u00eatre port\u00e9es sur l'\u00e9paule. Elle est combin\u00e9e \u00e0 une jupe tr\u00e8s large. La ligne aplatie est encore soulign\u00e9e par des applications de dentelle en bandes verticales qui descendent de la taille.","robots":{"index":"index","follow":"follow","max-snippet":"max-snippet:-1","max-image-preview":"max-image-preview:large","max-video-preview":"max-video-preview:-1"},"canonical":"https:\/\/www.koonings.com\/fr\/product\/ramona-koonings-couture-kn2332-florance\/","og_locale":"fr_FR","og_type":"article","og_title":"Ramona Koonings Couture KN2332 Florance | Koonings","og_description":"De nombreuses mari\u00e9es choisissent une robe de mari\u00e9e romantique en tulle et dentelle pour cette journ\u00e9e lumineuse. Cette robe y r\u00e9pond parfaitement gr\u00e2ce \u00e0 la dentelle exclusive du corsage, au d\u00e9collet\u00e9 en c\u0153ur et aux bretelles qui peuvent \u00eatre port\u00e9es sur l'\u00e9paule. Elle est combin\u00e9e \u00e0 une jupe tr\u00e8s large. La ligne aplatie est encore soulign\u00e9e par des applications de dentelle en bandes verticales qui descendent de la taille.","og_url":"https:\/\/www.koonings.com\/fr\/product\/ramona-koonings-couture-kn2332-florance\/","og_site_name":"Koonings","article_publisher":"https:\/\/www.facebook.com\/kooningstheweddingpalace","og_image":[{"width":1849,"height":2560,"url":"https:\/\/www.koonings.com\/wp-content\/uploads\/2024\/11\/37689_f56e0308501d3532ff17d3717be9163e5fd56b9756257b6b01b5a9b11b6827e596700cea-scaled.jpeg","type":"image\/jpeg"}],"twitter_card":"summary_large_image","schema":{"@context":"https:\/\/schema.org","@graph":[{"@type":"WebPage","@id":"https:\/\/www.koonings.com\/fr\/product\/ramona-koonings-couture-kn2332-florance\/","url":"https:\/\/www.koonings.com\/fr\/product\/ramona-koonings-couture-kn2332-florance\/","name":"Ramona Koonings Couture KN2332 Florance | Koonings","isPartOf":{"@id":"https:\/\/www.koonings.com\/fr\/#website"},"primaryImageOfPage":{"@id":"https:\/\/www.koonings.com\/fr\/product\/ramona-koonings-couture-kn2332-florance\/#primaryimage"},"image":{"@id":"https:\/\/www.koonings.com\/fr\/product\/ramona-koonings-couture-kn2332-florance\/#primaryimage"},"thumbnailUrl":"https:\/\/www.koonings.com\/wp-content\/uploads\/2024\/11\/37689_f56e0308501d3532ff17d3717be9163e5fd56b9756257b6b01b5a9b11b6827e596700cea-scaled.jpeg","datePublished":"2026-04-28T16:08:30+00:00","description":"De nombreuses mari\u00e9es choisissent une robe de mari\u00e9e romantique en tulle et dentelle pour cette journ\u00e9e lumineuse. Cette robe y r\u00e9pond parfaitement gr\u00e2ce \u00e0 la dentelle exclusive du corsage, au d\u00e9collet\u00e9 en c\u0153ur et aux bretelles qui peuvent \u00eatre port\u00e9es sur l'\u00e9paule. Elle est combin\u00e9e \u00e0 une jupe tr\u00e8s large. La ligne aplatie est encore soulign\u00e9e par des applications de dentelle en bandes verticales qui descendent de la taille.","breadcrumb":{"@id":"https:\/\/www.koonings.com\/fr\/product\/ramona-koonings-couture-kn2332-florance\/#breadcrumb"},"inLanguage":"fr-FR","potentialAction":[{"@type":"ReadAction","target":["https:\/\/www.koonings.com\/fr\/product\/ramona-koonings-couture-kn2332-florance\/"]}]},{"@type":"ImageObject","inLanguage":"fr-FR","@id":"https:\/\/www.koonings.com\/fr\/product\/ramona-koonings-couture-kn2332-florance\/#primaryimage","url":"https:\/\/www.koonings.com\/wp-content\/uploads\/2024\/11\/37689_f56e0308501d3532ff17d3717be9163e5fd56b9756257b6b01b5a9b11b6827e596700cea-scaled.jpeg","contentUrl":"https:\/\/www.koonings.com\/wp-content\/uploads\/2024\/11\/37689_f56e0308501d3532ff17d3717be9163e5fd56b9756257b6b01b5a9b11b6827e596700cea-scaled.jpeg","width":1849,"height":2560},{"@type":"BreadcrumbList","@id":"https:\/\/www.koonings.com\/fr\/product\/ramona-koonings-couture-kn2332-florance\/#breadcrumb","itemListElement":[{"@type":"ListItem","position":1,"name":"Home","item":"https:\/\/www.koonings.com\/fr\/"},{"@type":"ListItem","position":2,"name":"Ramona Koonings Couture KN2332 Florance"}]},{"@type":"WebSite","@id":"https:\/\/www.koonings.com\/fr\/#website","url":"https:\/\/www.koonings.com\/fr\/","name":"Koonings","description":"De grootste bruidsmodewinkel ter wereld","publisher":{"@id":"https:\/\/www.koonings.com\/fr\/#organization"},"potentialAction":[{"@type":"SearchAction","target":{"@type":"EntryPoint","urlTemplate":"https:\/\/www.koonings.com\/fr\/?s={search_term_string}"},"query-input":{"@type":"PropertyValueSpecification","valueRequired":true,"valueName":"search_term_string"}}],"inLanguage":"fr-FR"},{"@type":"Organization","@id":"https:\/\/www.koonings.com\/fr\/#organization","name":"Koonings","url":"https:\/\/www.koonings.com\/fr\/","logo":{"@type":"ImageObject","inLanguage":"fr-FR","@id":"https:\/\/www.koonings.com\/fr\/#\/schema\/logo\/image\/","url":"https:\/\/www.koonings.com\/wp-content\/uploads\/2024\/07\/logo.png","contentUrl":"https:\/\/www.koonings.com\/wp-content\/uploads\/2024\/07\/logo.png","width":600,"height":428,"caption":"Koonings"},"image":{"@id":"https:\/\/www.koonings.com\/fr\/#\/schema\/logo\/image\/"},"sameAs":["https:\/\/www.facebook.com\/kooningstheweddingpalace","https:\/\/www.instagram.com\/kooningstheweddingpalace","https:\/\/www.pinterest.com\/koonings","https:\/\/www.youtube.com\/kooningstheweddingpalace"]}]}},"_links":{"self":[{"href":"https:\/\/www.koonings.com\/fr\/wp-json\/wp\/v2\/product\/33893","targetHints":{"allow":["GET"]}}],"collection":[{"href":"https:\/\/www.koonings.com\/fr\/wp-json\/wp\/v2\/product"}],"about":[{"href":"https:\/\/www.koonings.com\/fr\/wp-json\/wp\/v2\/types\/product"}],"wp:featuredmedia":[{"embeddable":true,"href":"https:\/\/www.koonings.com\/fr\/wp-json\/wp\/v2\/media\/31519"}],"wp:attachment":[{"href":"https:\/\/www.koonings.com\/fr\/wp-json\/wp\/v2\/media?parent=33893"}],"wp:term":[{"taxonomy":"productdetails","embeddable":true,"href":"https:\/\/www.koonings.com\/fr\/wp-json\/wp\/v2\/productdetails?post=33893"},{"taxonomy":"productneck","embeddable":true,"href":"https:\/\/www.koonings.com\/fr\/wp-json\/wp\/v2\/productneck?post=33893"},{"taxonomy":"productcolor","embeddable":true,"href":"https:\/\/www.koonings.com\/fr\/wp-json\/wp\/v2\/productcolor?post=33893"},{"taxonomy":"maat","embeddable":true,"href":"https:\/\/www.koonings.com\/fr\/wp-json\/wp\/v2\/maat?post=33893"},{"taxonomy":"productsupplier","embeddable":true,"href":"https:\/\/www.koonings.com\/fr\/wp-json\/wp\/v2\/productsupplier?post=33893"},{"taxonomy":"productsleeve","embeddable":true,"href":"https:\/\/www.koonings.com\/fr\/wp-json\/wp\/v2\/productsleeve?post=33893"},{"taxonomy":"productcategory","embeddable":true,"href":"https:\/\/www.koonings.com\/fr\/wp-json\/wp\/v2\/productcategory?post=33893"},{"taxonomy":"productsilhouette","embeddable":true,"href":"https:\/\/www.koonings.com\/fr\/wp-json\/wp\/v2\/productsilhouette?post=33893"},{"taxonomy":"productstyle","embeddable":true,"href":"https:\/\/www.koonings.com\/fr\/wp-json\/wp\/v2\/productstyle?post=33893"}],"curies":[{"name":"wp","href":"https:\/\/api.w.org\/{rel}","templated":true}]}}