{"id":33865,"date":"2025-12-15T00:12:08","date_gmt":"2025-12-14T23:12:08","guid":{"rendered":"https:\/\/www.koonings.com\/product\/ramona-koonings-couture-kn2341-liverpool\/"},"modified":"2026-02-03T17:58:04","modified_gmt":"2026-02-03T16:58:04","slug":"ramona-koonings-couture-kn2341-liverpool","status":"publish","type":"product","link":"https:\/\/www.koonings.com\/fr\/product\/ramona-koonings-couture-kn2341-liverpool\/","title":{"rendered":"Ramona Koonings Couture KN2341 Liverpool"},"content":{"rendered":"<p>Moderne et romantique \u00e0 la fois, cette robe de mari\u00e9e A-line est compos\u00e9e d&#8217;une luxueuse dentelle paillet\u00e9e. Tr\u00e8s sophistiqu\u00e9e car les appliqu\u00e9s sont travaill\u00e9s dans le corsage. Le d\u00e9collet\u00e9 en c\u0153ur et l&#8217;\u00e9paule d\u00e9collet\u00e9e s&#8217;harmonisent parfaitement. Les hanches sont accentu\u00e9es par la couche sup\u00e9rieure de tulle \u00e0 volants qui commence \u00e0 la taille et se termine par une tra\u00eene.   <\/p>\n","protected":false},"featured_media":31655,"template":"","meta":{"_acf_changed":false,"ghostkit_customizer_options":"","ghostkit_custom_css":"","ghostkit_custom_js_head":"","ghostkit_custom_js_foot":"","ghostkit_typography":""},"productdetails":[379,376,381],"productneck":[355],"productcolor":[393,392],"maat":[],"productsupplier":[419],"productsleeve":[363],"productcategory":[18],"productsilhouette":[384],"productstyle":[367],"class_list":["post-33865","product","type-product","status-publish","has-post-thumbnail","hentry","productdetails-379","productdetails-376","productdetails-381","productneck-355","productcolor-393","productcolor-392","productsupplier-ramona-koonings-couture","productsleeve-363","productcategory-trouwjurken","productsilhouette-384","productstyle-367"],"acf":[],"yoast_head":"<!-- This site is optimized with the Yoast SEO plugin v27.3 - https:\/\/yoast.com\/product\/yoast-seo-wordpress\/ -->\n<title>Ramona Koonings Couture KN2341 Liverpool | Koonings<\/title>\n<meta name=\"description\" content=\"Moderne et romantique \u00e0 la fois, cette robe de mari\u00e9e A-line est compos\u00e9e d&#039;une luxueuse dentelle paillet\u00e9e. Tr\u00e8s sophistiqu\u00e9e car les appliqu\u00e9s sont travaill\u00e9s dans le corsage. Le d\u00e9collet\u00e9 en c\u0153ur et l&#039;\u00e9paule d\u00e9collet\u00e9e s&#039;harmonisent parfaitement. Les hanches sont accentu\u00e9es par la couche sup\u00e9rieure de tulle \u00e0 volants qui commence \u00e0 la taille et se termine par une tra\u00eene.\" \/>\n<meta name=\"robots\" content=\"index, follow, max-snippet:-1, max-image-preview:large, max-video-preview:-1\" \/>\n<link rel=\"canonical\" href=\"https:\/\/www.koonings.com\/fr\/product\/ramona-koonings-couture-kn2341-liverpool\/\" \/>\n<meta property=\"og:locale\" content=\"fr_FR\" \/>\n<meta property=\"og:type\" content=\"article\" \/>\n<meta property=\"og:title\" content=\"Ramona Koonings Couture KN2341 Liverpool | Koonings\" \/>\n<meta property=\"og:description\" content=\"Moderne et romantique \u00e0 la fois, cette robe de mari\u00e9e A-line est compos\u00e9e d&#039;une luxueuse dentelle paillet\u00e9e. Tr\u00e8s sophistiqu\u00e9e car les appliqu\u00e9s sont travaill\u00e9s dans le corsage. Le d\u00e9collet\u00e9 en c\u0153ur et l&#039;\u00e9paule d\u00e9collet\u00e9e s&#039;harmonisent parfaitement. Les hanches sont accentu\u00e9es par la couche sup\u00e9rieure de tulle \u00e0 volants qui commence \u00e0 la taille et se termine par une tra\u00eene.\" \/>\n<meta property=\"og:url\" content=\"https:\/\/www.koonings.com\/fr\/product\/ramona-koonings-couture-kn2341-liverpool\/\" \/>\n<meta property=\"og:site_name\" content=\"Koonings\" \/>\n<meta property=\"article:publisher\" content=\"https:\/\/www.facebook.com\/kooningstheweddingpalace\" \/>\n<meta property=\"article:modified_time\" content=\"2026-02-03T16:58:04+00:00\" \/>\n<meta property=\"og:image\" content=\"https:\/\/www.koonings.com\/wp-content\/uploads\/2024\/11\/37697_a91bfab16bba00f01afcd5455dc9286dd17b2032ae63076a4bb96efdba882da7df2d9e64-scaled.jpeg\" \/>\n\t<meta property=\"og:image:width\" content=\"1812\" \/>\n\t<meta property=\"og:image:height\" content=\"2560\" \/>\n\t<meta property=\"og:image:type\" content=\"image\/jpeg\" \/>\n<meta name=\"twitter:card\" content=\"summary_large_image\" \/>\n<script type=\"application\/ld+json\" class=\"yoast-schema-graph\">{\"@context\":\"https:\\\/\\\/schema.org\",\"@graph\":[{\"@type\":\"WebPage\",\"@id\":\"https:\\\/\\\/www.koonings.com\\\/fr\\\/product\\\/ramona-koonings-couture-kn2341-liverpool\\\/\",\"url\":\"https:\\\/\\\/www.koonings.com\\\/fr\\\/product\\\/ramona-koonings-couture-kn2341-liverpool\\\/\",\"name\":\"Ramona Koonings Couture KN2341 Liverpool | Koonings\",\"isPartOf\":{\"@id\":\"https:\\\/\\\/www.koonings.com\\\/fr\\\/#website\"},\"primaryImageOfPage\":{\"@id\":\"https:\\\/\\\/www.koonings.com\\\/fr\\\/product\\\/ramona-koonings-couture-kn2341-liverpool\\\/#primaryimage\"},\"image\":{\"@id\":\"https:\\\/\\\/www.koonings.com\\\/fr\\\/product\\\/ramona-koonings-couture-kn2341-liverpool\\\/#primaryimage\"},\"thumbnailUrl\":\"https:\\\/\\\/www.koonings.com\\\/wp-content\\\/uploads\\\/2024\\\/11\\\/37697_a91bfab16bba00f01afcd5455dc9286dd17b2032ae63076a4bb96efdba882da7df2d9e64-scaled.jpeg\",\"datePublished\":\"2025-12-14T23:12:08+00:00\",\"dateModified\":\"2026-02-03T16:58:04+00:00\",\"description\":\"Moderne et romantique \u00e0 la fois, cette robe de mari\u00e9e A-line est compos\u00e9e d'une luxueuse dentelle paillet\u00e9e. Tr\u00e8s sophistiqu\u00e9e car les appliqu\u00e9s sont travaill\u00e9s dans le corsage. Le d\u00e9collet\u00e9 en c\u0153ur et l'\u00e9paule d\u00e9collet\u00e9e s'harmonisent parfaitement. Les hanches sont accentu\u00e9es par la couche sup\u00e9rieure de tulle \u00e0 volants qui commence \u00e0 la taille et se termine par une tra\u00eene.\",\"breadcrumb\":{\"@id\":\"https:\\\/\\\/www.koonings.com\\\/fr\\\/product\\\/ramona-koonings-couture-kn2341-liverpool\\\/#breadcrumb\"},\"inLanguage\":\"fr-FR\",\"potentialAction\":[{\"@type\":\"ReadAction\",\"target\":[\"https:\\\/\\\/www.koonings.com\\\/fr\\\/product\\\/ramona-koonings-couture-kn2341-liverpool\\\/\"]}]},{\"@type\":\"ImageObject\",\"inLanguage\":\"fr-FR\",\"@id\":\"https:\\\/\\\/www.koonings.com\\\/fr\\\/product\\\/ramona-koonings-couture-kn2341-liverpool\\\/#primaryimage\",\"url\":\"https:\\\/\\\/www.koonings.com\\\/wp-content\\\/uploads\\\/2024\\\/11\\\/37697_a91bfab16bba00f01afcd5455dc9286dd17b2032ae63076a4bb96efdba882da7df2d9e64-scaled.jpeg\",\"contentUrl\":\"https:\\\/\\\/www.koonings.com\\\/wp-content\\\/uploads\\\/2024\\\/11\\\/37697_a91bfab16bba00f01afcd5455dc9286dd17b2032ae63076a4bb96efdba882da7df2d9e64-scaled.jpeg\",\"width\":1812,\"height\":2560},{\"@type\":\"BreadcrumbList\",\"@id\":\"https:\\\/\\\/www.koonings.com\\\/fr\\\/product\\\/ramona-koonings-couture-kn2341-liverpool\\\/#breadcrumb\",\"itemListElement\":[{\"@type\":\"ListItem\",\"position\":1,\"name\":\"Home\",\"item\":\"https:\\\/\\\/www.koonings.com\\\/fr\\\/\"},{\"@type\":\"ListItem\",\"position\":2,\"name\":\"Ramona Koonings Couture KN2341 Liverpool\"}]},{\"@type\":\"WebSite\",\"@id\":\"https:\\\/\\\/www.koonings.com\\\/fr\\\/#website\",\"url\":\"https:\\\/\\\/www.koonings.com\\\/fr\\\/\",\"name\":\"Koonings\",\"description\":\"De grootste bruidsmodewinkel ter wereld\",\"publisher\":{\"@id\":\"https:\\\/\\\/www.koonings.com\\\/fr\\\/#organization\"},\"potentialAction\":[{\"@type\":\"SearchAction\",\"target\":{\"@type\":\"EntryPoint\",\"urlTemplate\":\"https:\\\/\\\/www.koonings.com\\\/fr\\\/?s={search_term_string}\"},\"query-input\":{\"@type\":\"PropertyValueSpecification\",\"valueRequired\":true,\"valueName\":\"search_term_string\"}}],\"inLanguage\":\"fr-FR\"},{\"@type\":\"Organization\",\"@id\":\"https:\\\/\\\/www.koonings.com\\\/fr\\\/#organization\",\"name\":\"Koonings\",\"url\":\"https:\\\/\\\/www.koonings.com\\\/fr\\\/\",\"logo\":{\"@type\":\"ImageObject\",\"inLanguage\":\"fr-FR\",\"@id\":\"https:\\\/\\\/www.koonings.com\\\/fr\\\/#\\\/schema\\\/logo\\\/image\\\/\",\"url\":\"https:\\\/\\\/www.koonings.com\\\/wp-content\\\/uploads\\\/2024\\\/07\\\/logo.png\",\"contentUrl\":\"https:\\\/\\\/www.koonings.com\\\/wp-content\\\/uploads\\\/2024\\\/07\\\/logo.png\",\"width\":600,\"height\":428,\"caption\":\"Koonings\"},\"image\":{\"@id\":\"https:\\\/\\\/www.koonings.com\\\/fr\\\/#\\\/schema\\\/logo\\\/image\\\/\"},\"sameAs\":[\"https:\\\/\\\/www.facebook.com\\\/kooningstheweddingpalace\",\"https:\\\/\\\/www.instagram.com\\\/kooningstheweddingpalace\",\"https:\\\/\\\/www.pinterest.com\\\/koonings\",\"https:\\\/\\\/www.youtube.com\\\/kooningstheweddingpalace\"]}]}<\/script>\n<!-- \/ Yoast SEO plugin. -->","yoast_head_json":{"title":"Ramona Koonings Couture KN2341 Liverpool | Koonings","description":"Moderne et romantique \u00e0 la fois, cette robe de mari\u00e9e A-line est compos\u00e9e d'une luxueuse dentelle paillet\u00e9e. Tr\u00e8s sophistiqu\u00e9e car les appliqu\u00e9s sont travaill\u00e9s dans le corsage. Le d\u00e9collet\u00e9 en c\u0153ur et l'\u00e9paule d\u00e9collet\u00e9e s'harmonisent parfaitement. Les hanches sont accentu\u00e9es par la couche sup\u00e9rieure de tulle \u00e0 volants qui commence \u00e0 la taille et se termine par une tra\u00eene.","robots":{"index":"index","follow":"follow","max-snippet":"max-snippet:-1","max-image-preview":"max-image-preview:large","max-video-preview":"max-video-preview:-1"},"canonical":"https:\/\/www.koonings.com\/fr\/product\/ramona-koonings-couture-kn2341-liverpool\/","og_locale":"fr_FR","og_type":"article","og_title":"Ramona Koonings Couture KN2341 Liverpool | Koonings","og_description":"Moderne et romantique \u00e0 la fois, cette robe de mari\u00e9e A-line est compos\u00e9e d'une luxueuse dentelle paillet\u00e9e. Tr\u00e8s sophistiqu\u00e9e car les appliqu\u00e9s sont travaill\u00e9s dans le corsage. Le d\u00e9collet\u00e9 en c\u0153ur et l'\u00e9paule d\u00e9collet\u00e9e s'harmonisent parfaitement. Les hanches sont accentu\u00e9es par la couche sup\u00e9rieure de tulle \u00e0 volants qui commence \u00e0 la taille et se termine par une tra\u00eene.","og_url":"https:\/\/www.koonings.com\/fr\/product\/ramona-koonings-couture-kn2341-liverpool\/","og_site_name":"Koonings","article_publisher":"https:\/\/www.facebook.com\/kooningstheweddingpalace","article_modified_time":"2026-02-03T16:58:04+00:00","og_image":[{"width":1812,"height":2560,"url":"https:\/\/www.koonings.com\/wp-content\/uploads\/2024\/11\/37697_a91bfab16bba00f01afcd5455dc9286dd17b2032ae63076a4bb96efdba882da7df2d9e64-scaled.jpeg","type":"image\/jpeg"}],"twitter_card":"summary_large_image","schema":{"@context":"https:\/\/schema.org","@graph":[{"@type":"WebPage","@id":"https:\/\/www.koonings.com\/fr\/product\/ramona-koonings-couture-kn2341-liverpool\/","url":"https:\/\/www.koonings.com\/fr\/product\/ramona-koonings-couture-kn2341-liverpool\/","name":"Ramona Koonings Couture KN2341 Liverpool | Koonings","isPartOf":{"@id":"https:\/\/www.koonings.com\/fr\/#website"},"primaryImageOfPage":{"@id":"https:\/\/www.koonings.com\/fr\/product\/ramona-koonings-couture-kn2341-liverpool\/#primaryimage"},"image":{"@id":"https:\/\/www.koonings.com\/fr\/product\/ramona-koonings-couture-kn2341-liverpool\/#primaryimage"},"thumbnailUrl":"https:\/\/www.koonings.com\/wp-content\/uploads\/2024\/11\/37697_a91bfab16bba00f01afcd5455dc9286dd17b2032ae63076a4bb96efdba882da7df2d9e64-scaled.jpeg","datePublished":"2025-12-14T23:12:08+00:00","dateModified":"2026-02-03T16:58:04+00:00","description":"Moderne et romantique \u00e0 la fois, cette robe de mari\u00e9e A-line est compos\u00e9e d'une luxueuse dentelle paillet\u00e9e. Tr\u00e8s sophistiqu\u00e9e car les appliqu\u00e9s sont travaill\u00e9s dans le corsage. Le d\u00e9collet\u00e9 en c\u0153ur et l'\u00e9paule d\u00e9collet\u00e9e s'harmonisent parfaitement. Les hanches sont accentu\u00e9es par la couche sup\u00e9rieure de tulle \u00e0 volants qui commence \u00e0 la taille et se termine par une tra\u00eene.","breadcrumb":{"@id":"https:\/\/www.koonings.com\/fr\/product\/ramona-koonings-couture-kn2341-liverpool\/#breadcrumb"},"inLanguage":"fr-FR","potentialAction":[{"@type":"ReadAction","target":["https:\/\/www.koonings.com\/fr\/product\/ramona-koonings-couture-kn2341-liverpool\/"]}]},{"@type":"ImageObject","inLanguage":"fr-FR","@id":"https:\/\/www.koonings.com\/fr\/product\/ramona-koonings-couture-kn2341-liverpool\/#primaryimage","url":"https:\/\/www.koonings.com\/wp-content\/uploads\/2024\/11\/37697_a91bfab16bba00f01afcd5455dc9286dd17b2032ae63076a4bb96efdba882da7df2d9e64-scaled.jpeg","contentUrl":"https:\/\/www.koonings.com\/wp-content\/uploads\/2024\/11\/37697_a91bfab16bba00f01afcd5455dc9286dd17b2032ae63076a4bb96efdba882da7df2d9e64-scaled.jpeg","width":1812,"height":2560},{"@type":"BreadcrumbList","@id":"https:\/\/www.koonings.com\/fr\/product\/ramona-koonings-couture-kn2341-liverpool\/#breadcrumb","itemListElement":[{"@type":"ListItem","position":1,"name":"Home","item":"https:\/\/www.koonings.com\/fr\/"},{"@type":"ListItem","position":2,"name":"Ramona Koonings Couture KN2341 Liverpool"}]},{"@type":"WebSite","@id":"https:\/\/www.koonings.com\/fr\/#website","url":"https:\/\/www.koonings.com\/fr\/","name":"Koonings","description":"De grootste bruidsmodewinkel ter wereld","publisher":{"@id":"https:\/\/www.koonings.com\/fr\/#organization"},"potentialAction":[{"@type":"SearchAction","target":{"@type":"EntryPoint","urlTemplate":"https:\/\/www.koonings.com\/fr\/?s={search_term_string}"},"query-input":{"@type":"PropertyValueSpecification","valueRequired":true,"valueName":"search_term_string"}}],"inLanguage":"fr-FR"},{"@type":"Organization","@id":"https:\/\/www.koonings.com\/fr\/#organization","name":"Koonings","url":"https:\/\/www.koonings.com\/fr\/","logo":{"@type":"ImageObject","inLanguage":"fr-FR","@id":"https:\/\/www.koonings.com\/fr\/#\/schema\/logo\/image\/","url":"https:\/\/www.koonings.com\/wp-content\/uploads\/2024\/07\/logo.png","contentUrl":"https:\/\/www.koonings.com\/wp-content\/uploads\/2024\/07\/logo.png","width":600,"height":428,"caption":"Koonings"},"image":{"@id":"https:\/\/www.koonings.com\/fr\/#\/schema\/logo\/image\/"},"sameAs":["https:\/\/www.facebook.com\/kooningstheweddingpalace","https:\/\/www.instagram.com\/kooningstheweddingpalace","https:\/\/www.pinterest.com\/koonings","https:\/\/www.youtube.com\/kooningstheweddingpalace"]}]}},"_links":{"self":[{"href":"https:\/\/www.koonings.com\/fr\/wp-json\/wp\/v2\/product\/33865","targetHints":{"allow":["GET"]}}],"collection":[{"href":"https:\/\/www.koonings.com\/fr\/wp-json\/wp\/v2\/product"}],"about":[{"href":"https:\/\/www.koonings.com\/fr\/wp-json\/wp\/v2\/types\/product"}],"wp:featuredmedia":[{"embeddable":true,"href":"https:\/\/www.koonings.com\/fr\/wp-json\/wp\/v2\/media\/31655"}],"wp:attachment":[{"href":"https:\/\/www.koonings.com\/fr\/wp-json\/wp\/v2\/media?parent=33865"}],"wp:term":[{"taxonomy":"productdetails","embeddable":true,"href":"https:\/\/www.koonings.com\/fr\/wp-json\/wp\/v2\/productdetails?post=33865"},{"taxonomy":"productneck","embeddable":true,"href":"https:\/\/www.koonings.com\/fr\/wp-json\/wp\/v2\/productneck?post=33865"},{"taxonomy":"productcolor","embeddable":true,"href":"https:\/\/www.koonings.com\/fr\/wp-json\/wp\/v2\/productcolor?post=33865"},{"taxonomy":"maat","embeddable":true,"href":"https:\/\/www.koonings.com\/fr\/wp-json\/wp\/v2\/maat?post=33865"},{"taxonomy":"productsupplier","embeddable":true,"href":"https:\/\/www.koonings.com\/fr\/wp-json\/wp\/v2\/productsupplier?post=33865"},{"taxonomy":"productsleeve","embeddable":true,"href":"https:\/\/www.koonings.com\/fr\/wp-json\/wp\/v2\/productsleeve?post=33865"},{"taxonomy":"productcategory","embeddable":true,"href":"https:\/\/www.koonings.com\/fr\/wp-json\/wp\/v2\/productcategory?post=33865"},{"taxonomy":"productsilhouette","embeddable":true,"href":"https:\/\/www.koonings.com\/fr\/wp-json\/wp\/v2\/productsilhouette?post=33865"},{"taxonomy":"productstyle","embeddable":true,"href":"https:\/\/www.koonings.com\/fr\/wp-json\/wp\/v2\/productstyle?post=33865"}],"curies":[{"name":"wp","href":"https:\/\/api.w.org\/{rel}","templated":true}]}}