{"id":33859,"date":"2025-12-15T00:12:08","date_gmt":"2025-12-14T23:12:08","guid":{"rendered":"https:\/\/www.koonings.com\/product\/ramona-koonings-couture-kn2342-manchester\/"},"modified":"2026-02-03T17:58:13","modified_gmt":"2026-02-03T16:58:13","slug":"ramona-koonings-couture-kn2342-manchester","status":"publish","type":"product","link":"https:\/\/www.koonings.com\/fr\/product\/ramona-koonings-couture-kn2342-manchester\/","title":{"rendered":"Ramona Koonings Couture KN2342 Manchester"},"content":{"rendered":"<p>Une robe de mari\u00e9e moderne sans bretelles de style sir\u00e8ne. La mati\u00e8re de base est le tulle avec de nombreux points scintillants, ce qui donne un bel effet au haut transparent avec d\u00e9collet\u00e9 en c\u0153ur et \u00e0 la tra\u00eene extra longue qui s&#8217;attache \u00e0 la taille. Les appliqu\u00e9s floraux de la jupe, qui s&#8217;\u00e9largit \u00e0 partir des genoux, sont tr\u00e8s d\u00e9coratifs. Les manches bouffantes amples avec de longs poignets \u00e9troits sont originales.   <\/p>\n","protected":false},"featured_media":31672,"template":"","meta":{"_acf_changed":false,"ghostkit_customizer_options":"","ghostkit_custom_css":"","ghostkit_custom_js_head":"","ghostkit_custom_js_foot":"","ghostkit_typography":""},"productdetails":[379,380,376,381],"productneck":[351,354,355],"productcolor":[393,392],"maat":[],"productsupplier":[419],"productsleeve":[362,363],"productcategory":[18],"productsilhouette":[384,387],"productstyle":[367],"class_list":["post-33859","product","type-product","status-publish","has-post-thumbnail","hentry","productdetails-379","productdetails-380","productdetails-376","productdetails-381","productneck-351","productneck-354","productneck-355","productcolor-393","productcolor-392","productsupplier-ramona-koonings-couture","productsleeve-362","productsleeve-363","productcategory-trouwjurken","productsilhouette-384","productsilhouette-387","productstyle-367"],"acf":[],"yoast_head":"<!-- This site is optimized with the Yoast SEO plugin v27.3 - https:\/\/yoast.com\/product\/yoast-seo-wordpress\/ -->\n<title>Ramona Koonings Couture KN2342 Manchester | Koonings<\/title>\n<meta name=\"description\" content=\"Une robe de mari\u00e9e moderne sans bretelles de style sir\u00e8ne. La mati\u00e8re de base est le tulle avec de nombreux points scintillants, ce qui donne un bel effet au haut transparent avec d\u00e9collet\u00e9 en c\u0153ur et \u00e0 la tra\u00eene extra longue qui s&#039;attache \u00e0 la taille. Les appliqu\u00e9s floraux de la jupe, qui s&#039;\u00e9largit \u00e0 partir des genoux, sont tr\u00e8s d\u00e9coratifs. Les manches bouffantes amples avec de longs poignets \u00e9troits sont originales.\" \/>\n<meta name=\"robots\" content=\"index, follow, max-snippet:-1, max-image-preview:large, max-video-preview:-1\" \/>\n<link rel=\"canonical\" href=\"https:\/\/www.koonings.com\/fr\/product\/ramona-koonings-couture-kn2342-manchester\/\" \/>\n<meta property=\"og:locale\" content=\"fr_FR\" \/>\n<meta property=\"og:type\" content=\"article\" \/>\n<meta property=\"og:title\" content=\"Ramona Koonings Couture KN2342 Manchester | Koonings\" \/>\n<meta property=\"og:description\" content=\"Une robe de mari\u00e9e moderne sans bretelles de style sir\u00e8ne. La mati\u00e8re de base est le tulle avec de nombreux points scintillants, ce qui donne un bel effet au haut transparent avec d\u00e9collet\u00e9 en c\u0153ur et \u00e0 la tra\u00eene extra longue qui s&#039;attache \u00e0 la taille. Les appliqu\u00e9s floraux de la jupe, qui s&#039;\u00e9largit \u00e0 partir des genoux, sont tr\u00e8s d\u00e9coratifs. Les manches bouffantes amples avec de longs poignets \u00e9troits sont originales.\" \/>\n<meta property=\"og:url\" content=\"https:\/\/www.koonings.com\/fr\/product\/ramona-koonings-couture-kn2342-manchester\/\" \/>\n<meta property=\"og:site_name\" content=\"Koonings\" \/>\n<meta property=\"article:publisher\" content=\"https:\/\/www.facebook.com\/kooningstheweddingpalace\" \/>\n<meta property=\"article:modified_time\" content=\"2026-02-03T16:58:13+00:00\" \/>\n<meta property=\"og:image\" content=\"https:\/\/www.koonings.com\/wp-content\/uploads\/2024\/11\/37698_7b1b71de7de4f5f31794ab84f23ee7d96d45f1dab816870918acc47ba6c05e6715d23019-scaled.jpeg\" \/>\n\t<meta property=\"og:image:width\" content=\"1813\" \/>\n\t<meta property=\"og:image:height\" content=\"2560\" \/>\n\t<meta property=\"og:image:type\" content=\"image\/jpeg\" \/>\n<meta name=\"twitter:card\" content=\"summary_large_image\" \/>\n<script type=\"application\/ld+json\" class=\"yoast-schema-graph\">{\"@context\":\"https:\\\/\\\/schema.org\",\"@graph\":[{\"@type\":\"WebPage\",\"@id\":\"https:\\\/\\\/www.koonings.com\\\/fr\\\/product\\\/ramona-koonings-couture-kn2342-manchester\\\/\",\"url\":\"https:\\\/\\\/www.koonings.com\\\/fr\\\/product\\\/ramona-koonings-couture-kn2342-manchester\\\/\",\"name\":\"Ramona Koonings Couture KN2342 Manchester | Koonings\",\"isPartOf\":{\"@id\":\"https:\\\/\\\/www.koonings.com\\\/fr\\\/#website\"},\"primaryImageOfPage\":{\"@id\":\"https:\\\/\\\/www.koonings.com\\\/fr\\\/product\\\/ramona-koonings-couture-kn2342-manchester\\\/#primaryimage\"},\"image\":{\"@id\":\"https:\\\/\\\/www.koonings.com\\\/fr\\\/product\\\/ramona-koonings-couture-kn2342-manchester\\\/#primaryimage\"},\"thumbnailUrl\":\"https:\\\/\\\/www.koonings.com\\\/wp-content\\\/uploads\\\/2024\\\/11\\\/37698_7b1b71de7de4f5f31794ab84f23ee7d96d45f1dab816870918acc47ba6c05e6715d23019-scaled.jpeg\",\"datePublished\":\"2025-12-14T23:12:08+00:00\",\"dateModified\":\"2026-02-03T16:58:13+00:00\",\"description\":\"Une robe de mari\u00e9e moderne sans bretelles de style sir\u00e8ne. La mati\u00e8re de base est le tulle avec de nombreux points scintillants, ce qui donne un bel effet au haut transparent avec d\u00e9collet\u00e9 en c\u0153ur et \u00e0 la tra\u00eene extra longue qui s'attache \u00e0 la taille. Les appliqu\u00e9s floraux de la jupe, qui s'\u00e9largit \u00e0 partir des genoux, sont tr\u00e8s d\u00e9coratifs. Les manches bouffantes amples avec de longs poignets \u00e9troits sont originales.\",\"breadcrumb\":{\"@id\":\"https:\\\/\\\/www.koonings.com\\\/fr\\\/product\\\/ramona-koonings-couture-kn2342-manchester\\\/#breadcrumb\"},\"inLanguage\":\"fr-FR\",\"potentialAction\":[{\"@type\":\"ReadAction\",\"target\":[\"https:\\\/\\\/www.koonings.com\\\/fr\\\/product\\\/ramona-koonings-couture-kn2342-manchester\\\/\"]}]},{\"@type\":\"ImageObject\",\"inLanguage\":\"fr-FR\",\"@id\":\"https:\\\/\\\/www.koonings.com\\\/fr\\\/product\\\/ramona-koonings-couture-kn2342-manchester\\\/#primaryimage\",\"url\":\"https:\\\/\\\/www.koonings.com\\\/wp-content\\\/uploads\\\/2024\\\/11\\\/37698_7b1b71de7de4f5f31794ab84f23ee7d96d45f1dab816870918acc47ba6c05e6715d23019-scaled.jpeg\",\"contentUrl\":\"https:\\\/\\\/www.koonings.com\\\/wp-content\\\/uploads\\\/2024\\\/11\\\/37698_7b1b71de7de4f5f31794ab84f23ee7d96d45f1dab816870918acc47ba6c05e6715d23019-scaled.jpeg\",\"width\":1813,\"height\":2560},{\"@type\":\"BreadcrumbList\",\"@id\":\"https:\\\/\\\/www.koonings.com\\\/fr\\\/product\\\/ramona-koonings-couture-kn2342-manchester\\\/#breadcrumb\",\"itemListElement\":[{\"@type\":\"ListItem\",\"position\":1,\"name\":\"Home\",\"item\":\"https:\\\/\\\/www.koonings.com\\\/fr\\\/\"},{\"@type\":\"ListItem\",\"position\":2,\"name\":\"Ramona Koonings Couture KN2342 Manchester\"}]},{\"@type\":\"WebSite\",\"@id\":\"https:\\\/\\\/www.koonings.com\\\/fr\\\/#website\",\"url\":\"https:\\\/\\\/www.koonings.com\\\/fr\\\/\",\"name\":\"Koonings\",\"description\":\"De grootste bruidsmodewinkel ter wereld\",\"publisher\":{\"@id\":\"https:\\\/\\\/www.koonings.com\\\/fr\\\/#organization\"},\"potentialAction\":[{\"@type\":\"SearchAction\",\"target\":{\"@type\":\"EntryPoint\",\"urlTemplate\":\"https:\\\/\\\/www.koonings.com\\\/fr\\\/?s={search_term_string}\"},\"query-input\":{\"@type\":\"PropertyValueSpecification\",\"valueRequired\":true,\"valueName\":\"search_term_string\"}}],\"inLanguage\":\"fr-FR\"},{\"@type\":\"Organization\",\"@id\":\"https:\\\/\\\/www.koonings.com\\\/fr\\\/#organization\",\"name\":\"Koonings\",\"url\":\"https:\\\/\\\/www.koonings.com\\\/fr\\\/\",\"logo\":{\"@type\":\"ImageObject\",\"inLanguage\":\"fr-FR\",\"@id\":\"https:\\\/\\\/www.koonings.com\\\/fr\\\/#\\\/schema\\\/logo\\\/image\\\/\",\"url\":\"https:\\\/\\\/www.koonings.com\\\/wp-content\\\/uploads\\\/2024\\\/07\\\/logo.png\",\"contentUrl\":\"https:\\\/\\\/www.koonings.com\\\/wp-content\\\/uploads\\\/2024\\\/07\\\/logo.png\",\"width\":600,\"height\":428,\"caption\":\"Koonings\"},\"image\":{\"@id\":\"https:\\\/\\\/www.koonings.com\\\/fr\\\/#\\\/schema\\\/logo\\\/image\\\/\"},\"sameAs\":[\"https:\\\/\\\/www.facebook.com\\\/kooningstheweddingpalace\",\"https:\\\/\\\/www.instagram.com\\\/kooningstheweddingpalace\",\"https:\\\/\\\/www.pinterest.com\\\/koonings\",\"https:\\\/\\\/www.youtube.com\\\/kooningstheweddingpalace\"]}]}<\/script>\n<!-- \/ Yoast SEO plugin. -->","yoast_head_json":{"title":"Ramona Koonings Couture KN2342 Manchester | Koonings","description":"Une robe de mari\u00e9e moderne sans bretelles de style sir\u00e8ne. La mati\u00e8re de base est le tulle avec de nombreux points scintillants, ce qui donne un bel effet au haut transparent avec d\u00e9collet\u00e9 en c\u0153ur et \u00e0 la tra\u00eene extra longue qui s'attache \u00e0 la taille. Les appliqu\u00e9s floraux de la jupe, qui s'\u00e9largit \u00e0 partir des genoux, sont tr\u00e8s d\u00e9coratifs. Les manches bouffantes amples avec de longs poignets \u00e9troits sont originales.","robots":{"index":"index","follow":"follow","max-snippet":"max-snippet:-1","max-image-preview":"max-image-preview:large","max-video-preview":"max-video-preview:-1"},"canonical":"https:\/\/www.koonings.com\/fr\/product\/ramona-koonings-couture-kn2342-manchester\/","og_locale":"fr_FR","og_type":"article","og_title":"Ramona Koonings Couture KN2342 Manchester | Koonings","og_description":"Une robe de mari\u00e9e moderne sans bretelles de style sir\u00e8ne. La mati\u00e8re de base est le tulle avec de nombreux points scintillants, ce qui donne un bel effet au haut transparent avec d\u00e9collet\u00e9 en c\u0153ur et \u00e0 la tra\u00eene extra longue qui s'attache \u00e0 la taille. Les appliqu\u00e9s floraux de la jupe, qui s'\u00e9largit \u00e0 partir des genoux, sont tr\u00e8s d\u00e9coratifs. Les manches bouffantes amples avec de longs poignets \u00e9troits sont originales.","og_url":"https:\/\/www.koonings.com\/fr\/product\/ramona-koonings-couture-kn2342-manchester\/","og_site_name":"Koonings","article_publisher":"https:\/\/www.facebook.com\/kooningstheweddingpalace","article_modified_time":"2026-02-03T16:58:13+00:00","og_image":[{"width":1813,"height":2560,"url":"https:\/\/www.koonings.com\/wp-content\/uploads\/2024\/11\/37698_7b1b71de7de4f5f31794ab84f23ee7d96d45f1dab816870918acc47ba6c05e6715d23019-scaled.jpeg","type":"image\/jpeg"}],"twitter_card":"summary_large_image","schema":{"@context":"https:\/\/schema.org","@graph":[{"@type":"WebPage","@id":"https:\/\/www.koonings.com\/fr\/product\/ramona-koonings-couture-kn2342-manchester\/","url":"https:\/\/www.koonings.com\/fr\/product\/ramona-koonings-couture-kn2342-manchester\/","name":"Ramona Koonings Couture KN2342 Manchester | Koonings","isPartOf":{"@id":"https:\/\/www.koonings.com\/fr\/#website"},"primaryImageOfPage":{"@id":"https:\/\/www.koonings.com\/fr\/product\/ramona-koonings-couture-kn2342-manchester\/#primaryimage"},"image":{"@id":"https:\/\/www.koonings.com\/fr\/product\/ramona-koonings-couture-kn2342-manchester\/#primaryimage"},"thumbnailUrl":"https:\/\/www.koonings.com\/wp-content\/uploads\/2024\/11\/37698_7b1b71de7de4f5f31794ab84f23ee7d96d45f1dab816870918acc47ba6c05e6715d23019-scaled.jpeg","datePublished":"2025-12-14T23:12:08+00:00","dateModified":"2026-02-03T16:58:13+00:00","description":"Une robe de mari\u00e9e moderne sans bretelles de style sir\u00e8ne. La mati\u00e8re de base est le tulle avec de nombreux points scintillants, ce qui donne un bel effet au haut transparent avec d\u00e9collet\u00e9 en c\u0153ur et \u00e0 la tra\u00eene extra longue qui s'attache \u00e0 la taille. Les appliqu\u00e9s floraux de la jupe, qui s'\u00e9largit \u00e0 partir des genoux, sont tr\u00e8s d\u00e9coratifs. Les manches bouffantes amples avec de longs poignets \u00e9troits sont originales.","breadcrumb":{"@id":"https:\/\/www.koonings.com\/fr\/product\/ramona-koonings-couture-kn2342-manchester\/#breadcrumb"},"inLanguage":"fr-FR","potentialAction":[{"@type":"ReadAction","target":["https:\/\/www.koonings.com\/fr\/product\/ramona-koonings-couture-kn2342-manchester\/"]}]},{"@type":"ImageObject","inLanguage":"fr-FR","@id":"https:\/\/www.koonings.com\/fr\/product\/ramona-koonings-couture-kn2342-manchester\/#primaryimage","url":"https:\/\/www.koonings.com\/wp-content\/uploads\/2024\/11\/37698_7b1b71de7de4f5f31794ab84f23ee7d96d45f1dab816870918acc47ba6c05e6715d23019-scaled.jpeg","contentUrl":"https:\/\/www.koonings.com\/wp-content\/uploads\/2024\/11\/37698_7b1b71de7de4f5f31794ab84f23ee7d96d45f1dab816870918acc47ba6c05e6715d23019-scaled.jpeg","width":1813,"height":2560},{"@type":"BreadcrumbList","@id":"https:\/\/www.koonings.com\/fr\/product\/ramona-koonings-couture-kn2342-manchester\/#breadcrumb","itemListElement":[{"@type":"ListItem","position":1,"name":"Home","item":"https:\/\/www.koonings.com\/fr\/"},{"@type":"ListItem","position":2,"name":"Ramona Koonings Couture KN2342 Manchester"}]},{"@type":"WebSite","@id":"https:\/\/www.koonings.com\/fr\/#website","url":"https:\/\/www.koonings.com\/fr\/","name":"Koonings","description":"De grootste bruidsmodewinkel ter wereld","publisher":{"@id":"https:\/\/www.koonings.com\/fr\/#organization"},"potentialAction":[{"@type":"SearchAction","target":{"@type":"EntryPoint","urlTemplate":"https:\/\/www.koonings.com\/fr\/?s={search_term_string}"},"query-input":{"@type":"PropertyValueSpecification","valueRequired":true,"valueName":"search_term_string"}}],"inLanguage":"fr-FR"},{"@type":"Organization","@id":"https:\/\/www.koonings.com\/fr\/#organization","name":"Koonings","url":"https:\/\/www.koonings.com\/fr\/","logo":{"@type":"ImageObject","inLanguage":"fr-FR","@id":"https:\/\/www.koonings.com\/fr\/#\/schema\/logo\/image\/","url":"https:\/\/www.koonings.com\/wp-content\/uploads\/2024\/07\/logo.png","contentUrl":"https:\/\/www.koonings.com\/wp-content\/uploads\/2024\/07\/logo.png","width":600,"height":428,"caption":"Koonings"},"image":{"@id":"https:\/\/www.koonings.com\/fr\/#\/schema\/logo\/image\/"},"sameAs":["https:\/\/www.facebook.com\/kooningstheweddingpalace","https:\/\/www.instagram.com\/kooningstheweddingpalace","https:\/\/www.pinterest.com\/koonings","https:\/\/www.youtube.com\/kooningstheweddingpalace"]}]}},"_links":{"self":[{"href":"https:\/\/www.koonings.com\/fr\/wp-json\/wp\/v2\/product\/33859","targetHints":{"allow":["GET"]}}],"collection":[{"href":"https:\/\/www.koonings.com\/fr\/wp-json\/wp\/v2\/product"}],"about":[{"href":"https:\/\/www.koonings.com\/fr\/wp-json\/wp\/v2\/types\/product"}],"wp:featuredmedia":[{"embeddable":true,"href":"https:\/\/www.koonings.com\/fr\/wp-json\/wp\/v2\/media\/31672"}],"wp:attachment":[{"href":"https:\/\/www.koonings.com\/fr\/wp-json\/wp\/v2\/media?parent=33859"}],"wp:term":[{"taxonomy":"productdetails","embeddable":true,"href":"https:\/\/www.koonings.com\/fr\/wp-json\/wp\/v2\/productdetails?post=33859"},{"taxonomy":"productneck","embeddable":true,"href":"https:\/\/www.koonings.com\/fr\/wp-json\/wp\/v2\/productneck?post=33859"},{"taxonomy":"productcolor","embeddable":true,"href":"https:\/\/www.koonings.com\/fr\/wp-json\/wp\/v2\/productcolor?post=33859"},{"taxonomy":"maat","embeddable":true,"href":"https:\/\/www.koonings.com\/fr\/wp-json\/wp\/v2\/maat?post=33859"},{"taxonomy":"productsupplier","embeddable":true,"href":"https:\/\/www.koonings.com\/fr\/wp-json\/wp\/v2\/productsupplier?post=33859"},{"taxonomy":"productsleeve","embeddable":true,"href":"https:\/\/www.koonings.com\/fr\/wp-json\/wp\/v2\/productsleeve?post=33859"},{"taxonomy":"productcategory","embeddable":true,"href":"https:\/\/www.koonings.com\/fr\/wp-json\/wp\/v2\/productcategory?post=33859"},{"taxonomy":"productsilhouette","embeddable":true,"href":"https:\/\/www.koonings.com\/fr\/wp-json\/wp\/v2\/productsilhouette?post=33859"},{"taxonomy":"productstyle","embeddable":true,"href":"https:\/\/www.koonings.com\/fr\/wp-json\/wp\/v2\/productstyle?post=33859"}],"curies":[{"name":"wp","href":"https:\/\/api.w.org\/{rel}","templated":true}]}}