{"id":33743,"date":"2026-04-28T18:06:29","date_gmt":"2026-04-28T16:06:29","guid":{"rendered":"https:\/\/www.koonings.com\/product\/rembo-styling-lyrical-1-belt\/"},"modified":"2026-02-16T13:53:56","modified_gmt":"2026-02-16T12:53:56","slug":"rembo-styling-lyrical-1-belt","status":"publish","type":"product","link":"https:\/\/www.koonings.com\/fr\/product\/rembo-styling-lyrical-1-belt\/","title":{"rendered":"Rembo Styling Lyrical\/1 + ceinture"},"content":{"rendered":"<p>La robe de mari\u00e9e Lyrical de Rembo Styling, disponible chez Koonings The Wedding Palace, est un choix \u00e9l\u00e9gant et romantique pour la mari\u00e9e qui recherche un look unique et boh\u00e8me. Elle pr\u00e9sente une belle silhouette en ligne A qui tombe de mani\u00e8re ludique et l\u00e9g\u00e8re, ce qui lui conf\u00e8re un charme moderne et classique \u00e0 la fois. La robe est orn\u00e9e de dentelle d\u00e9licate et de d\u00e9tails subtils qui cr\u00e9ent un sentiment sophistiqu\u00e9 et romantique. Le d\u00e9collet\u00e9 en V profond et les manches de r\u00eave ajoutent au caract\u00e8re doux et \u00e9th\u00e9r\u00e9 de la robe. Id\u00e9ale pour un mariage de style rustique ou boh\u00e8me, la Lyrical offre un \u00e9quilibre parfait entre \u00e9l\u00e9gance et libert\u00e9. Disponible chez Koonings The Wedding Palace, o\u00f9 vous pourrez essayer cette robe \u00e0 couper le souffle et la faire confectionner sur mesure pour votre grand jour.     <\/p>\n","protected":false},"featured_media":27237,"template":"","meta":{"_acf_changed":false,"ghostkit_customizer_options":"","ghostkit_custom_css":"","ghostkit_custom_js_head":"","ghostkit_custom_js_foot":"","ghostkit_typography":""},"productdetails":[378],"productneck":[352],"productcolor":[392],"maat":[],"productsupplier":[414],"productsleeve":[361],"productcategory":[18],"productsilhouette":[389],"productstyle":[364],"class_list":["post-33743","product","type-product","status-publish","has-post-thumbnail","hentry","productdetails-378","productneck-352","productcolor-392","productsupplier-rembo-styling","productsleeve-361","productcategory-trouwjurken","productsilhouette-389","productstyle-364"],"acf":[],"yoast_head":"<!-- This site is optimized with the Yoast SEO plugin v27.3 - https:\/\/yoast.com\/product\/yoast-seo-wordpress\/ -->\n<title>Rembo Styling Lyrical\/1 + ceinture | Koonings<\/title>\n<meta name=\"description\" content=\"La robe de mari\u00e9e Lyrical de Rembo Styling, disponible chez Koonings The Wedding Palace, est un choix \u00e9l\u00e9gant et romantique pour la mari\u00e9e qui recherche un look unique et boh\u00e8me. Elle pr\u00e9sente une belle silhouette en ligne A qui tombe de mani\u00e8re ludique et l\u00e9g\u00e8re, ce qui lui conf\u00e8re un charme moderne et classique \u00e0 la fois. La robe est orn\u00e9e de dentelle d\u00e9licate et de d\u00e9tails subtils qui cr\u00e9ent un sentiment sophistiqu\u00e9 et romantique. Le d\u00e9collet\u00e9 en V profond et les manches de r\u00eave ajoutent au caract\u00e8re doux et \u00e9th\u00e9r\u00e9 de la robe. Id\u00e9ale pour un mariage de style rustique ou boh\u00e8me, la Lyrical offre un \u00e9quilibre parfait entre \u00e9l\u00e9gance et libert\u00e9. Disponible chez Koonings The Wedding Palace, o\u00f9 vous pourrez essayer cette robe \u00e0 couper le souffle et la faire confectionner sur mesure pour votre grand jour.\" \/>\n<meta name=\"robots\" content=\"index, follow, max-snippet:-1, max-image-preview:large, max-video-preview:-1\" \/>\n<link rel=\"canonical\" href=\"https:\/\/www.koonings.com\/fr\/product\/rembo-styling-lyrical-1-belt\/\" \/>\n<meta property=\"og:locale\" content=\"fr_FR\" \/>\n<meta property=\"og:type\" content=\"article\" \/>\n<meta property=\"og:title\" content=\"Rembo Styling Lyrical\/1 + ceinture | Koonings\" \/>\n<meta property=\"og:description\" content=\"La robe de mari\u00e9e Lyrical de Rembo Styling, disponible chez Koonings The Wedding Palace, est un choix \u00e9l\u00e9gant et romantique pour la mari\u00e9e qui recherche un look unique et boh\u00e8me. Elle pr\u00e9sente une belle silhouette en ligne A qui tombe de mani\u00e8re ludique et l\u00e9g\u00e8re, ce qui lui conf\u00e8re un charme moderne et classique \u00e0 la fois. La robe est orn\u00e9e de dentelle d\u00e9licate et de d\u00e9tails subtils qui cr\u00e9ent un sentiment sophistiqu\u00e9 et romantique. Le d\u00e9collet\u00e9 en V profond et les manches de r\u00eave ajoutent au caract\u00e8re doux et \u00e9th\u00e9r\u00e9 de la robe. Id\u00e9ale pour un mariage de style rustique ou boh\u00e8me, la Lyrical offre un \u00e9quilibre parfait entre \u00e9l\u00e9gance et libert\u00e9. Disponible chez Koonings The Wedding Palace, o\u00f9 vous pourrez essayer cette robe \u00e0 couper le souffle et la faire confectionner sur mesure pour votre grand jour.\" \/>\n<meta property=\"og:url\" content=\"https:\/\/www.koonings.com\/fr\/product\/rembo-styling-lyrical-1-belt\/\" \/>\n<meta property=\"og:site_name\" content=\"Koonings\" \/>\n<meta property=\"article:publisher\" content=\"https:\/\/www.facebook.com\/kooningstheweddingpalace\" \/>\n<meta property=\"og:image\" content=\"https:\/\/www.koonings.com\/wp-content\/uploads\/2024\/11\/35621_3c23762a93a04c71d32b27b9f6ba4091e70e0d439f9c417b20f4ebfb42089f0e0b7af1b4.jpeg\" \/>\n\t<meta property=\"og:image:width\" content=\"989\" \/>\n\t<meta property=\"og:image:height\" content=\"1280\" \/>\n\t<meta property=\"og:image:type\" content=\"image\/jpeg\" \/>\n<meta name=\"twitter:card\" content=\"summary_large_image\" \/>\n<meta name=\"twitter:label1\" content=\"Dur\u00e9e de lecture estim\u00e9e\" \/>\n\t<meta name=\"twitter:data1\" content=\"1 minute\" \/>\n<script type=\"application\/ld+json\" class=\"yoast-schema-graph\">{\"@context\":\"https:\\\/\\\/schema.org\",\"@graph\":[{\"@type\":\"WebPage\",\"@id\":\"https:\\\/\\\/www.koonings.com\\\/fr\\\/product\\\/rembo-styling-lyrical-1-belt\\\/\",\"url\":\"https:\\\/\\\/www.koonings.com\\\/fr\\\/product\\\/rembo-styling-lyrical-1-belt\\\/\",\"name\":\"Rembo Styling Lyrical\\\/1 + ceinture | Koonings\",\"isPartOf\":{\"@id\":\"https:\\\/\\\/www.koonings.com\\\/fr\\\/#website\"},\"primaryImageOfPage\":{\"@id\":\"https:\\\/\\\/www.koonings.com\\\/fr\\\/product\\\/rembo-styling-lyrical-1-belt\\\/#primaryimage\"},\"image\":{\"@id\":\"https:\\\/\\\/www.koonings.com\\\/fr\\\/product\\\/rembo-styling-lyrical-1-belt\\\/#primaryimage\"},\"thumbnailUrl\":\"https:\\\/\\\/www.koonings.com\\\/wp-content\\\/uploads\\\/2024\\\/11\\\/35621_3c23762a93a04c71d32b27b9f6ba4091e70e0d439f9c417b20f4ebfb42089f0e0b7af1b4.jpeg\",\"datePublished\":\"2026-04-28T16:06:29+00:00\",\"description\":\"La robe de mari\u00e9e Lyrical de Rembo Styling, disponible chez Koonings The Wedding Palace, est un choix \u00e9l\u00e9gant et romantique pour la mari\u00e9e qui recherche un look unique et boh\u00e8me. Elle pr\u00e9sente une belle silhouette en ligne A qui tombe de mani\u00e8re ludique et l\u00e9g\u00e8re, ce qui lui conf\u00e8re un charme moderne et classique \u00e0 la fois. La robe est orn\u00e9e de dentelle d\u00e9licate et de d\u00e9tails subtils qui cr\u00e9ent un sentiment sophistiqu\u00e9 et romantique. Le d\u00e9collet\u00e9 en V profond et les manches de r\u00eave ajoutent au caract\u00e8re doux et \u00e9th\u00e9r\u00e9 de la robe. Id\u00e9ale pour un mariage de style rustique ou boh\u00e8me, la Lyrical offre un \u00e9quilibre parfait entre \u00e9l\u00e9gance et libert\u00e9. Disponible chez Koonings The Wedding Palace, o\u00f9 vous pourrez essayer cette robe \u00e0 couper le souffle et la faire confectionner sur mesure pour votre grand jour.\",\"breadcrumb\":{\"@id\":\"https:\\\/\\\/www.koonings.com\\\/fr\\\/product\\\/rembo-styling-lyrical-1-belt\\\/#breadcrumb\"},\"inLanguage\":\"fr-FR\",\"potentialAction\":[{\"@type\":\"ReadAction\",\"target\":[\"https:\\\/\\\/www.koonings.com\\\/fr\\\/product\\\/rembo-styling-lyrical-1-belt\\\/\"]}]},{\"@type\":\"ImageObject\",\"inLanguage\":\"fr-FR\",\"@id\":\"https:\\\/\\\/www.koonings.com\\\/fr\\\/product\\\/rembo-styling-lyrical-1-belt\\\/#primaryimage\",\"url\":\"https:\\\/\\\/www.koonings.com\\\/wp-content\\\/uploads\\\/2024\\\/11\\\/35621_3c23762a93a04c71d32b27b9f6ba4091e70e0d439f9c417b20f4ebfb42089f0e0b7af1b4.jpeg\",\"contentUrl\":\"https:\\\/\\\/www.koonings.com\\\/wp-content\\\/uploads\\\/2024\\\/11\\\/35621_3c23762a93a04c71d32b27b9f6ba4091e70e0d439f9c417b20f4ebfb42089f0e0b7af1b4.jpeg\",\"width\":989,\"height\":1280},{\"@type\":\"BreadcrumbList\",\"@id\":\"https:\\\/\\\/www.koonings.com\\\/fr\\\/product\\\/rembo-styling-lyrical-1-belt\\\/#breadcrumb\",\"itemListElement\":[{\"@type\":\"ListItem\",\"position\":1,\"name\":\"Home\",\"item\":\"https:\\\/\\\/www.koonings.com\\\/fr\\\/\"},{\"@type\":\"ListItem\",\"position\":2,\"name\":\"Rembo Styling Lyrical\\\/1 + ceinture\"}]},{\"@type\":\"WebSite\",\"@id\":\"https:\\\/\\\/www.koonings.com\\\/fr\\\/#website\",\"url\":\"https:\\\/\\\/www.koonings.com\\\/fr\\\/\",\"name\":\"Koonings\",\"description\":\"De grootste bruidsmodewinkel ter wereld\",\"publisher\":{\"@id\":\"https:\\\/\\\/www.koonings.com\\\/fr\\\/#organization\"},\"potentialAction\":[{\"@type\":\"SearchAction\",\"target\":{\"@type\":\"EntryPoint\",\"urlTemplate\":\"https:\\\/\\\/www.koonings.com\\\/fr\\\/?s={search_term_string}\"},\"query-input\":{\"@type\":\"PropertyValueSpecification\",\"valueRequired\":true,\"valueName\":\"search_term_string\"}}],\"inLanguage\":\"fr-FR\"},{\"@type\":\"Organization\",\"@id\":\"https:\\\/\\\/www.koonings.com\\\/fr\\\/#organization\",\"name\":\"Koonings\",\"url\":\"https:\\\/\\\/www.koonings.com\\\/fr\\\/\",\"logo\":{\"@type\":\"ImageObject\",\"inLanguage\":\"fr-FR\",\"@id\":\"https:\\\/\\\/www.koonings.com\\\/fr\\\/#\\\/schema\\\/logo\\\/image\\\/\",\"url\":\"https:\\\/\\\/www.koonings.com\\\/wp-content\\\/uploads\\\/2024\\\/07\\\/logo.png\",\"contentUrl\":\"https:\\\/\\\/www.koonings.com\\\/wp-content\\\/uploads\\\/2024\\\/07\\\/logo.png\",\"width\":600,\"height\":428,\"caption\":\"Koonings\"},\"image\":{\"@id\":\"https:\\\/\\\/www.koonings.com\\\/fr\\\/#\\\/schema\\\/logo\\\/image\\\/\"},\"sameAs\":[\"https:\\\/\\\/www.facebook.com\\\/kooningstheweddingpalace\",\"https:\\\/\\\/www.instagram.com\\\/kooningstheweddingpalace\",\"https:\\\/\\\/www.pinterest.com\\\/koonings\",\"https:\\\/\\\/www.youtube.com\\\/kooningstheweddingpalace\"]}]}<\/script>\n<!-- \/ Yoast SEO plugin. -->","yoast_head_json":{"title":"Rembo Styling Lyrical\/1 + ceinture | Koonings","description":"La robe de mari\u00e9e Lyrical de Rembo Styling, disponible chez Koonings The Wedding Palace, est un choix \u00e9l\u00e9gant et romantique pour la mari\u00e9e qui recherche un look unique et boh\u00e8me. Elle pr\u00e9sente une belle silhouette en ligne A qui tombe de mani\u00e8re ludique et l\u00e9g\u00e8re, ce qui lui conf\u00e8re un charme moderne et classique \u00e0 la fois. La robe est orn\u00e9e de dentelle d\u00e9licate et de d\u00e9tails subtils qui cr\u00e9ent un sentiment sophistiqu\u00e9 et romantique. Le d\u00e9collet\u00e9 en V profond et les manches de r\u00eave ajoutent au caract\u00e8re doux et \u00e9th\u00e9r\u00e9 de la robe. Id\u00e9ale pour un mariage de style rustique ou boh\u00e8me, la Lyrical offre un \u00e9quilibre parfait entre \u00e9l\u00e9gance et libert\u00e9. Disponible chez Koonings The Wedding Palace, o\u00f9 vous pourrez essayer cette robe \u00e0 couper le souffle et la faire confectionner sur mesure pour votre grand jour.","robots":{"index":"index","follow":"follow","max-snippet":"max-snippet:-1","max-image-preview":"max-image-preview:large","max-video-preview":"max-video-preview:-1"},"canonical":"https:\/\/www.koonings.com\/fr\/product\/rembo-styling-lyrical-1-belt\/","og_locale":"fr_FR","og_type":"article","og_title":"Rembo Styling Lyrical\/1 + ceinture | Koonings","og_description":"La robe de mari\u00e9e Lyrical de Rembo Styling, disponible chez Koonings The Wedding Palace, est un choix \u00e9l\u00e9gant et romantique pour la mari\u00e9e qui recherche un look unique et boh\u00e8me. Elle pr\u00e9sente une belle silhouette en ligne A qui tombe de mani\u00e8re ludique et l\u00e9g\u00e8re, ce qui lui conf\u00e8re un charme moderne et classique \u00e0 la fois. La robe est orn\u00e9e de dentelle d\u00e9licate et de d\u00e9tails subtils qui cr\u00e9ent un sentiment sophistiqu\u00e9 et romantique. Le d\u00e9collet\u00e9 en V profond et les manches de r\u00eave ajoutent au caract\u00e8re doux et \u00e9th\u00e9r\u00e9 de la robe. Id\u00e9ale pour un mariage de style rustique ou boh\u00e8me, la Lyrical offre un \u00e9quilibre parfait entre \u00e9l\u00e9gance et libert\u00e9. Disponible chez Koonings The Wedding Palace, o\u00f9 vous pourrez essayer cette robe \u00e0 couper le souffle et la faire confectionner sur mesure pour votre grand jour.","og_url":"https:\/\/www.koonings.com\/fr\/product\/rembo-styling-lyrical-1-belt\/","og_site_name":"Koonings","article_publisher":"https:\/\/www.facebook.com\/kooningstheweddingpalace","og_image":[{"width":989,"height":1280,"url":"https:\/\/www.koonings.com\/wp-content\/uploads\/2024\/11\/35621_3c23762a93a04c71d32b27b9f6ba4091e70e0d439f9c417b20f4ebfb42089f0e0b7af1b4.jpeg","type":"image\/jpeg"}],"twitter_card":"summary_large_image","twitter_misc":{"Dur\u00e9e de lecture estim\u00e9e":"1 minute"},"schema":{"@context":"https:\/\/schema.org","@graph":[{"@type":"WebPage","@id":"https:\/\/www.koonings.com\/fr\/product\/rembo-styling-lyrical-1-belt\/","url":"https:\/\/www.koonings.com\/fr\/product\/rembo-styling-lyrical-1-belt\/","name":"Rembo Styling Lyrical\/1 + ceinture | Koonings","isPartOf":{"@id":"https:\/\/www.koonings.com\/fr\/#website"},"primaryImageOfPage":{"@id":"https:\/\/www.koonings.com\/fr\/product\/rembo-styling-lyrical-1-belt\/#primaryimage"},"image":{"@id":"https:\/\/www.koonings.com\/fr\/product\/rembo-styling-lyrical-1-belt\/#primaryimage"},"thumbnailUrl":"https:\/\/www.koonings.com\/wp-content\/uploads\/2024\/11\/35621_3c23762a93a04c71d32b27b9f6ba4091e70e0d439f9c417b20f4ebfb42089f0e0b7af1b4.jpeg","datePublished":"2026-04-28T16:06:29+00:00","description":"La robe de mari\u00e9e Lyrical de Rembo Styling, disponible chez Koonings The Wedding Palace, est un choix \u00e9l\u00e9gant et romantique pour la mari\u00e9e qui recherche un look unique et boh\u00e8me. Elle pr\u00e9sente une belle silhouette en ligne A qui tombe de mani\u00e8re ludique et l\u00e9g\u00e8re, ce qui lui conf\u00e8re un charme moderne et classique \u00e0 la fois. La robe est orn\u00e9e de dentelle d\u00e9licate et de d\u00e9tails subtils qui cr\u00e9ent un sentiment sophistiqu\u00e9 et romantique. Le d\u00e9collet\u00e9 en V profond et les manches de r\u00eave ajoutent au caract\u00e8re doux et \u00e9th\u00e9r\u00e9 de la robe. Id\u00e9ale pour un mariage de style rustique ou boh\u00e8me, la Lyrical offre un \u00e9quilibre parfait entre \u00e9l\u00e9gance et libert\u00e9. Disponible chez Koonings The Wedding Palace, o\u00f9 vous pourrez essayer cette robe \u00e0 couper le souffle et la faire confectionner sur mesure pour votre grand jour.","breadcrumb":{"@id":"https:\/\/www.koonings.com\/fr\/product\/rembo-styling-lyrical-1-belt\/#breadcrumb"},"inLanguage":"fr-FR","potentialAction":[{"@type":"ReadAction","target":["https:\/\/www.koonings.com\/fr\/product\/rembo-styling-lyrical-1-belt\/"]}]},{"@type":"ImageObject","inLanguage":"fr-FR","@id":"https:\/\/www.koonings.com\/fr\/product\/rembo-styling-lyrical-1-belt\/#primaryimage","url":"https:\/\/www.koonings.com\/wp-content\/uploads\/2024\/11\/35621_3c23762a93a04c71d32b27b9f6ba4091e70e0d439f9c417b20f4ebfb42089f0e0b7af1b4.jpeg","contentUrl":"https:\/\/www.koonings.com\/wp-content\/uploads\/2024\/11\/35621_3c23762a93a04c71d32b27b9f6ba4091e70e0d439f9c417b20f4ebfb42089f0e0b7af1b4.jpeg","width":989,"height":1280},{"@type":"BreadcrumbList","@id":"https:\/\/www.koonings.com\/fr\/product\/rembo-styling-lyrical-1-belt\/#breadcrumb","itemListElement":[{"@type":"ListItem","position":1,"name":"Home","item":"https:\/\/www.koonings.com\/fr\/"},{"@type":"ListItem","position":2,"name":"Rembo Styling Lyrical\/1 + ceinture"}]},{"@type":"WebSite","@id":"https:\/\/www.koonings.com\/fr\/#website","url":"https:\/\/www.koonings.com\/fr\/","name":"Koonings","description":"De grootste bruidsmodewinkel ter wereld","publisher":{"@id":"https:\/\/www.koonings.com\/fr\/#organization"},"potentialAction":[{"@type":"SearchAction","target":{"@type":"EntryPoint","urlTemplate":"https:\/\/www.koonings.com\/fr\/?s={search_term_string}"},"query-input":{"@type":"PropertyValueSpecification","valueRequired":true,"valueName":"search_term_string"}}],"inLanguage":"fr-FR"},{"@type":"Organization","@id":"https:\/\/www.koonings.com\/fr\/#organization","name":"Koonings","url":"https:\/\/www.koonings.com\/fr\/","logo":{"@type":"ImageObject","inLanguage":"fr-FR","@id":"https:\/\/www.koonings.com\/fr\/#\/schema\/logo\/image\/","url":"https:\/\/www.koonings.com\/wp-content\/uploads\/2024\/07\/logo.png","contentUrl":"https:\/\/www.koonings.com\/wp-content\/uploads\/2024\/07\/logo.png","width":600,"height":428,"caption":"Koonings"},"image":{"@id":"https:\/\/www.koonings.com\/fr\/#\/schema\/logo\/image\/"},"sameAs":["https:\/\/www.facebook.com\/kooningstheweddingpalace","https:\/\/www.instagram.com\/kooningstheweddingpalace","https:\/\/www.pinterest.com\/koonings","https:\/\/www.youtube.com\/kooningstheweddingpalace"]}]}},"_links":{"self":[{"href":"https:\/\/www.koonings.com\/fr\/wp-json\/wp\/v2\/product\/33743","targetHints":{"allow":["GET"]}}],"collection":[{"href":"https:\/\/www.koonings.com\/fr\/wp-json\/wp\/v2\/product"}],"about":[{"href":"https:\/\/www.koonings.com\/fr\/wp-json\/wp\/v2\/types\/product"}],"wp:featuredmedia":[{"embeddable":true,"href":"https:\/\/www.koonings.com\/fr\/wp-json\/wp\/v2\/media\/27237"}],"wp:attachment":[{"href":"https:\/\/www.koonings.com\/fr\/wp-json\/wp\/v2\/media?parent=33743"}],"wp:term":[{"taxonomy":"productdetails","embeddable":true,"href":"https:\/\/www.koonings.com\/fr\/wp-json\/wp\/v2\/productdetails?post=33743"},{"taxonomy":"productneck","embeddable":true,"href":"https:\/\/www.koonings.com\/fr\/wp-json\/wp\/v2\/productneck?post=33743"},{"taxonomy":"productcolor","embeddable":true,"href":"https:\/\/www.koonings.com\/fr\/wp-json\/wp\/v2\/productcolor?post=33743"},{"taxonomy":"maat","embeddable":true,"href":"https:\/\/www.koonings.com\/fr\/wp-json\/wp\/v2\/maat?post=33743"},{"taxonomy":"productsupplier","embeddable":true,"href":"https:\/\/www.koonings.com\/fr\/wp-json\/wp\/v2\/productsupplier?post=33743"},{"taxonomy":"productsleeve","embeddable":true,"href":"https:\/\/www.koonings.com\/fr\/wp-json\/wp\/v2\/productsleeve?post=33743"},{"taxonomy":"productcategory","embeddable":true,"href":"https:\/\/www.koonings.com\/fr\/wp-json\/wp\/v2\/productcategory?post=33743"},{"taxonomy":"productsilhouette","embeddable":true,"href":"https:\/\/www.koonings.com\/fr\/wp-json\/wp\/v2\/productsilhouette?post=33743"},{"taxonomy":"productstyle","embeddable":true,"href":"https:\/\/www.koonings.com\/fr\/wp-json\/wp\/v2\/productstyle?post=33743"}],"curies":[{"name":"wp","href":"https:\/\/api.w.org\/{rel}","templated":true}]}}