{"id":33596,"date":"2026-04-28T18:08:13","date_gmt":"2026-04-28T16:08:13","guid":{"rendered":"https:\/\/www.koonings.com\/product\/elysee-cassiopeia\/"},"modified":"2026-02-16T14:27:02","modified_gmt":"2026-02-16T13:27:02","slug":"elysee-cassiopeia","status":"publish","type":"product","link":"https:\/\/www.koonings.com\/fr\/product\/elysee-cassiopeia\/","title":{"rendered":"Elysee Cassiop\u00e9e"},"content":{"rendered":"<p>Une robe \u00e9blouissante qui a tout pour plaire ! Cette robe de mari\u00e9e sir\u00e8ne sexy pr\u00e9sente un magnifique m\u00e9lange de fleurs \u00e9tincelantes, de dentelle baroque et de dentelle de Chantilly, joliment superpos\u00e9es sur le corsage romantique avec un d\u00e9collet\u00e9 en forme de c\u0153ur et un corset \u00e0 illusion dans le dos. Elle pr\u00e9sente \u00e9galement des d\u00e9coupes lat\u00e9rales sexy qui allongent et dessinent les contours du corps et se fondent dans la jupe la plus \u00e9l\u00e9gante et la plus douce qui soit.  <\/p>\n","protected":false},"featured_media":30486,"template":"","meta":{"_acf_changed":false,"ghostkit_customizer_options":"","ghostkit_custom_css":"","ghostkit_custom_js_head":"","ghostkit_custom_js_foot":"","ghostkit_typography":""},"productdetails":[],"productneck":[354],"productcolor":[392],"maat":[],"productsupplier":[427],"productsleeve":[],"productcategory":[18],"productsilhouette":[387,390],"productstyle":[366],"class_list":["post-33596","product","type-product","status-publish","has-post-thumbnail","hentry","productneck-354","productcolor-392","productsupplier-elysee","productcategory-trouwjurken","productsilhouette-387","productsilhouette-390","productstyle-366"],"acf":[],"yoast_head":"<!-- This site is optimized with the Yoast SEO plugin v27.3 - https:\/\/yoast.com\/product\/yoast-seo-wordpress\/ -->\n<title>Elysee Cassiop\u00e9e | Koonings<\/title>\n<meta name=\"description\" content=\"Une robe \u00e9blouissante qui a tout pour plaire ! Cette robe de mari\u00e9e sir\u00e8ne sexy pr\u00e9sente un magnifique m\u00e9lange de fleurs \u00e9tincelantes, de dentelle baroque et de dentelle de Chantilly, joliment superpos\u00e9es sur le corsage romantique avec un d\u00e9collet\u00e9 en forme de c\u0153ur et un corset \u00e0 illusion dans le dos. Elle pr\u00e9sente \u00e9galement des d\u00e9coupes lat\u00e9rales sexy qui allongent et dessinent les contours du corps et se fondent dans la jupe la plus \u00e9l\u00e9gante et la plus douce qui soit.\" \/>\n<meta name=\"robots\" content=\"index, follow, max-snippet:-1, max-image-preview:large, max-video-preview:-1\" \/>\n<link rel=\"canonical\" href=\"https:\/\/www.koonings.com\/fr\/product\/elysee-cassiopeia\/\" \/>\n<meta property=\"og:locale\" content=\"fr_FR\" \/>\n<meta property=\"og:type\" content=\"article\" \/>\n<meta property=\"og:title\" content=\"Elysee Cassiop\u00e9e | Koonings\" \/>\n<meta property=\"og:description\" content=\"Une robe \u00e9blouissante qui a tout pour plaire ! Cette robe de mari\u00e9e sir\u00e8ne sexy pr\u00e9sente un magnifique m\u00e9lange de fleurs \u00e9tincelantes, de dentelle baroque et de dentelle de Chantilly, joliment superpos\u00e9es sur le corsage romantique avec un d\u00e9collet\u00e9 en forme de c\u0153ur et un corset \u00e0 illusion dans le dos. Elle pr\u00e9sente \u00e9galement des d\u00e9coupes lat\u00e9rales sexy qui allongent et dessinent les contours du corps et se fondent dans la jupe la plus \u00e9l\u00e9gante et la plus douce qui soit.\" \/>\n<meta property=\"og:url\" content=\"https:\/\/www.koonings.com\/fr\/product\/elysee-cassiopeia\/\" \/>\n<meta property=\"og:site_name\" content=\"Koonings\" \/>\n<meta property=\"article:publisher\" content=\"https:\/\/www.facebook.com\/kooningstheweddingpalace\" \/>\n<meta property=\"og:image\" content=\"https:\/\/www.koonings.com\/wp-content\/uploads\/2024\/11\/37537_579c051d8569477657d00e6eb25e8e2cdc22cc2e1af568da3b7f4333ef7485e7f1b397a9.jpeg\" \/>\n\t<meta property=\"og:image:width\" content=\"973\" \/>\n\t<meta property=\"og:image:height\" content=\"1377\" \/>\n\t<meta property=\"og:image:type\" content=\"image\/jpeg\" \/>\n<meta name=\"twitter:card\" content=\"summary_large_image\" \/>\n<script type=\"application\/ld+json\" class=\"yoast-schema-graph\">{\"@context\":\"https:\\\/\\\/schema.org\",\"@graph\":[{\"@type\":\"WebPage\",\"@id\":\"https:\\\/\\\/www.koonings.com\\\/fr\\\/product\\\/elysee-cassiopeia\\\/\",\"url\":\"https:\\\/\\\/www.koonings.com\\\/fr\\\/product\\\/elysee-cassiopeia\\\/\",\"name\":\"Elysee Cassiop\u00e9e | Koonings\",\"isPartOf\":{\"@id\":\"https:\\\/\\\/www.koonings.com\\\/fr\\\/#website\"},\"primaryImageOfPage\":{\"@id\":\"https:\\\/\\\/www.koonings.com\\\/fr\\\/product\\\/elysee-cassiopeia\\\/#primaryimage\"},\"image\":{\"@id\":\"https:\\\/\\\/www.koonings.com\\\/fr\\\/product\\\/elysee-cassiopeia\\\/#primaryimage\"},\"thumbnailUrl\":\"https:\\\/\\\/www.koonings.com\\\/wp-content\\\/uploads\\\/2024\\\/11\\\/37537_579c051d8569477657d00e6eb25e8e2cdc22cc2e1af568da3b7f4333ef7485e7f1b397a9.jpeg\",\"datePublished\":\"2026-04-28T16:08:13+00:00\",\"description\":\"Une robe \u00e9blouissante qui a tout pour plaire ! Cette robe de mari\u00e9e sir\u00e8ne sexy pr\u00e9sente un magnifique m\u00e9lange de fleurs \u00e9tincelantes, de dentelle baroque et de dentelle de Chantilly, joliment superpos\u00e9es sur le corsage romantique avec un d\u00e9collet\u00e9 en forme de c\u0153ur et un corset \u00e0 illusion dans le dos. Elle pr\u00e9sente \u00e9galement des d\u00e9coupes lat\u00e9rales sexy qui allongent et dessinent les contours du corps et se fondent dans la jupe la plus \u00e9l\u00e9gante et la plus douce qui soit.\",\"breadcrumb\":{\"@id\":\"https:\\\/\\\/www.koonings.com\\\/fr\\\/product\\\/elysee-cassiopeia\\\/#breadcrumb\"},\"inLanguage\":\"fr-FR\",\"potentialAction\":[{\"@type\":\"ReadAction\",\"target\":[\"https:\\\/\\\/www.koonings.com\\\/fr\\\/product\\\/elysee-cassiopeia\\\/\"]}]},{\"@type\":\"ImageObject\",\"inLanguage\":\"fr-FR\",\"@id\":\"https:\\\/\\\/www.koonings.com\\\/fr\\\/product\\\/elysee-cassiopeia\\\/#primaryimage\",\"url\":\"https:\\\/\\\/www.koonings.com\\\/wp-content\\\/uploads\\\/2024\\\/11\\\/37537_579c051d8569477657d00e6eb25e8e2cdc22cc2e1af568da3b7f4333ef7485e7f1b397a9.jpeg\",\"contentUrl\":\"https:\\\/\\\/www.koonings.com\\\/wp-content\\\/uploads\\\/2024\\\/11\\\/37537_579c051d8569477657d00e6eb25e8e2cdc22cc2e1af568da3b7f4333ef7485e7f1b397a9.jpeg\",\"width\":973,\"height\":1377},{\"@type\":\"BreadcrumbList\",\"@id\":\"https:\\\/\\\/www.koonings.com\\\/fr\\\/product\\\/elysee-cassiopeia\\\/#breadcrumb\",\"itemListElement\":[{\"@type\":\"ListItem\",\"position\":1,\"name\":\"Home\",\"item\":\"https:\\\/\\\/www.koonings.com\\\/fr\\\/\"},{\"@type\":\"ListItem\",\"position\":2,\"name\":\"Elysee Cassiop\u00e9e\"}]},{\"@type\":\"WebSite\",\"@id\":\"https:\\\/\\\/www.koonings.com\\\/fr\\\/#website\",\"url\":\"https:\\\/\\\/www.koonings.com\\\/fr\\\/\",\"name\":\"Koonings\",\"description\":\"De grootste bruidsmodewinkel ter wereld\",\"publisher\":{\"@id\":\"https:\\\/\\\/www.koonings.com\\\/fr\\\/#organization\"},\"potentialAction\":[{\"@type\":\"SearchAction\",\"target\":{\"@type\":\"EntryPoint\",\"urlTemplate\":\"https:\\\/\\\/www.koonings.com\\\/fr\\\/?s={search_term_string}\"},\"query-input\":{\"@type\":\"PropertyValueSpecification\",\"valueRequired\":true,\"valueName\":\"search_term_string\"}}],\"inLanguage\":\"fr-FR\"},{\"@type\":\"Organization\",\"@id\":\"https:\\\/\\\/www.koonings.com\\\/fr\\\/#organization\",\"name\":\"Koonings\",\"url\":\"https:\\\/\\\/www.koonings.com\\\/fr\\\/\",\"logo\":{\"@type\":\"ImageObject\",\"inLanguage\":\"fr-FR\",\"@id\":\"https:\\\/\\\/www.koonings.com\\\/fr\\\/#\\\/schema\\\/logo\\\/image\\\/\",\"url\":\"https:\\\/\\\/www.koonings.com\\\/wp-content\\\/uploads\\\/2024\\\/07\\\/logo.png\",\"contentUrl\":\"https:\\\/\\\/www.koonings.com\\\/wp-content\\\/uploads\\\/2024\\\/07\\\/logo.png\",\"width\":600,\"height\":428,\"caption\":\"Koonings\"},\"image\":{\"@id\":\"https:\\\/\\\/www.koonings.com\\\/fr\\\/#\\\/schema\\\/logo\\\/image\\\/\"},\"sameAs\":[\"https:\\\/\\\/www.facebook.com\\\/kooningstheweddingpalace\",\"https:\\\/\\\/www.instagram.com\\\/kooningstheweddingpalace\",\"https:\\\/\\\/www.pinterest.com\\\/koonings\",\"https:\\\/\\\/www.youtube.com\\\/kooningstheweddingpalace\"]}]}<\/script>\n<!-- \/ Yoast SEO plugin. -->","yoast_head_json":{"title":"Elysee Cassiop\u00e9e | Koonings","description":"Une robe \u00e9blouissante qui a tout pour plaire ! Cette robe de mari\u00e9e sir\u00e8ne sexy pr\u00e9sente un magnifique m\u00e9lange de fleurs \u00e9tincelantes, de dentelle baroque et de dentelle de Chantilly, joliment superpos\u00e9es sur le corsage romantique avec un d\u00e9collet\u00e9 en forme de c\u0153ur et un corset \u00e0 illusion dans le dos. Elle pr\u00e9sente \u00e9galement des d\u00e9coupes lat\u00e9rales sexy qui allongent et dessinent les contours du corps et se fondent dans la jupe la plus \u00e9l\u00e9gante et la plus douce qui soit.","robots":{"index":"index","follow":"follow","max-snippet":"max-snippet:-1","max-image-preview":"max-image-preview:large","max-video-preview":"max-video-preview:-1"},"canonical":"https:\/\/www.koonings.com\/fr\/product\/elysee-cassiopeia\/","og_locale":"fr_FR","og_type":"article","og_title":"Elysee Cassiop\u00e9e | Koonings","og_description":"Une robe \u00e9blouissante qui a tout pour plaire ! Cette robe de mari\u00e9e sir\u00e8ne sexy pr\u00e9sente un magnifique m\u00e9lange de fleurs \u00e9tincelantes, de dentelle baroque et de dentelle de Chantilly, joliment superpos\u00e9es sur le corsage romantique avec un d\u00e9collet\u00e9 en forme de c\u0153ur et un corset \u00e0 illusion dans le dos. Elle pr\u00e9sente \u00e9galement des d\u00e9coupes lat\u00e9rales sexy qui allongent et dessinent les contours du corps et se fondent dans la jupe la plus \u00e9l\u00e9gante et la plus douce qui soit.","og_url":"https:\/\/www.koonings.com\/fr\/product\/elysee-cassiopeia\/","og_site_name":"Koonings","article_publisher":"https:\/\/www.facebook.com\/kooningstheweddingpalace","og_image":[{"width":973,"height":1377,"url":"https:\/\/www.koonings.com\/wp-content\/uploads\/2024\/11\/37537_579c051d8569477657d00e6eb25e8e2cdc22cc2e1af568da3b7f4333ef7485e7f1b397a9.jpeg","type":"image\/jpeg"}],"twitter_card":"summary_large_image","schema":{"@context":"https:\/\/schema.org","@graph":[{"@type":"WebPage","@id":"https:\/\/www.koonings.com\/fr\/product\/elysee-cassiopeia\/","url":"https:\/\/www.koonings.com\/fr\/product\/elysee-cassiopeia\/","name":"Elysee Cassiop\u00e9e | Koonings","isPartOf":{"@id":"https:\/\/www.koonings.com\/fr\/#website"},"primaryImageOfPage":{"@id":"https:\/\/www.koonings.com\/fr\/product\/elysee-cassiopeia\/#primaryimage"},"image":{"@id":"https:\/\/www.koonings.com\/fr\/product\/elysee-cassiopeia\/#primaryimage"},"thumbnailUrl":"https:\/\/www.koonings.com\/wp-content\/uploads\/2024\/11\/37537_579c051d8569477657d00e6eb25e8e2cdc22cc2e1af568da3b7f4333ef7485e7f1b397a9.jpeg","datePublished":"2026-04-28T16:08:13+00:00","description":"Une robe \u00e9blouissante qui a tout pour plaire ! Cette robe de mari\u00e9e sir\u00e8ne sexy pr\u00e9sente un magnifique m\u00e9lange de fleurs \u00e9tincelantes, de dentelle baroque et de dentelle de Chantilly, joliment superpos\u00e9es sur le corsage romantique avec un d\u00e9collet\u00e9 en forme de c\u0153ur et un corset \u00e0 illusion dans le dos. Elle pr\u00e9sente \u00e9galement des d\u00e9coupes lat\u00e9rales sexy qui allongent et dessinent les contours du corps et se fondent dans la jupe la plus \u00e9l\u00e9gante et la plus douce qui soit.","breadcrumb":{"@id":"https:\/\/www.koonings.com\/fr\/product\/elysee-cassiopeia\/#breadcrumb"},"inLanguage":"fr-FR","potentialAction":[{"@type":"ReadAction","target":["https:\/\/www.koonings.com\/fr\/product\/elysee-cassiopeia\/"]}]},{"@type":"ImageObject","inLanguage":"fr-FR","@id":"https:\/\/www.koonings.com\/fr\/product\/elysee-cassiopeia\/#primaryimage","url":"https:\/\/www.koonings.com\/wp-content\/uploads\/2024\/11\/37537_579c051d8569477657d00e6eb25e8e2cdc22cc2e1af568da3b7f4333ef7485e7f1b397a9.jpeg","contentUrl":"https:\/\/www.koonings.com\/wp-content\/uploads\/2024\/11\/37537_579c051d8569477657d00e6eb25e8e2cdc22cc2e1af568da3b7f4333ef7485e7f1b397a9.jpeg","width":973,"height":1377},{"@type":"BreadcrumbList","@id":"https:\/\/www.koonings.com\/fr\/product\/elysee-cassiopeia\/#breadcrumb","itemListElement":[{"@type":"ListItem","position":1,"name":"Home","item":"https:\/\/www.koonings.com\/fr\/"},{"@type":"ListItem","position":2,"name":"Elysee Cassiop\u00e9e"}]},{"@type":"WebSite","@id":"https:\/\/www.koonings.com\/fr\/#website","url":"https:\/\/www.koonings.com\/fr\/","name":"Koonings","description":"De grootste bruidsmodewinkel ter wereld","publisher":{"@id":"https:\/\/www.koonings.com\/fr\/#organization"},"potentialAction":[{"@type":"SearchAction","target":{"@type":"EntryPoint","urlTemplate":"https:\/\/www.koonings.com\/fr\/?s={search_term_string}"},"query-input":{"@type":"PropertyValueSpecification","valueRequired":true,"valueName":"search_term_string"}}],"inLanguage":"fr-FR"},{"@type":"Organization","@id":"https:\/\/www.koonings.com\/fr\/#organization","name":"Koonings","url":"https:\/\/www.koonings.com\/fr\/","logo":{"@type":"ImageObject","inLanguage":"fr-FR","@id":"https:\/\/www.koonings.com\/fr\/#\/schema\/logo\/image\/","url":"https:\/\/www.koonings.com\/wp-content\/uploads\/2024\/07\/logo.png","contentUrl":"https:\/\/www.koonings.com\/wp-content\/uploads\/2024\/07\/logo.png","width":600,"height":428,"caption":"Koonings"},"image":{"@id":"https:\/\/www.koonings.com\/fr\/#\/schema\/logo\/image\/"},"sameAs":["https:\/\/www.facebook.com\/kooningstheweddingpalace","https:\/\/www.instagram.com\/kooningstheweddingpalace","https:\/\/www.pinterest.com\/koonings","https:\/\/www.youtube.com\/kooningstheweddingpalace"]}]}},"_links":{"self":[{"href":"https:\/\/www.koonings.com\/fr\/wp-json\/wp\/v2\/product\/33596","targetHints":{"allow":["GET"]}}],"collection":[{"href":"https:\/\/www.koonings.com\/fr\/wp-json\/wp\/v2\/product"}],"about":[{"href":"https:\/\/www.koonings.com\/fr\/wp-json\/wp\/v2\/types\/product"}],"wp:featuredmedia":[{"embeddable":true,"href":"https:\/\/www.koonings.com\/fr\/wp-json\/wp\/v2\/media\/30486"}],"wp:attachment":[{"href":"https:\/\/www.koonings.com\/fr\/wp-json\/wp\/v2\/media?parent=33596"}],"wp:term":[{"taxonomy":"productdetails","embeddable":true,"href":"https:\/\/www.koonings.com\/fr\/wp-json\/wp\/v2\/productdetails?post=33596"},{"taxonomy":"productneck","embeddable":true,"href":"https:\/\/www.koonings.com\/fr\/wp-json\/wp\/v2\/productneck?post=33596"},{"taxonomy":"productcolor","embeddable":true,"href":"https:\/\/www.koonings.com\/fr\/wp-json\/wp\/v2\/productcolor?post=33596"},{"taxonomy":"maat","embeddable":true,"href":"https:\/\/www.koonings.com\/fr\/wp-json\/wp\/v2\/maat?post=33596"},{"taxonomy":"productsupplier","embeddable":true,"href":"https:\/\/www.koonings.com\/fr\/wp-json\/wp\/v2\/productsupplier?post=33596"},{"taxonomy":"productsleeve","embeddable":true,"href":"https:\/\/www.koonings.com\/fr\/wp-json\/wp\/v2\/productsleeve?post=33596"},{"taxonomy":"productcategory","embeddable":true,"href":"https:\/\/www.koonings.com\/fr\/wp-json\/wp\/v2\/productcategory?post=33596"},{"taxonomy":"productsilhouette","embeddable":true,"href":"https:\/\/www.koonings.com\/fr\/wp-json\/wp\/v2\/productsilhouette?post=33596"},{"taxonomy":"productstyle","embeddable":true,"href":"https:\/\/www.koonings.com\/fr\/wp-json\/wp\/v2\/productstyle?post=33596"}],"curies":[{"name":"wp","href":"https:\/\/api.w.org\/{rel}","templated":true}]}}