{"id":33528,"date":"2025-12-15T00:10:44","date_gmt":"2025-12-14T23:10:44","guid":{"rendered":"https:\/\/www.koonings.com\/product\/le-papillon-by-modeca-sienna\/"},"modified":"2026-02-03T17:55:18","modified_gmt":"2026-02-03T16:55:18","slug":"le-papillon-by-modeca-sienna","status":"publish","type":"product","link":"https:\/\/www.koonings.com\/fr\/product\/le-papillon-by-modeca-sienna\/","title":{"rendered":"Le Papillon par Modeca Sienna"},"content":{"rendered":"<p>Sienna est une robe de mari\u00e9e sir\u00e8ne sans bretelles dont vos invit\u00e9s se souviendront certainement. Le profond d\u00e9collet\u00e9 en c\u0153ur est compl\u00e9t\u00e9 par une magnifique dentelle qui court le long de la jupe de liaison. Les d\u00e9coupes lat\u00e9rales en dentelle translucide cr\u00e9ent un effet de tatouage parfait. Cette robe est disponible avec des manches amovibles.   <\/p>\n","protected":false},"featured_media":30821,"template":"","meta":{"_acf_changed":false,"ghostkit_customizer_options":"","ghostkit_custom_css":"","ghostkit_custom_js_head":"","ghostkit_custom_js_foot":"","ghostkit_typography":""},"productdetails":[379,376],"productneck":[354],"productcolor":[393,392],"maat":[],"productsupplier":[411],"productsleeve":[357],"productcategory":[18],"productsilhouette":[387],"productstyle":[366],"class_list":["post-33528","product","type-product","status-publish","has-post-thumbnail","hentry","productdetails-379","productdetails-376","productneck-354","productcolor-393","productcolor-392","productsupplier-le-papillon-by-modeca","productsleeve-357","productcategory-trouwjurken","productsilhouette-387","productstyle-366"],"acf":[],"yoast_head":"<!-- This site is optimized with the Yoast SEO plugin v27.3 - https:\/\/yoast.com\/product\/yoast-seo-wordpress\/ -->\n<title>Le Papillon par Modeca Sienna | Koonings<\/title>\n<meta name=\"description\" content=\"Sienna est une robe de mari\u00e9e sir\u00e8ne sans bretelles dont vos invit\u00e9s se souviendront certainement. Le profond d\u00e9collet\u00e9 en c\u0153ur est compl\u00e9t\u00e9 par une magnifique dentelle qui court le long de la jupe de liaison. Les d\u00e9coupes lat\u00e9rales en dentelle translucide cr\u00e9ent un effet de tatouage parfait. Cette robe est disponible avec des manches amovibles.\" \/>\n<meta name=\"robots\" content=\"index, follow, max-snippet:-1, max-image-preview:large, max-video-preview:-1\" \/>\n<link rel=\"canonical\" href=\"https:\/\/www.koonings.com\/fr\/product\/le-papillon-by-modeca-sienna\/\" \/>\n<meta property=\"og:locale\" content=\"fr_FR\" \/>\n<meta property=\"og:type\" content=\"article\" \/>\n<meta property=\"og:title\" content=\"Le Papillon par Modeca Sienna | Koonings\" \/>\n<meta property=\"og:description\" content=\"Sienna est une robe de mari\u00e9e sir\u00e8ne sans bretelles dont vos invit\u00e9s se souviendront certainement. Le profond d\u00e9collet\u00e9 en c\u0153ur est compl\u00e9t\u00e9 par une magnifique dentelle qui court le long de la jupe de liaison. Les d\u00e9coupes lat\u00e9rales en dentelle translucide cr\u00e9ent un effet de tatouage parfait. Cette robe est disponible avec des manches amovibles.\" \/>\n<meta property=\"og:url\" content=\"https:\/\/www.koonings.com\/fr\/product\/le-papillon-by-modeca-sienna\/\" \/>\n<meta property=\"og:site_name\" content=\"Koonings\" \/>\n<meta property=\"article:publisher\" content=\"https:\/\/www.facebook.com\/kooningstheweddingpalace\" \/>\n<meta property=\"article:modified_time\" content=\"2026-02-03T16:55:18+00:00\" \/>\n<meta property=\"og:image\" content=\"https:\/\/www.koonings.com\/wp-content\/uploads\/2024\/11\/37612_09a8f9b6494f1a6b8c18d0d656ddc62606ebb01abbdac49b67dcd0ade5590f651f39f6a6.jpeg\" \/>\n\t<meta property=\"og:image:width\" content=\"1672\" \/>\n\t<meta property=\"og:image:height\" content=\"2367\" \/>\n\t<meta property=\"og:image:type\" content=\"image\/jpeg\" \/>\n<meta name=\"twitter:card\" content=\"summary_large_image\" \/>\n<script type=\"application\/ld+json\" class=\"yoast-schema-graph\">{\"@context\":\"https:\\\/\\\/schema.org\",\"@graph\":[{\"@type\":\"WebPage\",\"@id\":\"https:\\\/\\\/www.koonings.com\\\/fr\\\/product\\\/le-papillon-by-modeca-sienna\\\/\",\"url\":\"https:\\\/\\\/www.koonings.com\\\/fr\\\/product\\\/le-papillon-by-modeca-sienna\\\/\",\"name\":\"Le Papillon par Modeca Sienna | Koonings\",\"isPartOf\":{\"@id\":\"https:\\\/\\\/www.koonings.com\\\/fr\\\/#website\"},\"primaryImageOfPage\":{\"@id\":\"https:\\\/\\\/www.koonings.com\\\/fr\\\/product\\\/le-papillon-by-modeca-sienna\\\/#primaryimage\"},\"image\":{\"@id\":\"https:\\\/\\\/www.koonings.com\\\/fr\\\/product\\\/le-papillon-by-modeca-sienna\\\/#primaryimage\"},\"thumbnailUrl\":\"https:\\\/\\\/www.koonings.com\\\/wp-content\\\/uploads\\\/2024\\\/11\\\/37612_09a8f9b6494f1a6b8c18d0d656ddc62606ebb01abbdac49b67dcd0ade5590f651f39f6a6.jpeg\",\"datePublished\":\"2025-12-14T23:10:44+00:00\",\"dateModified\":\"2026-02-03T16:55:18+00:00\",\"description\":\"Sienna est une robe de mari\u00e9e sir\u00e8ne sans bretelles dont vos invit\u00e9s se souviendront certainement. Le profond d\u00e9collet\u00e9 en c\u0153ur est compl\u00e9t\u00e9 par une magnifique dentelle qui court le long de la jupe de liaison. Les d\u00e9coupes lat\u00e9rales en dentelle translucide cr\u00e9ent un effet de tatouage parfait. Cette robe est disponible avec des manches amovibles.\",\"breadcrumb\":{\"@id\":\"https:\\\/\\\/www.koonings.com\\\/fr\\\/product\\\/le-papillon-by-modeca-sienna\\\/#breadcrumb\"},\"inLanguage\":\"fr-FR\",\"potentialAction\":[{\"@type\":\"ReadAction\",\"target\":[\"https:\\\/\\\/www.koonings.com\\\/fr\\\/product\\\/le-papillon-by-modeca-sienna\\\/\"]}]},{\"@type\":\"ImageObject\",\"inLanguage\":\"fr-FR\",\"@id\":\"https:\\\/\\\/www.koonings.com\\\/fr\\\/product\\\/le-papillon-by-modeca-sienna\\\/#primaryimage\",\"url\":\"https:\\\/\\\/www.koonings.com\\\/wp-content\\\/uploads\\\/2024\\\/11\\\/37612_09a8f9b6494f1a6b8c18d0d656ddc62606ebb01abbdac49b67dcd0ade5590f651f39f6a6.jpeg\",\"contentUrl\":\"https:\\\/\\\/www.koonings.com\\\/wp-content\\\/uploads\\\/2024\\\/11\\\/37612_09a8f9b6494f1a6b8c18d0d656ddc62606ebb01abbdac49b67dcd0ade5590f651f39f6a6.jpeg\",\"width\":1672,\"height\":2367},{\"@type\":\"BreadcrumbList\",\"@id\":\"https:\\\/\\\/www.koonings.com\\\/fr\\\/product\\\/le-papillon-by-modeca-sienna\\\/#breadcrumb\",\"itemListElement\":[{\"@type\":\"ListItem\",\"position\":1,\"name\":\"Home\",\"item\":\"https:\\\/\\\/www.koonings.com\\\/fr\\\/\"},{\"@type\":\"ListItem\",\"position\":2,\"name\":\"Le Papillon par Modeca Sienna\"}]},{\"@type\":\"WebSite\",\"@id\":\"https:\\\/\\\/www.koonings.com\\\/fr\\\/#website\",\"url\":\"https:\\\/\\\/www.koonings.com\\\/fr\\\/\",\"name\":\"Koonings\",\"description\":\"De grootste bruidsmodewinkel ter wereld\",\"publisher\":{\"@id\":\"https:\\\/\\\/www.koonings.com\\\/fr\\\/#organization\"},\"potentialAction\":[{\"@type\":\"SearchAction\",\"target\":{\"@type\":\"EntryPoint\",\"urlTemplate\":\"https:\\\/\\\/www.koonings.com\\\/fr\\\/?s={search_term_string}\"},\"query-input\":{\"@type\":\"PropertyValueSpecification\",\"valueRequired\":true,\"valueName\":\"search_term_string\"}}],\"inLanguage\":\"fr-FR\"},{\"@type\":\"Organization\",\"@id\":\"https:\\\/\\\/www.koonings.com\\\/fr\\\/#organization\",\"name\":\"Koonings\",\"url\":\"https:\\\/\\\/www.koonings.com\\\/fr\\\/\",\"logo\":{\"@type\":\"ImageObject\",\"inLanguage\":\"fr-FR\",\"@id\":\"https:\\\/\\\/www.koonings.com\\\/fr\\\/#\\\/schema\\\/logo\\\/image\\\/\",\"url\":\"https:\\\/\\\/www.koonings.com\\\/wp-content\\\/uploads\\\/2024\\\/07\\\/logo.png\",\"contentUrl\":\"https:\\\/\\\/www.koonings.com\\\/wp-content\\\/uploads\\\/2024\\\/07\\\/logo.png\",\"width\":600,\"height\":428,\"caption\":\"Koonings\"},\"image\":{\"@id\":\"https:\\\/\\\/www.koonings.com\\\/fr\\\/#\\\/schema\\\/logo\\\/image\\\/\"},\"sameAs\":[\"https:\\\/\\\/www.facebook.com\\\/kooningstheweddingpalace\",\"https:\\\/\\\/www.instagram.com\\\/kooningstheweddingpalace\",\"https:\\\/\\\/www.pinterest.com\\\/koonings\",\"https:\\\/\\\/www.youtube.com\\\/kooningstheweddingpalace\"]}]}<\/script>\n<!-- \/ Yoast SEO plugin. -->","yoast_head_json":{"title":"Le Papillon par Modeca Sienna | Koonings","description":"Sienna est une robe de mari\u00e9e sir\u00e8ne sans bretelles dont vos invit\u00e9s se souviendront certainement. Le profond d\u00e9collet\u00e9 en c\u0153ur est compl\u00e9t\u00e9 par une magnifique dentelle qui court le long de la jupe de liaison. Les d\u00e9coupes lat\u00e9rales en dentelle translucide cr\u00e9ent un effet de tatouage parfait. Cette robe est disponible avec des manches amovibles.","robots":{"index":"index","follow":"follow","max-snippet":"max-snippet:-1","max-image-preview":"max-image-preview:large","max-video-preview":"max-video-preview:-1"},"canonical":"https:\/\/www.koonings.com\/fr\/product\/le-papillon-by-modeca-sienna\/","og_locale":"fr_FR","og_type":"article","og_title":"Le Papillon par Modeca Sienna | Koonings","og_description":"Sienna est une robe de mari\u00e9e sir\u00e8ne sans bretelles dont vos invit\u00e9s se souviendront certainement. Le profond d\u00e9collet\u00e9 en c\u0153ur est compl\u00e9t\u00e9 par une magnifique dentelle qui court le long de la jupe de liaison. Les d\u00e9coupes lat\u00e9rales en dentelle translucide cr\u00e9ent un effet de tatouage parfait. Cette robe est disponible avec des manches amovibles.","og_url":"https:\/\/www.koonings.com\/fr\/product\/le-papillon-by-modeca-sienna\/","og_site_name":"Koonings","article_publisher":"https:\/\/www.facebook.com\/kooningstheweddingpalace","article_modified_time":"2026-02-03T16:55:18+00:00","og_image":[{"width":1672,"height":2367,"url":"https:\/\/www.koonings.com\/wp-content\/uploads\/2024\/11\/37612_09a8f9b6494f1a6b8c18d0d656ddc62606ebb01abbdac49b67dcd0ade5590f651f39f6a6.jpeg","type":"image\/jpeg"}],"twitter_card":"summary_large_image","schema":{"@context":"https:\/\/schema.org","@graph":[{"@type":"WebPage","@id":"https:\/\/www.koonings.com\/fr\/product\/le-papillon-by-modeca-sienna\/","url":"https:\/\/www.koonings.com\/fr\/product\/le-papillon-by-modeca-sienna\/","name":"Le Papillon par Modeca Sienna | Koonings","isPartOf":{"@id":"https:\/\/www.koonings.com\/fr\/#website"},"primaryImageOfPage":{"@id":"https:\/\/www.koonings.com\/fr\/product\/le-papillon-by-modeca-sienna\/#primaryimage"},"image":{"@id":"https:\/\/www.koonings.com\/fr\/product\/le-papillon-by-modeca-sienna\/#primaryimage"},"thumbnailUrl":"https:\/\/www.koonings.com\/wp-content\/uploads\/2024\/11\/37612_09a8f9b6494f1a6b8c18d0d656ddc62606ebb01abbdac49b67dcd0ade5590f651f39f6a6.jpeg","datePublished":"2025-12-14T23:10:44+00:00","dateModified":"2026-02-03T16:55:18+00:00","description":"Sienna est une robe de mari\u00e9e sir\u00e8ne sans bretelles dont vos invit\u00e9s se souviendront certainement. Le profond d\u00e9collet\u00e9 en c\u0153ur est compl\u00e9t\u00e9 par une magnifique dentelle qui court le long de la jupe de liaison. Les d\u00e9coupes lat\u00e9rales en dentelle translucide cr\u00e9ent un effet de tatouage parfait. Cette robe est disponible avec des manches amovibles.","breadcrumb":{"@id":"https:\/\/www.koonings.com\/fr\/product\/le-papillon-by-modeca-sienna\/#breadcrumb"},"inLanguage":"fr-FR","potentialAction":[{"@type":"ReadAction","target":["https:\/\/www.koonings.com\/fr\/product\/le-papillon-by-modeca-sienna\/"]}]},{"@type":"ImageObject","inLanguage":"fr-FR","@id":"https:\/\/www.koonings.com\/fr\/product\/le-papillon-by-modeca-sienna\/#primaryimage","url":"https:\/\/www.koonings.com\/wp-content\/uploads\/2024\/11\/37612_09a8f9b6494f1a6b8c18d0d656ddc62606ebb01abbdac49b67dcd0ade5590f651f39f6a6.jpeg","contentUrl":"https:\/\/www.koonings.com\/wp-content\/uploads\/2024\/11\/37612_09a8f9b6494f1a6b8c18d0d656ddc62606ebb01abbdac49b67dcd0ade5590f651f39f6a6.jpeg","width":1672,"height":2367},{"@type":"BreadcrumbList","@id":"https:\/\/www.koonings.com\/fr\/product\/le-papillon-by-modeca-sienna\/#breadcrumb","itemListElement":[{"@type":"ListItem","position":1,"name":"Home","item":"https:\/\/www.koonings.com\/fr\/"},{"@type":"ListItem","position":2,"name":"Le Papillon par Modeca Sienna"}]},{"@type":"WebSite","@id":"https:\/\/www.koonings.com\/fr\/#website","url":"https:\/\/www.koonings.com\/fr\/","name":"Koonings","description":"De grootste bruidsmodewinkel ter wereld","publisher":{"@id":"https:\/\/www.koonings.com\/fr\/#organization"},"potentialAction":[{"@type":"SearchAction","target":{"@type":"EntryPoint","urlTemplate":"https:\/\/www.koonings.com\/fr\/?s={search_term_string}"},"query-input":{"@type":"PropertyValueSpecification","valueRequired":true,"valueName":"search_term_string"}}],"inLanguage":"fr-FR"},{"@type":"Organization","@id":"https:\/\/www.koonings.com\/fr\/#organization","name":"Koonings","url":"https:\/\/www.koonings.com\/fr\/","logo":{"@type":"ImageObject","inLanguage":"fr-FR","@id":"https:\/\/www.koonings.com\/fr\/#\/schema\/logo\/image\/","url":"https:\/\/www.koonings.com\/wp-content\/uploads\/2024\/07\/logo.png","contentUrl":"https:\/\/www.koonings.com\/wp-content\/uploads\/2024\/07\/logo.png","width":600,"height":428,"caption":"Koonings"},"image":{"@id":"https:\/\/www.koonings.com\/fr\/#\/schema\/logo\/image\/"},"sameAs":["https:\/\/www.facebook.com\/kooningstheweddingpalace","https:\/\/www.instagram.com\/kooningstheweddingpalace","https:\/\/www.pinterest.com\/koonings","https:\/\/www.youtube.com\/kooningstheweddingpalace"]}]}},"_links":{"self":[{"href":"https:\/\/www.koonings.com\/fr\/wp-json\/wp\/v2\/product\/33528","targetHints":{"allow":["GET"]}}],"collection":[{"href":"https:\/\/www.koonings.com\/fr\/wp-json\/wp\/v2\/product"}],"about":[{"href":"https:\/\/www.koonings.com\/fr\/wp-json\/wp\/v2\/types\/product"}],"wp:featuredmedia":[{"embeddable":true,"href":"https:\/\/www.koonings.com\/fr\/wp-json\/wp\/v2\/media\/30821"}],"wp:attachment":[{"href":"https:\/\/www.koonings.com\/fr\/wp-json\/wp\/v2\/media?parent=33528"}],"wp:term":[{"taxonomy":"productdetails","embeddable":true,"href":"https:\/\/www.koonings.com\/fr\/wp-json\/wp\/v2\/productdetails?post=33528"},{"taxonomy":"productneck","embeddable":true,"href":"https:\/\/www.koonings.com\/fr\/wp-json\/wp\/v2\/productneck?post=33528"},{"taxonomy":"productcolor","embeddable":true,"href":"https:\/\/www.koonings.com\/fr\/wp-json\/wp\/v2\/productcolor?post=33528"},{"taxonomy":"maat","embeddable":true,"href":"https:\/\/www.koonings.com\/fr\/wp-json\/wp\/v2\/maat?post=33528"},{"taxonomy":"productsupplier","embeddable":true,"href":"https:\/\/www.koonings.com\/fr\/wp-json\/wp\/v2\/productsupplier?post=33528"},{"taxonomy":"productsleeve","embeddable":true,"href":"https:\/\/www.koonings.com\/fr\/wp-json\/wp\/v2\/productsleeve?post=33528"},{"taxonomy":"productcategory","embeddable":true,"href":"https:\/\/www.koonings.com\/fr\/wp-json\/wp\/v2\/productcategory?post=33528"},{"taxonomy":"productsilhouette","embeddable":true,"href":"https:\/\/www.koonings.com\/fr\/wp-json\/wp\/v2\/productsilhouette?post=33528"},{"taxonomy":"productstyle","embeddable":true,"href":"https:\/\/www.koonings.com\/fr\/wp-json\/wp\/v2\/productstyle?post=33528"}],"curies":[{"name":"wp","href":"https:\/\/api.w.org\/{rel}","templated":true}]}}