{"id":33507,"date":"2026-04-28T18:08:18","date_gmt":"2026-04-28T16:08:18","guid":{"rendered":"https:\/\/www.koonings.com\/product\/enzoani-blue-collection-paula\/"},"modified":"2026-02-16T14:27:38","modified_gmt":"2026-02-16T13:27:38","slug":"enzoani-blue-collection-paula","status":"publish","type":"product","link":"https:\/\/www.koonings.com\/fr\/product\/enzoani-blue-collection-paula\/","title":{"rendered":"Enzoani Collection bleue Paula"},"content":{"rendered":"<p>Tout simplement douce et divine, cette magnifique robe A-line ne manquera pas de vous s\u00e9duire avec ses motifs brod\u00e9s en 3D en forme de vigne qui s&#8217;\u00e9coulent magnifiquement \u00e0 travers le profond corsage en c\u0153ur et la somptueuse jupe en tulle. Une couche de texture paillet\u00e9e apporte un \u00e9clat subtil aux couches de tulle et d&#8217;organza. Les bretelles de tulle d\u00e9tachables et drap\u00e9es avec art compl\u00e8tent le look romantique.  <\/p>\n","protected":false},"featured_media":30914,"template":"","meta":{"_acf_changed":false,"ghostkit_customizer_options":"","ghostkit_custom_css":"","ghostkit_custom_js_head":"","ghostkit_custom_js_foot":"","ghostkit_typography":""},"productdetails":[379,382,381],"productneck":[355],"productcolor":[393],"maat":[],"productsupplier":[405],"productsleeve":[363],"productcategory":[18],"productsilhouette":[384],"productstyle":[366,370],"class_list":["post-33507","product","type-product","status-publish","has-post-thumbnail","hentry","productdetails-379","productdetails-382","productdetails-381","productneck-355","productcolor-393","productsupplier-enzoani-blue-collection","productsleeve-363","productcategory-trouwjurken","productsilhouette-384","productstyle-366","productstyle-370"],"acf":[],"yoast_head":"<!-- This site is optimized with the Yoast SEO plugin v27.3 - https:\/\/yoast.com\/product\/yoast-seo-wordpress\/ -->\n<title>Enzoani Collection bleue Paula | Koonings<\/title>\n<meta name=\"description\" content=\"Tout simplement douce et divine, cette magnifique robe A-line ne manquera pas de vous s\u00e9duire avec ses motifs brod\u00e9s en 3D en forme de vigne qui s&#039;\u00e9coulent magnifiquement \u00e0 travers le profond corsage en c\u0153ur et la somptueuse jupe en tulle. Une couche de texture paillet\u00e9e apporte un \u00e9clat subtil aux couches de tulle et d&#039;organza. Les bretelles de tulle d\u00e9tachables et drap\u00e9es avec art compl\u00e8tent le look romantique.\" \/>\n<meta name=\"robots\" content=\"index, follow, max-snippet:-1, max-image-preview:large, max-video-preview:-1\" \/>\n<link rel=\"canonical\" href=\"https:\/\/www.koonings.com\/fr\/product\/enzoani-blue-collection-paula\/\" \/>\n<meta property=\"og:locale\" content=\"fr_FR\" \/>\n<meta property=\"og:type\" content=\"article\" \/>\n<meta property=\"og:title\" content=\"Enzoani Collection bleue Paula | Koonings\" \/>\n<meta property=\"og:description\" content=\"Tout simplement douce et divine, cette magnifique robe A-line ne manquera pas de vous s\u00e9duire avec ses motifs brod\u00e9s en 3D en forme de vigne qui s&#039;\u00e9coulent magnifiquement \u00e0 travers le profond corsage en c\u0153ur et la somptueuse jupe en tulle. Une couche de texture paillet\u00e9e apporte un \u00e9clat subtil aux couches de tulle et d&#039;organza. Les bretelles de tulle d\u00e9tachables et drap\u00e9es avec art compl\u00e8tent le look romantique.\" \/>\n<meta property=\"og:url\" content=\"https:\/\/www.koonings.com\/fr\/product\/enzoani-blue-collection-paula\/\" \/>\n<meta property=\"og:site_name\" content=\"Koonings\" \/>\n<meta property=\"article:publisher\" content=\"https:\/\/www.facebook.com\/kooningstheweddingpalace\" \/>\n<meta property=\"og:image\" content=\"https:\/\/www.koonings.com\/wp-content\/uploads\/2024\/11\/37625_8a24df4e2cac2314ec7c4b1794694befe3909a71fade3b17695c918ebc743eaac914f6aa.jpeg\" \/>\n\t<meta property=\"og:image:width\" content=\"955\" \/>\n\t<meta property=\"og:image:height\" content=\"1353\" \/>\n\t<meta property=\"og:image:type\" content=\"image\/jpeg\" \/>\n<meta name=\"twitter:card\" content=\"summary_large_image\" \/>\n<script type=\"application\/ld+json\" class=\"yoast-schema-graph\">{\"@context\":\"https:\\\/\\\/schema.org\",\"@graph\":[{\"@type\":\"WebPage\",\"@id\":\"https:\\\/\\\/www.koonings.com\\\/fr\\\/product\\\/enzoani-blue-collection-paula\\\/\",\"url\":\"https:\\\/\\\/www.koonings.com\\\/fr\\\/product\\\/enzoani-blue-collection-paula\\\/\",\"name\":\"Enzoani Collection bleue Paula | Koonings\",\"isPartOf\":{\"@id\":\"https:\\\/\\\/www.koonings.com\\\/fr\\\/#website\"},\"primaryImageOfPage\":{\"@id\":\"https:\\\/\\\/www.koonings.com\\\/fr\\\/product\\\/enzoani-blue-collection-paula\\\/#primaryimage\"},\"image\":{\"@id\":\"https:\\\/\\\/www.koonings.com\\\/fr\\\/product\\\/enzoani-blue-collection-paula\\\/#primaryimage\"},\"thumbnailUrl\":\"https:\\\/\\\/www.koonings.com\\\/wp-content\\\/uploads\\\/2024\\\/11\\\/37625_8a24df4e2cac2314ec7c4b1794694befe3909a71fade3b17695c918ebc743eaac914f6aa.jpeg\",\"datePublished\":\"2026-04-28T16:08:18+00:00\",\"description\":\"Tout simplement douce et divine, cette magnifique robe A-line ne manquera pas de vous s\u00e9duire avec ses motifs brod\u00e9s en 3D en forme de vigne qui s'\u00e9coulent magnifiquement \u00e0 travers le profond corsage en c\u0153ur et la somptueuse jupe en tulle. Une couche de texture paillet\u00e9e apporte un \u00e9clat subtil aux couches de tulle et d'organza. Les bretelles de tulle d\u00e9tachables et drap\u00e9es avec art compl\u00e8tent le look romantique.\",\"breadcrumb\":{\"@id\":\"https:\\\/\\\/www.koonings.com\\\/fr\\\/product\\\/enzoani-blue-collection-paula\\\/#breadcrumb\"},\"inLanguage\":\"fr-FR\",\"potentialAction\":[{\"@type\":\"ReadAction\",\"target\":[\"https:\\\/\\\/www.koonings.com\\\/fr\\\/product\\\/enzoani-blue-collection-paula\\\/\"]}]},{\"@type\":\"ImageObject\",\"inLanguage\":\"fr-FR\",\"@id\":\"https:\\\/\\\/www.koonings.com\\\/fr\\\/product\\\/enzoani-blue-collection-paula\\\/#primaryimage\",\"url\":\"https:\\\/\\\/www.koonings.com\\\/wp-content\\\/uploads\\\/2024\\\/11\\\/37625_8a24df4e2cac2314ec7c4b1794694befe3909a71fade3b17695c918ebc743eaac914f6aa.jpeg\",\"contentUrl\":\"https:\\\/\\\/www.koonings.com\\\/wp-content\\\/uploads\\\/2024\\\/11\\\/37625_8a24df4e2cac2314ec7c4b1794694befe3909a71fade3b17695c918ebc743eaac914f6aa.jpeg\",\"width\":955,\"height\":1353},{\"@type\":\"BreadcrumbList\",\"@id\":\"https:\\\/\\\/www.koonings.com\\\/fr\\\/product\\\/enzoani-blue-collection-paula\\\/#breadcrumb\",\"itemListElement\":[{\"@type\":\"ListItem\",\"position\":1,\"name\":\"Home\",\"item\":\"https:\\\/\\\/www.koonings.com\\\/fr\\\/\"},{\"@type\":\"ListItem\",\"position\":2,\"name\":\"Enzoani Collection bleue Paula\"}]},{\"@type\":\"WebSite\",\"@id\":\"https:\\\/\\\/www.koonings.com\\\/fr\\\/#website\",\"url\":\"https:\\\/\\\/www.koonings.com\\\/fr\\\/\",\"name\":\"Koonings\",\"description\":\"De grootste bruidsmodewinkel ter wereld\",\"publisher\":{\"@id\":\"https:\\\/\\\/www.koonings.com\\\/fr\\\/#organization\"},\"potentialAction\":[{\"@type\":\"SearchAction\",\"target\":{\"@type\":\"EntryPoint\",\"urlTemplate\":\"https:\\\/\\\/www.koonings.com\\\/fr\\\/?s={search_term_string}\"},\"query-input\":{\"@type\":\"PropertyValueSpecification\",\"valueRequired\":true,\"valueName\":\"search_term_string\"}}],\"inLanguage\":\"fr-FR\"},{\"@type\":\"Organization\",\"@id\":\"https:\\\/\\\/www.koonings.com\\\/fr\\\/#organization\",\"name\":\"Koonings\",\"url\":\"https:\\\/\\\/www.koonings.com\\\/fr\\\/\",\"logo\":{\"@type\":\"ImageObject\",\"inLanguage\":\"fr-FR\",\"@id\":\"https:\\\/\\\/www.koonings.com\\\/fr\\\/#\\\/schema\\\/logo\\\/image\\\/\",\"url\":\"https:\\\/\\\/www.koonings.com\\\/wp-content\\\/uploads\\\/2024\\\/07\\\/logo.png\",\"contentUrl\":\"https:\\\/\\\/www.koonings.com\\\/wp-content\\\/uploads\\\/2024\\\/07\\\/logo.png\",\"width\":600,\"height\":428,\"caption\":\"Koonings\"},\"image\":{\"@id\":\"https:\\\/\\\/www.koonings.com\\\/fr\\\/#\\\/schema\\\/logo\\\/image\\\/\"},\"sameAs\":[\"https:\\\/\\\/www.facebook.com\\\/kooningstheweddingpalace\",\"https:\\\/\\\/www.instagram.com\\\/kooningstheweddingpalace\",\"https:\\\/\\\/www.pinterest.com\\\/koonings\",\"https:\\\/\\\/www.youtube.com\\\/kooningstheweddingpalace\"]}]}<\/script>\n<!-- \/ Yoast SEO plugin. -->","yoast_head_json":{"title":"Enzoani Collection bleue Paula | Koonings","description":"Tout simplement douce et divine, cette magnifique robe A-line ne manquera pas de vous s\u00e9duire avec ses motifs brod\u00e9s en 3D en forme de vigne qui s'\u00e9coulent magnifiquement \u00e0 travers le profond corsage en c\u0153ur et la somptueuse jupe en tulle. Une couche de texture paillet\u00e9e apporte un \u00e9clat subtil aux couches de tulle et d'organza. Les bretelles de tulle d\u00e9tachables et drap\u00e9es avec art compl\u00e8tent le look romantique.","robots":{"index":"index","follow":"follow","max-snippet":"max-snippet:-1","max-image-preview":"max-image-preview:large","max-video-preview":"max-video-preview:-1"},"canonical":"https:\/\/www.koonings.com\/fr\/product\/enzoani-blue-collection-paula\/","og_locale":"fr_FR","og_type":"article","og_title":"Enzoani Collection bleue Paula | Koonings","og_description":"Tout simplement douce et divine, cette magnifique robe A-line ne manquera pas de vous s\u00e9duire avec ses motifs brod\u00e9s en 3D en forme de vigne qui s'\u00e9coulent magnifiquement \u00e0 travers le profond corsage en c\u0153ur et la somptueuse jupe en tulle. Une couche de texture paillet\u00e9e apporte un \u00e9clat subtil aux couches de tulle et d'organza. Les bretelles de tulle d\u00e9tachables et drap\u00e9es avec art compl\u00e8tent le look romantique.","og_url":"https:\/\/www.koonings.com\/fr\/product\/enzoani-blue-collection-paula\/","og_site_name":"Koonings","article_publisher":"https:\/\/www.facebook.com\/kooningstheweddingpalace","og_image":[{"width":955,"height":1353,"url":"https:\/\/www.koonings.com\/wp-content\/uploads\/2024\/11\/37625_8a24df4e2cac2314ec7c4b1794694befe3909a71fade3b17695c918ebc743eaac914f6aa.jpeg","type":"image\/jpeg"}],"twitter_card":"summary_large_image","schema":{"@context":"https:\/\/schema.org","@graph":[{"@type":"WebPage","@id":"https:\/\/www.koonings.com\/fr\/product\/enzoani-blue-collection-paula\/","url":"https:\/\/www.koonings.com\/fr\/product\/enzoani-blue-collection-paula\/","name":"Enzoani Collection bleue Paula | Koonings","isPartOf":{"@id":"https:\/\/www.koonings.com\/fr\/#website"},"primaryImageOfPage":{"@id":"https:\/\/www.koonings.com\/fr\/product\/enzoani-blue-collection-paula\/#primaryimage"},"image":{"@id":"https:\/\/www.koonings.com\/fr\/product\/enzoani-blue-collection-paula\/#primaryimage"},"thumbnailUrl":"https:\/\/www.koonings.com\/wp-content\/uploads\/2024\/11\/37625_8a24df4e2cac2314ec7c4b1794694befe3909a71fade3b17695c918ebc743eaac914f6aa.jpeg","datePublished":"2026-04-28T16:08:18+00:00","description":"Tout simplement douce et divine, cette magnifique robe A-line ne manquera pas de vous s\u00e9duire avec ses motifs brod\u00e9s en 3D en forme de vigne qui s'\u00e9coulent magnifiquement \u00e0 travers le profond corsage en c\u0153ur et la somptueuse jupe en tulle. Une couche de texture paillet\u00e9e apporte un \u00e9clat subtil aux couches de tulle et d'organza. Les bretelles de tulle d\u00e9tachables et drap\u00e9es avec art compl\u00e8tent le look romantique.","breadcrumb":{"@id":"https:\/\/www.koonings.com\/fr\/product\/enzoani-blue-collection-paula\/#breadcrumb"},"inLanguage":"fr-FR","potentialAction":[{"@type":"ReadAction","target":["https:\/\/www.koonings.com\/fr\/product\/enzoani-blue-collection-paula\/"]}]},{"@type":"ImageObject","inLanguage":"fr-FR","@id":"https:\/\/www.koonings.com\/fr\/product\/enzoani-blue-collection-paula\/#primaryimage","url":"https:\/\/www.koonings.com\/wp-content\/uploads\/2024\/11\/37625_8a24df4e2cac2314ec7c4b1794694befe3909a71fade3b17695c918ebc743eaac914f6aa.jpeg","contentUrl":"https:\/\/www.koonings.com\/wp-content\/uploads\/2024\/11\/37625_8a24df4e2cac2314ec7c4b1794694befe3909a71fade3b17695c918ebc743eaac914f6aa.jpeg","width":955,"height":1353},{"@type":"BreadcrumbList","@id":"https:\/\/www.koonings.com\/fr\/product\/enzoani-blue-collection-paula\/#breadcrumb","itemListElement":[{"@type":"ListItem","position":1,"name":"Home","item":"https:\/\/www.koonings.com\/fr\/"},{"@type":"ListItem","position":2,"name":"Enzoani Collection bleue Paula"}]},{"@type":"WebSite","@id":"https:\/\/www.koonings.com\/fr\/#website","url":"https:\/\/www.koonings.com\/fr\/","name":"Koonings","description":"De grootste bruidsmodewinkel ter wereld","publisher":{"@id":"https:\/\/www.koonings.com\/fr\/#organization"},"potentialAction":[{"@type":"SearchAction","target":{"@type":"EntryPoint","urlTemplate":"https:\/\/www.koonings.com\/fr\/?s={search_term_string}"},"query-input":{"@type":"PropertyValueSpecification","valueRequired":true,"valueName":"search_term_string"}}],"inLanguage":"fr-FR"},{"@type":"Organization","@id":"https:\/\/www.koonings.com\/fr\/#organization","name":"Koonings","url":"https:\/\/www.koonings.com\/fr\/","logo":{"@type":"ImageObject","inLanguage":"fr-FR","@id":"https:\/\/www.koonings.com\/fr\/#\/schema\/logo\/image\/","url":"https:\/\/www.koonings.com\/wp-content\/uploads\/2024\/07\/logo.png","contentUrl":"https:\/\/www.koonings.com\/wp-content\/uploads\/2024\/07\/logo.png","width":600,"height":428,"caption":"Koonings"},"image":{"@id":"https:\/\/www.koonings.com\/fr\/#\/schema\/logo\/image\/"},"sameAs":["https:\/\/www.facebook.com\/kooningstheweddingpalace","https:\/\/www.instagram.com\/kooningstheweddingpalace","https:\/\/www.pinterest.com\/koonings","https:\/\/www.youtube.com\/kooningstheweddingpalace"]}]}},"_links":{"self":[{"href":"https:\/\/www.koonings.com\/fr\/wp-json\/wp\/v2\/product\/33507","targetHints":{"allow":["GET"]}}],"collection":[{"href":"https:\/\/www.koonings.com\/fr\/wp-json\/wp\/v2\/product"}],"about":[{"href":"https:\/\/www.koonings.com\/fr\/wp-json\/wp\/v2\/types\/product"}],"wp:featuredmedia":[{"embeddable":true,"href":"https:\/\/www.koonings.com\/fr\/wp-json\/wp\/v2\/media\/30914"}],"wp:attachment":[{"href":"https:\/\/www.koonings.com\/fr\/wp-json\/wp\/v2\/media?parent=33507"}],"wp:term":[{"taxonomy":"productdetails","embeddable":true,"href":"https:\/\/www.koonings.com\/fr\/wp-json\/wp\/v2\/productdetails?post=33507"},{"taxonomy":"productneck","embeddable":true,"href":"https:\/\/www.koonings.com\/fr\/wp-json\/wp\/v2\/productneck?post=33507"},{"taxonomy":"productcolor","embeddable":true,"href":"https:\/\/www.koonings.com\/fr\/wp-json\/wp\/v2\/productcolor?post=33507"},{"taxonomy":"maat","embeddable":true,"href":"https:\/\/www.koonings.com\/fr\/wp-json\/wp\/v2\/maat?post=33507"},{"taxonomy":"productsupplier","embeddable":true,"href":"https:\/\/www.koonings.com\/fr\/wp-json\/wp\/v2\/productsupplier?post=33507"},{"taxonomy":"productsleeve","embeddable":true,"href":"https:\/\/www.koonings.com\/fr\/wp-json\/wp\/v2\/productsleeve?post=33507"},{"taxonomy":"productcategory","embeddable":true,"href":"https:\/\/www.koonings.com\/fr\/wp-json\/wp\/v2\/productcategory?post=33507"},{"taxonomy":"productsilhouette","embeddable":true,"href":"https:\/\/www.koonings.com\/fr\/wp-json\/wp\/v2\/productsilhouette?post=33507"},{"taxonomy":"productstyle","embeddable":true,"href":"https:\/\/www.koonings.com\/fr\/wp-json\/wp\/v2\/productstyle?post=33507"}],"curies":[{"name":"wp","href":"https:\/\/api.w.org\/{rel}","templated":true}]}}