{"id":33504,"date":"2025-12-15T00:10:47","date_gmt":"2025-12-14T23:10:47","guid":{"rendered":"https:\/\/www.koonings.com\/product\/elysee-georgiana\/"},"modified":"2026-02-03T17:55:44","modified_gmt":"2026-02-03T16:55:44","slug":"elysee-georgiana","status":"publish","type":"product","link":"https:\/\/www.koonings.com\/fr\/product\/elysee-georgiana\/","title":{"rendered":"Elysee Georgiana"},"content":{"rendered":"<p>La robe de mari\u00e9e de princesse dont nous r\u00eavons ! Georgiana est l&#8217;incarnation de la modernit\u00e9 et de l&#8217;intemporalit\u00e9. Cette robe de bal mikado \u00e0 l&#8217;encolure classique et incurv\u00e9e et aux coutures \u00e9tonnantes qui enserrent le corps apporte juste ce qu&#8217;il faut de drame tout en pr\u00e9servant sa beaut\u00e9 minimaliste. Gr\u00e2ce \u00e0 ses bretelles amovibles, Georgiana affiche deux superbes looks en un. Et saviez-vous qu&#8217;elle a aussi des poches ?    <\/p>\n","protected":false},"featured_media":30962,"template":"","meta":{"_acf_changed":false,"ghostkit_customizer_options":"","ghostkit_custom_css":"","ghostkit_custom_js_head":"","ghostkit_custom_js_foot":"","ghostkit_typography":""},"productdetails":[],"productneck":[352,354],"productcolor":[392],"maat":[],"productsupplier":[427],"productsleeve":[357,360,363],"productcategory":[18],"productsilhouette":[384,388],"productstyle":[372],"class_list":["post-33504","product","type-product","status-publish","has-post-thumbnail","hentry","productneck-352","productneck-354","productcolor-392","productsupplier-elysee","productsleeve-357","productsleeve-360","productsleeve-363","productcategory-trouwjurken","productsilhouette-384","productsilhouette-388","productstyle-372"],"acf":[],"yoast_head":"<!-- This site is optimized with the Yoast SEO plugin v27.3 - https:\/\/yoast.com\/product\/yoast-seo-wordpress\/ -->\n<title>Elysee Georgiana | Koonings<\/title>\n<meta name=\"description\" content=\"La robe de mari\u00e9e de princesse dont nous r\u00eavons ! Georgiana est l&#039;incarnation de la modernit\u00e9 et de l&#039;intemporalit\u00e9. Cette robe de bal mikado \u00e0 l&#039;encolure classique et incurv\u00e9e et aux coutures \u00e9tonnantes qui enserrent le corps apporte juste ce qu&#039;il faut de drame tout en pr\u00e9servant sa beaut\u00e9 minimaliste. Gr\u00e2ce \u00e0 ses bretelles amovibles, Georgiana affiche deux superbes looks en un. Et saviez-vous qu&#039;elle a aussi des poches ?\" \/>\n<meta name=\"robots\" content=\"index, follow, max-snippet:-1, max-image-preview:large, max-video-preview:-1\" \/>\n<link rel=\"canonical\" href=\"https:\/\/www.koonings.com\/fr\/product\/elysee-georgiana\/\" \/>\n<meta property=\"og:locale\" content=\"fr_FR\" \/>\n<meta property=\"og:type\" content=\"article\" \/>\n<meta property=\"og:title\" content=\"Elysee Georgiana | Koonings\" \/>\n<meta property=\"og:description\" content=\"La robe de mari\u00e9e de princesse dont nous r\u00eavons ! Georgiana est l&#039;incarnation de la modernit\u00e9 et de l&#039;intemporalit\u00e9. Cette robe de bal mikado \u00e0 l&#039;encolure classique et incurv\u00e9e et aux coutures \u00e9tonnantes qui enserrent le corps apporte juste ce qu&#039;il faut de drame tout en pr\u00e9servant sa beaut\u00e9 minimaliste. Gr\u00e2ce \u00e0 ses bretelles amovibles, Georgiana affiche deux superbes looks en un. Et saviez-vous qu&#039;elle a aussi des poches ?\" \/>\n<meta property=\"og:url\" content=\"https:\/\/www.koonings.com\/fr\/product\/elysee-georgiana\/\" \/>\n<meta property=\"og:site_name\" content=\"Koonings\" \/>\n<meta property=\"article:publisher\" content=\"https:\/\/www.facebook.com\/kooningstheweddingpalace\" \/>\n<meta property=\"article:modified_time\" content=\"2026-02-03T16:55:44+00:00\" \/>\n<meta property=\"og:image\" content=\"https:\/\/www.koonings.com\/wp-content\/uploads\/2024\/11\/37636_ae7b094967e0107142f617529b1236f5c0f6e76e4482726d1b66dc7dfa5d1fd80382fa95.jpeg\" \/>\n\t<meta property=\"og:image:width\" content=\"964\" \/>\n\t<meta property=\"og:image:height\" content=\"1364\" \/>\n\t<meta property=\"og:image:type\" content=\"image\/jpeg\" \/>\n<meta name=\"twitter:card\" content=\"summary_large_image\" \/>\n<script type=\"application\/ld+json\" class=\"yoast-schema-graph\">{\"@context\":\"https:\\\/\\\/schema.org\",\"@graph\":[{\"@type\":\"WebPage\",\"@id\":\"https:\\\/\\\/www.koonings.com\\\/fr\\\/product\\\/elysee-georgiana\\\/\",\"url\":\"https:\\\/\\\/www.koonings.com\\\/fr\\\/product\\\/elysee-georgiana\\\/\",\"name\":\"Elysee Georgiana | Koonings\",\"isPartOf\":{\"@id\":\"https:\\\/\\\/www.koonings.com\\\/fr\\\/#website\"},\"primaryImageOfPage\":{\"@id\":\"https:\\\/\\\/www.koonings.com\\\/fr\\\/product\\\/elysee-georgiana\\\/#primaryimage\"},\"image\":{\"@id\":\"https:\\\/\\\/www.koonings.com\\\/fr\\\/product\\\/elysee-georgiana\\\/#primaryimage\"},\"thumbnailUrl\":\"https:\\\/\\\/www.koonings.com\\\/wp-content\\\/uploads\\\/2024\\\/11\\\/37636_ae7b094967e0107142f617529b1236f5c0f6e76e4482726d1b66dc7dfa5d1fd80382fa95.jpeg\",\"datePublished\":\"2025-12-14T23:10:47+00:00\",\"dateModified\":\"2026-02-03T16:55:44+00:00\",\"description\":\"La robe de mari\u00e9e de princesse dont nous r\u00eavons ! Georgiana est l'incarnation de la modernit\u00e9 et de l'intemporalit\u00e9. Cette robe de bal mikado \u00e0 l'encolure classique et incurv\u00e9e et aux coutures \u00e9tonnantes qui enserrent le corps apporte juste ce qu'il faut de drame tout en pr\u00e9servant sa beaut\u00e9 minimaliste. Gr\u00e2ce \u00e0 ses bretelles amovibles, Georgiana affiche deux superbes looks en un. Et saviez-vous qu'elle a aussi des poches ?\",\"breadcrumb\":{\"@id\":\"https:\\\/\\\/www.koonings.com\\\/fr\\\/product\\\/elysee-georgiana\\\/#breadcrumb\"},\"inLanguage\":\"fr-FR\",\"potentialAction\":[{\"@type\":\"ReadAction\",\"target\":[\"https:\\\/\\\/www.koonings.com\\\/fr\\\/product\\\/elysee-georgiana\\\/\"]}]},{\"@type\":\"ImageObject\",\"inLanguage\":\"fr-FR\",\"@id\":\"https:\\\/\\\/www.koonings.com\\\/fr\\\/product\\\/elysee-georgiana\\\/#primaryimage\",\"url\":\"https:\\\/\\\/www.koonings.com\\\/wp-content\\\/uploads\\\/2024\\\/11\\\/37636_ae7b094967e0107142f617529b1236f5c0f6e76e4482726d1b66dc7dfa5d1fd80382fa95.jpeg\",\"contentUrl\":\"https:\\\/\\\/www.koonings.com\\\/wp-content\\\/uploads\\\/2024\\\/11\\\/37636_ae7b094967e0107142f617529b1236f5c0f6e76e4482726d1b66dc7dfa5d1fd80382fa95.jpeg\",\"width\":964,\"height\":1364},{\"@type\":\"BreadcrumbList\",\"@id\":\"https:\\\/\\\/www.koonings.com\\\/fr\\\/product\\\/elysee-georgiana\\\/#breadcrumb\",\"itemListElement\":[{\"@type\":\"ListItem\",\"position\":1,\"name\":\"Home\",\"item\":\"https:\\\/\\\/www.koonings.com\\\/fr\\\/\"},{\"@type\":\"ListItem\",\"position\":2,\"name\":\"Elysee Georgiana\"}]},{\"@type\":\"WebSite\",\"@id\":\"https:\\\/\\\/www.koonings.com\\\/fr\\\/#website\",\"url\":\"https:\\\/\\\/www.koonings.com\\\/fr\\\/\",\"name\":\"Koonings\",\"description\":\"De grootste bruidsmodewinkel ter wereld\",\"publisher\":{\"@id\":\"https:\\\/\\\/www.koonings.com\\\/fr\\\/#organization\"},\"potentialAction\":[{\"@type\":\"SearchAction\",\"target\":{\"@type\":\"EntryPoint\",\"urlTemplate\":\"https:\\\/\\\/www.koonings.com\\\/fr\\\/?s={search_term_string}\"},\"query-input\":{\"@type\":\"PropertyValueSpecification\",\"valueRequired\":true,\"valueName\":\"search_term_string\"}}],\"inLanguage\":\"fr-FR\"},{\"@type\":\"Organization\",\"@id\":\"https:\\\/\\\/www.koonings.com\\\/fr\\\/#organization\",\"name\":\"Koonings\",\"url\":\"https:\\\/\\\/www.koonings.com\\\/fr\\\/\",\"logo\":{\"@type\":\"ImageObject\",\"inLanguage\":\"fr-FR\",\"@id\":\"https:\\\/\\\/www.koonings.com\\\/fr\\\/#\\\/schema\\\/logo\\\/image\\\/\",\"url\":\"https:\\\/\\\/www.koonings.com\\\/wp-content\\\/uploads\\\/2024\\\/07\\\/logo.png\",\"contentUrl\":\"https:\\\/\\\/www.koonings.com\\\/wp-content\\\/uploads\\\/2024\\\/07\\\/logo.png\",\"width\":600,\"height\":428,\"caption\":\"Koonings\"},\"image\":{\"@id\":\"https:\\\/\\\/www.koonings.com\\\/fr\\\/#\\\/schema\\\/logo\\\/image\\\/\"},\"sameAs\":[\"https:\\\/\\\/www.facebook.com\\\/kooningstheweddingpalace\",\"https:\\\/\\\/www.instagram.com\\\/kooningstheweddingpalace\",\"https:\\\/\\\/www.pinterest.com\\\/koonings\",\"https:\\\/\\\/www.youtube.com\\\/kooningstheweddingpalace\"]}]}<\/script>\n<!-- \/ Yoast SEO plugin. -->","yoast_head_json":{"title":"Elysee Georgiana | Koonings","description":"La robe de mari\u00e9e de princesse dont nous r\u00eavons ! Georgiana est l'incarnation de la modernit\u00e9 et de l'intemporalit\u00e9. Cette robe de bal mikado \u00e0 l'encolure classique et incurv\u00e9e et aux coutures \u00e9tonnantes qui enserrent le corps apporte juste ce qu'il faut de drame tout en pr\u00e9servant sa beaut\u00e9 minimaliste. Gr\u00e2ce \u00e0 ses bretelles amovibles, Georgiana affiche deux superbes looks en un. Et saviez-vous qu'elle a aussi des poches ?","robots":{"index":"index","follow":"follow","max-snippet":"max-snippet:-1","max-image-preview":"max-image-preview:large","max-video-preview":"max-video-preview:-1"},"canonical":"https:\/\/www.koonings.com\/fr\/product\/elysee-georgiana\/","og_locale":"fr_FR","og_type":"article","og_title":"Elysee Georgiana | Koonings","og_description":"La robe de mari\u00e9e de princesse dont nous r\u00eavons ! Georgiana est l'incarnation de la modernit\u00e9 et de l'intemporalit\u00e9. Cette robe de bal mikado \u00e0 l'encolure classique et incurv\u00e9e et aux coutures \u00e9tonnantes qui enserrent le corps apporte juste ce qu'il faut de drame tout en pr\u00e9servant sa beaut\u00e9 minimaliste. Gr\u00e2ce \u00e0 ses bretelles amovibles, Georgiana affiche deux superbes looks en un. Et saviez-vous qu'elle a aussi des poches ?","og_url":"https:\/\/www.koonings.com\/fr\/product\/elysee-georgiana\/","og_site_name":"Koonings","article_publisher":"https:\/\/www.facebook.com\/kooningstheweddingpalace","article_modified_time":"2026-02-03T16:55:44+00:00","og_image":[{"width":964,"height":1364,"url":"https:\/\/www.koonings.com\/wp-content\/uploads\/2024\/11\/37636_ae7b094967e0107142f617529b1236f5c0f6e76e4482726d1b66dc7dfa5d1fd80382fa95.jpeg","type":"image\/jpeg"}],"twitter_card":"summary_large_image","schema":{"@context":"https:\/\/schema.org","@graph":[{"@type":"WebPage","@id":"https:\/\/www.koonings.com\/fr\/product\/elysee-georgiana\/","url":"https:\/\/www.koonings.com\/fr\/product\/elysee-georgiana\/","name":"Elysee Georgiana | Koonings","isPartOf":{"@id":"https:\/\/www.koonings.com\/fr\/#website"},"primaryImageOfPage":{"@id":"https:\/\/www.koonings.com\/fr\/product\/elysee-georgiana\/#primaryimage"},"image":{"@id":"https:\/\/www.koonings.com\/fr\/product\/elysee-georgiana\/#primaryimage"},"thumbnailUrl":"https:\/\/www.koonings.com\/wp-content\/uploads\/2024\/11\/37636_ae7b094967e0107142f617529b1236f5c0f6e76e4482726d1b66dc7dfa5d1fd80382fa95.jpeg","datePublished":"2025-12-14T23:10:47+00:00","dateModified":"2026-02-03T16:55:44+00:00","description":"La robe de mari\u00e9e de princesse dont nous r\u00eavons ! Georgiana est l'incarnation de la modernit\u00e9 et de l'intemporalit\u00e9. Cette robe de bal mikado \u00e0 l'encolure classique et incurv\u00e9e et aux coutures \u00e9tonnantes qui enserrent le corps apporte juste ce qu'il faut de drame tout en pr\u00e9servant sa beaut\u00e9 minimaliste. Gr\u00e2ce \u00e0 ses bretelles amovibles, Georgiana affiche deux superbes looks en un. Et saviez-vous qu'elle a aussi des poches ?","breadcrumb":{"@id":"https:\/\/www.koonings.com\/fr\/product\/elysee-georgiana\/#breadcrumb"},"inLanguage":"fr-FR","potentialAction":[{"@type":"ReadAction","target":["https:\/\/www.koonings.com\/fr\/product\/elysee-georgiana\/"]}]},{"@type":"ImageObject","inLanguage":"fr-FR","@id":"https:\/\/www.koonings.com\/fr\/product\/elysee-georgiana\/#primaryimage","url":"https:\/\/www.koonings.com\/wp-content\/uploads\/2024\/11\/37636_ae7b094967e0107142f617529b1236f5c0f6e76e4482726d1b66dc7dfa5d1fd80382fa95.jpeg","contentUrl":"https:\/\/www.koonings.com\/wp-content\/uploads\/2024\/11\/37636_ae7b094967e0107142f617529b1236f5c0f6e76e4482726d1b66dc7dfa5d1fd80382fa95.jpeg","width":964,"height":1364},{"@type":"BreadcrumbList","@id":"https:\/\/www.koonings.com\/fr\/product\/elysee-georgiana\/#breadcrumb","itemListElement":[{"@type":"ListItem","position":1,"name":"Home","item":"https:\/\/www.koonings.com\/fr\/"},{"@type":"ListItem","position":2,"name":"Elysee Georgiana"}]},{"@type":"WebSite","@id":"https:\/\/www.koonings.com\/fr\/#website","url":"https:\/\/www.koonings.com\/fr\/","name":"Koonings","description":"De grootste bruidsmodewinkel ter wereld","publisher":{"@id":"https:\/\/www.koonings.com\/fr\/#organization"},"potentialAction":[{"@type":"SearchAction","target":{"@type":"EntryPoint","urlTemplate":"https:\/\/www.koonings.com\/fr\/?s={search_term_string}"},"query-input":{"@type":"PropertyValueSpecification","valueRequired":true,"valueName":"search_term_string"}}],"inLanguage":"fr-FR"},{"@type":"Organization","@id":"https:\/\/www.koonings.com\/fr\/#organization","name":"Koonings","url":"https:\/\/www.koonings.com\/fr\/","logo":{"@type":"ImageObject","inLanguage":"fr-FR","@id":"https:\/\/www.koonings.com\/fr\/#\/schema\/logo\/image\/","url":"https:\/\/www.koonings.com\/wp-content\/uploads\/2024\/07\/logo.png","contentUrl":"https:\/\/www.koonings.com\/wp-content\/uploads\/2024\/07\/logo.png","width":600,"height":428,"caption":"Koonings"},"image":{"@id":"https:\/\/www.koonings.com\/fr\/#\/schema\/logo\/image\/"},"sameAs":["https:\/\/www.facebook.com\/kooningstheweddingpalace","https:\/\/www.instagram.com\/kooningstheweddingpalace","https:\/\/www.pinterest.com\/koonings","https:\/\/www.youtube.com\/kooningstheweddingpalace"]}]}},"_links":{"self":[{"href":"https:\/\/www.koonings.com\/fr\/wp-json\/wp\/v2\/product\/33504","targetHints":{"allow":["GET"]}}],"collection":[{"href":"https:\/\/www.koonings.com\/fr\/wp-json\/wp\/v2\/product"}],"about":[{"href":"https:\/\/www.koonings.com\/fr\/wp-json\/wp\/v2\/types\/product"}],"wp:featuredmedia":[{"embeddable":true,"href":"https:\/\/www.koonings.com\/fr\/wp-json\/wp\/v2\/media\/30962"}],"wp:attachment":[{"href":"https:\/\/www.koonings.com\/fr\/wp-json\/wp\/v2\/media?parent=33504"}],"wp:term":[{"taxonomy":"productdetails","embeddable":true,"href":"https:\/\/www.koonings.com\/fr\/wp-json\/wp\/v2\/productdetails?post=33504"},{"taxonomy":"productneck","embeddable":true,"href":"https:\/\/www.koonings.com\/fr\/wp-json\/wp\/v2\/productneck?post=33504"},{"taxonomy":"productcolor","embeddable":true,"href":"https:\/\/www.koonings.com\/fr\/wp-json\/wp\/v2\/productcolor?post=33504"},{"taxonomy":"maat","embeddable":true,"href":"https:\/\/www.koonings.com\/fr\/wp-json\/wp\/v2\/maat?post=33504"},{"taxonomy":"productsupplier","embeddable":true,"href":"https:\/\/www.koonings.com\/fr\/wp-json\/wp\/v2\/productsupplier?post=33504"},{"taxonomy":"productsleeve","embeddable":true,"href":"https:\/\/www.koonings.com\/fr\/wp-json\/wp\/v2\/productsleeve?post=33504"},{"taxonomy":"productcategory","embeddable":true,"href":"https:\/\/www.koonings.com\/fr\/wp-json\/wp\/v2\/productcategory?post=33504"},{"taxonomy":"productsilhouette","embeddable":true,"href":"https:\/\/www.koonings.com\/fr\/wp-json\/wp\/v2\/productsilhouette?post=33504"},{"taxonomy":"productstyle","embeddable":true,"href":"https:\/\/www.koonings.com\/fr\/wp-json\/wp\/v2\/productstyle?post=33504"}],"curies":[{"name":"wp","href":"https:\/\/api.w.org\/{rel}","templated":true}]}}