{"id":33500,"date":"2026-05-06T15:08:22","date_gmt":"2026-05-06T13:08:22","guid":{"rendered":"https:\/\/www.koonings.com\/product\/enzoani-blue-collection-peggy\/"},"modified":"2026-02-16T14:27:41","modified_gmt":"2026-02-16T13:27:41","slug":"enzoani-blue-collection-peggy","status":"publish","type":"product","link":"https:\/\/www.koonings.com\/fr\/product\/enzoani-blue-collection-peggy\/","title":{"rendered":"Enzoani Collection bleue Peggy"},"content":{"rendered":"<p>La mari\u00e9e minimaliste rencontre le vieil Hollywood pour cr\u00e9er cette magnifique robe de bal. Cette beaut\u00e9 Mikado occupe le devant de la sc\u00e8ne avec une taille serr\u00e9e flatteuse et une manche \u00e0 une \u00e9paule ultra-chic (et amovible) ! Pour une touche suppl\u00e9mentaire de glamour et de drame, Peggy est dot\u00e9e d&#8217;un \u00e9l\u00e9gant et unique corset illusion dans le dos.  <\/p>\n","protected":false},"featured_media":30949,"template":"","meta":{"_acf_changed":false,"ghostkit_customizer_options":"","ghostkit_custom_css":"","ghostkit_custom_js_head":"","ghostkit_custom_js_foot":"","ghostkit_typography":""},"productdetails":[382],"productneck":[355],"productcolor":[392],"maat":[],"productsupplier":[405],"productsleeve":[358],"productcategory":[18],"productsilhouette":[388],"productstyle":[372],"class_list":["post-33500","product","type-product","status-publish","has-post-thumbnail","hentry","productdetails-382","productneck-355","productcolor-392","productsupplier-enzoani-blue-collection","productsleeve-358","productcategory-trouwjurken","productsilhouette-388","productstyle-372"],"acf":[],"yoast_head":"<!-- This site is optimized with the Yoast SEO plugin v27.3 - https:\/\/yoast.com\/product\/yoast-seo-wordpress\/ -->\n<title>Enzoani Collection bleue Peggy | Koonings<\/title>\n<meta name=\"description\" content=\"La mari\u00e9e minimaliste rencontre le vieil Hollywood pour cr\u00e9er cette magnifique robe de bal. Cette beaut\u00e9 Mikado occupe le devant de la sc\u00e8ne avec une taille serr\u00e9e flatteuse et une manche \u00e0 une \u00e9paule ultra-chic (et amovible) ! Pour une touche suppl\u00e9mentaire de glamour et de drame, Peggy est dot\u00e9e d&#039;un \u00e9l\u00e9gant et unique corset illusion dans le dos.\" \/>\n<meta name=\"robots\" content=\"index, follow, max-snippet:-1, max-image-preview:large, max-video-preview:-1\" \/>\n<link rel=\"canonical\" href=\"https:\/\/www.koonings.com\/fr\/product\/enzoani-blue-collection-peggy\/\" \/>\n<meta property=\"og:locale\" content=\"fr_FR\" \/>\n<meta property=\"og:type\" content=\"article\" \/>\n<meta property=\"og:title\" content=\"Enzoani Collection bleue Peggy | Koonings\" \/>\n<meta property=\"og:description\" content=\"La mari\u00e9e minimaliste rencontre le vieil Hollywood pour cr\u00e9er cette magnifique robe de bal. Cette beaut\u00e9 Mikado occupe le devant de la sc\u00e8ne avec une taille serr\u00e9e flatteuse et une manche \u00e0 une \u00e9paule ultra-chic (et amovible) ! Pour une touche suppl\u00e9mentaire de glamour et de drame, Peggy est dot\u00e9e d&#039;un \u00e9l\u00e9gant et unique corset illusion dans le dos.\" \/>\n<meta property=\"og:url\" content=\"https:\/\/www.koonings.com\/fr\/product\/enzoani-blue-collection-peggy\/\" \/>\n<meta property=\"og:site_name\" content=\"Koonings\" \/>\n<meta property=\"article:publisher\" content=\"https:\/\/www.facebook.com\/kooningstheweddingpalace\" \/>\n<meta property=\"og:image\" content=\"https:\/\/www.koonings.com\/wp-content\/uploads\/2024\/11\/37635_04ff2343960eefa04ef0590cf71f3a282e3029ef76a71450a5b5337f20d1c735cfa21af1.jpeg\" \/>\n\t<meta property=\"og:image:width\" content=\"971\" \/>\n\t<meta property=\"og:image:height\" content=\"1373\" \/>\n\t<meta property=\"og:image:type\" content=\"image\/jpeg\" \/>\n<meta name=\"twitter:card\" content=\"summary_large_image\" \/>\n<script type=\"application\/ld+json\" class=\"yoast-schema-graph\">{\"@context\":\"https:\\\/\\\/schema.org\",\"@graph\":[{\"@type\":\"WebPage\",\"@id\":\"https:\\\/\\\/www.koonings.com\\\/fr\\\/product\\\/enzoani-blue-collection-peggy\\\/\",\"url\":\"https:\\\/\\\/www.koonings.com\\\/fr\\\/product\\\/enzoani-blue-collection-peggy\\\/\",\"name\":\"Enzoani Collection bleue Peggy | Koonings\",\"isPartOf\":{\"@id\":\"https:\\\/\\\/www.koonings.com\\\/fr\\\/#website\"},\"primaryImageOfPage\":{\"@id\":\"https:\\\/\\\/www.koonings.com\\\/fr\\\/product\\\/enzoani-blue-collection-peggy\\\/#primaryimage\"},\"image\":{\"@id\":\"https:\\\/\\\/www.koonings.com\\\/fr\\\/product\\\/enzoani-blue-collection-peggy\\\/#primaryimage\"},\"thumbnailUrl\":\"https:\\\/\\\/www.koonings.com\\\/wp-content\\\/uploads\\\/2024\\\/11\\\/37635_04ff2343960eefa04ef0590cf71f3a282e3029ef76a71450a5b5337f20d1c735cfa21af1.jpeg\",\"datePublished\":\"2026-05-06T13:08:22+00:00\",\"description\":\"La mari\u00e9e minimaliste rencontre le vieil Hollywood pour cr\u00e9er cette magnifique robe de bal. Cette beaut\u00e9 Mikado occupe le devant de la sc\u00e8ne avec une taille serr\u00e9e flatteuse et une manche \u00e0 une \u00e9paule ultra-chic (et amovible) ! Pour une touche suppl\u00e9mentaire de glamour et de drame, Peggy est dot\u00e9e d'un \u00e9l\u00e9gant et unique corset illusion dans le dos.\",\"breadcrumb\":{\"@id\":\"https:\\\/\\\/www.koonings.com\\\/fr\\\/product\\\/enzoani-blue-collection-peggy\\\/#breadcrumb\"},\"inLanguage\":\"fr-FR\",\"potentialAction\":[{\"@type\":\"ReadAction\",\"target\":[\"https:\\\/\\\/www.koonings.com\\\/fr\\\/product\\\/enzoani-blue-collection-peggy\\\/\"]}]},{\"@type\":\"ImageObject\",\"inLanguage\":\"fr-FR\",\"@id\":\"https:\\\/\\\/www.koonings.com\\\/fr\\\/product\\\/enzoani-blue-collection-peggy\\\/#primaryimage\",\"url\":\"https:\\\/\\\/www.koonings.com\\\/wp-content\\\/uploads\\\/2024\\\/11\\\/37635_04ff2343960eefa04ef0590cf71f3a282e3029ef76a71450a5b5337f20d1c735cfa21af1.jpeg\",\"contentUrl\":\"https:\\\/\\\/www.koonings.com\\\/wp-content\\\/uploads\\\/2024\\\/11\\\/37635_04ff2343960eefa04ef0590cf71f3a282e3029ef76a71450a5b5337f20d1c735cfa21af1.jpeg\",\"width\":971,\"height\":1373},{\"@type\":\"BreadcrumbList\",\"@id\":\"https:\\\/\\\/www.koonings.com\\\/fr\\\/product\\\/enzoani-blue-collection-peggy\\\/#breadcrumb\",\"itemListElement\":[{\"@type\":\"ListItem\",\"position\":1,\"name\":\"Home\",\"item\":\"https:\\\/\\\/www.koonings.com\\\/fr\\\/\"},{\"@type\":\"ListItem\",\"position\":2,\"name\":\"Enzoani Collection bleue Peggy\"}]},{\"@type\":\"WebSite\",\"@id\":\"https:\\\/\\\/www.koonings.com\\\/fr\\\/#website\",\"url\":\"https:\\\/\\\/www.koonings.com\\\/fr\\\/\",\"name\":\"Koonings\",\"description\":\"De grootste bruidsmodewinkel ter wereld\",\"publisher\":{\"@id\":\"https:\\\/\\\/www.koonings.com\\\/fr\\\/#organization\"},\"potentialAction\":[{\"@type\":\"SearchAction\",\"target\":{\"@type\":\"EntryPoint\",\"urlTemplate\":\"https:\\\/\\\/www.koonings.com\\\/fr\\\/?s={search_term_string}\"},\"query-input\":{\"@type\":\"PropertyValueSpecification\",\"valueRequired\":true,\"valueName\":\"search_term_string\"}}],\"inLanguage\":\"fr-FR\"},{\"@type\":\"Organization\",\"@id\":\"https:\\\/\\\/www.koonings.com\\\/fr\\\/#organization\",\"name\":\"Koonings\",\"url\":\"https:\\\/\\\/www.koonings.com\\\/fr\\\/\",\"logo\":{\"@type\":\"ImageObject\",\"inLanguage\":\"fr-FR\",\"@id\":\"https:\\\/\\\/www.koonings.com\\\/fr\\\/#\\\/schema\\\/logo\\\/image\\\/\",\"url\":\"https:\\\/\\\/www.koonings.com\\\/wp-content\\\/uploads\\\/2024\\\/07\\\/logo.png\",\"contentUrl\":\"https:\\\/\\\/www.koonings.com\\\/wp-content\\\/uploads\\\/2024\\\/07\\\/logo.png\",\"width\":600,\"height\":428,\"caption\":\"Koonings\"},\"image\":{\"@id\":\"https:\\\/\\\/www.koonings.com\\\/fr\\\/#\\\/schema\\\/logo\\\/image\\\/\"},\"sameAs\":[\"https:\\\/\\\/www.facebook.com\\\/kooningstheweddingpalace\",\"https:\\\/\\\/www.instagram.com\\\/kooningstheweddingpalace\",\"https:\\\/\\\/www.pinterest.com\\\/koonings\",\"https:\\\/\\\/www.youtube.com\\\/kooningstheweddingpalace\"]}]}<\/script>\n<!-- \/ Yoast SEO plugin. -->","yoast_head_json":{"title":"Enzoani Collection bleue Peggy | Koonings","description":"La mari\u00e9e minimaliste rencontre le vieil Hollywood pour cr\u00e9er cette magnifique robe de bal. Cette beaut\u00e9 Mikado occupe le devant de la sc\u00e8ne avec une taille serr\u00e9e flatteuse et une manche \u00e0 une \u00e9paule ultra-chic (et amovible) ! Pour une touche suppl\u00e9mentaire de glamour et de drame, Peggy est dot\u00e9e d'un \u00e9l\u00e9gant et unique corset illusion dans le dos.","robots":{"index":"index","follow":"follow","max-snippet":"max-snippet:-1","max-image-preview":"max-image-preview:large","max-video-preview":"max-video-preview:-1"},"canonical":"https:\/\/www.koonings.com\/fr\/product\/enzoani-blue-collection-peggy\/","og_locale":"fr_FR","og_type":"article","og_title":"Enzoani Collection bleue Peggy | Koonings","og_description":"La mari\u00e9e minimaliste rencontre le vieil Hollywood pour cr\u00e9er cette magnifique robe de bal. Cette beaut\u00e9 Mikado occupe le devant de la sc\u00e8ne avec une taille serr\u00e9e flatteuse et une manche \u00e0 une \u00e9paule ultra-chic (et amovible) ! Pour une touche suppl\u00e9mentaire de glamour et de drame, Peggy est dot\u00e9e d'un \u00e9l\u00e9gant et unique corset illusion dans le dos.","og_url":"https:\/\/www.koonings.com\/fr\/product\/enzoani-blue-collection-peggy\/","og_site_name":"Koonings","article_publisher":"https:\/\/www.facebook.com\/kooningstheweddingpalace","og_image":[{"width":971,"height":1373,"url":"https:\/\/www.koonings.com\/wp-content\/uploads\/2024\/11\/37635_04ff2343960eefa04ef0590cf71f3a282e3029ef76a71450a5b5337f20d1c735cfa21af1.jpeg","type":"image\/jpeg"}],"twitter_card":"summary_large_image","schema":{"@context":"https:\/\/schema.org","@graph":[{"@type":"WebPage","@id":"https:\/\/www.koonings.com\/fr\/product\/enzoani-blue-collection-peggy\/","url":"https:\/\/www.koonings.com\/fr\/product\/enzoani-blue-collection-peggy\/","name":"Enzoani Collection bleue Peggy | Koonings","isPartOf":{"@id":"https:\/\/www.koonings.com\/fr\/#website"},"primaryImageOfPage":{"@id":"https:\/\/www.koonings.com\/fr\/product\/enzoani-blue-collection-peggy\/#primaryimage"},"image":{"@id":"https:\/\/www.koonings.com\/fr\/product\/enzoani-blue-collection-peggy\/#primaryimage"},"thumbnailUrl":"https:\/\/www.koonings.com\/wp-content\/uploads\/2024\/11\/37635_04ff2343960eefa04ef0590cf71f3a282e3029ef76a71450a5b5337f20d1c735cfa21af1.jpeg","datePublished":"2026-05-06T13:08:22+00:00","description":"La mari\u00e9e minimaliste rencontre le vieil Hollywood pour cr\u00e9er cette magnifique robe de bal. Cette beaut\u00e9 Mikado occupe le devant de la sc\u00e8ne avec une taille serr\u00e9e flatteuse et une manche \u00e0 une \u00e9paule ultra-chic (et amovible) ! Pour une touche suppl\u00e9mentaire de glamour et de drame, Peggy est dot\u00e9e d'un \u00e9l\u00e9gant et unique corset illusion dans le dos.","breadcrumb":{"@id":"https:\/\/www.koonings.com\/fr\/product\/enzoani-blue-collection-peggy\/#breadcrumb"},"inLanguage":"fr-FR","potentialAction":[{"@type":"ReadAction","target":["https:\/\/www.koonings.com\/fr\/product\/enzoani-blue-collection-peggy\/"]}]},{"@type":"ImageObject","inLanguage":"fr-FR","@id":"https:\/\/www.koonings.com\/fr\/product\/enzoani-blue-collection-peggy\/#primaryimage","url":"https:\/\/www.koonings.com\/wp-content\/uploads\/2024\/11\/37635_04ff2343960eefa04ef0590cf71f3a282e3029ef76a71450a5b5337f20d1c735cfa21af1.jpeg","contentUrl":"https:\/\/www.koonings.com\/wp-content\/uploads\/2024\/11\/37635_04ff2343960eefa04ef0590cf71f3a282e3029ef76a71450a5b5337f20d1c735cfa21af1.jpeg","width":971,"height":1373},{"@type":"BreadcrumbList","@id":"https:\/\/www.koonings.com\/fr\/product\/enzoani-blue-collection-peggy\/#breadcrumb","itemListElement":[{"@type":"ListItem","position":1,"name":"Home","item":"https:\/\/www.koonings.com\/fr\/"},{"@type":"ListItem","position":2,"name":"Enzoani Collection bleue Peggy"}]},{"@type":"WebSite","@id":"https:\/\/www.koonings.com\/fr\/#website","url":"https:\/\/www.koonings.com\/fr\/","name":"Koonings","description":"De grootste bruidsmodewinkel ter wereld","publisher":{"@id":"https:\/\/www.koonings.com\/fr\/#organization"},"potentialAction":[{"@type":"SearchAction","target":{"@type":"EntryPoint","urlTemplate":"https:\/\/www.koonings.com\/fr\/?s={search_term_string}"},"query-input":{"@type":"PropertyValueSpecification","valueRequired":true,"valueName":"search_term_string"}}],"inLanguage":"fr-FR"},{"@type":"Organization","@id":"https:\/\/www.koonings.com\/fr\/#organization","name":"Koonings","url":"https:\/\/www.koonings.com\/fr\/","logo":{"@type":"ImageObject","inLanguage":"fr-FR","@id":"https:\/\/www.koonings.com\/fr\/#\/schema\/logo\/image\/","url":"https:\/\/www.koonings.com\/wp-content\/uploads\/2024\/07\/logo.png","contentUrl":"https:\/\/www.koonings.com\/wp-content\/uploads\/2024\/07\/logo.png","width":600,"height":428,"caption":"Koonings"},"image":{"@id":"https:\/\/www.koonings.com\/fr\/#\/schema\/logo\/image\/"},"sameAs":["https:\/\/www.facebook.com\/kooningstheweddingpalace","https:\/\/www.instagram.com\/kooningstheweddingpalace","https:\/\/www.pinterest.com\/koonings","https:\/\/www.youtube.com\/kooningstheweddingpalace"]}]}},"_links":{"self":[{"href":"https:\/\/www.koonings.com\/fr\/wp-json\/wp\/v2\/product\/33500","targetHints":{"allow":["GET"]}}],"collection":[{"href":"https:\/\/www.koonings.com\/fr\/wp-json\/wp\/v2\/product"}],"about":[{"href":"https:\/\/www.koonings.com\/fr\/wp-json\/wp\/v2\/types\/product"}],"wp:featuredmedia":[{"embeddable":true,"href":"https:\/\/www.koonings.com\/fr\/wp-json\/wp\/v2\/media\/30949"}],"wp:attachment":[{"href":"https:\/\/www.koonings.com\/fr\/wp-json\/wp\/v2\/media?parent=33500"}],"wp:term":[{"taxonomy":"productdetails","embeddable":true,"href":"https:\/\/www.koonings.com\/fr\/wp-json\/wp\/v2\/productdetails?post=33500"},{"taxonomy":"productneck","embeddable":true,"href":"https:\/\/www.koonings.com\/fr\/wp-json\/wp\/v2\/productneck?post=33500"},{"taxonomy":"productcolor","embeddable":true,"href":"https:\/\/www.koonings.com\/fr\/wp-json\/wp\/v2\/productcolor?post=33500"},{"taxonomy":"maat","embeddable":true,"href":"https:\/\/www.koonings.com\/fr\/wp-json\/wp\/v2\/maat?post=33500"},{"taxonomy":"productsupplier","embeddable":true,"href":"https:\/\/www.koonings.com\/fr\/wp-json\/wp\/v2\/productsupplier?post=33500"},{"taxonomy":"productsleeve","embeddable":true,"href":"https:\/\/www.koonings.com\/fr\/wp-json\/wp\/v2\/productsleeve?post=33500"},{"taxonomy":"productcategory","embeddable":true,"href":"https:\/\/www.koonings.com\/fr\/wp-json\/wp\/v2\/productcategory?post=33500"},{"taxonomy":"productsilhouette","embeddable":true,"href":"https:\/\/www.koonings.com\/fr\/wp-json\/wp\/v2\/productsilhouette?post=33500"},{"taxonomy":"productstyle","embeddable":true,"href":"https:\/\/www.koonings.com\/fr\/wp-json\/wp\/v2\/productstyle?post=33500"}],"curies":[{"name":"wp","href":"https:\/\/api.w.org\/{rel}","templated":true}]}}