{"id":33490,"date":"2026-04-28T18:08:19","date_gmt":"2026-04-28T16:08:19","guid":{"rendered":"https:\/\/www.koonings.com\/product\/ladybird-jamila-lb123ci1\/"},"modified":"2026-02-16T14:38:19","modified_gmt":"2026-02-16T13:38:19","slug":"ladybird-jamila-lb123ci1","status":"publish","type":"product","link":"https:\/\/www.koonings.com\/fr\/product\/ladybird-jamila-lb123ci1\/","title":{"rendered":"Ladybird Jamila LB123CI1"},"content":{"rendered":"<p>Pour \u00eatre r\u00e9duit au silence par la puissance \u00e9manant de cette \u00e9l\u00e9gante robe de mari\u00e9e. La magnifique dentelle cr\u00e9e \u00e0 elle seule un look riche. Original est le corsage avec un d\u00e9collet\u00e9 en c\u0153ur illusion et des bretelles \u00e9troites. Tr\u00e8s sophistiqu\u00e9, les deux panneaux triangulaires transparents du dos lib\u00e8rent une partie du dos et sous le bras. La jupe souple et tourbillonnante apporte encore une certaine l\u00e9g\u00e8ret\u00e9 \u00e0 la robe.    <\/p>\n","protected":false},"featured_media":31030,"template":"","meta":{"_acf_changed":false,"ghostkit_customizer_options":"","ghostkit_custom_css":"","ghostkit_custom_js_head":"","ghostkit_custom_js_foot":"","ghostkit_typography":""},"productdetails":[379,380,381],"productneck":[351,355],"productcolor":[393,392],"maat":[],"productsupplier":[437],"productsleeve":[359],"productcategory":[18],"productsilhouette":[384],"productstyle":[366],"class_list":["post-33490","product","type-product","status-publish","has-post-thumbnail","hentry","productdetails-379","productdetails-380","productdetails-381","productneck-351","productneck-355","productcolor-393","productcolor-392","productsupplier-ladybird","productsleeve-359","productcategory-trouwjurken","productsilhouette-384","productstyle-366"],"acf":[],"yoast_head":"<!-- This site is optimized with the Yoast SEO plugin v27.3 - https:\/\/yoast.com\/product\/yoast-seo-wordpress\/ -->\n<title>Ladybird Jamila LB123CI1 | Koonings<\/title>\n<meta name=\"description\" content=\"Pour \u00eatre r\u00e9duit au silence par la puissance \u00e9manant de cette \u00e9l\u00e9gante robe de mari\u00e9e. La magnifique dentelle cr\u00e9e \u00e0 elle seule un look riche. Original est le corsage avec un d\u00e9collet\u00e9 en c\u0153ur illusion et des bretelles \u00e9troites. Tr\u00e8s sophistiqu\u00e9, les deux panneaux triangulaires transparents du dos lib\u00e8rent une partie du dos et sous le bras. La jupe souple et tourbillonnante apporte encore une certaine l\u00e9g\u00e8ret\u00e9 \u00e0 la robe.\" \/>\n<meta name=\"robots\" content=\"index, follow, max-snippet:-1, max-image-preview:large, max-video-preview:-1\" \/>\n<link rel=\"canonical\" href=\"https:\/\/www.koonings.com\/fr\/product\/ladybird-jamila-lb123ci1\/\" \/>\n<meta property=\"og:locale\" content=\"fr_FR\" \/>\n<meta property=\"og:type\" content=\"article\" \/>\n<meta property=\"og:title\" content=\"Ladybird Jamila LB123CI1 | Koonings\" \/>\n<meta property=\"og:description\" content=\"Pour \u00eatre r\u00e9duit au silence par la puissance \u00e9manant de cette \u00e9l\u00e9gante robe de mari\u00e9e. La magnifique dentelle cr\u00e9e \u00e0 elle seule un look riche. Original est le corsage avec un d\u00e9collet\u00e9 en c\u0153ur illusion et des bretelles \u00e9troites. Tr\u00e8s sophistiqu\u00e9, les deux panneaux triangulaires transparents du dos lib\u00e8rent une partie du dos et sous le bras. La jupe souple et tourbillonnante apporte encore une certaine l\u00e9g\u00e8ret\u00e9 \u00e0 la robe.\" \/>\n<meta property=\"og:url\" content=\"https:\/\/www.koonings.com\/fr\/product\/ladybird-jamila-lb123ci1\/\" \/>\n<meta property=\"og:site_name\" content=\"Koonings\" \/>\n<meta property=\"article:publisher\" content=\"https:\/\/www.facebook.com\/kooningstheweddingpalace\" \/>\n<meta property=\"og:image\" content=\"https:\/\/www.koonings.com\/wp-content\/uploads\/2024\/11\/37647_8cb2334575eeb03d54b9f9e958cafa16b70c2d5e18077476e7595502476034febde3384a-scaled.jpeg\" \/>\n\t<meta property=\"og:image:width\" content=\"1810\" \/>\n\t<meta property=\"og:image:height\" content=\"2560\" \/>\n\t<meta property=\"og:image:type\" content=\"image\/jpeg\" \/>\n<meta name=\"twitter:card\" content=\"summary_large_image\" \/>\n<script type=\"application\/ld+json\" class=\"yoast-schema-graph\">{\"@context\":\"https:\\\/\\\/schema.org\",\"@graph\":[{\"@type\":\"WebPage\",\"@id\":\"https:\\\/\\\/www.koonings.com\\\/fr\\\/product\\\/ladybird-jamila-lb123ci1\\\/\",\"url\":\"https:\\\/\\\/www.koonings.com\\\/fr\\\/product\\\/ladybird-jamila-lb123ci1\\\/\",\"name\":\"Ladybird Jamila LB123CI1 | Koonings\",\"isPartOf\":{\"@id\":\"https:\\\/\\\/www.koonings.com\\\/fr\\\/#website\"},\"primaryImageOfPage\":{\"@id\":\"https:\\\/\\\/www.koonings.com\\\/fr\\\/product\\\/ladybird-jamila-lb123ci1\\\/#primaryimage\"},\"image\":{\"@id\":\"https:\\\/\\\/www.koonings.com\\\/fr\\\/product\\\/ladybird-jamila-lb123ci1\\\/#primaryimage\"},\"thumbnailUrl\":\"https:\\\/\\\/www.koonings.com\\\/wp-content\\\/uploads\\\/2024\\\/11\\\/37647_8cb2334575eeb03d54b9f9e958cafa16b70c2d5e18077476e7595502476034febde3384a-scaled.jpeg\",\"datePublished\":\"2026-04-28T16:08:19+00:00\",\"description\":\"Pour \u00eatre r\u00e9duit au silence par la puissance \u00e9manant de cette \u00e9l\u00e9gante robe de mari\u00e9e. La magnifique dentelle cr\u00e9e \u00e0 elle seule un look riche. Original est le corsage avec un d\u00e9collet\u00e9 en c\u0153ur illusion et des bretelles \u00e9troites. Tr\u00e8s sophistiqu\u00e9, les deux panneaux triangulaires transparents du dos lib\u00e8rent une partie du dos et sous le bras. La jupe souple et tourbillonnante apporte encore une certaine l\u00e9g\u00e8ret\u00e9 \u00e0 la robe.\",\"breadcrumb\":{\"@id\":\"https:\\\/\\\/www.koonings.com\\\/fr\\\/product\\\/ladybird-jamila-lb123ci1\\\/#breadcrumb\"},\"inLanguage\":\"fr-FR\",\"potentialAction\":[{\"@type\":\"ReadAction\",\"target\":[\"https:\\\/\\\/www.koonings.com\\\/fr\\\/product\\\/ladybird-jamila-lb123ci1\\\/\"]}]},{\"@type\":\"ImageObject\",\"inLanguage\":\"fr-FR\",\"@id\":\"https:\\\/\\\/www.koonings.com\\\/fr\\\/product\\\/ladybird-jamila-lb123ci1\\\/#primaryimage\",\"url\":\"https:\\\/\\\/www.koonings.com\\\/wp-content\\\/uploads\\\/2024\\\/11\\\/37647_8cb2334575eeb03d54b9f9e958cafa16b70c2d5e18077476e7595502476034febde3384a-scaled.jpeg\",\"contentUrl\":\"https:\\\/\\\/www.koonings.com\\\/wp-content\\\/uploads\\\/2024\\\/11\\\/37647_8cb2334575eeb03d54b9f9e958cafa16b70c2d5e18077476e7595502476034febde3384a-scaled.jpeg\",\"width\":1810,\"height\":2560},{\"@type\":\"BreadcrumbList\",\"@id\":\"https:\\\/\\\/www.koonings.com\\\/fr\\\/product\\\/ladybird-jamila-lb123ci1\\\/#breadcrumb\",\"itemListElement\":[{\"@type\":\"ListItem\",\"position\":1,\"name\":\"Home\",\"item\":\"https:\\\/\\\/www.koonings.com\\\/fr\\\/\"},{\"@type\":\"ListItem\",\"position\":2,\"name\":\"Ladybird Jamila LB123CI1\"}]},{\"@type\":\"WebSite\",\"@id\":\"https:\\\/\\\/www.koonings.com\\\/fr\\\/#website\",\"url\":\"https:\\\/\\\/www.koonings.com\\\/fr\\\/\",\"name\":\"Koonings\",\"description\":\"De grootste bruidsmodewinkel ter wereld\",\"publisher\":{\"@id\":\"https:\\\/\\\/www.koonings.com\\\/fr\\\/#organization\"},\"potentialAction\":[{\"@type\":\"SearchAction\",\"target\":{\"@type\":\"EntryPoint\",\"urlTemplate\":\"https:\\\/\\\/www.koonings.com\\\/fr\\\/?s={search_term_string}\"},\"query-input\":{\"@type\":\"PropertyValueSpecification\",\"valueRequired\":true,\"valueName\":\"search_term_string\"}}],\"inLanguage\":\"fr-FR\"},{\"@type\":\"Organization\",\"@id\":\"https:\\\/\\\/www.koonings.com\\\/fr\\\/#organization\",\"name\":\"Koonings\",\"url\":\"https:\\\/\\\/www.koonings.com\\\/fr\\\/\",\"logo\":{\"@type\":\"ImageObject\",\"inLanguage\":\"fr-FR\",\"@id\":\"https:\\\/\\\/www.koonings.com\\\/fr\\\/#\\\/schema\\\/logo\\\/image\\\/\",\"url\":\"https:\\\/\\\/www.koonings.com\\\/wp-content\\\/uploads\\\/2024\\\/07\\\/logo.png\",\"contentUrl\":\"https:\\\/\\\/www.koonings.com\\\/wp-content\\\/uploads\\\/2024\\\/07\\\/logo.png\",\"width\":600,\"height\":428,\"caption\":\"Koonings\"},\"image\":{\"@id\":\"https:\\\/\\\/www.koonings.com\\\/fr\\\/#\\\/schema\\\/logo\\\/image\\\/\"},\"sameAs\":[\"https:\\\/\\\/www.facebook.com\\\/kooningstheweddingpalace\",\"https:\\\/\\\/www.instagram.com\\\/kooningstheweddingpalace\",\"https:\\\/\\\/www.pinterest.com\\\/koonings\",\"https:\\\/\\\/www.youtube.com\\\/kooningstheweddingpalace\"]}]}<\/script>\n<!-- \/ Yoast SEO plugin. -->","yoast_head_json":{"title":"Ladybird Jamila LB123CI1 | Koonings","description":"Pour \u00eatre r\u00e9duit au silence par la puissance \u00e9manant de cette \u00e9l\u00e9gante robe de mari\u00e9e. La magnifique dentelle cr\u00e9e \u00e0 elle seule un look riche. Original est le corsage avec un d\u00e9collet\u00e9 en c\u0153ur illusion et des bretelles \u00e9troites. Tr\u00e8s sophistiqu\u00e9, les deux panneaux triangulaires transparents du dos lib\u00e8rent une partie du dos et sous le bras. La jupe souple et tourbillonnante apporte encore une certaine l\u00e9g\u00e8ret\u00e9 \u00e0 la robe.","robots":{"index":"index","follow":"follow","max-snippet":"max-snippet:-1","max-image-preview":"max-image-preview:large","max-video-preview":"max-video-preview:-1"},"canonical":"https:\/\/www.koonings.com\/fr\/product\/ladybird-jamila-lb123ci1\/","og_locale":"fr_FR","og_type":"article","og_title":"Ladybird Jamila LB123CI1 | Koonings","og_description":"Pour \u00eatre r\u00e9duit au silence par la puissance \u00e9manant de cette \u00e9l\u00e9gante robe de mari\u00e9e. La magnifique dentelle cr\u00e9e \u00e0 elle seule un look riche. Original est le corsage avec un d\u00e9collet\u00e9 en c\u0153ur illusion et des bretelles \u00e9troites. Tr\u00e8s sophistiqu\u00e9, les deux panneaux triangulaires transparents du dos lib\u00e8rent une partie du dos et sous le bras. La jupe souple et tourbillonnante apporte encore une certaine l\u00e9g\u00e8ret\u00e9 \u00e0 la robe.","og_url":"https:\/\/www.koonings.com\/fr\/product\/ladybird-jamila-lb123ci1\/","og_site_name":"Koonings","article_publisher":"https:\/\/www.facebook.com\/kooningstheweddingpalace","og_image":[{"width":1810,"height":2560,"url":"https:\/\/www.koonings.com\/wp-content\/uploads\/2024\/11\/37647_8cb2334575eeb03d54b9f9e958cafa16b70c2d5e18077476e7595502476034febde3384a-scaled.jpeg","type":"image\/jpeg"}],"twitter_card":"summary_large_image","schema":{"@context":"https:\/\/schema.org","@graph":[{"@type":"WebPage","@id":"https:\/\/www.koonings.com\/fr\/product\/ladybird-jamila-lb123ci1\/","url":"https:\/\/www.koonings.com\/fr\/product\/ladybird-jamila-lb123ci1\/","name":"Ladybird Jamila LB123CI1 | Koonings","isPartOf":{"@id":"https:\/\/www.koonings.com\/fr\/#website"},"primaryImageOfPage":{"@id":"https:\/\/www.koonings.com\/fr\/product\/ladybird-jamila-lb123ci1\/#primaryimage"},"image":{"@id":"https:\/\/www.koonings.com\/fr\/product\/ladybird-jamila-lb123ci1\/#primaryimage"},"thumbnailUrl":"https:\/\/www.koonings.com\/wp-content\/uploads\/2024\/11\/37647_8cb2334575eeb03d54b9f9e958cafa16b70c2d5e18077476e7595502476034febde3384a-scaled.jpeg","datePublished":"2026-04-28T16:08:19+00:00","description":"Pour \u00eatre r\u00e9duit au silence par la puissance \u00e9manant de cette \u00e9l\u00e9gante robe de mari\u00e9e. La magnifique dentelle cr\u00e9e \u00e0 elle seule un look riche. Original est le corsage avec un d\u00e9collet\u00e9 en c\u0153ur illusion et des bretelles \u00e9troites. Tr\u00e8s sophistiqu\u00e9, les deux panneaux triangulaires transparents du dos lib\u00e8rent une partie du dos et sous le bras. La jupe souple et tourbillonnante apporte encore une certaine l\u00e9g\u00e8ret\u00e9 \u00e0 la robe.","breadcrumb":{"@id":"https:\/\/www.koonings.com\/fr\/product\/ladybird-jamila-lb123ci1\/#breadcrumb"},"inLanguage":"fr-FR","potentialAction":[{"@type":"ReadAction","target":["https:\/\/www.koonings.com\/fr\/product\/ladybird-jamila-lb123ci1\/"]}]},{"@type":"ImageObject","inLanguage":"fr-FR","@id":"https:\/\/www.koonings.com\/fr\/product\/ladybird-jamila-lb123ci1\/#primaryimage","url":"https:\/\/www.koonings.com\/wp-content\/uploads\/2024\/11\/37647_8cb2334575eeb03d54b9f9e958cafa16b70c2d5e18077476e7595502476034febde3384a-scaled.jpeg","contentUrl":"https:\/\/www.koonings.com\/wp-content\/uploads\/2024\/11\/37647_8cb2334575eeb03d54b9f9e958cafa16b70c2d5e18077476e7595502476034febde3384a-scaled.jpeg","width":1810,"height":2560},{"@type":"BreadcrumbList","@id":"https:\/\/www.koonings.com\/fr\/product\/ladybird-jamila-lb123ci1\/#breadcrumb","itemListElement":[{"@type":"ListItem","position":1,"name":"Home","item":"https:\/\/www.koonings.com\/fr\/"},{"@type":"ListItem","position":2,"name":"Ladybird Jamila LB123CI1"}]},{"@type":"WebSite","@id":"https:\/\/www.koonings.com\/fr\/#website","url":"https:\/\/www.koonings.com\/fr\/","name":"Koonings","description":"De grootste bruidsmodewinkel ter wereld","publisher":{"@id":"https:\/\/www.koonings.com\/fr\/#organization"},"potentialAction":[{"@type":"SearchAction","target":{"@type":"EntryPoint","urlTemplate":"https:\/\/www.koonings.com\/fr\/?s={search_term_string}"},"query-input":{"@type":"PropertyValueSpecification","valueRequired":true,"valueName":"search_term_string"}}],"inLanguage":"fr-FR"},{"@type":"Organization","@id":"https:\/\/www.koonings.com\/fr\/#organization","name":"Koonings","url":"https:\/\/www.koonings.com\/fr\/","logo":{"@type":"ImageObject","inLanguage":"fr-FR","@id":"https:\/\/www.koonings.com\/fr\/#\/schema\/logo\/image\/","url":"https:\/\/www.koonings.com\/wp-content\/uploads\/2024\/07\/logo.png","contentUrl":"https:\/\/www.koonings.com\/wp-content\/uploads\/2024\/07\/logo.png","width":600,"height":428,"caption":"Koonings"},"image":{"@id":"https:\/\/www.koonings.com\/fr\/#\/schema\/logo\/image\/"},"sameAs":["https:\/\/www.facebook.com\/kooningstheweddingpalace","https:\/\/www.instagram.com\/kooningstheweddingpalace","https:\/\/www.pinterest.com\/koonings","https:\/\/www.youtube.com\/kooningstheweddingpalace"]}]}},"_links":{"self":[{"href":"https:\/\/www.koonings.com\/fr\/wp-json\/wp\/v2\/product\/33490","targetHints":{"allow":["GET"]}}],"collection":[{"href":"https:\/\/www.koonings.com\/fr\/wp-json\/wp\/v2\/product"}],"about":[{"href":"https:\/\/www.koonings.com\/fr\/wp-json\/wp\/v2\/types\/product"}],"wp:featuredmedia":[{"embeddable":true,"href":"https:\/\/www.koonings.com\/fr\/wp-json\/wp\/v2\/media\/31030"}],"wp:attachment":[{"href":"https:\/\/www.koonings.com\/fr\/wp-json\/wp\/v2\/media?parent=33490"}],"wp:term":[{"taxonomy":"productdetails","embeddable":true,"href":"https:\/\/www.koonings.com\/fr\/wp-json\/wp\/v2\/productdetails?post=33490"},{"taxonomy":"productneck","embeddable":true,"href":"https:\/\/www.koonings.com\/fr\/wp-json\/wp\/v2\/productneck?post=33490"},{"taxonomy":"productcolor","embeddable":true,"href":"https:\/\/www.koonings.com\/fr\/wp-json\/wp\/v2\/productcolor?post=33490"},{"taxonomy":"maat","embeddable":true,"href":"https:\/\/www.koonings.com\/fr\/wp-json\/wp\/v2\/maat?post=33490"},{"taxonomy":"productsupplier","embeddable":true,"href":"https:\/\/www.koonings.com\/fr\/wp-json\/wp\/v2\/productsupplier?post=33490"},{"taxonomy":"productsleeve","embeddable":true,"href":"https:\/\/www.koonings.com\/fr\/wp-json\/wp\/v2\/productsleeve?post=33490"},{"taxonomy":"productcategory","embeddable":true,"href":"https:\/\/www.koonings.com\/fr\/wp-json\/wp\/v2\/productcategory?post=33490"},{"taxonomy":"productsilhouette","embeddable":true,"href":"https:\/\/www.koonings.com\/fr\/wp-json\/wp\/v2\/productsilhouette?post=33490"},{"taxonomy":"productstyle","embeddable":true,"href":"https:\/\/www.koonings.com\/fr\/wp-json\/wp\/v2\/productstyle?post=33490"}],"curies":[{"name":"wp","href":"https:\/\/api.w.org\/{rel}","templated":true}]}}