{"id":33454,"date":"2026-05-06T15:08:27","date_gmt":"2026-05-06T13:08:27","guid":{"rendered":"https:\/\/www.koonings.com\/product\/ramona-koonings-couture-kn2310-seatlle\/"},"modified":"2026-02-16T14:28:31","modified_gmt":"2026-02-16T13:28:31","slug":"ramona-koonings-couture-kn2310-seatlle","status":"publish","type":"product","link":"https:\/\/www.koonings.com\/fr\/product\/ramona-koonings-couture-kn2310-seatlle\/","title":{"rendered":"Ramona Koonings Couture KN2310 Seatlle"},"content":{"rendered":"<p>Cette robe de mari\u00e9e de style trompette se distingue imm\u00e9diatement par son d\u00e9collet\u00e9 en c\u0153ur avec des bretelles spaghetti. Les petites fleurs dans le corsage et la jupe accentuent encore les lignes f\u00e9minines. Ainsi, une robe sexy a \u00e9t\u00e9 cr\u00e9\u00e9e avec peu de d\u00e9tails suppl\u00e9mentaires.  <\/p>\n","protected":false},"featured_media":31213,"template":"","meta":{"_acf_changed":false,"ghostkit_customizer_options":"","ghostkit_custom_css":"","ghostkit_custom_js_head":"","ghostkit_custom_js_foot":"","ghostkit_typography":""},"productdetails":[379,376],"productneck":[356],"productcolor":[393,392],"maat":[],"productsupplier":[419],"productsleeve":[359],"productcategory":[18],"productsilhouette":[387],"productstyle":[367],"class_list":["post-33454","product","type-product","status-publish","has-post-thumbnail","hentry","productdetails-379","productdetails-376","productneck-356","productcolor-393","productcolor-392","productsupplier-ramona-koonings-couture","productsleeve-359","productcategory-trouwjurken","productsilhouette-387","productstyle-367"],"acf":[],"yoast_head":"<!-- This site is optimized with the Yoast SEO plugin v27.3 - https:\/\/yoast.com\/product\/yoast-seo-wordpress\/ -->\n<title>Ramona Koonings Couture KN2310 Seatlle | Koonings<\/title>\n<meta name=\"description\" content=\"Cette robe de mari\u00e9e de style trompette se distingue imm\u00e9diatement par son d\u00e9collet\u00e9 en c\u0153ur avec des bretelles spaghetti. Les petites fleurs dans le corsage et la jupe accentuent encore les lignes f\u00e9minines. Ainsi, une robe sexy a \u00e9t\u00e9 cr\u00e9\u00e9e avec peu de d\u00e9tails suppl\u00e9mentaires.\" \/>\n<meta name=\"robots\" content=\"index, follow, max-snippet:-1, max-image-preview:large, max-video-preview:-1\" \/>\n<link rel=\"canonical\" href=\"https:\/\/www.koonings.com\/fr\/product\/ramona-koonings-couture-kn2310-seatlle\/\" \/>\n<meta property=\"og:locale\" content=\"fr_FR\" \/>\n<meta property=\"og:type\" content=\"article\" \/>\n<meta property=\"og:title\" content=\"Ramona Koonings Couture KN2310 Seatlle | Koonings\" \/>\n<meta property=\"og:description\" content=\"Cette robe de mari\u00e9e de style trompette se distingue imm\u00e9diatement par son d\u00e9collet\u00e9 en c\u0153ur avec des bretelles spaghetti. Les petites fleurs dans le corsage et la jupe accentuent encore les lignes f\u00e9minines. Ainsi, une robe sexy a \u00e9t\u00e9 cr\u00e9\u00e9e avec peu de d\u00e9tails suppl\u00e9mentaires.\" \/>\n<meta property=\"og:url\" content=\"https:\/\/www.koonings.com\/fr\/product\/ramona-koonings-couture-kn2310-seatlle\/\" \/>\n<meta property=\"og:site_name\" content=\"Koonings\" \/>\n<meta property=\"article:publisher\" content=\"https:\/\/www.facebook.com\/kooningstheweddingpalace\" \/>\n<meta property=\"og:image\" content=\"https:\/\/www.koonings.com\/wp-content\/uploads\/2024\/11\/37670_dc9cda28dcaf9c69bf337bda8cbc1c00014996efb7fbc584b56333e2a9ebad9a86c2e9c1.jpeg\" \/>\n\t<meta property=\"og:image:width\" content=\"1723\" \/>\n\t<meta property=\"og:image:height\" content=\"2435\" \/>\n\t<meta property=\"og:image:type\" content=\"image\/jpeg\" \/>\n<meta name=\"twitter:card\" content=\"summary_large_image\" \/>\n<script type=\"application\/ld+json\" class=\"yoast-schema-graph\">{\"@context\":\"https:\\\/\\\/schema.org\",\"@graph\":[{\"@type\":\"WebPage\",\"@id\":\"https:\\\/\\\/www.koonings.com\\\/fr\\\/product\\\/ramona-koonings-couture-kn2310-seatlle\\\/\",\"url\":\"https:\\\/\\\/www.koonings.com\\\/fr\\\/product\\\/ramona-koonings-couture-kn2310-seatlle\\\/\",\"name\":\"Ramona Koonings Couture KN2310 Seatlle | Koonings\",\"isPartOf\":{\"@id\":\"https:\\\/\\\/www.koonings.com\\\/fr\\\/#website\"},\"primaryImageOfPage\":{\"@id\":\"https:\\\/\\\/www.koonings.com\\\/fr\\\/product\\\/ramona-koonings-couture-kn2310-seatlle\\\/#primaryimage\"},\"image\":{\"@id\":\"https:\\\/\\\/www.koonings.com\\\/fr\\\/product\\\/ramona-koonings-couture-kn2310-seatlle\\\/#primaryimage\"},\"thumbnailUrl\":\"https:\\\/\\\/www.koonings.com\\\/wp-content\\\/uploads\\\/2024\\\/11\\\/37670_dc9cda28dcaf9c69bf337bda8cbc1c00014996efb7fbc584b56333e2a9ebad9a86c2e9c1.jpeg\",\"datePublished\":\"2026-05-06T13:08:27+00:00\",\"description\":\"Cette robe de mari\u00e9e de style trompette se distingue imm\u00e9diatement par son d\u00e9collet\u00e9 en c\u0153ur avec des bretelles spaghetti. Les petites fleurs dans le corsage et la jupe accentuent encore les lignes f\u00e9minines. Ainsi, une robe sexy a \u00e9t\u00e9 cr\u00e9\u00e9e avec peu de d\u00e9tails suppl\u00e9mentaires.\",\"breadcrumb\":{\"@id\":\"https:\\\/\\\/www.koonings.com\\\/fr\\\/product\\\/ramona-koonings-couture-kn2310-seatlle\\\/#breadcrumb\"},\"inLanguage\":\"fr-FR\",\"potentialAction\":[{\"@type\":\"ReadAction\",\"target\":[\"https:\\\/\\\/www.koonings.com\\\/fr\\\/product\\\/ramona-koonings-couture-kn2310-seatlle\\\/\"]}]},{\"@type\":\"ImageObject\",\"inLanguage\":\"fr-FR\",\"@id\":\"https:\\\/\\\/www.koonings.com\\\/fr\\\/product\\\/ramona-koonings-couture-kn2310-seatlle\\\/#primaryimage\",\"url\":\"https:\\\/\\\/www.koonings.com\\\/wp-content\\\/uploads\\\/2024\\\/11\\\/37670_dc9cda28dcaf9c69bf337bda8cbc1c00014996efb7fbc584b56333e2a9ebad9a86c2e9c1.jpeg\",\"contentUrl\":\"https:\\\/\\\/www.koonings.com\\\/wp-content\\\/uploads\\\/2024\\\/11\\\/37670_dc9cda28dcaf9c69bf337bda8cbc1c00014996efb7fbc584b56333e2a9ebad9a86c2e9c1.jpeg\",\"width\":1723,\"height\":2435},{\"@type\":\"BreadcrumbList\",\"@id\":\"https:\\\/\\\/www.koonings.com\\\/fr\\\/product\\\/ramona-koonings-couture-kn2310-seatlle\\\/#breadcrumb\",\"itemListElement\":[{\"@type\":\"ListItem\",\"position\":1,\"name\":\"Home\",\"item\":\"https:\\\/\\\/www.koonings.com\\\/fr\\\/\"},{\"@type\":\"ListItem\",\"position\":2,\"name\":\"Ramona Koonings Couture KN2310 Seatlle\"}]},{\"@type\":\"WebSite\",\"@id\":\"https:\\\/\\\/www.koonings.com\\\/fr\\\/#website\",\"url\":\"https:\\\/\\\/www.koonings.com\\\/fr\\\/\",\"name\":\"Koonings\",\"description\":\"De grootste bruidsmodewinkel ter wereld\",\"publisher\":{\"@id\":\"https:\\\/\\\/www.koonings.com\\\/fr\\\/#organization\"},\"potentialAction\":[{\"@type\":\"SearchAction\",\"target\":{\"@type\":\"EntryPoint\",\"urlTemplate\":\"https:\\\/\\\/www.koonings.com\\\/fr\\\/?s={search_term_string}\"},\"query-input\":{\"@type\":\"PropertyValueSpecification\",\"valueRequired\":true,\"valueName\":\"search_term_string\"}}],\"inLanguage\":\"fr-FR\"},{\"@type\":\"Organization\",\"@id\":\"https:\\\/\\\/www.koonings.com\\\/fr\\\/#organization\",\"name\":\"Koonings\",\"url\":\"https:\\\/\\\/www.koonings.com\\\/fr\\\/\",\"logo\":{\"@type\":\"ImageObject\",\"inLanguage\":\"fr-FR\",\"@id\":\"https:\\\/\\\/www.koonings.com\\\/fr\\\/#\\\/schema\\\/logo\\\/image\\\/\",\"url\":\"https:\\\/\\\/www.koonings.com\\\/wp-content\\\/uploads\\\/2024\\\/07\\\/logo.png\",\"contentUrl\":\"https:\\\/\\\/www.koonings.com\\\/wp-content\\\/uploads\\\/2024\\\/07\\\/logo.png\",\"width\":600,\"height\":428,\"caption\":\"Koonings\"},\"image\":{\"@id\":\"https:\\\/\\\/www.koonings.com\\\/fr\\\/#\\\/schema\\\/logo\\\/image\\\/\"},\"sameAs\":[\"https:\\\/\\\/www.facebook.com\\\/kooningstheweddingpalace\",\"https:\\\/\\\/www.instagram.com\\\/kooningstheweddingpalace\",\"https:\\\/\\\/www.pinterest.com\\\/koonings\",\"https:\\\/\\\/www.youtube.com\\\/kooningstheweddingpalace\"]}]}<\/script>\n<!-- \/ Yoast SEO plugin. -->","yoast_head_json":{"title":"Ramona Koonings Couture KN2310 Seatlle | Koonings","description":"Cette robe de mari\u00e9e de style trompette se distingue imm\u00e9diatement par son d\u00e9collet\u00e9 en c\u0153ur avec des bretelles spaghetti. Les petites fleurs dans le corsage et la jupe accentuent encore les lignes f\u00e9minines. Ainsi, une robe sexy a \u00e9t\u00e9 cr\u00e9\u00e9e avec peu de d\u00e9tails suppl\u00e9mentaires.","robots":{"index":"index","follow":"follow","max-snippet":"max-snippet:-1","max-image-preview":"max-image-preview:large","max-video-preview":"max-video-preview:-1"},"canonical":"https:\/\/www.koonings.com\/fr\/product\/ramona-koonings-couture-kn2310-seatlle\/","og_locale":"fr_FR","og_type":"article","og_title":"Ramona Koonings Couture KN2310 Seatlle | Koonings","og_description":"Cette robe de mari\u00e9e de style trompette se distingue imm\u00e9diatement par son d\u00e9collet\u00e9 en c\u0153ur avec des bretelles spaghetti. Les petites fleurs dans le corsage et la jupe accentuent encore les lignes f\u00e9minines. Ainsi, une robe sexy a \u00e9t\u00e9 cr\u00e9\u00e9e avec peu de d\u00e9tails suppl\u00e9mentaires.","og_url":"https:\/\/www.koonings.com\/fr\/product\/ramona-koonings-couture-kn2310-seatlle\/","og_site_name":"Koonings","article_publisher":"https:\/\/www.facebook.com\/kooningstheweddingpalace","og_image":[{"width":1723,"height":2435,"url":"https:\/\/www.koonings.com\/wp-content\/uploads\/2024\/11\/37670_dc9cda28dcaf9c69bf337bda8cbc1c00014996efb7fbc584b56333e2a9ebad9a86c2e9c1.jpeg","type":"image\/jpeg"}],"twitter_card":"summary_large_image","schema":{"@context":"https:\/\/schema.org","@graph":[{"@type":"WebPage","@id":"https:\/\/www.koonings.com\/fr\/product\/ramona-koonings-couture-kn2310-seatlle\/","url":"https:\/\/www.koonings.com\/fr\/product\/ramona-koonings-couture-kn2310-seatlle\/","name":"Ramona Koonings Couture KN2310 Seatlle | Koonings","isPartOf":{"@id":"https:\/\/www.koonings.com\/fr\/#website"},"primaryImageOfPage":{"@id":"https:\/\/www.koonings.com\/fr\/product\/ramona-koonings-couture-kn2310-seatlle\/#primaryimage"},"image":{"@id":"https:\/\/www.koonings.com\/fr\/product\/ramona-koonings-couture-kn2310-seatlle\/#primaryimage"},"thumbnailUrl":"https:\/\/www.koonings.com\/wp-content\/uploads\/2024\/11\/37670_dc9cda28dcaf9c69bf337bda8cbc1c00014996efb7fbc584b56333e2a9ebad9a86c2e9c1.jpeg","datePublished":"2026-05-06T13:08:27+00:00","description":"Cette robe de mari\u00e9e de style trompette se distingue imm\u00e9diatement par son d\u00e9collet\u00e9 en c\u0153ur avec des bretelles spaghetti. Les petites fleurs dans le corsage et la jupe accentuent encore les lignes f\u00e9minines. Ainsi, une robe sexy a \u00e9t\u00e9 cr\u00e9\u00e9e avec peu de d\u00e9tails suppl\u00e9mentaires.","breadcrumb":{"@id":"https:\/\/www.koonings.com\/fr\/product\/ramona-koonings-couture-kn2310-seatlle\/#breadcrumb"},"inLanguage":"fr-FR","potentialAction":[{"@type":"ReadAction","target":["https:\/\/www.koonings.com\/fr\/product\/ramona-koonings-couture-kn2310-seatlle\/"]}]},{"@type":"ImageObject","inLanguage":"fr-FR","@id":"https:\/\/www.koonings.com\/fr\/product\/ramona-koonings-couture-kn2310-seatlle\/#primaryimage","url":"https:\/\/www.koonings.com\/wp-content\/uploads\/2024\/11\/37670_dc9cda28dcaf9c69bf337bda8cbc1c00014996efb7fbc584b56333e2a9ebad9a86c2e9c1.jpeg","contentUrl":"https:\/\/www.koonings.com\/wp-content\/uploads\/2024\/11\/37670_dc9cda28dcaf9c69bf337bda8cbc1c00014996efb7fbc584b56333e2a9ebad9a86c2e9c1.jpeg","width":1723,"height":2435},{"@type":"BreadcrumbList","@id":"https:\/\/www.koonings.com\/fr\/product\/ramona-koonings-couture-kn2310-seatlle\/#breadcrumb","itemListElement":[{"@type":"ListItem","position":1,"name":"Home","item":"https:\/\/www.koonings.com\/fr\/"},{"@type":"ListItem","position":2,"name":"Ramona Koonings Couture KN2310 Seatlle"}]},{"@type":"WebSite","@id":"https:\/\/www.koonings.com\/fr\/#website","url":"https:\/\/www.koonings.com\/fr\/","name":"Koonings","description":"De grootste bruidsmodewinkel ter wereld","publisher":{"@id":"https:\/\/www.koonings.com\/fr\/#organization"},"potentialAction":[{"@type":"SearchAction","target":{"@type":"EntryPoint","urlTemplate":"https:\/\/www.koonings.com\/fr\/?s={search_term_string}"},"query-input":{"@type":"PropertyValueSpecification","valueRequired":true,"valueName":"search_term_string"}}],"inLanguage":"fr-FR"},{"@type":"Organization","@id":"https:\/\/www.koonings.com\/fr\/#organization","name":"Koonings","url":"https:\/\/www.koonings.com\/fr\/","logo":{"@type":"ImageObject","inLanguage":"fr-FR","@id":"https:\/\/www.koonings.com\/fr\/#\/schema\/logo\/image\/","url":"https:\/\/www.koonings.com\/wp-content\/uploads\/2024\/07\/logo.png","contentUrl":"https:\/\/www.koonings.com\/wp-content\/uploads\/2024\/07\/logo.png","width":600,"height":428,"caption":"Koonings"},"image":{"@id":"https:\/\/www.koonings.com\/fr\/#\/schema\/logo\/image\/"},"sameAs":["https:\/\/www.facebook.com\/kooningstheweddingpalace","https:\/\/www.instagram.com\/kooningstheweddingpalace","https:\/\/www.pinterest.com\/koonings","https:\/\/www.youtube.com\/kooningstheweddingpalace"]}]}},"_links":{"self":[{"href":"https:\/\/www.koonings.com\/fr\/wp-json\/wp\/v2\/product\/33454","targetHints":{"allow":["GET"]}}],"collection":[{"href":"https:\/\/www.koonings.com\/fr\/wp-json\/wp\/v2\/product"}],"about":[{"href":"https:\/\/www.koonings.com\/fr\/wp-json\/wp\/v2\/types\/product"}],"wp:featuredmedia":[{"embeddable":true,"href":"https:\/\/www.koonings.com\/fr\/wp-json\/wp\/v2\/media\/31213"}],"wp:attachment":[{"href":"https:\/\/www.koonings.com\/fr\/wp-json\/wp\/v2\/media?parent=33454"}],"wp:term":[{"taxonomy":"productdetails","embeddable":true,"href":"https:\/\/www.koonings.com\/fr\/wp-json\/wp\/v2\/productdetails?post=33454"},{"taxonomy":"productneck","embeddable":true,"href":"https:\/\/www.koonings.com\/fr\/wp-json\/wp\/v2\/productneck?post=33454"},{"taxonomy":"productcolor","embeddable":true,"href":"https:\/\/www.koonings.com\/fr\/wp-json\/wp\/v2\/productcolor?post=33454"},{"taxonomy":"maat","embeddable":true,"href":"https:\/\/www.koonings.com\/fr\/wp-json\/wp\/v2\/maat?post=33454"},{"taxonomy":"productsupplier","embeddable":true,"href":"https:\/\/www.koonings.com\/fr\/wp-json\/wp\/v2\/productsupplier?post=33454"},{"taxonomy":"productsleeve","embeddable":true,"href":"https:\/\/www.koonings.com\/fr\/wp-json\/wp\/v2\/productsleeve?post=33454"},{"taxonomy":"productcategory","embeddable":true,"href":"https:\/\/www.koonings.com\/fr\/wp-json\/wp\/v2\/productcategory?post=33454"},{"taxonomy":"productsilhouette","embeddable":true,"href":"https:\/\/www.koonings.com\/fr\/wp-json\/wp\/v2\/productsilhouette?post=33454"},{"taxonomy":"productstyle","embeddable":true,"href":"https:\/\/www.koonings.com\/fr\/wp-json\/wp\/v2\/productstyle?post=33454"}],"curies":[{"name":"wp","href":"https:\/\/api.w.org\/{rel}","templated":true}]}}