{"id":33437,"date":"2026-04-28T18:08:26","date_gmt":"2026-04-28T16:08:26","guid":{"rendered":"https:\/\/www.koonings.com\/product\/ramona-koonings-couture-kn2317-parijs\/"},"modified":"2026-02-16T14:38:41","modified_gmt":"2026-02-16T13:38:41","slug":"ramona-koonings-couture-kn2317-parijs","status":"publish","type":"product","link":"https:\/\/www.koonings.com\/fr\/product\/ramona-koonings-couture-kn2317-parijs\/","title":{"rendered":"Ramona Koonings Couture KN2317 Paris"},"content":{"rendered":"<p>Dans une robe de mari\u00e9e classique en ligne A, la taille est particuli\u00e8rement mise en valeur. Ici, le corsage est d\u00e9collet\u00e9 avec un d\u00e9collet\u00e9 en c\u0153ur et un d\u00e9collet\u00e9 illusion. Le haut et la jupe sont orn\u00e9s de petits et grands appliqu\u00e9s floraux. Enfin, la longue tra\u00eene ajoute une touche romantique \u00e0 la robe.   <\/p>\n","protected":false},"featured_media":31315,"template":"","meta":{"_acf_changed":false,"ghostkit_customizer_options":"","ghostkit_custom_css":"","ghostkit_custom_js_head":"","ghostkit_custom_js_foot":"","ghostkit_typography":""},"productdetails":[379,376,383],"productneck":[350,351,355],"productcolor":[393,392],"maat":[],"productsupplier":[419],"productsleeve":[359],"productcategory":[18],"productsilhouette":[384,389],"productstyle":[367],"class_list":["post-33437","product","type-product","status-publish","has-post-thumbnail","hentry","productdetails-379","productdetails-376","productdetails-383","productneck-350","productneck-351","productneck-355","productcolor-393","productcolor-392","productsupplier-ramona-koonings-couture","productsleeve-359","productcategory-trouwjurken","productsilhouette-384","productsilhouette-389","productstyle-367"],"acf":[],"yoast_head":"<!-- This site is optimized with the Yoast SEO plugin v27.3 - https:\/\/yoast.com\/product\/yoast-seo-wordpress\/ -->\n<title>Ramona Koonings Couture KN2317 Paris | Koonings<\/title>\n<meta name=\"description\" content=\"Dans une robe de mari\u00e9e classique en ligne A, la taille est particuli\u00e8rement mise en valeur. Ici, le corsage est d\u00e9collet\u00e9 avec un d\u00e9collet\u00e9 en c\u0153ur et un d\u00e9collet\u00e9 illusion. Le haut et la jupe sont orn\u00e9s de petits et grands appliqu\u00e9s floraux. Enfin, la longue tra\u00eene ajoute une touche romantique \u00e0 la robe.\" \/>\n<meta name=\"robots\" content=\"index, follow, max-snippet:-1, max-image-preview:large, max-video-preview:-1\" \/>\n<link rel=\"canonical\" href=\"https:\/\/www.koonings.com\/fr\/product\/ramona-koonings-couture-kn2317-parijs\/\" \/>\n<meta property=\"og:locale\" content=\"fr_FR\" \/>\n<meta property=\"og:type\" content=\"article\" \/>\n<meta property=\"og:title\" content=\"Ramona Koonings Couture KN2317 Paris | Koonings\" \/>\n<meta property=\"og:description\" content=\"Dans une robe de mari\u00e9e classique en ligne A, la taille est particuli\u00e8rement mise en valeur. Ici, le corsage est d\u00e9collet\u00e9 avec un d\u00e9collet\u00e9 en c\u0153ur et un d\u00e9collet\u00e9 illusion. Le haut et la jupe sont orn\u00e9s de petits et grands appliqu\u00e9s floraux. Enfin, la longue tra\u00eene ajoute une touche romantique \u00e0 la robe.\" \/>\n<meta property=\"og:url\" content=\"https:\/\/www.koonings.com\/fr\/product\/ramona-koonings-couture-kn2317-parijs\/\" \/>\n<meta property=\"og:site_name\" content=\"Koonings\" \/>\n<meta property=\"article:publisher\" content=\"https:\/\/www.facebook.com\/kooningstheweddingpalace\" \/>\n<meta property=\"og:image\" content=\"https:\/\/www.koonings.com\/wp-content\/uploads\/2024\/11\/37676_384fadd668306a9ac2380f19340969476062e828e814341028780e543a9f7c81c4b988e2-scaled.jpeg\" \/>\n\t<meta property=\"og:image:width\" content=\"1811\" \/>\n\t<meta property=\"og:image:height\" content=\"2560\" \/>\n\t<meta property=\"og:image:type\" content=\"image\/jpeg\" \/>\n<meta name=\"twitter:card\" content=\"summary_large_image\" \/>\n<script type=\"application\/ld+json\" class=\"yoast-schema-graph\">{\"@context\":\"https:\\\/\\\/schema.org\",\"@graph\":[{\"@type\":\"WebPage\",\"@id\":\"https:\\\/\\\/www.koonings.com\\\/fr\\\/product\\\/ramona-koonings-couture-kn2317-parijs\\\/\",\"url\":\"https:\\\/\\\/www.koonings.com\\\/fr\\\/product\\\/ramona-koonings-couture-kn2317-parijs\\\/\",\"name\":\"Ramona Koonings Couture KN2317 Paris | Koonings\",\"isPartOf\":{\"@id\":\"https:\\\/\\\/www.koonings.com\\\/fr\\\/#website\"},\"primaryImageOfPage\":{\"@id\":\"https:\\\/\\\/www.koonings.com\\\/fr\\\/product\\\/ramona-koonings-couture-kn2317-parijs\\\/#primaryimage\"},\"image\":{\"@id\":\"https:\\\/\\\/www.koonings.com\\\/fr\\\/product\\\/ramona-koonings-couture-kn2317-parijs\\\/#primaryimage\"},\"thumbnailUrl\":\"https:\\\/\\\/www.koonings.com\\\/wp-content\\\/uploads\\\/2024\\\/11\\\/37676_384fadd668306a9ac2380f19340969476062e828e814341028780e543a9f7c81c4b988e2-scaled.jpeg\",\"datePublished\":\"2026-04-28T16:08:26+00:00\",\"description\":\"Dans une robe de mari\u00e9e classique en ligne A, la taille est particuli\u00e8rement mise en valeur. Ici, le corsage est d\u00e9collet\u00e9 avec un d\u00e9collet\u00e9 en c\u0153ur et un d\u00e9collet\u00e9 illusion. Le haut et la jupe sont orn\u00e9s de petits et grands appliqu\u00e9s floraux. Enfin, la longue tra\u00eene ajoute une touche romantique \u00e0 la robe.\",\"breadcrumb\":{\"@id\":\"https:\\\/\\\/www.koonings.com\\\/fr\\\/product\\\/ramona-koonings-couture-kn2317-parijs\\\/#breadcrumb\"},\"inLanguage\":\"fr-FR\",\"potentialAction\":[{\"@type\":\"ReadAction\",\"target\":[\"https:\\\/\\\/www.koonings.com\\\/fr\\\/product\\\/ramona-koonings-couture-kn2317-parijs\\\/\"]}]},{\"@type\":\"ImageObject\",\"inLanguage\":\"fr-FR\",\"@id\":\"https:\\\/\\\/www.koonings.com\\\/fr\\\/product\\\/ramona-koonings-couture-kn2317-parijs\\\/#primaryimage\",\"url\":\"https:\\\/\\\/www.koonings.com\\\/wp-content\\\/uploads\\\/2024\\\/11\\\/37676_384fadd668306a9ac2380f19340969476062e828e814341028780e543a9f7c81c4b988e2-scaled.jpeg\",\"contentUrl\":\"https:\\\/\\\/www.koonings.com\\\/wp-content\\\/uploads\\\/2024\\\/11\\\/37676_384fadd668306a9ac2380f19340969476062e828e814341028780e543a9f7c81c4b988e2-scaled.jpeg\",\"width\":1811,\"height\":2560},{\"@type\":\"BreadcrumbList\",\"@id\":\"https:\\\/\\\/www.koonings.com\\\/fr\\\/product\\\/ramona-koonings-couture-kn2317-parijs\\\/#breadcrumb\",\"itemListElement\":[{\"@type\":\"ListItem\",\"position\":1,\"name\":\"Home\",\"item\":\"https:\\\/\\\/www.koonings.com\\\/fr\\\/\"},{\"@type\":\"ListItem\",\"position\":2,\"name\":\"Ramona Koonings Couture KN2317 Paris\"}]},{\"@type\":\"WebSite\",\"@id\":\"https:\\\/\\\/www.koonings.com\\\/fr\\\/#website\",\"url\":\"https:\\\/\\\/www.koonings.com\\\/fr\\\/\",\"name\":\"Koonings\",\"description\":\"De grootste bruidsmodewinkel ter wereld\",\"publisher\":{\"@id\":\"https:\\\/\\\/www.koonings.com\\\/fr\\\/#organization\"},\"potentialAction\":[{\"@type\":\"SearchAction\",\"target\":{\"@type\":\"EntryPoint\",\"urlTemplate\":\"https:\\\/\\\/www.koonings.com\\\/fr\\\/?s={search_term_string}\"},\"query-input\":{\"@type\":\"PropertyValueSpecification\",\"valueRequired\":true,\"valueName\":\"search_term_string\"}}],\"inLanguage\":\"fr-FR\"},{\"@type\":\"Organization\",\"@id\":\"https:\\\/\\\/www.koonings.com\\\/fr\\\/#organization\",\"name\":\"Koonings\",\"url\":\"https:\\\/\\\/www.koonings.com\\\/fr\\\/\",\"logo\":{\"@type\":\"ImageObject\",\"inLanguage\":\"fr-FR\",\"@id\":\"https:\\\/\\\/www.koonings.com\\\/fr\\\/#\\\/schema\\\/logo\\\/image\\\/\",\"url\":\"https:\\\/\\\/www.koonings.com\\\/wp-content\\\/uploads\\\/2024\\\/07\\\/logo.png\",\"contentUrl\":\"https:\\\/\\\/www.koonings.com\\\/wp-content\\\/uploads\\\/2024\\\/07\\\/logo.png\",\"width\":600,\"height\":428,\"caption\":\"Koonings\"},\"image\":{\"@id\":\"https:\\\/\\\/www.koonings.com\\\/fr\\\/#\\\/schema\\\/logo\\\/image\\\/\"},\"sameAs\":[\"https:\\\/\\\/www.facebook.com\\\/kooningstheweddingpalace\",\"https:\\\/\\\/www.instagram.com\\\/kooningstheweddingpalace\",\"https:\\\/\\\/www.pinterest.com\\\/koonings\",\"https:\\\/\\\/www.youtube.com\\\/kooningstheweddingpalace\"]}]}<\/script>\n<!-- \/ Yoast SEO plugin. -->","yoast_head_json":{"title":"Ramona Koonings Couture KN2317 Paris | Koonings","description":"Dans une robe de mari\u00e9e classique en ligne A, la taille est particuli\u00e8rement mise en valeur. Ici, le corsage est d\u00e9collet\u00e9 avec un d\u00e9collet\u00e9 en c\u0153ur et un d\u00e9collet\u00e9 illusion. Le haut et la jupe sont orn\u00e9s de petits et grands appliqu\u00e9s floraux. Enfin, la longue tra\u00eene ajoute une touche romantique \u00e0 la robe.","robots":{"index":"index","follow":"follow","max-snippet":"max-snippet:-1","max-image-preview":"max-image-preview:large","max-video-preview":"max-video-preview:-1"},"canonical":"https:\/\/www.koonings.com\/fr\/product\/ramona-koonings-couture-kn2317-parijs\/","og_locale":"fr_FR","og_type":"article","og_title":"Ramona Koonings Couture KN2317 Paris | Koonings","og_description":"Dans une robe de mari\u00e9e classique en ligne A, la taille est particuli\u00e8rement mise en valeur. Ici, le corsage est d\u00e9collet\u00e9 avec un d\u00e9collet\u00e9 en c\u0153ur et un d\u00e9collet\u00e9 illusion. Le haut et la jupe sont orn\u00e9s de petits et grands appliqu\u00e9s floraux. Enfin, la longue tra\u00eene ajoute une touche romantique \u00e0 la robe.","og_url":"https:\/\/www.koonings.com\/fr\/product\/ramona-koonings-couture-kn2317-parijs\/","og_site_name":"Koonings","article_publisher":"https:\/\/www.facebook.com\/kooningstheweddingpalace","og_image":[{"width":1811,"height":2560,"url":"https:\/\/www.koonings.com\/wp-content\/uploads\/2024\/11\/37676_384fadd668306a9ac2380f19340969476062e828e814341028780e543a9f7c81c4b988e2-scaled.jpeg","type":"image\/jpeg"}],"twitter_card":"summary_large_image","schema":{"@context":"https:\/\/schema.org","@graph":[{"@type":"WebPage","@id":"https:\/\/www.koonings.com\/fr\/product\/ramona-koonings-couture-kn2317-parijs\/","url":"https:\/\/www.koonings.com\/fr\/product\/ramona-koonings-couture-kn2317-parijs\/","name":"Ramona Koonings Couture KN2317 Paris | Koonings","isPartOf":{"@id":"https:\/\/www.koonings.com\/fr\/#website"},"primaryImageOfPage":{"@id":"https:\/\/www.koonings.com\/fr\/product\/ramona-koonings-couture-kn2317-parijs\/#primaryimage"},"image":{"@id":"https:\/\/www.koonings.com\/fr\/product\/ramona-koonings-couture-kn2317-parijs\/#primaryimage"},"thumbnailUrl":"https:\/\/www.koonings.com\/wp-content\/uploads\/2024\/11\/37676_384fadd668306a9ac2380f19340969476062e828e814341028780e543a9f7c81c4b988e2-scaled.jpeg","datePublished":"2026-04-28T16:08:26+00:00","description":"Dans une robe de mari\u00e9e classique en ligne A, la taille est particuli\u00e8rement mise en valeur. Ici, le corsage est d\u00e9collet\u00e9 avec un d\u00e9collet\u00e9 en c\u0153ur et un d\u00e9collet\u00e9 illusion. Le haut et la jupe sont orn\u00e9s de petits et grands appliqu\u00e9s floraux. Enfin, la longue tra\u00eene ajoute une touche romantique \u00e0 la robe.","breadcrumb":{"@id":"https:\/\/www.koonings.com\/fr\/product\/ramona-koonings-couture-kn2317-parijs\/#breadcrumb"},"inLanguage":"fr-FR","potentialAction":[{"@type":"ReadAction","target":["https:\/\/www.koonings.com\/fr\/product\/ramona-koonings-couture-kn2317-parijs\/"]}]},{"@type":"ImageObject","inLanguage":"fr-FR","@id":"https:\/\/www.koonings.com\/fr\/product\/ramona-koonings-couture-kn2317-parijs\/#primaryimage","url":"https:\/\/www.koonings.com\/wp-content\/uploads\/2024\/11\/37676_384fadd668306a9ac2380f19340969476062e828e814341028780e543a9f7c81c4b988e2-scaled.jpeg","contentUrl":"https:\/\/www.koonings.com\/wp-content\/uploads\/2024\/11\/37676_384fadd668306a9ac2380f19340969476062e828e814341028780e543a9f7c81c4b988e2-scaled.jpeg","width":1811,"height":2560},{"@type":"BreadcrumbList","@id":"https:\/\/www.koonings.com\/fr\/product\/ramona-koonings-couture-kn2317-parijs\/#breadcrumb","itemListElement":[{"@type":"ListItem","position":1,"name":"Home","item":"https:\/\/www.koonings.com\/fr\/"},{"@type":"ListItem","position":2,"name":"Ramona Koonings Couture KN2317 Paris"}]},{"@type":"WebSite","@id":"https:\/\/www.koonings.com\/fr\/#website","url":"https:\/\/www.koonings.com\/fr\/","name":"Koonings","description":"De grootste bruidsmodewinkel ter wereld","publisher":{"@id":"https:\/\/www.koonings.com\/fr\/#organization"},"potentialAction":[{"@type":"SearchAction","target":{"@type":"EntryPoint","urlTemplate":"https:\/\/www.koonings.com\/fr\/?s={search_term_string}"},"query-input":{"@type":"PropertyValueSpecification","valueRequired":true,"valueName":"search_term_string"}}],"inLanguage":"fr-FR"},{"@type":"Organization","@id":"https:\/\/www.koonings.com\/fr\/#organization","name":"Koonings","url":"https:\/\/www.koonings.com\/fr\/","logo":{"@type":"ImageObject","inLanguage":"fr-FR","@id":"https:\/\/www.koonings.com\/fr\/#\/schema\/logo\/image\/","url":"https:\/\/www.koonings.com\/wp-content\/uploads\/2024\/07\/logo.png","contentUrl":"https:\/\/www.koonings.com\/wp-content\/uploads\/2024\/07\/logo.png","width":600,"height":428,"caption":"Koonings"},"image":{"@id":"https:\/\/www.koonings.com\/fr\/#\/schema\/logo\/image\/"},"sameAs":["https:\/\/www.facebook.com\/kooningstheweddingpalace","https:\/\/www.instagram.com\/kooningstheweddingpalace","https:\/\/www.pinterest.com\/koonings","https:\/\/www.youtube.com\/kooningstheweddingpalace"]}]}},"_links":{"self":[{"href":"https:\/\/www.koonings.com\/fr\/wp-json\/wp\/v2\/product\/33437","targetHints":{"allow":["GET"]}}],"collection":[{"href":"https:\/\/www.koonings.com\/fr\/wp-json\/wp\/v2\/product"}],"about":[{"href":"https:\/\/www.koonings.com\/fr\/wp-json\/wp\/v2\/types\/product"}],"wp:featuredmedia":[{"embeddable":true,"href":"https:\/\/www.koonings.com\/fr\/wp-json\/wp\/v2\/media\/31315"}],"wp:attachment":[{"href":"https:\/\/www.koonings.com\/fr\/wp-json\/wp\/v2\/media?parent=33437"}],"wp:term":[{"taxonomy":"productdetails","embeddable":true,"href":"https:\/\/www.koonings.com\/fr\/wp-json\/wp\/v2\/productdetails?post=33437"},{"taxonomy":"productneck","embeddable":true,"href":"https:\/\/www.koonings.com\/fr\/wp-json\/wp\/v2\/productneck?post=33437"},{"taxonomy":"productcolor","embeddable":true,"href":"https:\/\/www.koonings.com\/fr\/wp-json\/wp\/v2\/productcolor?post=33437"},{"taxonomy":"maat","embeddable":true,"href":"https:\/\/www.koonings.com\/fr\/wp-json\/wp\/v2\/maat?post=33437"},{"taxonomy":"productsupplier","embeddable":true,"href":"https:\/\/www.koonings.com\/fr\/wp-json\/wp\/v2\/productsupplier?post=33437"},{"taxonomy":"productsleeve","embeddable":true,"href":"https:\/\/www.koonings.com\/fr\/wp-json\/wp\/v2\/productsleeve?post=33437"},{"taxonomy":"productcategory","embeddable":true,"href":"https:\/\/www.koonings.com\/fr\/wp-json\/wp\/v2\/productcategory?post=33437"},{"taxonomy":"productsilhouette","embeddable":true,"href":"https:\/\/www.koonings.com\/fr\/wp-json\/wp\/v2\/productsilhouette?post=33437"},{"taxonomy":"productstyle","embeddable":true,"href":"https:\/\/www.koonings.com\/fr\/wp-json\/wp\/v2\/productstyle?post=33437"}],"curies":[{"name":"wp","href":"https:\/\/api.w.org\/{rel}","templated":true}]}}