{"id":33420,"date":"2025-12-15T00:12:01","date_gmt":"2025-12-14T23:12:01","guid":{"rendered":"https:\/\/www.koonings.com\/product\/ramona-koonings-couture-kn2328-antwerpen\/"},"modified":"2026-02-03T17:56:55","modified_gmt":"2026-02-03T16:56:55","slug":"ramona-koonings-couture-kn2328-antwerpen","status":"publish","type":"product","link":"https:\/\/www.koonings.com\/fr\/product\/ramona-koonings-couture-kn2328-antwerpen\/","title":{"rendered":"Ramona Koonings Couture KN2328 Anvers"},"content":{"rendered":"<p>Une luxueuse dentelle florale a \u00e9t\u00e9 utilis\u00e9e pour cette fabuleuse robe de mari\u00e9e ligne A. Le corsage reste simple avec un d\u00e9collet\u00e9 en c\u0153ur et des bretelles \u00e9troites. Le corsage reste simple avec un d\u00e9collet\u00e9 en c\u0153ur et des bretelles \u00e9troites. Une belle combinaison avec la jupe \u00e0 larges volants et la longue tra\u00eene.  <\/p>\n","protected":false},"featured_media":31451,"template":"","meta":{"_acf_changed":false,"ghostkit_customizer_options":"","ghostkit_custom_css":"","ghostkit_custom_js_head":"","ghostkit_custom_js_foot":"","ghostkit_typography":""},"productdetails":[379,376],"productneck":[355],"productcolor":[392],"maat":[],"productsupplier":[419],"productsleeve":[359],"productcategory":[18],"productsilhouette":[384,389],"productstyle":[367],"class_list":["post-33420","product","type-product","status-publish","has-post-thumbnail","hentry","productdetails-379","productdetails-376","productneck-355","productcolor-392","productsupplier-ramona-koonings-couture","productsleeve-359","productcategory-trouwjurken","productsilhouette-384","productsilhouette-389","productstyle-367"],"acf":[],"yoast_head":"<!-- This site is optimized with the Yoast SEO plugin v27.3 - https:\/\/yoast.com\/product\/yoast-seo-wordpress\/ -->\n<title>Ramona Koonings Couture KN2328 Anvers | Koonings<\/title>\n<meta name=\"description\" content=\"Une luxueuse dentelle florale a \u00e9t\u00e9 utilis\u00e9e pour cette fabuleuse robe de mari\u00e9e ligne A. Le corsage reste simple avec un d\u00e9collet\u00e9 en c\u0153ur et des bretelles \u00e9troites. Le corsage reste simple avec un d\u00e9collet\u00e9 en c\u0153ur et des bretelles \u00e9troites. Une belle combinaison avec la jupe \u00e0 larges volants et la longue tra\u00eene.\" \/>\n<meta name=\"robots\" content=\"index, follow, max-snippet:-1, max-image-preview:large, max-video-preview:-1\" \/>\n<link rel=\"canonical\" href=\"https:\/\/www.koonings.com\/fr\/product\/ramona-koonings-couture-kn2328-antwerpen\/\" \/>\n<meta property=\"og:locale\" content=\"fr_FR\" \/>\n<meta property=\"og:type\" content=\"article\" \/>\n<meta property=\"og:title\" content=\"Ramona Koonings Couture KN2328 Anvers | Koonings\" \/>\n<meta property=\"og:description\" content=\"Une luxueuse dentelle florale a \u00e9t\u00e9 utilis\u00e9e pour cette fabuleuse robe de mari\u00e9e ligne A. Le corsage reste simple avec un d\u00e9collet\u00e9 en c\u0153ur et des bretelles \u00e9troites. Le corsage reste simple avec un d\u00e9collet\u00e9 en c\u0153ur et des bretelles \u00e9troites. Une belle combinaison avec la jupe \u00e0 larges volants et la longue tra\u00eene.\" \/>\n<meta property=\"og:url\" content=\"https:\/\/www.koonings.com\/fr\/product\/ramona-koonings-couture-kn2328-antwerpen\/\" \/>\n<meta property=\"og:site_name\" content=\"Koonings\" \/>\n<meta property=\"article:publisher\" content=\"https:\/\/www.facebook.com\/kooningstheweddingpalace\" \/>\n<meta property=\"article:modified_time\" content=\"2026-02-03T16:56:55+00:00\" \/>\n<meta property=\"og:image\" content=\"https:\/\/www.koonings.com\/wp-content\/uploads\/2024\/11\/37685_bc9a4d43620c4b968a8162c401d43a8e6259eaec291f3b77d694bcc4a64fa345e5a95744-scaled.jpeg\" \/>\n\t<meta property=\"og:image:width\" content=\"1814\" \/>\n\t<meta property=\"og:image:height\" content=\"2560\" \/>\n\t<meta property=\"og:image:type\" content=\"image\/jpeg\" \/>\n<meta name=\"twitter:card\" content=\"summary_large_image\" \/>\n<script type=\"application\/ld+json\" class=\"yoast-schema-graph\">{\"@context\":\"https:\\\/\\\/schema.org\",\"@graph\":[{\"@type\":\"WebPage\",\"@id\":\"https:\\\/\\\/www.koonings.com\\\/fr\\\/product\\\/ramona-koonings-couture-kn2328-antwerpen\\\/\",\"url\":\"https:\\\/\\\/www.koonings.com\\\/fr\\\/product\\\/ramona-koonings-couture-kn2328-antwerpen\\\/\",\"name\":\"Ramona Koonings Couture KN2328 Anvers | Koonings\",\"isPartOf\":{\"@id\":\"https:\\\/\\\/www.koonings.com\\\/fr\\\/#website\"},\"primaryImageOfPage\":{\"@id\":\"https:\\\/\\\/www.koonings.com\\\/fr\\\/product\\\/ramona-koonings-couture-kn2328-antwerpen\\\/#primaryimage\"},\"image\":{\"@id\":\"https:\\\/\\\/www.koonings.com\\\/fr\\\/product\\\/ramona-koonings-couture-kn2328-antwerpen\\\/#primaryimage\"},\"thumbnailUrl\":\"https:\\\/\\\/www.koonings.com\\\/wp-content\\\/uploads\\\/2024\\\/11\\\/37685_bc9a4d43620c4b968a8162c401d43a8e6259eaec291f3b77d694bcc4a64fa345e5a95744-scaled.jpeg\",\"datePublished\":\"2025-12-14T23:12:01+00:00\",\"dateModified\":\"2026-02-03T16:56:55+00:00\",\"description\":\"Une luxueuse dentelle florale a \u00e9t\u00e9 utilis\u00e9e pour cette fabuleuse robe de mari\u00e9e ligne A. Le corsage reste simple avec un d\u00e9collet\u00e9 en c\u0153ur et des bretelles \u00e9troites. Le corsage reste simple avec un d\u00e9collet\u00e9 en c\u0153ur et des bretelles \u00e9troites. Une belle combinaison avec la jupe \u00e0 larges volants et la longue tra\u00eene.\",\"breadcrumb\":{\"@id\":\"https:\\\/\\\/www.koonings.com\\\/fr\\\/product\\\/ramona-koonings-couture-kn2328-antwerpen\\\/#breadcrumb\"},\"inLanguage\":\"fr-FR\",\"potentialAction\":[{\"@type\":\"ReadAction\",\"target\":[\"https:\\\/\\\/www.koonings.com\\\/fr\\\/product\\\/ramona-koonings-couture-kn2328-antwerpen\\\/\"]}]},{\"@type\":\"ImageObject\",\"inLanguage\":\"fr-FR\",\"@id\":\"https:\\\/\\\/www.koonings.com\\\/fr\\\/product\\\/ramona-koonings-couture-kn2328-antwerpen\\\/#primaryimage\",\"url\":\"https:\\\/\\\/www.koonings.com\\\/wp-content\\\/uploads\\\/2024\\\/11\\\/37685_bc9a4d43620c4b968a8162c401d43a8e6259eaec291f3b77d694bcc4a64fa345e5a95744-scaled.jpeg\",\"contentUrl\":\"https:\\\/\\\/www.koonings.com\\\/wp-content\\\/uploads\\\/2024\\\/11\\\/37685_bc9a4d43620c4b968a8162c401d43a8e6259eaec291f3b77d694bcc4a64fa345e5a95744-scaled.jpeg\",\"width\":1814,\"height\":2560},{\"@type\":\"BreadcrumbList\",\"@id\":\"https:\\\/\\\/www.koonings.com\\\/fr\\\/product\\\/ramona-koonings-couture-kn2328-antwerpen\\\/#breadcrumb\",\"itemListElement\":[{\"@type\":\"ListItem\",\"position\":1,\"name\":\"Home\",\"item\":\"https:\\\/\\\/www.koonings.com\\\/fr\\\/\"},{\"@type\":\"ListItem\",\"position\":2,\"name\":\"Ramona Koonings Couture KN2328 Anvers\"}]},{\"@type\":\"WebSite\",\"@id\":\"https:\\\/\\\/www.koonings.com\\\/fr\\\/#website\",\"url\":\"https:\\\/\\\/www.koonings.com\\\/fr\\\/\",\"name\":\"Koonings\",\"description\":\"De grootste bruidsmodewinkel ter wereld\",\"publisher\":{\"@id\":\"https:\\\/\\\/www.koonings.com\\\/fr\\\/#organization\"},\"potentialAction\":[{\"@type\":\"SearchAction\",\"target\":{\"@type\":\"EntryPoint\",\"urlTemplate\":\"https:\\\/\\\/www.koonings.com\\\/fr\\\/?s={search_term_string}\"},\"query-input\":{\"@type\":\"PropertyValueSpecification\",\"valueRequired\":true,\"valueName\":\"search_term_string\"}}],\"inLanguage\":\"fr-FR\"},{\"@type\":\"Organization\",\"@id\":\"https:\\\/\\\/www.koonings.com\\\/fr\\\/#organization\",\"name\":\"Koonings\",\"url\":\"https:\\\/\\\/www.koonings.com\\\/fr\\\/\",\"logo\":{\"@type\":\"ImageObject\",\"inLanguage\":\"fr-FR\",\"@id\":\"https:\\\/\\\/www.koonings.com\\\/fr\\\/#\\\/schema\\\/logo\\\/image\\\/\",\"url\":\"https:\\\/\\\/www.koonings.com\\\/wp-content\\\/uploads\\\/2024\\\/07\\\/logo.png\",\"contentUrl\":\"https:\\\/\\\/www.koonings.com\\\/wp-content\\\/uploads\\\/2024\\\/07\\\/logo.png\",\"width\":600,\"height\":428,\"caption\":\"Koonings\"},\"image\":{\"@id\":\"https:\\\/\\\/www.koonings.com\\\/fr\\\/#\\\/schema\\\/logo\\\/image\\\/\"},\"sameAs\":[\"https:\\\/\\\/www.facebook.com\\\/kooningstheweddingpalace\",\"https:\\\/\\\/www.instagram.com\\\/kooningstheweddingpalace\",\"https:\\\/\\\/www.pinterest.com\\\/koonings\",\"https:\\\/\\\/www.youtube.com\\\/kooningstheweddingpalace\"]}]}<\/script>\n<!-- \/ Yoast SEO plugin. -->","yoast_head_json":{"title":"Ramona Koonings Couture KN2328 Anvers | Koonings","description":"Une luxueuse dentelle florale a \u00e9t\u00e9 utilis\u00e9e pour cette fabuleuse robe de mari\u00e9e ligne A. Le corsage reste simple avec un d\u00e9collet\u00e9 en c\u0153ur et des bretelles \u00e9troites. Le corsage reste simple avec un d\u00e9collet\u00e9 en c\u0153ur et des bretelles \u00e9troites. Une belle combinaison avec la jupe \u00e0 larges volants et la longue tra\u00eene.","robots":{"index":"index","follow":"follow","max-snippet":"max-snippet:-1","max-image-preview":"max-image-preview:large","max-video-preview":"max-video-preview:-1"},"canonical":"https:\/\/www.koonings.com\/fr\/product\/ramona-koonings-couture-kn2328-antwerpen\/","og_locale":"fr_FR","og_type":"article","og_title":"Ramona Koonings Couture KN2328 Anvers | Koonings","og_description":"Une luxueuse dentelle florale a \u00e9t\u00e9 utilis\u00e9e pour cette fabuleuse robe de mari\u00e9e ligne A. Le corsage reste simple avec un d\u00e9collet\u00e9 en c\u0153ur et des bretelles \u00e9troites. Le corsage reste simple avec un d\u00e9collet\u00e9 en c\u0153ur et des bretelles \u00e9troites. Une belle combinaison avec la jupe \u00e0 larges volants et la longue tra\u00eene.","og_url":"https:\/\/www.koonings.com\/fr\/product\/ramona-koonings-couture-kn2328-antwerpen\/","og_site_name":"Koonings","article_publisher":"https:\/\/www.facebook.com\/kooningstheweddingpalace","article_modified_time":"2026-02-03T16:56:55+00:00","og_image":[{"width":1814,"height":2560,"url":"https:\/\/www.koonings.com\/wp-content\/uploads\/2024\/11\/37685_bc9a4d43620c4b968a8162c401d43a8e6259eaec291f3b77d694bcc4a64fa345e5a95744-scaled.jpeg","type":"image\/jpeg"}],"twitter_card":"summary_large_image","schema":{"@context":"https:\/\/schema.org","@graph":[{"@type":"WebPage","@id":"https:\/\/www.koonings.com\/fr\/product\/ramona-koonings-couture-kn2328-antwerpen\/","url":"https:\/\/www.koonings.com\/fr\/product\/ramona-koonings-couture-kn2328-antwerpen\/","name":"Ramona Koonings Couture KN2328 Anvers | Koonings","isPartOf":{"@id":"https:\/\/www.koonings.com\/fr\/#website"},"primaryImageOfPage":{"@id":"https:\/\/www.koonings.com\/fr\/product\/ramona-koonings-couture-kn2328-antwerpen\/#primaryimage"},"image":{"@id":"https:\/\/www.koonings.com\/fr\/product\/ramona-koonings-couture-kn2328-antwerpen\/#primaryimage"},"thumbnailUrl":"https:\/\/www.koonings.com\/wp-content\/uploads\/2024\/11\/37685_bc9a4d43620c4b968a8162c401d43a8e6259eaec291f3b77d694bcc4a64fa345e5a95744-scaled.jpeg","datePublished":"2025-12-14T23:12:01+00:00","dateModified":"2026-02-03T16:56:55+00:00","description":"Une luxueuse dentelle florale a \u00e9t\u00e9 utilis\u00e9e pour cette fabuleuse robe de mari\u00e9e ligne A. Le corsage reste simple avec un d\u00e9collet\u00e9 en c\u0153ur et des bretelles \u00e9troites. Le corsage reste simple avec un d\u00e9collet\u00e9 en c\u0153ur et des bretelles \u00e9troites. Une belle combinaison avec la jupe \u00e0 larges volants et la longue tra\u00eene.","breadcrumb":{"@id":"https:\/\/www.koonings.com\/fr\/product\/ramona-koonings-couture-kn2328-antwerpen\/#breadcrumb"},"inLanguage":"fr-FR","potentialAction":[{"@type":"ReadAction","target":["https:\/\/www.koonings.com\/fr\/product\/ramona-koonings-couture-kn2328-antwerpen\/"]}]},{"@type":"ImageObject","inLanguage":"fr-FR","@id":"https:\/\/www.koonings.com\/fr\/product\/ramona-koonings-couture-kn2328-antwerpen\/#primaryimage","url":"https:\/\/www.koonings.com\/wp-content\/uploads\/2024\/11\/37685_bc9a4d43620c4b968a8162c401d43a8e6259eaec291f3b77d694bcc4a64fa345e5a95744-scaled.jpeg","contentUrl":"https:\/\/www.koonings.com\/wp-content\/uploads\/2024\/11\/37685_bc9a4d43620c4b968a8162c401d43a8e6259eaec291f3b77d694bcc4a64fa345e5a95744-scaled.jpeg","width":1814,"height":2560},{"@type":"BreadcrumbList","@id":"https:\/\/www.koonings.com\/fr\/product\/ramona-koonings-couture-kn2328-antwerpen\/#breadcrumb","itemListElement":[{"@type":"ListItem","position":1,"name":"Home","item":"https:\/\/www.koonings.com\/fr\/"},{"@type":"ListItem","position":2,"name":"Ramona Koonings Couture KN2328 Anvers"}]},{"@type":"WebSite","@id":"https:\/\/www.koonings.com\/fr\/#website","url":"https:\/\/www.koonings.com\/fr\/","name":"Koonings","description":"De grootste bruidsmodewinkel ter wereld","publisher":{"@id":"https:\/\/www.koonings.com\/fr\/#organization"},"potentialAction":[{"@type":"SearchAction","target":{"@type":"EntryPoint","urlTemplate":"https:\/\/www.koonings.com\/fr\/?s={search_term_string}"},"query-input":{"@type":"PropertyValueSpecification","valueRequired":true,"valueName":"search_term_string"}}],"inLanguage":"fr-FR"},{"@type":"Organization","@id":"https:\/\/www.koonings.com\/fr\/#organization","name":"Koonings","url":"https:\/\/www.koonings.com\/fr\/","logo":{"@type":"ImageObject","inLanguage":"fr-FR","@id":"https:\/\/www.koonings.com\/fr\/#\/schema\/logo\/image\/","url":"https:\/\/www.koonings.com\/wp-content\/uploads\/2024\/07\/logo.png","contentUrl":"https:\/\/www.koonings.com\/wp-content\/uploads\/2024\/07\/logo.png","width":600,"height":428,"caption":"Koonings"},"image":{"@id":"https:\/\/www.koonings.com\/fr\/#\/schema\/logo\/image\/"},"sameAs":["https:\/\/www.facebook.com\/kooningstheweddingpalace","https:\/\/www.instagram.com\/kooningstheweddingpalace","https:\/\/www.pinterest.com\/koonings","https:\/\/www.youtube.com\/kooningstheweddingpalace"]}]}},"_links":{"self":[{"href":"https:\/\/www.koonings.com\/fr\/wp-json\/wp\/v2\/product\/33420","targetHints":{"allow":["GET"]}}],"collection":[{"href":"https:\/\/www.koonings.com\/fr\/wp-json\/wp\/v2\/product"}],"about":[{"href":"https:\/\/www.koonings.com\/fr\/wp-json\/wp\/v2\/types\/product"}],"wp:featuredmedia":[{"embeddable":true,"href":"https:\/\/www.koonings.com\/fr\/wp-json\/wp\/v2\/media\/31451"}],"wp:attachment":[{"href":"https:\/\/www.koonings.com\/fr\/wp-json\/wp\/v2\/media?parent=33420"}],"wp:term":[{"taxonomy":"productdetails","embeddable":true,"href":"https:\/\/www.koonings.com\/fr\/wp-json\/wp\/v2\/productdetails?post=33420"},{"taxonomy":"productneck","embeddable":true,"href":"https:\/\/www.koonings.com\/fr\/wp-json\/wp\/v2\/productneck?post=33420"},{"taxonomy":"productcolor","embeddable":true,"href":"https:\/\/www.koonings.com\/fr\/wp-json\/wp\/v2\/productcolor?post=33420"},{"taxonomy":"maat","embeddable":true,"href":"https:\/\/www.koonings.com\/fr\/wp-json\/wp\/v2\/maat?post=33420"},{"taxonomy":"productsupplier","embeddable":true,"href":"https:\/\/www.koonings.com\/fr\/wp-json\/wp\/v2\/productsupplier?post=33420"},{"taxonomy":"productsleeve","embeddable":true,"href":"https:\/\/www.koonings.com\/fr\/wp-json\/wp\/v2\/productsleeve?post=33420"},{"taxonomy":"productcategory","embeddable":true,"href":"https:\/\/www.koonings.com\/fr\/wp-json\/wp\/v2\/productcategory?post=33420"},{"taxonomy":"productsilhouette","embeddable":true,"href":"https:\/\/www.koonings.com\/fr\/wp-json\/wp\/v2\/productsilhouette?post=33420"},{"taxonomy":"productstyle","embeddable":true,"href":"https:\/\/www.koonings.com\/fr\/wp-json\/wp\/v2\/productstyle?post=33420"}],"curies":[{"name":"wp","href":"https:\/\/api.w.org\/{rel}","templated":true}]}}