{"id":33365,"date":"2025-07-10T12:06:49","date_gmt":"2025-07-10T10:06:49","guid":{"rendered":"https:\/\/www.koonings.com\/product\/maggie-sottero-designs-66-5\/"},"modified":"2025-06-05T12:13:56","modified_gmt":"2025-06-05T10:13:56","slug":"maggie-sottero-designs-66-5","status":"publish","type":"product","link":"https:\/\/www.koonings.com\/fr\/product\/maggie-sottero-designs-66-5\/","title":{"rendered":"Maggie Sottero Designs 66"},"content":{"rendered":"<p>De superbes d\u00e9tails de dentelle chatoyante caract\u00e9risent cette robe de mari\u00e9e de ligne A, nous rappelant la n\u00e9cessit\u00e9 de nous parer de temps en temps d&#8217;une magnifique dentelle. Paillettes sur tulle textur\u00e9, corsage en dentelle translucide doubl\u00e9 d&#8217;organza, d\u00e9collet\u00e9 en V, bretelles spaghetti avec perles et boutons recouverts sur la fermeture \u00e9clair. La tra\u00eene d&#8217;illusion prolong\u00e9e est rehauss\u00e9e de dentelle.  <\/p>\n","protected":false},"featured_media":28056,"template":"","meta":{"_acf_changed":false,"ghostkit_customizer_options":"","ghostkit_custom_css":"","ghostkit_custom_js_head":"","ghostkit_custom_js_foot":"","ghostkit_typography":""},"productdetails":[],"productneck":[],"productcolor":[],"maat":[],"productsupplier":[432],"productsleeve":[],"productcategory":[18],"productsilhouette":[],"productstyle":[],"class_list":["post-33365","product","type-product","status-publish","has-post-thumbnail","hentry","productsupplier-maggie-sottero-designs","productcategory-trouwjurken"],"acf":[],"yoast_head":"<!-- This site is optimized with the Yoast SEO plugin v27.3 - https:\/\/yoast.com\/product\/yoast-seo-wordpress\/ -->\n<title>Maggie Sottero Designs 66 | Koonings<\/title>\n<meta name=\"description\" content=\"De superbes d\u00e9tails de dentelle chatoyante caract\u00e9risent cette robe de mari\u00e9e de ligne A, nous rappelant la n\u00e9cessit\u00e9 de nous parer de temps en temps d&#039;une magnifique dentelle. Paillettes sur tulle textur\u00e9, corsage en dentelle translucide doubl\u00e9 d&#039;organza, d\u00e9collet\u00e9 en V, bretelles spaghetti avec perles et boutons recouverts sur la fermeture \u00e9clair. La tra\u00eene d&#039;illusion prolong\u00e9e est rehauss\u00e9e de dentelle.\" \/>\n<meta name=\"robots\" content=\"index, follow, max-snippet:-1, max-image-preview:large, max-video-preview:-1\" \/>\n<link rel=\"canonical\" href=\"https:\/\/www.koonings.com\/fr\/product\/maggie-sottero-designs-66-5\/\" \/>\n<meta property=\"og:locale\" content=\"fr_FR\" \/>\n<meta property=\"og:type\" content=\"article\" \/>\n<meta property=\"og:title\" content=\"Maggie Sottero Designs 66 | Koonings\" \/>\n<meta property=\"og:description\" content=\"De superbes d\u00e9tails de dentelle chatoyante caract\u00e9risent cette robe de mari\u00e9e de ligne A, nous rappelant la n\u00e9cessit\u00e9 de nous parer de temps en temps d&#039;une magnifique dentelle. Paillettes sur tulle textur\u00e9, corsage en dentelle translucide doubl\u00e9 d&#039;organza, d\u00e9collet\u00e9 en V, bretelles spaghetti avec perles et boutons recouverts sur la fermeture \u00e9clair. La tra\u00eene d&#039;illusion prolong\u00e9e est rehauss\u00e9e de dentelle.\" \/>\n<meta property=\"og:url\" content=\"https:\/\/www.koonings.com\/fr\/product\/maggie-sottero-designs-66-5\/\" \/>\n<meta property=\"og:site_name\" content=\"Koonings\" \/>\n<meta property=\"article:publisher\" content=\"https:\/\/www.facebook.com\/kooningstheweddingpalace\" \/>\n<meta property=\"og:image\" content=\"https:\/\/www.koonings.com\/wp-content\/uploads\/2024\/11\/36985_c832fd2ec4565c6540e5d9876ba48c7cad7f5068673ee7047ef33e88544be9cac05c0f84.jpeg\" \/>\n\t<meta property=\"og:image:width\" content=\"300\" \/>\n\t<meta property=\"og:image:height\" content=\"450\" \/>\n\t<meta property=\"og:image:type\" content=\"image\/jpeg\" \/>\n<meta name=\"twitter:card\" content=\"summary_large_image\" \/>\n<script type=\"application\/ld+json\" class=\"yoast-schema-graph\">{\"@context\":\"https:\\\/\\\/schema.org\",\"@graph\":[{\"@type\":\"WebPage\",\"@id\":\"https:\\\/\\\/www.koonings.com\\\/fr\\\/product\\\/maggie-sottero-designs-66-5\\\/\",\"url\":\"https:\\\/\\\/www.koonings.com\\\/fr\\\/product\\\/maggie-sottero-designs-66-5\\\/\",\"name\":\"Maggie Sottero Designs 66 | Koonings\",\"isPartOf\":{\"@id\":\"https:\\\/\\\/www.koonings.com\\\/fr\\\/#website\"},\"primaryImageOfPage\":{\"@id\":\"https:\\\/\\\/www.koonings.com\\\/fr\\\/product\\\/maggie-sottero-designs-66-5\\\/#primaryimage\"},\"image\":{\"@id\":\"https:\\\/\\\/www.koonings.com\\\/fr\\\/product\\\/maggie-sottero-designs-66-5\\\/#primaryimage\"},\"thumbnailUrl\":\"https:\\\/\\\/www.koonings.com\\\/wp-content\\\/uploads\\\/2024\\\/11\\\/36985_c832fd2ec4565c6540e5d9876ba48c7cad7f5068673ee7047ef33e88544be9cac05c0f84.jpeg\",\"datePublished\":\"2025-07-10T10:06:49+00:00\",\"description\":\"De superbes d\u00e9tails de dentelle chatoyante caract\u00e9risent cette robe de mari\u00e9e de ligne A, nous rappelant la n\u00e9cessit\u00e9 de nous parer de temps en temps d'une magnifique dentelle. Paillettes sur tulle textur\u00e9, corsage en dentelle translucide doubl\u00e9 d'organza, d\u00e9collet\u00e9 en V, bretelles spaghetti avec perles et boutons recouverts sur la fermeture \u00e9clair. La tra\u00eene d'illusion prolong\u00e9e est rehauss\u00e9e de dentelle.\",\"breadcrumb\":{\"@id\":\"https:\\\/\\\/www.koonings.com\\\/fr\\\/product\\\/maggie-sottero-designs-66-5\\\/#breadcrumb\"},\"inLanguage\":\"fr-FR\",\"potentialAction\":[{\"@type\":\"ReadAction\",\"target\":[\"https:\\\/\\\/www.koonings.com\\\/fr\\\/product\\\/maggie-sottero-designs-66-5\\\/\"]}]},{\"@type\":\"ImageObject\",\"inLanguage\":\"fr-FR\",\"@id\":\"https:\\\/\\\/www.koonings.com\\\/fr\\\/product\\\/maggie-sottero-designs-66-5\\\/#primaryimage\",\"url\":\"https:\\\/\\\/www.koonings.com\\\/wp-content\\\/uploads\\\/2024\\\/11\\\/36985_c832fd2ec4565c6540e5d9876ba48c7cad7f5068673ee7047ef33e88544be9cac05c0f84.jpeg\",\"contentUrl\":\"https:\\\/\\\/www.koonings.com\\\/wp-content\\\/uploads\\\/2024\\\/11\\\/36985_c832fd2ec4565c6540e5d9876ba48c7cad7f5068673ee7047ef33e88544be9cac05c0f84.jpeg\",\"width\":300,\"height\":450},{\"@type\":\"BreadcrumbList\",\"@id\":\"https:\\\/\\\/www.koonings.com\\\/fr\\\/product\\\/maggie-sottero-designs-66-5\\\/#breadcrumb\",\"itemListElement\":[{\"@type\":\"ListItem\",\"position\":1,\"name\":\"Home\",\"item\":\"https:\\\/\\\/www.koonings.com\\\/fr\\\/\"},{\"@type\":\"ListItem\",\"position\":2,\"name\":\"Maggie Sottero Designs 66\"}]},{\"@type\":\"WebSite\",\"@id\":\"https:\\\/\\\/www.koonings.com\\\/fr\\\/#website\",\"url\":\"https:\\\/\\\/www.koonings.com\\\/fr\\\/\",\"name\":\"Koonings\",\"description\":\"De grootste bruidsmodewinkel ter wereld\",\"publisher\":{\"@id\":\"https:\\\/\\\/www.koonings.com\\\/fr\\\/#organization\"},\"potentialAction\":[{\"@type\":\"SearchAction\",\"target\":{\"@type\":\"EntryPoint\",\"urlTemplate\":\"https:\\\/\\\/www.koonings.com\\\/fr\\\/?s={search_term_string}\"},\"query-input\":{\"@type\":\"PropertyValueSpecification\",\"valueRequired\":true,\"valueName\":\"search_term_string\"}}],\"inLanguage\":\"fr-FR\"},{\"@type\":\"Organization\",\"@id\":\"https:\\\/\\\/www.koonings.com\\\/fr\\\/#organization\",\"name\":\"Koonings\",\"url\":\"https:\\\/\\\/www.koonings.com\\\/fr\\\/\",\"logo\":{\"@type\":\"ImageObject\",\"inLanguage\":\"fr-FR\",\"@id\":\"https:\\\/\\\/www.koonings.com\\\/fr\\\/#\\\/schema\\\/logo\\\/image\\\/\",\"url\":\"https:\\\/\\\/www.koonings.com\\\/wp-content\\\/uploads\\\/2024\\\/07\\\/logo.png\",\"contentUrl\":\"https:\\\/\\\/www.koonings.com\\\/wp-content\\\/uploads\\\/2024\\\/07\\\/logo.png\",\"width\":600,\"height\":428,\"caption\":\"Koonings\"},\"image\":{\"@id\":\"https:\\\/\\\/www.koonings.com\\\/fr\\\/#\\\/schema\\\/logo\\\/image\\\/\"},\"sameAs\":[\"https:\\\/\\\/www.facebook.com\\\/kooningstheweddingpalace\",\"https:\\\/\\\/www.instagram.com\\\/kooningstheweddingpalace\",\"https:\\\/\\\/www.pinterest.com\\\/koonings\",\"https:\\\/\\\/www.youtube.com\\\/kooningstheweddingpalace\"]}]}<\/script>\n<!-- \/ Yoast SEO plugin. -->","yoast_head_json":{"title":"Maggie Sottero Designs 66 | Koonings","description":"De superbes d\u00e9tails de dentelle chatoyante caract\u00e9risent cette robe de mari\u00e9e de ligne A, nous rappelant la n\u00e9cessit\u00e9 de nous parer de temps en temps d'une magnifique dentelle. Paillettes sur tulle textur\u00e9, corsage en dentelle translucide doubl\u00e9 d'organza, d\u00e9collet\u00e9 en V, bretelles spaghetti avec perles et boutons recouverts sur la fermeture \u00e9clair. La tra\u00eene d'illusion prolong\u00e9e est rehauss\u00e9e de dentelle.","robots":{"index":"index","follow":"follow","max-snippet":"max-snippet:-1","max-image-preview":"max-image-preview:large","max-video-preview":"max-video-preview:-1"},"canonical":"https:\/\/www.koonings.com\/fr\/product\/maggie-sottero-designs-66-5\/","og_locale":"fr_FR","og_type":"article","og_title":"Maggie Sottero Designs 66 | Koonings","og_description":"De superbes d\u00e9tails de dentelle chatoyante caract\u00e9risent cette robe de mari\u00e9e de ligne A, nous rappelant la n\u00e9cessit\u00e9 de nous parer de temps en temps d'une magnifique dentelle. Paillettes sur tulle textur\u00e9, corsage en dentelle translucide doubl\u00e9 d'organza, d\u00e9collet\u00e9 en V, bretelles spaghetti avec perles et boutons recouverts sur la fermeture \u00e9clair. La tra\u00eene d'illusion prolong\u00e9e est rehauss\u00e9e de dentelle.","og_url":"https:\/\/www.koonings.com\/fr\/product\/maggie-sottero-designs-66-5\/","og_site_name":"Koonings","article_publisher":"https:\/\/www.facebook.com\/kooningstheweddingpalace","og_image":[{"width":300,"height":450,"url":"https:\/\/www.koonings.com\/wp-content\/uploads\/2024\/11\/36985_c832fd2ec4565c6540e5d9876ba48c7cad7f5068673ee7047ef33e88544be9cac05c0f84.jpeg","type":"image\/jpeg"}],"twitter_card":"summary_large_image","schema":{"@context":"https:\/\/schema.org","@graph":[{"@type":"WebPage","@id":"https:\/\/www.koonings.com\/fr\/product\/maggie-sottero-designs-66-5\/","url":"https:\/\/www.koonings.com\/fr\/product\/maggie-sottero-designs-66-5\/","name":"Maggie Sottero Designs 66 | Koonings","isPartOf":{"@id":"https:\/\/www.koonings.com\/fr\/#website"},"primaryImageOfPage":{"@id":"https:\/\/www.koonings.com\/fr\/product\/maggie-sottero-designs-66-5\/#primaryimage"},"image":{"@id":"https:\/\/www.koonings.com\/fr\/product\/maggie-sottero-designs-66-5\/#primaryimage"},"thumbnailUrl":"https:\/\/www.koonings.com\/wp-content\/uploads\/2024\/11\/36985_c832fd2ec4565c6540e5d9876ba48c7cad7f5068673ee7047ef33e88544be9cac05c0f84.jpeg","datePublished":"2025-07-10T10:06:49+00:00","description":"De superbes d\u00e9tails de dentelle chatoyante caract\u00e9risent cette robe de mari\u00e9e de ligne A, nous rappelant la n\u00e9cessit\u00e9 de nous parer de temps en temps d'une magnifique dentelle. Paillettes sur tulle textur\u00e9, corsage en dentelle translucide doubl\u00e9 d'organza, d\u00e9collet\u00e9 en V, bretelles spaghetti avec perles et boutons recouverts sur la fermeture \u00e9clair. La tra\u00eene d'illusion prolong\u00e9e est rehauss\u00e9e de dentelle.","breadcrumb":{"@id":"https:\/\/www.koonings.com\/fr\/product\/maggie-sottero-designs-66-5\/#breadcrumb"},"inLanguage":"fr-FR","potentialAction":[{"@type":"ReadAction","target":["https:\/\/www.koonings.com\/fr\/product\/maggie-sottero-designs-66-5\/"]}]},{"@type":"ImageObject","inLanguage":"fr-FR","@id":"https:\/\/www.koonings.com\/fr\/product\/maggie-sottero-designs-66-5\/#primaryimage","url":"https:\/\/www.koonings.com\/wp-content\/uploads\/2024\/11\/36985_c832fd2ec4565c6540e5d9876ba48c7cad7f5068673ee7047ef33e88544be9cac05c0f84.jpeg","contentUrl":"https:\/\/www.koonings.com\/wp-content\/uploads\/2024\/11\/36985_c832fd2ec4565c6540e5d9876ba48c7cad7f5068673ee7047ef33e88544be9cac05c0f84.jpeg","width":300,"height":450},{"@type":"BreadcrumbList","@id":"https:\/\/www.koonings.com\/fr\/product\/maggie-sottero-designs-66-5\/#breadcrumb","itemListElement":[{"@type":"ListItem","position":1,"name":"Home","item":"https:\/\/www.koonings.com\/fr\/"},{"@type":"ListItem","position":2,"name":"Maggie Sottero Designs 66"}]},{"@type":"WebSite","@id":"https:\/\/www.koonings.com\/fr\/#website","url":"https:\/\/www.koonings.com\/fr\/","name":"Koonings","description":"De grootste bruidsmodewinkel ter wereld","publisher":{"@id":"https:\/\/www.koonings.com\/fr\/#organization"},"potentialAction":[{"@type":"SearchAction","target":{"@type":"EntryPoint","urlTemplate":"https:\/\/www.koonings.com\/fr\/?s={search_term_string}"},"query-input":{"@type":"PropertyValueSpecification","valueRequired":true,"valueName":"search_term_string"}}],"inLanguage":"fr-FR"},{"@type":"Organization","@id":"https:\/\/www.koonings.com\/fr\/#organization","name":"Koonings","url":"https:\/\/www.koonings.com\/fr\/","logo":{"@type":"ImageObject","inLanguage":"fr-FR","@id":"https:\/\/www.koonings.com\/fr\/#\/schema\/logo\/image\/","url":"https:\/\/www.koonings.com\/wp-content\/uploads\/2024\/07\/logo.png","contentUrl":"https:\/\/www.koonings.com\/wp-content\/uploads\/2024\/07\/logo.png","width":600,"height":428,"caption":"Koonings"},"image":{"@id":"https:\/\/www.koonings.com\/fr\/#\/schema\/logo\/image\/"},"sameAs":["https:\/\/www.facebook.com\/kooningstheweddingpalace","https:\/\/www.instagram.com\/kooningstheweddingpalace","https:\/\/www.pinterest.com\/koonings","https:\/\/www.youtube.com\/kooningstheweddingpalace"]}]}},"_links":{"self":[{"href":"https:\/\/www.koonings.com\/fr\/wp-json\/wp\/v2\/product\/33365","targetHints":{"allow":["GET"]}}],"collection":[{"href":"https:\/\/www.koonings.com\/fr\/wp-json\/wp\/v2\/product"}],"about":[{"href":"https:\/\/www.koonings.com\/fr\/wp-json\/wp\/v2\/types\/product"}],"wp:featuredmedia":[{"embeddable":true,"href":"https:\/\/www.koonings.com\/fr\/wp-json\/wp\/v2\/media\/28056"}],"wp:attachment":[{"href":"https:\/\/www.koonings.com\/fr\/wp-json\/wp\/v2\/media?parent=33365"}],"wp:term":[{"taxonomy":"productdetails","embeddable":true,"href":"https:\/\/www.koonings.com\/fr\/wp-json\/wp\/v2\/productdetails?post=33365"},{"taxonomy":"productneck","embeddable":true,"href":"https:\/\/www.koonings.com\/fr\/wp-json\/wp\/v2\/productneck?post=33365"},{"taxonomy":"productcolor","embeddable":true,"href":"https:\/\/www.koonings.com\/fr\/wp-json\/wp\/v2\/productcolor?post=33365"},{"taxonomy":"maat","embeddable":true,"href":"https:\/\/www.koonings.com\/fr\/wp-json\/wp\/v2\/maat?post=33365"},{"taxonomy":"productsupplier","embeddable":true,"href":"https:\/\/www.koonings.com\/fr\/wp-json\/wp\/v2\/productsupplier?post=33365"},{"taxonomy":"productsleeve","embeddable":true,"href":"https:\/\/www.koonings.com\/fr\/wp-json\/wp\/v2\/productsleeve?post=33365"},{"taxonomy":"productcategory","embeddable":true,"href":"https:\/\/www.koonings.com\/fr\/wp-json\/wp\/v2\/productcategory?post=33365"},{"taxonomy":"productsilhouette","embeddable":true,"href":"https:\/\/www.koonings.com\/fr\/wp-json\/wp\/v2\/productsilhouette?post=33365"},{"taxonomy":"productstyle","embeddable":true,"href":"https:\/\/www.koonings.com\/fr\/wp-json\/wp\/v2\/productstyle?post=33365"}],"curies":[{"name":"wp","href":"https:\/\/api.w.org\/{rel}","templated":true}]}}