{"id":33327,"date":"2026-05-06T15:08:32","date_gmt":"2026-05-06T13:08:32","guid":{"rendered":"https:\/\/www.koonings.com\/product\/ramona-koonings-couture-kn2322-barcelona\/"},"modified":"2026-02-16T14:29:06","modified_gmt":"2026-02-16T13:29:06","slug":"ramona-koonings-couture-kn2322-barcelona","status":"publish","type":"product","link":"https:\/\/www.koonings.com\/fr\/product\/ramona-koonings-couture-kn2322-barcelona\/","title":{"rendered":"Ramona Koonings Couture KN2322 Barcelona"},"content":{"rendered":"<p>L&#8217;extravagance et le romantisme sont tous deux repr\u00e9sent\u00e9s dans cette robe de mari\u00e9e ligne A. Le corsage attire tous les regards avec son d\u00e9collet\u00e9 et ses bonnets en V. Le corsage attire tous les regards avec son encolure d\u00e9collet\u00e9e et ses bonnets en V. Cette ligne est mise en valeur par les panneaux lat\u00e9raux transparents du corsage. Cette ligne est mise en valeur par les panneaux lat\u00e9raux transparents du corsage. Les larges manches longues ajust\u00e9es peuvent \u00eatre port\u00e9es d\u00e9collet\u00e9es. Pour un look romantique, la robe est combin\u00e9e avec une jupe large et une tra\u00eene tr\u00e8s longue.      <\/p>\n<p>Ramona Koonings Couture est le r\u00e9sultat des ann\u00e9es de connaissances et d&#8217;exp\u00e9rience de Ramona, combin\u00e9es aux derni\u00e8res tendances, r\u00e9unies dans une collection unique. Dans la collection 2024, mod\u00e8le KN2322 Barcelona, la mari\u00e9e confiante trouvera tout ce qu&#8217;il faut pour se faire remarquer le jour de son mariage. Les robes comportent de nombreux \u00e9l\u00e9ments \u00e9tincelants, tels que du tulle paillet\u00e9, des manches de cr\u00e9ateur, une fente haute sexy et bien d&#8217;autres d\u00e9tails sp\u00e9ciaux. Ces robes sont sp\u00e9cialement con\u00e7ues pour les mari\u00e9es qui veulent \u00eatre vues et \u00eatre le centre d&#8217;attention rayonnant le jour de leur mariage. Chaque robe est un mod\u00e8le unique, une pi\u00e8ce d&#8217;exception au look et au toucher couture, con\u00e7ue par Ramona elle-m\u00eame. Cette collection est disponible exclusivement chez Koonings The Wedding Palace !     <\/p>\n","protected":false},"featured_media":31366,"template":"","meta":{"_acf_changed":false,"ghostkit_customizer_options":"","ghostkit_custom_css":"","ghostkit_custom_js_head":"","ghostkit_custom_js_foot":"","ghostkit_typography":""},"productdetails":[376],"productneck":[349,351,355],"productcolor":[393,392],"maat":[],"productsupplier":[419],"productsleeve":[362,363],"productcategory":[18],"productsilhouette":[384],"productstyle":[367],"class_list":["post-33327","product","type-product","status-publish","has-post-thumbnail","hentry","productdetails-376","productneck-349","productneck-351","productneck-355","productcolor-393","productcolor-392","productsupplier-ramona-koonings-couture","productsleeve-362","productsleeve-363","productcategory-trouwjurken","productsilhouette-384","productstyle-367"],"acf":[],"yoast_head":"<!-- This site is optimized with the Yoast SEO plugin v27.3 - https:\/\/yoast.com\/product\/yoast-seo-wordpress\/ -->\n<title>Ramona Koonings Couture KN2322 Barcelona | Koonings<\/title>\n<meta name=\"description\" content=\"L&#039;extravagance et le romantisme sont tous deux repr\u00e9sent\u00e9s dans cette robe de mari\u00e9e ligne A. Le corsage attire tous les regards avec son d\u00e9collet\u00e9 et ses bonnets en V. Le corsage attire tous les regards avec son encolure d\u00e9collet\u00e9e et ses bonnets en V. Cette ligne est mise en valeur par les panneaux lat\u00e9raux transparents du corsage. Cette ligne est mise en valeur par les panneaux lat\u00e9raux transparents du corsage. Les larges manches longues ajust\u00e9es peuvent \u00eatre port\u00e9es d\u00e9collet\u00e9es. Pour un look romantique, la robe est combin\u00e9e avec une jupe large et une tra\u00eene tr\u00e8s longue. Ramona Koonings Couture est le r\u00e9sultat des ann\u00e9es de connaissances et d&#039;exp\u00e9rience de Ramona, combin\u00e9es aux derni\u00e8res tendances, r\u00e9unies dans une collection unique. Dans la collection 2024, mod\u00e8le KN2322 Barcelona, la mari\u00e9e confiante trouvera tout ce qu&#039;il faut pour se faire remarquer le jour de son mariage. Les robes comportent de nombreux \u00e9l\u00e9ments \u00e9tincelants, tels que du tulle paillet\u00e9, des manches de cr\u00e9ateur, une fente haute sexy et bien d&#039;autres d\u00e9tails sp\u00e9ciaux. Ces robes sont sp\u00e9cialement con\u00e7ues pour les mari\u00e9es qui veulent \u00eatre vues et \u00eatre le centre d&#039;attention rayonnant le jour de leur mariage. Chaque robe est un mod\u00e8le unique, une pi\u00e8ce d&#039;exception au look et au toucher couture, con\u00e7ue par Ramona elle-m\u00eame. Cette collection est disponible exclusivement chez Koonings The Wedding Palace !\" \/>\n<meta name=\"robots\" content=\"index, follow, max-snippet:-1, max-image-preview:large, max-video-preview:-1\" \/>\n<link rel=\"canonical\" href=\"https:\/\/www.koonings.com\/fr\/product\/ramona-koonings-couture-kn2322-barcelona\/\" \/>\n<meta property=\"og:locale\" content=\"fr_FR\" \/>\n<meta property=\"og:type\" content=\"article\" \/>\n<meta property=\"og:title\" content=\"Ramona Koonings Couture KN2322 Barcelona | Koonings\" \/>\n<meta property=\"og:description\" content=\"L&#039;extravagance et le romantisme sont tous deux repr\u00e9sent\u00e9s dans cette robe de mari\u00e9e ligne A. Le corsage attire tous les regards avec son d\u00e9collet\u00e9 et ses bonnets en V. Le corsage attire tous les regards avec son encolure d\u00e9collet\u00e9e et ses bonnets en V. Cette ligne est mise en valeur par les panneaux lat\u00e9raux transparents du corsage. Cette ligne est mise en valeur par les panneaux lat\u00e9raux transparents du corsage. Les larges manches longues ajust\u00e9es peuvent \u00eatre port\u00e9es d\u00e9collet\u00e9es. Pour un look romantique, la robe est combin\u00e9e avec une jupe large et une tra\u00eene tr\u00e8s longue. Ramona Koonings Couture est le r\u00e9sultat des ann\u00e9es de connaissances et d&#039;exp\u00e9rience de Ramona, combin\u00e9es aux derni\u00e8res tendances, r\u00e9unies dans une collection unique. Dans la collection 2024, mod\u00e8le KN2322 Barcelona, la mari\u00e9e confiante trouvera tout ce qu&#039;il faut pour se faire remarquer le jour de son mariage. Les robes comportent de nombreux \u00e9l\u00e9ments \u00e9tincelants, tels que du tulle paillet\u00e9, des manches de cr\u00e9ateur, une fente haute sexy et bien d&#039;autres d\u00e9tails sp\u00e9ciaux. Ces robes sont sp\u00e9cialement con\u00e7ues pour les mari\u00e9es qui veulent \u00eatre vues et \u00eatre le centre d&#039;attention rayonnant le jour de leur mariage. Chaque robe est un mod\u00e8le unique, une pi\u00e8ce d&#039;exception au look et au toucher couture, con\u00e7ue par Ramona elle-m\u00eame. Cette collection est disponible exclusivement chez Koonings The Wedding Palace !\" \/>\n<meta property=\"og:url\" content=\"https:\/\/www.koonings.com\/fr\/product\/ramona-koonings-couture-kn2322-barcelona\/\" \/>\n<meta property=\"og:site_name\" content=\"Koonings\" \/>\n<meta property=\"article:publisher\" content=\"https:\/\/www.facebook.com\/kooningstheweddingpalace\" \/>\n<meta property=\"og:image\" content=\"https:\/\/www.koonings.com\/wp-content\/uploads\/2024\/11\/37680_bdb8bb6996c92c646c4ef050b9549caa1a694671e342103c5cae53bcbd7b74d3179727a7-scaled.jpeg\" \/>\n\t<meta property=\"og:image:width\" content=\"1814\" \/>\n\t<meta property=\"og:image:height\" content=\"2560\" \/>\n\t<meta property=\"og:image:type\" content=\"image\/jpeg\" \/>\n<meta name=\"twitter:card\" content=\"summary_large_image\" \/>\n<meta name=\"twitter:label1\" content=\"Dur\u00e9e de lecture estim\u00e9e\" \/>\n\t<meta name=\"twitter:data1\" content=\"1 minute\" \/>\n<script type=\"application\/ld+json\" class=\"yoast-schema-graph\">{\"@context\":\"https:\\\/\\\/schema.org\",\"@graph\":[{\"@type\":\"WebPage\",\"@id\":\"https:\\\/\\\/www.koonings.com\\\/fr\\\/product\\\/ramona-koonings-couture-kn2322-barcelona\\\/\",\"url\":\"https:\\\/\\\/www.koonings.com\\\/fr\\\/product\\\/ramona-koonings-couture-kn2322-barcelona\\\/\",\"name\":\"Ramona Koonings Couture KN2322 Barcelona | Koonings\",\"isPartOf\":{\"@id\":\"https:\\\/\\\/www.koonings.com\\\/fr\\\/#website\"},\"primaryImageOfPage\":{\"@id\":\"https:\\\/\\\/www.koonings.com\\\/fr\\\/product\\\/ramona-koonings-couture-kn2322-barcelona\\\/#primaryimage\"},\"image\":{\"@id\":\"https:\\\/\\\/www.koonings.com\\\/fr\\\/product\\\/ramona-koonings-couture-kn2322-barcelona\\\/#primaryimage\"},\"thumbnailUrl\":\"https:\\\/\\\/www.koonings.com\\\/wp-content\\\/uploads\\\/2024\\\/11\\\/37680_bdb8bb6996c92c646c4ef050b9549caa1a694671e342103c5cae53bcbd7b74d3179727a7-scaled.jpeg\",\"datePublished\":\"2026-05-06T13:08:32+00:00\",\"description\":\"L'extravagance et le romantisme sont tous deux repr\u00e9sent\u00e9s dans cette robe de mari\u00e9e ligne A. Le corsage attire tous les regards avec son d\u00e9collet\u00e9 et ses bonnets en V. Le corsage attire tous les regards avec son encolure d\u00e9collet\u00e9e et ses bonnets en V. Cette ligne est mise en valeur par les panneaux lat\u00e9raux transparents du corsage. Cette ligne est mise en valeur par les panneaux lat\u00e9raux transparents du corsage. Les larges manches longues ajust\u00e9es peuvent \u00eatre port\u00e9es d\u00e9collet\u00e9es. Pour un look romantique, la robe est combin\u00e9e avec une jupe large et une tra\u00eene tr\u00e8s longue. Ramona Koonings Couture est le r\u00e9sultat des ann\u00e9es de connaissances et d'exp\u00e9rience de Ramona, combin\u00e9es aux derni\u00e8res tendances, r\u00e9unies dans une collection unique. Dans la collection 2024, mod\u00e8le KN2322 Barcelona, la mari\u00e9e confiante trouvera tout ce qu'il faut pour se faire remarquer le jour de son mariage. Les robes comportent de nombreux \u00e9l\u00e9ments \u00e9tincelants, tels que du tulle paillet\u00e9, des manches de cr\u00e9ateur, une fente haute sexy et bien d'autres d\u00e9tails sp\u00e9ciaux. Ces robes sont sp\u00e9cialement con\u00e7ues pour les mari\u00e9es qui veulent \u00eatre vues et \u00eatre le centre d'attention rayonnant le jour de leur mariage. Chaque robe est un mod\u00e8le unique, une pi\u00e8ce d'exception au look et au toucher couture, con\u00e7ue par Ramona elle-m\u00eame. Cette collection est disponible exclusivement chez Koonings The Wedding Palace !\",\"breadcrumb\":{\"@id\":\"https:\\\/\\\/www.koonings.com\\\/fr\\\/product\\\/ramona-koonings-couture-kn2322-barcelona\\\/#breadcrumb\"},\"inLanguage\":\"fr-FR\",\"potentialAction\":[{\"@type\":\"ReadAction\",\"target\":[\"https:\\\/\\\/www.koonings.com\\\/fr\\\/product\\\/ramona-koonings-couture-kn2322-barcelona\\\/\"]}]},{\"@type\":\"ImageObject\",\"inLanguage\":\"fr-FR\",\"@id\":\"https:\\\/\\\/www.koonings.com\\\/fr\\\/product\\\/ramona-koonings-couture-kn2322-barcelona\\\/#primaryimage\",\"url\":\"https:\\\/\\\/www.koonings.com\\\/wp-content\\\/uploads\\\/2024\\\/11\\\/37680_bdb8bb6996c92c646c4ef050b9549caa1a694671e342103c5cae53bcbd7b74d3179727a7-scaled.jpeg\",\"contentUrl\":\"https:\\\/\\\/www.koonings.com\\\/wp-content\\\/uploads\\\/2024\\\/11\\\/37680_bdb8bb6996c92c646c4ef050b9549caa1a694671e342103c5cae53bcbd7b74d3179727a7-scaled.jpeg\",\"width\":1814,\"height\":2560},{\"@type\":\"BreadcrumbList\",\"@id\":\"https:\\\/\\\/www.koonings.com\\\/fr\\\/product\\\/ramona-koonings-couture-kn2322-barcelona\\\/#breadcrumb\",\"itemListElement\":[{\"@type\":\"ListItem\",\"position\":1,\"name\":\"Home\",\"item\":\"https:\\\/\\\/www.koonings.com\\\/fr\\\/\"},{\"@type\":\"ListItem\",\"position\":2,\"name\":\"Ramona Koonings Couture KN2322 Barcelona\"}]},{\"@type\":\"WebSite\",\"@id\":\"https:\\\/\\\/www.koonings.com\\\/fr\\\/#website\",\"url\":\"https:\\\/\\\/www.koonings.com\\\/fr\\\/\",\"name\":\"Koonings\",\"description\":\"De grootste bruidsmodewinkel ter wereld\",\"publisher\":{\"@id\":\"https:\\\/\\\/www.koonings.com\\\/fr\\\/#organization\"},\"potentialAction\":[{\"@type\":\"SearchAction\",\"target\":{\"@type\":\"EntryPoint\",\"urlTemplate\":\"https:\\\/\\\/www.koonings.com\\\/fr\\\/?s={search_term_string}\"},\"query-input\":{\"@type\":\"PropertyValueSpecification\",\"valueRequired\":true,\"valueName\":\"search_term_string\"}}],\"inLanguage\":\"fr-FR\"},{\"@type\":\"Organization\",\"@id\":\"https:\\\/\\\/www.koonings.com\\\/fr\\\/#organization\",\"name\":\"Koonings\",\"url\":\"https:\\\/\\\/www.koonings.com\\\/fr\\\/\",\"logo\":{\"@type\":\"ImageObject\",\"inLanguage\":\"fr-FR\",\"@id\":\"https:\\\/\\\/www.koonings.com\\\/fr\\\/#\\\/schema\\\/logo\\\/image\\\/\",\"url\":\"https:\\\/\\\/www.koonings.com\\\/wp-content\\\/uploads\\\/2024\\\/07\\\/logo.png\",\"contentUrl\":\"https:\\\/\\\/www.koonings.com\\\/wp-content\\\/uploads\\\/2024\\\/07\\\/logo.png\",\"width\":600,\"height\":428,\"caption\":\"Koonings\"},\"image\":{\"@id\":\"https:\\\/\\\/www.koonings.com\\\/fr\\\/#\\\/schema\\\/logo\\\/image\\\/\"},\"sameAs\":[\"https:\\\/\\\/www.facebook.com\\\/kooningstheweddingpalace\",\"https:\\\/\\\/www.instagram.com\\\/kooningstheweddingpalace\",\"https:\\\/\\\/www.pinterest.com\\\/koonings\",\"https:\\\/\\\/www.youtube.com\\\/kooningstheweddingpalace\"]}]}<\/script>\n<!-- \/ Yoast SEO plugin. -->","yoast_head_json":{"title":"Ramona Koonings Couture KN2322 Barcelona | Koonings","description":"L'extravagance et le romantisme sont tous deux repr\u00e9sent\u00e9s dans cette robe de mari\u00e9e ligne A. Le corsage attire tous les regards avec son d\u00e9collet\u00e9 et ses bonnets en V. Le corsage attire tous les regards avec son encolure d\u00e9collet\u00e9e et ses bonnets en V. Cette ligne est mise en valeur par les panneaux lat\u00e9raux transparents du corsage. Cette ligne est mise en valeur par les panneaux lat\u00e9raux transparents du corsage. Les larges manches longues ajust\u00e9es peuvent \u00eatre port\u00e9es d\u00e9collet\u00e9es. Pour un look romantique, la robe est combin\u00e9e avec une jupe large et une tra\u00eene tr\u00e8s longue. Ramona Koonings Couture est le r\u00e9sultat des ann\u00e9es de connaissances et d'exp\u00e9rience de Ramona, combin\u00e9es aux derni\u00e8res tendances, r\u00e9unies dans une collection unique. Dans la collection 2024, mod\u00e8le KN2322 Barcelona, la mari\u00e9e confiante trouvera tout ce qu'il faut pour se faire remarquer le jour de son mariage. Les robes comportent de nombreux \u00e9l\u00e9ments \u00e9tincelants, tels que du tulle paillet\u00e9, des manches de cr\u00e9ateur, une fente haute sexy et bien d'autres d\u00e9tails sp\u00e9ciaux. Ces robes sont sp\u00e9cialement con\u00e7ues pour les mari\u00e9es qui veulent \u00eatre vues et \u00eatre le centre d'attention rayonnant le jour de leur mariage. Chaque robe est un mod\u00e8le unique, une pi\u00e8ce d'exception au look et au toucher couture, con\u00e7ue par Ramona elle-m\u00eame. Cette collection est disponible exclusivement chez Koonings The Wedding Palace !","robots":{"index":"index","follow":"follow","max-snippet":"max-snippet:-1","max-image-preview":"max-image-preview:large","max-video-preview":"max-video-preview:-1"},"canonical":"https:\/\/www.koonings.com\/fr\/product\/ramona-koonings-couture-kn2322-barcelona\/","og_locale":"fr_FR","og_type":"article","og_title":"Ramona Koonings Couture KN2322 Barcelona | Koonings","og_description":"L'extravagance et le romantisme sont tous deux repr\u00e9sent\u00e9s dans cette robe de mari\u00e9e ligne A. Le corsage attire tous les regards avec son d\u00e9collet\u00e9 et ses bonnets en V. Le corsage attire tous les regards avec son encolure d\u00e9collet\u00e9e et ses bonnets en V. Cette ligne est mise en valeur par les panneaux lat\u00e9raux transparents du corsage. Cette ligne est mise en valeur par les panneaux lat\u00e9raux transparents du corsage. Les larges manches longues ajust\u00e9es peuvent \u00eatre port\u00e9es d\u00e9collet\u00e9es. Pour un look romantique, la robe est combin\u00e9e avec une jupe large et une tra\u00eene tr\u00e8s longue. Ramona Koonings Couture est le r\u00e9sultat des ann\u00e9es de connaissances et d'exp\u00e9rience de Ramona, combin\u00e9es aux derni\u00e8res tendances, r\u00e9unies dans une collection unique. Dans la collection 2024, mod\u00e8le KN2322 Barcelona, la mari\u00e9e confiante trouvera tout ce qu'il faut pour se faire remarquer le jour de son mariage. Les robes comportent de nombreux \u00e9l\u00e9ments \u00e9tincelants, tels que du tulle paillet\u00e9, des manches de cr\u00e9ateur, une fente haute sexy et bien d'autres d\u00e9tails sp\u00e9ciaux. Ces robes sont sp\u00e9cialement con\u00e7ues pour les mari\u00e9es qui veulent \u00eatre vues et \u00eatre le centre d'attention rayonnant le jour de leur mariage. Chaque robe est un mod\u00e8le unique, une pi\u00e8ce d'exception au look et au toucher couture, con\u00e7ue par Ramona elle-m\u00eame. Cette collection est disponible exclusivement chez Koonings The Wedding Palace !","og_url":"https:\/\/www.koonings.com\/fr\/product\/ramona-koonings-couture-kn2322-barcelona\/","og_site_name":"Koonings","article_publisher":"https:\/\/www.facebook.com\/kooningstheweddingpalace","og_image":[{"width":1814,"height":2560,"url":"https:\/\/www.koonings.com\/wp-content\/uploads\/2024\/11\/37680_bdb8bb6996c92c646c4ef050b9549caa1a694671e342103c5cae53bcbd7b74d3179727a7-scaled.jpeg","type":"image\/jpeg"}],"twitter_card":"summary_large_image","twitter_misc":{"Dur\u00e9e de lecture estim\u00e9e":"1 minute"},"schema":{"@context":"https:\/\/schema.org","@graph":[{"@type":"WebPage","@id":"https:\/\/www.koonings.com\/fr\/product\/ramona-koonings-couture-kn2322-barcelona\/","url":"https:\/\/www.koonings.com\/fr\/product\/ramona-koonings-couture-kn2322-barcelona\/","name":"Ramona Koonings Couture KN2322 Barcelona | Koonings","isPartOf":{"@id":"https:\/\/www.koonings.com\/fr\/#website"},"primaryImageOfPage":{"@id":"https:\/\/www.koonings.com\/fr\/product\/ramona-koonings-couture-kn2322-barcelona\/#primaryimage"},"image":{"@id":"https:\/\/www.koonings.com\/fr\/product\/ramona-koonings-couture-kn2322-barcelona\/#primaryimage"},"thumbnailUrl":"https:\/\/www.koonings.com\/wp-content\/uploads\/2024\/11\/37680_bdb8bb6996c92c646c4ef050b9549caa1a694671e342103c5cae53bcbd7b74d3179727a7-scaled.jpeg","datePublished":"2026-05-06T13:08:32+00:00","description":"L'extravagance et le romantisme sont tous deux repr\u00e9sent\u00e9s dans cette robe de mari\u00e9e ligne A. Le corsage attire tous les regards avec son d\u00e9collet\u00e9 et ses bonnets en V. Le corsage attire tous les regards avec son encolure d\u00e9collet\u00e9e et ses bonnets en V. Cette ligne est mise en valeur par les panneaux lat\u00e9raux transparents du corsage. Cette ligne est mise en valeur par les panneaux lat\u00e9raux transparents du corsage. Les larges manches longues ajust\u00e9es peuvent \u00eatre port\u00e9es d\u00e9collet\u00e9es. Pour un look romantique, la robe est combin\u00e9e avec une jupe large et une tra\u00eene tr\u00e8s longue. Ramona Koonings Couture est le r\u00e9sultat des ann\u00e9es de connaissances et d'exp\u00e9rience de Ramona, combin\u00e9es aux derni\u00e8res tendances, r\u00e9unies dans une collection unique. Dans la collection 2024, mod\u00e8le KN2322 Barcelona, la mari\u00e9e confiante trouvera tout ce qu'il faut pour se faire remarquer le jour de son mariage. Les robes comportent de nombreux \u00e9l\u00e9ments \u00e9tincelants, tels que du tulle paillet\u00e9, des manches de cr\u00e9ateur, une fente haute sexy et bien d'autres d\u00e9tails sp\u00e9ciaux. Ces robes sont sp\u00e9cialement con\u00e7ues pour les mari\u00e9es qui veulent \u00eatre vues et \u00eatre le centre d'attention rayonnant le jour de leur mariage. Chaque robe est un mod\u00e8le unique, une pi\u00e8ce d'exception au look et au toucher couture, con\u00e7ue par Ramona elle-m\u00eame. Cette collection est disponible exclusivement chez Koonings The Wedding Palace !","breadcrumb":{"@id":"https:\/\/www.koonings.com\/fr\/product\/ramona-koonings-couture-kn2322-barcelona\/#breadcrumb"},"inLanguage":"fr-FR","potentialAction":[{"@type":"ReadAction","target":["https:\/\/www.koonings.com\/fr\/product\/ramona-koonings-couture-kn2322-barcelona\/"]}]},{"@type":"ImageObject","inLanguage":"fr-FR","@id":"https:\/\/www.koonings.com\/fr\/product\/ramona-koonings-couture-kn2322-barcelona\/#primaryimage","url":"https:\/\/www.koonings.com\/wp-content\/uploads\/2024\/11\/37680_bdb8bb6996c92c646c4ef050b9549caa1a694671e342103c5cae53bcbd7b74d3179727a7-scaled.jpeg","contentUrl":"https:\/\/www.koonings.com\/wp-content\/uploads\/2024\/11\/37680_bdb8bb6996c92c646c4ef050b9549caa1a694671e342103c5cae53bcbd7b74d3179727a7-scaled.jpeg","width":1814,"height":2560},{"@type":"BreadcrumbList","@id":"https:\/\/www.koonings.com\/fr\/product\/ramona-koonings-couture-kn2322-barcelona\/#breadcrumb","itemListElement":[{"@type":"ListItem","position":1,"name":"Home","item":"https:\/\/www.koonings.com\/fr\/"},{"@type":"ListItem","position":2,"name":"Ramona Koonings Couture KN2322 Barcelona"}]},{"@type":"WebSite","@id":"https:\/\/www.koonings.com\/fr\/#website","url":"https:\/\/www.koonings.com\/fr\/","name":"Koonings","description":"De grootste bruidsmodewinkel ter wereld","publisher":{"@id":"https:\/\/www.koonings.com\/fr\/#organization"},"potentialAction":[{"@type":"SearchAction","target":{"@type":"EntryPoint","urlTemplate":"https:\/\/www.koonings.com\/fr\/?s={search_term_string}"},"query-input":{"@type":"PropertyValueSpecification","valueRequired":true,"valueName":"search_term_string"}}],"inLanguage":"fr-FR"},{"@type":"Organization","@id":"https:\/\/www.koonings.com\/fr\/#organization","name":"Koonings","url":"https:\/\/www.koonings.com\/fr\/","logo":{"@type":"ImageObject","inLanguage":"fr-FR","@id":"https:\/\/www.koonings.com\/fr\/#\/schema\/logo\/image\/","url":"https:\/\/www.koonings.com\/wp-content\/uploads\/2024\/07\/logo.png","contentUrl":"https:\/\/www.koonings.com\/wp-content\/uploads\/2024\/07\/logo.png","width":600,"height":428,"caption":"Koonings"},"image":{"@id":"https:\/\/www.koonings.com\/fr\/#\/schema\/logo\/image\/"},"sameAs":["https:\/\/www.facebook.com\/kooningstheweddingpalace","https:\/\/www.instagram.com\/kooningstheweddingpalace","https:\/\/www.pinterest.com\/koonings","https:\/\/www.youtube.com\/kooningstheweddingpalace"]}]}},"_links":{"self":[{"href":"https:\/\/www.koonings.com\/fr\/wp-json\/wp\/v2\/product\/33327","targetHints":{"allow":["GET"]}}],"collection":[{"href":"https:\/\/www.koonings.com\/fr\/wp-json\/wp\/v2\/product"}],"about":[{"href":"https:\/\/www.koonings.com\/fr\/wp-json\/wp\/v2\/types\/product"}],"wp:featuredmedia":[{"embeddable":true,"href":"https:\/\/www.koonings.com\/fr\/wp-json\/wp\/v2\/media\/31366"}],"wp:attachment":[{"href":"https:\/\/www.koonings.com\/fr\/wp-json\/wp\/v2\/media?parent=33327"}],"wp:term":[{"taxonomy":"productdetails","embeddable":true,"href":"https:\/\/www.koonings.com\/fr\/wp-json\/wp\/v2\/productdetails?post=33327"},{"taxonomy":"productneck","embeddable":true,"href":"https:\/\/www.koonings.com\/fr\/wp-json\/wp\/v2\/productneck?post=33327"},{"taxonomy":"productcolor","embeddable":true,"href":"https:\/\/www.koonings.com\/fr\/wp-json\/wp\/v2\/productcolor?post=33327"},{"taxonomy":"maat","embeddable":true,"href":"https:\/\/www.koonings.com\/fr\/wp-json\/wp\/v2\/maat?post=33327"},{"taxonomy":"productsupplier","embeddable":true,"href":"https:\/\/www.koonings.com\/fr\/wp-json\/wp\/v2\/productsupplier?post=33327"},{"taxonomy":"productsleeve","embeddable":true,"href":"https:\/\/www.koonings.com\/fr\/wp-json\/wp\/v2\/productsleeve?post=33327"},{"taxonomy":"productcategory","embeddable":true,"href":"https:\/\/www.koonings.com\/fr\/wp-json\/wp\/v2\/productcategory?post=33327"},{"taxonomy":"productsilhouette","embeddable":true,"href":"https:\/\/www.koonings.com\/fr\/wp-json\/wp\/v2\/productsilhouette?post=33327"},{"taxonomy":"productstyle","embeddable":true,"href":"https:\/\/www.koonings.com\/fr\/wp-json\/wp\/v2\/productstyle?post=33327"}],"curies":[{"name":"wp","href":"https:\/\/api.w.org\/{rel}","templated":true}]}}