{"id":33312,"date":"2025-12-15T00:08:32","date_gmt":"2025-12-14T23:08:32","guid":{"rendered":"https:\/\/www.koonings.com\/product\/rebecca-ingram-66-3\/"},"modified":"2026-02-03T17:43:59","modified_gmt":"2026-02-03T16:43:59","slug":"rebecca-ingram-66-3","status":"publish","type":"product","link":"https:\/\/www.koonings.com\/fr\/product\/rebecca-ingram-66-3\/","title":{"rendered":"Rebecca Ingram 66"},"content":{"rendered":"<p>Les studios de cr\u00e9ation de Maggie Sottero ont donn\u00e9 naissance \u00e0 la marque innovante de Rebecca Ingram. La qualit\u00e9 et la coupe qui font la r\u00e9putation de Maggie Sottero sont propos\u00e9es \u00e0 un prix encore abordable pour toutes les mari\u00e9es. D\u00e9couvrez la beaut\u00e9 de Rebecca Ingram \u00e0 un excellent prix. Cette robe non doubl\u00e9e en mousseline de soie Odessa est dot\u00e9e d&#8217;un corsage \u00e0 illusion, rehauss\u00e9 de broderies perl\u00e9es. D\u00e9collet\u00e9 en V profond et dos en V profond avec bretelles spaghetti bord\u00e9es de perles.&nbsp;<\/p>\n","protected":false},"featured_media":28094,"template":"","meta":{"_acf_changed":false,"ghostkit_customizer_options":"","ghostkit_custom_css":"","ghostkit_custom_js_head":"","ghostkit_custom_js_foot":"","ghostkit_typography":""},"productdetails":[],"productneck":[],"productcolor":[],"maat":[],"productsupplier":[433],"productsleeve":[],"productcategory":[18],"productsilhouette":[],"productstyle":[],"class_list":["post-33312","product","type-product","status-publish","has-post-thumbnail","hentry","productsupplier-rebecca-ingram","productcategory-trouwjurken"],"acf":[],"yoast_head":"<!-- This site is optimized with the Yoast SEO plugin v27.3 - https:\/\/yoast.com\/product\/yoast-seo-wordpress\/ -->\n<title>Rebecca Ingram 66 | Koonings<\/title>\n<meta name=\"description\" content=\"Les studios de cr\u00e9ation de Maggie Sottero ont donn\u00e9 naissance \u00e0 la marque innovante de Rebecca Ingram. La qualit\u00e9 et la coupe qui font la r\u00e9putation de Maggie Sottero sont propos\u00e9es \u00e0 un prix encore abordable pour toutes les mari\u00e9es. D\u00e9couvrez la beaut\u00e9 de Rebecca Ingram \u00e0 un excellent prix. Cette robe non doubl\u00e9e en mousseline de soie Odessa est dot\u00e9e d&#039;un corsage \u00e0 illusion, rehauss\u00e9 de broderies perl\u00e9es. D\u00e9collet\u00e9 en V profond et dos en V profond avec bretelles spaghetti bord\u00e9es de perles.\u00a0\" \/>\n<meta name=\"robots\" content=\"index, follow, max-snippet:-1, max-image-preview:large, max-video-preview:-1\" \/>\n<link rel=\"canonical\" href=\"https:\/\/www.koonings.com\/fr\/product\/rebecca-ingram-66-3\/\" \/>\n<meta property=\"og:locale\" content=\"fr_FR\" \/>\n<meta property=\"og:type\" content=\"article\" \/>\n<meta property=\"og:title\" content=\"Rebecca Ingram 66 | Koonings\" \/>\n<meta property=\"og:description\" content=\"Les studios de cr\u00e9ation de Maggie Sottero ont donn\u00e9 naissance \u00e0 la marque innovante de Rebecca Ingram. La qualit\u00e9 et la coupe qui font la r\u00e9putation de Maggie Sottero sont propos\u00e9es \u00e0 un prix encore abordable pour toutes les mari\u00e9es. D\u00e9couvrez la beaut\u00e9 de Rebecca Ingram \u00e0 un excellent prix. Cette robe non doubl\u00e9e en mousseline de soie Odessa est dot\u00e9e d&#039;un corsage \u00e0 illusion, rehauss\u00e9 de broderies perl\u00e9es. D\u00e9collet\u00e9 en V profond et dos en V profond avec bretelles spaghetti bord\u00e9es de perles.\u00a0\" \/>\n<meta property=\"og:url\" content=\"https:\/\/www.koonings.com\/fr\/product\/rebecca-ingram-66-3\/\" \/>\n<meta property=\"og:site_name\" content=\"Koonings\" \/>\n<meta property=\"article:publisher\" content=\"https:\/\/www.facebook.com\/kooningstheweddingpalace\" \/>\n<meta property=\"article:modified_time\" content=\"2026-02-03T16:43:59+00:00\" \/>\n<meta property=\"og:image\" content=\"https:\/\/www.koonings.com\/wp-content\/uploads\/2024\/11\/36989_896dfe5f78db7a59d6f204b145d9891377b4e878b8462ceb6c654128567701b8ed5d7031.jpeg\" \/>\n\t<meta property=\"og:image:width\" content=\"300\" \/>\n\t<meta property=\"og:image:height\" content=\"450\" \/>\n\t<meta property=\"og:image:type\" content=\"image\/jpeg\" \/>\n<meta name=\"twitter:card\" content=\"summary_large_image\" \/>\n<script type=\"application\/ld+json\" class=\"yoast-schema-graph\">{\"@context\":\"https:\\\/\\\/schema.org\",\"@graph\":[{\"@type\":\"WebPage\",\"@id\":\"https:\\\/\\\/www.koonings.com\\\/fr\\\/product\\\/rebecca-ingram-66-3\\\/\",\"url\":\"https:\\\/\\\/www.koonings.com\\\/fr\\\/product\\\/rebecca-ingram-66-3\\\/\",\"name\":\"Rebecca Ingram 66 | Koonings\",\"isPartOf\":{\"@id\":\"https:\\\/\\\/www.koonings.com\\\/fr\\\/#website\"},\"primaryImageOfPage\":{\"@id\":\"https:\\\/\\\/www.koonings.com\\\/fr\\\/product\\\/rebecca-ingram-66-3\\\/#primaryimage\"},\"image\":{\"@id\":\"https:\\\/\\\/www.koonings.com\\\/fr\\\/product\\\/rebecca-ingram-66-3\\\/#primaryimage\"},\"thumbnailUrl\":\"https:\\\/\\\/www.koonings.com\\\/wp-content\\\/uploads\\\/2024\\\/11\\\/36989_896dfe5f78db7a59d6f204b145d9891377b4e878b8462ceb6c654128567701b8ed5d7031.jpeg\",\"datePublished\":\"2025-12-14T23:08:32+00:00\",\"dateModified\":\"2026-02-03T16:43:59+00:00\",\"description\":\"Les studios de cr\u00e9ation de Maggie Sottero ont donn\u00e9 naissance \u00e0 la marque innovante de Rebecca Ingram. La qualit\u00e9 et la coupe qui font la r\u00e9putation de Maggie Sottero sont propos\u00e9es \u00e0 un prix encore abordable pour toutes les mari\u00e9es. D\u00e9couvrez la beaut\u00e9 de Rebecca Ingram \u00e0 un excellent prix. Cette robe non doubl\u00e9e en mousseline de soie Odessa est dot\u00e9e d'un corsage \u00e0 illusion, rehauss\u00e9 de broderies perl\u00e9es. D\u00e9collet\u00e9 en V profond et dos en V profond avec bretelles spaghetti bord\u00e9es de perles.\u00a0\",\"breadcrumb\":{\"@id\":\"https:\\\/\\\/www.koonings.com\\\/fr\\\/product\\\/rebecca-ingram-66-3\\\/#breadcrumb\"},\"inLanguage\":\"fr-FR\",\"potentialAction\":[{\"@type\":\"ReadAction\",\"target\":[\"https:\\\/\\\/www.koonings.com\\\/fr\\\/product\\\/rebecca-ingram-66-3\\\/\"]}]},{\"@type\":\"ImageObject\",\"inLanguage\":\"fr-FR\",\"@id\":\"https:\\\/\\\/www.koonings.com\\\/fr\\\/product\\\/rebecca-ingram-66-3\\\/#primaryimage\",\"url\":\"https:\\\/\\\/www.koonings.com\\\/wp-content\\\/uploads\\\/2024\\\/11\\\/36989_896dfe5f78db7a59d6f204b145d9891377b4e878b8462ceb6c654128567701b8ed5d7031.jpeg\",\"contentUrl\":\"https:\\\/\\\/www.koonings.com\\\/wp-content\\\/uploads\\\/2024\\\/11\\\/36989_896dfe5f78db7a59d6f204b145d9891377b4e878b8462ceb6c654128567701b8ed5d7031.jpeg\",\"width\":300,\"height\":450},{\"@type\":\"BreadcrumbList\",\"@id\":\"https:\\\/\\\/www.koonings.com\\\/fr\\\/product\\\/rebecca-ingram-66-3\\\/#breadcrumb\",\"itemListElement\":[{\"@type\":\"ListItem\",\"position\":1,\"name\":\"Home\",\"item\":\"https:\\\/\\\/www.koonings.com\\\/fr\\\/\"},{\"@type\":\"ListItem\",\"position\":2,\"name\":\"Rebecca Ingram 66\"}]},{\"@type\":\"WebSite\",\"@id\":\"https:\\\/\\\/www.koonings.com\\\/fr\\\/#website\",\"url\":\"https:\\\/\\\/www.koonings.com\\\/fr\\\/\",\"name\":\"Koonings\",\"description\":\"De grootste bruidsmodewinkel ter wereld\",\"publisher\":{\"@id\":\"https:\\\/\\\/www.koonings.com\\\/fr\\\/#organization\"},\"potentialAction\":[{\"@type\":\"SearchAction\",\"target\":{\"@type\":\"EntryPoint\",\"urlTemplate\":\"https:\\\/\\\/www.koonings.com\\\/fr\\\/?s={search_term_string}\"},\"query-input\":{\"@type\":\"PropertyValueSpecification\",\"valueRequired\":true,\"valueName\":\"search_term_string\"}}],\"inLanguage\":\"fr-FR\"},{\"@type\":\"Organization\",\"@id\":\"https:\\\/\\\/www.koonings.com\\\/fr\\\/#organization\",\"name\":\"Koonings\",\"url\":\"https:\\\/\\\/www.koonings.com\\\/fr\\\/\",\"logo\":{\"@type\":\"ImageObject\",\"inLanguage\":\"fr-FR\",\"@id\":\"https:\\\/\\\/www.koonings.com\\\/fr\\\/#\\\/schema\\\/logo\\\/image\\\/\",\"url\":\"https:\\\/\\\/www.koonings.com\\\/wp-content\\\/uploads\\\/2024\\\/07\\\/logo.png\",\"contentUrl\":\"https:\\\/\\\/www.koonings.com\\\/wp-content\\\/uploads\\\/2024\\\/07\\\/logo.png\",\"width\":600,\"height\":428,\"caption\":\"Koonings\"},\"image\":{\"@id\":\"https:\\\/\\\/www.koonings.com\\\/fr\\\/#\\\/schema\\\/logo\\\/image\\\/\"},\"sameAs\":[\"https:\\\/\\\/www.facebook.com\\\/kooningstheweddingpalace\",\"https:\\\/\\\/www.instagram.com\\\/kooningstheweddingpalace\",\"https:\\\/\\\/www.pinterest.com\\\/koonings\",\"https:\\\/\\\/www.youtube.com\\\/kooningstheweddingpalace\"]}]}<\/script>\n<!-- \/ Yoast SEO plugin. -->","yoast_head_json":{"title":"Rebecca Ingram 66 | Koonings","description":"Les studios de cr\u00e9ation de Maggie Sottero ont donn\u00e9 naissance \u00e0 la marque innovante de Rebecca Ingram. La qualit\u00e9 et la coupe qui font la r\u00e9putation de Maggie Sottero sont propos\u00e9es \u00e0 un prix encore abordable pour toutes les mari\u00e9es. D\u00e9couvrez la beaut\u00e9 de Rebecca Ingram \u00e0 un excellent prix. Cette robe non doubl\u00e9e en mousseline de soie Odessa est dot\u00e9e d'un corsage \u00e0 illusion, rehauss\u00e9 de broderies perl\u00e9es. D\u00e9collet\u00e9 en V profond et dos en V profond avec bretelles spaghetti bord\u00e9es de perles.\u00a0","robots":{"index":"index","follow":"follow","max-snippet":"max-snippet:-1","max-image-preview":"max-image-preview:large","max-video-preview":"max-video-preview:-1"},"canonical":"https:\/\/www.koonings.com\/fr\/product\/rebecca-ingram-66-3\/","og_locale":"fr_FR","og_type":"article","og_title":"Rebecca Ingram 66 | Koonings","og_description":"Les studios de cr\u00e9ation de Maggie Sottero ont donn\u00e9 naissance \u00e0 la marque innovante de Rebecca Ingram. La qualit\u00e9 et la coupe qui font la r\u00e9putation de Maggie Sottero sont propos\u00e9es \u00e0 un prix encore abordable pour toutes les mari\u00e9es. D\u00e9couvrez la beaut\u00e9 de Rebecca Ingram \u00e0 un excellent prix. Cette robe non doubl\u00e9e en mousseline de soie Odessa est dot\u00e9e d'un corsage \u00e0 illusion, rehauss\u00e9 de broderies perl\u00e9es. D\u00e9collet\u00e9 en V profond et dos en V profond avec bretelles spaghetti bord\u00e9es de perles.\u00a0","og_url":"https:\/\/www.koonings.com\/fr\/product\/rebecca-ingram-66-3\/","og_site_name":"Koonings","article_publisher":"https:\/\/www.facebook.com\/kooningstheweddingpalace","article_modified_time":"2026-02-03T16:43:59+00:00","og_image":[{"width":300,"height":450,"url":"https:\/\/www.koonings.com\/wp-content\/uploads\/2024\/11\/36989_896dfe5f78db7a59d6f204b145d9891377b4e878b8462ceb6c654128567701b8ed5d7031.jpeg","type":"image\/jpeg"}],"twitter_card":"summary_large_image","schema":{"@context":"https:\/\/schema.org","@graph":[{"@type":"WebPage","@id":"https:\/\/www.koonings.com\/fr\/product\/rebecca-ingram-66-3\/","url":"https:\/\/www.koonings.com\/fr\/product\/rebecca-ingram-66-3\/","name":"Rebecca Ingram 66 | Koonings","isPartOf":{"@id":"https:\/\/www.koonings.com\/fr\/#website"},"primaryImageOfPage":{"@id":"https:\/\/www.koonings.com\/fr\/product\/rebecca-ingram-66-3\/#primaryimage"},"image":{"@id":"https:\/\/www.koonings.com\/fr\/product\/rebecca-ingram-66-3\/#primaryimage"},"thumbnailUrl":"https:\/\/www.koonings.com\/wp-content\/uploads\/2024\/11\/36989_896dfe5f78db7a59d6f204b145d9891377b4e878b8462ceb6c654128567701b8ed5d7031.jpeg","datePublished":"2025-12-14T23:08:32+00:00","dateModified":"2026-02-03T16:43:59+00:00","description":"Les studios de cr\u00e9ation de Maggie Sottero ont donn\u00e9 naissance \u00e0 la marque innovante de Rebecca Ingram. La qualit\u00e9 et la coupe qui font la r\u00e9putation de Maggie Sottero sont propos\u00e9es \u00e0 un prix encore abordable pour toutes les mari\u00e9es. D\u00e9couvrez la beaut\u00e9 de Rebecca Ingram \u00e0 un excellent prix. Cette robe non doubl\u00e9e en mousseline de soie Odessa est dot\u00e9e d'un corsage \u00e0 illusion, rehauss\u00e9 de broderies perl\u00e9es. D\u00e9collet\u00e9 en V profond et dos en V profond avec bretelles spaghetti bord\u00e9es de perles.\u00a0","breadcrumb":{"@id":"https:\/\/www.koonings.com\/fr\/product\/rebecca-ingram-66-3\/#breadcrumb"},"inLanguage":"fr-FR","potentialAction":[{"@type":"ReadAction","target":["https:\/\/www.koonings.com\/fr\/product\/rebecca-ingram-66-3\/"]}]},{"@type":"ImageObject","inLanguage":"fr-FR","@id":"https:\/\/www.koonings.com\/fr\/product\/rebecca-ingram-66-3\/#primaryimage","url":"https:\/\/www.koonings.com\/wp-content\/uploads\/2024\/11\/36989_896dfe5f78db7a59d6f204b145d9891377b4e878b8462ceb6c654128567701b8ed5d7031.jpeg","contentUrl":"https:\/\/www.koonings.com\/wp-content\/uploads\/2024\/11\/36989_896dfe5f78db7a59d6f204b145d9891377b4e878b8462ceb6c654128567701b8ed5d7031.jpeg","width":300,"height":450},{"@type":"BreadcrumbList","@id":"https:\/\/www.koonings.com\/fr\/product\/rebecca-ingram-66-3\/#breadcrumb","itemListElement":[{"@type":"ListItem","position":1,"name":"Home","item":"https:\/\/www.koonings.com\/fr\/"},{"@type":"ListItem","position":2,"name":"Rebecca Ingram 66"}]},{"@type":"WebSite","@id":"https:\/\/www.koonings.com\/fr\/#website","url":"https:\/\/www.koonings.com\/fr\/","name":"Koonings","description":"De grootste bruidsmodewinkel ter wereld","publisher":{"@id":"https:\/\/www.koonings.com\/fr\/#organization"},"potentialAction":[{"@type":"SearchAction","target":{"@type":"EntryPoint","urlTemplate":"https:\/\/www.koonings.com\/fr\/?s={search_term_string}"},"query-input":{"@type":"PropertyValueSpecification","valueRequired":true,"valueName":"search_term_string"}}],"inLanguage":"fr-FR"},{"@type":"Organization","@id":"https:\/\/www.koonings.com\/fr\/#organization","name":"Koonings","url":"https:\/\/www.koonings.com\/fr\/","logo":{"@type":"ImageObject","inLanguage":"fr-FR","@id":"https:\/\/www.koonings.com\/fr\/#\/schema\/logo\/image\/","url":"https:\/\/www.koonings.com\/wp-content\/uploads\/2024\/07\/logo.png","contentUrl":"https:\/\/www.koonings.com\/wp-content\/uploads\/2024\/07\/logo.png","width":600,"height":428,"caption":"Koonings"},"image":{"@id":"https:\/\/www.koonings.com\/fr\/#\/schema\/logo\/image\/"},"sameAs":["https:\/\/www.facebook.com\/kooningstheweddingpalace","https:\/\/www.instagram.com\/kooningstheweddingpalace","https:\/\/www.pinterest.com\/koonings","https:\/\/www.youtube.com\/kooningstheweddingpalace"]}]}},"_links":{"self":[{"href":"https:\/\/www.koonings.com\/fr\/wp-json\/wp\/v2\/product\/33312","targetHints":{"allow":["GET"]}}],"collection":[{"href":"https:\/\/www.koonings.com\/fr\/wp-json\/wp\/v2\/product"}],"about":[{"href":"https:\/\/www.koonings.com\/fr\/wp-json\/wp\/v2\/types\/product"}],"wp:featuredmedia":[{"embeddable":true,"href":"https:\/\/www.koonings.com\/fr\/wp-json\/wp\/v2\/media\/28094"}],"wp:attachment":[{"href":"https:\/\/www.koonings.com\/fr\/wp-json\/wp\/v2\/media?parent=33312"}],"wp:term":[{"taxonomy":"productdetails","embeddable":true,"href":"https:\/\/www.koonings.com\/fr\/wp-json\/wp\/v2\/productdetails?post=33312"},{"taxonomy":"productneck","embeddable":true,"href":"https:\/\/www.koonings.com\/fr\/wp-json\/wp\/v2\/productneck?post=33312"},{"taxonomy":"productcolor","embeddable":true,"href":"https:\/\/www.koonings.com\/fr\/wp-json\/wp\/v2\/productcolor?post=33312"},{"taxonomy":"maat","embeddable":true,"href":"https:\/\/www.koonings.com\/fr\/wp-json\/wp\/v2\/maat?post=33312"},{"taxonomy":"productsupplier","embeddable":true,"href":"https:\/\/www.koonings.com\/fr\/wp-json\/wp\/v2\/productsupplier?post=33312"},{"taxonomy":"productsleeve","embeddable":true,"href":"https:\/\/www.koonings.com\/fr\/wp-json\/wp\/v2\/productsleeve?post=33312"},{"taxonomy":"productcategory","embeddable":true,"href":"https:\/\/www.koonings.com\/fr\/wp-json\/wp\/v2\/productcategory?post=33312"},{"taxonomy":"productsilhouette","embeddable":true,"href":"https:\/\/www.koonings.com\/fr\/wp-json\/wp\/v2\/productsilhouette?post=33312"},{"taxonomy":"productstyle","embeddable":true,"href":"https:\/\/www.koonings.com\/fr\/wp-json\/wp\/v2\/productstyle?post=33312"}],"curies":[{"name":"wp","href":"https:\/\/api.w.org\/{rel}","templated":true}]}}