{"id":33252,"date":"2025-07-10T12:08:08","date_gmt":"2025-07-10T10:08:08","guid":{"rendered":"https:\/\/www.koonings.com\/product\/modeca-66-5\/"},"modified":"2025-06-05T12:14:55","modified_gmt":"2025-06-05T10:14:55","slug":"modeca-66-5","status":"publish","type":"product","link":"https:\/\/www.koonings.com\/fr\/product\/modeca-66-5\/","title":{"rendered":"Modeca 66"},"content":{"rendered":"<p>Le romantisme s&#8217;exprime dans cette robe classique Rachel de forme A. Le corsage a une encolure en V et est orn\u00e9 de dentelle d\u00e9licate au motif floral. Le corsage, d\u00e9collet\u00e9 en V, est orn\u00e9 de dentelle d\u00e9licate au motif floral et de d\u00e9coupes illusion sur les c\u00f4t\u00e9s, ce qui conf\u00e8re \u00e0 cette robe une touche s\u00e9duisante. De fines bretelles en paillettes m\u00e8nent \u00e0 un magnifique dos ouvert. La jupe en tulle scintillant vous permet de briller tandis que des appliques de dentelle soigneusement plac\u00e9es d\u00e9corent la tra\u00eene.   <\/p>\n","protected":false},"featured_media":28344,"template":"","meta":{"_acf_changed":false,"ghostkit_customizer_options":"","ghostkit_custom_css":"","ghostkit_custom_js_head":"","ghostkit_custom_js_foot":"","ghostkit_typography":""},"productdetails":[],"productneck":[],"productcolor":[],"maat":[],"productsupplier":[434],"productsleeve":[],"productcategory":[18],"productsilhouette":[],"productstyle":[],"class_list":["post-33252","product","type-product","status-publish","has-post-thumbnail","hentry","productsupplier-modeca","productcategory-trouwjurken"],"acf":[],"yoast_head":"<!-- This site is optimized with the Yoast SEO plugin v27.3 - https:\/\/yoast.com\/product\/yoast-seo-wordpress\/ -->\n<title>Modeca 66 | Koonings<\/title>\n<meta name=\"description\" content=\"Le romantisme s&#039;exprime dans cette robe classique Rachel de forme A. Le corsage a une encolure en V et est orn\u00e9 de dentelle d\u00e9licate au motif floral. Le corsage, d\u00e9collet\u00e9 en V, est orn\u00e9 de dentelle d\u00e9licate au motif floral et de d\u00e9coupes illusion sur les c\u00f4t\u00e9s, ce qui conf\u00e8re \u00e0 cette robe une touche s\u00e9duisante. De fines bretelles en paillettes m\u00e8nent \u00e0 un magnifique dos ouvert. La jupe en tulle scintillant vous permet de briller tandis que des appliques de dentelle soigneusement plac\u00e9es d\u00e9corent la tra\u00eene.\" \/>\n<meta name=\"robots\" content=\"index, follow, max-snippet:-1, max-image-preview:large, max-video-preview:-1\" \/>\n<link rel=\"canonical\" href=\"https:\/\/www.koonings.com\/fr\/product\/modeca-66-5\/\" \/>\n<meta property=\"og:locale\" content=\"fr_FR\" \/>\n<meta property=\"og:type\" content=\"article\" \/>\n<meta property=\"og:title\" content=\"Modeca 66 | Koonings\" \/>\n<meta property=\"og:description\" content=\"Le romantisme s&#039;exprime dans cette robe classique Rachel de forme A. Le corsage a une encolure en V et est orn\u00e9 de dentelle d\u00e9licate au motif floral. Le corsage, d\u00e9collet\u00e9 en V, est orn\u00e9 de dentelle d\u00e9licate au motif floral et de d\u00e9coupes illusion sur les c\u00f4t\u00e9s, ce qui conf\u00e8re \u00e0 cette robe une touche s\u00e9duisante. De fines bretelles en paillettes m\u00e8nent \u00e0 un magnifique dos ouvert. La jupe en tulle scintillant vous permet de briller tandis que des appliques de dentelle soigneusement plac\u00e9es d\u00e9corent la tra\u00eene.\" \/>\n<meta property=\"og:url\" content=\"https:\/\/www.koonings.com\/fr\/product\/modeca-66-5\/\" \/>\n<meta property=\"og:site_name\" content=\"Koonings\" \/>\n<meta property=\"article:publisher\" content=\"https:\/\/www.facebook.com\/kooningstheweddingpalace\" \/>\n<meta property=\"og:image\" content=\"https:\/\/www.koonings.com\/wp-content\/uploads\/2024\/11\/37071_e530916784bd309b43137c2a45ead98390f54c3799b91a933f9357c3b2752f2422b44490.jpeg\" \/>\n\t<meta property=\"og:image:width\" content=\"300\" \/>\n\t<meta property=\"og:image:height\" content=\"450\" \/>\n\t<meta property=\"og:image:type\" content=\"image\/jpeg\" \/>\n<meta name=\"twitter:card\" content=\"summary_large_image\" \/>\n<script type=\"application\/ld+json\" class=\"yoast-schema-graph\">{\"@context\":\"https:\\\/\\\/schema.org\",\"@graph\":[{\"@type\":\"WebPage\",\"@id\":\"https:\\\/\\\/www.koonings.com\\\/fr\\\/product\\\/modeca-66-5\\\/\",\"url\":\"https:\\\/\\\/www.koonings.com\\\/fr\\\/product\\\/modeca-66-5\\\/\",\"name\":\"Modeca 66 | Koonings\",\"isPartOf\":{\"@id\":\"https:\\\/\\\/www.koonings.com\\\/fr\\\/#website\"},\"primaryImageOfPage\":{\"@id\":\"https:\\\/\\\/www.koonings.com\\\/fr\\\/product\\\/modeca-66-5\\\/#primaryimage\"},\"image\":{\"@id\":\"https:\\\/\\\/www.koonings.com\\\/fr\\\/product\\\/modeca-66-5\\\/#primaryimage\"},\"thumbnailUrl\":\"https:\\\/\\\/www.koonings.com\\\/wp-content\\\/uploads\\\/2024\\\/11\\\/37071_e530916784bd309b43137c2a45ead98390f54c3799b91a933f9357c3b2752f2422b44490.jpeg\",\"datePublished\":\"2025-07-10T10:08:08+00:00\",\"description\":\"Le romantisme s'exprime dans cette robe classique Rachel de forme A. Le corsage a une encolure en V et est orn\u00e9 de dentelle d\u00e9licate au motif floral. Le corsage, d\u00e9collet\u00e9 en V, est orn\u00e9 de dentelle d\u00e9licate au motif floral et de d\u00e9coupes illusion sur les c\u00f4t\u00e9s, ce qui conf\u00e8re \u00e0 cette robe une touche s\u00e9duisante. De fines bretelles en paillettes m\u00e8nent \u00e0 un magnifique dos ouvert. La jupe en tulle scintillant vous permet de briller tandis que des appliques de dentelle soigneusement plac\u00e9es d\u00e9corent la tra\u00eene.\",\"breadcrumb\":{\"@id\":\"https:\\\/\\\/www.koonings.com\\\/fr\\\/product\\\/modeca-66-5\\\/#breadcrumb\"},\"inLanguage\":\"fr-FR\",\"potentialAction\":[{\"@type\":\"ReadAction\",\"target\":[\"https:\\\/\\\/www.koonings.com\\\/fr\\\/product\\\/modeca-66-5\\\/\"]}]},{\"@type\":\"ImageObject\",\"inLanguage\":\"fr-FR\",\"@id\":\"https:\\\/\\\/www.koonings.com\\\/fr\\\/product\\\/modeca-66-5\\\/#primaryimage\",\"url\":\"https:\\\/\\\/www.koonings.com\\\/wp-content\\\/uploads\\\/2024\\\/11\\\/37071_e530916784bd309b43137c2a45ead98390f54c3799b91a933f9357c3b2752f2422b44490.jpeg\",\"contentUrl\":\"https:\\\/\\\/www.koonings.com\\\/wp-content\\\/uploads\\\/2024\\\/11\\\/37071_e530916784bd309b43137c2a45ead98390f54c3799b91a933f9357c3b2752f2422b44490.jpeg\",\"width\":300,\"height\":450},{\"@type\":\"BreadcrumbList\",\"@id\":\"https:\\\/\\\/www.koonings.com\\\/fr\\\/product\\\/modeca-66-5\\\/#breadcrumb\",\"itemListElement\":[{\"@type\":\"ListItem\",\"position\":1,\"name\":\"Home\",\"item\":\"https:\\\/\\\/www.koonings.com\\\/fr\\\/\"},{\"@type\":\"ListItem\",\"position\":2,\"name\":\"Modeca 66\"}]},{\"@type\":\"WebSite\",\"@id\":\"https:\\\/\\\/www.koonings.com\\\/fr\\\/#website\",\"url\":\"https:\\\/\\\/www.koonings.com\\\/fr\\\/\",\"name\":\"Koonings\",\"description\":\"De grootste bruidsmodewinkel ter wereld\",\"publisher\":{\"@id\":\"https:\\\/\\\/www.koonings.com\\\/fr\\\/#organization\"},\"potentialAction\":[{\"@type\":\"SearchAction\",\"target\":{\"@type\":\"EntryPoint\",\"urlTemplate\":\"https:\\\/\\\/www.koonings.com\\\/fr\\\/?s={search_term_string}\"},\"query-input\":{\"@type\":\"PropertyValueSpecification\",\"valueRequired\":true,\"valueName\":\"search_term_string\"}}],\"inLanguage\":\"fr-FR\"},{\"@type\":\"Organization\",\"@id\":\"https:\\\/\\\/www.koonings.com\\\/fr\\\/#organization\",\"name\":\"Koonings\",\"url\":\"https:\\\/\\\/www.koonings.com\\\/fr\\\/\",\"logo\":{\"@type\":\"ImageObject\",\"inLanguage\":\"fr-FR\",\"@id\":\"https:\\\/\\\/www.koonings.com\\\/fr\\\/#\\\/schema\\\/logo\\\/image\\\/\",\"url\":\"https:\\\/\\\/www.koonings.com\\\/wp-content\\\/uploads\\\/2024\\\/07\\\/logo.png\",\"contentUrl\":\"https:\\\/\\\/www.koonings.com\\\/wp-content\\\/uploads\\\/2024\\\/07\\\/logo.png\",\"width\":600,\"height\":428,\"caption\":\"Koonings\"},\"image\":{\"@id\":\"https:\\\/\\\/www.koonings.com\\\/fr\\\/#\\\/schema\\\/logo\\\/image\\\/\"},\"sameAs\":[\"https:\\\/\\\/www.facebook.com\\\/kooningstheweddingpalace\",\"https:\\\/\\\/www.instagram.com\\\/kooningstheweddingpalace\",\"https:\\\/\\\/www.pinterest.com\\\/koonings\",\"https:\\\/\\\/www.youtube.com\\\/kooningstheweddingpalace\"]}]}<\/script>\n<!-- \/ Yoast SEO plugin. -->","yoast_head_json":{"title":"Modeca 66 | Koonings","description":"Le romantisme s'exprime dans cette robe classique Rachel de forme A. Le corsage a une encolure en V et est orn\u00e9 de dentelle d\u00e9licate au motif floral. Le corsage, d\u00e9collet\u00e9 en V, est orn\u00e9 de dentelle d\u00e9licate au motif floral et de d\u00e9coupes illusion sur les c\u00f4t\u00e9s, ce qui conf\u00e8re \u00e0 cette robe une touche s\u00e9duisante. De fines bretelles en paillettes m\u00e8nent \u00e0 un magnifique dos ouvert. La jupe en tulle scintillant vous permet de briller tandis que des appliques de dentelle soigneusement plac\u00e9es d\u00e9corent la tra\u00eene.","robots":{"index":"index","follow":"follow","max-snippet":"max-snippet:-1","max-image-preview":"max-image-preview:large","max-video-preview":"max-video-preview:-1"},"canonical":"https:\/\/www.koonings.com\/fr\/product\/modeca-66-5\/","og_locale":"fr_FR","og_type":"article","og_title":"Modeca 66 | Koonings","og_description":"Le romantisme s'exprime dans cette robe classique Rachel de forme A. Le corsage a une encolure en V et est orn\u00e9 de dentelle d\u00e9licate au motif floral. Le corsage, d\u00e9collet\u00e9 en V, est orn\u00e9 de dentelle d\u00e9licate au motif floral et de d\u00e9coupes illusion sur les c\u00f4t\u00e9s, ce qui conf\u00e8re \u00e0 cette robe une touche s\u00e9duisante. De fines bretelles en paillettes m\u00e8nent \u00e0 un magnifique dos ouvert. La jupe en tulle scintillant vous permet de briller tandis que des appliques de dentelle soigneusement plac\u00e9es d\u00e9corent la tra\u00eene.","og_url":"https:\/\/www.koonings.com\/fr\/product\/modeca-66-5\/","og_site_name":"Koonings","article_publisher":"https:\/\/www.facebook.com\/kooningstheweddingpalace","og_image":[{"width":300,"height":450,"url":"https:\/\/www.koonings.com\/wp-content\/uploads\/2024\/11\/37071_e530916784bd309b43137c2a45ead98390f54c3799b91a933f9357c3b2752f2422b44490.jpeg","type":"image\/jpeg"}],"twitter_card":"summary_large_image","schema":{"@context":"https:\/\/schema.org","@graph":[{"@type":"WebPage","@id":"https:\/\/www.koonings.com\/fr\/product\/modeca-66-5\/","url":"https:\/\/www.koonings.com\/fr\/product\/modeca-66-5\/","name":"Modeca 66 | Koonings","isPartOf":{"@id":"https:\/\/www.koonings.com\/fr\/#website"},"primaryImageOfPage":{"@id":"https:\/\/www.koonings.com\/fr\/product\/modeca-66-5\/#primaryimage"},"image":{"@id":"https:\/\/www.koonings.com\/fr\/product\/modeca-66-5\/#primaryimage"},"thumbnailUrl":"https:\/\/www.koonings.com\/wp-content\/uploads\/2024\/11\/37071_e530916784bd309b43137c2a45ead98390f54c3799b91a933f9357c3b2752f2422b44490.jpeg","datePublished":"2025-07-10T10:08:08+00:00","description":"Le romantisme s'exprime dans cette robe classique Rachel de forme A. Le corsage a une encolure en V et est orn\u00e9 de dentelle d\u00e9licate au motif floral. Le corsage, d\u00e9collet\u00e9 en V, est orn\u00e9 de dentelle d\u00e9licate au motif floral et de d\u00e9coupes illusion sur les c\u00f4t\u00e9s, ce qui conf\u00e8re \u00e0 cette robe une touche s\u00e9duisante. De fines bretelles en paillettes m\u00e8nent \u00e0 un magnifique dos ouvert. La jupe en tulle scintillant vous permet de briller tandis que des appliques de dentelle soigneusement plac\u00e9es d\u00e9corent la tra\u00eene.","breadcrumb":{"@id":"https:\/\/www.koonings.com\/fr\/product\/modeca-66-5\/#breadcrumb"},"inLanguage":"fr-FR","potentialAction":[{"@type":"ReadAction","target":["https:\/\/www.koonings.com\/fr\/product\/modeca-66-5\/"]}]},{"@type":"ImageObject","inLanguage":"fr-FR","@id":"https:\/\/www.koonings.com\/fr\/product\/modeca-66-5\/#primaryimage","url":"https:\/\/www.koonings.com\/wp-content\/uploads\/2024\/11\/37071_e530916784bd309b43137c2a45ead98390f54c3799b91a933f9357c3b2752f2422b44490.jpeg","contentUrl":"https:\/\/www.koonings.com\/wp-content\/uploads\/2024\/11\/37071_e530916784bd309b43137c2a45ead98390f54c3799b91a933f9357c3b2752f2422b44490.jpeg","width":300,"height":450},{"@type":"BreadcrumbList","@id":"https:\/\/www.koonings.com\/fr\/product\/modeca-66-5\/#breadcrumb","itemListElement":[{"@type":"ListItem","position":1,"name":"Home","item":"https:\/\/www.koonings.com\/fr\/"},{"@type":"ListItem","position":2,"name":"Modeca 66"}]},{"@type":"WebSite","@id":"https:\/\/www.koonings.com\/fr\/#website","url":"https:\/\/www.koonings.com\/fr\/","name":"Koonings","description":"De grootste bruidsmodewinkel ter wereld","publisher":{"@id":"https:\/\/www.koonings.com\/fr\/#organization"},"potentialAction":[{"@type":"SearchAction","target":{"@type":"EntryPoint","urlTemplate":"https:\/\/www.koonings.com\/fr\/?s={search_term_string}"},"query-input":{"@type":"PropertyValueSpecification","valueRequired":true,"valueName":"search_term_string"}}],"inLanguage":"fr-FR"},{"@type":"Organization","@id":"https:\/\/www.koonings.com\/fr\/#organization","name":"Koonings","url":"https:\/\/www.koonings.com\/fr\/","logo":{"@type":"ImageObject","inLanguage":"fr-FR","@id":"https:\/\/www.koonings.com\/fr\/#\/schema\/logo\/image\/","url":"https:\/\/www.koonings.com\/wp-content\/uploads\/2024\/07\/logo.png","contentUrl":"https:\/\/www.koonings.com\/wp-content\/uploads\/2024\/07\/logo.png","width":600,"height":428,"caption":"Koonings"},"image":{"@id":"https:\/\/www.koonings.com\/fr\/#\/schema\/logo\/image\/"},"sameAs":["https:\/\/www.facebook.com\/kooningstheweddingpalace","https:\/\/www.instagram.com\/kooningstheweddingpalace","https:\/\/www.pinterest.com\/koonings","https:\/\/www.youtube.com\/kooningstheweddingpalace"]}]}},"_links":{"self":[{"href":"https:\/\/www.koonings.com\/fr\/wp-json\/wp\/v2\/product\/33252","targetHints":{"allow":["GET"]}}],"collection":[{"href":"https:\/\/www.koonings.com\/fr\/wp-json\/wp\/v2\/product"}],"about":[{"href":"https:\/\/www.koonings.com\/fr\/wp-json\/wp\/v2\/types\/product"}],"wp:featuredmedia":[{"embeddable":true,"href":"https:\/\/www.koonings.com\/fr\/wp-json\/wp\/v2\/media\/28344"}],"wp:attachment":[{"href":"https:\/\/www.koonings.com\/fr\/wp-json\/wp\/v2\/media?parent=33252"}],"wp:term":[{"taxonomy":"productdetails","embeddable":true,"href":"https:\/\/www.koonings.com\/fr\/wp-json\/wp\/v2\/productdetails?post=33252"},{"taxonomy":"productneck","embeddable":true,"href":"https:\/\/www.koonings.com\/fr\/wp-json\/wp\/v2\/productneck?post=33252"},{"taxonomy":"productcolor","embeddable":true,"href":"https:\/\/www.koonings.com\/fr\/wp-json\/wp\/v2\/productcolor?post=33252"},{"taxonomy":"maat","embeddable":true,"href":"https:\/\/www.koonings.com\/fr\/wp-json\/wp\/v2\/maat?post=33252"},{"taxonomy":"productsupplier","embeddable":true,"href":"https:\/\/www.koonings.com\/fr\/wp-json\/wp\/v2\/productsupplier?post=33252"},{"taxonomy":"productsleeve","embeddable":true,"href":"https:\/\/www.koonings.com\/fr\/wp-json\/wp\/v2\/productsleeve?post=33252"},{"taxonomy":"productcategory","embeddable":true,"href":"https:\/\/www.koonings.com\/fr\/wp-json\/wp\/v2\/productcategory?post=33252"},{"taxonomy":"productsilhouette","embeddable":true,"href":"https:\/\/www.koonings.com\/fr\/wp-json\/wp\/v2\/productsilhouette?post=33252"},{"taxonomy":"productstyle","embeddable":true,"href":"https:\/\/www.koonings.com\/fr\/wp-json\/wp\/v2\/productstyle?post=33252"}],"curies":[{"name":"wp","href":"https:\/\/api.w.org\/{rel}","templated":true}]}}