{"id":33229,"date":"2025-12-15T00:08:41","date_gmt":"2025-12-14T23:08:41","guid":{"rendered":"https:\/\/www.koonings.com\/product\/rebecca-ingram-66-2\/"},"modified":"2026-02-03T17:45:08","modified_gmt":"2026-02-03T16:45:08","slug":"rebecca-ingram-66-2","status":"publish","type":"product","link":"https:\/\/www.koonings.com\/fr\/product\/rebecca-ingram-66-2\/","title":{"rendered":"Rebecca Ingram 66"},"content":{"rendered":"<p>La marque innovante de Rebecca Ingram est n\u00e9e des studios de cr\u00e9ation de Maggie Sottero. Elle offre \u00e0 toutes les mari\u00e9es la qualit\u00e9 et la coupe qui ont fait la r\u00e9putation de Maggie Sottero, \u00e0 un prix encore abordable. D\u00e9couvrez la beaut\u00e9 de Rebecca Ingram \u00e0 un excellent prix. Robe de mari\u00e9e grande taille chatoyante avec dentelle florale et d\u00e9collet\u00e9 en V. Des motifs sophistiqu\u00e9s de dentelle perl\u00e9e sur un tulle chatoyant et un corsage en dentelle perl\u00e9e. D\u00e9collet\u00e9 en V profond avec illusion, bretelles spaghetti perl\u00e9es et boutons recouverts sur la fermeture \u00e9clair. Ourlet parfaitement fini en crin de cheval et empi\u00e8cements de tulle illusion sur le c\u00f4t\u00e9.      <\/p>\n","protected":false},"featured_media":28428,"template":"","meta":{"_acf_changed":false,"ghostkit_customizer_options":"","ghostkit_custom_css":"","ghostkit_custom_js_head":"","ghostkit_custom_js_foot":"","ghostkit_typography":""},"productdetails":[],"productneck":[356],"productcolor":[392],"maat":[],"productsupplier":[433],"productsleeve":[359],"productcategory":[18],"productsilhouette":[389],"productstyle":[],"class_list":["post-33229","product","type-product","status-publish","has-post-thumbnail","hentry","productneck-356","productcolor-392","productsupplier-rebecca-ingram","productsleeve-359","productcategory-trouwjurken","productsilhouette-389"],"acf":[],"yoast_head":"<!-- This site is optimized with the Yoast SEO plugin v27.3 - https:\/\/yoast.com\/product\/yoast-seo-wordpress\/ -->\n<title>Rebecca Ingram 66 | Koonings<\/title>\n<meta name=\"description\" content=\"La marque innovante de Rebecca Ingram est n\u00e9e des studios de cr\u00e9ation de Maggie Sottero. Elle offre \u00e0 toutes les mari\u00e9es la qualit\u00e9 et la coupe qui ont fait la r\u00e9putation de Maggie Sottero, \u00e0 un prix encore abordable. D\u00e9couvrez la beaut\u00e9 de Rebecca Ingram \u00e0 un excellent prix. Robe de mari\u00e9e grande taille chatoyante avec dentelle florale et d\u00e9collet\u00e9 en V. Des motifs sophistiqu\u00e9s de dentelle perl\u00e9e sur un tulle chatoyant et un corsage en dentelle perl\u00e9e. D\u00e9collet\u00e9 en V profond avec illusion, bretelles spaghetti perl\u00e9es et boutons recouverts sur la fermeture \u00e9clair. Ourlet parfaitement fini en crin de cheval et empi\u00e8cements de tulle illusion sur le c\u00f4t\u00e9.\" \/>\n<meta name=\"robots\" content=\"index, follow, max-snippet:-1, max-image-preview:large, max-video-preview:-1\" \/>\n<link rel=\"canonical\" href=\"https:\/\/www.koonings.com\/fr\/product\/rebecca-ingram-66-2\/\" \/>\n<meta property=\"og:locale\" content=\"fr_FR\" \/>\n<meta property=\"og:type\" content=\"article\" \/>\n<meta property=\"og:title\" content=\"Rebecca Ingram 66 | Koonings\" \/>\n<meta property=\"og:description\" content=\"La marque innovante de Rebecca Ingram est n\u00e9e des studios de cr\u00e9ation de Maggie Sottero. Elle offre \u00e0 toutes les mari\u00e9es la qualit\u00e9 et la coupe qui ont fait la r\u00e9putation de Maggie Sottero, \u00e0 un prix encore abordable. D\u00e9couvrez la beaut\u00e9 de Rebecca Ingram \u00e0 un excellent prix. Robe de mari\u00e9e grande taille chatoyante avec dentelle florale et d\u00e9collet\u00e9 en V. Des motifs sophistiqu\u00e9s de dentelle perl\u00e9e sur un tulle chatoyant et un corsage en dentelle perl\u00e9e. D\u00e9collet\u00e9 en V profond avec illusion, bretelles spaghetti perl\u00e9es et boutons recouverts sur la fermeture \u00e9clair. Ourlet parfaitement fini en crin de cheval et empi\u00e8cements de tulle illusion sur le c\u00f4t\u00e9.\" \/>\n<meta property=\"og:url\" content=\"https:\/\/www.koonings.com\/fr\/product\/rebecca-ingram-66-2\/\" \/>\n<meta property=\"og:site_name\" content=\"Koonings\" \/>\n<meta property=\"article:publisher\" content=\"https:\/\/www.facebook.com\/kooningstheweddingpalace\" \/>\n<meta property=\"article:modified_time\" content=\"2026-02-03T16:45:08+00:00\" \/>\n<meta property=\"og:image\" content=\"https:\/\/www.koonings.com\/wp-content\/uploads\/2024\/11\/37087_658de9e904aad72acb708ee249f07514d9b7fc6c659a33420ea0908333145b55b21ccf1a.jpeg\" \/>\n\t<meta property=\"og:image:width\" content=\"398\" \/>\n\t<meta property=\"og:image:height\" content=\"708\" \/>\n\t<meta property=\"og:image:type\" content=\"image\/jpeg\" \/>\n<meta name=\"twitter:card\" content=\"summary_large_image\" \/>\n<meta name=\"twitter:label1\" content=\"Dur\u00e9e de lecture estim\u00e9e\" \/>\n\t<meta name=\"twitter:data1\" content=\"1 minute\" \/>\n<script type=\"application\/ld+json\" class=\"yoast-schema-graph\">{\"@context\":\"https:\\\/\\\/schema.org\",\"@graph\":[{\"@type\":\"WebPage\",\"@id\":\"https:\\\/\\\/www.koonings.com\\\/fr\\\/product\\\/rebecca-ingram-66-2\\\/\",\"url\":\"https:\\\/\\\/www.koonings.com\\\/fr\\\/product\\\/rebecca-ingram-66-2\\\/\",\"name\":\"Rebecca Ingram 66 | Koonings\",\"isPartOf\":{\"@id\":\"https:\\\/\\\/www.koonings.com\\\/fr\\\/#website\"},\"primaryImageOfPage\":{\"@id\":\"https:\\\/\\\/www.koonings.com\\\/fr\\\/product\\\/rebecca-ingram-66-2\\\/#primaryimage\"},\"image\":{\"@id\":\"https:\\\/\\\/www.koonings.com\\\/fr\\\/product\\\/rebecca-ingram-66-2\\\/#primaryimage\"},\"thumbnailUrl\":\"https:\\\/\\\/www.koonings.com\\\/wp-content\\\/uploads\\\/2024\\\/11\\\/37087_658de9e904aad72acb708ee249f07514d9b7fc6c659a33420ea0908333145b55b21ccf1a.jpeg\",\"datePublished\":\"2025-12-14T23:08:41+00:00\",\"dateModified\":\"2026-02-03T16:45:08+00:00\",\"description\":\"La marque innovante de Rebecca Ingram est n\u00e9e des studios de cr\u00e9ation de Maggie Sottero. Elle offre \u00e0 toutes les mari\u00e9es la qualit\u00e9 et la coupe qui ont fait la r\u00e9putation de Maggie Sottero, \u00e0 un prix encore abordable. D\u00e9couvrez la beaut\u00e9 de Rebecca Ingram \u00e0 un excellent prix. Robe de mari\u00e9e grande taille chatoyante avec dentelle florale et d\u00e9collet\u00e9 en V. Des motifs sophistiqu\u00e9s de dentelle perl\u00e9e sur un tulle chatoyant et un corsage en dentelle perl\u00e9e. D\u00e9collet\u00e9 en V profond avec illusion, bretelles spaghetti perl\u00e9es et boutons recouverts sur la fermeture \u00e9clair. Ourlet parfaitement fini en crin de cheval et empi\u00e8cements de tulle illusion sur le c\u00f4t\u00e9.\",\"breadcrumb\":{\"@id\":\"https:\\\/\\\/www.koonings.com\\\/fr\\\/product\\\/rebecca-ingram-66-2\\\/#breadcrumb\"},\"inLanguage\":\"fr-FR\",\"potentialAction\":[{\"@type\":\"ReadAction\",\"target\":[\"https:\\\/\\\/www.koonings.com\\\/fr\\\/product\\\/rebecca-ingram-66-2\\\/\"]}]},{\"@type\":\"ImageObject\",\"inLanguage\":\"fr-FR\",\"@id\":\"https:\\\/\\\/www.koonings.com\\\/fr\\\/product\\\/rebecca-ingram-66-2\\\/#primaryimage\",\"url\":\"https:\\\/\\\/www.koonings.com\\\/wp-content\\\/uploads\\\/2024\\\/11\\\/37087_658de9e904aad72acb708ee249f07514d9b7fc6c659a33420ea0908333145b55b21ccf1a.jpeg\",\"contentUrl\":\"https:\\\/\\\/www.koonings.com\\\/wp-content\\\/uploads\\\/2024\\\/11\\\/37087_658de9e904aad72acb708ee249f07514d9b7fc6c659a33420ea0908333145b55b21ccf1a.jpeg\",\"width\":398,\"height\":708},{\"@type\":\"BreadcrumbList\",\"@id\":\"https:\\\/\\\/www.koonings.com\\\/fr\\\/product\\\/rebecca-ingram-66-2\\\/#breadcrumb\",\"itemListElement\":[{\"@type\":\"ListItem\",\"position\":1,\"name\":\"Home\",\"item\":\"https:\\\/\\\/www.koonings.com\\\/fr\\\/\"},{\"@type\":\"ListItem\",\"position\":2,\"name\":\"Rebecca Ingram 66\"}]},{\"@type\":\"WebSite\",\"@id\":\"https:\\\/\\\/www.koonings.com\\\/fr\\\/#website\",\"url\":\"https:\\\/\\\/www.koonings.com\\\/fr\\\/\",\"name\":\"Koonings\",\"description\":\"De grootste bruidsmodewinkel ter wereld\",\"publisher\":{\"@id\":\"https:\\\/\\\/www.koonings.com\\\/fr\\\/#organization\"},\"potentialAction\":[{\"@type\":\"SearchAction\",\"target\":{\"@type\":\"EntryPoint\",\"urlTemplate\":\"https:\\\/\\\/www.koonings.com\\\/fr\\\/?s={search_term_string}\"},\"query-input\":{\"@type\":\"PropertyValueSpecification\",\"valueRequired\":true,\"valueName\":\"search_term_string\"}}],\"inLanguage\":\"fr-FR\"},{\"@type\":\"Organization\",\"@id\":\"https:\\\/\\\/www.koonings.com\\\/fr\\\/#organization\",\"name\":\"Koonings\",\"url\":\"https:\\\/\\\/www.koonings.com\\\/fr\\\/\",\"logo\":{\"@type\":\"ImageObject\",\"inLanguage\":\"fr-FR\",\"@id\":\"https:\\\/\\\/www.koonings.com\\\/fr\\\/#\\\/schema\\\/logo\\\/image\\\/\",\"url\":\"https:\\\/\\\/www.koonings.com\\\/wp-content\\\/uploads\\\/2024\\\/07\\\/logo.png\",\"contentUrl\":\"https:\\\/\\\/www.koonings.com\\\/wp-content\\\/uploads\\\/2024\\\/07\\\/logo.png\",\"width\":600,\"height\":428,\"caption\":\"Koonings\"},\"image\":{\"@id\":\"https:\\\/\\\/www.koonings.com\\\/fr\\\/#\\\/schema\\\/logo\\\/image\\\/\"},\"sameAs\":[\"https:\\\/\\\/www.facebook.com\\\/kooningstheweddingpalace\",\"https:\\\/\\\/www.instagram.com\\\/kooningstheweddingpalace\",\"https:\\\/\\\/www.pinterest.com\\\/koonings\",\"https:\\\/\\\/www.youtube.com\\\/kooningstheweddingpalace\"]}]}<\/script>\n<!-- \/ Yoast SEO plugin. -->","yoast_head_json":{"title":"Rebecca Ingram 66 | Koonings","description":"La marque innovante de Rebecca Ingram est n\u00e9e des studios de cr\u00e9ation de Maggie Sottero. Elle offre \u00e0 toutes les mari\u00e9es la qualit\u00e9 et la coupe qui ont fait la r\u00e9putation de Maggie Sottero, \u00e0 un prix encore abordable. D\u00e9couvrez la beaut\u00e9 de Rebecca Ingram \u00e0 un excellent prix. Robe de mari\u00e9e grande taille chatoyante avec dentelle florale et d\u00e9collet\u00e9 en V. Des motifs sophistiqu\u00e9s de dentelle perl\u00e9e sur un tulle chatoyant et un corsage en dentelle perl\u00e9e. D\u00e9collet\u00e9 en V profond avec illusion, bretelles spaghetti perl\u00e9es et boutons recouverts sur la fermeture \u00e9clair. Ourlet parfaitement fini en crin de cheval et empi\u00e8cements de tulle illusion sur le c\u00f4t\u00e9.","robots":{"index":"index","follow":"follow","max-snippet":"max-snippet:-1","max-image-preview":"max-image-preview:large","max-video-preview":"max-video-preview:-1"},"canonical":"https:\/\/www.koonings.com\/fr\/product\/rebecca-ingram-66-2\/","og_locale":"fr_FR","og_type":"article","og_title":"Rebecca Ingram 66 | Koonings","og_description":"La marque innovante de Rebecca Ingram est n\u00e9e des studios de cr\u00e9ation de Maggie Sottero. Elle offre \u00e0 toutes les mari\u00e9es la qualit\u00e9 et la coupe qui ont fait la r\u00e9putation de Maggie Sottero, \u00e0 un prix encore abordable. D\u00e9couvrez la beaut\u00e9 de Rebecca Ingram \u00e0 un excellent prix. Robe de mari\u00e9e grande taille chatoyante avec dentelle florale et d\u00e9collet\u00e9 en V. Des motifs sophistiqu\u00e9s de dentelle perl\u00e9e sur un tulle chatoyant et un corsage en dentelle perl\u00e9e. D\u00e9collet\u00e9 en V profond avec illusion, bretelles spaghetti perl\u00e9es et boutons recouverts sur la fermeture \u00e9clair. Ourlet parfaitement fini en crin de cheval et empi\u00e8cements de tulle illusion sur le c\u00f4t\u00e9.","og_url":"https:\/\/www.koonings.com\/fr\/product\/rebecca-ingram-66-2\/","og_site_name":"Koonings","article_publisher":"https:\/\/www.facebook.com\/kooningstheweddingpalace","article_modified_time":"2026-02-03T16:45:08+00:00","og_image":[{"width":398,"height":708,"url":"https:\/\/www.koonings.com\/wp-content\/uploads\/2024\/11\/37087_658de9e904aad72acb708ee249f07514d9b7fc6c659a33420ea0908333145b55b21ccf1a.jpeg","type":"image\/jpeg"}],"twitter_card":"summary_large_image","twitter_misc":{"Dur\u00e9e de lecture estim\u00e9e":"1 minute"},"schema":{"@context":"https:\/\/schema.org","@graph":[{"@type":"WebPage","@id":"https:\/\/www.koonings.com\/fr\/product\/rebecca-ingram-66-2\/","url":"https:\/\/www.koonings.com\/fr\/product\/rebecca-ingram-66-2\/","name":"Rebecca Ingram 66 | Koonings","isPartOf":{"@id":"https:\/\/www.koonings.com\/fr\/#website"},"primaryImageOfPage":{"@id":"https:\/\/www.koonings.com\/fr\/product\/rebecca-ingram-66-2\/#primaryimage"},"image":{"@id":"https:\/\/www.koonings.com\/fr\/product\/rebecca-ingram-66-2\/#primaryimage"},"thumbnailUrl":"https:\/\/www.koonings.com\/wp-content\/uploads\/2024\/11\/37087_658de9e904aad72acb708ee249f07514d9b7fc6c659a33420ea0908333145b55b21ccf1a.jpeg","datePublished":"2025-12-14T23:08:41+00:00","dateModified":"2026-02-03T16:45:08+00:00","description":"La marque innovante de Rebecca Ingram est n\u00e9e des studios de cr\u00e9ation de Maggie Sottero. Elle offre \u00e0 toutes les mari\u00e9es la qualit\u00e9 et la coupe qui ont fait la r\u00e9putation de Maggie Sottero, \u00e0 un prix encore abordable. D\u00e9couvrez la beaut\u00e9 de Rebecca Ingram \u00e0 un excellent prix. Robe de mari\u00e9e grande taille chatoyante avec dentelle florale et d\u00e9collet\u00e9 en V. Des motifs sophistiqu\u00e9s de dentelle perl\u00e9e sur un tulle chatoyant et un corsage en dentelle perl\u00e9e. D\u00e9collet\u00e9 en V profond avec illusion, bretelles spaghetti perl\u00e9es et boutons recouverts sur la fermeture \u00e9clair. Ourlet parfaitement fini en crin de cheval et empi\u00e8cements de tulle illusion sur le c\u00f4t\u00e9.","breadcrumb":{"@id":"https:\/\/www.koonings.com\/fr\/product\/rebecca-ingram-66-2\/#breadcrumb"},"inLanguage":"fr-FR","potentialAction":[{"@type":"ReadAction","target":["https:\/\/www.koonings.com\/fr\/product\/rebecca-ingram-66-2\/"]}]},{"@type":"ImageObject","inLanguage":"fr-FR","@id":"https:\/\/www.koonings.com\/fr\/product\/rebecca-ingram-66-2\/#primaryimage","url":"https:\/\/www.koonings.com\/wp-content\/uploads\/2024\/11\/37087_658de9e904aad72acb708ee249f07514d9b7fc6c659a33420ea0908333145b55b21ccf1a.jpeg","contentUrl":"https:\/\/www.koonings.com\/wp-content\/uploads\/2024\/11\/37087_658de9e904aad72acb708ee249f07514d9b7fc6c659a33420ea0908333145b55b21ccf1a.jpeg","width":398,"height":708},{"@type":"BreadcrumbList","@id":"https:\/\/www.koonings.com\/fr\/product\/rebecca-ingram-66-2\/#breadcrumb","itemListElement":[{"@type":"ListItem","position":1,"name":"Home","item":"https:\/\/www.koonings.com\/fr\/"},{"@type":"ListItem","position":2,"name":"Rebecca Ingram 66"}]},{"@type":"WebSite","@id":"https:\/\/www.koonings.com\/fr\/#website","url":"https:\/\/www.koonings.com\/fr\/","name":"Koonings","description":"De grootste bruidsmodewinkel ter wereld","publisher":{"@id":"https:\/\/www.koonings.com\/fr\/#organization"},"potentialAction":[{"@type":"SearchAction","target":{"@type":"EntryPoint","urlTemplate":"https:\/\/www.koonings.com\/fr\/?s={search_term_string}"},"query-input":{"@type":"PropertyValueSpecification","valueRequired":true,"valueName":"search_term_string"}}],"inLanguage":"fr-FR"},{"@type":"Organization","@id":"https:\/\/www.koonings.com\/fr\/#organization","name":"Koonings","url":"https:\/\/www.koonings.com\/fr\/","logo":{"@type":"ImageObject","inLanguage":"fr-FR","@id":"https:\/\/www.koonings.com\/fr\/#\/schema\/logo\/image\/","url":"https:\/\/www.koonings.com\/wp-content\/uploads\/2024\/07\/logo.png","contentUrl":"https:\/\/www.koonings.com\/wp-content\/uploads\/2024\/07\/logo.png","width":600,"height":428,"caption":"Koonings"},"image":{"@id":"https:\/\/www.koonings.com\/fr\/#\/schema\/logo\/image\/"},"sameAs":["https:\/\/www.facebook.com\/kooningstheweddingpalace","https:\/\/www.instagram.com\/kooningstheweddingpalace","https:\/\/www.pinterest.com\/koonings","https:\/\/www.youtube.com\/kooningstheweddingpalace"]}]}},"_links":{"self":[{"href":"https:\/\/www.koonings.com\/fr\/wp-json\/wp\/v2\/product\/33229","targetHints":{"allow":["GET"]}}],"collection":[{"href":"https:\/\/www.koonings.com\/fr\/wp-json\/wp\/v2\/product"}],"about":[{"href":"https:\/\/www.koonings.com\/fr\/wp-json\/wp\/v2\/types\/product"}],"wp:featuredmedia":[{"embeddable":true,"href":"https:\/\/www.koonings.com\/fr\/wp-json\/wp\/v2\/media\/28428"}],"wp:attachment":[{"href":"https:\/\/www.koonings.com\/fr\/wp-json\/wp\/v2\/media?parent=33229"}],"wp:term":[{"taxonomy":"productdetails","embeddable":true,"href":"https:\/\/www.koonings.com\/fr\/wp-json\/wp\/v2\/productdetails?post=33229"},{"taxonomy":"productneck","embeddable":true,"href":"https:\/\/www.koonings.com\/fr\/wp-json\/wp\/v2\/productneck?post=33229"},{"taxonomy":"productcolor","embeddable":true,"href":"https:\/\/www.koonings.com\/fr\/wp-json\/wp\/v2\/productcolor?post=33229"},{"taxonomy":"maat","embeddable":true,"href":"https:\/\/www.koonings.com\/fr\/wp-json\/wp\/v2\/maat?post=33229"},{"taxonomy":"productsupplier","embeddable":true,"href":"https:\/\/www.koonings.com\/fr\/wp-json\/wp\/v2\/productsupplier?post=33229"},{"taxonomy":"productsleeve","embeddable":true,"href":"https:\/\/www.koonings.com\/fr\/wp-json\/wp\/v2\/productsleeve?post=33229"},{"taxonomy":"productcategory","embeddable":true,"href":"https:\/\/www.koonings.com\/fr\/wp-json\/wp\/v2\/productcategory?post=33229"},{"taxonomy":"productsilhouette","embeddable":true,"href":"https:\/\/www.koonings.com\/fr\/wp-json\/wp\/v2\/productsilhouette?post=33229"},{"taxonomy":"productstyle","embeddable":true,"href":"https:\/\/www.koonings.com\/fr\/wp-json\/wp\/v2\/productstyle?post=33229"}],"curies":[{"name":"wp","href":"https:\/\/api.w.org\/{rel}","templated":true}]}}