{"id":33129,"date":"2026-05-06T15:08:01","date_gmt":"2026-05-06T13:08:01","guid":{"rendered":"https:\/\/www.koonings.com\/product\/pronovias-fashion-group-lyra-pr123cw2\/"},"modified":"2026-02-16T14:23:06","modified_gmt":"2026-02-16T13:23:06","slug":"pronovias-fashion-group-lyra-pr123cw2","status":"publish","type":"product","link":"https:\/\/www.koonings.com\/fr\/product\/pronovias-fashion-group-lyra-pr123cw2\/","title":{"rendered":"Pronovias Fashion Group Lyra PR123CW2"},"content":{"rendered":"<p>Cette robe de mari\u00e9e \u00e9poustouflante allie la dentelle \u00e0 une silhouette de sir\u00e8ne glamour. D\u00e9taill\u00e9e avec un dos illusion, des perles d\u00e9licates autour de l&#8217;encolure et de magnifiques bords festonn\u00e9s sur la tra\u00eene. <\/p>\n","protected":false},"featured_media":28834,"template":"","meta":{"_acf_changed":false,"ghostkit_customizer_options":"","ghostkit_custom_css":"","ghostkit_custom_js_head":"","ghostkit_custom_js_foot":"","ghostkit_typography":""},"productdetails":[],"productneck":[356],"productcolor":[392],"maat":[],"productsupplier":[430],"productsleeve":[359],"productcategory":[18],"productsilhouette":[387,390],"productstyle":[366],"class_list":["post-33129","product","type-product","status-publish","has-post-thumbnail","hentry","productneck-356","productcolor-392","productsupplier-pronovias-fashion-group","productsleeve-359","productcategory-trouwjurken","productsilhouette-387","productsilhouette-390","productstyle-366"],"acf":[],"yoast_head":"<!-- This site is optimized with the Yoast SEO plugin v27.3 - https:\/\/yoast.com\/product\/yoast-seo-wordpress\/ -->\n<title>Pronovias Fashion Group Lyra PR123CW2 | Koonings<\/title>\n<meta name=\"description\" content=\"Cette robe de mari\u00e9e \u00e9poustouflante allie la dentelle \u00e0 une silhouette de sir\u00e8ne glamour. D\u00e9taill\u00e9e avec un dos illusion, des perles d\u00e9licates autour de l&#039;encolure et de magnifiques bords festonn\u00e9s sur la tra\u00eene.\" \/>\n<meta name=\"robots\" content=\"index, follow, max-snippet:-1, max-image-preview:large, max-video-preview:-1\" \/>\n<link rel=\"canonical\" href=\"https:\/\/www.koonings.com\/fr\/product\/pronovias-fashion-group-lyra-pr123cw2\/\" \/>\n<meta property=\"og:locale\" content=\"fr_FR\" \/>\n<meta property=\"og:type\" content=\"article\" \/>\n<meta property=\"og:title\" content=\"Pronovias Fashion Group Lyra PR123CW2 | Koonings\" \/>\n<meta property=\"og:description\" content=\"Cette robe de mari\u00e9e \u00e9poustouflante allie la dentelle \u00e0 une silhouette de sir\u00e8ne glamour. D\u00e9taill\u00e9e avec un dos illusion, des perles d\u00e9licates autour de l&#039;encolure et de magnifiques bords festonn\u00e9s sur la tra\u00eene.\" \/>\n<meta property=\"og:url\" content=\"https:\/\/www.koonings.com\/fr\/product\/pronovias-fashion-group-lyra-pr123cw2\/\" \/>\n<meta property=\"og:site_name\" content=\"Koonings\" \/>\n<meta property=\"article:publisher\" content=\"https:\/\/www.facebook.com\/kooningstheweddingpalace\" \/>\n<meta property=\"og:image\" content=\"https:\/\/www.koonings.com\/wp-content\/uploads\/2024\/11\/37183_71a3cde3109d48a981dd55e905333deded956f6341cc87689f1b658dca563395a76d2a1a-scaled.jpeg\" \/>\n\t<meta property=\"og:image:width\" content=\"1810\" \/>\n\t<meta property=\"og:image:height\" content=\"2560\" \/>\n\t<meta property=\"og:image:type\" content=\"image\/jpeg\" \/>\n<meta name=\"twitter:card\" content=\"summary_large_image\" \/>\n<script type=\"application\/ld+json\" class=\"yoast-schema-graph\">{\"@context\":\"https:\\\/\\\/schema.org\",\"@graph\":[{\"@type\":\"WebPage\",\"@id\":\"https:\\\/\\\/www.koonings.com\\\/fr\\\/product\\\/pronovias-fashion-group-lyra-pr123cw2\\\/\",\"url\":\"https:\\\/\\\/www.koonings.com\\\/fr\\\/product\\\/pronovias-fashion-group-lyra-pr123cw2\\\/\",\"name\":\"Pronovias Fashion Group Lyra PR123CW2 | Koonings\",\"isPartOf\":{\"@id\":\"https:\\\/\\\/www.koonings.com\\\/fr\\\/#website\"},\"primaryImageOfPage\":{\"@id\":\"https:\\\/\\\/www.koonings.com\\\/fr\\\/product\\\/pronovias-fashion-group-lyra-pr123cw2\\\/#primaryimage\"},\"image\":{\"@id\":\"https:\\\/\\\/www.koonings.com\\\/fr\\\/product\\\/pronovias-fashion-group-lyra-pr123cw2\\\/#primaryimage\"},\"thumbnailUrl\":\"https:\\\/\\\/www.koonings.com\\\/wp-content\\\/uploads\\\/2024\\\/11\\\/37183_71a3cde3109d48a981dd55e905333deded956f6341cc87689f1b658dca563395a76d2a1a-scaled.jpeg\",\"datePublished\":\"2026-05-06T13:08:01+00:00\",\"description\":\"Cette robe de mari\u00e9e \u00e9poustouflante allie la dentelle \u00e0 une silhouette de sir\u00e8ne glamour. D\u00e9taill\u00e9e avec un dos illusion, des perles d\u00e9licates autour de l'encolure et de magnifiques bords festonn\u00e9s sur la tra\u00eene.\",\"breadcrumb\":{\"@id\":\"https:\\\/\\\/www.koonings.com\\\/fr\\\/product\\\/pronovias-fashion-group-lyra-pr123cw2\\\/#breadcrumb\"},\"inLanguage\":\"fr-FR\",\"potentialAction\":[{\"@type\":\"ReadAction\",\"target\":[\"https:\\\/\\\/www.koonings.com\\\/fr\\\/product\\\/pronovias-fashion-group-lyra-pr123cw2\\\/\"]}]},{\"@type\":\"ImageObject\",\"inLanguage\":\"fr-FR\",\"@id\":\"https:\\\/\\\/www.koonings.com\\\/fr\\\/product\\\/pronovias-fashion-group-lyra-pr123cw2\\\/#primaryimage\",\"url\":\"https:\\\/\\\/www.koonings.com\\\/wp-content\\\/uploads\\\/2024\\\/11\\\/37183_71a3cde3109d48a981dd55e905333deded956f6341cc87689f1b658dca563395a76d2a1a-scaled.jpeg\",\"contentUrl\":\"https:\\\/\\\/www.koonings.com\\\/wp-content\\\/uploads\\\/2024\\\/11\\\/37183_71a3cde3109d48a981dd55e905333deded956f6341cc87689f1b658dca563395a76d2a1a-scaled.jpeg\",\"width\":1810,\"height\":2560},{\"@type\":\"BreadcrumbList\",\"@id\":\"https:\\\/\\\/www.koonings.com\\\/fr\\\/product\\\/pronovias-fashion-group-lyra-pr123cw2\\\/#breadcrumb\",\"itemListElement\":[{\"@type\":\"ListItem\",\"position\":1,\"name\":\"Home\",\"item\":\"https:\\\/\\\/www.koonings.com\\\/fr\\\/\"},{\"@type\":\"ListItem\",\"position\":2,\"name\":\"Pronovias Fashion Group Lyra PR123CW2\"}]},{\"@type\":\"WebSite\",\"@id\":\"https:\\\/\\\/www.koonings.com\\\/fr\\\/#website\",\"url\":\"https:\\\/\\\/www.koonings.com\\\/fr\\\/\",\"name\":\"Koonings\",\"description\":\"De grootste bruidsmodewinkel ter wereld\",\"publisher\":{\"@id\":\"https:\\\/\\\/www.koonings.com\\\/fr\\\/#organization\"},\"potentialAction\":[{\"@type\":\"SearchAction\",\"target\":{\"@type\":\"EntryPoint\",\"urlTemplate\":\"https:\\\/\\\/www.koonings.com\\\/fr\\\/?s={search_term_string}\"},\"query-input\":{\"@type\":\"PropertyValueSpecification\",\"valueRequired\":true,\"valueName\":\"search_term_string\"}}],\"inLanguage\":\"fr-FR\"},{\"@type\":\"Organization\",\"@id\":\"https:\\\/\\\/www.koonings.com\\\/fr\\\/#organization\",\"name\":\"Koonings\",\"url\":\"https:\\\/\\\/www.koonings.com\\\/fr\\\/\",\"logo\":{\"@type\":\"ImageObject\",\"inLanguage\":\"fr-FR\",\"@id\":\"https:\\\/\\\/www.koonings.com\\\/fr\\\/#\\\/schema\\\/logo\\\/image\\\/\",\"url\":\"https:\\\/\\\/www.koonings.com\\\/wp-content\\\/uploads\\\/2024\\\/07\\\/logo.png\",\"contentUrl\":\"https:\\\/\\\/www.koonings.com\\\/wp-content\\\/uploads\\\/2024\\\/07\\\/logo.png\",\"width\":600,\"height\":428,\"caption\":\"Koonings\"},\"image\":{\"@id\":\"https:\\\/\\\/www.koonings.com\\\/fr\\\/#\\\/schema\\\/logo\\\/image\\\/\"},\"sameAs\":[\"https:\\\/\\\/www.facebook.com\\\/kooningstheweddingpalace\",\"https:\\\/\\\/www.instagram.com\\\/kooningstheweddingpalace\",\"https:\\\/\\\/www.pinterest.com\\\/koonings\",\"https:\\\/\\\/www.youtube.com\\\/kooningstheweddingpalace\"]}]}<\/script>\n<!-- \/ Yoast SEO plugin. -->","yoast_head_json":{"title":"Pronovias Fashion Group Lyra PR123CW2 | Koonings","description":"Cette robe de mari\u00e9e \u00e9poustouflante allie la dentelle \u00e0 une silhouette de sir\u00e8ne glamour. D\u00e9taill\u00e9e avec un dos illusion, des perles d\u00e9licates autour de l'encolure et de magnifiques bords festonn\u00e9s sur la tra\u00eene.","robots":{"index":"index","follow":"follow","max-snippet":"max-snippet:-1","max-image-preview":"max-image-preview:large","max-video-preview":"max-video-preview:-1"},"canonical":"https:\/\/www.koonings.com\/fr\/product\/pronovias-fashion-group-lyra-pr123cw2\/","og_locale":"fr_FR","og_type":"article","og_title":"Pronovias Fashion Group Lyra PR123CW2 | Koonings","og_description":"Cette robe de mari\u00e9e \u00e9poustouflante allie la dentelle \u00e0 une silhouette de sir\u00e8ne glamour. D\u00e9taill\u00e9e avec un dos illusion, des perles d\u00e9licates autour de l'encolure et de magnifiques bords festonn\u00e9s sur la tra\u00eene.","og_url":"https:\/\/www.koonings.com\/fr\/product\/pronovias-fashion-group-lyra-pr123cw2\/","og_site_name":"Koonings","article_publisher":"https:\/\/www.facebook.com\/kooningstheweddingpalace","og_image":[{"width":1810,"height":2560,"url":"https:\/\/www.koonings.com\/wp-content\/uploads\/2024\/11\/37183_71a3cde3109d48a981dd55e905333deded956f6341cc87689f1b658dca563395a76d2a1a-scaled.jpeg","type":"image\/jpeg"}],"twitter_card":"summary_large_image","schema":{"@context":"https:\/\/schema.org","@graph":[{"@type":"WebPage","@id":"https:\/\/www.koonings.com\/fr\/product\/pronovias-fashion-group-lyra-pr123cw2\/","url":"https:\/\/www.koonings.com\/fr\/product\/pronovias-fashion-group-lyra-pr123cw2\/","name":"Pronovias Fashion Group Lyra PR123CW2 | Koonings","isPartOf":{"@id":"https:\/\/www.koonings.com\/fr\/#website"},"primaryImageOfPage":{"@id":"https:\/\/www.koonings.com\/fr\/product\/pronovias-fashion-group-lyra-pr123cw2\/#primaryimage"},"image":{"@id":"https:\/\/www.koonings.com\/fr\/product\/pronovias-fashion-group-lyra-pr123cw2\/#primaryimage"},"thumbnailUrl":"https:\/\/www.koonings.com\/wp-content\/uploads\/2024\/11\/37183_71a3cde3109d48a981dd55e905333deded956f6341cc87689f1b658dca563395a76d2a1a-scaled.jpeg","datePublished":"2026-05-06T13:08:01+00:00","description":"Cette robe de mari\u00e9e \u00e9poustouflante allie la dentelle \u00e0 une silhouette de sir\u00e8ne glamour. D\u00e9taill\u00e9e avec un dos illusion, des perles d\u00e9licates autour de l'encolure et de magnifiques bords festonn\u00e9s sur la tra\u00eene.","breadcrumb":{"@id":"https:\/\/www.koonings.com\/fr\/product\/pronovias-fashion-group-lyra-pr123cw2\/#breadcrumb"},"inLanguage":"fr-FR","potentialAction":[{"@type":"ReadAction","target":["https:\/\/www.koonings.com\/fr\/product\/pronovias-fashion-group-lyra-pr123cw2\/"]}]},{"@type":"ImageObject","inLanguage":"fr-FR","@id":"https:\/\/www.koonings.com\/fr\/product\/pronovias-fashion-group-lyra-pr123cw2\/#primaryimage","url":"https:\/\/www.koonings.com\/wp-content\/uploads\/2024\/11\/37183_71a3cde3109d48a981dd55e905333deded956f6341cc87689f1b658dca563395a76d2a1a-scaled.jpeg","contentUrl":"https:\/\/www.koonings.com\/wp-content\/uploads\/2024\/11\/37183_71a3cde3109d48a981dd55e905333deded956f6341cc87689f1b658dca563395a76d2a1a-scaled.jpeg","width":1810,"height":2560},{"@type":"BreadcrumbList","@id":"https:\/\/www.koonings.com\/fr\/product\/pronovias-fashion-group-lyra-pr123cw2\/#breadcrumb","itemListElement":[{"@type":"ListItem","position":1,"name":"Home","item":"https:\/\/www.koonings.com\/fr\/"},{"@type":"ListItem","position":2,"name":"Pronovias Fashion Group Lyra PR123CW2"}]},{"@type":"WebSite","@id":"https:\/\/www.koonings.com\/fr\/#website","url":"https:\/\/www.koonings.com\/fr\/","name":"Koonings","description":"De grootste bruidsmodewinkel ter wereld","publisher":{"@id":"https:\/\/www.koonings.com\/fr\/#organization"},"potentialAction":[{"@type":"SearchAction","target":{"@type":"EntryPoint","urlTemplate":"https:\/\/www.koonings.com\/fr\/?s={search_term_string}"},"query-input":{"@type":"PropertyValueSpecification","valueRequired":true,"valueName":"search_term_string"}}],"inLanguage":"fr-FR"},{"@type":"Organization","@id":"https:\/\/www.koonings.com\/fr\/#organization","name":"Koonings","url":"https:\/\/www.koonings.com\/fr\/","logo":{"@type":"ImageObject","inLanguage":"fr-FR","@id":"https:\/\/www.koonings.com\/fr\/#\/schema\/logo\/image\/","url":"https:\/\/www.koonings.com\/wp-content\/uploads\/2024\/07\/logo.png","contentUrl":"https:\/\/www.koonings.com\/wp-content\/uploads\/2024\/07\/logo.png","width":600,"height":428,"caption":"Koonings"},"image":{"@id":"https:\/\/www.koonings.com\/fr\/#\/schema\/logo\/image\/"},"sameAs":["https:\/\/www.facebook.com\/kooningstheweddingpalace","https:\/\/www.instagram.com\/kooningstheweddingpalace","https:\/\/www.pinterest.com\/koonings","https:\/\/www.youtube.com\/kooningstheweddingpalace"]}]}},"_links":{"self":[{"href":"https:\/\/www.koonings.com\/fr\/wp-json\/wp\/v2\/product\/33129","targetHints":{"allow":["GET"]}}],"collection":[{"href":"https:\/\/www.koonings.com\/fr\/wp-json\/wp\/v2\/product"}],"about":[{"href":"https:\/\/www.koonings.com\/fr\/wp-json\/wp\/v2\/types\/product"}],"wp:featuredmedia":[{"embeddable":true,"href":"https:\/\/www.koonings.com\/fr\/wp-json\/wp\/v2\/media\/28834"}],"wp:attachment":[{"href":"https:\/\/www.koonings.com\/fr\/wp-json\/wp\/v2\/media?parent=33129"}],"wp:term":[{"taxonomy":"productdetails","embeddable":true,"href":"https:\/\/www.koonings.com\/fr\/wp-json\/wp\/v2\/productdetails?post=33129"},{"taxonomy":"productneck","embeddable":true,"href":"https:\/\/www.koonings.com\/fr\/wp-json\/wp\/v2\/productneck?post=33129"},{"taxonomy":"productcolor","embeddable":true,"href":"https:\/\/www.koonings.com\/fr\/wp-json\/wp\/v2\/productcolor?post=33129"},{"taxonomy":"maat","embeddable":true,"href":"https:\/\/www.koonings.com\/fr\/wp-json\/wp\/v2\/maat?post=33129"},{"taxonomy":"productsupplier","embeddable":true,"href":"https:\/\/www.koonings.com\/fr\/wp-json\/wp\/v2\/productsupplier?post=33129"},{"taxonomy":"productsleeve","embeddable":true,"href":"https:\/\/www.koonings.com\/fr\/wp-json\/wp\/v2\/productsleeve?post=33129"},{"taxonomy":"productcategory","embeddable":true,"href":"https:\/\/www.koonings.com\/fr\/wp-json\/wp\/v2\/productcategory?post=33129"},{"taxonomy":"productsilhouette","embeddable":true,"href":"https:\/\/www.koonings.com\/fr\/wp-json\/wp\/v2\/productsilhouette?post=33129"},{"taxonomy":"productstyle","embeddable":true,"href":"https:\/\/www.koonings.com\/fr\/wp-json\/wp\/v2\/productstyle?post=33129"}],"curies":[{"name":"wp","href":"https:\/\/api.w.org\/{rel}","templated":true}]}}