{"id":33023,"date":"2026-05-06T15:06:14","date_gmt":"2026-05-06T13:06:14","guid":{"rendered":"https:\/\/www.koonings.com\/product\/julia-kontogruni-jk-couture-27\/"},"modified":"2026-02-16T11:25:53","modified_gmt":"2026-02-16T10:25:53","slug":"julia-kontogruni-jk-couture-27","status":"publish","type":"product","link":"https:\/\/www.koonings.com\/fr\/product\/julia-kontogruni-jk-couture-27\/","title":{"rendered":"Julia Kontogruni JK couture 27"},"content":{"rendered":"<p>Cette robe de bal ivoire de Julia Kontogruni est une v\u00e9ritable robe de couture. Elle se compose d&#8217;un magnifique haut ajust\u00e9 \u00e0 manches longues. \u00c0 partir de la taille, la jupe s&#8217;\u00e9vase largement et se termine par une longue tra\u00eene. En outre, toute la robe est parfaitement travaill\u00e9e avec de la dentelle et des perles, tous les d\u00e9tails sont finis \u00e0 la perfection. Vous ferez une entr\u00e9e tr\u00e8s sp\u00e9ciale avec cette robe de mari\u00e9e.    <\/p>\n","protected":false},"featured_media":26775,"template":"","meta":{"_acf_changed":false,"ghostkit_customizer_options":"","ghostkit_custom_css":"","ghostkit_custom_js_head":"","ghostkit_custom_js_foot":"","ghostkit_typography":""},"productdetails":[],"productneck":[351,356],"productcolor":[392],"maat":[],"productsupplier":[409],"productsleeve":[362],"productcategory":[18],"productsilhouette":[388],"productstyle":[367,366],"class_list":["post-33023","product","type-product","status-publish","has-post-thumbnail","hentry","productneck-351","productneck-356","productcolor-392","productsupplier-julia-kontogruni","productsleeve-362","productcategory-trouwjurken","productsilhouette-388","productstyle-367","productstyle-366"],"acf":[],"yoast_head":"<!-- This site is optimized with the Yoast SEO plugin v27.3 - https:\/\/yoast.com\/product\/yoast-seo-wordpress\/ -->\n<title>Julia Kontogruni JK couture 27 | Koonings<\/title>\n<meta name=\"description\" content=\"Cette robe de bal ivoire de Julia Kontogruni est une v\u00e9ritable robe de couture. Elle se compose d&#039;un magnifique haut ajust\u00e9 \u00e0 manches longues. \u00c0 partir de la taille, la jupe s&#039;\u00e9vase largement et se termine par une longue tra\u00eene. En outre, toute la robe est parfaitement travaill\u00e9e avec de la dentelle et des perles, tous les d\u00e9tails sont finis \u00e0 la perfection. Vous ferez une entr\u00e9e tr\u00e8s sp\u00e9ciale avec cette robe de mari\u00e9e.\" \/>\n<meta name=\"robots\" content=\"index, follow, max-snippet:-1, max-image-preview:large, max-video-preview:-1\" \/>\n<link rel=\"canonical\" href=\"https:\/\/www.koonings.com\/fr\/product\/julia-kontogruni-jk-couture-27\/\" \/>\n<meta property=\"og:locale\" content=\"fr_FR\" \/>\n<meta property=\"og:type\" content=\"article\" \/>\n<meta property=\"og:title\" content=\"Julia Kontogruni JK couture 27 | Koonings\" \/>\n<meta property=\"og:description\" content=\"Cette robe de bal ivoire de Julia Kontogruni est une v\u00e9ritable robe de couture. Elle se compose d&#039;un magnifique haut ajust\u00e9 \u00e0 manches longues. \u00c0 partir de la taille, la jupe s&#039;\u00e9vase largement et se termine par une longue tra\u00eene. En outre, toute la robe est parfaitement travaill\u00e9e avec de la dentelle et des perles, tous les d\u00e9tails sont finis \u00e0 la perfection. Vous ferez une entr\u00e9e tr\u00e8s sp\u00e9ciale avec cette robe de mari\u00e9e.\" \/>\n<meta property=\"og:url\" content=\"https:\/\/www.koonings.com\/fr\/product\/julia-kontogruni-jk-couture-27\/\" \/>\n<meta property=\"og:site_name\" content=\"Koonings\" \/>\n<meta property=\"article:publisher\" content=\"https:\/\/www.facebook.com\/kooningstheweddingpalace\" \/>\n<meta property=\"og:image\" content=\"https:\/\/www.koonings.com\/wp-content\/uploads\/2024\/11\/28340_b314a4de9d96d1fab98b49e16dfab890a2f7ea133e5126eddb5d45d7897815badeaa4ac2.jpeg\" \/>\n\t<meta property=\"og:image:width\" content=\"647\" \/>\n\t<meta property=\"og:image:height\" content=\"914\" \/>\n\t<meta property=\"og:image:type\" content=\"image\/jpeg\" \/>\n<meta name=\"twitter:card\" content=\"summary_large_image\" \/>\n<script type=\"application\/ld+json\" class=\"yoast-schema-graph\">{\"@context\":\"https:\\\/\\\/schema.org\",\"@graph\":[{\"@type\":\"WebPage\",\"@id\":\"https:\\\/\\\/www.koonings.com\\\/fr\\\/product\\\/julia-kontogruni-jk-couture-27\\\/\",\"url\":\"https:\\\/\\\/www.koonings.com\\\/fr\\\/product\\\/julia-kontogruni-jk-couture-27\\\/\",\"name\":\"Julia Kontogruni JK couture 27 | Koonings\",\"isPartOf\":{\"@id\":\"https:\\\/\\\/www.koonings.com\\\/fr\\\/#website\"},\"primaryImageOfPage\":{\"@id\":\"https:\\\/\\\/www.koonings.com\\\/fr\\\/product\\\/julia-kontogruni-jk-couture-27\\\/#primaryimage\"},\"image\":{\"@id\":\"https:\\\/\\\/www.koonings.com\\\/fr\\\/product\\\/julia-kontogruni-jk-couture-27\\\/#primaryimage\"},\"thumbnailUrl\":\"https:\\\/\\\/www.koonings.com\\\/wp-content\\\/uploads\\\/2024\\\/11\\\/28340_b314a4de9d96d1fab98b49e16dfab890a2f7ea133e5126eddb5d45d7897815badeaa4ac2.jpeg\",\"datePublished\":\"2026-05-06T13:06:14+00:00\",\"description\":\"Cette robe de bal ivoire de Julia Kontogruni est une v\u00e9ritable robe de couture. Elle se compose d'un magnifique haut ajust\u00e9 \u00e0 manches longues. \u00c0 partir de la taille, la jupe s'\u00e9vase largement et se termine par une longue tra\u00eene. En outre, toute la robe est parfaitement travaill\u00e9e avec de la dentelle et des perles, tous les d\u00e9tails sont finis \u00e0 la perfection. Vous ferez une entr\u00e9e tr\u00e8s sp\u00e9ciale avec cette robe de mari\u00e9e.\",\"breadcrumb\":{\"@id\":\"https:\\\/\\\/www.koonings.com\\\/fr\\\/product\\\/julia-kontogruni-jk-couture-27\\\/#breadcrumb\"},\"inLanguage\":\"fr-FR\",\"potentialAction\":[{\"@type\":\"ReadAction\",\"target\":[\"https:\\\/\\\/www.koonings.com\\\/fr\\\/product\\\/julia-kontogruni-jk-couture-27\\\/\"]}]},{\"@type\":\"ImageObject\",\"inLanguage\":\"fr-FR\",\"@id\":\"https:\\\/\\\/www.koonings.com\\\/fr\\\/product\\\/julia-kontogruni-jk-couture-27\\\/#primaryimage\",\"url\":\"https:\\\/\\\/www.koonings.com\\\/wp-content\\\/uploads\\\/2024\\\/11\\\/28340_b314a4de9d96d1fab98b49e16dfab890a2f7ea133e5126eddb5d45d7897815badeaa4ac2.jpeg\",\"contentUrl\":\"https:\\\/\\\/www.koonings.com\\\/wp-content\\\/uploads\\\/2024\\\/11\\\/28340_b314a4de9d96d1fab98b49e16dfab890a2f7ea133e5126eddb5d45d7897815badeaa4ac2.jpeg\",\"width\":647,\"height\":914},{\"@type\":\"BreadcrumbList\",\"@id\":\"https:\\\/\\\/www.koonings.com\\\/fr\\\/product\\\/julia-kontogruni-jk-couture-27\\\/#breadcrumb\",\"itemListElement\":[{\"@type\":\"ListItem\",\"position\":1,\"name\":\"Home\",\"item\":\"https:\\\/\\\/www.koonings.com\\\/fr\\\/\"},{\"@type\":\"ListItem\",\"position\":2,\"name\":\"Julia Kontogruni JK couture 27\"}]},{\"@type\":\"WebSite\",\"@id\":\"https:\\\/\\\/www.koonings.com\\\/fr\\\/#website\",\"url\":\"https:\\\/\\\/www.koonings.com\\\/fr\\\/\",\"name\":\"Koonings\",\"description\":\"De grootste bruidsmodewinkel ter wereld\",\"publisher\":{\"@id\":\"https:\\\/\\\/www.koonings.com\\\/fr\\\/#organization\"},\"potentialAction\":[{\"@type\":\"SearchAction\",\"target\":{\"@type\":\"EntryPoint\",\"urlTemplate\":\"https:\\\/\\\/www.koonings.com\\\/fr\\\/?s={search_term_string}\"},\"query-input\":{\"@type\":\"PropertyValueSpecification\",\"valueRequired\":true,\"valueName\":\"search_term_string\"}}],\"inLanguage\":\"fr-FR\"},{\"@type\":\"Organization\",\"@id\":\"https:\\\/\\\/www.koonings.com\\\/fr\\\/#organization\",\"name\":\"Koonings\",\"url\":\"https:\\\/\\\/www.koonings.com\\\/fr\\\/\",\"logo\":{\"@type\":\"ImageObject\",\"inLanguage\":\"fr-FR\",\"@id\":\"https:\\\/\\\/www.koonings.com\\\/fr\\\/#\\\/schema\\\/logo\\\/image\\\/\",\"url\":\"https:\\\/\\\/www.koonings.com\\\/wp-content\\\/uploads\\\/2024\\\/07\\\/logo.png\",\"contentUrl\":\"https:\\\/\\\/www.koonings.com\\\/wp-content\\\/uploads\\\/2024\\\/07\\\/logo.png\",\"width\":600,\"height\":428,\"caption\":\"Koonings\"},\"image\":{\"@id\":\"https:\\\/\\\/www.koonings.com\\\/fr\\\/#\\\/schema\\\/logo\\\/image\\\/\"},\"sameAs\":[\"https:\\\/\\\/www.facebook.com\\\/kooningstheweddingpalace\",\"https:\\\/\\\/www.instagram.com\\\/kooningstheweddingpalace\",\"https:\\\/\\\/www.pinterest.com\\\/koonings\",\"https:\\\/\\\/www.youtube.com\\\/kooningstheweddingpalace\"]}]}<\/script>\n<!-- \/ Yoast SEO plugin. -->","yoast_head_json":{"title":"Julia Kontogruni JK couture 27 | Koonings","description":"Cette robe de bal ivoire de Julia Kontogruni est une v\u00e9ritable robe de couture. Elle se compose d'un magnifique haut ajust\u00e9 \u00e0 manches longues. \u00c0 partir de la taille, la jupe s'\u00e9vase largement et se termine par une longue tra\u00eene. En outre, toute la robe est parfaitement travaill\u00e9e avec de la dentelle et des perles, tous les d\u00e9tails sont finis \u00e0 la perfection. Vous ferez une entr\u00e9e tr\u00e8s sp\u00e9ciale avec cette robe de mari\u00e9e.","robots":{"index":"index","follow":"follow","max-snippet":"max-snippet:-1","max-image-preview":"max-image-preview:large","max-video-preview":"max-video-preview:-1"},"canonical":"https:\/\/www.koonings.com\/fr\/product\/julia-kontogruni-jk-couture-27\/","og_locale":"fr_FR","og_type":"article","og_title":"Julia Kontogruni JK couture 27 | Koonings","og_description":"Cette robe de bal ivoire de Julia Kontogruni est une v\u00e9ritable robe de couture. Elle se compose d'un magnifique haut ajust\u00e9 \u00e0 manches longues. \u00c0 partir de la taille, la jupe s'\u00e9vase largement et se termine par une longue tra\u00eene. En outre, toute la robe est parfaitement travaill\u00e9e avec de la dentelle et des perles, tous les d\u00e9tails sont finis \u00e0 la perfection. Vous ferez une entr\u00e9e tr\u00e8s sp\u00e9ciale avec cette robe de mari\u00e9e.","og_url":"https:\/\/www.koonings.com\/fr\/product\/julia-kontogruni-jk-couture-27\/","og_site_name":"Koonings","article_publisher":"https:\/\/www.facebook.com\/kooningstheweddingpalace","og_image":[{"width":647,"height":914,"url":"https:\/\/www.koonings.com\/wp-content\/uploads\/2024\/11\/28340_b314a4de9d96d1fab98b49e16dfab890a2f7ea133e5126eddb5d45d7897815badeaa4ac2.jpeg","type":"image\/jpeg"}],"twitter_card":"summary_large_image","schema":{"@context":"https:\/\/schema.org","@graph":[{"@type":"WebPage","@id":"https:\/\/www.koonings.com\/fr\/product\/julia-kontogruni-jk-couture-27\/","url":"https:\/\/www.koonings.com\/fr\/product\/julia-kontogruni-jk-couture-27\/","name":"Julia Kontogruni JK couture 27 | Koonings","isPartOf":{"@id":"https:\/\/www.koonings.com\/fr\/#website"},"primaryImageOfPage":{"@id":"https:\/\/www.koonings.com\/fr\/product\/julia-kontogruni-jk-couture-27\/#primaryimage"},"image":{"@id":"https:\/\/www.koonings.com\/fr\/product\/julia-kontogruni-jk-couture-27\/#primaryimage"},"thumbnailUrl":"https:\/\/www.koonings.com\/wp-content\/uploads\/2024\/11\/28340_b314a4de9d96d1fab98b49e16dfab890a2f7ea133e5126eddb5d45d7897815badeaa4ac2.jpeg","datePublished":"2026-05-06T13:06:14+00:00","description":"Cette robe de bal ivoire de Julia Kontogruni est une v\u00e9ritable robe de couture. Elle se compose d'un magnifique haut ajust\u00e9 \u00e0 manches longues. \u00c0 partir de la taille, la jupe s'\u00e9vase largement et se termine par une longue tra\u00eene. En outre, toute la robe est parfaitement travaill\u00e9e avec de la dentelle et des perles, tous les d\u00e9tails sont finis \u00e0 la perfection. Vous ferez une entr\u00e9e tr\u00e8s sp\u00e9ciale avec cette robe de mari\u00e9e.","breadcrumb":{"@id":"https:\/\/www.koonings.com\/fr\/product\/julia-kontogruni-jk-couture-27\/#breadcrumb"},"inLanguage":"fr-FR","potentialAction":[{"@type":"ReadAction","target":["https:\/\/www.koonings.com\/fr\/product\/julia-kontogruni-jk-couture-27\/"]}]},{"@type":"ImageObject","inLanguage":"fr-FR","@id":"https:\/\/www.koonings.com\/fr\/product\/julia-kontogruni-jk-couture-27\/#primaryimage","url":"https:\/\/www.koonings.com\/wp-content\/uploads\/2024\/11\/28340_b314a4de9d96d1fab98b49e16dfab890a2f7ea133e5126eddb5d45d7897815badeaa4ac2.jpeg","contentUrl":"https:\/\/www.koonings.com\/wp-content\/uploads\/2024\/11\/28340_b314a4de9d96d1fab98b49e16dfab890a2f7ea133e5126eddb5d45d7897815badeaa4ac2.jpeg","width":647,"height":914},{"@type":"BreadcrumbList","@id":"https:\/\/www.koonings.com\/fr\/product\/julia-kontogruni-jk-couture-27\/#breadcrumb","itemListElement":[{"@type":"ListItem","position":1,"name":"Home","item":"https:\/\/www.koonings.com\/fr\/"},{"@type":"ListItem","position":2,"name":"Julia Kontogruni JK couture 27"}]},{"@type":"WebSite","@id":"https:\/\/www.koonings.com\/fr\/#website","url":"https:\/\/www.koonings.com\/fr\/","name":"Koonings","description":"De grootste bruidsmodewinkel ter wereld","publisher":{"@id":"https:\/\/www.koonings.com\/fr\/#organization"},"potentialAction":[{"@type":"SearchAction","target":{"@type":"EntryPoint","urlTemplate":"https:\/\/www.koonings.com\/fr\/?s={search_term_string}"},"query-input":{"@type":"PropertyValueSpecification","valueRequired":true,"valueName":"search_term_string"}}],"inLanguage":"fr-FR"},{"@type":"Organization","@id":"https:\/\/www.koonings.com\/fr\/#organization","name":"Koonings","url":"https:\/\/www.koonings.com\/fr\/","logo":{"@type":"ImageObject","inLanguage":"fr-FR","@id":"https:\/\/www.koonings.com\/fr\/#\/schema\/logo\/image\/","url":"https:\/\/www.koonings.com\/wp-content\/uploads\/2024\/07\/logo.png","contentUrl":"https:\/\/www.koonings.com\/wp-content\/uploads\/2024\/07\/logo.png","width":600,"height":428,"caption":"Koonings"},"image":{"@id":"https:\/\/www.koonings.com\/fr\/#\/schema\/logo\/image\/"},"sameAs":["https:\/\/www.facebook.com\/kooningstheweddingpalace","https:\/\/www.instagram.com\/kooningstheweddingpalace","https:\/\/www.pinterest.com\/koonings","https:\/\/www.youtube.com\/kooningstheweddingpalace"]}]}},"_links":{"self":[{"href":"https:\/\/www.koonings.com\/fr\/wp-json\/wp\/v2\/product\/33023","targetHints":{"allow":["GET"]}}],"collection":[{"href":"https:\/\/www.koonings.com\/fr\/wp-json\/wp\/v2\/product"}],"about":[{"href":"https:\/\/www.koonings.com\/fr\/wp-json\/wp\/v2\/types\/product"}],"wp:featuredmedia":[{"embeddable":true,"href":"https:\/\/www.koonings.com\/fr\/wp-json\/wp\/v2\/media\/26775"}],"wp:attachment":[{"href":"https:\/\/www.koonings.com\/fr\/wp-json\/wp\/v2\/media?parent=33023"}],"wp:term":[{"taxonomy":"productdetails","embeddable":true,"href":"https:\/\/www.koonings.com\/fr\/wp-json\/wp\/v2\/productdetails?post=33023"},{"taxonomy":"productneck","embeddable":true,"href":"https:\/\/www.koonings.com\/fr\/wp-json\/wp\/v2\/productneck?post=33023"},{"taxonomy":"productcolor","embeddable":true,"href":"https:\/\/www.koonings.com\/fr\/wp-json\/wp\/v2\/productcolor?post=33023"},{"taxonomy":"maat","embeddable":true,"href":"https:\/\/www.koonings.com\/fr\/wp-json\/wp\/v2\/maat?post=33023"},{"taxonomy":"productsupplier","embeddable":true,"href":"https:\/\/www.koonings.com\/fr\/wp-json\/wp\/v2\/productsupplier?post=33023"},{"taxonomy":"productsleeve","embeddable":true,"href":"https:\/\/www.koonings.com\/fr\/wp-json\/wp\/v2\/productsleeve?post=33023"},{"taxonomy":"productcategory","embeddable":true,"href":"https:\/\/www.koonings.com\/fr\/wp-json\/wp\/v2\/productcategory?post=33023"},{"taxonomy":"productsilhouette","embeddable":true,"href":"https:\/\/www.koonings.com\/fr\/wp-json\/wp\/v2\/productsilhouette?post=33023"},{"taxonomy":"productstyle","embeddable":true,"href":"https:\/\/www.koonings.com\/fr\/wp-json\/wp\/v2\/productstyle?post=33023"}],"curies":[{"name":"wp","href":"https:\/\/api.w.org\/{rel}","templated":true}]}}