{"id":33007,"date":"2025-12-15T00:08:56","date_gmt":"2025-12-14T23:08:56","guid":{"rendered":"https:\/\/www.koonings.com\/product\/white-one-by-st-patrick-highlight-w1123ay1\/"},"modified":"2026-02-03T17:47:44","modified_gmt":"2026-02-03T16:47:44","slug":"white-one-by-st-patrick-highlight-w1123ay1","status":"publish","type":"product","link":"https:\/\/www.koonings.com\/fr\/product\/white-one-by-st-patrick-highlight-w1123ay1\/","title":{"rendered":"White One by St. Patrick Highlight W1123AY1"},"content":{"rendered":"<p>Cette robe de mari\u00e9e de style A-line en tulle scintillant et en dentelle est tout \u00e0 fait \u00e9tonnante. La taille est haute et l\u00e9g\u00e8rement inclin\u00e9e vers le haut, cr\u00e9ant une silhouette plus allong\u00e9e. Les irr\u00e9sistibles manches illusion et le dos plongeant compl\u00e8tent cette robe romantique.  <\/p>\n","protected":false},"featured_media":29077,"template":"","meta":{"_acf_changed":false,"ghostkit_customizer_options":"","ghostkit_custom_css":"","ghostkit_custom_js_head":"","ghostkit_custom_js_foot":"","ghostkit_typography":""},"productdetails":[],"productneck":[356],"productcolor":[393,392],"maat":[],"productsupplier":[420],"productsleeve":[362],"productcategory":[18],"productsilhouette":[384],"productstyle":[],"class_list":["post-33007","product","type-product","status-publish","has-post-thumbnail","hentry","productneck-356","productcolor-393","productcolor-392","productsupplier-white-one-by-st-patrick","productsleeve-362","productcategory-trouwjurken","productsilhouette-384"],"acf":[],"yoast_head":"<!-- This site is optimized with the Yoast SEO plugin v27.3 - https:\/\/yoast.com\/product\/yoast-seo-wordpress\/ -->\n<title>White One by St. Patrick Highlight W1123AY1 | Koonings<\/title>\n<meta name=\"description\" content=\"Cette robe de mari\u00e9e de style A-line en tulle scintillant et en dentelle est tout \u00e0 fait \u00e9tonnante. La taille est haute et l\u00e9g\u00e8rement inclin\u00e9e vers le haut, cr\u00e9ant une silhouette plus allong\u00e9e. Les irr\u00e9sistibles manches illusion et le dos plongeant compl\u00e8tent cette robe romantique.\" \/>\n<meta name=\"robots\" content=\"index, follow, max-snippet:-1, max-image-preview:large, max-video-preview:-1\" \/>\n<link rel=\"canonical\" href=\"https:\/\/www.koonings.com\/fr\/product\/white-one-by-st-patrick-highlight-w1123ay1\/\" \/>\n<meta property=\"og:locale\" content=\"fr_FR\" \/>\n<meta property=\"og:type\" content=\"article\" \/>\n<meta property=\"og:title\" content=\"White One by St. Patrick Highlight W1123AY1 | Koonings\" \/>\n<meta property=\"og:description\" content=\"Cette robe de mari\u00e9e de style A-line en tulle scintillant et en dentelle est tout \u00e0 fait \u00e9tonnante. La taille est haute et l\u00e9g\u00e8rement inclin\u00e9e vers le haut, cr\u00e9ant une silhouette plus allong\u00e9e. Les irr\u00e9sistibles manches illusion et le dos plongeant compl\u00e8tent cette robe romantique.\" \/>\n<meta property=\"og:url\" content=\"https:\/\/www.koonings.com\/fr\/product\/white-one-by-st-patrick-highlight-w1123ay1\/\" \/>\n<meta property=\"og:site_name\" content=\"Koonings\" \/>\n<meta property=\"article:publisher\" content=\"https:\/\/www.facebook.com\/kooningstheweddingpalace\" \/>\n<meta property=\"article:modified_time\" content=\"2026-02-03T16:47:44+00:00\" \/>\n<meta property=\"og:image\" content=\"https:\/\/www.koonings.com\/wp-content\/uploads\/2024\/11\/37259_6c35aba20f9b489f0d6f31fdb6ee2d913b9b05a3ff36000a132579383f1190d3312d2f66-scaled.jpeg\" \/>\n\t<meta property=\"og:image:width\" content=\"1810\" \/>\n\t<meta property=\"og:image:height\" content=\"2560\" \/>\n\t<meta property=\"og:image:type\" content=\"image\/jpeg\" \/>\n<meta name=\"twitter:card\" content=\"summary_large_image\" \/>\n<script type=\"application\/ld+json\" class=\"yoast-schema-graph\">{\"@context\":\"https:\\\/\\\/schema.org\",\"@graph\":[{\"@type\":\"WebPage\",\"@id\":\"https:\\\/\\\/www.koonings.com\\\/fr\\\/product\\\/white-one-by-st-patrick-highlight-w1123ay1\\\/\",\"url\":\"https:\\\/\\\/www.koonings.com\\\/fr\\\/product\\\/white-one-by-st-patrick-highlight-w1123ay1\\\/\",\"name\":\"White One by St. Patrick Highlight W1123AY1 | Koonings\",\"isPartOf\":{\"@id\":\"https:\\\/\\\/www.koonings.com\\\/fr\\\/#website\"},\"primaryImageOfPage\":{\"@id\":\"https:\\\/\\\/www.koonings.com\\\/fr\\\/product\\\/white-one-by-st-patrick-highlight-w1123ay1\\\/#primaryimage\"},\"image\":{\"@id\":\"https:\\\/\\\/www.koonings.com\\\/fr\\\/product\\\/white-one-by-st-patrick-highlight-w1123ay1\\\/#primaryimage\"},\"thumbnailUrl\":\"https:\\\/\\\/www.koonings.com\\\/wp-content\\\/uploads\\\/2024\\\/11\\\/37259_6c35aba20f9b489f0d6f31fdb6ee2d913b9b05a3ff36000a132579383f1190d3312d2f66-scaled.jpeg\",\"datePublished\":\"2025-12-14T23:08:56+00:00\",\"dateModified\":\"2026-02-03T16:47:44+00:00\",\"description\":\"Cette robe de mari\u00e9e de style A-line en tulle scintillant et en dentelle est tout \u00e0 fait \u00e9tonnante. La taille est haute et l\u00e9g\u00e8rement inclin\u00e9e vers le haut, cr\u00e9ant une silhouette plus allong\u00e9e. Les irr\u00e9sistibles manches illusion et le dos plongeant compl\u00e8tent cette robe romantique.\",\"breadcrumb\":{\"@id\":\"https:\\\/\\\/www.koonings.com\\\/fr\\\/product\\\/white-one-by-st-patrick-highlight-w1123ay1\\\/#breadcrumb\"},\"inLanguage\":\"fr-FR\",\"potentialAction\":[{\"@type\":\"ReadAction\",\"target\":[\"https:\\\/\\\/www.koonings.com\\\/fr\\\/product\\\/white-one-by-st-patrick-highlight-w1123ay1\\\/\"]}]},{\"@type\":\"ImageObject\",\"inLanguage\":\"fr-FR\",\"@id\":\"https:\\\/\\\/www.koonings.com\\\/fr\\\/product\\\/white-one-by-st-patrick-highlight-w1123ay1\\\/#primaryimage\",\"url\":\"https:\\\/\\\/www.koonings.com\\\/wp-content\\\/uploads\\\/2024\\\/11\\\/37259_6c35aba20f9b489f0d6f31fdb6ee2d913b9b05a3ff36000a132579383f1190d3312d2f66-scaled.jpeg\",\"contentUrl\":\"https:\\\/\\\/www.koonings.com\\\/wp-content\\\/uploads\\\/2024\\\/11\\\/37259_6c35aba20f9b489f0d6f31fdb6ee2d913b9b05a3ff36000a132579383f1190d3312d2f66-scaled.jpeg\",\"width\":1810,\"height\":2560},{\"@type\":\"BreadcrumbList\",\"@id\":\"https:\\\/\\\/www.koonings.com\\\/fr\\\/product\\\/white-one-by-st-patrick-highlight-w1123ay1\\\/#breadcrumb\",\"itemListElement\":[{\"@type\":\"ListItem\",\"position\":1,\"name\":\"Home\",\"item\":\"https:\\\/\\\/www.koonings.com\\\/fr\\\/\"},{\"@type\":\"ListItem\",\"position\":2,\"name\":\"White One by St. Patrick Highlight W1123AY1\"}]},{\"@type\":\"WebSite\",\"@id\":\"https:\\\/\\\/www.koonings.com\\\/fr\\\/#website\",\"url\":\"https:\\\/\\\/www.koonings.com\\\/fr\\\/\",\"name\":\"Koonings\",\"description\":\"De grootste bruidsmodewinkel ter wereld\",\"publisher\":{\"@id\":\"https:\\\/\\\/www.koonings.com\\\/fr\\\/#organization\"},\"potentialAction\":[{\"@type\":\"SearchAction\",\"target\":{\"@type\":\"EntryPoint\",\"urlTemplate\":\"https:\\\/\\\/www.koonings.com\\\/fr\\\/?s={search_term_string}\"},\"query-input\":{\"@type\":\"PropertyValueSpecification\",\"valueRequired\":true,\"valueName\":\"search_term_string\"}}],\"inLanguage\":\"fr-FR\"},{\"@type\":\"Organization\",\"@id\":\"https:\\\/\\\/www.koonings.com\\\/fr\\\/#organization\",\"name\":\"Koonings\",\"url\":\"https:\\\/\\\/www.koonings.com\\\/fr\\\/\",\"logo\":{\"@type\":\"ImageObject\",\"inLanguage\":\"fr-FR\",\"@id\":\"https:\\\/\\\/www.koonings.com\\\/fr\\\/#\\\/schema\\\/logo\\\/image\\\/\",\"url\":\"https:\\\/\\\/www.koonings.com\\\/wp-content\\\/uploads\\\/2024\\\/07\\\/logo.png\",\"contentUrl\":\"https:\\\/\\\/www.koonings.com\\\/wp-content\\\/uploads\\\/2024\\\/07\\\/logo.png\",\"width\":600,\"height\":428,\"caption\":\"Koonings\"},\"image\":{\"@id\":\"https:\\\/\\\/www.koonings.com\\\/fr\\\/#\\\/schema\\\/logo\\\/image\\\/\"},\"sameAs\":[\"https:\\\/\\\/www.facebook.com\\\/kooningstheweddingpalace\",\"https:\\\/\\\/www.instagram.com\\\/kooningstheweddingpalace\",\"https:\\\/\\\/www.pinterest.com\\\/koonings\",\"https:\\\/\\\/www.youtube.com\\\/kooningstheweddingpalace\"]}]}<\/script>\n<!-- \/ Yoast SEO plugin. -->","yoast_head_json":{"title":"White One by St. Patrick Highlight W1123AY1 | Koonings","description":"Cette robe de mari\u00e9e de style A-line en tulle scintillant et en dentelle est tout \u00e0 fait \u00e9tonnante. La taille est haute et l\u00e9g\u00e8rement inclin\u00e9e vers le haut, cr\u00e9ant une silhouette plus allong\u00e9e. Les irr\u00e9sistibles manches illusion et le dos plongeant compl\u00e8tent cette robe romantique.","robots":{"index":"index","follow":"follow","max-snippet":"max-snippet:-1","max-image-preview":"max-image-preview:large","max-video-preview":"max-video-preview:-1"},"canonical":"https:\/\/www.koonings.com\/fr\/product\/white-one-by-st-patrick-highlight-w1123ay1\/","og_locale":"fr_FR","og_type":"article","og_title":"White One by St. Patrick Highlight W1123AY1 | Koonings","og_description":"Cette robe de mari\u00e9e de style A-line en tulle scintillant et en dentelle est tout \u00e0 fait \u00e9tonnante. La taille est haute et l\u00e9g\u00e8rement inclin\u00e9e vers le haut, cr\u00e9ant une silhouette plus allong\u00e9e. Les irr\u00e9sistibles manches illusion et le dos plongeant compl\u00e8tent cette robe romantique.","og_url":"https:\/\/www.koonings.com\/fr\/product\/white-one-by-st-patrick-highlight-w1123ay1\/","og_site_name":"Koonings","article_publisher":"https:\/\/www.facebook.com\/kooningstheweddingpalace","article_modified_time":"2026-02-03T16:47:44+00:00","og_image":[{"width":1810,"height":2560,"url":"https:\/\/www.koonings.com\/wp-content\/uploads\/2024\/11\/37259_6c35aba20f9b489f0d6f31fdb6ee2d913b9b05a3ff36000a132579383f1190d3312d2f66-scaled.jpeg","type":"image\/jpeg"}],"twitter_card":"summary_large_image","schema":{"@context":"https:\/\/schema.org","@graph":[{"@type":"WebPage","@id":"https:\/\/www.koonings.com\/fr\/product\/white-one-by-st-patrick-highlight-w1123ay1\/","url":"https:\/\/www.koonings.com\/fr\/product\/white-one-by-st-patrick-highlight-w1123ay1\/","name":"White One by St. Patrick Highlight W1123AY1 | Koonings","isPartOf":{"@id":"https:\/\/www.koonings.com\/fr\/#website"},"primaryImageOfPage":{"@id":"https:\/\/www.koonings.com\/fr\/product\/white-one-by-st-patrick-highlight-w1123ay1\/#primaryimage"},"image":{"@id":"https:\/\/www.koonings.com\/fr\/product\/white-one-by-st-patrick-highlight-w1123ay1\/#primaryimage"},"thumbnailUrl":"https:\/\/www.koonings.com\/wp-content\/uploads\/2024\/11\/37259_6c35aba20f9b489f0d6f31fdb6ee2d913b9b05a3ff36000a132579383f1190d3312d2f66-scaled.jpeg","datePublished":"2025-12-14T23:08:56+00:00","dateModified":"2026-02-03T16:47:44+00:00","description":"Cette robe de mari\u00e9e de style A-line en tulle scintillant et en dentelle est tout \u00e0 fait \u00e9tonnante. La taille est haute et l\u00e9g\u00e8rement inclin\u00e9e vers le haut, cr\u00e9ant une silhouette plus allong\u00e9e. Les irr\u00e9sistibles manches illusion et le dos plongeant compl\u00e8tent cette robe romantique.","breadcrumb":{"@id":"https:\/\/www.koonings.com\/fr\/product\/white-one-by-st-patrick-highlight-w1123ay1\/#breadcrumb"},"inLanguage":"fr-FR","potentialAction":[{"@type":"ReadAction","target":["https:\/\/www.koonings.com\/fr\/product\/white-one-by-st-patrick-highlight-w1123ay1\/"]}]},{"@type":"ImageObject","inLanguage":"fr-FR","@id":"https:\/\/www.koonings.com\/fr\/product\/white-one-by-st-patrick-highlight-w1123ay1\/#primaryimage","url":"https:\/\/www.koonings.com\/wp-content\/uploads\/2024\/11\/37259_6c35aba20f9b489f0d6f31fdb6ee2d913b9b05a3ff36000a132579383f1190d3312d2f66-scaled.jpeg","contentUrl":"https:\/\/www.koonings.com\/wp-content\/uploads\/2024\/11\/37259_6c35aba20f9b489f0d6f31fdb6ee2d913b9b05a3ff36000a132579383f1190d3312d2f66-scaled.jpeg","width":1810,"height":2560},{"@type":"BreadcrumbList","@id":"https:\/\/www.koonings.com\/fr\/product\/white-one-by-st-patrick-highlight-w1123ay1\/#breadcrumb","itemListElement":[{"@type":"ListItem","position":1,"name":"Home","item":"https:\/\/www.koonings.com\/fr\/"},{"@type":"ListItem","position":2,"name":"White One by St. Patrick Highlight W1123AY1"}]},{"@type":"WebSite","@id":"https:\/\/www.koonings.com\/fr\/#website","url":"https:\/\/www.koonings.com\/fr\/","name":"Koonings","description":"De grootste bruidsmodewinkel ter wereld","publisher":{"@id":"https:\/\/www.koonings.com\/fr\/#organization"},"potentialAction":[{"@type":"SearchAction","target":{"@type":"EntryPoint","urlTemplate":"https:\/\/www.koonings.com\/fr\/?s={search_term_string}"},"query-input":{"@type":"PropertyValueSpecification","valueRequired":true,"valueName":"search_term_string"}}],"inLanguage":"fr-FR"},{"@type":"Organization","@id":"https:\/\/www.koonings.com\/fr\/#organization","name":"Koonings","url":"https:\/\/www.koonings.com\/fr\/","logo":{"@type":"ImageObject","inLanguage":"fr-FR","@id":"https:\/\/www.koonings.com\/fr\/#\/schema\/logo\/image\/","url":"https:\/\/www.koonings.com\/wp-content\/uploads\/2024\/07\/logo.png","contentUrl":"https:\/\/www.koonings.com\/wp-content\/uploads\/2024\/07\/logo.png","width":600,"height":428,"caption":"Koonings"},"image":{"@id":"https:\/\/www.koonings.com\/fr\/#\/schema\/logo\/image\/"},"sameAs":["https:\/\/www.facebook.com\/kooningstheweddingpalace","https:\/\/www.instagram.com\/kooningstheweddingpalace","https:\/\/www.pinterest.com\/koonings","https:\/\/www.youtube.com\/kooningstheweddingpalace"]}]}},"_links":{"self":[{"href":"https:\/\/www.koonings.com\/fr\/wp-json\/wp\/v2\/product\/33007","targetHints":{"allow":["GET"]}}],"collection":[{"href":"https:\/\/www.koonings.com\/fr\/wp-json\/wp\/v2\/product"}],"about":[{"href":"https:\/\/www.koonings.com\/fr\/wp-json\/wp\/v2\/types\/product"}],"wp:featuredmedia":[{"embeddable":true,"href":"https:\/\/www.koonings.com\/fr\/wp-json\/wp\/v2\/media\/29077"}],"wp:attachment":[{"href":"https:\/\/www.koonings.com\/fr\/wp-json\/wp\/v2\/media?parent=33007"}],"wp:term":[{"taxonomy":"productdetails","embeddable":true,"href":"https:\/\/www.koonings.com\/fr\/wp-json\/wp\/v2\/productdetails?post=33007"},{"taxonomy":"productneck","embeddable":true,"href":"https:\/\/www.koonings.com\/fr\/wp-json\/wp\/v2\/productneck?post=33007"},{"taxonomy":"productcolor","embeddable":true,"href":"https:\/\/www.koonings.com\/fr\/wp-json\/wp\/v2\/productcolor?post=33007"},{"taxonomy":"maat","embeddable":true,"href":"https:\/\/www.koonings.com\/fr\/wp-json\/wp\/v2\/maat?post=33007"},{"taxonomy":"productsupplier","embeddable":true,"href":"https:\/\/www.koonings.com\/fr\/wp-json\/wp\/v2\/productsupplier?post=33007"},{"taxonomy":"productsleeve","embeddable":true,"href":"https:\/\/www.koonings.com\/fr\/wp-json\/wp\/v2\/productsleeve?post=33007"},{"taxonomy":"productcategory","embeddable":true,"href":"https:\/\/www.koonings.com\/fr\/wp-json\/wp\/v2\/productcategory?post=33007"},{"taxonomy":"productsilhouette","embeddable":true,"href":"https:\/\/www.koonings.com\/fr\/wp-json\/wp\/v2\/productsilhouette?post=33007"},{"taxonomy":"productstyle","embeddable":true,"href":"https:\/\/www.koonings.com\/fr\/wp-json\/wp\/v2\/productstyle?post=33007"}],"curies":[{"name":"wp","href":"https:\/\/api.w.org\/{rel}","templated":true}]}}