{"id":32992,"date":"2026-05-06T15:08:05","date_gmt":"2026-05-06T13:08:05","guid":{"rendered":"https:\/\/www.koonings.com\/product\/pronovias-privee-ida-pp123aj1\/"},"modified":"2026-02-16T14:25:38","modified_gmt":"2026-02-16T13:25:38","slug":"pronovias-privee-ida-pp123aj1","status":"publish","type":"product","link":"https:\/\/www.koonings.com\/fr\/product\/pronovias-privee-ida-pp123aj1\/","title":{"rendered":"Pronovias Privee Ida PP123AJ1"},"content":{"rendered":"<p>Un mod\u00e8le fluide en tulle paillet\u00e9 m\u00e9lang\u00e9 \u00e0 un magnifique &#8220;ciel \u00e9toil\u00e9&#8221;. Elle pr\u00e9sente un corsage crois\u00e9 divin et incroyablement flatteur, avec des coutures d&#8217;\u00e9paules abaiss\u00e9es et un gracieux effet pliss\u00e9. La fente dans la robe la rend sexy et les manches transparentes d\u00e9tachables vous permettent de changer le look de votre robe.  <\/p>\n","protected":false},"featured_media":29125,"template":"","meta":{"_acf_changed":false,"ghostkit_customizer_options":"","ghostkit_custom_css":"","ghostkit_custom_js_head":"","ghostkit_custom_js_foot":"","ghostkit_typography":""},"productdetails":[381],"productneck":[355],"productcolor":[392],"maat":[],"productsupplier":[438],"productsleeve":[363],"productcategory":[18],"productsilhouette":[389],"productstyle":[],"class_list":["post-32992","product","type-product","status-publish","has-post-thumbnail","hentry","productdetails-381","productneck-355","productcolor-392","productsupplier-pronovias-privee","productsleeve-363","productcategory-trouwjurken","productsilhouette-389"],"acf":[],"yoast_head":"<!-- This site is optimized with the Yoast SEO plugin v27.3 - https:\/\/yoast.com\/product\/yoast-seo-wordpress\/ -->\n<title>Pronovias Privee Ida PP123AJ1 | Koonings<\/title>\n<meta name=\"description\" content=\"Un mod\u00e8le fluide en tulle paillet\u00e9 m\u00e9lang\u00e9 \u00e0 un magnifique &quot;ciel \u00e9toil\u00e9&quot;. Elle pr\u00e9sente un corsage crois\u00e9 divin et incroyablement flatteur, avec des coutures d&#039;\u00e9paules abaiss\u00e9es et un gracieux effet pliss\u00e9. La fente dans la robe la rend sexy et les manches transparentes d\u00e9tachables vous permettent de changer le look de votre robe.\" \/>\n<meta name=\"robots\" content=\"index, follow, max-snippet:-1, max-image-preview:large, max-video-preview:-1\" \/>\n<link rel=\"canonical\" href=\"https:\/\/www.koonings.com\/fr\/product\/pronovias-privee-ida-pp123aj1\/\" \/>\n<meta property=\"og:locale\" content=\"fr_FR\" \/>\n<meta property=\"og:type\" content=\"article\" \/>\n<meta property=\"og:title\" content=\"Pronovias Privee Ida PP123AJ1 | Koonings\" \/>\n<meta property=\"og:description\" content=\"Un mod\u00e8le fluide en tulle paillet\u00e9 m\u00e9lang\u00e9 \u00e0 un magnifique &quot;ciel \u00e9toil\u00e9&quot;. Elle pr\u00e9sente un corsage crois\u00e9 divin et incroyablement flatteur, avec des coutures d&#039;\u00e9paules abaiss\u00e9es et un gracieux effet pliss\u00e9. La fente dans la robe la rend sexy et les manches transparentes d\u00e9tachables vous permettent de changer le look de votre robe.\" \/>\n<meta property=\"og:url\" content=\"https:\/\/www.koonings.com\/fr\/product\/pronovias-privee-ida-pp123aj1\/\" \/>\n<meta property=\"og:site_name\" content=\"Koonings\" \/>\n<meta property=\"article:publisher\" content=\"https:\/\/www.facebook.com\/kooningstheweddingpalace\" \/>\n<meta property=\"og:image\" content=\"https:\/\/www.koonings.com\/wp-content\/uploads\/2024\/11\/37326_22c9a8e0f22ed80dd5c20b7cf8c607d6ac36728c2edf68d279183667176f1623067cd442-scaled.jpeg\" \/>\n\t<meta property=\"og:image:width\" content=\"1810\" \/>\n\t<meta property=\"og:image:height\" content=\"2560\" \/>\n\t<meta property=\"og:image:type\" content=\"image\/jpeg\" \/>\n<meta name=\"twitter:card\" content=\"summary_large_image\" \/>\n<script type=\"application\/ld+json\" class=\"yoast-schema-graph\">{\"@context\":\"https:\\\/\\\/schema.org\",\"@graph\":[{\"@type\":\"WebPage\",\"@id\":\"https:\\\/\\\/www.koonings.com\\\/fr\\\/product\\\/pronovias-privee-ida-pp123aj1\\\/\",\"url\":\"https:\\\/\\\/www.koonings.com\\\/fr\\\/product\\\/pronovias-privee-ida-pp123aj1\\\/\",\"name\":\"Pronovias Privee Ida PP123AJ1 | Koonings\",\"isPartOf\":{\"@id\":\"https:\\\/\\\/www.koonings.com\\\/fr\\\/#website\"},\"primaryImageOfPage\":{\"@id\":\"https:\\\/\\\/www.koonings.com\\\/fr\\\/product\\\/pronovias-privee-ida-pp123aj1\\\/#primaryimage\"},\"image\":{\"@id\":\"https:\\\/\\\/www.koonings.com\\\/fr\\\/product\\\/pronovias-privee-ida-pp123aj1\\\/#primaryimage\"},\"thumbnailUrl\":\"https:\\\/\\\/www.koonings.com\\\/wp-content\\\/uploads\\\/2024\\\/11\\\/37326_22c9a8e0f22ed80dd5c20b7cf8c607d6ac36728c2edf68d279183667176f1623067cd442-scaled.jpeg\",\"datePublished\":\"2026-05-06T13:08:05+00:00\",\"description\":\"Un mod\u00e8le fluide en tulle paillet\u00e9 m\u00e9lang\u00e9 \u00e0 un magnifique \\\"ciel \u00e9toil\u00e9\\\". Elle pr\u00e9sente un corsage crois\u00e9 divin et incroyablement flatteur, avec des coutures d'\u00e9paules abaiss\u00e9es et un gracieux effet pliss\u00e9. La fente dans la robe la rend sexy et les manches transparentes d\u00e9tachables vous permettent de changer le look de votre robe.\",\"breadcrumb\":{\"@id\":\"https:\\\/\\\/www.koonings.com\\\/fr\\\/product\\\/pronovias-privee-ida-pp123aj1\\\/#breadcrumb\"},\"inLanguage\":\"fr-FR\",\"potentialAction\":[{\"@type\":\"ReadAction\",\"target\":[\"https:\\\/\\\/www.koonings.com\\\/fr\\\/product\\\/pronovias-privee-ida-pp123aj1\\\/\"]}]},{\"@type\":\"ImageObject\",\"inLanguage\":\"fr-FR\",\"@id\":\"https:\\\/\\\/www.koonings.com\\\/fr\\\/product\\\/pronovias-privee-ida-pp123aj1\\\/#primaryimage\",\"url\":\"https:\\\/\\\/www.koonings.com\\\/wp-content\\\/uploads\\\/2024\\\/11\\\/37326_22c9a8e0f22ed80dd5c20b7cf8c607d6ac36728c2edf68d279183667176f1623067cd442-scaled.jpeg\",\"contentUrl\":\"https:\\\/\\\/www.koonings.com\\\/wp-content\\\/uploads\\\/2024\\\/11\\\/37326_22c9a8e0f22ed80dd5c20b7cf8c607d6ac36728c2edf68d279183667176f1623067cd442-scaled.jpeg\",\"width\":1810,\"height\":2560},{\"@type\":\"BreadcrumbList\",\"@id\":\"https:\\\/\\\/www.koonings.com\\\/fr\\\/product\\\/pronovias-privee-ida-pp123aj1\\\/#breadcrumb\",\"itemListElement\":[{\"@type\":\"ListItem\",\"position\":1,\"name\":\"Home\",\"item\":\"https:\\\/\\\/www.koonings.com\\\/fr\\\/\"},{\"@type\":\"ListItem\",\"position\":2,\"name\":\"Pronovias Privee Ida PP123AJ1\"}]},{\"@type\":\"WebSite\",\"@id\":\"https:\\\/\\\/www.koonings.com\\\/fr\\\/#website\",\"url\":\"https:\\\/\\\/www.koonings.com\\\/fr\\\/\",\"name\":\"Koonings\",\"description\":\"De grootste bruidsmodewinkel ter wereld\",\"publisher\":{\"@id\":\"https:\\\/\\\/www.koonings.com\\\/fr\\\/#organization\"},\"potentialAction\":[{\"@type\":\"SearchAction\",\"target\":{\"@type\":\"EntryPoint\",\"urlTemplate\":\"https:\\\/\\\/www.koonings.com\\\/fr\\\/?s={search_term_string}\"},\"query-input\":{\"@type\":\"PropertyValueSpecification\",\"valueRequired\":true,\"valueName\":\"search_term_string\"}}],\"inLanguage\":\"fr-FR\"},{\"@type\":\"Organization\",\"@id\":\"https:\\\/\\\/www.koonings.com\\\/fr\\\/#organization\",\"name\":\"Koonings\",\"url\":\"https:\\\/\\\/www.koonings.com\\\/fr\\\/\",\"logo\":{\"@type\":\"ImageObject\",\"inLanguage\":\"fr-FR\",\"@id\":\"https:\\\/\\\/www.koonings.com\\\/fr\\\/#\\\/schema\\\/logo\\\/image\\\/\",\"url\":\"https:\\\/\\\/www.koonings.com\\\/wp-content\\\/uploads\\\/2024\\\/07\\\/logo.png\",\"contentUrl\":\"https:\\\/\\\/www.koonings.com\\\/wp-content\\\/uploads\\\/2024\\\/07\\\/logo.png\",\"width\":600,\"height\":428,\"caption\":\"Koonings\"},\"image\":{\"@id\":\"https:\\\/\\\/www.koonings.com\\\/fr\\\/#\\\/schema\\\/logo\\\/image\\\/\"},\"sameAs\":[\"https:\\\/\\\/www.facebook.com\\\/kooningstheweddingpalace\",\"https:\\\/\\\/www.instagram.com\\\/kooningstheweddingpalace\",\"https:\\\/\\\/www.pinterest.com\\\/koonings\",\"https:\\\/\\\/www.youtube.com\\\/kooningstheweddingpalace\"]}]}<\/script>\n<!-- \/ Yoast SEO plugin. -->","yoast_head_json":{"title":"Pronovias Privee Ida PP123AJ1 | Koonings","description":"Un mod\u00e8le fluide en tulle paillet\u00e9 m\u00e9lang\u00e9 \u00e0 un magnifique \"ciel \u00e9toil\u00e9\". Elle pr\u00e9sente un corsage crois\u00e9 divin et incroyablement flatteur, avec des coutures d'\u00e9paules abaiss\u00e9es et un gracieux effet pliss\u00e9. La fente dans la robe la rend sexy et les manches transparentes d\u00e9tachables vous permettent de changer le look de votre robe.","robots":{"index":"index","follow":"follow","max-snippet":"max-snippet:-1","max-image-preview":"max-image-preview:large","max-video-preview":"max-video-preview:-1"},"canonical":"https:\/\/www.koonings.com\/fr\/product\/pronovias-privee-ida-pp123aj1\/","og_locale":"fr_FR","og_type":"article","og_title":"Pronovias Privee Ida PP123AJ1 | Koonings","og_description":"Un mod\u00e8le fluide en tulle paillet\u00e9 m\u00e9lang\u00e9 \u00e0 un magnifique \"ciel \u00e9toil\u00e9\". Elle pr\u00e9sente un corsage crois\u00e9 divin et incroyablement flatteur, avec des coutures d'\u00e9paules abaiss\u00e9es et un gracieux effet pliss\u00e9. La fente dans la robe la rend sexy et les manches transparentes d\u00e9tachables vous permettent de changer le look de votre robe.","og_url":"https:\/\/www.koonings.com\/fr\/product\/pronovias-privee-ida-pp123aj1\/","og_site_name":"Koonings","article_publisher":"https:\/\/www.facebook.com\/kooningstheweddingpalace","og_image":[{"width":1810,"height":2560,"url":"https:\/\/www.koonings.com\/wp-content\/uploads\/2024\/11\/37326_22c9a8e0f22ed80dd5c20b7cf8c607d6ac36728c2edf68d279183667176f1623067cd442-scaled.jpeg","type":"image\/jpeg"}],"twitter_card":"summary_large_image","schema":{"@context":"https:\/\/schema.org","@graph":[{"@type":"WebPage","@id":"https:\/\/www.koonings.com\/fr\/product\/pronovias-privee-ida-pp123aj1\/","url":"https:\/\/www.koonings.com\/fr\/product\/pronovias-privee-ida-pp123aj1\/","name":"Pronovias Privee Ida PP123AJ1 | Koonings","isPartOf":{"@id":"https:\/\/www.koonings.com\/fr\/#website"},"primaryImageOfPage":{"@id":"https:\/\/www.koonings.com\/fr\/product\/pronovias-privee-ida-pp123aj1\/#primaryimage"},"image":{"@id":"https:\/\/www.koonings.com\/fr\/product\/pronovias-privee-ida-pp123aj1\/#primaryimage"},"thumbnailUrl":"https:\/\/www.koonings.com\/wp-content\/uploads\/2024\/11\/37326_22c9a8e0f22ed80dd5c20b7cf8c607d6ac36728c2edf68d279183667176f1623067cd442-scaled.jpeg","datePublished":"2026-05-06T13:08:05+00:00","description":"Un mod\u00e8le fluide en tulle paillet\u00e9 m\u00e9lang\u00e9 \u00e0 un magnifique \"ciel \u00e9toil\u00e9\". Elle pr\u00e9sente un corsage crois\u00e9 divin et incroyablement flatteur, avec des coutures d'\u00e9paules abaiss\u00e9es et un gracieux effet pliss\u00e9. La fente dans la robe la rend sexy et les manches transparentes d\u00e9tachables vous permettent de changer le look de votre robe.","breadcrumb":{"@id":"https:\/\/www.koonings.com\/fr\/product\/pronovias-privee-ida-pp123aj1\/#breadcrumb"},"inLanguage":"fr-FR","potentialAction":[{"@type":"ReadAction","target":["https:\/\/www.koonings.com\/fr\/product\/pronovias-privee-ida-pp123aj1\/"]}]},{"@type":"ImageObject","inLanguage":"fr-FR","@id":"https:\/\/www.koonings.com\/fr\/product\/pronovias-privee-ida-pp123aj1\/#primaryimage","url":"https:\/\/www.koonings.com\/wp-content\/uploads\/2024\/11\/37326_22c9a8e0f22ed80dd5c20b7cf8c607d6ac36728c2edf68d279183667176f1623067cd442-scaled.jpeg","contentUrl":"https:\/\/www.koonings.com\/wp-content\/uploads\/2024\/11\/37326_22c9a8e0f22ed80dd5c20b7cf8c607d6ac36728c2edf68d279183667176f1623067cd442-scaled.jpeg","width":1810,"height":2560},{"@type":"BreadcrumbList","@id":"https:\/\/www.koonings.com\/fr\/product\/pronovias-privee-ida-pp123aj1\/#breadcrumb","itemListElement":[{"@type":"ListItem","position":1,"name":"Home","item":"https:\/\/www.koonings.com\/fr\/"},{"@type":"ListItem","position":2,"name":"Pronovias Privee Ida PP123AJ1"}]},{"@type":"WebSite","@id":"https:\/\/www.koonings.com\/fr\/#website","url":"https:\/\/www.koonings.com\/fr\/","name":"Koonings","description":"De grootste bruidsmodewinkel ter wereld","publisher":{"@id":"https:\/\/www.koonings.com\/fr\/#organization"},"potentialAction":[{"@type":"SearchAction","target":{"@type":"EntryPoint","urlTemplate":"https:\/\/www.koonings.com\/fr\/?s={search_term_string}"},"query-input":{"@type":"PropertyValueSpecification","valueRequired":true,"valueName":"search_term_string"}}],"inLanguage":"fr-FR"},{"@type":"Organization","@id":"https:\/\/www.koonings.com\/fr\/#organization","name":"Koonings","url":"https:\/\/www.koonings.com\/fr\/","logo":{"@type":"ImageObject","inLanguage":"fr-FR","@id":"https:\/\/www.koonings.com\/fr\/#\/schema\/logo\/image\/","url":"https:\/\/www.koonings.com\/wp-content\/uploads\/2024\/07\/logo.png","contentUrl":"https:\/\/www.koonings.com\/wp-content\/uploads\/2024\/07\/logo.png","width":600,"height":428,"caption":"Koonings"},"image":{"@id":"https:\/\/www.koonings.com\/fr\/#\/schema\/logo\/image\/"},"sameAs":["https:\/\/www.facebook.com\/kooningstheweddingpalace","https:\/\/www.instagram.com\/kooningstheweddingpalace","https:\/\/www.pinterest.com\/koonings","https:\/\/www.youtube.com\/kooningstheweddingpalace"]}]}},"_links":{"self":[{"href":"https:\/\/www.koonings.com\/fr\/wp-json\/wp\/v2\/product\/32992","targetHints":{"allow":["GET"]}}],"collection":[{"href":"https:\/\/www.koonings.com\/fr\/wp-json\/wp\/v2\/product"}],"about":[{"href":"https:\/\/www.koonings.com\/fr\/wp-json\/wp\/v2\/types\/product"}],"wp:featuredmedia":[{"embeddable":true,"href":"https:\/\/www.koonings.com\/fr\/wp-json\/wp\/v2\/media\/29125"}],"wp:attachment":[{"href":"https:\/\/www.koonings.com\/fr\/wp-json\/wp\/v2\/media?parent=32992"}],"wp:term":[{"taxonomy":"productdetails","embeddable":true,"href":"https:\/\/www.koonings.com\/fr\/wp-json\/wp\/v2\/productdetails?post=32992"},{"taxonomy":"productneck","embeddable":true,"href":"https:\/\/www.koonings.com\/fr\/wp-json\/wp\/v2\/productneck?post=32992"},{"taxonomy":"productcolor","embeddable":true,"href":"https:\/\/www.koonings.com\/fr\/wp-json\/wp\/v2\/productcolor?post=32992"},{"taxonomy":"maat","embeddable":true,"href":"https:\/\/www.koonings.com\/fr\/wp-json\/wp\/v2\/maat?post=32992"},{"taxonomy":"productsupplier","embeddable":true,"href":"https:\/\/www.koonings.com\/fr\/wp-json\/wp\/v2\/productsupplier?post=32992"},{"taxonomy":"productsleeve","embeddable":true,"href":"https:\/\/www.koonings.com\/fr\/wp-json\/wp\/v2\/productsleeve?post=32992"},{"taxonomy":"productcategory","embeddable":true,"href":"https:\/\/www.koonings.com\/fr\/wp-json\/wp\/v2\/productcategory?post=32992"},{"taxonomy":"productsilhouette","embeddable":true,"href":"https:\/\/www.koonings.com\/fr\/wp-json\/wp\/v2\/productsilhouette?post=32992"},{"taxonomy":"productstyle","embeddable":true,"href":"https:\/\/www.koonings.com\/fr\/wp-json\/wp\/v2\/productstyle?post=32992"}],"curies":[{"name":"wp","href":"https:\/\/api.w.org\/{rel}","templated":true}]}}