{"id":32987,"date":"2025-12-15T00:08:58","date_gmt":"2025-12-14T23:08:58","guid":{"rendered":"https:\/\/www.koonings.com\/product\/pronovias-privee-orlanda\/"},"modified":"2026-02-03T17:48:01","modified_gmt":"2026-02-03T16:48:01","slug":"pronovias-privee-orlanda","status":"publish","type":"product","link":"https:\/\/www.koonings.com\/fr\/product\/pronovias-privee-orlanda\/","title":{"rendered":"Pronovias Privee Orlanda"},"content":{"rendered":"<p>Une robe de mari\u00e9e jeune et glamour dont le design est d\u00e9fini par les grandes broderies et les perles sur le tissu. Le d\u00e9collet\u00e9 profond et les d\u00e9coupes lat\u00e9rales rendent la robe tr\u00e8s sexy. Une robe qui passe sans effort de la c\u00e9r\u00e9monie \u00e0 l&#8217;apr\u00e8s-f\u00eate.  <\/p>\n","protected":false},"featured_media":29142,"template":"","meta":{"_acf_changed":false,"ghostkit_customizer_options":"","ghostkit_custom_css":"","ghostkit_custom_js_head":"","ghostkit_custom_js_foot":"","ghostkit_typography":""},"productdetails":[],"productneck":[356],"productcolor":[393,392],"maat":[],"productsupplier":[438],"productsleeve":[359],"productcategory":[18],"productsilhouette":[388],"productstyle":[366],"class_list":["post-32987","product","type-product","status-publish","has-post-thumbnail","hentry","productneck-356","productcolor-393","productcolor-392","productsupplier-pronovias-privee","productsleeve-359","productcategory-trouwjurken","productsilhouette-388","productstyle-366"],"acf":[],"yoast_head":"<!-- This site is optimized with the Yoast SEO plugin v27.3 - https:\/\/yoast.com\/product\/yoast-seo-wordpress\/ -->\n<title>Pronovias Privee Orlanda | Koonings<\/title>\n<meta name=\"description\" content=\"Une robe de mari\u00e9e jeune et glamour dont le design est d\u00e9fini par les grandes broderies et les perles sur le tissu. Le d\u00e9collet\u00e9 profond et les d\u00e9coupes lat\u00e9rales rendent la robe tr\u00e8s sexy. Une robe qui passe sans effort de la c\u00e9r\u00e9monie \u00e0 l&#039;apr\u00e8s-f\u00eate.\" \/>\n<meta name=\"robots\" content=\"index, follow, max-snippet:-1, max-image-preview:large, max-video-preview:-1\" \/>\n<link rel=\"canonical\" href=\"https:\/\/www.koonings.com\/fr\/product\/pronovias-privee-orlanda\/\" \/>\n<meta property=\"og:locale\" content=\"fr_FR\" \/>\n<meta property=\"og:type\" content=\"article\" \/>\n<meta property=\"og:title\" content=\"Pronovias Privee Orlanda | Koonings\" \/>\n<meta property=\"og:description\" content=\"Une robe de mari\u00e9e jeune et glamour dont le design est d\u00e9fini par les grandes broderies et les perles sur le tissu. Le d\u00e9collet\u00e9 profond et les d\u00e9coupes lat\u00e9rales rendent la robe tr\u00e8s sexy. Une robe qui passe sans effort de la c\u00e9r\u00e9monie \u00e0 l&#039;apr\u00e8s-f\u00eate.\" \/>\n<meta property=\"og:url\" content=\"https:\/\/www.koonings.com\/fr\/product\/pronovias-privee-orlanda\/\" \/>\n<meta property=\"og:site_name\" content=\"Koonings\" \/>\n<meta property=\"article:publisher\" content=\"https:\/\/www.facebook.com\/kooningstheweddingpalace\" \/>\n<meta property=\"article:modified_time\" content=\"2026-02-03T16:48:01+00:00\" \/>\n<meta property=\"og:image\" content=\"https:\/\/www.koonings.com\/wp-content\/uploads\/2024\/11\/37327_facdb13b2891e52a6bfa57588f97b0c1b87ba809e8456dcdc76398a7543523e9d56c5851-scaled.jpeg\" \/>\n\t<meta property=\"og:image:width\" content=\"1807\" \/>\n\t<meta property=\"og:image:height\" content=\"2560\" \/>\n\t<meta property=\"og:image:type\" content=\"image\/jpeg\" \/>\n<meta name=\"twitter:card\" content=\"summary_large_image\" \/>\n<script type=\"application\/ld+json\" class=\"yoast-schema-graph\">{\"@context\":\"https:\\\/\\\/schema.org\",\"@graph\":[{\"@type\":\"WebPage\",\"@id\":\"https:\\\/\\\/www.koonings.com\\\/fr\\\/product\\\/pronovias-privee-orlanda\\\/\",\"url\":\"https:\\\/\\\/www.koonings.com\\\/fr\\\/product\\\/pronovias-privee-orlanda\\\/\",\"name\":\"Pronovias Privee Orlanda | Koonings\",\"isPartOf\":{\"@id\":\"https:\\\/\\\/www.koonings.com\\\/fr\\\/#website\"},\"primaryImageOfPage\":{\"@id\":\"https:\\\/\\\/www.koonings.com\\\/fr\\\/product\\\/pronovias-privee-orlanda\\\/#primaryimage\"},\"image\":{\"@id\":\"https:\\\/\\\/www.koonings.com\\\/fr\\\/product\\\/pronovias-privee-orlanda\\\/#primaryimage\"},\"thumbnailUrl\":\"https:\\\/\\\/www.koonings.com\\\/wp-content\\\/uploads\\\/2024\\\/11\\\/37327_facdb13b2891e52a6bfa57588f97b0c1b87ba809e8456dcdc76398a7543523e9d56c5851-scaled.jpeg\",\"datePublished\":\"2025-12-14T23:08:58+00:00\",\"dateModified\":\"2026-02-03T16:48:01+00:00\",\"description\":\"Une robe de mari\u00e9e jeune et glamour dont le design est d\u00e9fini par les grandes broderies et les perles sur le tissu. Le d\u00e9collet\u00e9 profond et les d\u00e9coupes lat\u00e9rales rendent la robe tr\u00e8s sexy. Une robe qui passe sans effort de la c\u00e9r\u00e9monie \u00e0 l'apr\u00e8s-f\u00eate.\",\"breadcrumb\":{\"@id\":\"https:\\\/\\\/www.koonings.com\\\/fr\\\/product\\\/pronovias-privee-orlanda\\\/#breadcrumb\"},\"inLanguage\":\"fr-FR\",\"potentialAction\":[{\"@type\":\"ReadAction\",\"target\":[\"https:\\\/\\\/www.koonings.com\\\/fr\\\/product\\\/pronovias-privee-orlanda\\\/\"]}]},{\"@type\":\"ImageObject\",\"inLanguage\":\"fr-FR\",\"@id\":\"https:\\\/\\\/www.koonings.com\\\/fr\\\/product\\\/pronovias-privee-orlanda\\\/#primaryimage\",\"url\":\"https:\\\/\\\/www.koonings.com\\\/wp-content\\\/uploads\\\/2024\\\/11\\\/37327_facdb13b2891e52a6bfa57588f97b0c1b87ba809e8456dcdc76398a7543523e9d56c5851-scaled.jpeg\",\"contentUrl\":\"https:\\\/\\\/www.koonings.com\\\/wp-content\\\/uploads\\\/2024\\\/11\\\/37327_facdb13b2891e52a6bfa57588f97b0c1b87ba809e8456dcdc76398a7543523e9d56c5851-scaled.jpeg\",\"width\":1807,\"height\":2560},{\"@type\":\"BreadcrumbList\",\"@id\":\"https:\\\/\\\/www.koonings.com\\\/fr\\\/product\\\/pronovias-privee-orlanda\\\/#breadcrumb\",\"itemListElement\":[{\"@type\":\"ListItem\",\"position\":1,\"name\":\"Home\",\"item\":\"https:\\\/\\\/www.koonings.com\\\/fr\\\/\"},{\"@type\":\"ListItem\",\"position\":2,\"name\":\"Pronovias Privee Orlanda\"}]},{\"@type\":\"WebSite\",\"@id\":\"https:\\\/\\\/www.koonings.com\\\/fr\\\/#website\",\"url\":\"https:\\\/\\\/www.koonings.com\\\/fr\\\/\",\"name\":\"Koonings\",\"description\":\"De grootste bruidsmodewinkel ter wereld\",\"publisher\":{\"@id\":\"https:\\\/\\\/www.koonings.com\\\/fr\\\/#organization\"},\"potentialAction\":[{\"@type\":\"SearchAction\",\"target\":{\"@type\":\"EntryPoint\",\"urlTemplate\":\"https:\\\/\\\/www.koonings.com\\\/fr\\\/?s={search_term_string}\"},\"query-input\":{\"@type\":\"PropertyValueSpecification\",\"valueRequired\":true,\"valueName\":\"search_term_string\"}}],\"inLanguage\":\"fr-FR\"},{\"@type\":\"Organization\",\"@id\":\"https:\\\/\\\/www.koonings.com\\\/fr\\\/#organization\",\"name\":\"Koonings\",\"url\":\"https:\\\/\\\/www.koonings.com\\\/fr\\\/\",\"logo\":{\"@type\":\"ImageObject\",\"inLanguage\":\"fr-FR\",\"@id\":\"https:\\\/\\\/www.koonings.com\\\/fr\\\/#\\\/schema\\\/logo\\\/image\\\/\",\"url\":\"https:\\\/\\\/www.koonings.com\\\/wp-content\\\/uploads\\\/2024\\\/07\\\/logo.png\",\"contentUrl\":\"https:\\\/\\\/www.koonings.com\\\/wp-content\\\/uploads\\\/2024\\\/07\\\/logo.png\",\"width\":600,\"height\":428,\"caption\":\"Koonings\"},\"image\":{\"@id\":\"https:\\\/\\\/www.koonings.com\\\/fr\\\/#\\\/schema\\\/logo\\\/image\\\/\"},\"sameAs\":[\"https:\\\/\\\/www.facebook.com\\\/kooningstheweddingpalace\",\"https:\\\/\\\/www.instagram.com\\\/kooningstheweddingpalace\",\"https:\\\/\\\/www.pinterest.com\\\/koonings\",\"https:\\\/\\\/www.youtube.com\\\/kooningstheweddingpalace\"]}]}<\/script>\n<!-- \/ Yoast SEO plugin. -->","yoast_head_json":{"title":"Pronovias Privee Orlanda | Koonings","description":"Une robe de mari\u00e9e jeune et glamour dont le design est d\u00e9fini par les grandes broderies et les perles sur le tissu. Le d\u00e9collet\u00e9 profond et les d\u00e9coupes lat\u00e9rales rendent la robe tr\u00e8s sexy. Une robe qui passe sans effort de la c\u00e9r\u00e9monie \u00e0 l'apr\u00e8s-f\u00eate.","robots":{"index":"index","follow":"follow","max-snippet":"max-snippet:-1","max-image-preview":"max-image-preview:large","max-video-preview":"max-video-preview:-1"},"canonical":"https:\/\/www.koonings.com\/fr\/product\/pronovias-privee-orlanda\/","og_locale":"fr_FR","og_type":"article","og_title":"Pronovias Privee Orlanda | Koonings","og_description":"Une robe de mari\u00e9e jeune et glamour dont le design est d\u00e9fini par les grandes broderies et les perles sur le tissu. Le d\u00e9collet\u00e9 profond et les d\u00e9coupes lat\u00e9rales rendent la robe tr\u00e8s sexy. Une robe qui passe sans effort de la c\u00e9r\u00e9monie \u00e0 l'apr\u00e8s-f\u00eate.","og_url":"https:\/\/www.koonings.com\/fr\/product\/pronovias-privee-orlanda\/","og_site_name":"Koonings","article_publisher":"https:\/\/www.facebook.com\/kooningstheweddingpalace","article_modified_time":"2026-02-03T16:48:01+00:00","og_image":[{"width":1807,"height":2560,"url":"https:\/\/www.koonings.com\/wp-content\/uploads\/2024\/11\/37327_facdb13b2891e52a6bfa57588f97b0c1b87ba809e8456dcdc76398a7543523e9d56c5851-scaled.jpeg","type":"image\/jpeg"}],"twitter_card":"summary_large_image","schema":{"@context":"https:\/\/schema.org","@graph":[{"@type":"WebPage","@id":"https:\/\/www.koonings.com\/fr\/product\/pronovias-privee-orlanda\/","url":"https:\/\/www.koonings.com\/fr\/product\/pronovias-privee-orlanda\/","name":"Pronovias Privee Orlanda | Koonings","isPartOf":{"@id":"https:\/\/www.koonings.com\/fr\/#website"},"primaryImageOfPage":{"@id":"https:\/\/www.koonings.com\/fr\/product\/pronovias-privee-orlanda\/#primaryimage"},"image":{"@id":"https:\/\/www.koonings.com\/fr\/product\/pronovias-privee-orlanda\/#primaryimage"},"thumbnailUrl":"https:\/\/www.koonings.com\/wp-content\/uploads\/2024\/11\/37327_facdb13b2891e52a6bfa57588f97b0c1b87ba809e8456dcdc76398a7543523e9d56c5851-scaled.jpeg","datePublished":"2025-12-14T23:08:58+00:00","dateModified":"2026-02-03T16:48:01+00:00","description":"Une robe de mari\u00e9e jeune et glamour dont le design est d\u00e9fini par les grandes broderies et les perles sur le tissu. Le d\u00e9collet\u00e9 profond et les d\u00e9coupes lat\u00e9rales rendent la robe tr\u00e8s sexy. Une robe qui passe sans effort de la c\u00e9r\u00e9monie \u00e0 l'apr\u00e8s-f\u00eate.","breadcrumb":{"@id":"https:\/\/www.koonings.com\/fr\/product\/pronovias-privee-orlanda\/#breadcrumb"},"inLanguage":"fr-FR","potentialAction":[{"@type":"ReadAction","target":["https:\/\/www.koonings.com\/fr\/product\/pronovias-privee-orlanda\/"]}]},{"@type":"ImageObject","inLanguage":"fr-FR","@id":"https:\/\/www.koonings.com\/fr\/product\/pronovias-privee-orlanda\/#primaryimage","url":"https:\/\/www.koonings.com\/wp-content\/uploads\/2024\/11\/37327_facdb13b2891e52a6bfa57588f97b0c1b87ba809e8456dcdc76398a7543523e9d56c5851-scaled.jpeg","contentUrl":"https:\/\/www.koonings.com\/wp-content\/uploads\/2024\/11\/37327_facdb13b2891e52a6bfa57588f97b0c1b87ba809e8456dcdc76398a7543523e9d56c5851-scaled.jpeg","width":1807,"height":2560},{"@type":"BreadcrumbList","@id":"https:\/\/www.koonings.com\/fr\/product\/pronovias-privee-orlanda\/#breadcrumb","itemListElement":[{"@type":"ListItem","position":1,"name":"Home","item":"https:\/\/www.koonings.com\/fr\/"},{"@type":"ListItem","position":2,"name":"Pronovias Privee Orlanda"}]},{"@type":"WebSite","@id":"https:\/\/www.koonings.com\/fr\/#website","url":"https:\/\/www.koonings.com\/fr\/","name":"Koonings","description":"De grootste bruidsmodewinkel ter wereld","publisher":{"@id":"https:\/\/www.koonings.com\/fr\/#organization"},"potentialAction":[{"@type":"SearchAction","target":{"@type":"EntryPoint","urlTemplate":"https:\/\/www.koonings.com\/fr\/?s={search_term_string}"},"query-input":{"@type":"PropertyValueSpecification","valueRequired":true,"valueName":"search_term_string"}}],"inLanguage":"fr-FR"},{"@type":"Organization","@id":"https:\/\/www.koonings.com\/fr\/#organization","name":"Koonings","url":"https:\/\/www.koonings.com\/fr\/","logo":{"@type":"ImageObject","inLanguage":"fr-FR","@id":"https:\/\/www.koonings.com\/fr\/#\/schema\/logo\/image\/","url":"https:\/\/www.koonings.com\/wp-content\/uploads\/2024\/07\/logo.png","contentUrl":"https:\/\/www.koonings.com\/wp-content\/uploads\/2024\/07\/logo.png","width":600,"height":428,"caption":"Koonings"},"image":{"@id":"https:\/\/www.koonings.com\/fr\/#\/schema\/logo\/image\/"},"sameAs":["https:\/\/www.facebook.com\/kooningstheweddingpalace","https:\/\/www.instagram.com\/kooningstheweddingpalace","https:\/\/www.pinterest.com\/koonings","https:\/\/www.youtube.com\/kooningstheweddingpalace"]}]}},"_links":{"self":[{"href":"https:\/\/www.koonings.com\/fr\/wp-json\/wp\/v2\/product\/32987","targetHints":{"allow":["GET"]}}],"collection":[{"href":"https:\/\/www.koonings.com\/fr\/wp-json\/wp\/v2\/product"}],"about":[{"href":"https:\/\/www.koonings.com\/fr\/wp-json\/wp\/v2\/types\/product"}],"wp:featuredmedia":[{"embeddable":true,"href":"https:\/\/www.koonings.com\/fr\/wp-json\/wp\/v2\/media\/29142"}],"wp:attachment":[{"href":"https:\/\/www.koonings.com\/fr\/wp-json\/wp\/v2\/media?parent=32987"}],"wp:term":[{"taxonomy":"productdetails","embeddable":true,"href":"https:\/\/www.koonings.com\/fr\/wp-json\/wp\/v2\/productdetails?post=32987"},{"taxonomy":"productneck","embeddable":true,"href":"https:\/\/www.koonings.com\/fr\/wp-json\/wp\/v2\/productneck?post=32987"},{"taxonomy":"productcolor","embeddable":true,"href":"https:\/\/www.koonings.com\/fr\/wp-json\/wp\/v2\/productcolor?post=32987"},{"taxonomy":"maat","embeddable":true,"href":"https:\/\/www.koonings.com\/fr\/wp-json\/wp\/v2\/maat?post=32987"},{"taxonomy":"productsupplier","embeddable":true,"href":"https:\/\/www.koonings.com\/fr\/wp-json\/wp\/v2\/productsupplier?post=32987"},{"taxonomy":"productsleeve","embeddable":true,"href":"https:\/\/www.koonings.com\/fr\/wp-json\/wp\/v2\/productsleeve?post=32987"},{"taxonomy":"productcategory","embeddable":true,"href":"https:\/\/www.koonings.com\/fr\/wp-json\/wp\/v2\/productcategory?post=32987"},{"taxonomy":"productsilhouette","embeddable":true,"href":"https:\/\/www.koonings.com\/fr\/wp-json\/wp\/v2\/productsilhouette?post=32987"},{"taxonomy":"productstyle","embeddable":true,"href":"https:\/\/www.koonings.com\/fr\/wp-json\/wp\/v2\/productstyle?post=32987"}],"curies":[{"name":"wp","href":"https:\/\/api.w.org\/{rel}","templated":true}]}}