{"id":32977,"date":"2025-12-15T00:09:00","date_gmt":"2025-12-14T23:09:00","guid":{"rendered":"https:\/\/www.koonings.com\/product\/ladybird-petrona-lb123ei1\/"},"modified":"2026-02-03T17:48:11","modified_gmt":"2026-02-03T16:48:11","slug":"ladybird-petrona-lb123ei1","status":"publish","type":"product","link":"https:\/\/www.koonings.com\/fr\/product\/ladybird-petrona-lb123ei1\/","title":{"rendered":"Ladybird Petrona LB123EI1"},"content":{"rendered":"<p>Tr\u00e8s tendance, cette robe de mari\u00e9e courte est dot\u00e9e d&#8217;une jupe enjou\u00e9e. Le corsage en dentelle pr\u00e9sente un d\u00e9collet\u00e9 en V avec de larges bretelles. La dentelle transparente accentue le d\u00e9collet\u00e9 dans le dos. La fermeture boutonn\u00e9e au dos rehausse encore cette image.   <\/p>\n","protected":false},"featured_media":29219,"template":"","meta":{"_acf_changed":false,"ghostkit_customizer_options":"","ghostkit_custom_css":"","ghostkit_custom_js_head":"","ghostkit_custom_js_foot":"","ghostkit_typography":""},"productdetails":[],"productneck":[356],"productcolor":[392],"maat":[],"productsupplier":[437],"productsleeve":[359],"productcategory":[18],"productsilhouette":[386],"productstyle":[370,373],"class_list":["post-32977","product","type-product","status-publish","has-post-thumbnail","hentry","productneck-356","productcolor-392","productsupplier-ladybird","productsleeve-359","productcategory-trouwjurken","productsilhouette-386","productstyle-370","productstyle-373"],"acf":[],"yoast_head":"<!-- This site is optimized with the Yoast SEO plugin v26.8 - https:\/\/yoast.com\/product\/yoast-seo-wordpress\/ -->\n<title>Ladybird Petrona LB123EI1 | Koonings<\/title>\n<meta name=\"description\" content=\"Tr\u00e8s tendance, cette robe de mari\u00e9e courte est dot\u00e9e d&#039;une jupe enjou\u00e9e. Le corsage en dentelle pr\u00e9sente un d\u00e9collet\u00e9 en V avec de larges bretelles. La dentelle transparente accentue le d\u00e9collet\u00e9 dans le dos. La fermeture boutonn\u00e9e au dos rehausse encore cette image.\" \/>\n<meta name=\"robots\" content=\"index, follow, max-snippet:-1, max-image-preview:large, max-video-preview:-1\" \/>\n<link rel=\"canonical\" href=\"https:\/\/www.koonings.com\/fr\/product\/ladybird-petrona-lb123ei1\/\" \/>\n<meta property=\"og:locale\" content=\"fr_FR\" \/>\n<meta property=\"og:type\" content=\"article\" \/>\n<meta property=\"og:title\" content=\"Ladybird Petrona LB123EI1 | Koonings\" \/>\n<meta property=\"og:description\" content=\"Tr\u00e8s tendance, cette robe de mari\u00e9e courte est dot\u00e9e d&#039;une jupe enjou\u00e9e. Le corsage en dentelle pr\u00e9sente un d\u00e9collet\u00e9 en V avec de larges bretelles. La dentelle transparente accentue le d\u00e9collet\u00e9 dans le dos. La fermeture boutonn\u00e9e au dos rehausse encore cette image.\" \/>\n<meta property=\"og:url\" content=\"https:\/\/www.koonings.com\/fr\/product\/ladybird-petrona-lb123ei1\/\" \/>\n<meta property=\"og:site_name\" content=\"Koonings\" \/>\n<meta property=\"article:publisher\" content=\"https:\/\/www.facebook.com\/kooningstheweddingpalace\" \/>\n<meta property=\"article:modified_time\" content=\"2026-02-03T16:48:11+00:00\" \/>\n<meta property=\"og:image\" content=\"https:\/\/www.koonings.com\/wp-content\/uploads\/2024\/11\/37379_1bde29b22930ec76b575a531ae2cbff47294ea2fc8cc524f400602d752c710d76b030b8a-scaled.jpeg\" \/>\n\t<meta property=\"og:image:width\" content=\"1810\" \/>\n\t<meta property=\"og:image:height\" content=\"2560\" \/>\n\t<meta property=\"og:image:type\" content=\"image\/jpeg\" \/>\n<meta name=\"twitter:card\" content=\"summary_large_image\" \/>\n<script type=\"application\/ld+json\" class=\"yoast-schema-graph\">{\"@context\":\"https:\/\/schema.org\",\"@graph\":[{\"@type\":\"WebPage\",\"@id\":\"https:\/\/www.koonings.com\/fr\/product\/ladybird-petrona-lb123ei1\/\",\"url\":\"https:\/\/www.koonings.com\/fr\/product\/ladybird-petrona-lb123ei1\/\",\"name\":\"Ladybird Petrona LB123EI1 | Koonings\",\"isPartOf\":{\"@id\":\"https:\/\/www.koonings.com\/fr\/#website\"},\"primaryImageOfPage\":{\"@id\":\"https:\/\/www.koonings.com\/fr\/product\/ladybird-petrona-lb123ei1\/#primaryimage\"},\"image\":{\"@id\":\"https:\/\/www.koonings.com\/fr\/product\/ladybird-petrona-lb123ei1\/#primaryimage\"},\"thumbnailUrl\":\"https:\/\/www.koonings.com\/wp-content\/uploads\/2024\/11\/37379_1bde29b22930ec76b575a531ae2cbff47294ea2fc8cc524f400602d752c710d76b030b8a-scaled.jpeg\",\"datePublished\":\"2025-12-14T23:09:00+00:00\",\"dateModified\":\"2026-02-03T16:48:11+00:00\",\"description\":\"Tr\u00e8s tendance, cette robe de mari\u00e9e courte est dot\u00e9e d'une jupe enjou\u00e9e. Le corsage en dentelle pr\u00e9sente un d\u00e9collet\u00e9 en V avec de larges bretelles. La dentelle transparente accentue le d\u00e9collet\u00e9 dans le dos. La fermeture boutonn\u00e9e au dos rehausse encore cette image.\",\"breadcrumb\":{\"@id\":\"https:\/\/www.koonings.com\/fr\/product\/ladybird-petrona-lb123ei1\/#breadcrumb\"},\"inLanguage\":\"fr-FR\",\"potentialAction\":[{\"@type\":\"ReadAction\",\"target\":[\"https:\/\/www.koonings.com\/fr\/product\/ladybird-petrona-lb123ei1\/\"]}]},{\"@type\":\"ImageObject\",\"inLanguage\":\"fr-FR\",\"@id\":\"https:\/\/www.koonings.com\/fr\/product\/ladybird-petrona-lb123ei1\/#primaryimage\",\"url\":\"https:\/\/www.koonings.com\/wp-content\/uploads\/2024\/11\/37379_1bde29b22930ec76b575a531ae2cbff47294ea2fc8cc524f400602d752c710d76b030b8a-scaled.jpeg\",\"contentUrl\":\"https:\/\/www.koonings.com\/wp-content\/uploads\/2024\/11\/37379_1bde29b22930ec76b575a531ae2cbff47294ea2fc8cc524f400602d752c710d76b030b8a-scaled.jpeg\",\"width\":1810,\"height\":2560},{\"@type\":\"BreadcrumbList\",\"@id\":\"https:\/\/www.koonings.com\/fr\/product\/ladybird-petrona-lb123ei1\/#breadcrumb\",\"itemListElement\":[{\"@type\":\"ListItem\",\"position\":1,\"name\":\"Home\",\"item\":\"https:\/\/www.koonings.com\/fr\/\"},{\"@type\":\"ListItem\",\"position\":2,\"name\":\"Ladybird Petrona LB123EI1\"}]},{\"@type\":\"WebSite\",\"@id\":\"https:\/\/www.koonings.com\/fr\/#website\",\"url\":\"https:\/\/www.koonings.com\/fr\/\",\"name\":\"Koonings\",\"description\":\"De grootste bruidsmodewinkel ter wereld\",\"publisher\":{\"@id\":\"https:\/\/www.koonings.com\/fr\/#organization\"},\"potentialAction\":[{\"@type\":\"SearchAction\",\"target\":{\"@type\":\"EntryPoint\",\"urlTemplate\":\"https:\/\/www.koonings.com\/fr\/?s={search_term_string}\"},\"query-input\":{\"@type\":\"PropertyValueSpecification\",\"valueRequired\":true,\"valueName\":\"search_term_string\"}}],\"inLanguage\":\"fr-FR\"},{\"@type\":\"Organization\",\"@id\":\"https:\/\/www.koonings.com\/fr\/#organization\",\"name\":\"Koonings\",\"url\":\"https:\/\/www.koonings.com\/fr\/\",\"logo\":{\"@type\":\"ImageObject\",\"inLanguage\":\"fr-FR\",\"@id\":\"https:\/\/www.koonings.com\/fr\/#\/schema\/logo\/image\/\",\"url\":\"https:\/\/www.koonings.com\/wp-content\/uploads\/2024\/07\/logo.png\",\"contentUrl\":\"https:\/\/www.koonings.com\/wp-content\/uploads\/2024\/07\/logo.png\",\"width\":600,\"height\":428,\"caption\":\"Koonings\"},\"image\":{\"@id\":\"https:\/\/www.koonings.com\/fr\/#\/schema\/logo\/image\/\"},\"sameAs\":[\"https:\/\/www.facebook.com\/kooningstheweddingpalace\",\"https:\/\/www.instagram.com\/kooningstheweddingpalace\",\"https:\/\/www.pinterest.com\/koonings\",\"https:\/\/www.youtube.com\/kooningstheweddingpalace\"]}]}<\/script>\n<!-- \/ Yoast SEO plugin. -->","yoast_head_json":{"title":"Ladybird Petrona LB123EI1 | Koonings","description":"Tr\u00e8s tendance, cette robe de mari\u00e9e courte est dot\u00e9e d'une jupe enjou\u00e9e. Le corsage en dentelle pr\u00e9sente un d\u00e9collet\u00e9 en V avec de larges bretelles. La dentelle transparente accentue le d\u00e9collet\u00e9 dans le dos. La fermeture boutonn\u00e9e au dos rehausse encore cette image.","robots":{"index":"index","follow":"follow","max-snippet":"max-snippet:-1","max-image-preview":"max-image-preview:large","max-video-preview":"max-video-preview:-1"},"canonical":"https:\/\/www.koonings.com\/fr\/product\/ladybird-petrona-lb123ei1\/","og_locale":"fr_FR","og_type":"article","og_title":"Ladybird Petrona LB123EI1 | Koonings","og_description":"Tr\u00e8s tendance, cette robe de mari\u00e9e courte est dot\u00e9e d'une jupe enjou\u00e9e. Le corsage en dentelle pr\u00e9sente un d\u00e9collet\u00e9 en V avec de larges bretelles. La dentelle transparente accentue le d\u00e9collet\u00e9 dans le dos. La fermeture boutonn\u00e9e au dos rehausse encore cette image.","og_url":"https:\/\/www.koonings.com\/fr\/product\/ladybird-petrona-lb123ei1\/","og_site_name":"Koonings","article_publisher":"https:\/\/www.facebook.com\/kooningstheweddingpalace","article_modified_time":"2026-02-03T16:48:11+00:00","og_image":[{"width":1810,"height":2560,"url":"https:\/\/www.koonings.com\/wp-content\/uploads\/2024\/11\/37379_1bde29b22930ec76b575a531ae2cbff47294ea2fc8cc524f400602d752c710d76b030b8a-scaled.jpeg","type":"image\/jpeg"}],"twitter_card":"summary_large_image","schema":{"@context":"https:\/\/schema.org","@graph":[{"@type":"WebPage","@id":"https:\/\/www.koonings.com\/fr\/product\/ladybird-petrona-lb123ei1\/","url":"https:\/\/www.koonings.com\/fr\/product\/ladybird-petrona-lb123ei1\/","name":"Ladybird Petrona LB123EI1 | Koonings","isPartOf":{"@id":"https:\/\/www.koonings.com\/fr\/#website"},"primaryImageOfPage":{"@id":"https:\/\/www.koonings.com\/fr\/product\/ladybird-petrona-lb123ei1\/#primaryimage"},"image":{"@id":"https:\/\/www.koonings.com\/fr\/product\/ladybird-petrona-lb123ei1\/#primaryimage"},"thumbnailUrl":"https:\/\/www.koonings.com\/wp-content\/uploads\/2024\/11\/37379_1bde29b22930ec76b575a531ae2cbff47294ea2fc8cc524f400602d752c710d76b030b8a-scaled.jpeg","datePublished":"2025-12-14T23:09:00+00:00","dateModified":"2026-02-03T16:48:11+00:00","description":"Tr\u00e8s tendance, cette robe de mari\u00e9e courte est dot\u00e9e d'une jupe enjou\u00e9e. Le corsage en dentelle pr\u00e9sente un d\u00e9collet\u00e9 en V avec de larges bretelles. La dentelle transparente accentue le d\u00e9collet\u00e9 dans le dos. La fermeture boutonn\u00e9e au dos rehausse encore cette image.","breadcrumb":{"@id":"https:\/\/www.koonings.com\/fr\/product\/ladybird-petrona-lb123ei1\/#breadcrumb"},"inLanguage":"fr-FR","potentialAction":[{"@type":"ReadAction","target":["https:\/\/www.koonings.com\/fr\/product\/ladybird-petrona-lb123ei1\/"]}]},{"@type":"ImageObject","inLanguage":"fr-FR","@id":"https:\/\/www.koonings.com\/fr\/product\/ladybird-petrona-lb123ei1\/#primaryimage","url":"https:\/\/www.koonings.com\/wp-content\/uploads\/2024\/11\/37379_1bde29b22930ec76b575a531ae2cbff47294ea2fc8cc524f400602d752c710d76b030b8a-scaled.jpeg","contentUrl":"https:\/\/www.koonings.com\/wp-content\/uploads\/2024\/11\/37379_1bde29b22930ec76b575a531ae2cbff47294ea2fc8cc524f400602d752c710d76b030b8a-scaled.jpeg","width":1810,"height":2560},{"@type":"BreadcrumbList","@id":"https:\/\/www.koonings.com\/fr\/product\/ladybird-petrona-lb123ei1\/#breadcrumb","itemListElement":[{"@type":"ListItem","position":1,"name":"Home","item":"https:\/\/www.koonings.com\/fr\/"},{"@type":"ListItem","position":2,"name":"Ladybird Petrona LB123EI1"}]},{"@type":"WebSite","@id":"https:\/\/www.koonings.com\/fr\/#website","url":"https:\/\/www.koonings.com\/fr\/","name":"Koonings","description":"De grootste bruidsmodewinkel ter wereld","publisher":{"@id":"https:\/\/www.koonings.com\/fr\/#organization"},"potentialAction":[{"@type":"SearchAction","target":{"@type":"EntryPoint","urlTemplate":"https:\/\/www.koonings.com\/fr\/?s={search_term_string}"},"query-input":{"@type":"PropertyValueSpecification","valueRequired":true,"valueName":"search_term_string"}}],"inLanguage":"fr-FR"},{"@type":"Organization","@id":"https:\/\/www.koonings.com\/fr\/#organization","name":"Koonings","url":"https:\/\/www.koonings.com\/fr\/","logo":{"@type":"ImageObject","inLanguage":"fr-FR","@id":"https:\/\/www.koonings.com\/fr\/#\/schema\/logo\/image\/","url":"https:\/\/www.koonings.com\/wp-content\/uploads\/2024\/07\/logo.png","contentUrl":"https:\/\/www.koonings.com\/wp-content\/uploads\/2024\/07\/logo.png","width":600,"height":428,"caption":"Koonings"},"image":{"@id":"https:\/\/www.koonings.com\/fr\/#\/schema\/logo\/image\/"},"sameAs":["https:\/\/www.facebook.com\/kooningstheweddingpalace","https:\/\/www.instagram.com\/kooningstheweddingpalace","https:\/\/www.pinterest.com\/koonings","https:\/\/www.youtube.com\/kooningstheweddingpalace"]}]}},"_links":{"self":[{"href":"https:\/\/www.koonings.com\/fr\/wp-json\/wp\/v2\/product\/32977","targetHints":{"allow":["GET"]}}],"collection":[{"href":"https:\/\/www.koonings.com\/fr\/wp-json\/wp\/v2\/product"}],"about":[{"href":"https:\/\/www.koonings.com\/fr\/wp-json\/wp\/v2\/types\/product"}],"wp:featuredmedia":[{"embeddable":true,"href":"https:\/\/www.koonings.com\/fr\/wp-json\/wp\/v2\/media\/29219"}],"wp:attachment":[{"href":"https:\/\/www.koonings.com\/fr\/wp-json\/wp\/v2\/media?parent=32977"}],"wp:term":[{"taxonomy":"productdetails","embeddable":true,"href":"https:\/\/www.koonings.com\/fr\/wp-json\/wp\/v2\/productdetails?post=32977"},{"taxonomy":"productneck","embeddable":true,"href":"https:\/\/www.koonings.com\/fr\/wp-json\/wp\/v2\/productneck?post=32977"},{"taxonomy":"productcolor","embeddable":true,"href":"https:\/\/www.koonings.com\/fr\/wp-json\/wp\/v2\/productcolor?post=32977"},{"taxonomy":"maat","embeddable":true,"href":"https:\/\/www.koonings.com\/fr\/wp-json\/wp\/v2\/maat?post=32977"},{"taxonomy":"productsupplier","embeddable":true,"href":"https:\/\/www.koonings.com\/fr\/wp-json\/wp\/v2\/productsupplier?post=32977"},{"taxonomy":"productsleeve","embeddable":true,"href":"https:\/\/www.koonings.com\/fr\/wp-json\/wp\/v2\/productsleeve?post=32977"},{"taxonomy":"productcategory","embeddable":true,"href":"https:\/\/www.koonings.com\/fr\/wp-json\/wp\/v2\/productcategory?post=32977"},{"taxonomy":"productsilhouette","embeddable":true,"href":"https:\/\/www.koonings.com\/fr\/wp-json\/wp\/v2\/productsilhouette?post=32977"},{"taxonomy":"productstyle","embeddable":true,"href":"https:\/\/www.koonings.com\/fr\/wp-json\/wp\/v2\/productstyle?post=32977"}],"curies":[{"name":"wp","href":"https:\/\/api.w.org\/{rel}","templated":true}]}}