{"id":32967,"date":"2026-04-17T17:00:12","date_gmt":"2026-04-17T15:00:12","guid":{"rendered":"https:\/\/www.koonings.com\/product\/ladybird-libby-lb123df1\/"},"modified":"2026-02-16T14:26:04","modified_gmt":"2026-02-16T13:26:04","slug":"ladybird-libby-lb123df1","status":"publish","type":"product","link":"https:\/\/www.koonings.com\/fr\/product\/ladybird-libby-lb123df1\/","title":{"rendered":"Ladybird Libby LB123DF1"},"content":{"rendered":"<p>Cette robe de mari\u00e9e est \u00e0 couper le souffle ! Cette robe de mari\u00e9e princesse pr\u00e9sente un corsage transparent avec un d\u00e9collet\u00e9 en V profond et une partie inf\u00e9rieure du dos en V. Elle est orn\u00e9e d&#8217;applications florales d\u00e9coratives d\u00e9tachables sur les bretelles et le corsage. Les bretelles et le corsage sont orn\u00e9s d&#8217;applications florales d\u00e9coratives amovibles.  <\/p>\n","protected":false},"featured_media":29249,"template":"","meta":{"_acf_changed":false,"ghostkit_customizer_options":"","ghostkit_custom_css":"","ghostkit_custom_js_head":"","ghostkit_custom_js_foot":"","ghostkit_typography":""},"productdetails":[379,380,381],"productneck":[355],"productcolor":[393,392],"maat":[],"productsupplier":[437],"productsleeve":[359],"productcategory":[18],"productsilhouette":[384,388],"productstyle":[372,366],"class_list":["post-32967","product","type-product","status-publish","has-post-thumbnail","hentry","productdetails-379","productdetails-380","productdetails-381","productneck-355","productcolor-393","productcolor-392","productsupplier-ladybird","productsleeve-359","productcategory-trouwjurken","productsilhouette-384","productsilhouette-388","productstyle-372","productstyle-366"],"acf":[],"yoast_head":"<!-- This site is optimized with the Yoast SEO plugin v27.3 - https:\/\/yoast.com\/product\/yoast-seo-wordpress\/ -->\n<title>Ladybird Libby LB123DF1 | Koonings<\/title>\n<meta name=\"description\" content=\"Cette robe de mari\u00e9e est \u00e0 couper le souffle ! Cette robe de mari\u00e9e princesse pr\u00e9sente un corsage transparent avec un d\u00e9collet\u00e9 en V profond et une partie inf\u00e9rieure du dos en V. Elle est orn\u00e9e d&#039;applications florales d\u00e9coratives d\u00e9tachables sur les bretelles et le corsage. Les bretelles et le corsage sont orn\u00e9s d&#039;applications florales d\u00e9coratives amovibles.\" \/>\n<meta name=\"robots\" content=\"index, follow, max-snippet:-1, max-image-preview:large, max-video-preview:-1\" \/>\n<link rel=\"canonical\" href=\"https:\/\/www.koonings.com\/fr\/product\/ladybird-libby-lb123df1\/\" \/>\n<meta property=\"og:locale\" content=\"fr_FR\" \/>\n<meta property=\"og:type\" content=\"article\" \/>\n<meta property=\"og:title\" content=\"Ladybird Libby LB123DF1 | Koonings\" \/>\n<meta property=\"og:description\" content=\"Cette robe de mari\u00e9e est \u00e0 couper le souffle ! Cette robe de mari\u00e9e princesse pr\u00e9sente un corsage transparent avec un d\u00e9collet\u00e9 en V profond et une partie inf\u00e9rieure du dos en V. Elle est orn\u00e9e d&#039;applications florales d\u00e9coratives d\u00e9tachables sur les bretelles et le corsage. Les bretelles et le corsage sont orn\u00e9s d&#039;applications florales d\u00e9coratives amovibles.\" \/>\n<meta property=\"og:url\" content=\"https:\/\/www.koonings.com\/fr\/product\/ladybird-libby-lb123df1\/\" \/>\n<meta property=\"og:site_name\" content=\"Koonings\" \/>\n<meta property=\"article:publisher\" content=\"https:\/\/www.facebook.com\/kooningstheweddingpalace\" \/>\n<meta property=\"og:image\" content=\"https:\/\/www.koonings.com\/wp-content\/uploads\/2024\/11\/37385_e3ed9144dcc92438deed154833edb49370908b0ec8858c3198a1b814cc5798848e04df16.jpeg\" \/>\n\t<meta property=\"og:image:width\" content=\"1754\" \/>\n\t<meta property=\"og:image:height\" content=\"2480\" \/>\n\t<meta property=\"og:image:type\" content=\"image\/jpeg\" \/>\n<meta name=\"twitter:card\" content=\"summary_large_image\" \/>\n<script type=\"application\/ld+json\" class=\"yoast-schema-graph\">{\"@context\":\"https:\\\/\\\/schema.org\",\"@graph\":[{\"@type\":\"WebPage\",\"@id\":\"https:\\\/\\\/www.koonings.com\\\/fr\\\/product\\\/ladybird-libby-lb123df1\\\/\",\"url\":\"https:\\\/\\\/www.koonings.com\\\/fr\\\/product\\\/ladybird-libby-lb123df1\\\/\",\"name\":\"Ladybird Libby LB123DF1 | Koonings\",\"isPartOf\":{\"@id\":\"https:\\\/\\\/www.koonings.com\\\/fr\\\/#website\"},\"primaryImageOfPage\":{\"@id\":\"https:\\\/\\\/www.koonings.com\\\/fr\\\/product\\\/ladybird-libby-lb123df1\\\/#primaryimage\"},\"image\":{\"@id\":\"https:\\\/\\\/www.koonings.com\\\/fr\\\/product\\\/ladybird-libby-lb123df1\\\/#primaryimage\"},\"thumbnailUrl\":\"https:\\\/\\\/www.koonings.com\\\/wp-content\\\/uploads\\\/2024\\\/11\\\/37385_e3ed9144dcc92438deed154833edb49370908b0ec8858c3198a1b814cc5798848e04df16.jpeg\",\"datePublished\":\"2026-04-17T15:00:12+00:00\",\"description\":\"Cette robe de mari\u00e9e est \u00e0 couper le souffle ! Cette robe de mari\u00e9e princesse pr\u00e9sente un corsage transparent avec un d\u00e9collet\u00e9 en V profond et une partie inf\u00e9rieure du dos en V. Elle est orn\u00e9e d'applications florales d\u00e9coratives d\u00e9tachables sur les bretelles et le corsage. Les bretelles et le corsage sont orn\u00e9s d'applications florales d\u00e9coratives amovibles.\",\"breadcrumb\":{\"@id\":\"https:\\\/\\\/www.koonings.com\\\/fr\\\/product\\\/ladybird-libby-lb123df1\\\/#breadcrumb\"},\"inLanguage\":\"fr-FR\",\"potentialAction\":[{\"@type\":\"ReadAction\",\"target\":[\"https:\\\/\\\/www.koonings.com\\\/fr\\\/product\\\/ladybird-libby-lb123df1\\\/\"]}]},{\"@type\":\"ImageObject\",\"inLanguage\":\"fr-FR\",\"@id\":\"https:\\\/\\\/www.koonings.com\\\/fr\\\/product\\\/ladybird-libby-lb123df1\\\/#primaryimage\",\"url\":\"https:\\\/\\\/www.koonings.com\\\/wp-content\\\/uploads\\\/2024\\\/11\\\/37385_e3ed9144dcc92438deed154833edb49370908b0ec8858c3198a1b814cc5798848e04df16.jpeg\",\"contentUrl\":\"https:\\\/\\\/www.koonings.com\\\/wp-content\\\/uploads\\\/2024\\\/11\\\/37385_e3ed9144dcc92438deed154833edb49370908b0ec8858c3198a1b814cc5798848e04df16.jpeg\",\"width\":1754,\"height\":2480},{\"@type\":\"BreadcrumbList\",\"@id\":\"https:\\\/\\\/www.koonings.com\\\/fr\\\/product\\\/ladybird-libby-lb123df1\\\/#breadcrumb\",\"itemListElement\":[{\"@type\":\"ListItem\",\"position\":1,\"name\":\"Home\",\"item\":\"https:\\\/\\\/www.koonings.com\\\/fr\\\/\"},{\"@type\":\"ListItem\",\"position\":2,\"name\":\"Ladybird Libby LB123DF1\"}]},{\"@type\":\"WebSite\",\"@id\":\"https:\\\/\\\/www.koonings.com\\\/fr\\\/#website\",\"url\":\"https:\\\/\\\/www.koonings.com\\\/fr\\\/\",\"name\":\"Koonings\",\"description\":\"De grootste bruidsmodewinkel ter wereld\",\"publisher\":{\"@id\":\"https:\\\/\\\/www.koonings.com\\\/fr\\\/#organization\"},\"potentialAction\":[{\"@type\":\"SearchAction\",\"target\":{\"@type\":\"EntryPoint\",\"urlTemplate\":\"https:\\\/\\\/www.koonings.com\\\/fr\\\/?s={search_term_string}\"},\"query-input\":{\"@type\":\"PropertyValueSpecification\",\"valueRequired\":true,\"valueName\":\"search_term_string\"}}],\"inLanguage\":\"fr-FR\"},{\"@type\":\"Organization\",\"@id\":\"https:\\\/\\\/www.koonings.com\\\/fr\\\/#organization\",\"name\":\"Koonings\",\"url\":\"https:\\\/\\\/www.koonings.com\\\/fr\\\/\",\"logo\":{\"@type\":\"ImageObject\",\"inLanguage\":\"fr-FR\",\"@id\":\"https:\\\/\\\/www.koonings.com\\\/fr\\\/#\\\/schema\\\/logo\\\/image\\\/\",\"url\":\"https:\\\/\\\/www.koonings.com\\\/wp-content\\\/uploads\\\/2024\\\/07\\\/logo.png\",\"contentUrl\":\"https:\\\/\\\/www.koonings.com\\\/wp-content\\\/uploads\\\/2024\\\/07\\\/logo.png\",\"width\":600,\"height\":428,\"caption\":\"Koonings\"},\"image\":{\"@id\":\"https:\\\/\\\/www.koonings.com\\\/fr\\\/#\\\/schema\\\/logo\\\/image\\\/\"},\"sameAs\":[\"https:\\\/\\\/www.facebook.com\\\/kooningstheweddingpalace\",\"https:\\\/\\\/www.instagram.com\\\/kooningstheweddingpalace\",\"https:\\\/\\\/www.pinterest.com\\\/koonings\",\"https:\\\/\\\/www.youtube.com\\\/kooningstheweddingpalace\"]}]}<\/script>\n<!-- \/ Yoast SEO plugin. -->","yoast_head_json":{"title":"Ladybird Libby LB123DF1 | Koonings","description":"Cette robe de mari\u00e9e est \u00e0 couper le souffle ! Cette robe de mari\u00e9e princesse pr\u00e9sente un corsage transparent avec un d\u00e9collet\u00e9 en V profond et une partie inf\u00e9rieure du dos en V. Elle est orn\u00e9e d'applications florales d\u00e9coratives d\u00e9tachables sur les bretelles et le corsage. Les bretelles et le corsage sont orn\u00e9s d'applications florales d\u00e9coratives amovibles.","robots":{"index":"index","follow":"follow","max-snippet":"max-snippet:-1","max-image-preview":"max-image-preview:large","max-video-preview":"max-video-preview:-1"},"canonical":"https:\/\/www.koonings.com\/fr\/product\/ladybird-libby-lb123df1\/","og_locale":"fr_FR","og_type":"article","og_title":"Ladybird Libby LB123DF1 | Koonings","og_description":"Cette robe de mari\u00e9e est \u00e0 couper le souffle ! Cette robe de mari\u00e9e princesse pr\u00e9sente un corsage transparent avec un d\u00e9collet\u00e9 en V profond et une partie inf\u00e9rieure du dos en V. Elle est orn\u00e9e d'applications florales d\u00e9coratives d\u00e9tachables sur les bretelles et le corsage. Les bretelles et le corsage sont orn\u00e9s d'applications florales d\u00e9coratives amovibles.","og_url":"https:\/\/www.koonings.com\/fr\/product\/ladybird-libby-lb123df1\/","og_site_name":"Koonings","article_publisher":"https:\/\/www.facebook.com\/kooningstheweddingpalace","og_image":[{"width":1754,"height":2480,"url":"https:\/\/www.koonings.com\/wp-content\/uploads\/2024\/11\/37385_e3ed9144dcc92438deed154833edb49370908b0ec8858c3198a1b814cc5798848e04df16.jpeg","type":"image\/jpeg"}],"twitter_card":"summary_large_image","schema":{"@context":"https:\/\/schema.org","@graph":[{"@type":"WebPage","@id":"https:\/\/www.koonings.com\/fr\/product\/ladybird-libby-lb123df1\/","url":"https:\/\/www.koonings.com\/fr\/product\/ladybird-libby-lb123df1\/","name":"Ladybird Libby LB123DF1 | Koonings","isPartOf":{"@id":"https:\/\/www.koonings.com\/fr\/#website"},"primaryImageOfPage":{"@id":"https:\/\/www.koonings.com\/fr\/product\/ladybird-libby-lb123df1\/#primaryimage"},"image":{"@id":"https:\/\/www.koonings.com\/fr\/product\/ladybird-libby-lb123df1\/#primaryimage"},"thumbnailUrl":"https:\/\/www.koonings.com\/wp-content\/uploads\/2024\/11\/37385_e3ed9144dcc92438deed154833edb49370908b0ec8858c3198a1b814cc5798848e04df16.jpeg","datePublished":"2026-04-17T15:00:12+00:00","description":"Cette robe de mari\u00e9e est \u00e0 couper le souffle ! Cette robe de mari\u00e9e princesse pr\u00e9sente un corsage transparent avec un d\u00e9collet\u00e9 en V profond et une partie inf\u00e9rieure du dos en V. Elle est orn\u00e9e d'applications florales d\u00e9coratives d\u00e9tachables sur les bretelles et le corsage. Les bretelles et le corsage sont orn\u00e9s d'applications florales d\u00e9coratives amovibles.","breadcrumb":{"@id":"https:\/\/www.koonings.com\/fr\/product\/ladybird-libby-lb123df1\/#breadcrumb"},"inLanguage":"fr-FR","potentialAction":[{"@type":"ReadAction","target":["https:\/\/www.koonings.com\/fr\/product\/ladybird-libby-lb123df1\/"]}]},{"@type":"ImageObject","inLanguage":"fr-FR","@id":"https:\/\/www.koonings.com\/fr\/product\/ladybird-libby-lb123df1\/#primaryimage","url":"https:\/\/www.koonings.com\/wp-content\/uploads\/2024\/11\/37385_e3ed9144dcc92438deed154833edb49370908b0ec8858c3198a1b814cc5798848e04df16.jpeg","contentUrl":"https:\/\/www.koonings.com\/wp-content\/uploads\/2024\/11\/37385_e3ed9144dcc92438deed154833edb49370908b0ec8858c3198a1b814cc5798848e04df16.jpeg","width":1754,"height":2480},{"@type":"BreadcrumbList","@id":"https:\/\/www.koonings.com\/fr\/product\/ladybird-libby-lb123df1\/#breadcrumb","itemListElement":[{"@type":"ListItem","position":1,"name":"Home","item":"https:\/\/www.koonings.com\/fr\/"},{"@type":"ListItem","position":2,"name":"Ladybird Libby LB123DF1"}]},{"@type":"WebSite","@id":"https:\/\/www.koonings.com\/fr\/#website","url":"https:\/\/www.koonings.com\/fr\/","name":"Koonings","description":"De grootste bruidsmodewinkel ter wereld","publisher":{"@id":"https:\/\/www.koonings.com\/fr\/#organization"},"potentialAction":[{"@type":"SearchAction","target":{"@type":"EntryPoint","urlTemplate":"https:\/\/www.koonings.com\/fr\/?s={search_term_string}"},"query-input":{"@type":"PropertyValueSpecification","valueRequired":true,"valueName":"search_term_string"}}],"inLanguage":"fr-FR"},{"@type":"Organization","@id":"https:\/\/www.koonings.com\/fr\/#organization","name":"Koonings","url":"https:\/\/www.koonings.com\/fr\/","logo":{"@type":"ImageObject","inLanguage":"fr-FR","@id":"https:\/\/www.koonings.com\/fr\/#\/schema\/logo\/image\/","url":"https:\/\/www.koonings.com\/wp-content\/uploads\/2024\/07\/logo.png","contentUrl":"https:\/\/www.koonings.com\/wp-content\/uploads\/2024\/07\/logo.png","width":600,"height":428,"caption":"Koonings"},"image":{"@id":"https:\/\/www.koonings.com\/fr\/#\/schema\/logo\/image\/"},"sameAs":["https:\/\/www.facebook.com\/kooningstheweddingpalace","https:\/\/www.instagram.com\/kooningstheweddingpalace","https:\/\/www.pinterest.com\/koonings","https:\/\/www.youtube.com\/kooningstheweddingpalace"]}]}},"_links":{"self":[{"href":"https:\/\/www.koonings.com\/fr\/wp-json\/wp\/v2\/product\/32967","targetHints":{"allow":["GET"]}}],"collection":[{"href":"https:\/\/www.koonings.com\/fr\/wp-json\/wp\/v2\/product"}],"about":[{"href":"https:\/\/www.koonings.com\/fr\/wp-json\/wp\/v2\/types\/product"}],"wp:featuredmedia":[{"embeddable":true,"href":"https:\/\/www.koonings.com\/fr\/wp-json\/wp\/v2\/media\/29249"}],"wp:attachment":[{"href":"https:\/\/www.koonings.com\/fr\/wp-json\/wp\/v2\/media?parent=32967"}],"wp:term":[{"taxonomy":"productdetails","embeddable":true,"href":"https:\/\/www.koonings.com\/fr\/wp-json\/wp\/v2\/productdetails?post=32967"},{"taxonomy":"productneck","embeddable":true,"href":"https:\/\/www.koonings.com\/fr\/wp-json\/wp\/v2\/productneck?post=32967"},{"taxonomy":"productcolor","embeddable":true,"href":"https:\/\/www.koonings.com\/fr\/wp-json\/wp\/v2\/productcolor?post=32967"},{"taxonomy":"maat","embeddable":true,"href":"https:\/\/www.koonings.com\/fr\/wp-json\/wp\/v2\/maat?post=32967"},{"taxonomy":"productsupplier","embeddable":true,"href":"https:\/\/www.koonings.com\/fr\/wp-json\/wp\/v2\/productsupplier?post=32967"},{"taxonomy":"productsleeve","embeddable":true,"href":"https:\/\/www.koonings.com\/fr\/wp-json\/wp\/v2\/productsleeve?post=32967"},{"taxonomy":"productcategory","embeddable":true,"href":"https:\/\/www.koonings.com\/fr\/wp-json\/wp\/v2\/productcategory?post=32967"},{"taxonomy":"productsilhouette","embeddable":true,"href":"https:\/\/www.koonings.com\/fr\/wp-json\/wp\/v2\/productsilhouette?post=32967"},{"taxonomy":"productstyle","embeddable":true,"href":"https:\/\/www.koonings.com\/fr\/wp-json\/wp\/v2\/productstyle?post=32967"}],"curies":[{"name":"wp","href":"https:\/\/api.w.org\/{rel}","templated":true}]}}