{"id":32928,"date":"2026-04-28T18:06:17","date_gmt":"2026-04-28T16:06:17","guid":{"rendered":"https:\/\/www.koonings.com\/product\/rembo-styling-go-with-the-good-flo\/"},"modified":"2026-02-16T11:33:27","modified_gmt":"2026-02-16T10:33:27","slug":"rembo-styling-go-with-the-good-flo","status":"publish","type":"product","link":"https:\/\/www.koonings.com\/fr\/product\/rembo-styling-go-with-the-good-flo\/","title":{"rendered":"Rembo Styling Go With The Good Flo"},"content":{"rendered":"<p>La robe de mari\u00e9e Go With The Good Flo de Rembo Styling, disponible chez Koonings The Wedding Palace, est un choix magnifique pour la mari\u00e9e qui recherche un look boh\u00e8me et sophistiqu\u00e9. Elle a une coupe ample mais \u00e9l\u00e9gante en ligne A qui tombe doucement sur le corps, cr\u00e9ant une sensation de l\u00e9g\u00e8ret\u00e9 et de libert\u00e9. La robe est orn\u00e9e de dentelle sophistiqu\u00e9e et de d\u00e9tails subtils qui rehaussent son aspect romantique. Le d\u00e9collet\u00e9 en V profond et les manches sophistiqu\u00e9es donnent \u00e0 la robe une touche \u00e9th\u00e9r\u00e9e et r\u00eaveuse, parfaite pour un mariage dans un cadre naturel ou boh\u00e8me. Go With The Good Flo est une robe \u00e0 la fois \u00e9l\u00e9gante et confortable, offrant l&#8217;\u00e9quilibre parfait entre modernit\u00e9 et beaut\u00e9 intemporelle. Disponible chez Koonings The Wedding Palace, o\u00f9 vous pourrez essayer cette robe enchanteresse et la faire confectionner sur mesure pour votre grand jour.     <\/p>\n","protected":false},"featured_media":26801,"template":"","meta":{"_acf_changed":false,"ghostkit_customizer_options":"","ghostkit_custom_css":"","ghostkit_custom_js_head":"","ghostkit_custom_js_foot":"","ghostkit_typography":""},"productdetails":[],"productneck":[356],"productcolor":[392],"maat":[],"productsupplier":[414],"productsleeve":[361],"productcategory":[18],"productsilhouette":[389],"productstyle":[364],"class_list":["post-32928","product","type-product","status-publish","has-post-thumbnail","hentry","productneck-356","productcolor-392","productsupplier-rembo-styling","productsleeve-361","productcategory-trouwjurken","productsilhouette-389","productstyle-364"],"acf":[],"yoast_head":"<!-- This site is optimized with the Yoast SEO plugin v27.3 - https:\/\/yoast.com\/product\/yoast-seo-wordpress\/ -->\n<title>Rembo Styling Go With The Good Flo | Koonings<\/title>\n<meta name=\"description\" content=\"La robe de mari\u00e9e Go With The Good Flo de Rembo Styling, disponible chez Koonings The Wedding Palace, est un choix magnifique pour la mari\u00e9e qui recherche un look boh\u00e8me et sophistiqu\u00e9. Elle a une coupe ample mais \u00e9l\u00e9gante en ligne A qui tombe doucement sur le corps, cr\u00e9ant une sensation de l\u00e9g\u00e8ret\u00e9 et de libert\u00e9. La robe est orn\u00e9e de dentelle sophistiqu\u00e9e et de d\u00e9tails subtils qui rehaussent son aspect romantique. Le d\u00e9collet\u00e9 en V profond et les manches sophistiqu\u00e9es donnent \u00e0 la robe une touche \u00e9th\u00e9r\u00e9e et r\u00eaveuse, parfaite pour un mariage dans un cadre naturel ou boh\u00e8me. Go With The Good Flo est une robe \u00e0 la fois \u00e9l\u00e9gante et confortable, offrant l&#039;\u00e9quilibre parfait entre modernit\u00e9 et beaut\u00e9 intemporelle. Disponible chez Koonings The Wedding Palace, o\u00f9 vous pourrez essayer cette robe enchanteresse et la faire confectionner sur mesure pour votre grand jour.\" \/>\n<meta name=\"robots\" content=\"index, follow, max-snippet:-1, max-image-preview:large, max-video-preview:-1\" \/>\n<link rel=\"canonical\" href=\"https:\/\/www.koonings.com\/fr\/product\/rembo-styling-go-with-the-good-flo\/\" \/>\n<meta property=\"og:locale\" content=\"fr_FR\" \/>\n<meta property=\"og:type\" content=\"article\" \/>\n<meta property=\"og:title\" content=\"Rembo Styling Go With The Good Flo | Koonings\" \/>\n<meta property=\"og:description\" content=\"La robe de mari\u00e9e Go With The Good Flo de Rembo Styling, disponible chez Koonings The Wedding Palace, est un choix magnifique pour la mari\u00e9e qui recherche un look boh\u00e8me et sophistiqu\u00e9. Elle a une coupe ample mais \u00e9l\u00e9gante en ligne A qui tombe doucement sur le corps, cr\u00e9ant une sensation de l\u00e9g\u00e8ret\u00e9 et de libert\u00e9. La robe est orn\u00e9e de dentelle sophistiqu\u00e9e et de d\u00e9tails subtils qui rehaussent son aspect romantique. Le d\u00e9collet\u00e9 en V profond et les manches sophistiqu\u00e9es donnent \u00e0 la robe une touche \u00e9th\u00e9r\u00e9e et r\u00eaveuse, parfaite pour un mariage dans un cadre naturel ou boh\u00e8me. Go With The Good Flo est une robe \u00e0 la fois \u00e9l\u00e9gante et confortable, offrant l&#039;\u00e9quilibre parfait entre modernit\u00e9 et beaut\u00e9 intemporelle. Disponible chez Koonings The Wedding Palace, o\u00f9 vous pourrez essayer cette robe enchanteresse et la faire confectionner sur mesure pour votre grand jour.\" \/>\n<meta property=\"og:url\" content=\"https:\/\/www.koonings.com\/fr\/product\/rembo-styling-go-with-the-good-flo\/\" \/>\n<meta property=\"og:site_name\" content=\"Koonings\" \/>\n<meta property=\"article:publisher\" content=\"https:\/\/www.facebook.com\/kooningstheweddingpalace\" \/>\n<meta property=\"og:image\" content=\"https:\/\/www.koonings.com\/wp-content\/uploads\/2024\/11\/28544_191d65d37207af28cdb960b57a9fd9ba5ddf741a3f430e00e216d6c320377920190f75cc-scaled.jpeg\" \/>\n\t<meta property=\"og:image:width\" content=\"1707\" \/>\n\t<meta property=\"og:image:height\" content=\"2560\" \/>\n\t<meta property=\"og:image:type\" content=\"image\/jpeg\" \/>\n<meta name=\"twitter:card\" content=\"summary_large_image\" \/>\n<meta name=\"twitter:label1\" content=\"Dur\u00e9e de lecture estim\u00e9e\" \/>\n\t<meta name=\"twitter:data1\" content=\"1 minute\" \/>\n<script type=\"application\/ld+json\" class=\"yoast-schema-graph\">{\"@context\":\"https:\\\/\\\/schema.org\",\"@graph\":[{\"@type\":\"WebPage\",\"@id\":\"https:\\\/\\\/www.koonings.com\\\/fr\\\/product\\\/rembo-styling-go-with-the-good-flo\\\/\",\"url\":\"https:\\\/\\\/www.koonings.com\\\/fr\\\/product\\\/rembo-styling-go-with-the-good-flo\\\/\",\"name\":\"Rembo Styling Go With The Good Flo | Koonings\",\"isPartOf\":{\"@id\":\"https:\\\/\\\/www.koonings.com\\\/fr\\\/#website\"},\"primaryImageOfPage\":{\"@id\":\"https:\\\/\\\/www.koonings.com\\\/fr\\\/product\\\/rembo-styling-go-with-the-good-flo\\\/#primaryimage\"},\"image\":{\"@id\":\"https:\\\/\\\/www.koonings.com\\\/fr\\\/product\\\/rembo-styling-go-with-the-good-flo\\\/#primaryimage\"},\"thumbnailUrl\":\"https:\\\/\\\/www.koonings.com\\\/wp-content\\\/uploads\\\/2024\\\/11\\\/28544_191d65d37207af28cdb960b57a9fd9ba5ddf741a3f430e00e216d6c320377920190f75cc-scaled.jpeg\",\"datePublished\":\"2026-04-28T16:06:17+00:00\",\"description\":\"La robe de mari\u00e9e Go With The Good Flo de Rembo Styling, disponible chez Koonings The Wedding Palace, est un choix magnifique pour la mari\u00e9e qui recherche un look boh\u00e8me et sophistiqu\u00e9. Elle a une coupe ample mais \u00e9l\u00e9gante en ligne A qui tombe doucement sur le corps, cr\u00e9ant une sensation de l\u00e9g\u00e8ret\u00e9 et de libert\u00e9. La robe est orn\u00e9e de dentelle sophistiqu\u00e9e et de d\u00e9tails subtils qui rehaussent son aspect romantique. Le d\u00e9collet\u00e9 en V profond et les manches sophistiqu\u00e9es donnent \u00e0 la robe une touche \u00e9th\u00e9r\u00e9e et r\u00eaveuse, parfaite pour un mariage dans un cadre naturel ou boh\u00e8me. Go With The Good Flo est une robe \u00e0 la fois \u00e9l\u00e9gante et confortable, offrant l'\u00e9quilibre parfait entre modernit\u00e9 et beaut\u00e9 intemporelle. Disponible chez Koonings The Wedding Palace, o\u00f9 vous pourrez essayer cette robe enchanteresse et la faire confectionner sur mesure pour votre grand jour.\",\"breadcrumb\":{\"@id\":\"https:\\\/\\\/www.koonings.com\\\/fr\\\/product\\\/rembo-styling-go-with-the-good-flo\\\/#breadcrumb\"},\"inLanguage\":\"fr-FR\",\"potentialAction\":[{\"@type\":\"ReadAction\",\"target\":[\"https:\\\/\\\/www.koonings.com\\\/fr\\\/product\\\/rembo-styling-go-with-the-good-flo\\\/\"]}]},{\"@type\":\"ImageObject\",\"inLanguage\":\"fr-FR\",\"@id\":\"https:\\\/\\\/www.koonings.com\\\/fr\\\/product\\\/rembo-styling-go-with-the-good-flo\\\/#primaryimage\",\"url\":\"https:\\\/\\\/www.koonings.com\\\/wp-content\\\/uploads\\\/2024\\\/11\\\/28544_191d65d37207af28cdb960b57a9fd9ba5ddf741a3f430e00e216d6c320377920190f75cc-scaled.jpeg\",\"contentUrl\":\"https:\\\/\\\/www.koonings.com\\\/wp-content\\\/uploads\\\/2024\\\/11\\\/28544_191d65d37207af28cdb960b57a9fd9ba5ddf741a3f430e00e216d6c320377920190f75cc-scaled.jpeg\",\"width\":1707,\"height\":2560},{\"@type\":\"BreadcrumbList\",\"@id\":\"https:\\\/\\\/www.koonings.com\\\/fr\\\/product\\\/rembo-styling-go-with-the-good-flo\\\/#breadcrumb\",\"itemListElement\":[{\"@type\":\"ListItem\",\"position\":1,\"name\":\"Home\",\"item\":\"https:\\\/\\\/www.koonings.com\\\/fr\\\/\"},{\"@type\":\"ListItem\",\"position\":2,\"name\":\"Rembo Styling Go With The Good Flo\"}]},{\"@type\":\"WebSite\",\"@id\":\"https:\\\/\\\/www.koonings.com\\\/fr\\\/#website\",\"url\":\"https:\\\/\\\/www.koonings.com\\\/fr\\\/\",\"name\":\"Koonings\",\"description\":\"De grootste bruidsmodewinkel ter wereld\",\"publisher\":{\"@id\":\"https:\\\/\\\/www.koonings.com\\\/fr\\\/#organization\"},\"potentialAction\":[{\"@type\":\"SearchAction\",\"target\":{\"@type\":\"EntryPoint\",\"urlTemplate\":\"https:\\\/\\\/www.koonings.com\\\/fr\\\/?s={search_term_string}\"},\"query-input\":{\"@type\":\"PropertyValueSpecification\",\"valueRequired\":true,\"valueName\":\"search_term_string\"}}],\"inLanguage\":\"fr-FR\"},{\"@type\":\"Organization\",\"@id\":\"https:\\\/\\\/www.koonings.com\\\/fr\\\/#organization\",\"name\":\"Koonings\",\"url\":\"https:\\\/\\\/www.koonings.com\\\/fr\\\/\",\"logo\":{\"@type\":\"ImageObject\",\"inLanguage\":\"fr-FR\",\"@id\":\"https:\\\/\\\/www.koonings.com\\\/fr\\\/#\\\/schema\\\/logo\\\/image\\\/\",\"url\":\"https:\\\/\\\/www.koonings.com\\\/wp-content\\\/uploads\\\/2024\\\/07\\\/logo.png\",\"contentUrl\":\"https:\\\/\\\/www.koonings.com\\\/wp-content\\\/uploads\\\/2024\\\/07\\\/logo.png\",\"width\":600,\"height\":428,\"caption\":\"Koonings\"},\"image\":{\"@id\":\"https:\\\/\\\/www.koonings.com\\\/fr\\\/#\\\/schema\\\/logo\\\/image\\\/\"},\"sameAs\":[\"https:\\\/\\\/www.facebook.com\\\/kooningstheweddingpalace\",\"https:\\\/\\\/www.instagram.com\\\/kooningstheweddingpalace\",\"https:\\\/\\\/www.pinterest.com\\\/koonings\",\"https:\\\/\\\/www.youtube.com\\\/kooningstheweddingpalace\"]}]}<\/script>\n<!-- \/ Yoast SEO plugin. -->","yoast_head_json":{"title":"Rembo Styling Go With The Good Flo | Koonings","description":"La robe de mari\u00e9e Go With The Good Flo de Rembo Styling, disponible chez Koonings The Wedding Palace, est un choix magnifique pour la mari\u00e9e qui recherche un look boh\u00e8me et sophistiqu\u00e9. Elle a une coupe ample mais \u00e9l\u00e9gante en ligne A qui tombe doucement sur le corps, cr\u00e9ant une sensation de l\u00e9g\u00e8ret\u00e9 et de libert\u00e9. La robe est orn\u00e9e de dentelle sophistiqu\u00e9e et de d\u00e9tails subtils qui rehaussent son aspect romantique. Le d\u00e9collet\u00e9 en V profond et les manches sophistiqu\u00e9es donnent \u00e0 la robe une touche \u00e9th\u00e9r\u00e9e et r\u00eaveuse, parfaite pour un mariage dans un cadre naturel ou boh\u00e8me. Go With The Good Flo est une robe \u00e0 la fois \u00e9l\u00e9gante et confortable, offrant l'\u00e9quilibre parfait entre modernit\u00e9 et beaut\u00e9 intemporelle. Disponible chez Koonings The Wedding Palace, o\u00f9 vous pourrez essayer cette robe enchanteresse et la faire confectionner sur mesure pour votre grand jour.","robots":{"index":"index","follow":"follow","max-snippet":"max-snippet:-1","max-image-preview":"max-image-preview:large","max-video-preview":"max-video-preview:-1"},"canonical":"https:\/\/www.koonings.com\/fr\/product\/rembo-styling-go-with-the-good-flo\/","og_locale":"fr_FR","og_type":"article","og_title":"Rembo Styling Go With The Good Flo | Koonings","og_description":"La robe de mari\u00e9e Go With The Good Flo de Rembo Styling, disponible chez Koonings The Wedding Palace, est un choix magnifique pour la mari\u00e9e qui recherche un look boh\u00e8me et sophistiqu\u00e9. Elle a une coupe ample mais \u00e9l\u00e9gante en ligne A qui tombe doucement sur le corps, cr\u00e9ant une sensation de l\u00e9g\u00e8ret\u00e9 et de libert\u00e9. La robe est orn\u00e9e de dentelle sophistiqu\u00e9e et de d\u00e9tails subtils qui rehaussent son aspect romantique. Le d\u00e9collet\u00e9 en V profond et les manches sophistiqu\u00e9es donnent \u00e0 la robe une touche \u00e9th\u00e9r\u00e9e et r\u00eaveuse, parfaite pour un mariage dans un cadre naturel ou boh\u00e8me. Go With The Good Flo est une robe \u00e0 la fois \u00e9l\u00e9gante et confortable, offrant l'\u00e9quilibre parfait entre modernit\u00e9 et beaut\u00e9 intemporelle. Disponible chez Koonings The Wedding Palace, o\u00f9 vous pourrez essayer cette robe enchanteresse et la faire confectionner sur mesure pour votre grand jour.","og_url":"https:\/\/www.koonings.com\/fr\/product\/rembo-styling-go-with-the-good-flo\/","og_site_name":"Koonings","article_publisher":"https:\/\/www.facebook.com\/kooningstheweddingpalace","og_image":[{"width":1707,"height":2560,"url":"https:\/\/www.koonings.com\/wp-content\/uploads\/2024\/11\/28544_191d65d37207af28cdb960b57a9fd9ba5ddf741a3f430e00e216d6c320377920190f75cc-scaled.jpeg","type":"image\/jpeg"}],"twitter_card":"summary_large_image","twitter_misc":{"Dur\u00e9e de lecture estim\u00e9e":"1 minute"},"schema":{"@context":"https:\/\/schema.org","@graph":[{"@type":"WebPage","@id":"https:\/\/www.koonings.com\/fr\/product\/rembo-styling-go-with-the-good-flo\/","url":"https:\/\/www.koonings.com\/fr\/product\/rembo-styling-go-with-the-good-flo\/","name":"Rembo Styling Go With The Good Flo | Koonings","isPartOf":{"@id":"https:\/\/www.koonings.com\/fr\/#website"},"primaryImageOfPage":{"@id":"https:\/\/www.koonings.com\/fr\/product\/rembo-styling-go-with-the-good-flo\/#primaryimage"},"image":{"@id":"https:\/\/www.koonings.com\/fr\/product\/rembo-styling-go-with-the-good-flo\/#primaryimage"},"thumbnailUrl":"https:\/\/www.koonings.com\/wp-content\/uploads\/2024\/11\/28544_191d65d37207af28cdb960b57a9fd9ba5ddf741a3f430e00e216d6c320377920190f75cc-scaled.jpeg","datePublished":"2026-04-28T16:06:17+00:00","description":"La robe de mari\u00e9e Go With The Good Flo de Rembo Styling, disponible chez Koonings The Wedding Palace, est un choix magnifique pour la mari\u00e9e qui recherche un look boh\u00e8me et sophistiqu\u00e9. Elle a une coupe ample mais \u00e9l\u00e9gante en ligne A qui tombe doucement sur le corps, cr\u00e9ant une sensation de l\u00e9g\u00e8ret\u00e9 et de libert\u00e9. La robe est orn\u00e9e de dentelle sophistiqu\u00e9e et de d\u00e9tails subtils qui rehaussent son aspect romantique. Le d\u00e9collet\u00e9 en V profond et les manches sophistiqu\u00e9es donnent \u00e0 la robe une touche \u00e9th\u00e9r\u00e9e et r\u00eaveuse, parfaite pour un mariage dans un cadre naturel ou boh\u00e8me. Go With The Good Flo est une robe \u00e0 la fois \u00e9l\u00e9gante et confortable, offrant l'\u00e9quilibre parfait entre modernit\u00e9 et beaut\u00e9 intemporelle. Disponible chez Koonings The Wedding Palace, o\u00f9 vous pourrez essayer cette robe enchanteresse et la faire confectionner sur mesure pour votre grand jour.","breadcrumb":{"@id":"https:\/\/www.koonings.com\/fr\/product\/rembo-styling-go-with-the-good-flo\/#breadcrumb"},"inLanguage":"fr-FR","potentialAction":[{"@type":"ReadAction","target":["https:\/\/www.koonings.com\/fr\/product\/rembo-styling-go-with-the-good-flo\/"]}]},{"@type":"ImageObject","inLanguage":"fr-FR","@id":"https:\/\/www.koonings.com\/fr\/product\/rembo-styling-go-with-the-good-flo\/#primaryimage","url":"https:\/\/www.koonings.com\/wp-content\/uploads\/2024\/11\/28544_191d65d37207af28cdb960b57a9fd9ba5ddf741a3f430e00e216d6c320377920190f75cc-scaled.jpeg","contentUrl":"https:\/\/www.koonings.com\/wp-content\/uploads\/2024\/11\/28544_191d65d37207af28cdb960b57a9fd9ba5ddf741a3f430e00e216d6c320377920190f75cc-scaled.jpeg","width":1707,"height":2560},{"@type":"BreadcrumbList","@id":"https:\/\/www.koonings.com\/fr\/product\/rembo-styling-go-with-the-good-flo\/#breadcrumb","itemListElement":[{"@type":"ListItem","position":1,"name":"Home","item":"https:\/\/www.koonings.com\/fr\/"},{"@type":"ListItem","position":2,"name":"Rembo Styling Go With The Good Flo"}]},{"@type":"WebSite","@id":"https:\/\/www.koonings.com\/fr\/#website","url":"https:\/\/www.koonings.com\/fr\/","name":"Koonings","description":"De grootste bruidsmodewinkel ter wereld","publisher":{"@id":"https:\/\/www.koonings.com\/fr\/#organization"},"potentialAction":[{"@type":"SearchAction","target":{"@type":"EntryPoint","urlTemplate":"https:\/\/www.koonings.com\/fr\/?s={search_term_string}"},"query-input":{"@type":"PropertyValueSpecification","valueRequired":true,"valueName":"search_term_string"}}],"inLanguage":"fr-FR"},{"@type":"Organization","@id":"https:\/\/www.koonings.com\/fr\/#organization","name":"Koonings","url":"https:\/\/www.koonings.com\/fr\/","logo":{"@type":"ImageObject","inLanguage":"fr-FR","@id":"https:\/\/www.koonings.com\/fr\/#\/schema\/logo\/image\/","url":"https:\/\/www.koonings.com\/wp-content\/uploads\/2024\/07\/logo.png","contentUrl":"https:\/\/www.koonings.com\/wp-content\/uploads\/2024\/07\/logo.png","width":600,"height":428,"caption":"Koonings"},"image":{"@id":"https:\/\/www.koonings.com\/fr\/#\/schema\/logo\/image\/"},"sameAs":["https:\/\/www.facebook.com\/kooningstheweddingpalace","https:\/\/www.instagram.com\/kooningstheweddingpalace","https:\/\/www.pinterest.com\/koonings","https:\/\/www.youtube.com\/kooningstheweddingpalace"]}]}},"_links":{"self":[{"href":"https:\/\/www.koonings.com\/fr\/wp-json\/wp\/v2\/product\/32928","targetHints":{"allow":["GET"]}}],"collection":[{"href":"https:\/\/www.koonings.com\/fr\/wp-json\/wp\/v2\/product"}],"about":[{"href":"https:\/\/www.koonings.com\/fr\/wp-json\/wp\/v2\/types\/product"}],"wp:featuredmedia":[{"embeddable":true,"href":"https:\/\/www.koonings.com\/fr\/wp-json\/wp\/v2\/media\/26801"}],"wp:attachment":[{"href":"https:\/\/www.koonings.com\/fr\/wp-json\/wp\/v2\/media?parent=32928"}],"wp:term":[{"taxonomy":"productdetails","embeddable":true,"href":"https:\/\/www.koonings.com\/fr\/wp-json\/wp\/v2\/productdetails?post=32928"},{"taxonomy":"productneck","embeddable":true,"href":"https:\/\/www.koonings.com\/fr\/wp-json\/wp\/v2\/productneck?post=32928"},{"taxonomy":"productcolor","embeddable":true,"href":"https:\/\/www.koonings.com\/fr\/wp-json\/wp\/v2\/productcolor?post=32928"},{"taxonomy":"maat","embeddable":true,"href":"https:\/\/www.koonings.com\/fr\/wp-json\/wp\/v2\/maat?post=32928"},{"taxonomy":"productsupplier","embeddable":true,"href":"https:\/\/www.koonings.com\/fr\/wp-json\/wp\/v2\/productsupplier?post=32928"},{"taxonomy":"productsleeve","embeddable":true,"href":"https:\/\/www.koonings.com\/fr\/wp-json\/wp\/v2\/productsleeve?post=32928"},{"taxonomy":"productcategory","embeddable":true,"href":"https:\/\/www.koonings.com\/fr\/wp-json\/wp\/v2\/productcategory?post=32928"},{"taxonomy":"productsilhouette","embeddable":true,"href":"https:\/\/www.koonings.com\/fr\/wp-json\/wp\/v2\/productsilhouette?post=32928"},{"taxonomy":"productstyle","embeddable":true,"href":"https:\/\/www.koonings.com\/fr\/wp-json\/wp\/v2\/productstyle?post=32928"}],"curies":[{"name":"wp","href":"https:\/\/api.w.org\/{rel}","templated":true}]}}