{"id":32893,"date":"2026-04-21T18:06:29","date_gmt":"2026-04-21T16:06:29","guid":{"rendered":"https:\/\/www.koonings.com\/product\/estee-bade-8073\/"},"modified":"2026-02-16T13:38:40","modified_gmt":"2026-02-16T12:38:40","slug":"estee-bade-8073","status":"publish","type":"product","link":"https:\/\/www.koonings.com\/fr\/product\/estee-bade-8073\/","title":{"rendered":"Estee Bade 8073"},"content":{"rendered":"<p>Robe de mari\u00e9e extravagante en dentelle et tulle luxueux. Tout en glamour, ce corsage en dentelle pr\u00e9sente un d\u00e9collet\u00e9 en V et une \u00e9chancrure ronde dans le dos. La jupe en tulle doux est g\u00e9n\u00e9reusement orn\u00e9e \u00e0 l&#8217;ourlet et \u00e0 la taille de luxueuses applications de dentelle. Pour souligner les applications de dentelle \u00e0 la taille, des strass ont \u00e9t\u00e9 sertis sur le dessus pour un effet scintillant.   <\/p>\n","protected":false},"featured_media":26918,"template":"","meta":{"_acf_changed":false,"ghostkit_customizer_options":"","ghostkit_custom_css":"","ghostkit_custom_js_head":"","ghostkit_custom_js_foot":"","ghostkit_typography":""},"productdetails":[],"productneck":[356],"productcolor":[392],"maat":[],"productsupplier":[418],"productsleeve":[359],"productcategory":[18],"productsilhouette":[388],"productstyle":[372],"class_list":["post-32893","product","type-product","status-publish","has-post-thumbnail","hentry","productneck-356","productcolor-392","productsupplier-estee-bade","productsleeve-359","productcategory-trouwjurken","productsilhouette-388","productstyle-372"],"acf":[],"yoast_head":"<!-- This site is optimized with the Yoast SEO plugin v27.3 - https:\/\/yoast.com\/product\/yoast-seo-wordpress\/ -->\n<title>Estee Bade 8073 | Koonings<\/title>\n<meta name=\"description\" content=\"Robe de mari\u00e9e extravagante en dentelle et tulle luxueux. Tout en glamour, ce corsage en dentelle pr\u00e9sente un d\u00e9collet\u00e9 en V et une \u00e9chancrure ronde dans le dos. La jupe en tulle doux est g\u00e9n\u00e9reusement orn\u00e9e \u00e0 l&#039;ourlet et \u00e0 la taille de luxueuses applications de dentelle. Pour souligner les applications de dentelle \u00e0 la taille, des strass ont \u00e9t\u00e9 sertis sur le dessus pour un effet scintillant.\" \/>\n<meta name=\"robots\" content=\"index, follow, max-snippet:-1, max-image-preview:large, max-video-preview:-1\" \/>\n<link rel=\"canonical\" href=\"https:\/\/www.koonings.com\/fr\/product\/estee-bade-8073\/\" \/>\n<meta property=\"og:locale\" content=\"fr_FR\" \/>\n<meta property=\"og:type\" content=\"article\" \/>\n<meta property=\"og:title\" content=\"Estee Bade 8073 | Koonings\" \/>\n<meta property=\"og:description\" content=\"Robe de mari\u00e9e extravagante en dentelle et tulle luxueux. Tout en glamour, ce corsage en dentelle pr\u00e9sente un d\u00e9collet\u00e9 en V et une \u00e9chancrure ronde dans le dos. La jupe en tulle doux est g\u00e9n\u00e9reusement orn\u00e9e \u00e0 l&#039;ourlet et \u00e0 la taille de luxueuses applications de dentelle. Pour souligner les applications de dentelle \u00e0 la taille, des strass ont \u00e9t\u00e9 sertis sur le dessus pour un effet scintillant.\" \/>\n<meta property=\"og:url\" content=\"https:\/\/www.koonings.com\/fr\/product\/estee-bade-8073\/\" \/>\n<meta property=\"og:site_name\" content=\"Koonings\" \/>\n<meta property=\"article:publisher\" content=\"https:\/\/www.facebook.com\/kooningstheweddingpalace\" \/>\n<meta property=\"og:image\" content=\"https:\/\/www.koonings.com\/wp-content\/uploads\/2024\/11\/30302_6b9b3efd7cafa2ec967e04a02821ceaa7e7ba92775461237e5ba3fc79777616e48dc03ce.jpeg\" \/>\n\t<meta property=\"og:image:width\" content=\"1583\" \/>\n\t<meta property=\"og:image:height\" content=\"2241\" \/>\n\t<meta property=\"og:image:type\" content=\"image\/jpeg\" \/>\n<meta name=\"twitter:card\" content=\"summary_large_image\" \/>\n<script type=\"application\/ld+json\" class=\"yoast-schema-graph\">{\"@context\":\"https:\\\/\\\/schema.org\",\"@graph\":[{\"@type\":\"WebPage\",\"@id\":\"https:\\\/\\\/www.koonings.com\\\/fr\\\/product\\\/estee-bade-8073\\\/\",\"url\":\"https:\\\/\\\/www.koonings.com\\\/fr\\\/product\\\/estee-bade-8073\\\/\",\"name\":\"Estee Bade 8073 | Koonings\",\"isPartOf\":{\"@id\":\"https:\\\/\\\/www.koonings.com\\\/fr\\\/#website\"},\"primaryImageOfPage\":{\"@id\":\"https:\\\/\\\/www.koonings.com\\\/fr\\\/product\\\/estee-bade-8073\\\/#primaryimage\"},\"image\":{\"@id\":\"https:\\\/\\\/www.koonings.com\\\/fr\\\/product\\\/estee-bade-8073\\\/#primaryimage\"},\"thumbnailUrl\":\"https:\\\/\\\/www.koonings.com\\\/wp-content\\\/uploads\\\/2024\\\/11\\\/30302_6b9b3efd7cafa2ec967e04a02821ceaa7e7ba92775461237e5ba3fc79777616e48dc03ce.jpeg\",\"datePublished\":\"2026-04-21T16:06:29+00:00\",\"description\":\"Robe de mari\u00e9e extravagante en dentelle et tulle luxueux. Tout en glamour, ce corsage en dentelle pr\u00e9sente un d\u00e9collet\u00e9 en V et une \u00e9chancrure ronde dans le dos. La jupe en tulle doux est g\u00e9n\u00e9reusement orn\u00e9e \u00e0 l'ourlet et \u00e0 la taille de luxueuses applications de dentelle. Pour souligner les applications de dentelle \u00e0 la taille, des strass ont \u00e9t\u00e9 sertis sur le dessus pour un effet scintillant.\",\"breadcrumb\":{\"@id\":\"https:\\\/\\\/www.koonings.com\\\/fr\\\/product\\\/estee-bade-8073\\\/#breadcrumb\"},\"inLanguage\":\"fr-FR\",\"potentialAction\":[{\"@type\":\"ReadAction\",\"target\":[\"https:\\\/\\\/www.koonings.com\\\/fr\\\/product\\\/estee-bade-8073\\\/\"]}]},{\"@type\":\"ImageObject\",\"inLanguage\":\"fr-FR\",\"@id\":\"https:\\\/\\\/www.koonings.com\\\/fr\\\/product\\\/estee-bade-8073\\\/#primaryimage\",\"url\":\"https:\\\/\\\/www.koonings.com\\\/wp-content\\\/uploads\\\/2024\\\/11\\\/30302_6b9b3efd7cafa2ec967e04a02821ceaa7e7ba92775461237e5ba3fc79777616e48dc03ce.jpeg\",\"contentUrl\":\"https:\\\/\\\/www.koonings.com\\\/wp-content\\\/uploads\\\/2024\\\/11\\\/30302_6b9b3efd7cafa2ec967e04a02821ceaa7e7ba92775461237e5ba3fc79777616e48dc03ce.jpeg\",\"width\":1583,\"height\":2241},{\"@type\":\"BreadcrumbList\",\"@id\":\"https:\\\/\\\/www.koonings.com\\\/fr\\\/product\\\/estee-bade-8073\\\/#breadcrumb\",\"itemListElement\":[{\"@type\":\"ListItem\",\"position\":1,\"name\":\"Home\",\"item\":\"https:\\\/\\\/www.koonings.com\\\/fr\\\/\"},{\"@type\":\"ListItem\",\"position\":2,\"name\":\"Estee Bade 8073\"}]},{\"@type\":\"WebSite\",\"@id\":\"https:\\\/\\\/www.koonings.com\\\/fr\\\/#website\",\"url\":\"https:\\\/\\\/www.koonings.com\\\/fr\\\/\",\"name\":\"Koonings\",\"description\":\"De grootste bruidsmodewinkel ter wereld\",\"publisher\":{\"@id\":\"https:\\\/\\\/www.koonings.com\\\/fr\\\/#organization\"},\"potentialAction\":[{\"@type\":\"SearchAction\",\"target\":{\"@type\":\"EntryPoint\",\"urlTemplate\":\"https:\\\/\\\/www.koonings.com\\\/fr\\\/?s={search_term_string}\"},\"query-input\":{\"@type\":\"PropertyValueSpecification\",\"valueRequired\":true,\"valueName\":\"search_term_string\"}}],\"inLanguage\":\"fr-FR\"},{\"@type\":\"Organization\",\"@id\":\"https:\\\/\\\/www.koonings.com\\\/fr\\\/#organization\",\"name\":\"Koonings\",\"url\":\"https:\\\/\\\/www.koonings.com\\\/fr\\\/\",\"logo\":{\"@type\":\"ImageObject\",\"inLanguage\":\"fr-FR\",\"@id\":\"https:\\\/\\\/www.koonings.com\\\/fr\\\/#\\\/schema\\\/logo\\\/image\\\/\",\"url\":\"https:\\\/\\\/www.koonings.com\\\/wp-content\\\/uploads\\\/2024\\\/07\\\/logo.png\",\"contentUrl\":\"https:\\\/\\\/www.koonings.com\\\/wp-content\\\/uploads\\\/2024\\\/07\\\/logo.png\",\"width\":600,\"height\":428,\"caption\":\"Koonings\"},\"image\":{\"@id\":\"https:\\\/\\\/www.koonings.com\\\/fr\\\/#\\\/schema\\\/logo\\\/image\\\/\"},\"sameAs\":[\"https:\\\/\\\/www.facebook.com\\\/kooningstheweddingpalace\",\"https:\\\/\\\/www.instagram.com\\\/kooningstheweddingpalace\",\"https:\\\/\\\/www.pinterest.com\\\/koonings\",\"https:\\\/\\\/www.youtube.com\\\/kooningstheweddingpalace\"]}]}<\/script>\n<!-- \/ Yoast SEO plugin. -->","yoast_head_json":{"title":"Estee Bade 8073 | Koonings","description":"Robe de mari\u00e9e extravagante en dentelle et tulle luxueux. Tout en glamour, ce corsage en dentelle pr\u00e9sente un d\u00e9collet\u00e9 en V et une \u00e9chancrure ronde dans le dos. La jupe en tulle doux est g\u00e9n\u00e9reusement orn\u00e9e \u00e0 l'ourlet et \u00e0 la taille de luxueuses applications de dentelle. Pour souligner les applications de dentelle \u00e0 la taille, des strass ont \u00e9t\u00e9 sertis sur le dessus pour un effet scintillant.","robots":{"index":"index","follow":"follow","max-snippet":"max-snippet:-1","max-image-preview":"max-image-preview:large","max-video-preview":"max-video-preview:-1"},"canonical":"https:\/\/www.koonings.com\/fr\/product\/estee-bade-8073\/","og_locale":"fr_FR","og_type":"article","og_title":"Estee Bade 8073 | Koonings","og_description":"Robe de mari\u00e9e extravagante en dentelle et tulle luxueux. Tout en glamour, ce corsage en dentelle pr\u00e9sente un d\u00e9collet\u00e9 en V et une \u00e9chancrure ronde dans le dos. La jupe en tulle doux est g\u00e9n\u00e9reusement orn\u00e9e \u00e0 l'ourlet et \u00e0 la taille de luxueuses applications de dentelle. Pour souligner les applications de dentelle \u00e0 la taille, des strass ont \u00e9t\u00e9 sertis sur le dessus pour un effet scintillant.","og_url":"https:\/\/www.koonings.com\/fr\/product\/estee-bade-8073\/","og_site_name":"Koonings","article_publisher":"https:\/\/www.facebook.com\/kooningstheweddingpalace","og_image":[{"width":1583,"height":2241,"url":"https:\/\/www.koonings.com\/wp-content\/uploads\/2024\/11\/30302_6b9b3efd7cafa2ec967e04a02821ceaa7e7ba92775461237e5ba3fc79777616e48dc03ce.jpeg","type":"image\/jpeg"}],"twitter_card":"summary_large_image","schema":{"@context":"https:\/\/schema.org","@graph":[{"@type":"WebPage","@id":"https:\/\/www.koonings.com\/fr\/product\/estee-bade-8073\/","url":"https:\/\/www.koonings.com\/fr\/product\/estee-bade-8073\/","name":"Estee Bade 8073 | Koonings","isPartOf":{"@id":"https:\/\/www.koonings.com\/fr\/#website"},"primaryImageOfPage":{"@id":"https:\/\/www.koonings.com\/fr\/product\/estee-bade-8073\/#primaryimage"},"image":{"@id":"https:\/\/www.koonings.com\/fr\/product\/estee-bade-8073\/#primaryimage"},"thumbnailUrl":"https:\/\/www.koonings.com\/wp-content\/uploads\/2024\/11\/30302_6b9b3efd7cafa2ec967e04a02821ceaa7e7ba92775461237e5ba3fc79777616e48dc03ce.jpeg","datePublished":"2026-04-21T16:06:29+00:00","description":"Robe de mari\u00e9e extravagante en dentelle et tulle luxueux. Tout en glamour, ce corsage en dentelle pr\u00e9sente un d\u00e9collet\u00e9 en V et une \u00e9chancrure ronde dans le dos. La jupe en tulle doux est g\u00e9n\u00e9reusement orn\u00e9e \u00e0 l'ourlet et \u00e0 la taille de luxueuses applications de dentelle. Pour souligner les applications de dentelle \u00e0 la taille, des strass ont \u00e9t\u00e9 sertis sur le dessus pour un effet scintillant.","breadcrumb":{"@id":"https:\/\/www.koonings.com\/fr\/product\/estee-bade-8073\/#breadcrumb"},"inLanguage":"fr-FR","potentialAction":[{"@type":"ReadAction","target":["https:\/\/www.koonings.com\/fr\/product\/estee-bade-8073\/"]}]},{"@type":"ImageObject","inLanguage":"fr-FR","@id":"https:\/\/www.koonings.com\/fr\/product\/estee-bade-8073\/#primaryimage","url":"https:\/\/www.koonings.com\/wp-content\/uploads\/2024\/11\/30302_6b9b3efd7cafa2ec967e04a02821ceaa7e7ba92775461237e5ba3fc79777616e48dc03ce.jpeg","contentUrl":"https:\/\/www.koonings.com\/wp-content\/uploads\/2024\/11\/30302_6b9b3efd7cafa2ec967e04a02821ceaa7e7ba92775461237e5ba3fc79777616e48dc03ce.jpeg","width":1583,"height":2241},{"@type":"BreadcrumbList","@id":"https:\/\/www.koonings.com\/fr\/product\/estee-bade-8073\/#breadcrumb","itemListElement":[{"@type":"ListItem","position":1,"name":"Home","item":"https:\/\/www.koonings.com\/fr\/"},{"@type":"ListItem","position":2,"name":"Estee Bade 8073"}]},{"@type":"WebSite","@id":"https:\/\/www.koonings.com\/fr\/#website","url":"https:\/\/www.koonings.com\/fr\/","name":"Koonings","description":"De grootste bruidsmodewinkel ter wereld","publisher":{"@id":"https:\/\/www.koonings.com\/fr\/#organization"},"potentialAction":[{"@type":"SearchAction","target":{"@type":"EntryPoint","urlTemplate":"https:\/\/www.koonings.com\/fr\/?s={search_term_string}"},"query-input":{"@type":"PropertyValueSpecification","valueRequired":true,"valueName":"search_term_string"}}],"inLanguage":"fr-FR"},{"@type":"Organization","@id":"https:\/\/www.koonings.com\/fr\/#organization","name":"Koonings","url":"https:\/\/www.koonings.com\/fr\/","logo":{"@type":"ImageObject","inLanguage":"fr-FR","@id":"https:\/\/www.koonings.com\/fr\/#\/schema\/logo\/image\/","url":"https:\/\/www.koonings.com\/wp-content\/uploads\/2024\/07\/logo.png","contentUrl":"https:\/\/www.koonings.com\/wp-content\/uploads\/2024\/07\/logo.png","width":600,"height":428,"caption":"Koonings"},"image":{"@id":"https:\/\/www.koonings.com\/fr\/#\/schema\/logo\/image\/"},"sameAs":["https:\/\/www.facebook.com\/kooningstheweddingpalace","https:\/\/www.instagram.com\/kooningstheweddingpalace","https:\/\/www.pinterest.com\/koonings","https:\/\/www.youtube.com\/kooningstheweddingpalace"]}]}},"_links":{"self":[{"href":"https:\/\/www.koonings.com\/fr\/wp-json\/wp\/v2\/product\/32893","targetHints":{"allow":["GET"]}}],"collection":[{"href":"https:\/\/www.koonings.com\/fr\/wp-json\/wp\/v2\/product"}],"about":[{"href":"https:\/\/www.koonings.com\/fr\/wp-json\/wp\/v2\/types\/product"}],"wp:featuredmedia":[{"embeddable":true,"href":"https:\/\/www.koonings.com\/fr\/wp-json\/wp\/v2\/media\/26918"}],"wp:attachment":[{"href":"https:\/\/www.koonings.com\/fr\/wp-json\/wp\/v2\/media?parent=32893"}],"wp:term":[{"taxonomy":"productdetails","embeddable":true,"href":"https:\/\/www.koonings.com\/fr\/wp-json\/wp\/v2\/productdetails?post=32893"},{"taxonomy":"productneck","embeddable":true,"href":"https:\/\/www.koonings.com\/fr\/wp-json\/wp\/v2\/productneck?post=32893"},{"taxonomy":"productcolor","embeddable":true,"href":"https:\/\/www.koonings.com\/fr\/wp-json\/wp\/v2\/productcolor?post=32893"},{"taxonomy":"maat","embeddable":true,"href":"https:\/\/www.koonings.com\/fr\/wp-json\/wp\/v2\/maat?post=32893"},{"taxonomy":"productsupplier","embeddable":true,"href":"https:\/\/www.koonings.com\/fr\/wp-json\/wp\/v2\/productsupplier?post=32893"},{"taxonomy":"productsleeve","embeddable":true,"href":"https:\/\/www.koonings.com\/fr\/wp-json\/wp\/v2\/productsleeve?post=32893"},{"taxonomy":"productcategory","embeddable":true,"href":"https:\/\/www.koonings.com\/fr\/wp-json\/wp\/v2\/productcategory?post=32893"},{"taxonomy":"productsilhouette","embeddable":true,"href":"https:\/\/www.koonings.com\/fr\/wp-json\/wp\/v2\/productsilhouette?post=32893"},{"taxonomy":"productstyle","embeddable":true,"href":"https:\/\/www.koonings.com\/fr\/wp-json\/wp\/v2\/productstyle?post=32893"}],"curies":[{"name":"wp","href":"https:\/\/api.w.org\/{rel}","templated":true}]}}