{"id":32875,"date":"2025-12-15T00:06:59","date_gmt":"2025-12-14T23:06:59","guid":{"rendered":"https:\/\/www.koonings.com\/product\/demetrios-platinum-dp428\/"},"modified":"2026-02-03T17:40:31","modified_gmt":"2026-02-03T16:40:31","slug":"demetrios-platinum-dp428","status":"publish","type":"product","link":"https:\/\/www.koonings.com\/fr\/product\/demetrios-platinum-dp428\/","title":{"rendered":"Demetrios Platinum DP428"},"content":{"rendered":"<p>La belle Camila est \u00e0 couper le souffle. Cette superbe robe de bal pr\u00e9sente un d\u00e9collet\u00e9 en V s\u00e9duisant et un dos \u00e9tonnant avec des accents transparents. Une luxueuse dentelle de Chantilly associ\u00e9e \u00e0 des perles orne l&#8217;ensemble de la robe et se prolonge dans la grande tra\u00eene cath\u00e9drale. Illustration : ivoire\/transparent\/nu\/naturel   <\/p>\n","protected":false},"featured_media":27010,"template":"","meta":{"_acf_changed":false,"ghostkit_customizer_options":"","ghostkit_custom_css":"","ghostkit_custom_js_head":"","ghostkit_custom_js_foot":"","ghostkit_typography":""},"productdetails":[379,376],"productneck":[356],"productcolor":[393],"maat":[],"productsupplier":[403],"productsleeve":[359],"productcategory":[18],"productsilhouette":[388],"productstyle":[372,366],"class_list":["post-32875","product","type-product","status-publish","has-post-thumbnail","hentry","productdetails-379","productdetails-376","productneck-356","productcolor-393","productsupplier-demetrios-platinum","productsleeve-359","productcategory-trouwjurken","productsilhouette-388","productstyle-372","productstyle-366"],"acf":[],"yoast_head":"<!-- This site is optimized with the Yoast SEO plugin v27.3 - https:\/\/yoast.com\/product\/yoast-seo-wordpress\/ -->\n<title>Demetrios Platinum DP428 | Koonings<\/title>\n<meta name=\"description\" content=\"La belle Camila est \u00e0 couper le souffle. Cette superbe robe de bal pr\u00e9sente un d\u00e9collet\u00e9 en V s\u00e9duisant et un dos \u00e9tonnant avec des accents transparents. Une luxueuse dentelle de Chantilly associ\u00e9e \u00e0 des perles orne l&#039;ensemble de la robe et se prolonge dans la grande tra\u00eene cath\u00e9drale. Illustration : ivoire\/transparent\/nu\/naturel\" \/>\n<meta name=\"robots\" content=\"index, follow, max-snippet:-1, max-image-preview:large, max-video-preview:-1\" \/>\n<link rel=\"canonical\" href=\"https:\/\/www.koonings.com\/fr\/product\/demetrios-platinum-dp428\/\" \/>\n<meta property=\"og:locale\" content=\"fr_FR\" \/>\n<meta property=\"og:type\" content=\"article\" \/>\n<meta property=\"og:title\" content=\"Demetrios Platinum DP428 | Koonings\" \/>\n<meta property=\"og:description\" content=\"La belle Camila est \u00e0 couper le souffle. Cette superbe robe de bal pr\u00e9sente un d\u00e9collet\u00e9 en V s\u00e9duisant et un dos \u00e9tonnant avec des accents transparents. Une luxueuse dentelle de Chantilly associ\u00e9e \u00e0 des perles orne l&#039;ensemble de la robe et se prolonge dans la grande tra\u00eene cath\u00e9drale. Illustration : ivoire\/transparent\/nu\/naturel\" \/>\n<meta property=\"og:url\" content=\"https:\/\/www.koonings.com\/fr\/product\/demetrios-platinum-dp428\/\" \/>\n<meta property=\"og:site_name\" content=\"Koonings\" \/>\n<meta property=\"article:publisher\" content=\"https:\/\/www.facebook.com\/kooningstheweddingpalace\" \/>\n<meta property=\"article:modified_time\" content=\"2026-02-03T16:40:31+00:00\" \/>\n<meta property=\"og:image\" content=\"https:\/\/www.koonings.com\/wp-content\/uploads\/2024\/11\/32603_d521066b12ce35f9f0ce00790bb59551e5f94b4cfe02114d77fcaa84823150914698d05a.jpeg\" \/>\n\t<meta property=\"og:image:width\" content=\"1459\" \/>\n\t<meta property=\"og:image:height\" content=\"1575\" \/>\n\t<meta property=\"og:image:type\" content=\"image\/jpeg\" \/>\n<meta name=\"twitter:card\" content=\"summary_large_image\" \/>\n<script type=\"application\/ld+json\" class=\"yoast-schema-graph\">{\"@context\":\"https:\\\/\\\/schema.org\",\"@graph\":[{\"@type\":\"WebPage\",\"@id\":\"https:\\\/\\\/www.koonings.com\\\/fr\\\/product\\\/demetrios-platinum-dp428\\\/\",\"url\":\"https:\\\/\\\/www.koonings.com\\\/fr\\\/product\\\/demetrios-platinum-dp428\\\/\",\"name\":\"Demetrios Platinum DP428 | Koonings\",\"isPartOf\":{\"@id\":\"https:\\\/\\\/www.koonings.com\\\/fr\\\/#website\"},\"primaryImageOfPage\":{\"@id\":\"https:\\\/\\\/www.koonings.com\\\/fr\\\/product\\\/demetrios-platinum-dp428\\\/#primaryimage\"},\"image\":{\"@id\":\"https:\\\/\\\/www.koonings.com\\\/fr\\\/product\\\/demetrios-platinum-dp428\\\/#primaryimage\"},\"thumbnailUrl\":\"https:\\\/\\\/www.koonings.com\\\/wp-content\\\/uploads\\\/2024\\\/11\\\/32603_d521066b12ce35f9f0ce00790bb59551e5f94b4cfe02114d77fcaa84823150914698d05a.jpeg\",\"datePublished\":\"2025-12-14T23:06:59+00:00\",\"dateModified\":\"2026-02-03T16:40:31+00:00\",\"description\":\"La belle Camila est \u00e0 couper le souffle. Cette superbe robe de bal pr\u00e9sente un d\u00e9collet\u00e9 en V s\u00e9duisant et un dos \u00e9tonnant avec des accents transparents. Une luxueuse dentelle de Chantilly associ\u00e9e \u00e0 des perles orne l'ensemble de la robe et se prolonge dans la grande tra\u00eene cath\u00e9drale. Illustration : ivoire\\\/transparent\\\/nu\\\/naturel\",\"breadcrumb\":{\"@id\":\"https:\\\/\\\/www.koonings.com\\\/fr\\\/product\\\/demetrios-platinum-dp428\\\/#breadcrumb\"},\"inLanguage\":\"fr-FR\",\"potentialAction\":[{\"@type\":\"ReadAction\",\"target\":[\"https:\\\/\\\/www.koonings.com\\\/fr\\\/product\\\/demetrios-platinum-dp428\\\/\"]}]},{\"@type\":\"ImageObject\",\"inLanguage\":\"fr-FR\",\"@id\":\"https:\\\/\\\/www.koonings.com\\\/fr\\\/product\\\/demetrios-platinum-dp428\\\/#primaryimage\",\"url\":\"https:\\\/\\\/www.koonings.com\\\/wp-content\\\/uploads\\\/2024\\\/11\\\/32603_d521066b12ce35f9f0ce00790bb59551e5f94b4cfe02114d77fcaa84823150914698d05a.jpeg\",\"contentUrl\":\"https:\\\/\\\/www.koonings.com\\\/wp-content\\\/uploads\\\/2024\\\/11\\\/32603_d521066b12ce35f9f0ce00790bb59551e5f94b4cfe02114d77fcaa84823150914698d05a.jpeg\",\"width\":1459,\"height\":1575},{\"@type\":\"BreadcrumbList\",\"@id\":\"https:\\\/\\\/www.koonings.com\\\/fr\\\/product\\\/demetrios-platinum-dp428\\\/#breadcrumb\",\"itemListElement\":[{\"@type\":\"ListItem\",\"position\":1,\"name\":\"Home\",\"item\":\"https:\\\/\\\/www.koonings.com\\\/fr\\\/\"},{\"@type\":\"ListItem\",\"position\":2,\"name\":\"Demetrios Platinum DP428\"}]},{\"@type\":\"WebSite\",\"@id\":\"https:\\\/\\\/www.koonings.com\\\/fr\\\/#website\",\"url\":\"https:\\\/\\\/www.koonings.com\\\/fr\\\/\",\"name\":\"Koonings\",\"description\":\"De grootste bruidsmodewinkel ter wereld\",\"publisher\":{\"@id\":\"https:\\\/\\\/www.koonings.com\\\/fr\\\/#organization\"},\"potentialAction\":[{\"@type\":\"SearchAction\",\"target\":{\"@type\":\"EntryPoint\",\"urlTemplate\":\"https:\\\/\\\/www.koonings.com\\\/fr\\\/?s={search_term_string}\"},\"query-input\":{\"@type\":\"PropertyValueSpecification\",\"valueRequired\":true,\"valueName\":\"search_term_string\"}}],\"inLanguage\":\"fr-FR\"},{\"@type\":\"Organization\",\"@id\":\"https:\\\/\\\/www.koonings.com\\\/fr\\\/#organization\",\"name\":\"Koonings\",\"url\":\"https:\\\/\\\/www.koonings.com\\\/fr\\\/\",\"logo\":{\"@type\":\"ImageObject\",\"inLanguage\":\"fr-FR\",\"@id\":\"https:\\\/\\\/www.koonings.com\\\/fr\\\/#\\\/schema\\\/logo\\\/image\\\/\",\"url\":\"https:\\\/\\\/www.koonings.com\\\/wp-content\\\/uploads\\\/2024\\\/07\\\/logo.png\",\"contentUrl\":\"https:\\\/\\\/www.koonings.com\\\/wp-content\\\/uploads\\\/2024\\\/07\\\/logo.png\",\"width\":600,\"height\":428,\"caption\":\"Koonings\"},\"image\":{\"@id\":\"https:\\\/\\\/www.koonings.com\\\/fr\\\/#\\\/schema\\\/logo\\\/image\\\/\"},\"sameAs\":[\"https:\\\/\\\/www.facebook.com\\\/kooningstheweddingpalace\",\"https:\\\/\\\/www.instagram.com\\\/kooningstheweddingpalace\",\"https:\\\/\\\/www.pinterest.com\\\/koonings\",\"https:\\\/\\\/www.youtube.com\\\/kooningstheweddingpalace\"]}]}<\/script>\n<!-- \/ Yoast SEO plugin. -->","yoast_head_json":{"title":"Demetrios Platinum DP428 | Koonings","description":"La belle Camila est \u00e0 couper le souffle. Cette superbe robe de bal pr\u00e9sente un d\u00e9collet\u00e9 en V s\u00e9duisant et un dos \u00e9tonnant avec des accents transparents. Une luxueuse dentelle de Chantilly associ\u00e9e \u00e0 des perles orne l'ensemble de la robe et se prolonge dans la grande tra\u00eene cath\u00e9drale. Illustration : ivoire\/transparent\/nu\/naturel","robots":{"index":"index","follow":"follow","max-snippet":"max-snippet:-1","max-image-preview":"max-image-preview:large","max-video-preview":"max-video-preview:-1"},"canonical":"https:\/\/www.koonings.com\/fr\/product\/demetrios-platinum-dp428\/","og_locale":"fr_FR","og_type":"article","og_title":"Demetrios Platinum DP428 | Koonings","og_description":"La belle Camila est \u00e0 couper le souffle. Cette superbe robe de bal pr\u00e9sente un d\u00e9collet\u00e9 en V s\u00e9duisant et un dos \u00e9tonnant avec des accents transparents. Une luxueuse dentelle de Chantilly associ\u00e9e \u00e0 des perles orne l'ensemble de la robe et se prolonge dans la grande tra\u00eene cath\u00e9drale. Illustration : ivoire\/transparent\/nu\/naturel","og_url":"https:\/\/www.koonings.com\/fr\/product\/demetrios-platinum-dp428\/","og_site_name":"Koonings","article_publisher":"https:\/\/www.facebook.com\/kooningstheweddingpalace","article_modified_time":"2026-02-03T16:40:31+00:00","og_image":[{"width":1459,"height":1575,"url":"https:\/\/www.koonings.com\/wp-content\/uploads\/2024\/11\/32603_d521066b12ce35f9f0ce00790bb59551e5f94b4cfe02114d77fcaa84823150914698d05a.jpeg","type":"image\/jpeg"}],"twitter_card":"summary_large_image","schema":{"@context":"https:\/\/schema.org","@graph":[{"@type":"WebPage","@id":"https:\/\/www.koonings.com\/fr\/product\/demetrios-platinum-dp428\/","url":"https:\/\/www.koonings.com\/fr\/product\/demetrios-platinum-dp428\/","name":"Demetrios Platinum DP428 | Koonings","isPartOf":{"@id":"https:\/\/www.koonings.com\/fr\/#website"},"primaryImageOfPage":{"@id":"https:\/\/www.koonings.com\/fr\/product\/demetrios-platinum-dp428\/#primaryimage"},"image":{"@id":"https:\/\/www.koonings.com\/fr\/product\/demetrios-platinum-dp428\/#primaryimage"},"thumbnailUrl":"https:\/\/www.koonings.com\/wp-content\/uploads\/2024\/11\/32603_d521066b12ce35f9f0ce00790bb59551e5f94b4cfe02114d77fcaa84823150914698d05a.jpeg","datePublished":"2025-12-14T23:06:59+00:00","dateModified":"2026-02-03T16:40:31+00:00","description":"La belle Camila est \u00e0 couper le souffle. Cette superbe robe de bal pr\u00e9sente un d\u00e9collet\u00e9 en V s\u00e9duisant et un dos \u00e9tonnant avec des accents transparents. Une luxueuse dentelle de Chantilly associ\u00e9e \u00e0 des perles orne l'ensemble de la robe et se prolonge dans la grande tra\u00eene cath\u00e9drale. Illustration : ivoire\/transparent\/nu\/naturel","breadcrumb":{"@id":"https:\/\/www.koonings.com\/fr\/product\/demetrios-platinum-dp428\/#breadcrumb"},"inLanguage":"fr-FR","potentialAction":[{"@type":"ReadAction","target":["https:\/\/www.koonings.com\/fr\/product\/demetrios-platinum-dp428\/"]}]},{"@type":"ImageObject","inLanguage":"fr-FR","@id":"https:\/\/www.koonings.com\/fr\/product\/demetrios-platinum-dp428\/#primaryimage","url":"https:\/\/www.koonings.com\/wp-content\/uploads\/2024\/11\/32603_d521066b12ce35f9f0ce00790bb59551e5f94b4cfe02114d77fcaa84823150914698d05a.jpeg","contentUrl":"https:\/\/www.koonings.com\/wp-content\/uploads\/2024\/11\/32603_d521066b12ce35f9f0ce00790bb59551e5f94b4cfe02114d77fcaa84823150914698d05a.jpeg","width":1459,"height":1575},{"@type":"BreadcrumbList","@id":"https:\/\/www.koonings.com\/fr\/product\/demetrios-platinum-dp428\/#breadcrumb","itemListElement":[{"@type":"ListItem","position":1,"name":"Home","item":"https:\/\/www.koonings.com\/fr\/"},{"@type":"ListItem","position":2,"name":"Demetrios Platinum DP428"}]},{"@type":"WebSite","@id":"https:\/\/www.koonings.com\/fr\/#website","url":"https:\/\/www.koonings.com\/fr\/","name":"Koonings","description":"De grootste bruidsmodewinkel ter wereld","publisher":{"@id":"https:\/\/www.koonings.com\/fr\/#organization"},"potentialAction":[{"@type":"SearchAction","target":{"@type":"EntryPoint","urlTemplate":"https:\/\/www.koonings.com\/fr\/?s={search_term_string}"},"query-input":{"@type":"PropertyValueSpecification","valueRequired":true,"valueName":"search_term_string"}}],"inLanguage":"fr-FR"},{"@type":"Organization","@id":"https:\/\/www.koonings.com\/fr\/#organization","name":"Koonings","url":"https:\/\/www.koonings.com\/fr\/","logo":{"@type":"ImageObject","inLanguage":"fr-FR","@id":"https:\/\/www.koonings.com\/fr\/#\/schema\/logo\/image\/","url":"https:\/\/www.koonings.com\/wp-content\/uploads\/2024\/07\/logo.png","contentUrl":"https:\/\/www.koonings.com\/wp-content\/uploads\/2024\/07\/logo.png","width":600,"height":428,"caption":"Koonings"},"image":{"@id":"https:\/\/www.koonings.com\/fr\/#\/schema\/logo\/image\/"},"sameAs":["https:\/\/www.facebook.com\/kooningstheweddingpalace","https:\/\/www.instagram.com\/kooningstheweddingpalace","https:\/\/www.pinterest.com\/koonings","https:\/\/www.youtube.com\/kooningstheweddingpalace"]}]}},"_links":{"self":[{"href":"https:\/\/www.koonings.com\/fr\/wp-json\/wp\/v2\/product\/32875","targetHints":{"allow":["GET"]}}],"collection":[{"href":"https:\/\/www.koonings.com\/fr\/wp-json\/wp\/v2\/product"}],"about":[{"href":"https:\/\/www.koonings.com\/fr\/wp-json\/wp\/v2\/types\/product"}],"wp:featuredmedia":[{"embeddable":true,"href":"https:\/\/www.koonings.com\/fr\/wp-json\/wp\/v2\/media\/27010"}],"wp:attachment":[{"href":"https:\/\/www.koonings.com\/fr\/wp-json\/wp\/v2\/media?parent=32875"}],"wp:term":[{"taxonomy":"productdetails","embeddable":true,"href":"https:\/\/www.koonings.com\/fr\/wp-json\/wp\/v2\/productdetails?post=32875"},{"taxonomy":"productneck","embeddable":true,"href":"https:\/\/www.koonings.com\/fr\/wp-json\/wp\/v2\/productneck?post=32875"},{"taxonomy":"productcolor","embeddable":true,"href":"https:\/\/www.koonings.com\/fr\/wp-json\/wp\/v2\/productcolor?post=32875"},{"taxonomy":"maat","embeddable":true,"href":"https:\/\/www.koonings.com\/fr\/wp-json\/wp\/v2\/maat?post=32875"},{"taxonomy":"productsupplier","embeddable":true,"href":"https:\/\/www.koonings.com\/fr\/wp-json\/wp\/v2\/productsupplier?post=32875"},{"taxonomy":"productsleeve","embeddable":true,"href":"https:\/\/www.koonings.com\/fr\/wp-json\/wp\/v2\/productsleeve?post=32875"},{"taxonomy":"productcategory","embeddable":true,"href":"https:\/\/www.koonings.com\/fr\/wp-json\/wp\/v2\/productcategory?post=32875"},{"taxonomy":"productsilhouette","embeddable":true,"href":"https:\/\/www.koonings.com\/fr\/wp-json\/wp\/v2\/productsilhouette?post=32875"},{"taxonomy":"productstyle","embeddable":true,"href":"https:\/\/www.koonings.com\/fr\/wp-json\/wp\/v2\/productstyle?post=32875"}],"curies":[{"name":"wp","href":"https:\/\/api.w.org\/{rel}","templated":true}]}}